{"id":24986,"date":"2025-03-11T05:32:09","date_gmt":"2025-03-11T05:32:09","guid":{"rendered":"https:\/\/elfsight.com\/de\/?page_id=24986"},"modified":"2025-07-10T08:37:27","modified_gmt":"2025-07-10T08:37:27","slug":"jimdo","status":"publish","type":"page","link":"https:\/\/elfsight.com\/de\/timeline-widget\/jimdo\/","title":{"rendered":"Timeline &#8211; Jimdo"},"content":{"rendered":"<div class=\"application-platform-content-item-description application-platform-content-item\" id=\"description\" data-nav-section=\"description\"><h2>Jimdo-Timeline-Plugin<\/h2> <p>Verwandeln Sie Ihre Jimdo-Website mit einer visuell ansprechenden, interaktiven Timeline, die Ihre Meilensteine, Schl\u00fcsselereignisse oder Projektphasen pr\u00e4sentiert. Mit dem Timeline-Widget von Elfsight k\u00f6nnen Sie ganz einfach eine dynamische, vollst\u00e4ndig anpassbare Timeline erstellen, f\u00fcr die keine Programmierkenntnisse erforderlich sind. Egal, ob Sie die Geschichte Ihres Unternehmens pr\u00e4sentieren, die Phasen eines Projekts verfolgen oder die Produktentwicklung hervorheben, mit diesem Plugin k\u00f6nnen Sie eine einzigartige Zeitleiste erstellen, die Ihren Anforderungen entspricht und Ihre Besucher fesselt.<\/p> <ul> <li><b>Erstellen Sie interaktive Zeitleisten ohne Code<\/b><br> Entwerfen und starten Sie eine voll funktionsf\u00e4hige Zeitleiste in nur wenigen Minuten, ohne dass Programmierkenntnisse erforderlich sind. Fangen Sie sofort an, Ihre Besucher mit einem interaktiven, dynamischen Erlebnis zu begeistern.<\/li> <li><b>Erweiterte Anpassungsoptionen<\/b><br> Passen Sie jeden Aspekt Ihrer Timeline an, einschlie\u00dflich Layouts, Farben, Schriftarten und Einstellungen, um sicherzustellen, dass sie dem Erscheinungsbild Ihrer Website entspricht.<\/li> <li><b>Nahtloser Einbettungsprozess<\/b><br> Betten Sie Ihre personalisierte Timeline mit einem einfachen HTML-Einbettungscode in Ihre Jimdo-Website ein, ohne dass technische Herausforderungen erforderlich sind.<\/li> <li><b>Responsiver Kundensupport<\/b><br> Unser engagiertes Support-Team steht Ihnen bei der Einrichtung zur Seite und stellt sicher, dass Ihre Zeitleiste auf Ihrer Website reibungslos funktioniert.<\/li> <\/ul> <p><b>Beginnen Sie mit der Nutzung des Zeitleisten-Widgets von Elfsight, um Ihre Besucher anzusprechen und Ihre wichtigen Meilensteine \u200b\u200bauf visuell ansprechende Weise zu pr\u00e4sentieren!<\/b><\/p> <\/div><div class=\"application-platform-content-item-features application-platform-content-item\" id=\"features\" data-nav-section=\"features\"><h2>Was Sie mit Jimdo Timeline machen k\u00f6nnen<\/h2> <ul> <li><strong>Fesseln Sie Ihr Publikum visuell<\/strong><br> Fesseln Sie die Aufmerksamkeit Ihrer Besucher, indem Sie Ihre Zeitleiste und Meilensteine \u200b\u200bin einem dynamischen, interaktiven Format pr\u00e4sentieren, das zum Erkunden und Engagement anregt.<\/li> <li><strong>Pr\u00e4sentieren Sie Fortschritte und Ereignisse<\/strong><br> Zeigen Sie Ihre wichtigsten Meilensteine \u200b\u200boder Projektphasen in chronologischer Reihenfolge an, damit Ihre Besucher Ihre Reise einfacher verfolgen und dar\u00fcber informiert bleiben k\u00f6nnen Ihren Fortschritt.<\/li> <li><strong>Heben Sie wichtige Erfolge hervor<\/strong><br> Betonen Sie besonders Ihre wichtigsten Erfolge oder Meilensteine \u200b\u200bund zeigen Sie sie in einem klaren und optisch ansprechenden Format an, das ins Auge f\u00e4llt.<\/li> <\/ul> <p><a href=\"#demo\">Probieren Sie den Editor aus, um die volle Funktionalit\u00e4t des Zeitleisten-Widgets zu erleben.<\/a><\/p> <\/div><div class=\"application-platform-content-item-installation application-platform-content-item\" id=\"installation\" data-nav-section=\"installation\"><h2>So betten Sie eine Timeline auf Jimdo ein<\/h2> <p>Das Hinzuf\u00fcgen einer Timeline zu Ihrer Jimdo-Site ist schnell und einfach, es sind keine Programmierkenntnisse erforderlich. Befolgen Sie einfach diese Schritte:<\/p> <ol> <li><b>Erstellen Sie Ihre benutzerdefinierte Zeitleiste<\/b><br> W\u00e4hlen Sie ein Design aus dem Editor und personalisieren Sie es entsprechend dem Thema Ihrer Website. Sie k\u00f6nnen das Layout, die Farben und Schriftarten an Ihr Branding anpassen.<\/li> <li><b>Holen Sie sich Ihren einzigartigen Einbettungscode<\/b><br> Sobald Ihre Timeline angepasst ist, erhalten Sie einen einzigartigen HTML-Code. Kopieren Sie diesen Code, um ihn sp\u00e4ter zu verwenden.<\/li> <li><b>Betten Sie den Code in Ihre Jimdo-Website ein<\/b><br> F\u00fcgen Sie den Einbettungscode in den entsprechenden Bereich Ihrer Jimdo-Website ein und speichern Sie Ihre \u00c4nderungen. Ihre interaktive Zeitleiste wird live sein!<\/li> <li><b>Viel Spa\u00df mit Ihrer interaktiven Zeitleiste!<\/b><br> Gehen Sie auf Ihre Website und sehen Sie Ihre Zeitleiste in Aktion \u2013 so fesseln Sie Ihre Besucher auf visuell dynamische Weise.<\/li> <\/ol> <p>Ausf\u00fchrlichere Anweisungen finden Sie in unserem Leitfaden unter <a href=\"https:\/\/elfsight.com\/blog\/how-to-embed-timeline-to-website\/\" target=\"_blank\" rel=\"noopener\">So f\u00fcgen Sie Ihrer Website eine Timeline hinzu<\/a>.<\/p> <\/div><div class=\"faq\" data-component=\"FAQ\"><div class=\"faq-item\">\r\n\t\t\t\t\t<div class=\"faq-item-question\">\r\n\t\t\t\t\t\t<h3 class=\"faq-item-question-text\"><\/h3>\r\n\r\n\t\t\t\t\t\t<div class=\"faq-item-question-icon\"><\/div>\r\n\t\t\t\t\t<\/div>\r\n\r\n\t\t\t\t\t<div class=\"faq-item-answer\">\r\n\t\t\t\t\t\t<div class=\"faq-item-answer-text\">Ja, Elfsight bietet einen kostenlosen Plan f\u00fcr das Timeline-Widget an, der Ihnen Zugriff auf grundlegende Funktionen bietet. F\u00fcr zus\u00e4tzliche Anpassungen und erweiterte Optionen k\u00f6nnen Sie auf einen kostenpflichtigen Plan upgraden.<\/div>\r\n\t\t\t\t\t<\/div>\r\n\t\t\t\t<\/div><div class=\"faq-item\">\r\n\t\t\t\t\t<div class=\"faq-item-question\">\r\n\t\t\t\t\t\t<h3 class=\"faq-item-question-text\">Ben\u00f6tige ich Programmierkenntnisse, um das Timeline-Widget zu verwenden?<\/h3>\r\n\r\n\t\t\t\t\t\t<div class=\"faq-item-question-icon\"><\/div>\r\n\t\t\t\t\t<\/div>\r\n\r\n\t\t\t\t\t<div class=\"faq-item-answer\">\r\n\t\t\t\t\t\t<div class=\"faq-item-answer-text\">Nein, das Timeline-Plugin von Elfsight f\u00fcr Jimdo erfordert keine Programmierkenntnisse. Mit unserem intuitiven Editor k\u00f6nnen Sie Ihre Zeitleiste ganz einfach anpassen und einbetten.<\/div>\r\n\t\t\t\t\t<\/div>\r\n\t\t\t\t<\/div><div class=\"faq-item\">\r\n\t\t\t\t\t<div class=\"faq-item-question\">\r\n\t\t\t\t\t\t<h3 class=\"faq-item-question-text\">Wie kann ich eine interaktive Zeitleiste f\u00fcr Jimdo erstellen?<\/h3>\r\n\r\n\t\t\t\t\t\t<div class=\"faq-item-question-icon\"><\/div>\r\n\t\t\t\t\t<\/div>\r\n\r\n\t\t\t\t\t<div class=\"faq-item-answer\">\r\n\t\t\t\t\t\t<div class=\"faq-item-answer-text\">W\u00e4hlen Sie eine Vorlage aus dem Editor aus, personalisieren Sie sie entsprechend Ihren Anforderungen und betten Sie dann den bereitgestellten HTML-Code in Ihre Jimdo-Website ein.<\/div>\r\n\t\t\t\t\t<\/div>\r\n\t\t\t\t<\/div><div class=\"faq-item\">\r\n\t\t\t\t\t<div class=\"faq-item-question\">\r\n\t\t\t\t\t\t<h3 class=\"faq-item-question-text\"><\/h3>\r\n\r\n\t\t\t\t\t\t<div class=\"faq-item-question-icon\"><\/div>\r\n\t\t\t\t\t<\/div>\r\n\r\n\t\t\t\t\t<div class=\"faq-item-answer\">\r\n\t\t\t\t\t\t<div class=\"faq-item-answer-text\">Sie k\u00f6nnen verschiedene Arten von Zeitleisten f\u00fcr Ihre Jimdo-Website erstellen, z als:<ul> <li><strong>Unternehmensgeschichte<\/strong>: Zeigen Sie die Entwicklung Ihres Unternehmens und wichtige Meilensteine \u200b\u200ban.<\/li> <li><strong>Projektzeitleiste<\/strong>: Pr\u00e4sentieren Sie die Phasen und den Fortschritt Ihrer laufenden oder abgeschlossenen Projekte.<\/li> <li><strong>Produktentwicklung<\/strong>: Veranschaulichen Sie die Reise Ihres Produkts vom Konzept bis zur Markteinf\u00fchrung.<\/li> <li><strong>Veranstaltungspl\u00e4ne<\/strong>: Pr\u00e4sentieren Sie Zeitpl\u00e4ne f\u00fcr Veranstaltungen, Konferenzen oder Produkteinf\u00fchrungen in einer leicht verst\u00e4ndlichen Form Format.<\/li> <\/ul> <\/div>\r\n\t\t\t\t\t<\/div>\r\n\t\t\t\t<\/div> <\/div>","protected":false},"excerpt":{"rendered":"","protected":false},"author":9,"featured_media":0,"parent":24929,"menu_order":0,"comment_status":"closed","ping_status":"closed","template":"templates\/template-application-platform.php","meta":{"publish_to_discourse":"","publish_post_category":"","wpdc_auto_publish_overridden":"","wpdc_topic_tags":"","wpdc_pin_topic":"","wpdc_pin_until":"","discourse_post_id":"","discourse_permalink":"","wpdc_publishing_response":"","wpdc_publishing_error":"","footnotes":""},"class_list":["post-24986","page","type-page","status-publish","hentry"],"yoast_head":"<!-- This site is optimized with the Yoast SEO plugin v25.3.1 - https:\/\/yoast.com\/wordpress\/plugins\/seo\/ -->\n<title>Zeitleisten-Widget \u2013 F\u00fcgen Sie Jimdo eine interaktive Verlaufszeile hinzu (kostenlos)<\/title>\n<meta name=\"description\" content=\"Werten Sie Ihre Jimdo-Website mit einer anpassbaren Zeitleiste auf. Pr\u00e4sentieren Sie Meilensteine, Ereignisse und Fortschritte mit dem benutzerfreundlichen Zeitleisten-Widget von Elfsight.\" \/>\n<meta name=\"robots\" content=\"index, follow, max-snippet:-1, max-image-preview:large, max-video-preview:-1\" \/>\n<link rel=\"canonical\" href=\"https:\/\/elfsight.com\/de\/timeline-widget\/jimdo\/\" \/>\n<meta property=\"og:locale\" content=\"de_DE\" \/>\n<meta property=\"og:type\" content=\"article\" \/>\n<meta property=\"og:title\" content=\"Zeitleisten-Widget \u2013 F\u00fcgen Sie Jimdo eine interaktive Verlaufszeile hinzu (kostenlos)\" \/>\n<meta property=\"og:description\" content=\"Werten Sie Ihre Jimdo-Website mit einer anpassbaren Zeitleiste auf. Pr\u00e4sentieren Sie Meilensteine, Ereignisse und Fortschritte mit dem benutzerfreundlichen Zeitleisten-Widget von Elfsight.\" \/>\n<meta property=\"og:url\" content=\"https:\/\/elfsight.com\/de\/timeline-widget\/jimdo\/\" \/>\n<meta property=\"og:site_name\" content=\"Elfsight DE\" \/>\n<meta property=\"article:modified_time\" content=\"2025-07-10T08:37:27+00:00\" \/>\n<meta name=\"twitter:card\" content=\"summary_large_image\" \/>\n<meta name=\"twitter:label1\" content=\"Gesch\u00e4tzte Lesezeit\" \/>\n\t<meta name=\"twitter:data1\" content=\"4\u00a0Minuten\" \/>\n<!-- \/ Yoast SEO plugin. -->","yoast_head_json":{"title":"Zeitleisten-Widget \u2013 F\u00fcgen Sie Jimdo eine interaktive Verlaufszeile hinzu (kostenlos)","description":"Werten Sie Ihre Jimdo-Website mit einer anpassbaren Zeitleiste auf. Pr\u00e4sentieren Sie Meilensteine, Ereignisse und Fortschritte mit dem benutzerfreundlichen Zeitleisten-Widget von Elfsight.","robots":{"index":"index","follow":"follow","max-snippet":"max-snippet:-1","max-image-preview":"max-image-preview:large","max-video-preview":"max-video-preview:-1"},"canonical":"https:\/\/elfsight.com\/de\/timeline-widget\/jimdo\/","og_locale":"de_DE","og_type":"article","og_title":"Zeitleisten-Widget \u2013 F\u00fcgen Sie Jimdo eine interaktive Verlaufszeile hinzu (kostenlos)","og_description":"Werten Sie Ihre Jimdo-Website mit einer anpassbaren Zeitleiste auf. Pr\u00e4sentieren Sie Meilensteine, Ereignisse und Fortschritte mit dem benutzerfreundlichen Zeitleisten-Widget von Elfsight.","og_url":"https:\/\/elfsight.com\/de\/timeline-widget\/jimdo\/","og_site_name":"Elfsight DE","article_modified_time":"2025-07-10T08:37:27+00:00","twitter_card":"summary_large_image","twitter_misc":{"Gesch\u00e4tzte Lesezeit":"4\u00a0Minuten"},"schema":{"@context":"https:\/\/schema.org","@graph":[{"@type":"WebPage","@id":"https:\/\/elfsight.com\/de\/timeline-widget\/jimdo\/","url":"https:\/\/elfsight.com\/de\/timeline-widget\/jimdo\/","name":"Zeitleisten-Widget \u2013 F\u00fcgen Sie Jimdo eine interaktive Verlaufszeile hinzu (kostenlos)","isPartOf":{"@id":"https:\/\/elfsight.com\/de\/#website"},"datePublished":"2025-03-11T05:32:09+00:00","dateModified":"2025-07-10T08:37:27+00:00","description":"Werten Sie Ihre Jimdo-Website mit einer anpassbaren Zeitleiste auf. Pr\u00e4sentieren Sie Meilensteine, Ereignisse und Fortschritte mit dem benutzerfreundlichen Zeitleisten-Widget von Elfsight.","breadcrumb":{"@id":"https:\/\/elfsight.com\/de\/timeline-widget\/jimdo\/#breadcrumb"},"inLanguage":"de","potentialAction":[{"@type":"ReadAction","target":["https:\/\/elfsight.com\/de\/timeline-widget\/jimdo\/"]}]},{"@type":"BreadcrumbList","@id":"https:\/\/elfsight.com\/de\/timeline-widget\/jimdo\/#breadcrumb","itemListElement":[{"@type":"ListItem","position":1,"name":"Home","item":"https:\/\/elfsight.com\/de\/"},{"@type":"ListItem","position":2,"name":"Timeline","item":"https:\/\/elfsight.com\/de\/timeline-widget\/"},{"@type":"ListItem","position":3,"name":"Timeline &#8211; Jimdo"}]},{"@type":"WebSite","@id":"https:\/\/elfsight.com\/de\/#website","url":"https:\/\/elfsight.com\/de\/","name":"Elfsight DE","description":"Just another Elfsight Sites site","potentialAction":[{"@type":"SearchAction","target":{"@type":"EntryPoint","urlTemplate":"https:\/\/elfsight.com\/de\/?s={search_term_string}"},"query-input":{"@type":"PropertyValueSpecification","valueRequired":true,"valueName":"search_term_string"}}],"inLanguage":"de"}]}},"meta_box":{"industry":"","seo_heading":"","heading":"","description":"","cta_heading":"","cta_description":"","application":"24928","h1":"Timeline-Widget f\u00fcr Jimdo","h1_caption":"Zeigen Sie eine Zeitleiste mit Ereignissen an, um Ihre Geschichte zu erz\u00e4hlen, den Projektfortschritt oder wichtige Meilensteine \u200b\u200bauf visuell ansprechende Weise darzustellen","application_category":[],"applications_title":"","applications_request_title":"","applications_request_button_text":"","hero_text":"","hero_video":"","hero_video_schema_markup":"","selling_points_title":"","selling_points_caption":"","selling_points":[],"selling_points_cta_text":"","features_title":"","features":"","ed_cta_examples_text":"","ed_cta_examples_hidden":"","ed_cta_demo_text":"","ed_cta_demo_hidden":"","why_caption":"","why_editor_title":"","why_editor_text":"","why_team_title":"","why_team_text":"","why_service_title":"","why_service_text":"","template_catalog_visible":"0","template_catalog_title":"","template_catalog_text":"","template_catalog_categories_visible":"","demo_title":"Erstellen Sie Ihr Jimdo-Timeline-Widget","demo_caption":"Passen Sie Ihre Zeitleiste an und f\u00fcgen Sie sie ganz einfach zu Ihrer Website hinzu!","default_faq_hidden":"","app_template_category":[],"platform":"239","template_public_id":"","codecanyon_url":"","codecanyon_item_id":"","codecanyon_price":"","pricing_caption":"","pricing_elfsight_apps_hide_column":"","pricing_elfsight_apps_url":"","pricing_codecanyon_price_caption":"","integration_category":[],"integration_request_title":"","integration_request_cta":"","integration_platform":"","integrations":[],"platform_category":[],"video_schema_markup":"","price":"ab 0 $ \/ Monat","trial":"","benefits":[],"button_url":"#demo","button_target_blank":"0","button_nofollow":"0","attributes":[{"name":"Installiert","content":"50,000 - 100,000","_state":"expanded"},{"name":"Reaktionsfreudig","content":"Ja","_state":"expanded"},{"name":"Kompatible Browser","content":"Firefox, Safari, Opera, Chrome, Edge","_state":"expanded"}],"tags":[],"tags_disable_links":"0","hide_more_platforms":"0","video_object":"","demo_hide_cta":"0","demo_hide_cloud_options":"0","pricing_title":"","pricing":[{"pricing_icon":"platform","pricing_title":"Elfsight Apps","pricing_title_caption":"Plattform\u00fcbergreifende Software, die f\u00fcr jede Website geeignet ist","pricing_price":"ab 0 $ \/ Monat","pricing_price_caption":"Beginnen Sie mit einem kostenlosen Plan","pricing_benefits":[{"text":"Unbegrenzte Websites"},{"text":"Kostenloser und p\u00fcnktlicher Support"},{"text":"Kostenlose Installationshilfe"},{"text":"Flexibles Design"}],"pricing_button_text":"Zur Website hinzuf\u00fcgen","pricing_button_url":"#demo"}],"related_apps_title":"","related_apps_hidden":"0","author":"","image":[],"title":"","job":"","social_networks":[]},"_links":{"self":[{"href":"https:\/\/elfsight.com\/de\/wp-json\/wp\/v2\/pages\/24986","targetHints":{"allow":["GET"]}}],"collection":[{"href":"https:\/\/elfsight.com\/de\/wp-json\/wp\/v2\/pages"}],"about":[{"href":"https:\/\/elfsight.com\/de\/wp-json\/wp\/v2\/types\/page"}],"author":[{"embeddable":true,"href":"https:\/\/elfsight.com\/de\/wp-json\/wp\/v2\/users\/9"}],"replies":[{"embeddable":true,"href":"https:\/\/elfsight.com\/de\/wp-json\/wp\/v2\/comments?post=24986"}],"version-history":[{"count":3,"href":"https:\/\/elfsight.com\/de\/wp-json\/wp\/v2\/pages\/24986\/revisions"}],"predecessor-version":[{"id":25329,"href":"https:\/\/elfsight.com\/de\/wp-json\/wp\/v2\/pages\/24986\/revisions\/25329"}],"up":[{"embeddable":true,"href":"https:\/\/elfsight.com\/de\/wp-json\/wp\/v2\/pages\/24929"}],"wp:attachment":[{"href":"https:\/\/elfsight.com\/de\/wp-json\/wp\/v2\/media?parent=24986"}],"curies":[{"name":"wp","href":"https:\/\/api.w.org\/{rel}","templated":true}]}}