{"id":24985,"date":"2025-03-11T05:57:13","date_gmt":"2025-03-11T05:57:13","guid":{"rendered":"https:\/\/elfsight.com\/de\/?page_id=24985"},"modified":"2025-07-10T08:37:51","modified_gmt":"2025-07-10T08:37:51","slug":"jquery","status":"publish","type":"page","link":"https:\/\/elfsight.com\/de\/timeline-widget\/jquery\/","title":{"rendered":"Timeline &#8211; jQuery"},"content":{"rendered":"<div class=\"application-platform-content-item-description application-platform-content-item\" id=\"description\" data-nav-section=\"description\"><h2>jQuery Timeline Plugin<\/h2> <p>Werten Sie Ihre Website mit einer beeindruckenden, interaktiven Zeitleiste auf, die Ihre wichtigsten Meilensteine, Fortschritte oder Projektphasen anzeigt. Mit dem jQuery-Timeline-Widget von Elfsight k\u00f6nnen Sie schnell eine reaktionsf\u00e4hige und anpassbare Timeline erstellen, die perfekt zum Erscheinungsbild Ihrer Website passt \u2013 keine Programmierkenntnisse erforderlich. Egal, ob Sie die Geschichte Ihres Unternehmens pr\u00e4sentieren, eine Produktentwicklungsreise detailliert beschreiben oder die Phasen eines Projekts verfolgen, mit diesem Plugin k\u00f6nnen Sie ein ma\u00dfgeschneidertes, visuell ansprechendes Erlebnis f\u00fcr Ihre Besucher schaffen.<\/p> <ul> <li><b>Erstellen Sie interaktive Zeitleisten ohne Codierung<\/b><br> Erstellen Sie mit unserem benutzerfreundlichen Editor in nur wenigen Minuten eine vollst\u00e4ndig interaktive Zeitleiste \u2013 keine technischen Kenntnisse erforderlich. Fangen Sie sofort an, Ihre Besucher mit einem dynamischen Erlebnis zu begeistern.<\/li> <li><b>Flexible Anpassungsoptionen<\/b><br> Personalisieren Sie das Layout, die Farben, Schriftarten und mehr, um sicherzustellen, dass Ihre Zeitleiste das Design und Branding Ihrer Website erg\u00e4nzt.<\/li> <li><b>Einfacher Einbettungsprozess<\/b><br> Betten Sie Ihre benutzerdefinierte Zeitleiste mit einem einfachen HTML-Einbettungscode nahtlos in Ihre jQuery-Website ein, ohne Programmierprobleme.<\/li> <li><b>Responsiver Kunde Support<\/b><br> Unser Expertenteam steht Ihnen jederzeit zur Verf\u00fcgung und stellt sicher, dass Ihr Timeline-Widget perfekt auf Ihrer Website funktioniert.<\/li> <\/ul> <p><b>Testen Sie noch heute das Timeline-Widget von Elfsight, um Ihre wichtigsten Ereignisse und Meilensteine \u200b\u200bauf dynamische und ansprechende Weise visuell darzustellen!<\/b><\/p> <\/div><div class=\"application-platform-content-item-features application-platform-content-item\" id=\"features\" data-nav-section=\"features\"><h2>Was Sie mit jQuery tun k\u00f6nnen Zeitleiste<\/h2> <ul> <li><strong>Fesseln Sie Ihre Besucher visuell<\/strong><br> Fesseln Sie Ihr Publikum, indem Sie Ihre Zeitleiste in einem \u00fcberzeugenden, interaktiven Format anzeigen. Eine visuelle Zeitleiste ermutigt Benutzer, Ihre Meilensteine \u200b\u200bund Erfolge zu erkunden und mehr dar\u00fcber zu erfahren.<\/li> <li><strong>Pr\u00e4sentieren Sie Ihre Fortschritte und Meilensteine<\/strong><br> Pr\u00e4sentieren Sie Ihre Meilensteine, Erfolge und Schl\u00fcsselereignisse in einer klaren, chronologischen Reihenfolge, damit Besucher Ihre Reise verfolgen und \u00fcber Ihre Fortschritte auf dem Laufenden bleiben k\u00f6nnen.<\/li> <li><strong>Heben Sie wichtige Momente hervor<\/strong><br> Stellen Sie Ihre wichtigsten Erfolge oder Ereignisse mit einem eleganten, leicht verst\u00e4ndlichen Zeitleistenlayout ins Rampenlicht, das die Aufmerksamkeit erregt und l\u00e4dt zu weiterem Engagement ein.<\/li> <\/ul> <p><a href=\"#demo\">Testen Sie den Editor jetzt, um alle Funktionen des Timeline-Widgets zu erkunden.<\/a><\/p> <\/div><div class=\"application-platform-content-item-installation application-platform-content-item\" id=\"installation\" data-nav-section=\"installation\"><h2>So betten Sie eine Timeline in jQuery ein<\/h2> <p>Das Hinzuf\u00fcgen des Timeline-Widgets zu Ihrer jQuery-Website ist schnell und einfach. Befolgen Sie diese einfachen Schritte:<\/p> <ol> <li><b>Erstellen Sie Ihre benutzerdefinierte jQuery-Timeline<\/b><br> W\u00e4hlen Sie zun\u00e4chst eine Vorlage aus unserem Editor aus und passen Sie sie entsprechend dem Thema und den Designpr\u00e4ferenzen Ihrer Website an.<\/li> <li><b>Holen Sie sich Ihren einzigartigen Einbettungscode<\/b><br> Sobald Sie Ihre Timeline entworfen haben, erhalten Sie einen einzigartigen HTML-Einbettungscode. Kopieren Sie diesen Code, um ihn sp\u00e4ter zu verwenden.<\/li> <li><b>Betten Sie den Code in Ihre jQuery-Site ein<\/b><br> F\u00fcgen Sie den kopierten Einbettungscode in den entsprechenden Abschnitt Ihrer Webseite ein. Speichern Sie die \u00c4nderungen und Ihre interaktive Zeitleiste ist live!<\/li> <li><b>Viel Spa\u00df mit Ihrer neuen interaktiven Zeitleiste!<\/b><br> Gehen Sie auf Ihre Website und sehen Sie Ihre Zeitleiste in Aktion. Binden Sie Ihre Besucher mit einer visuell ansprechenden Zeitleiste ein.<\/li> <\/ol> <p>Ausf\u00fchrlichere Anweisungen finden Sie in unserem vollst\u00e4ndigen Leitfaden <a href=\"https:\/\/elfsight.com\/blog\/how-to-embed-timeline-to-website\/\" target=\"_blank\" rel=\"noopener\">wie Sie Ihrer Website eine Zeitleiste hinzuf\u00fcgen<\/a>.<\/p> <\/div><div class=\"faq\" data-component=\"FAQ\"><div class=\"faq-item\">\r\n\t\t\t\t\t<div class=\"faq-item-question\">\r\n\t\t\t\t\t\t<h3 class=\"faq-item-question-text\">Ist das Timeline-Widget f\u00fcr jQuery kostenlos?<\/h3>\r\n\r\n\t\t\t\t\t\t<div class=\"faq-item-question-icon\"><\/div>\r\n\t\t\t\t\t<\/div>\r\n\r\n\t\t\t\t\t<div class=\"faq-item-answer\">\r\n\t\t\t\t\t\t<div class=\"faq-item-answer-text\">Ja, Elfsight bietet einen kostenlosen Plan f\u00fcr das Timeline-Widget an, der Zugriff auf grundlegende Funktionen bietet. Bezahlte Pl\u00e4ne schalten erweiterte Anpassungsoptionen frei.<\/div>\r\n\t\t\t\t\t<\/div>\r\n\t\t\t\t<\/div><div class=\"faq-item\">\r\n\t\t\t\t\t<div class=\"faq-item-question\">\r\n\t\t\t\t\t\t<h3 class=\"faq-item-question-text\">Ben\u00f6tige ich Programmierkenntnisse, um das Timeline-Widget zu verwenden?<\/h3>\r\n\r\n\t\t\t\t\t\t<div class=\"faq-item-question-icon\"><\/div>\r\n\t\t\t\t\t<\/div>\r\n\r\n\t\t\t\t\t<div class=\"faq-item-answer\">\r\n\t\t\t\t\t\t<div class=\"faq-item-answer-text\">Nein, f\u00fcr das jQuery-Timeline-Plugin von Elfsight sind keine Programmierkenntnisse erforderlich. Mit dem intuitiven Editor k\u00f6nnen Sie Ihre Zeitleiste ganz einfach erstellen, anpassen und einbetten.<\/div>\r\n\t\t\t\t\t<\/div>\r\n\t\t\t\t<\/div><div class=\"faq-item\">\r\n\t\t\t\t\t<div class=\"faq-item-question\">\r\n\t\t\t\t\t\t<h3 class=\"faq-item-question-text\">Wie kann ich eine interaktive Zeitleiste f\u00fcr jQuery erstellen?<\/h3>\r\n\r\n\t\t\t\t\t\t<div class=\"faq-item-question-icon\"><\/div>\r\n\t\t\t\t\t<\/div>\r\n\r\n\t\t\t\t\t<div class=\"faq-item-answer\">\r\n\t\t\t\t\t\t<div class=\"faq-item-answer-text\">W\u00e4hlen Sie einfach eine Designvorlage aus dem Editor aus, passen Sie sie nach Ihren W\u00fcnschen an und betten Sie dann den bereitgestellten HTML-Code in Ihre jQuery-Website ein.<\/div>\r\n\t\t\t\t\t<\/div>\r\n\t\t\t\t<\/div><div class=\"faq-item\">\r\n\t\t\t\t\t<div class=\"faq-item-question\">\r\n\t\t\t\t\t\t<h3 class=\"faq-item-question-text\"><\/h3>\r\n\r\n\t\t\t\t\t\t<div class=\"faq-item-question-icon\"><\/div>\r\n\t\t\t\t\t<\/div>\r\n\r\n\t\t\t\t\t<div class=\"faq-item-answer\">\r\n\t\t\t\t\t\t<div class=\"faq-item-answer-text\">Mit dem jQuery-Zeitleisten-Widget k\u00f6nnen Sie erstellen verschiedene Arten von Zeitleisten, darunter:<ul> <li><strong>Unternehmensgeschichte<\/strong>: Zeigen Sie das Wachstum und die Meilensteine \u200b\u200bIhres Unternehmens im Laufe der Zeit an.<\/li> <li><strong>Produktentwicklung<\/strong>: Zeigen Sie den Weg Ihres Produkts von der Konzeption bis zur Ver\u00f6ffentlichung an.<\/li> <li><strong>Projektzeitleiste<\/strong>: Verfolgen Sie verschiedene Phasen Ihrer laufenden oder abgeschlossenen Projekte.<\/li> <li><strong>Veranstaltungspl\u00e4ne<\/strong>: Zeigen Sie Zeitpl\u00e4ne f\u00fcr Konferenzen, Produkteinf\u00fchrungen oder andere wichtige Ereignisse an Ereignisse.<\/li> <\/ul> <\/div>\r\n\t\t\t\t\t<\/div>\r\n\t\t\t\t<\/div> <\/div>","protected":false},"excerpt":{"rendered":"","protected":false},"author":9,"featured_media":0,"parent":24929,"menu_order":0,"comment_status":"closed","ping_status":"closed","template":"templates\/template-application-platform.php","meta":{"publish_to_discourse":"","publish_post_category":"","wpdc_auto_publish_overridden":"","wpdc_topic_tags":"","wpdc_pin_topic":"","wpdc_pin_until":"","discourse_post_id":"","discourse_permalink":"","wpdc_publishing_response":"","wpdc_publishing_error":"","footnotes":""},"class_list":["post-24985","page","type-page","status-publish","hentry"],"yoast_head":"<!-- This site is optimized with the Yoast SEO plugin v25.3.1 - https:\/\/yoast.com\/wordpress\/plugins\/seo\/ -->\n<title>Zeitleisten-Widget \u2013 F\u00fcgen Sie der jQuery-Website eine dynamische Verlaufszeile hinzu|Kostenlos<\/title>\n<meta name=\"description\" content=\"Erstellen Sie eine anpassbare Zeitleiste mit dem jQuery Timeline-Plugin von Elfsight. Zeigen Sie Meilensteine, Erfolge und Ereignisse ganz einfach an, ohne dass Programmierkenntnisse erforderlich sind.\" \/>\n<meta name=\"robots\" content=\"index, follow, max-snippet:-1, max-image-preview:large, max-video-preview:-1\" \/>\n<link rel=\"canonical\" href=\"https:\/\/elfsight.com\/de\/timeline-widget\/jquery\/\" \/>\n<meta property=\"og:locale\" content=\"de_DE\" \/>\n<meta property=\"og:type\" content=\"article\" \/>\n<meta property=\"og:title\" content=\"Zeitleisten-Widget \u2013 F\u00fcgen Sie der jQuery-Website eine dynamische Verlaufszeile hinzu|Kostenlos\" \/>\n<meta property=\"og:description\" content=\"Erstellen Sie eine anpassbare Zeitleiste mit dem jQuery Timeline-Plugin von Elfsight. Zeigen Sie Meilensteine, Erfolge und Ereignisse ganz einfach an, ohne dass Programmierkenntnisse erforderlich sind.\" \/>\n<meta property=\"og:url\" content=\"https:\/\/elfsight.com\/de\/timeline-widget\/jquery\/\" \/>\n<meta property=\"og:site_name\" content=\"Elfsight DE\" \/>\n<meta property=\"article:modified_time\" content=\"2025-07-10T08:37:51+00:00\" \/>\n<meta name=\"twitter:card\" content=\"summary_large_image\" \/>\n<meta name=\"twitter:label1\" content=\"Gesch\u00e4tzte Lesezeit\" \/>\n\t<meta name=\"twitter:data1\" content=\"4\u00a0Minuten\" \/>\n<!-- \/ Yoast SEO plugin. -->","yoast_head_json":{"title":"Zeitleisten-Widget \u2013 F\u00fcgen Sie der jQuery-Website eine dynamische Verlaufszeile hinzu|Kostenlos","description":"Erstellen Sie eine anpassbare Zeitleiste mit dem jQuery Timeline-Plugin von Elfsight. Zeigen Sie Meilensteine, Erfolge und Ereignisse ganz einfach an, ohne dass Programmierkenntnisse erforderlich sind.","robots":{"index":"index","follow":"follow","max-snippet":"max-snippet:-1","max-image-preview":"max-image-preview:large","max-video-preview":"max-video-preview:-1"},"canonical":"https:\/\/elfsight.com\/de\/timeline-widget\/jquery\/","og_locale":"de_DE","og_type":"article","og_title":"Zeitleisten-Widget \u2013 F\u00fcgen Sie der jQuery-Website eine dynamische Verlaufszeile hinzu|Kostenlos","og_description":"Erstellen Sie eine anpassbare Zeitleiste mit dem jQuery Timeline-Plugin von Elfsight. Zeigen Sie Meilensteine, Erfolge und Ereignisse ganz einfach an, ohne dass Programmierkenntnisse erforderlich sind.","og_url":"https:\/\/elfsight.com\/de\/timeline-widget\/jquery\/","og_site_name":"Elfsight DE","article_modified_time":"2025-07-10T08:37:51+00:00","twitter_card":"summary_large_image","twitter_misc":{"Gesch\u00e4tzte Lesezeit":"4\u00a0Minuten"},"schema":{"@context":"https:\/\/schema.org","@graph":[{"@type":"WebPage","@id":"https:\/\/elfsight.com\/de\/timeline-widget\/jquery\/","url":"https:\/\/elfsight.com\/de\/timeline-widget\/jquery\/","name":"Zeitleisten-Widget \u2013 F\u00fcgen Sie der jQuery-Website eine dynamische Verlaufszeile hinzu|Kostenlos","isPartOf":{"@id":"https:\/\/elfsight.com\/de\/#website"},"datePublished":"2025-03-11T05:57:13+00:00","dateModified":"2025-07-10T08:37:51+00:00","description":"Erstellen Sie eine anpassbare Zeitleiste mit dem jQuery Timeline-Plugin von Elfsight. Zeigen Sie Meilensteine, Erfolge und Ereignisse ganz einfach an, ohne dass Programmierkenntnisse erforderlich sind.","breadcrumb":{"@id":"https:\/\/elfsight.com\/de\/timeline-widget\/jquery\/#breadcrumb"},"inLanguage":"de","potentialAction":[{"@type":"ReadAction","target":["https:\/\/elfsight.com\/de\/timeline-widget\/jquery\/"]}]},{"@type":"BreadcrumbList","@id":"https:\/\/elfsight.com\/de\/timeline-widget\/jquery\/#breadcrumb","itemListElement":[{"@type":"ListItem","position":1,"name":"Home","item":"https:\/\/elfsight.com\/de\/"},{"@type":"ListItem","position":2,"name":"Timeline","item":"https:\/\/elfsight.com\/de\/timeline-widget\/"},{"@type":"ListItem","position":3,"name":"Timeline &#8211; jQuery"}]},{"@type":"WebSite","@id":"https:\/\/elfsight.com\/de\/#website","url":"https:\/\/elfsight.com\/de\/","name":"Elfsight DE","description":"Just another Elfsight Sites site","potentialAction":[{"@type":"SearchAction","target":{"@type":"EntryPoint","urlTemplate":"https:\/\/elfsight.com\/de\/?s={search_term_string}"},"query-input":{"@type":"PropertyValueSpecification","valueRequired":true,"valueName":"search_term_string"}}],"inLanguage":"de"}]}},"meta_box":{"industry":"","seo_heading":"","heading":"","description":"","cta_heading":"","cta_description":"","application":"24928","h1":"Timeline-Plugin f\u00fcr jQuery","h1_caption":"Zeigen Sie eine ansprechende Roadmap mit Etappen an, um Ihre Erz\u00e4hlung, Meilensteine \u200b\u200boder Ereignisse mit einer interaktiven Zeitleiste auf jQuery offenzulegen","application_category":[],"applications_title":"","applications_request_title":"","applications_request_button_text":"","hero_text":"","hero_video":"","hero_video_schema_markup":"","selling_points_title":"","selling_points_caption":"","selling_points":[],"selling_points_cta_text":"","features_title":"","features":"","ed_cta_examples_text":"","ed_cta_examples_hidden":"","ed_cta_demo_text":"","ed_cta_demo_hidden":"","why_caption":"","why_editor_title":"","why_editor_text":"","why_team_title":"","why_team_text":"","why_service_title":"","why_service_text":"","template_catalog_visible":"0","template_catalog_title":"","template_catalog_text":"","template_catalog_categories_visible":"","demo_title":"Erstellen Sie Ihr jQuery-Timeline-Plugin","demo_caption":"Passen Sie Ihre Zeitleiste an und f\u00fcgen Sie sie ganz einfach zu Ihrer Website hinzu!","default_faq_hidden":"","app_template_category":[],"platform":"258","template_public_id":"","codecanyon_url":"","codecanyon_item_id":"","codecanyon_price":"","pricing_caption":"","pricing_elfsight_apps_hide_column":"","pricing_elfsight_apps_url":"","pricing_codecanyon_price_caption":"","integration_category":[],"integration_request_title":"","integration_request_cta":"","integration_platform":"","integrations":[],"platform_category":[],"video_schema_markup":"","price":"ab 0 $ \/ Monat","trial":"","benefits":[],"button_url":"#demo","button_target_blank":"0","button_nofollow":"0","attributes":[{"name":"Installiert","content":"50,000 - 100,000","_state":"expanded"},{"name":"Reaktionsfreudig","content":"Ja","_state":"expanded"},{"name":"Kompatible Browser","content":"Firefox, Safari, Opera, Chrome, Edge","_state":"expanded"}],"tags":[],"tags_disable_links":"0","hide_more_platforms":"0","video_object":"","demo_hide_cta":"0","demo_hide_cloud_options":"0","pricing_title":"","pricing":[{"pricing_icon":"platform","pricing_title":"Elfsight Apps","pricing_title_caption":"Plattform\u00fcbergreifende Software, die f\u00fcr jede Website geeignet ist","pricing_price":"ab 0 $ \/ Monat","pricing_price_caption":"Beginnen Sie mit einem kostenlosen Plan","pricing_benefits":[{"text":"Unbegrenzte Websites"},{"text":"Kostenloser und p\u00fcnktlicher Support"},{"text":"Kostenlose Installationshilfe"},{"text":"Flexibles Design"}],"pricing_button_text":"Zur Website hinzuf\u00fcgen","pricing_button_url":"#demo"}],"related_apps_title":"","related_apps_hidden":"0","author":"","image":[],"title":"","job":"","social_networks":[]},"_links":{"self":[{"href":"https:\/\/elfsight.com\/de\/wp-json\/wp\/v2\/pages\/24985","targetHints":{"allow":["GET"]}}],"collection":[{"href":"https:\/\/elfsight.com\/de\/wp-json\/wp\/v2\/pages"}],"about":[{"href":"https:\/\/elfsight.com\/de\/wp-json\/wp\/v2\/types\/page"}],"author":[{"embeddable":true,"href":"https:\/\/elfsight.com\/de\/wp-json\/wp\/v2\/users\/9"}],"replies":[{"embeddable":true,"href":"https:\/\/elfsight.com\/de\/wp-json\/wp\/v2\/comments?post=24985"}],"version-history":[{"count":3,"href":"https:\/\/elfsight.com\/de\/wp-json\/wp\/v2\/pages\/24985\/revisions"}],"predecessor-version":[{"id":25328,"href":"https:\/\/elfsight.com\/de\/wp-json\/wp\/v2\/pages\/24985\/revisions\/25328"}],"up":[{"embeddable":true,"href":"https:\/\/elfsight.com\/de\/wp-json\/wp\/v2\/pages\/24929"}],"wp:attachment":[{"href":"https:\/\/elfsight.com\/de\/wp-json\/wp\/v2\/media?parent=24985"}],"curies":[{"name":"wp","href":"https:\/\/api.w.org\/{rel}","templated":true}]}}