{"id":24980,"date":"2025-03-11T06:16:15","date_gmt":"2025-03-11T06:16:15","guid":{"rendered":"https:\/\/elfsight.com\/de\/?page_id=24980"},"modified":"2025-06-17T13:58:45","modified_gmt":"2025-06-17T13:58:45","slug":"magento","status":"publish","type":"page","link":"https:\/\/elfsight.com\/de\/timeline-widget\/magento\/","title":{"rendered":"Timeline &#8211; Magento"},"content":{"rendered":"<div class=\"application-platform-content-item-description application-platform-content-item\" id=\"description\" data-nav-section=\"description\"><h2>Magento Timeline Builder<\/h2> <p>Werten Sie Ihren Magento-Shop mit einer optisch ansprechenden, interaktiven Zeitleiste auf, um Ihre wichtigsten Meilensteine, Erfolge oder Projektphasen anzuzeigen. Mit dem Timeline-Widget f\u00fcr Magento von Elfsight k\u00f6nnen Sie ganz einfach eine reaktionsf\u00e4hige und vollst\u00e4ndig anpassbare Timeline erstellen, die perfekt zum Branding Ihres Shops passt \u2013 keine Programmierkenntnisse erforderlich. Egal, ob Sie Ihre Unternehmensgeschichte pr\u00e4sentieren, die Produktentwicklung verfolgen oder besondere Ereignisse hervorheben m\u00f6chten, mit diesem Plugin k\u00f6nnen Sie ein einzigartiges und ansprechendes Erlebnis f\u00fcr Ihre Besucher schaffen.<\/p> <ul> <li><b>Erstellen Sie interaktive Zeitleisten ohne Code<\/b><br> Erstellen Sie in wenigen Minuten eine voll funktionsf\u00e4hige, interaktive Zeitleiste \u2013 kein technisches Fachwissen erforderlich. Binden Sie Ihre Kunden sofort mit einem dynamischen, visuellen Erlebnis ein.<\/li> <li><b>Erweiterte Anpassungsoptionen<\/b><br> \u00c4ndern Sie Design, Layout, Farben, Schriftarten und mehr, um sicherzustellen, dass Ihre Zeitleiste zum Erscheinungsbild Ihres Shops passt.<\/li> <li><b>Nahtloser Einbettungsprozess<\/b><br> Betten Sie Ihre Zeitleiste mit einem einfachen HTML-Einbettungscode ganz einfach in Ihren Magento-Shop ein \u2013 keine technischen Herausforderungen.<\/li> <li><b>Responsiver Kunde Support<\/b><br> Unser engagiertes Support-Team steht Ihnen jederzeit zur Verf\u00fcgung, um Sie durch die Einrichtung zu f\u00fchren und sicherzustellen, dass Ihre Zeitleiste auf Ihrer Website reibungslos funktioniert.<\/li> <\/ul> <p><b>Testen Sie das Elfsight-Zeitleisten-Widget, um Ihre Besucher zu begeistern, indem Sie Ihre Meilensteine \u200b\u200bund Erfolge auf visuell dynamische Weise pr\u00e4sentieren!<\/b><\/p> <\/div><div class=\"application-platform-content-item-features application-platform-content-item\" id=\"features\" data-nav-section=\"features\"><h2>Was Sie damit machen k\u00f6nnen die Magento-Timeline<\/h2> <ul> <li><strong>Besucher visuell ansprechen<\/strong><br> Fesseln Sie Ihr Publikum mit einer interaktiven Timeline, die Ihre wichtigsten Meilensteine, Produkteinf\u00fchrungen und Unternehmenserfolge anzeigt. Eine visuelle Zeitleiste hilft Benutzern, Ihre Reise einfach zu verfolgen und engagiert zu bleiben.<\/li> <li><strong>Zeigen Sie Fortschritte und Meilensteine \u200b\u200ban<\/strong><br> Zeigen Sie Ihre Meilensteine, Produktentwicklungsphasen und wichtigen Ereignisse in chronologischer Reihenfolge an. Dies hilft Besuchern, Ihren Prozess zu verstehen und h\u00e4lt ihr Interesse am Wachstum Ihres Shops aufrecht.<\/li> <li><strong>Heben Sie wichtige Erfolge hervor<\/strong><br> Heben Sie Ihre wichtigsten Meilensteine, Erfolge oder Ereignisse mit einem aufmerksamkeitsstarken Zeitleistenlayout hervor, das zu weiteren Erkundungen einl\u00e4dt.<\/li> <\/ul> <p><a href=\"#demo\">Testen Sie jetzt den Editor, um alle Funktionen des Zeitleisten-Widgets zu erkunden.<\/a><\/p> <\/div><div class=\"application-platform-content-item-installation application-platform-content-item\" id=\"installation\" data-nav-section=\"installation\"><h2>So betten Sie eine Timeline in Magento ein<\/h2> <p>Das Hinzuf\u00fcgen der Timeline-Erweiterung zu Ihrem Magento-Shop ist einfach und erfordert keine Programmierkenntnisse. Befolgen Sie einfach diese einfachen Schritte:<\/p> <ol> <li><b>Erstellen Sie Ihre benutzerdefinierte Magento-Timeline<\/b><br> W\u00e4hlen Sie eine Vorlage aus dem Editor aus und passen Sie sie entsprechend dem Design und Branding Ihres Shops an. \u00c4ndern Sie das Layout, f\u00fcgen Sie Meilensteine \u200b\u200bhinzu und passen Sie das Erscheinungsbild an Ihre Bed\u00fcrfnisse an.<\/li> <li><b>Holen Sie sich Ihren einzigartigen Einbettungscode<\/b><br> Sobald Sie mit dem Design Ihrer Zeitleiste zufrieden sind, erhalten Sie einen einzigartigen HTML-Einbettungscode. Kopieren Sie diesen Code zur sp\u00e4teren Verwendung.<\/li> <li><b>Betten Sie den Code in Ihren Magento-Shop ein<\/b><br> F\u00fcgen Sie den kopierten HTML-Code in den entsprechenden Abschnitt Ihrer Magento-Website ein. Speichern Sie die \u00c4nderungen und Ihre interaktive Zeitleiste wird live sein!<\/li> <li><b>Genie\u00dfen Sie Ihre neue interaktive Zeitleiste!<\/b><br> Besuchen Sie Ihren Shop, um Ihre Zeitleiste in Aktion zu sehen und Kunden mit einem optisch ansprechenden Erlebnis anzusprechen!<\/li> <\/ol> <p>Ausf\u00fchrlichere Anweisungen finden Sie in unserem umfassenden Leitfaden auf <a href=\"https:\/\/elfsight.com\/blog\/how-to-embed-timeline-to-website\/\" target=\"_blank\" rel=\"noopener\">So f\u00fcgen Sie Ihrer Website eine Timeline hinzu<\/a>.<\/p> <\/div><div class=\"faq\" data-component=\"FAQ\"><div class=\"faq-item\">\r\n\t\t\t\t\t<div class=\"faq-item-question\">\r\n\t\t\t\t\t\t<h3 class=\"faq-item-question-text\"><\/h3>\r\n\r\n\t\t\t\t\t\t<div class=\"faq-item-question-icon\"><\/div>\r\n\t\t\t\t\t<\/div>\r\n\r\n\t\t\t\t\t<div class=\"faq-item-answer\">\r\n\t\t\t\t\t\t<div class=\"faq-item-answer-text\">Ja, Elfsight bietet ein mehrstufiges Abonnementmodell an, einschlie\u00dflich eines kostenlosen Plans. Sie k\u00f6nnen kostenlos auf die wesentlichen Funktionen des Timeline-Widgets zugreifen, wobei in kostenpflichtigen Pl\u00e4nen zus\u00e4tzliche Anpassungsoptionen verf\u00fcgbar sind.<\/div>\r\n\t\t\t\t\t<\/div>\r\n\t\t\t\t<\/div><div class=\"faq-item\">\r\n\t\t\t\t\t<div class=\"faq-item-question\">\r\n\t\t\t\t\t\t<h3 class=\"faq-item-question-text\"><\/h3>\r\n\r\n\t\t\t\t\t\t<div class=\"faq-item-question-icon\"><\/div>\r\n\t\t\t\t\t<\/div>\r\n\r\n\t\t\t\t\t<div class=\"faq-item-answer\">\r\n\t\t\t\t\t\t<div class=\"faq-item-answer-text\">Nein, f\u00fcr den Magento Timeline Builder von Elfsight sind keine Programmierkenntnisse erforderlich. Mit unserem intuitiven Editor k\u00f6nnen Sie Ihre Zeitleiste ganz einfach erstellen, anpassen und einbetten.<\/div>\r\n\t\t\t\t\t<\/div>\r\n\t\t\t\t<\/div><div class=\"faq-item\">\r\n\t\t\t\t\t<div class=\"faq-item-question\">\r\n\t\t\t\t\t\t<h3 class=\"faq-item-question-text\"><\/h3>\r\n\r\n\t\t\t\t\t\t<div class=\"faq-item-question-icon\"><\/div>\r\n\t\t\t\t\t<\/div>\r\n\r\n\t\t\t\t\t<div class=\"faq-item-answer\">\r\n\t\t\t\t\t\t<div class=\"faq-item-answer-text\">W\u00e4hlen Sie einfach eine Vorlage aus dem Editor aus, passen Sie sie nach Bedarf an und betten Sie dann den bereitgestellten HTML-Code in Ihren Magento-Shop ein.<\/div>\r\n\t\t\t\t\t<\/div>\r\n\t\t\t\t<\/div><div class=\"faq-item\">\r\n\t\t\t\t\t<div class=\"faq-item-question\">\r\n\t\t\t\t\t\t<h3 class=\"faq-item-question-text\"><\/h3>\r\n\r\n\t\t\t\t\t\t<div class=\"faq-item-question-icon\"><\/div>\r\n\t\t\t\t\t<\/div>\r\n\r\n\t\t\t\t\t<div class=\"faq-item-answer\">\r\n\t\t\t\t\t\t<div class=\"faq-item-answer-text\">Sie k\u00f6nnen eine Vielzahl von Zeitleisten erstellen, die zu Ihren Anforderungen passen Anforderungen, einschlie\u00dflich:<ul> <li><strong>Unternehmensgeschichte<\/strong>: Pr\u00e4sentieren Sie das Wachstum und die Entwicklung Ihres Unternehmens im Laufe der Zeit.<\/li> <li><strong>Produktentwicklung<\/strong>: Heben Sie den Weg Ihres Produkts von der Konzeption bis zur Markteinf\u00fchrung hervor.<\/li> <li><strong>Projektzeitleiste<\/strong>: Verfolgen Sie die Phasen laufender oder abgeschlossener Projekte.<\/li> <li><strong>Veranstaltungspl\u00e4ne<\/strong>: Zeigen Sie wichtige Ereignisse wie Produkteinf\u00fchrungen, Verk\u00e4ufe oder Gesch\u00e4ftsjubil\u00e4en an.<\/li> <\/ul> <\/div>\r\n\t\t\t\t\t<\/div>\r\n\t\t\t\t<\/div> <\/div>","protected":false},"excerpt":{"rendered":"","protected":false},"author":9,"featured_media":0,"parent":24929,"menu_order":0,"comment_status":"closed","ping_status":"closed","template":"templates\/template-application-platform.php","meta":{"publish_to_discourse":"","publish_post_category":"","wpdc_auto_publish_overridden":"","wpdc_topic_tags":"","wpdc_pin_topic":"","wpdc_pin_until":"","discourse_post_id":"","discourse_permalink":"","wpdc_publishing_response":"","wpdc_publishing_error":"","footnotes":""},"class_list":["post-24980","page","type-page","status-publish","hentry"],"yoast_head":"<!-- This site is optimized with the Yoast SEO plugin v25.3.1 - https:\/\/yoast.com\/wordpress\/plugins\/seo\/ -->\n<title>Timeline-Widget \u2013 F\u00fcgen Sie Ihrem Magento-Shop eine dynamische Timeline hinzu<\/title>\n<meta name=\"description\" content=\"Werten Sie Ihren Shop mit einer interaktiven Zeitleiste auf. Pr\u00e4sentieren Sie Meilensteine, Produkteinf\u00fchrungen oder wichtige Ereignisse ganz einfach mit dem Timeline-Widget von Elfsight f\u00fcr Magento.\" \/>\n<meta name=\"robots\" content=\"index, follow, max-snippet:-1, max-image-preview:large, max-video-preview:-1\" \/>\n<link rel=\"canonical\" href=\"https:\/\/elfsight.com\/de\/timeline-widget\/magento\/\" \/>\n<meta property=\"og:locale\" content=\"de_DE\" \/>\n<meta property=\"og:type\" content=\"article\" \/>\n<meta property=\"og:title\" content=\"Timeline-Widget \u2013 F\u00fcgen Sie Ihrem Magento-Shop eine dynamische Timeline hinzu\" \/>\n<meta property=\"og:description\" content=\"Werten Sie Ihren Shop mit einer interaktiven Zeitleiste auf. Pr\u00e4sentieren Sie Meilensteine, Produkteinf\u00fchrungen oder wichtige Ereignisse ganz einfach mit dem Timeline-Widget von Elfsight f\u00fcr Magento.\" \/>\n<meta property=\"og:url\" content=\"https:\/\/elfsight.com\/de\/timeline-widget\/magento\/\" \/>\n<meta property=\"og:site_name\" content=\"Elfsight DE\" \/>\n<meta property=\"article:modified_time\" content=\"2025-06-17T13:58:45+00:00\" \/>\n<meta name=\"twitter:card\" content=\"summary_large_image\" \/>\n<meta name=\"twitter:label1\" content=\"Gesch\u00e4tzte Lesezeit\" \/>\n\t<meta name=\"twitter:data1\" content=\"4\u00a0Minuten\" \/>\n<!-- \/ Yoast SEO plugin. -->","yoast_head_json":{"title":"Timeline-Widget \u2013 F\u00fcgen Sie Ihrem Magento-Shop eine dynamische Timeline hinzu","description":"Werten Sie Ihren Shop mit einer interaktiven Zeitleiste auf. Pr\u00e4sentieren Sie Meilensteine, Produkteinf\u00fchrungen oder wichtige Ereignisse ganz einfach mit dem Timeline-Widget von Elfsight f\u00fcr Magento.","robots":{"index":"index","follow":"follow","max-snippet":"max-snippet:-1","max-image-preview":"max-image-preview:large","max-video-preview":"max-video-preview:-1"},"canonical":"https:\/\/elfsight.com\/de\/timeline-widget\/magento\/","og_locale":"de_DE","og_type":"article","og_title":"Timeline-Widget \u2013 F\u00fcgen Sie Ihrem Magento-Shop eine dynamische Timeline hinzu","og_description":"Werten Sie Ihren Shop mit einer interaktiven Zeitleiste auf. Pr\u00e4sentieren Sie Meilensteine, Produkteinf\u00fchrungen oder wichtige Ereignisse ganz einfach mit dem Timeline-Widget von Elfsight f\u00fcr Magento.","og_url":"https:\/\/elfsight.com\/de\/timeline-widget\/magento\/","og_site_name":"Elfsight DE","article_modified_time":"2025-06-17T13:58:45+00:00","twitter_card":"summary_large_image","twitter_misc":{"Gesch\u00e4tzte Lesezeit":"4\u00a0Minuten"},"schema":{"@context":"https:\/\/schema.org","@graph":[{"@type":"WebPage","@id":"https:\/\/elfsight.com\/de\/timeline-widget\/magento\/","url":"https:\/\/elfsight.com\/de\/timeline-widget\/magento\/","name":"Timeline-Widget \u2013 F\u00fcgen Sie Ihrem Magento-Shop eine dynamische Timeline hinzu","isPartOf":{"@id":"https:\/\/elfsight.com\/de\/#website"},"datePublished":"2025-03-11T06:16:15+00:00","dateModified":"2025-06-17T13:58:45+00:00","description":"Werten Sie Ihren Shop mit einer interaktiven Zeitleiste auf. Pr\u00e4sentieren Sie Meilensteine, Produkteinf\u00fchrungen oder wichtige Ereignisse ganz einfach mit dem Timeline-Widget von Elfsight f\u00fcr Magento.","breadcrumb":{"@id":"https:\/\/elfsight.com\/de\/timeline-widget\/magento\/#breadcrumb"},"inLanguage":"de","potentialAction":[{"@type":"ReadAction","target":["https:\/\/elfsight.com\/de\/timeline-widget\/magento\/"]}]},{"@type":"BreadcrumbList","@id":"https:\/\/elfsight.com\/de\/timeline-widget\/magento\/#breadcrumb","itemListElement":[{"@type":"ListItem","position":1,"name":"Home","item":"https:\/\/elfsight.com\/de\/"},{"@type":"ListItem","position":2,"name":"Timeline","item":"https:\/\/elfsight.com\/de\/timeline-widget\/"},{"@type":"ListItem","position":3,"name":"Timeline &#8211; Magento"}]},{"@type":"WebSite","@id":"https:\/\/elfsight.com\/de\/#website","url":"https:\/\/elfsight.com\/de\/","name":"Elfsight DE","description":"Just another Elfsight Sites site","potentialAction":[{"@type":"SearchAction","target":{"@type":"EntryPoint","urlTemplate":"https:\/\/elfsight.com\/de\/?s={search_term_string}"},"query-input":{"@type":"PropertyValueSpecification","valueRequired":true,"valueName":"search_term_string"}}],"inLanguage":"de"}]}},"meta_box":{"industry":"","seo_heading":"","heading":"","description":"","cta_heading":"","cta_description":"","application":"24928","h1":"Timeline-Erweiterung f\u00fcr Magento","h1_caption":"Zeigen Sie eine ansprechende Roadmap der Erfolge an, um Ihre Reise, wichtige Meilensteine \u200b\u200boder Projektphasen mit einer interaktiven Zeitleiste auf Ihrer Magento-Webseite zu pr\u00e4sentieren.","application_category":[],"applications_title":"","applications_request_title":"","applications_request_button_text":"","hero_text":"","hero_video":"","hero_video_schema_markup":"","selling_points_title":"","selling_points_caption":"","selling_points":[],"selling_points_cta_text":"","features_title":"","features":"","ed_cta_examples_text":"","ed_cta_examples_hidden":"","ed_cta_demo_text":"","ed_cta_demo_hidden":"","why_caption":"","why_editor_title":"","why_editor_text":"","why_team_title":"","why_team_text":"","why_service_title":"","why_service_text":"","template_catalog_visible":"0","template_catalog_title":"","template_catalog_text":"","template_catalog_categories_visible":"","demo_title":"Erstellen Sie Ihre Magento Timeline-Erweiterung","demo_caption":"Passen Sie Ihre Zeitleiste an und f\u00fcgen Sie sie ganz einfach zu Ihrer Website hinzu!","default_faq_hidden":"","app_template_category":[],"platform":"256","template_public_id":"","codecanyon_url":"","codecanyon_item_id":"","codecanyon_price":"","pricing_caption":"","pricing_elfsight_apps_hide_column":"","pricing_elfsight_apps_url":"","pricing_codecanyon_price_caption":"","integration_category":[],"integration_request_title":"","integration_request_cta":"","integration_platform":"","integrations":[],"platform_category":[],"video_schema_markup":"","price":"ab 0 $ \/ Monat","trial":"","benefits":[],"button_url":"#demo","button_target_blank":"0","button_nofollow":"0","attributes":[{"name":"Installiert","content":"50,000 - 100,000","_state":"expanded"},{"name":"Reaktionsfreudig","content":"Ja","_state":"expanded"},{"name":"Kompatible Browser","content":"Firefox, Safari, Opera, Chrome, Edge","_state":"expanded"}],"tags":[],"tags_disable_links":"0","hide_more_platforms":"0","video_object":"","demo_hide_cta":"0","demo_hide_cloud_options":"0","pricing_title":"","pricing":[{"pricing_icon":"platform","pricing_title":"Elfsight Apps","pricing_title_caption":"Plattform\u00fcbergreifende Software, die f\u00fcr jede Website geeignet ist","pricing_price":"ab 0 $ \/ Monat","pricing_price_caption":"Beginnen Sie mit einem kostenlosen Plan","pricing_benefits":[{"text":"Unbegrenzte Websites"},{"text":"Kostenloser und p\u00fcnktlicher Support"},{"text":"Kostenlose Installationshilfe"},{"text":"Flexibles Design"}],"pricing_button_text":"Zur Website hinzuf\u00fcgen","pricing_button_url":"#demo"}],"related_apps_title":"","related_apps_hidden":"0","author":"","image":[],"title":"","job":"","social_networks":[]},"_links":{"self":[{"href":"https:\/\/elfsight.com\/de\/wp-json\/wp\/v2\/pages\/24980","targetHints":{"allow":["GET"]}}],"collection":[{"href":"https:\/\/elfsight.com\/de\/wp-json\/wp\/v2\/pages"}],"about":[{"href":"https:\/\/elfsight.com\/de\/wp-json\/wp\/v2\/types\/page"}],"author":[{"embeddable":true,"href":"https:\/\/elfsight.com\/de\/wp-json\/wp\/v2\/users\/9"}],"replies":[{"embeddable":true,"href":"https:\/\/elfsight.com\/de\/wp-json\/wp\/v2\/comments?post=24980"}],"version-history":[{"count":3,"href":"https:\/\/elfsight.com\/de\/wp-json\/wp\/v2\/pages\/24980\/revisions"}],"predecessor-version":[{"id":25327,"href":"https:\/\/elfsight.com\/de\/wp-json\/wp\/v2\/pages\/24980\/revisions\/25327"}],"up":[{"embeddable":true,"href":"https:\/\/elfsight.com\/de\/wp-json\/wp\/v2\/pages\/24929"}],"wp:attachment":[{"href":"https:\/\/elfsight.com\/de\/wp-json\/wp\/v2\/media?parent=24980"}],"curies":[{"name":"wp","href":"https:\/\/api.w.org\/{rel}","templated":true}]}}