{"id":24979,"date":"2025-03-11T08:35:12","date_gmt":"2025-03-11T08:35:12","guid":{"rendered":"https:\/\/elfsight.com\/de\/?page_id=24979"},"modified":"2025-06-17T13:58:45","modified_gmt":"2025-06-17T13:58:45","slug":"woocommerce","status":"publish","type":"page","link":"https:\/\/elfsight.com\/de\/timeline-widget\/woocommerce\/","title":{"rendered":"Timeline -WooCommerce"},"content":{"rendered":"<div class=\"application-platform-content-item-description application-platform-content-item\" id=\"description\" data-nav-section=\"description\"><h2>WooCommerce Timeline Plugin<\/h2> <p>Erweitern Sie Ihren WooCommerce-Shop mit dem Timeline-Widget von Elfsight! Erstellen Sie eine reaktionsf\u00e4hige Zeitleiste, um Produktmeilensteine, Unternehmensgeschichte, Projektentwicklungen oder wichtige Ereignisse zu pr\u00e4sentieren. Keine Programmierung erforderlich \u2013 verwenden Sie einfach unseren benutzerfreundlichen Editor, um die Zeitleiste anzupassen, betten Sie sie auf Ihrer WooCommerce-Website ein und fangen Sie an, Ihre Besucher auf kreative und \u00fcberzeugende Weise anzusprechen.<\/p> <ul> <li><b>Erstellen Sie interaktive Zeitleisten ohne Code<\/b><br> Erstellen Sie in wenigen Minuten eine voll funktionsf\u00e4hige, visuell dynamische Zeitleiste, ohne dass technisches Fachwissen erforderlich ist. Fangen Sie sofort an, Ihre Kunden zu fesseln!<\/li> <li><b>Erweiterte Anpassungsoptionen<\/b><br> Personalisieren Sie das Design der Zeitleiste mit verschiedenen Vorlagen, Farbschemata, Schriftarten und mehr, um sicherzustellen, dass es zum Branding und Stil Ihres Shops passt.<\/li> <li><b>Reibungsloser Einbettungsprozess<\/b><br> Betten Sie Ihre benutzerdefinierte Zeitleiste nahtlos mit einem einfachen HTML-Code in Ihren WooCommerce-Shop ein, keine Programmierkenntnisse erforderlich.<\/li> <li><b>Responsiver Kundensupport<\/b><br> Unser engagiertes Support-Team steht Ihnen zur Verf\u00fcgung, um Sie bei der Einrichtung und Anpassung Ihrer Timeline zu unterst\u00fctzen und sicherzustellen, dass sie einwandfrei auf Ihrer WooCommerce-Website funktioniert.<\/li> <\/ul> <p><b>Probieren Sie noch heute das Elfsight Timeline-Widget aus und pr\u00e4sentieren Sie Ihre wichtigsten Meilensteine \u200b\u200bauf visuell ansprechende Weise!<\/b><\/p> <\/div><div class=\"application-platform-content-item-features application-platform-content-item\" id=\"features\" data-nav-section=\"features\"><h2>Was Sie mit der WooCommerce-Timeline tun k\u00f6nnen<\/h2> <ul> <li><strong>Besucher visuell ansprechen<\/strong><br> Pr\u00e4sentieren Sie Ihre Meilensteine, Ereignisse oder Produktreisen in einem dynamischen Timeline-Format, das Ihre Kunden fesselt und sie zum Weitererkunden anregt.<\/li> <li><strong>Meilensteine \u200b\u200bund Fortschritte pr\u00e4sentieren<\/strong><br> Heben Sie Ihre wichtigsten Meilensteine \u200b\u200boder Phasen im Lebenszyklus Ihres Produkts hervor. Zeigen Sie den Fortschritt Ihrer Projekte oder die Entwicklung Ihres Unternehmens auf klare und \u00fcberzeugende Weise.<\/li> <li><strong>Heben Sie wichtige Erfolge hervor<\/strong><br> Machen Sie in einem ansprechenden und leicht verst\u00e4ndlichen Format auf Ihre wichtigsten Erfolge, Produkteinf\u00fchrungen oder Gesch\u00e4ftsmeilensteine \u200b\u200baufmerksam.<\/li> <\/ul> <p><a href=\"#demo\">Probieren Sie den Editor aus, um alle Funktionen des Timeline-Widgets zu erkunden.<\/a><\/p> <\/div><div class=\"application-platform-content-item-installation application-platform-content-item\" id=\"installation\" data-nav-section=\"installation\"><h2>So betten Sie eine Timeline in WooCommerce ein<\/h2> <p>Das Hinzuf\u00fcgen des Timeline-Widgets zu Ihrem WooCommerce-Shop ist schnell und einfach und es sind keine Programmierkenntnisse erforderlich. Befolgen Sie einfach diese einfachen Schritte:<\/p> <ol> <li><b>Erstellen Sie Ihre benutzerdefinierte WooCommerce-Timeline<\/b><br> W\u00e4hlen Sie zun\u00e4chst eine Vorlage aus dem Editor aus und passen Sie sie an die Anforderungen Ihres Shops an. Passen Sie Design und Layout an und f\u00fcgen Sie Meilensteine \u200b\u200bhinzu, die zu Ihrer Marke passen.<\/li> <li><b>Holen Sie sich Ihren einzigartigen Einbettungscode<\/b><br> Sobald Ihre Zeitleiste fertig ist, kopieren Sie den von unserem Editor generierten HTML-Einbettungscode.<\/li> <li><b>Betten Sie den Code in Ihren WooCommerce-Shop ein<\/b><br> F\u00fcgen Sie den Einbettungscode in den entsprechenden Abschnitt Ihrer WooCommerce-Seite ein und speichern Sie die \u00c4nderungen. Ihre Zeitleiste ist jetzt live!<\/li> <li><b>Viel Spa\u00df mit Ihrer neuen interaktiven Zeitleiste!<\/b><br> Besuchen Sie Ihren Shop, um die Zeitleiste in Aktion zu sehen und beginnen Sie, Ihre Kunden mit einem optisch ansprechenden Erlebnis zu begeistern.<\/li> <\/ol> <p>Detaillierte Anweisungen finden Sie in unserem Leitfaden auf <a href=\"https:\/\/elfsight.com\/blog\/how-to-embed-timeline-to-website\/\" target=\"_blank\" rel=\"noopener\">So f\u00fcgen Sie Ihrer Website eine Timeline hinzu<\/a>.<\/p> <\/div><div class=\"faq\" data-component=\"FAQ\"><div class=\"faq-item\">\r\n\t\t\t\t\t<div class=\"faq-item-question\">\r\n\t\t\t\t\t\t<h3 class=\"faq-item-question-text\"><\/h3>\r\n\r\n\t\t\t\t\t\t<div class=\"faq-item-question-icon\"><\/div>\r\n\t\t\t\t\t<\/div>\r\n\r\n\t\t\t\t\t<div class=\"faq-item-answer\">\r\n\t\t\t\t\t\t<div class=\"faq-item-answer-text\">Ja, Elfsight bietet einen kostenlosen Plan mit Zugriff auf grundlegende Funktionen. Sie k\u00f6nnen das Timeline-Widget kostenlos nutzen und es stehen kostenpflichtige Optionen f\u00fcr zus\u00e4tzliche Anpassungen und Funktionen zur Verf\u00fcgung.<\/div>\r\n\t\t\t\t\t<\/div>\r\n\t\t\t\t<\/div><div class=\"faq-item\">\r\n\t\t\t\t\t<div class=\"faq-item-question\">\r\n\t\t\t\t\t\t<h3 class=\"faq-item-question-text\">Ben\u00f6tige ich Programmierkenntnisse, um das Timeline-Plugin f\u00fcr WooCommerce zu verwenden?<\/h3>\r\n\r\n\t\t\t\t\t\t<div class=\"faq-item-question-icon\"><\/div>\r\n\t\t\t\t\t<\/div>\r\n\r\n\t\t\t\t\t<div class=\"faq-item-answer\">\r\n\t\t\t\t\t\t<div class=\"faq-item-answer-text\">Nein, das Timeline-Widget von Elfsight f\u00fcr WooCommerce ist benutzerfreundlich gestaltet und erfordert keine Programmierkenntnisse. Passen Sie das Widget einfach mit unserem intuitiven Editor an und betten Sie es ein.<\/div>\r\n\t\t\t\t\t<\/div>\r\n\t\t\t\t<\/div><div class=\"faq-item\">\r\n\t\t\t\t\t<div class=\"faq-item-question\">\r\n\t\t\t\t\t\t<h3 class=\"faq-item-question-text\">Wie kann ich eine interaktive Zeitleiste f\u00fcr WooCommerce erstellen?<\/h3>\r\n\r\n\t\t\t\t\t\t<div class=\"faq-item-question-icon\"><\/div>\r\n\t\t\t\t\t<\/div>\r\n\r\n\t\t\t\t\t<div class=\"faq-item-answer\">\r\n\t\t\t\t\t\t<div class=\"faq-item-answer-text\">W\u00e4hlen Sie eine Vorlage aus dem Editor, passen Sie sie entsprechend Ihren Anforderungen an und betten Sie den HTML-Code in Ihre WooCommerce-Website ein. Es geht schnell und einfach!<\/div>\r\n\t\t\t\t\t<\/div>\r\n\t\t\t\t<\/div><div class=\"faq-item\">\r\n\t\t\t\t\t<div class=\"faq-item-question\">\r\n\t\t\t\t\t\t<h3 class=\"faq-item-question-text\">Welche Arten von Zeitleisten kann ich f\u00fcr WooCommerce erstellen?<\/h3>\r\n\r\n\t\t\t\t\t\t<div class=\"faq-item-question-icon\"><\/div>\r\n\t\t\t\t\t<\/div>\r\n\r\n\t\t\t\t\t<div class=\"faq-item-answer\">\r\n\t\t\t\t\t\t<div class=\"faq-item-answer-text\">Mit dem Widget von Elfsight k\u00f6nnen Sie verschiedene Arten von Zeitleisten erstellen:<ul> <li><strong>Produktreise<\/strong>: Pr\u00e4sentieren Sie die Meilensteine \u200b\u200bund Schl\u00fcsselphasen in der Entwicklung Ihrer Produkte.<\/li> <li><strong>Unternehmenswachstum<\/strong>: Verfolgen Sie das Wachstum und die Erfolge Ihres Unternehmens im Laufe der Zeit.<\/li> <li><strong>Ereigniszeitleisten<\/strong>: Pr\u00e4sentieren Sie wichtige Ereignisse, Verk\u00e4ufe oder Produkteinf\u00fchrungen in chronologischer Reihenfolge.<\/li> <li><strong>Projektzeitleiste<\/strong>: Zeigen Sie die Phasen eines Projekts an, vom Anfang bis zum Abschluss, mit wichtigen Meilensteinen auf dem Weg.<\/li> <\/ul> <\/div>\r\n\t\t\t\t\t<\/div>\r\n\t\t\t\t<\/div> <\/div>","protected":false},"excerpt":{"rendered":"","protected":false},"author":9,"featured_media":0,"parent":24929,"menu_order":0,"comment_status":"closed","ping_status":"closed","template":"templates\/template-application-platform.php","meta":{"publish_to_discourse":"","publish_post_category":"","wpdc_auto_publish_overridden":"","wpdc_topic_tags":"","wpdc_pin_topic":"","wpdc_pin_until":"","discourse_post_id":"","discourse_permalink":"","wpdc_publishing_response":"","wpdc_publishing_error":"","footnotes":""},"class_list":["post-24979","page","type-page","status-publish","hentry"],"yoast_head":"<!-- This site is optimized with the Yoast SEO plugin v25.3.1 - https:\/\/yoast.com\/wordpress\/plugins\/seo\/ -->\n<title>Zeitleisten-Widget \u2013 F\u00fcgen Sie WooCommerce eine interaktive Zeitleiste hinzu|Kostenlos<\/title>\n<meta name=\"description\" content=\"F\u00fcgen Sie Ihrem Shop eine benutzerdefinierte Roadmap hinzu. Zeigen Sie Ihre Geschichte, wichtige Ereignisse und Meilensteine \u200b\u200bauf visuell ansprechende Weise mit dem Timeline-Plugin f\u00fcr WooCommerce an.\" \/>\n<meta name=\"robots\" content=\"index, follow, max-snippet:-1, max-image-preview:large, max-video-preview:-1\" \/>\n<link rel=\"canonical\" href=\"https:\/\/elfsight.com\/de\/timeline-widget\/woocommerce\/\" \/>\n<meta property=\"og:locale\" content=\"de_DE\" \/>\n<meta property=\"og:type\" content=\"article\" \/>\n<meta property=\"og:title\" content=\"Zeitleisten-Widget \u2013 F\u00fcgen Sie WooCommerce eine interaktive Zeitleiste hinzu|Kostenlos\" \/>\n<meta property=\"og:description\" content=\"F\u00fcgen Sie Ihrem Shop eine benutzerdefinierte Roadmap hinzu. Zeigen Sie Ihre Geschichte, wichtige Ereignisse und Meilensteine \u200b\u200bauf visuell ansprechende Weise mit dem Timeline-Plugin f\u00fcr WooCommerce an.\" \/>\n<meta property=\"og:url\" content=\"https:\/\/elfsight.com\/de\/timeline-widget\/woocommerce\/\" \/>\n<meta property=\"og:site_name\" content=\"Elfsight DE\" \/>\n<meta property=\"article:modified_time\" content=\"2025-06-17T13:58:45+00:00\" \/>\n<meta name=\"twitter:card\" content=\"summary_large_image\" \/>\n<meta name=\"twitter:label1\" content=\"Gesch\u00e4tzte Lesezeit\" \/>\n\t<meta name=\"twitter:data1\" content=\"4\u00a0Minuten\" \/>\n<!-- \/ Yoast SEO plugin. -->","yoast_head_json":{"title":"Zeitleisten-Widget \u2013 F\u00fcgen Sie WooCommerce eine interaktive Zeitleiste hinzu|Kostenlos","description":"F\u00fcgen Sie Ihrem Shop eine benutzerdefinierte Roadmap hinzu. Zeigen Sie Ihre Geschichte, wichtige Ereignisse und Meilensteine \u200b\u200bauf visuell ansprechende Weise mit dem Timeline-Plugin f\u00fcr WooCommerce an.","robots":{"index":"index","follow":"follow","max-snippet":"max-snippet:-1","max-image-preview":"max-image-preview:large","max-video-preview":"max-video-preview:-1"},"canonical":"https:\/\/elfsight.com\/de\/timeline-widget\/woocommerce\/","og_locale":"de_DE","og_type":"article","og_title":"Zeitleisten-Widget \u2013 F\u00fcgen Sie WooCommerce eine interaktive Zeitleiste hinzu|Kostenlos","og_description":"F\u00fcgen Sie Ihrem Shop eine benutzerdefinierte Roadmap hinzu. Zeigen Sie Ihre Geschichte, wichtige Ereignisse und Meilensteine \u200b\u200bauf visuell ansprechende Weise mit dem Timeline-Plugin f\u00fcr WooCommerce an.","og_url":"https:\/\/elfsight.com\/de\/timeline-widget\/woocommerce\/","og_site_name":"Elfsight DE","article_modified_time":"2025-06-17T13:58:45+00:00","twitter_card":"summary_large_image","twitter_misc":{"Gesch\u00e4tzte Lesezeit":"4\u00a0Minuten"},"schema":{"@context":"https:\/\/schema.org","@graph":[{"@type":"WebPage","@id":"https:\/\/elfsight.com\/de\/timeline-widget\/woocommerce\/","url":"https:\/\/elfsight.com\/de\/timeline-widget\/woocommerce\/","name":"Zeitleisten-Widget \u2013 F\u00fcgen Sie WooCommerce eine interaktive Zeitleiste hinzu|Kostenlos","isPartOf":{"@id":"https:\/\/elfsight.com\/de\/#website"},"datePublished":"2025-03-11T08:35:12+00:00","dateModified":"2025-06-17T13:58:45+00:00","description":"F\u00fcgen Sie Ihrem Shop eine benutzerdefinierte Roadmap hinzu. Zeigen Sie Ihre Geschichte, wichtige Ereignisse und Meilensteine \u200b\u200bauf visuell ansprechende Weise mit dem Timeline-Plugin f\u00fcr WooCommerce an.","breadcrumb":{"@id":"https:\/\/elfsight.com\/de\/timeline-widget\/woocommerce\/#breadcrumb"},"inLanguage":"de","potentialAction":[{"@type":"ReadAction","target":["https:\/\/elfsight.com\/de\/timeline-widget\/woocommerce\/"]}]},{"@type":"BreadcrumbList","@id":"https:\/\/elfsight.com\/de\/timeline-widget\/woocommerce\/#breadcrumb","itemListElement":[{"@type":"ListItem","position":1,"name":"Home","item":"https:\/\/elfsight.com\/de\/"},{"@type":"ListItem","position":2,"name":"Timeline","item":"https:\/\/elfsight.com\/de\/timeline-widget\/"},{"@type":"ListItem","position":3,"name":"Timeline -WooCommerce"}]},{"@type":"WebSite","@id":"https:\/\/elfsight.com\/de\/#website","url":"https:\/\/elfsight.com\/de\/","name":"Elfsight DE","description":"Just another Elfsight Sites site","potentialAction":[{"@type":"SearchAction","target":{"@type":"EntryPoint","urlTemplate":"https:\/\/elfsight.com\/de\/?s={search_term_string}"},"query-input":{"@type":"PropertyValueSpecification","valueRequired":true,"valueName":"search_term_string"}}],"inLanguage":"de"}]}},"meta_box":{"industry":"","seo_heading":"","heading":"","description":"","cta_heading":"","cta_description":"","application":"24928","h1":"Timeline-Plugin f\u00fcr WooCommerce","h1_caption":"Zeigen Sie eine ansprechende Roadmap mit Ereignissen an, um Ihre Geschichte, Entwicklungsmeilensteine \u200b\u200boder Phasen mit einer interaktiven Zeitleiste f\u00fcr WooCommerce offenzulegen","application_category":[],"applications_title":"","applications_request_title":"","applications_request_button_text":"","hero_text":"","hero_video":"","hero_video_schema_markup":"","selling_points_title":"","selling_points_caption":"","selling_points":[],"selling_points_cta_text":"","features_title":"","features":"","ed_cta_examples_text":"","ed_cta_examples_hidden":"","ed_cta_demo_text":"","ed_cta_demo_hidden":"","why_caption":"","why_editor_title":"","why_editor_text":"","why_team_title":"","why_team_text":"","why_service_title":"","why_service_text":"","template_catalog_visible":"0","template_catalog_title":"","template_catalog_text":"","template_catalog_categories_visible":"","demo_title":"Erstellen Sie Ihr WooCommerce-Timeline-Plugin","demo_caption":"Passen Sie Ihre Zeitleiste an und f\u00fcgen Sie sie ganz einfach zu Ihrer Website hinzu!","default_faq_hidden":"","app_template_category":[],"platform":"200","template_public_id":"","codecanyon_url":"","codecanyon_item_id":"","codecanyon_price":"","pricing_caption":"","pricing_elfsight_apps_hide_column":"","pricing_elfsight_apps_url":"","pricing_codecanyon_price_caption":"","integration_category":[],"integration_request_title":"","integration_request_cta":"","integration_platform":"","integrations":[],"platform_category":[],"video_schema_markup":"","price":"ab 0 $ \/ Monat","trial":"","benefits":[],"button_url":"#demo","button_target_blank":"0","button_nofollow":"0","attributes":[{"name":"Installiert","content":"50,000 - 100,000","_state":"expanded"},{"name":"Reaktionsfreudig","content":"Ja","_state":"expanded"},{"name":"Kompatible Browser","content":"Firefox, Safari, Opera, Chrome, Edge","_state":"expanded"}],"tags":[],"tags_disable_links":"0","hide_more_platforms":"0","video_object":"","demo_hide_cta":"0","demo_hide_cloud_options":"0","pricing_title":"","pricing":[{"pricing_icon":"platform","pricing_title":"Elfsight Apps","pricing_title_caption":"Plattform\u00fcbergreifende Software, die f\u00fcr jede Website geeignet ist","pricing_price":"ab 0 $ \/ Monat","pricing_price_caption":"Beginnen Sie mit einem kostenlosen Plan","pricing_benefits":[{"text":"Unbegrenzte Websites"},{"text":"Kostenloser und p\u00fcnktlicher Support"},{"text":"Kostenlose Installationshilfe"},{"text":"Flexibles Design"}],"pricing_button_text":"Zur Website hinzuf\u00fcgen","pricing_button_url":"#demo"}],"related_apps_title":"","related_apps_hidden":"0","author":"","image":[],"title":"","job":"","social_networks":[]},"_links":{"self":[{"href":"https:\/\/elfsight.com\/de\/wp-json\/wp\/v2\/pages\/24979","targetHints":{"allow":["GET"]}}],"collection":[{"href":"https:\/\/elfsight.com\/de\/wp-json\/wp\/v2\/pages"}],"about":[{"href":"https:\/\/elfsight.com\/de\/wp-json\/wp\/v2\/types\/page"}],"author":[{"embeddable":true,"href":"https:\/\/elfsight.com\/de\/wp-json\/wp\/v2\/users\/9"}],"replies":[{"embeddable":true,"href":"https:\/\/elfsight.com\/de\/wp-json\/wp\/v2\/comments?post=24979"}],"version-history":[{"count":3,"href":"https:\/\/elfsight.com\/de\/wp-json\/wp\/v2\/pages\/24979\/revisions"}],"predecessor-version":[{"id":25326,"href":"https:\/\/elfsight.com\/de\/wp-json\/wp\/v2\/pages\/24979\/revisions\/25326"}],"up":[{"embeddable":true,"href":"https:\/\/elfsight.com\/de\/wp-json\/wp\/v2\/pages\/24929"}],"wp:attachment":[{"href":"https:\/\/elfsight.com\/de\/wp-json\/wp\/v2\/media?parent=24979"}],"curies":[{"name":"wp","href":"https:\/\/api.w.org\/{rel}","templated":true}]}}