{"id":24978,"date":"2025-03-11T09:15:09","date_gmt":"2025-03-11T09:15:09","guid":{"rendered":"https:\/\/elfsight.com\/de\/?page_id=24978"},"modified":"2025-06-17T13:58:45","modified_gmt":"2025-06-17T13:58:45","slug":"prestashop","status":"publish","type":"page","link":"https:\/\/elfsight.com\/de\/timeline-widget\/prestashop\/","title":{"rendered":"Timeline &#8211; PrestaShop"},"content":{"rendered":"<div class=\"application-platform-content-item-description application-platform-content-item\" id=\"description\" data-nav-section=\"description\"><h2>PrestaShop Timeline-Add-on<\/h2> <p>Verwandeln Sie Ihren PrestaShop-Shop mit dem interaktiven Timeline-Add-on von Elfsight. Heben Sie die Meilensteine, Produktreisen oder wichtigen Ereignisse Ihres Unternehmens auf visuell dynamische Weise hervor. Es ist keine Programmierung erforderlich \u2013 ein benutzerfreundlicher Editor erm\u00f6glicht es Ihnen, Ihre Zeitleiste vollst\u00e4ndig anzupassen und sie nahtlos in Ihre PrestaShop-Site zu integrieren. Egal, ob Sie Ihre Unternehmensgeschichte, Produktentwicklungsphasen oder wichtige Meilensteine \u200b\u200bzeigen, dieses Plugin hilft Ihnen, Besucher kreativ einzubinden.<\/p> <ul> <li><b>Erstellen Sie interaktive Zeitleisten ohne Code<\/b><br> Entwerfen Sie in wenigen Minuten eine voll funktionsf\u00e4hige und optisch ansprechende Zeitleiste. Keine Programmierkenntnisse erforderlich \u2013 verwenden Sie einfach den intuitiven Editor, um Ihre Zeitleiste anzupassen und sofort mit der Einbindung von Besuchern zu beginnen!<\/li> <li><b>Erweiterte Anpassungsoptionen<\/b><br> Personalisieren Sie das Design Ihrer Zeitleiste, um es an das Branding Ihres Shops anzupassen. Mit einer Vielzahl von Vorlagen, Farben, Schriftarten und Einstellungen k\u00f6nnen Sie ein einzigartiges und ma\u00dfgeschneidertes Erlebnis f\u00fcr Ihre Besucher schaffen.<\/li> <li><b>Reibungsloser Einbettungsprozess<\/b><br> Integrieren Sie die Timeline einfach mit einem einfachen HTML-Einbettungscode in Ihren PrestaShop-Shop \u2013 kein technisches Fachwissen erforderlich.<\/li> <li><b>Reaktionsfreudiger Kundensupport<\/b><br> Das engagierte Ekfsight-Team unterst\u00fctzt Sie beim Einrichtungsprozess und stellt sicher, dass Ihre Timeline reibungslos l\u00e4uft und f\u00fcr Sie optimiert ist Store.<\/li> <\/ul> <p><b>Verwenden Sie das Elfsight PrestaShop-Timeline-Widget, um Ihre Meilensteine \u200b\u200bund Ereignisse auf ansprechende und interaktive Weise zu pr\u00e4sentieren!<\/b><\/p> <\/div><div class=\"application-platform-content-item-features application-platform-content-item\" id=\"features\" data-nav-section=\"features\"><h2>Was Sie mit der PrestaShop-Timeline tun k\u00f6nnen<\/h2> <ul> <li><strong>Beziehen Sie Besucher visuell ein<\/strong><br> Pr\u00e4sentieren Sie Ihre Wichtige Meilensteine, Ereignisse oder Produktreisen in einem dynamischen Format. Eine visuelle Zeitleiste hilft Benutzern, sich mit Ihren Inhalten zu besch\u00e4ftigen, und regt sie dazu an, weiter zu erkunden.<\/li> <li><strong>Pr\u00e4sentieren Sie Meilensteine \u200b\u200bund Fortschritte<\/strong><br> Pr\u00e4sentieren Sie die Phasen Ihrer Produktentwicklung, Ihres Unternehmenswachstums oder wichtiger Ereignisse in einem klaren chronologischen Format, das Ihr Publikum informiert und fasziniert.<\/li> <li><strong>Heben Sie wichtige Erfolge hervor<\/strong><br> Heben Sie wichtige Meilensteine, Produkteinf\u00fchrungen oder Unternehmenserfolge mit einer visuell ansprechenden Zeitleiste hervor, die einen bleibenden Eindruck hinterl\u00e4sst Wirkung.<\/li> <\/ul> <p><a href=\"#demo\">Probieren Sie den Editor aus, um die volle Funktionalit\u00e4t des Timeline-Widgets zu erkunden.<\/a><\/p> <\/div><div class=\"application-platform-content-item-installation application-platform-content-item\" id=\"installation\" data-nav-section=\"installation\"><h2>So betten Sie eine Timeline in PrestaShop ein<\/h2> <p>Das Hinzuf\u00fcgen des Timeline-Widgets zu Ihrer PrestaShop-Site ist schnell und einfach und erfordert keine Programmierkenntnisse. Befolgen Sie diese einfachen Schritte:<\/p> <ol> <li><b>Erstellen Sie Ihre benutzerdefinierte PrestaShop-Timeline<\/b><br> W\u00e4hlen Sie eine Vorlage aus dem Editor und passen Sie sie an Ihre Bed\u00fcrfnisse und den Stil Ihres Shops an. Passen Sie das Design an, f\u00fcgen Sie Meilensteine \u200b\u200bhinzu und optimieren Sie das Layout.<\/li> <li><b>Holen Sie sich Ihren einzigartigen Einbettungscode<\/b><br> Sobald Sie Ihre Zeitleiste angepasst haben, erhalten Sie einen HTML-Code, den Sie zur sp\u00e4teren Verwendung kopieren k\u00f6nnen.<\/li> <li><b>Betten Sie den Code in Ihren PrestaShop-Shop ein<\/b><br> F\u00fcgen Sie den HTML-Einbettungscode in den gew\u00fcnschten Abschnitt Ihrer Website ein. Speichern Sie die \u00c4nderungen und Ihre Zeitleiste wird live sein!<\/li> <li><b>Fertig! Viel Spa\u00df mit Ihrer neuen interaktiven Zeitleiste!<\/b><br> Besuchen Sie Ihre Website, um die Zeitleiste in Aktion zu sehen und beginnen Sie, Ihre Besucher auf visuell ansprechende Weise anzusprechen!<\/li> <\/ol> <p>Ausf\u00fchrlichere Anweisungen finden Sie in unserem Leitfaden zum <a href=\"https:\/\/elfsight.com\/blog\/how-to-embed-timeline-to-website\/\" target=\"_blank\" rel=\"noopener\">wie Sie Ihrer Website eine Zeitleiste hinzuf\u00fcgen Website<\/a>.<\/p> <\/div><div class=\"faq\" data-component=\"FAQ\"><div class=\"faq-item\">\r\n\t\t\t\t\t<div class=\"faq-item-question\">\r\n\t\t\t\t\t\t<h3 class=\"faq-item-question-text\">Ist das Timeline-Add-on f\u00fcr PrestaShop kostenlos?<\/h3>\r\n\r\n\t\t\t\t\t\t<div class=\"faq-item-question-icon\"><\/div>\r\n\t\t\t\t\t<\/div>\r\n\r\n\t\t\t\t\t<div class=\"faq-item-answer\">\r\n\t\t\t\t\t\t<div class=\"faq-item-answer-text\">Ja, Elfsight bietet einen kostenlosen Plan an, der Zugriff auf wesentliche Funktionen des Timeline-Widgets bietet. Bei den kostenpflichtigen Pl\u00e4nen sind erweiterte Optionen f\u00fcr mehr Anpassung und Funktionalit\u00e4t verf\u00fcgbar.<\/div>\r\n\t\t\t\t\t<\/div>\r\n\t\t\t\t<\/div><div class=\"faq-item\">\r\n\t\t\t\t\t<div class=\"faq-item-question\">\r\n\t\t\t\t\t\t<h3 class=\"faq-item-question-text\">Ben\u00f6tige ich Programmierkenntnisse, um das Timeline-Widget f\u00fcr PrestaShop zu verwenden?<\/h3>\r\n\r\n\t\t\t\t\t\t<div class=\"faq-item-question-icon\"><\/div>\r\n\t\t\t\t\t<\/div>\r\n\r\n\t\t\t\t\t<div class=\"faq-item-answer\">\r\n\t\t\t\t\t\t<div class=\"faq-item-answer-text\">Nein, das Timeline-Widget f\u00fcr PrestaShop ist benutzerfreundlich gestaltet und erfordert keine Programmierkenntnisse. Sie k\u00f6nnen die Zeitleiste mit dem intuitiven Editor anpassen und einbetten.<\/div>\r\n\t\t\t\t\t<\/div>\r\n\t\t\t\t<\/div><div class=\"faq-item\">\r\n\t\t\t\t\t<div class=\"faq-item-question\">\r\n\t\t\t\t\t\t<h3 class=\"faq-item-question-text\">Wie kann ich eine interaktive Zeitleiste f\u00fcr PrestaShop erstellen?<\/h3>\r\n\r\n\t\t\t\t\t\t<div class=\"faq-item-question-icon\"><\/div>\r\n\t\t\t\t\t<\/div>\r\n\r\n\t\t\t\t\t<div class=\"faq-item-answer\">\r\n\t\t\t\t\t\t<div class=\"faq-item-answer-text\">W\u00e4hlen Sie einfach eine Vorlage aus dem Editor aus, passen Sie sie an Ihre Bed\u00fcrfnisse an und verwenden Sie den bereitgestellten HTML-Einbettungscode, um die Zeitleiste zu Ihrem PrestaShop-Shop hinzuzuf\u00fcgen.<\/div>\r\n\t\t\t\t\t<\/div>\r\n\t\t\t\t<\/div><div class=\"faq-item\">\r\n\t\t\t\t\t<div class=\"faq-item-question\">\r\n\t\t\t\t\t\t<h3 class=\"faq-item-question-text\"><\/h3>\r\n\r\n\t\t\t\t\t\t<div class=\"faq-item-question-icon\"><\/div>\r\n\t\t\t\t\t<\/div>\r\n\r\n\t\t\t\t\t<div class=\"faq-item-answer\">\r\n\t\t\t\t\t\t<div class=\"faq-item-answer-text\">Sie k\u00f6nnen verschiedene Arten von erstellen Zeitpl\u00e4ne f\u00fcr Ihr Gesch\u00e4ft, einschlie\u00dflich:<ul> <li><strong>Produktreise<\/strong>: Pr\u00e4sentieren Sie die wichtigsten Meilensteine \u200b\u200bin Ihrer Produktentwicklung oder -entwicklung.<\/li> <li><strong>Unternehmensgeschichte<\/strong>: Zeigen Sie das Wachstum und die Erfolge Ihres Unternehmens im Laufe der Zeit an.<\/li> <li><strong>Projektfortschritt<\/strong>: Verfolgen und pr\u00e4sentieren Sie die Phasen eines laufenden oder abgeschlossenen Projekts.<\/li> <li><strong>Ereigniszeitleiste<\/strong>: Pr\u00e4sentieren Sie wichtige Ereignisse, Produkteinf\u00fchrungen oder Verkaufsereignisse in einem Chronologische Reihenfolge.<\/li> <\/ul> <\/div>\r\n\t\t\t\t\t<\/div>\r\n\t\t\t\t<\/div> <\/div>","protected":false},"excerpt":{"rendered":"","protected":false},"author":9,"featured_media":0,"parent":24929,"menu_order":0,"comment_status":"closed","ping_status":"closed","template":"templates\/template-application-platform.php","meta":{"publish_to_discourse":"","publish_post_category":"","wpdc_auto_publish_overridden":"","wpdc_topic_tags":"","wpdc_pin_topic":"","wpdc_pin_until":"","discourse_post_id":"","discourse_permalink":"","wpdc_publishing_response":"","wpdc_publishing_error":"","footnotes":""},"class_list":["post-24978","page","type-page","status-publish","hentry"],"yoast_head":"<!-- This site is optimized with the Yoast SEO plugin v25.3.1 - https:\/\/yoast.com\/wordpress\/plugins\/seo\/ -->\n<title>PrestaShop-Timeline \u2013 Erstellen Sie eine Verlaufszeile f\u00fcr eine Website [KOSTENLOS]<\/title>\n<meta name=\"description\" content=\"F\u00fcgen Sie Ihrem PrestaShop-Shop eine benutzerdefinierte Zeitleiste hinzu. Zeigen Sie wichtige Produktmeilensteine, Unternehmenserfolge oder Ereignisse mit einem anpassbaren Zeitleisten-Widget ohne Code an.\" \/>\n<meta name=\"robots\" content=\"index, follow, max-snippet:-1, max-image-preview:large, max-video-preview:-1\" \/>\n<link rel=\"canonical\" href=\"https:\/\/elfsight.com\/de\/timeline-widget\/prestashop\/\" \/>\n<meta property=\"og:locale\" content=\"de_DE\" \/>\n<meta property=\"og:type\" content=\"article\" \/>\n<meta property=\"og:title\" content=\"PrestaShop-Timeline \u2013 Erstellen Sie eine Verlaufszeile f\u00fcr eine Website [KOSTENLOS]\" \/>\n<meta property=\"og:description\" content=\"F\u00fcgen Sie Ihrem PrestaShop-Shop eine benutzerdefinierte Zeitleiste hinzu. Zeigen Sie wichtige Produktmeilensteine, Unternehmenserfolge oder Ereignisse mit einem anpassbaren Zeitleisten-Widget ohne Code an.\" \/>\n<meta property=\"og:url\" content=\"https:\/\/elfsight.com\/de\/timeline-widget\/prestashop\/\" \/>\n<meta property=\"og:site_name\" content=\"Elfsight DE\" \/>\n<meta property=\"article:modified_time\" content=\"2025-06-17T13:58:45+00:00\" \/>\n<meta name=\"twitter:card\" content=\"summary_large_image\" \/>\n<meta name=\"twitter:label1\" content=\"Gesch\u00e4tzte Lesezeit\" \/>\n\t<meta name=\"twitter:data1\" content=\"4\u00a0Minuten\" \/>\n<!-- \/ Yoast SEO plugin. -->","yoast_head_json":{"title":"PrestaShop-Timeline \u2013 Erstellen Sie eine Verlaufszeile f\u00fcr eine Website [KOSTENLOS]","description":"F\u00fcgen Sie Ihrem PrestaShop-Shop eine benutzerdefinierte Zeitleiste hinzu. Zeigen Sie wichtige Produktmeilensteine, Unternehmenserfolge oder Ereignisse mit einem anpassbaren Zeitleisten-Widget ohne Code an.","robots":{"index":"index","follow":"follow","max-snippet":"max-snippet:-1","max-image-preview":"max-image-preview:large","max-video-preview":"max-video-preview:-1"},"canonical":"https:\/\/elfsight.com\/de\/timeline-widget\/prestashop\/","og_locale":"de_DE","og_type":"article","og_title":"PrestaShop-Timeline \u2013 Erstellen Sie eine Verlaufszeile f\u00fcr eine Website [KOSTENLOS]","og_description":"F\u00fcgen Sie Ihrem PrestaShop-Shop eine benutzerdefinierte Zeitleiste hinzu. Zeigen Sie wichtige Produktmeilensteine, Unternehmenserfolge oder Ereignisse mit einem anpassbaren Zeitleisten-Widget ohne Code an.","og_url":"https:\/\/elfsight.com\/de\/timeline-widget\/prestashop\/","og_site_name":"Elfsight DE","article_modified_time":"2025-06-17T13:58:45+00:00","twitter_card":"summary_large_image","twitter_misc":{"Gesch\u00e4tzte Lesezeit":"4\u00a0Minuten"},"schema":{"@context":"https:\/\/schema.org","@graph":[{"@type":"WebPage","@id":"https:\/\/elfsight.com\/de\/timeline-widget\/prestashop\/","url":"https:\/\/elfsight.com\/de\/timeline-widget\/prestashop\/","name":"PrestaShop-Timeline \u2013 Erstellen Sie eine Verlaufszeile f\u00fcr eine Website [KOSTENLOS]","isPartOf":{"@id":"https:\/\/elfsight.com\/de\/#website"},"datePublished":"2025-03-11T09:15:09+00:00","dateModified":"2025-06-17T13:58:45+00:00","description":"F\u00fcgen Sie Ihrem PrestaShop-Shop eine benutzerdefinierte Zeitleiste hinzu. Zeigen Sie wichtige Produktmeilensteine, Unternehmenserfolge oder Ereignisse mit einem anpassbaren Zeitleisten-Widget ohne Code an.","breadcrumb":{"@id":"https:\/\/elfsight.com\/de\/timeline-widget\/prestashop\/#breadcrumb"},"inLanguage":"de","potentialAction":[{"@type":"ReadAction","target":["https:\/\/elfsight.com\/de\/timeline-widget\/prestashop\/"]}]},{"@type":"BreadcrumbList","@id":"https:\/\/elfsight.com\/de\/timeline-widget\/prestashop\/#breadcrumb","itemListElement":[{"@type":"ListItem","position":1,"name":"Home","item":"https:\/\/elfsight.com\/de\/"},{"@type":"ListItem","position":2,"name":"Timeline","item":"https:\/\/elfsight.com\/de\/timeline-widget\/"},{"@type":"ListItem","position":3,"name":"Timeline &#8211; PrestaShop"}]},{"@type":"WebSite","@id":"https:\/\/elfsight.com\/de\/#website","url":"https:\/\/elfsight.com\/de\/","name":"Elfsight DE","description":"Just another Elfsight Sites site","potentialAction":[{"@type":"SearchAction","target":{"@type":"EntryPoint","urlTemplate":"https:\/\/elfsight.com\/de\/?s={search_term_string}"},"query-input":{"@type":"PropertyValueSpecification","valueRequired":true,"valueName":"search_term_string"}}],"inLanguage":"de"}]}},"meta_box":{"industry":"","seo_heading":"","heading":"","description":"","cta_heading":"","cta_description":"","application":"24928","h1":"Timeline-Add-on f\u00fcr PrestaShop","h1_caption":"Pr\u00e4sentieren Sie eine ansprechende Chronologie der Erfolge, um Ihre Erz\u00e4hlung, Fortschrittsmeilensteine \u200b\u200boder Ereignisse mit einer interaktiven Zeitleiste auf Ihrer PrestaShop-Website offenzulegen.","application_category":[],"applications_title":"","applications_request_title":"","applications_request_button_text":"","hero_text":"","hero_video":"","hero_video_schema_markup":"","selling_points_title":"","selling_points_caption":"","selling_points":[],"selling_points_cta_text":"","features_title":"","features":"","ed_cta_examples_text":"","ed_cta_examples_hidden":"","ed_cta_demo_text":"","ed_cta_demo_hidden":"","why_caption":"","why_editor_title":"","why_editor_text":"","why_team_title":"","why_team_text":"","why_service_title":"","why_service_text":"","template_catalog_visible":"0","template_catalog_title":"","template_catalog_text":"","template_catalog_categories_visible":"","demo_title":"Erstellen Sie Ihr PrestaShop Timeline-Add-on","demo_caption":"Passen Sie Ihre Zeitleiste an und f\u00fcgen Sie sie ganz einfach zu Ihrer Website hinzu!","default_faq_hidden":"","app_template_category":[],"platform":"3811","template_public_id":"","codecanyon_url":"","codecanyon_item_id":"","codecanyon_price":"","pricing_caption":"","pricing_elfsight_apps_hide_column":"","pricing_elfsight_apps_url":"","pricing_codecanyon_price_caption":"","integration_category":[],"integration_request_title":"","integration_request_cta":"","integration_platform":"","integrations":[],"platform_category":[],"video_schema_markup":"","price":"ab 0 $ \/ Monat","trial":"","benefits":[],"button_url":"#demo","button_target_blank":"0","button_nofollow":"0","attributes":[{"name":"Installiert","content":"50,000 - 100,000","_state":"expanded"},{"name":"Reaktionsfreudig","content":"Ja","_state":"expanded"},{"name":"Kompatible Browser","content":"Firefox, Safari, Opera, Chrome, Edge","_state":"expanded"}],"tags":[],"tags_disable_links":"0","hide_more_platforms":"0","video_object":"","demo_hide_cta":"0","demo_hide_cloud_options":"0","pricing_title":"","pricing":[{"pricing_icon":"platform","pricing_title":"Elfsight Apps","pricing_title_caption":"Plattform\u00fcbergreifende Software, die f\u00fcr jede Website geeignet ist","pricing_price":"ab 0 $ \/ Monat","pricing_price_caption":"Beginnen Sie mit einem kostenlosen Plan","pricing_benefits":[{"text":"Unbegrenzte Websites"},{"text":"Kostenloser und p\u00fcnktlicher Support"},{"text":"Kostenlose Installationshilfe"},{"text":"Flexibles Design"}],"pricing_button_text":"Zur Website hinzuf\u00fcgen","pricing_button_url":"#demo"}],"related_apps_title":"","related_apps_hidden":"0","author":"","image":[],"title":"","job":"","social_networks":[]},"_links":{"self":[{"href":"https:\/\/elfsight.com\/de\/wp-json\/wp\/v2\/pages\/24978","targetHints":{"allow":["GET"]}}],"collection":[{"href":"https:\/\/elfsight.com\/de\/wp-json\/wp\/v2\/pages"}],"about":[{"href":"https:\/\/elfsight.com\/de\/wp-json\/wp\/v2\/types\/page"}],"author":[{"embeddable":true,"href":"https:\/\/elfsight.com\/de\/wp-json\/wp\/v2\/users\/9"}],"replies":[{"embeddable":true,"href":"https:\/\/elfsight.com\/de\/wp-json\/wp\/v2\/comments?post=24978"}],"version-history":[{"count":3,"href":"https:\/\/elfsight.com\/de\/wp-json\/wp\/v2\/pages\/24978\/revisions"}],"predecessor-version":[{"id":25325,"href":"https:\/\/elfsight.com\/de\/wp-json\/wp\/v2\/pages\/24978\/revisions\/25325"}],"up":[{"embeddable":true,"href":"https:\/\/elfsight.com\/de\/wp-json\/wp\/v2\/pages\/24929"}],"wp:attachment":[{"href":"https:\/\/elfsight.com\/de\/wp-json\/wp\/v2\/media?parent=24978"}],"curies":[{"name":"wp","href":"https:\/\/api.w.org\/{rel}","templated":true}]}}