{"id":24977,"date":"2025-03-12T08:34:08","date_gmt":"2025-03-12T08:34:08","guid":{"rendered":"https:\/\/elfsight.com\/de\/?page_id=24977"},"modified":"2025-07-10T08:36:28","modified_gmt":"2025-07-10T08:36:28","slug":"facebook","status":"publish","type":"page","link":"https:\/\/elfsight.com\/de\/timeline-widget\/facebook\/","title":{"rendered":"Timeline &#8211; Facebook"},"content":{"rendered":"<div class=\"application-platform-content-item-description application-platform-content-item\" id=\"description\" data-nav-section=\"description\"><h2>Timeline Builder f\u00fcr Facebook-Seiten<\/h2><p>F\u00fcgen Sie eine interaktive Zeitleiste zu Ihren Facebook-Seiten hinzu, um Meilensteine, Ereignisse oder Aufgabenphasen hervorzuheben, ohne dass Programmieraufwand erforderlich ist. Mit dem Timeline-Widget von Elfsight k\u00f6nnen Sie anpassbare Punkte einbetten, die Ihr Publikum ansprechen. Egal, ob Sie die Geschichte Ihrer Marke teilen, Projektphasen verfolgen oder Produktmeilensteine \u200b\u200bhervorheben, mit diesem Widget k\u00f6nnen Sie ganz einfach eine auf Ihre Ziele zugeschnittene Zeitleiste entwerfen.<\/p><ul><li><b>Erstellen Sie interaktive Zeitleisten ohne Code<\/b><br>Erstellen Sie in wenigen Minuten eine voll funktionsf\u00e4hige Zeitleiste, ohne dass technisches Fachwissen erforderlich ist, und beginnen Sie sofort, Ihre Besucher zu fesseln.<\/li><li><b>Erweiterte Anpassungsoptionen<\/b><br>Passen Sie das Design und Layout Ihrer Zeitleiste mit verschiedenen anpassbaren Optionen an Vorlagen, Farben, Schriftarten und Einstellungen f\u00fcr ein einzigartiges, ansprechendes Erlebnis.<\/li><li><b>Reibungsloser Einbettungsprozess<\/b><br>Betten Sie Ihre Timeline mit einfachem HTML-Code ganz einfach in Ihre Facebook-Seiten ein, ohne technischen Aufwand.<\/li><li><b>Reaktionsstarker Kundensupport<\/b><br>Unser engagiertes Support-Team steht Ihnen bei der Einrichtung zur Seite und stellt sicher, dass Ihre Timeline nahtlos auf Ihrer Seite funktioniert.<\/li><\/ul><p><b>Probieren Sie Elfsight aus Zeitleiste, um Ihr Publikum einzubeziehen und Ihre Meilensteine \u200b\u200bauf visuell ansprechende Weise anzuzeigen!<\/b><\/p><\/div><div class=\"application-platform-content-item-features application-platform-content-item\" id=\"features\" data-nav-section=\"features\"><h2>Was Sie mit Facebook-Seiten tun k\u00f6nnen Zeitleiste<\/h2><ul><li><strong>Besucher visuell einbeziehen<\/strong><br>Fesseln Sie die Aufmerksamkeit Ihres Publikums mit einer dynamischen, interaktiven Zeitleiste, die Meilensteine \u200b\u200bleicht verst\u00e4ndlich darstellt formatieren. Eine visuelle Zeitleiste fesselt die Besucher und ermutigt sie, Ihre Geschichte weiter zu erkunden.<\/li><li><strong>Pr\u00e4sentieren Sie Fortschritte und Ereignisse<\/strong><br>Verwenden Sie die Zeitleiste, um Ereignisse in chronologischer Reihenfolge darzustellen und so den Besuchern zu helfen, Ihre Reise zu verfolgen. Dadurch bleibt Ihr Publikum engagiert und \u00fcber Ihre neuesten Entwicklungen informiert.<\/li><li><strong>Heben Sie wichtige Erfolge hervor<\/strong><br>Konzentrieren Sie sich auf Ihre wichtigsten Meilensteine. Pr\u00e4sentieren Sie Ihre wichtigsten Erfolge in einem ansprechenden, klaren Format, das bei Ihrem Publikum Anklang findet.<\/li><\/ul><p><a href=\"#demo\">Schauen Sie sich den Editor an, um das volle Potenzial zu sehen.<\/a><\/p><\/div><div class=\"application-platform-content-item-installation application-platform-content-item\" id=\"installation\" data-nav-section=\"installation\"> <h2>So betten Sie eine Zeitleiste auf Facebook-Seiten ein<\/h2><p>Das Hinzuf\u00fcgen der Zeitleiste zu Ihren Facebook-Seiten ist einfach und unkompliziert erfordert keine Codierung. Befolgen Sie einfach diese einfachen Schritte, um loszulegen:<\/p><ol><li><b>Erstellen Sie Ihre benutzerdefinierte Zeitleiste<\/b><br>W\u00e4hlen Sie zun\u00e4chst eine Vorlage aus unserem Editor aus und passen Sie sie an Ihre Bed\u00fcrfnisse an.<\/li><li><b>Besorgen Sie sich Ihren einzigartigen Einbettungscode<\/b><br>Sobald Ihre Zeitleiste angepasst ist, erhalten Sie einen personalisierten HTML-Code. Kopieren Sie diesen Code zur sp\u00e4teren Verwendung.<\/li><li><b>Betten Sie den Code in Ihre Seite ein<\/b><br>F\u00fcgen Sie den HTML-Code in den entsprechenden Abschnitt Ihrer Seite ein und speichern Sie die \u00c4nderungen. Ihre Zeitleiste wird live sein!<\/li><li><b>Viel Spa\u00df mit Ihrer neuen interaktiven Zeitleiste!<\/b><br>Besuchen Sie Ihre Seite, um die Zeitleiste in Aktion zu sehen und Ihr Publikum mit Ihrer Geschichte zu begeistern!<\/li><\/ol><p>Ausf\u00fchrlichere Anweisungen finden Sie in unserem Leitfaden zum Hinzuf\u00fcgen einer Zeitleiste zu Ihrer Seite.<\/a><\/p><\/div><div class=\"faq\" data-component=\"FAQ\"><div class=\"faq-item\">\r\n\t\t\t\t\t<div class=\"faq-item-question\">\r\n\t\t\t\t\t\t<h3 class=\"faq-item-question-text\">Ist das Timeline-Widget f\u00fcr Facebook-Seiten kostenlos? <\/h3>\r\n\r\n\t\t\t\t\t\t<div class=\"faq-item-question-icon\"><\/div>\r\n\t\t\t\t\t<\/div>\r\n\r\n\t\t\t\t\t<div class=\"faq-item-answer\">\r\n\t\t\t\t\t\t<div class=\"faq-item-answer-text\">Ja, Elfsight bietet ein Abonnementmodell mit einem kostenlosen Plan an. Sie k\u00f6nnen das Timeline-Widget f\u00fcr Facebook-Seiten kostenlos nutzen und erhalten so Zugriff auf alle wesentlichen Funktionen. Um erweiterte Funktionen freizuschalten, stehen Premium-Pl\u00e4ne zur Verf\u00fcgung. <\/div>\r\n\t\t\t\t\t<\/div>\r\n\t\t\t\t<\/div><div class=\"faq-item\">\r\n\t\t\t\t\t<div class=\"faq-item-question\">\r\n\t\t\t\t\t\t<h3 class=\"faq-item-question-text\">Ben\u00f6tige ich Programmierkenntnisse, um das Timeline-Widget zu verwenden? <\/h3>\r\n\r\n\t\t\t\t\t\t<div class=\"faq-item-question-icon\"><\/div>\r\n\t\t\t\t\t<\/div>\r\n\r\n\t\t\t\t\t<div class=\"faq-item-answer\">\r\n\t\t\t\t\t\t<div class=\"faq-item-answer-text\">Es sind keine Programmierkenntnisse erforderlich. Mit dem Zeitleisten-Widget von Elfsight k\u00f6nnen Sie eine Zeitleiste mit einem benutzerfreundlichen Editor erstellen, anpassen und einbetten.<\/div>\r\n\t\t\t\t\t<\/div>\r\n\t\t\t\t<\/div><div class=\"faq-item\">\r\n\t\t\t\t\t<div class=\"faq-item-question\">\r\n\t\t\t\t\t\t<h3 class=\"faq-item-question-text\">Wie kann ich eine interaktive Zeitleiste f\u00fcr Facebook-Seiten erstellen? <\/h3>\r\n\r\n\t\t\t\t\t\t<div class=\"faq-item-question-icon\"><\/div>\r\n\t\t\t\t\t<\/div>\r\n\r\n\t\t\t\t\t<div class=\"faq-item-answer\">\r\n\t\t\t\t\t\t<div class=\"faq-item-answer-text\">W\u00e4hlen Sie einfach eine Vorlage aus dem Editor aus, personalisieren Sie sie mit Ihren Inhalten und betten Sie sie mithilfe des bereitgestellten einzigartigen HTML-Codes in Ihre Facebook-Seite ein. <\/div>\r\n\t\t\t\t\t<\/div>\r\n\t\t\t\t<\/div><div class=\"faq-item\">\r\n\t\t\t\t\t<div class=\"faq-item-question\">\r\n\t\t\t\t\t\t<h3 class=\"faq-item-question-text\">Welche Arten von Zeitleisten kann ich erstellen? <\/h3>\r\n\r\n\t\t\t\t\t\t<div class=\"faq-item-question-icon\"><\/div>\r\n\t\t\t\t\t<\/div>\r\n\r\n\t\t\t\t\t<div class=\"faq-item-answer\">\r\n\t\t\t\t\t\t<div class=\"faq-item-answer-text\">Sie k\u00f6nnen eine breite Palette von Zeitleisten erstellen: Unternehmensgeschichte, Produktentwicklung, Projektfortschritt, Veranstaltungspl\u00e4ne und mehr. Das Elfsight Timeline-Widget ist vielseitig und kann an Ihre spezifischen Bed\u00fcrfnisse angepasst werden. <\/div>\r\n\t\t\t\t\t<\/div>\r\n\t\t\t\t<\/div><\/div><p><\/p>","protected":false},"excerpt":{"rendered":"","protected":false},"author":9,"featured_media":0,"parent":24929,"menu_order":0,"comment_status":"closed","ping_status":"closed","template":"templates\/template-application-platform.php","meta":{"publish_to_discourse":"","publish_post_category":"","wpdc_auto_publish_overridden":"","wpdc_topic_tags":"","wpdc_pin_topic":"","wpdc_pin_until":"","discourse_post_id":"","discourse_permalink":"","wpdc_publishing_response":"","wpdc_publishing_error":"","footnotes":""},"class_list":["post-24977","page","type-page","status-publish","hentry"],"yoast_head":"<!-- This site is optimized with the Yoast SEO plugin v25.3.1 - https:\/\/yoast.com\/wordpress\/plugins\/seo\/ -->\n<title>Timeline-Widget \u2013 F\u00fcgen Sie eine interaktive Timeline zu Facebook-Seiten hinzu<\/title>\n<meta name=\"description\" content=\"Erstellen Sie mit dem Zeitleisten-Widget von Efsight eine benutzerdefinierte Zeitleiste auf Facebook-Seiten. Pr\u00e4sentieren Sie wichtige Ereignisse, Meilensteine \u200b\u200bund Erfolge \u2013 keine Programmierung erforderlich.\" \/>\n<meta name=\"robots\" content=\"index, follow, max-snippet:-1, max-image-preview:large, max-video-preview:-1\" \/>\n<link rel=\"canonical\" href=\"https:\/\/elfsight.com\/de\/timeline-widget\/facebook\/\" \/>\n<meta property=\"og:locale\" content=\"de_DE\" \/>\n<meta property=\"og:type\" content=\"article\" \/>\n<meta property=\"og:title\" content=\"Timeline-Widget \u2013 F\u00fcgen Sie eine interaktive Timeline zu Facebook-Seiten hinzu\" \/>\n<meta property=\"og:description\" content=\"Erstellen Sie mit dem Zeitleisten-Widget von Efsight eine benutzerdefinierte Zeitleiste auf Facebook-Seiten. Pr\u00e4sentieren Sie wichtige Ereignisse, Meilensteine \u200b\u200bund Erfolge \u2013 keine Programmierung erforderlich.\" \/>\n<meta property=\"og:url\" content=\"https:\/\/elfsight.com\/de\/timeline-widget\/facebook\/\" \/>\n<meta property=\"og:site_name\" content=\"Elfsight DE\" \/>\n<meta property=\"article:modified_time\" content=\"2025-07-10T08:36:28+00:00\" \/>\n<meta name=\"twitter:card\" content=\"summary_large_image\" \/>\n<meta name=\"twitter:label1\" content=\"Gesch\u00e4tzte Lesezeit\" \/>\n\t<meta name=\"twitter:data1\" content=\"4\u00a0Minuten\" \/>\n<!-- \/ Yoast SEO plugin. -->","yoast_head_json":{"title":"Timeline-Widget \u2013 F\u00fcgen Sie eine interaktive Timeline zu Facebook-Seiten hinzu","description":"Erstellen Sie mit dem Zeitleisten-Widget von Efsight eine benutzerdefinierte Zeitleiste auf Facebook-Seiten. Pr\u00e4sentieren Sie wichtige Ereignisse, Meilensteine \u200b\u200bund Erfolge \u2013 keine Programmierung erforderlich.","robots":{"index":"index","follow":"follow","max-snippet":"max-snippet:-1","max-image-preview":"max-image-preview:large","max-video-preview":"max-video-preview:-1"},"canonical":"https:\/\/elfsight.com\/de\/timeline-widget\/facebook\/","og_locale":"de_DE","og_type":"article","og_title":"Timeline-Widget \u2013 F\u00fcgen Sie eine interaktive Timeline zu Facebook-Seiten hinzu","og_description":"Erstellen Sie mit dem Zeitleisten-Widget von Efsight eine benutzerdefinierte Zeitleiste auf Facebook-Seiten. Pr\u00e4sentieren Sie wichtige Ereignisse, Meilensteine \u200b\u200bund Erfolge \u2013 keine Programmierung erforderlich.","og_url":"https:\/\/elfsight.com\/de\/timeline-widget\/facebook\/","og_site_name":"Elfsight DE","article_modified_time":"2025-07-10T08:36:28+00:00","twitter_card":"summary_large_image","twitter_misc":{"Gesch\u00e4tzte Lesezeit":"4\u00a0Minuten"},"schema":{"@context":"https:\/\/schema.org","@graph":[{"@type":"WebPage","@id":"https:\/\/elfsight.com\/de\/timeline-widget\/facebook\/","url":"https:\/\/elfsight.com\/de\/timeline-widget\/facebook\/","name":"Timeline-Widget \u2013 F\u00fcgen Sie eine interaktive Timeline zu Facebook-Seiten hinzu","isPartOf":{"@id":"https:\/\/elfsight.com\/de\/#website"},"datePublished":"2025-03-12T08:34:08+00:00","dateModified":"2025-07-10T08:36:28+00:00","description":"Erstellen Sie mit dem Zeitleisten-Widget von Efsight eine benutzerdefinierte Zeitleiste auf Facebook-Seiten. Pr\u00e4sentieren Sie wichtige Ereignisse, Meilensteine \u200b\u200bund Erfolge \u2013 keine Programmierung erforderlich.","breadcrumb":{"@id":"https:\/\/elfsight.com\/de\/timeline-widget\/facebook\/#breadcrumb"},"inLanguage":"de","potentialAction":[{"@type":"ReadAction","target":["https:\/\/elfsight.com\/de\/timeline-widget\/facebook\/"]}]},{"@type":"BreadcrumbList","@id":"https:\/\/elfsight.com\/de\/timeline-widget\/facebook\/#breadcrumb","itemListElement":[{"@type":"ListItem","position":1,"name":"Home","item":"https:\/\/elfsight.com\/de\/"},{"@type":"ListItem","position":2,"name":"Timeline","item":"https:\/\/elfsight.com\/de\/timeline-widget\/"},{"@type":"ListItem","position":3,"name":"Timeline &#8211; Facebook"}]},{"@type":"WebSite","@id":"https:\/\/elfsight.com\/de\/#website","url":"https:\/\/elfsight.com\/de\/","name":"Elfsight DE","description":"Just another Elfsight Sites site","potentialAction":[{"@type":"SearchAction","target":{"@type":"EntryPoint","urlTemplate":"https:\/\/elfsight.com\/de\/?s={search_term_string}"},"query-input":{"@type":"PropertyValueSpecification","valueRequired":true,"valueName":"search_term_string"}}],"inLanguage":"de"}]}},"meta_box":{"industry":"","seo_heading":"","heading":"","description":"","cta_heading":"","cta_description":"","application":"24928","h1":"Timeline-Widget f\u00fcr Facebook-Seiten","h1_caption":"Zeigen Sie eine ansprechende Chronologie von Meilensteinen an, um Ihre Geschichte zu erz\u00e4hlen, Ihre Fortschritte oder Ereignisse mit einer interaktiven Zeitleiste auf Facebook-Seiten zu pr\u00e4sentieren.","application_category":[],"applications_title":"","applications_request_title":"","applications_request_button_text":"","hero_text":"","hero_video":"","hero_video_schema_markup":"","selling_points_title":"","selling_points_caption":"","selling_points":[],"selling_points_cta_text":"","features_title":"","features":"","ed_cta_examples_text":"","ed_cta_examples_hidden":"","ed_cta_demo_text":"","ed_cta_demo_hidden":"","why_caption":"","why_editor_title":"","why_editor_text":"","why_team_title":"","why_team_text":"","why_service_title":"","why_service_text":"","template_catalog_visible":"0","template_catalog_title":"","template_catalog_text":"","template_catalog_categories_visible":"","demo_title":"Erstellen Sie Ihr Facebook-Seiten-Timeline-Widget","demo_caption":"Passen Sie Ihre Zeitleiste an und f\u00fcgen Sie sie ganz einfach zu Ihrer Website hinzu!","default_faq_hidden":"","app_template_category":[],"platform":"216","template_public_id":"","codecanyon_url":"","codecanyon_item_id":"","codecanyon_price":"","pricing_caption":"","pricing_elfsight_apps_hide_column":"","pricing_elfsight_apps_url":"","pricing_codecanyon_price_caption":"","integration_category":[],"integration_request_title":"","integration_request_cta":"","integration_platform":"","integrations":[],"platform_category":[],"video_schema_markup":"","price":"ab 0 $ \/ Monat","trial":"","benefits":[],"button_url":"#demo","button_target_blank":"0","button_nofollow":"0","attributes":[{"name":"Installiert","content":"50,000 - 100,000","_state":"expanded"},{"name":"Reaktionsfreudig","content":"Ja","_state":"expanded"},{"name":"Kompatible Browser","content":"Firefox, Safari, Opera, Chrome, Edge","_state":"expanded"}],"tags":[],"tags_disable_links":"0","hide_more_platforms":"0","video_object":"","demo_hide_cta":"0","demo_hide_cloud_options":"0","pricing_title":"","pricing":[{"pricing_icon":"platform","pricing_title":"Elfsight Apps","pricing_title_caption":"Plattform\u00fcbergreifende Software, die f\u00fcr jede Website geeignet ist","pricing_price":"ab 0 $ \/ Monat","pricing_price_caption":"Beginnen Sie mit einem kostenlosen Plan","pricing_benefits":[{"text":"Unbegrenzte Websites"},{"text":"Premium-Kundensupport"},{"text":"Kostenlose Installationshilfe"},{"text":"Flexibles Design"}],"pricing_button_text":"Zur Website hinzuf\u00fcgen","pricing_button_url":"#demo"}],"related_apps_title":"","related_apps_hidden":"0","author":"","image":[],"title":"","job":"","social_networks":[]},"_links":{"self":[{"href":"https:\/\/elfsight.com\/de\/wp-json\/wp\/v2\/pages\/24977","targetHints":{"allow":["GET"]}}],"collection":[{"href":"https:\/\/elfsight.com\/de\/wp-json\/wp\/v2\/pages"}],"about":[{"href":"https:\/\/elfsight.com\/de\/wp-json\/wp\/v2\/types\/page"}],"author":[{"embeddable":true,"href":"https:\/\/elfsight.com\/de\/wp-json\/wp\/v2\/users\/9"}],"replies":[{"embeddable":true,"href":"https:\/\/elfsight.com\/de\/wp-json\/wp\/v2\/comments?post=24977"}],"version-history":[{"count":1,"href":"https:\/\/elfsight.com\/de\/wp-json\/wp\/v2\/pages\/24977\/revisions"}],"predecessor-version":[{"id":24981,"href":"https:\/\/elfsight.com\/de\/wp-json\/wp\/v2\/pages\/24977\/revisions\/24981"}],"up":[{"embeddable":true,"href":"https:\/\/elfsight.com\/de\/wp-json\/wp\/v2\/pages\/24929"}],"wp:attachment":[{"href":"https:\/\/elfsight.com\/de\/wp-json\/wp\/v2\/media?parent=24977"}],"curies":[{"name":"wp","href":"https:\/\/api.w.org\/{rel}","templated":true}]}}