{"id":2441,"date":"2020-08-31T17:05:35","date_gmt":"2020-08-31T17:05:35","guid":{"rendered":"https:\/\/elfsight.com\/de\/?page_id=2441"},"modified":"2020-09-27T16:15:14","modified_gmt":"2020-09-27T16:15:14","slug":"examples","status":"publish","type":"page","link":"https:\/\/elfsight.com\/de\/telegram-chat-widget\/examples\/","title":{"rendered":"Telegram Chat &#8211; Examples"},"content":{"rendered":"\n<div class=\"application-examples-item application-examples-item-loading\">\n                            <div class=\"col-row\">\n                                <div class=\"col-6 col-m-8 col-s-12\"><h3 class=\"application-examples-item-title\">Beispiel 1. General<\/h3><div class=\"application-examples-item-description\">Hier gibt es das typischste Beispiel der Telegram Chat-Box auf eine Webseite. Die Schwimmblase Option ist ausgew\u00e4hlt, und der Chat h\u00e4lt sich ausgewogenen und doch anschaulich. Ein bemerkbares Symbol des Chats ist in der Blase befestigt, und das Chat-Fenster hat eigene Telegram F\u00e4rben.<\/div><\/div>\n                <\/div>\n\n                <div class=\"application-examples-item-iframe-container browser-frame\">\n                    <div class=\"application-examples-item-iframe-wrapper\">\n                        <iframe class=\"application-examples-item-iframe application-examples-item-iframe-fixed-height\" data-src=\"https:\/\/elfsight.com\/examples?widget_id=6c2beadb-7bc4-495b-b941-8a6ae9e952d4&padding=28px+40px+40px\" width=\"100%\" height=\"500\" allow=\"autoplay; fullscreen\"><\/iframe>\n                    <\/div>\n\n                    <div class=\"application-examples-item-loader\"><\/div>\n                <\/div>\n            <\/div>\n\n<div class=\"application-examples-item application-examples-item-loading\">\n                            <div class=\"col-row\">\n                                <div class=\"col-6 col-m-8 col-s-12\"><h3 class=\"application-examples-item-title\">Beispiel 2. Support<\/h3><div class=\"application-examples-item-description\">Das Bild der Kopfzeile hier f\u00fchrt ein Foto des Kundendienstmitarbeiter vor und die Beschriftung wird verwendet, um die Antwortzeit zu festlegen. Dadurch verstehen die Benutzer, das sie werden mit einer echten Person chatten, und wissen sie ein ungef\u00e4hre Zeit der Antwort. Der Chat kann hilfreich bei der Organisation von dem technischen Support sein.<\/div><\/div>\n                <\/div>\n\n                <div class=\"application-examples-item-iframe-container browser-frame\">\n                    <div class=\"application-examples-item-iframe-wrapper\">\n                        <iframe class=\"application-examples-item-iframe application-examples-item-iframe-fixed-height\" data-src=\"https:\/\/elfsight.com\/examples?widget_id=d552e1e4-18ec-42b3-a2d7-f1356ae5c6b9&padding=28px+40px+40px\" width=\"100%\" height=\"500px\" allow=\"autoplay; fullscreen\"><\/iframe>\n                    <\/div>\n\n                    <div class=\"application-examples-item-loader\"><\/div>\n                <\/div>\n            <\/div>\n\n<div class=\"application-examples-item application-examples-item-loading\">\n                            <div class=\"col-row\">\n                                <div class=\"col-6 col-m-8 col-s-12\"><h3 class=\"application-examples-item-title\">Beispiel 3. Angebot<\/h3><div class=\"application-examples-item-description\">Dieser Chat sieht  charakteristisch und  leuchtend aus wegen der Anpassungsoptionen. Die Kopfzeile war schwarz gestrichen, und die Taste \u201eStart Chat\u201c war rot geworden. Sie k\u00f6nnen also ein Profilbild des Manager, seine Nahm und Position auf der Kopfzeile sehen. So kann man Telegram Chat benutzen, um neue Verk\u00e4ufe anzuziehen.<\/div><\/div>\n                <\/div>\n\n                <div class=\"application-examples-item-iframe-container browser-frame\">\n                    <div class=\"application-examples-item-iframe-wrapper\">\n                        <iframe class=\"application-examples-item-iframe application-examples-item-iframe-fixed-height\" data-src=\"https:\/\/elfsight.com\/examples?widget_id=9f614818-41b4-45c2-9f03-494a6ef259c0&padding=28px+40px+40px\" width=\"100%\" height=\"500px\" allow=\"autoplay; fullscreen\"><\/iframe>\n                    <\/div>\n\n                    <div class=\"application-examples-item-loader\"><\/div>\n                <\/div>\n            <\/div>\n\n<div class=\"application-examples-item application-examples-item-loading\">\n                            <div class=\"col-row\">\n                                <div class=\"col-6 col-m-8 col-s-12\"><h3 class=\"application-examples-item-title\">Beispiel 4. Buchung<\/h3><div class=\"application-examples-item-description\">Dieser Chat kann die Benutzer mit der Reservierung helfen, und der Begr\u00fc\u00dfungstext hier bietet Unterst\u00fctzung bei allen verf\u00fcgbaren Optionen, damit es zieht die Kunden an, um die Gespr\u00e4ch zu beginnen. Die Kopfzeile und die Chat-Blase sind so gestrichen, um eine bekannte Buchungsservice zu erinnern. Die Taste \u201eStart-Chat\u201c hat originell blaue F\u00e4rbung und enthaltet das Telegram Symbol.<\/div><\/div>\n                <\/div>\n\n                <div class=\"application-examples-item-iframe-container browser-frame\">\n                    <div class=\"application-examples-item-iframe-wrapper\">\n                        <iframe class=\"application-examples-item-iframe application-examples-item-iframe-fixed-height\" data-src=\"https:\/\/elfsight.com\/examples?widget_id=7b70c4cb-191c-482e-84b0-83be9ed72ac5&padding=28px+40px+40px\" width=\"100%\" height=\"500px\" allow=\"autoplay; fullscreen\"><\/iframe>\n                    <\/div>\n\n                    <div class=\"application-examples-item-loader\"><\/div>\n                <\/div>\n            <\/div>\n\n<div class=\"application-cta-create\">\n                    <div class=\"application-cta-create-bg\">\n                        <div class=\"application-cta-create-bg-left\"><\/div>\n\n                        <div class=\"application-cta-create-bg-right\">\n                            <img decoding=\"async\" src=\"https:\/\/elfsight.com\/de\/wp-content\/themes\/elfsight\/frontend\/assets\/img\/application-cta-create.jpg\" alt=\"Beginnen Sie mit der Erstellung Ihres Widgets\">\n                        <\/div>\n                    <\/div>\n\n                    <div class=\"application-cta-create-content inner\">\n                        <div class=\"application-cta-create-content-inner\">\n                            <div class=\"application-cta-create-content-icon\">\n                                <svg viewBox=\"0 0 25 25\" width=\"100%\" height=\"100%\">\n                                    <use xlink:href=\"#icon-settings\"><\/use>\n                                <\/svg>\n                            <\/div>\n\n                            <div class=\"application-cta-create-content-title\">Beginnen Sie mit der Erstellung Ihres Widgets<\/div>\n\n                            <div class=\"application-cta-create-content-text\">Schnell. Einfach. Keine Codierung.<\/div>\n\n                            <a class=\"application-cta-create-content-button button-48 button-has-right-icon button-black button\" href=\"\">\n                                <span class=\"button-label\">Widget erstellen<\/span>\n\n                                <svg class=\"button-icon\">\n                                    <use xlink:href=\"#icon-arrow-link\"><\/use>\n                                <\/svg>\n                            <\/a>\n                        <\/div>\n                    <\/div>\n                <\/div>\n\n<div class=\"application-examples-item application-examples-item-loading\">\n                            <div class=\"col-row\">\n                                <div class=\"col-6 col-m-8 col-s-12\"><h3 class=\"application-examples-item-title\">Beispiel 5. Feedback<\/h3><div class=\"application-examples-item-description\">Das Feedback-Formular da ist als eine Schwimmblase vorgestellt. Kunden k\u00f6nnen ihre Gedanken teilen, wenn sie wollen. Dieses Chat-Fenster ist mit benutzerdefiniertem Text und einem Symbol, das eine neue Nachricht meldet, versorgt. Klicken auf die Blase, und Sie werden der Chat \u00f6ffnen und der Name und das Profilbild eines Managers sehen. Wenn k\u00f6nnen Sie das Foto nicht finden, es wird einfach aus unserer Galerie gew\u00e4hlt.<\/div><\/div>\n                <\/div>\n\n                <div class=\"application-examples-item-iframe-container browser-frame\">\n                    <div class=\"application-examples-item-iframe-wrapper\">\n                        <iframe class=\"application-examples-item-iframe application-examples-item-iframe-fixed-height\" data-src=\"https:\/\/elfsight.com\/examples?widget_id=5bb95932-3fe8-4562-8773-ec5a510657b2&padding=28px+40px+40px\" width=\"100%\" height=\"500px\" allow=\"autoplay; fullscreen\"><\/iframe>\n                    <\/div>\n\n                    <div class=\"application-examples-item-loader\"><\/div>\n                <\/div>\n            <\/div>\n\n<div class=\"application-examples-item application-examples-item-loading\">\n                            <div class=\"col-row\">\n                                <div class=\"col-6 col-m-8 col-s-12\"><h3 class=\"application-examples-item-title\">Beispiel 6. Onboarding<\/h3><div class=\"application-examples-item-description\">Um Ihre G\u00e4ste mehre Angaben \u00fcber Ihren Waren und Dienstlungen zu geben, k\u00f6nnen Sie eine unaufdringlich Chat-Box auf Ihrer Webseite n\u00fctzen. Die Chat-Blase zeigt da nur ein Symbol ein, das hat die Benachrichtigung \u00fcber eine neue Nachricht. Der Chat ist in neue F\u00e4rben vorgestellt: die Kopfzeile ist hellviolett, und die Taste \u201eStart Chat\u201c ist  leuchtend violett wie die Chat-Blase.<\/div><\/div>\n                <\/div>\n\n                <div class=\"application-examples-item-iframe-container browser-frame\">\n                    <div class=\"application-examples-item-iframe-wrapper\">\n                        <iframe class=\"application-examples-item-iframe application-examples-item-iframe-fixed-height\" data-src=\"https:\/\/elfsight.com\/examples?widget_id=c742f8c4-8e05-4aab-a298-782401a7e5a5&padding=28px+40px+40px\" width=\"100%\" height=\"500px\" allow=\"autoplay; fullscreen\"><\/iframe>\n                    <\/div>\n\n                    <div class=\"application-examples-item-loader\"><\/div>\n                <\/div>\n            <\/div>\n\n<div class=\"application-examples-item application-examples-item-loading\">\n                            <div class=\"col-row\">\n                                <div class=\"col-6 col-m-8 col-s-12\"><h3 class=\"application-examples-item-title\">Beispiel 7. Konsultation<\/h3><div class=\"application-examples-item-description\">Wie haben ein gutes Beispiel von  Beratungsgesch\u00e4ft bei Kunden \u00fcber Ihre Angebot. Sie k\u00f6nnen die Schwimmblase Zentrum, links oder rechts ausrichten. Die Chat-Box Kopfzeile und die Chat-Blase sind der gleichen blauen Farbe. Die Begr\u00fc\u00dfungsnachricht hier funktioniert als ein Chat-Trigger.<\/div><\/div>\n                <\/div>\n\n                <div class=\"application-examples-item-iframe-container browser-frame\">\n                    <div class=\"application-examples-item-iframe-wrapper\">\n                        <iframe class=\"application-examples-item-iframe application-examples-item-iframe-fixed-height\" data-src=\"https:\/\/elfsight.com\/examples?widget_id=dbdbfcb2-b059-461b-8843-0ebd1ac7ee76&padding=28px+40px+40px\" width=\"100%\" height=\"500px\" allow=\"autoplay; fullscreen\"><\/iframe>\n                    <\/div>\n\n                    <div class=\"application-examples-item-loader\"><\/div>\n                <\/div>\n            <\/div>\n\n<!--[application_example title=\"Beispiel 8. Embed Chat Button\" description=\"Das Chat-Fenster da ist in die Inhaltszone der Webseite eingebunden. Es pr\u00e4sentiert das Telegram Symbole und einen benutzerdefinierten Text. Klicken Sie auf die Chat-Box, und sehen Sie den Personennamen und die  Begr\u00fc\u00dfung des Chats.\" padding=\"400px 0 100px\" link=\"https:\/\/elfsight.com\/examples?widget_id=1a17f451-4cca-4af1-bcb9-06599797afe7\"]\n\n[application_example title=\"Beispiel 9. Embed Chat-Fenster\" description=\"Das ge\u00f6ffnete Chat-Fenster kann auf jeder auf Ihre Webseiten eingebettet. Die Benutzer sehen die Chat-Box, die ihnen  begr\u00fc\u00dft, um ein Gespr\u00e4ch zu beginnen. Das Widget da n\u00fctzt originell Telegram F\u00e4rbung und ist mit Profilbild und Name des Chatperson geliefert.\" padding=\"28px 40px 40px\" height=\"500px\" link=\"https:\/\/elfsight.com\/examples?widget_id=af040323-b36d-4cb5-9a4f-8ead1fdacfaf\n\"]-->\n","protected":false},"excerpt":{"rendered":"","protected":false},"author":13,"featured_media":0,"parent":2430,"menu_order":0,"comment_status":"closed","ping_status":"closed","template":"templates\/template-application-examples.php","meta":{"publish_to_discourse":"","publish_post_category":"","wpdc_auto_publish_overridden":"","wpdc_topic_tags":"","wpdc_pin_topic":"","wpdc_pin_until":"","discourse_post_id":"","discourse_permalink":"","wpdc_publishing_response":"","wpdc_publishing_error":"","footnotes":""},"class_list":["post-2441","page","type-page","status-publish","hentry"],"yoast_head":"<!-- This site is optimized with the Yoast SEO plugin v25.3.1 - https:\/\/yoast.com\/wordpress\/plugins\/seo\/ -->\n<title>TOP 7 Beispiele von Telegram Live Chat Widget (in 2025)<\/title>\n<meta name=\"description\" content=\"TOP 7 Website Telegram Widget Beispiele. General, Support, Angebot, Konsultation, Feedback, Chat Taste und Messenger-Fenster f\u00fcr Ihre Website.\" \/>\n<meta name=\"robots\" content=\"index, follow, max-snippet:-1, max-image-preview:large, max-video-preview:-1\" \/>\n<link rel=\"canonical\" href=\"https:\/\/elfsight.com\/de\/telegram-chat-widget\/examples\/\" \/>\n<meta property=\"og:locale\" content=\"de_DE\" \/>\n<meta property=\"og:type\" content=\"article\" \/>\n<meta property=\"og:title\" content=\"TOP 7 Beispiele von Telegram Live Chat Widget (in 2025)\" \/>\n<meta property=\"og:description\" content=\"TOP 7 Website Telegram Widget Beispiele. General, Support, Angebot, Konsultation, Feedback, Chat Taste und Messenger-Fenster f\u00fcr Ihre Website.\" \/>\n<meta property=\"og:url\" content=\"https:\/\/elfsight.com\/de\/telegram-chat-widget\/examples\/\" \/>\n<meta property=\"og:site_name\" content=\"Elfsight DE\" \/>\n<meta property=\"article:modified_time\" content=\"2020-09-27T16:15:14+00:00\" \/>\n<meta name=\"twitter:card\" content=\"summary_large_image\" \/>\n<meta name=\"twitter:label1\" content=\"Gesch\u00e4tzte Lesezeit\" \/>\n\t<meta name=\"twitter:data1\" content=\"3\u00a0Minuten\" \/>\n<!-- \/ Yoast SEO plugin. -->","yoast_head_json":{"title":"TOP 7 Beispiele von Telegram Live Chat Widget (in 2025)","description":"TOP 7 Website Telegram Widget Beispiele. General, Support, Angebot, Konsultation, Feedback, Chat Taste und Messenger-Fenster f\u00fcr Ihre Website.","robots":{"index":"index","follow":"follow","max-snippet":"max-snippet:-1","max-image-preview":"max-image-preview:large","max-video-preview":"max-video-preview:-1"},"canonical":"https:\/\/elfsight.com\/de\/telegram-chat-widget\/examples\/","og_locale":"de_DE","og_type":"article","og_title":"TOP 7 Beispiele von Telegram Live Chat Widget (in 2025)","og_description":"TOP 7 Website Telegram Widget Beispiele. General, Support, Angebot, Konsultation, Feedback, Chat Taste und Messenger-Fenster f\u00fcr Ihre Website.","og_url":"https:\/\/elfsight.com\/de\/telegram-chat-widget\/examples\/","og_site_name":"Elfsight DE","article_modified_time":"2020-09-27T16:15:14+00:00","twitter_card":"summary_large_image","twitter_misc":{"Gesch\u00e4tzte Lesezeit":"3\u00a0Minuten"},"schema":{"@context":"https:\/\/schema.org","@graph":[{"@type":"WebPage","@id":"https:\/\/elfsight.com\/de\/telegram-chat-widget\/examples\/","url":"https:\/\/elfsight.com\/de\/telegram-chat-widget\/examples\/","name":"TOP 7 Beispiele von Telegram Live Chat Widget (in 2025)","isPartOf":{"@id":"https:\/\/elfsight.com\/de\/#website"},"datePublished":"2020-08-31T17:05:35+00:00","dateModified":"2020-09-27T16:15:14+00:00","description":"TOP 7 Website Telegram Widget Beispiele. General, Support, Angebot, Konsultation, Feedback, Chat Taste und Messenger-Fenster f\u00fcr Ihre Website.","breadcrumb":{"@id":"https:\/\/elfsight.com\/de\/telegram-chat-widget\/examples\/#breadcrumb"},"inLanguage":"de","potentialAction":[{"@type":"ReadAction","target":["https:\/\/elfsight.com\/de\/telegram-chat-widget\/examples\/"]}]},{"@type":"BreadcrumbList","@id":"https:\/\/elfsight.com\/de\/telegram-chat-widget\/examples\/#breadcrumb","itemListElement":[{"@type":"ListItem","position":1,"name":"Home","item":"https:\/\/elfsight.com\/de\/"},{"@type":"ListItem","position":2,"name":"Telegram Chat","item":"https:\/\/elfsight.com\/de\/telegram-chat-widget\/"},{"@type":"ListItem","position":3,"name":"Telegram Chat &#8211; Examples"}]},{"@type":"WebSite","@id":"https:\/\/elfsight.com\/de\/#website","url":"https:\/\/elfsight.com\/de\/","name":"Elfsight DE","description":"Just another Elfsight Sites site","potentialAction":[{"@type":"SearchAction","target":{"@type":"EntryPoint","urlTemplate":"https:\/\/elfsight.com\/de\/?s={search_term_string}"},"query-input":{"@type":"PropertyValueSpecification","valueRequired":true,"valueName":"search_term_string"}}],"inLanguage":"de"}]}},"meta_box":{"industry":"","seo_heading":"","heading":"","description":"","cta_heading":"","cta_description":"","application":"497","h1":"","h1_caption":"","application_category":[],"applications_title":"","applications_request_title":"","applications_request_button_text":"","hero_text":"","hero_video":"","hero_video_schema_markup":"","selling_points_title":"","selling_points_caption":"","selling_points":[],"selling_points_cta_text":"","features_title":"","features":"","ed_cta_examples_text":"","ed_cta_examples_hidden":"","ed_cta_demo_text":"","ed_cta_demo_hidden":"","why_caption":"","why_editor_title":"","why_editor_text":"","why_team_title":"","why_team_text":"","why_service_title":"","why_service_text":"","template_catalog_visible":"","template_catalog_title":"","template_catalog_text":"","template_catalog_categories_visible":"","demo_title":"","demo_caption":"","default_faq_hidden":"","app_template_category":[],"platform":"","template_public_id":"","codecanyon_url":"","codecanyon_item_id":"","codecanyon_price":"","pricing_caption":"","pricing_elfsight_apps_hide_column":"","pricing_elfsight_apps_url":"","pricing_codecanyon_price_caption":"","integration_category":[],"integration_request_title":"","integration_request_cta":"","integration_platform":"","integrations":[],"platform_category":[],"video_schema_markup":"","price":"","trial":"","benefits":[],"button_url":"","button_target_blank":"","button_nofollow":"","attributes":[],"tags":[],"tags_disable_links":"","hide_more_platforms":"","video_object":"","demo_hide_cta":"","demo_hide_cloud_options":"","pricing_title":"","pricing":[],"related_apps_title":"","related_apps_hidden":"","author":"","image":[],"title":"","job":"","social_networks":[]},"_links":{"self":[{"href":"https:\/\/elfsight.com\/de\/wp-json\/wp\/v2\/pages\/2441","targetHints":{"allow":["GET"]}}],"collection":[{"href":"https:\/\/elfsight.com\/de\/wp-json\/wp\/v2\/pages"}],"about":[{"href":"https:\/\/elfsight.com\/de\/wp-json\/wp\/v2\/types\/page"}],"author":[{"embeddable":true,"href":"https:\/\/elfsight.com\/de\/wp-json\/wp\/v2\/users\/13"}],"replies":[{"embeddable":true,"href":"https:\/\/elfsight.com\/de\/wp-json\/wp\/v2\/comments?post=2441"}],"version-history":[{"count":6,"href":"https:\/\/elfsight.com\/de\/wp-json\/wp\/v2\/pages\/2441\/revisions"}],"predecessor-version":[{"id":2447,"href":"https:\/\/elfsight.com\/de\/wp-json\/wp\/v2\/pages\/2441\/revisions\/2447"}],"up":[{"embeddable":true,"href":"https:\/\/elfsight.com\/de\/wp-json\/wp\/v2\/pages\/2430"}],"wp:attachment":[{"href":"https:\/\/elfsight.com\/de\/wp-json\/wp\/v2\/media?parent=2441"}],"curies":[{"name":"wp","href":"https:\/\/api.w.org\/{rel}","templated":true}]}}