{"id":2439,"date":"2020-08-31T16:53:37","date_gmt":"2020-08-31T16:53:37","guid":{"rendered":"https:\/\/elfsight.com\/de\/?page_id=2439"},"modified":"2020-09-10T14:40:23","modified_gmt":"2020-09-10T14:40:23","slug":"create","status":"publish","type":"page","link":"https:\/\/elfsight.com\/de\/telegram-chat-widget\/create\/","title":{"rendered":"Telegram Chat &#8211; Create"},"content":{"rendered":"\n<div class=\"faq\" data-component=\"FAQ\">\n<div class=\"faq-item\">\r\n\t\t\t\t\t<div class=\"faq-item-question\">\r\n\t\t\t\t\t\t<h3 class=\"faq-item-question-text\">Was ist ein Telegram Chat Widget f\u00fcr Website? <\/h3>\r\n\r\n\t\t\t\t\t\t<div class=\"faq-item-question-icon\"><\/div>\r\n\t\t\t\t\t<\/div>\r\n\r\n\t\t\t\t\t<div class=\"faq-item-answer\">\r\n\t\t\t\t\t\t<div class=\"faq-item-answer-text\">\nDas Telegram Chat Widget ist ein interaktives Instrument, das ist tats\u00e4chlich f\u00fcr die Verbesserung Ihrer Website-Leistung. Es hilft bei Verkaufsf\u00f6rderung auf Ihrer Web-Seite. \n<\/div>\r\n\t\t\t\t\t<\/div>\r\n\t\t\t\t<\/div>\n<div class=\"faq-item\">\r\n\t\t\t\t\t<div class=\"faq-item-question\">\r\n\t\t\t\t\t\t<h3 class=\"faq-item-question-text\">Ist es m\u00f6glich, die Gestaltung des Widget zu anpassen? <\/h3>\r\n\r\n\t\t\t\t\t\t<div class=\"faq-item-question-icon\"><\/div>\r\n\t\t\t\t\t<\/div>\r\n\r\n\t\t\t\t\t<div class=\"faq-item-answer\">\r\n\t\t\t\t\t\t<div class=\"faq-item-answer-text\">\n Sicher! \u00d6ffnen Sie Registerkarte Stil unseres Online-Konfigurators und umstellen Sie die Einstellungen des Widgets. Sie k\u00f6nnen alle Modifikationen in Live-Zeit sehen. \n<\/div>\r\n\t\t\t\t\t<\/div>\r\n\t\t\t\t<\/div>\n<div class=\"faq-item\">\r\n\t\t\t\t\t<div class=\"faq-item-question\">\r\n\t\t\t\t\t\t<h3 class=\"faq-item-question-text\">Wie kann ich das Telegram Chat Widget auf meiner Website-Vorlage integrieren? <\/h3>\r\n\r\n\t\t\t\t\t\t<div class=\"faq-item-question-icon\"><\/div>\r\n\t\t\t\t\t<\/div>\r\n\r\n\t\t\t\t\t<div class=\"faq-item-answer\">\r\n\t\t\t\t\t\t<div class=\"faq-item-answer-text\">\n Brauchen Sie nur noch zu unserem Online-Editor gehen und da zun\u00e4chst ein Widget zu bauen. Danach speichern Sie alle benutzerdefinierten Anpassungen. Kopieren Sie den Widget-Code aus dem Popup-Fenster. Setzen Sie dann den Code im erforderlichen Bereich Ihrer Seite-Vorlage. Falls Sie w\u00e4hrend Widgets Einbau irgendwelche Fragen haben, rufen Sie unser Support-Team. \n<\/div>\r\n\t\t\t\t\t<\/div>\r\n\t\t\t\t<\/div>\n<div class=\"faq-item\">\r\n\t\t\t\t\t<div class=\"faq-item-question\">\r\n\t\t\t\t\t\t<h3 class=\"faq-item-question-text\">Wie kann die Gr\u00f6\u00dfe und Farbe eines Widget ver\u00e4ndern? <\/h3>\r\n\r\n\t\t\t\t\t\t<div class=\"faq-item-question-icon\"><\/div>\r\n\t\t\t\t\t<\/div>\r\n\r\n\t\t\t\t\t<div class=\"faq-item-answer\">\r\n\t\t\t\t\t\t<div class=\"faq-item-answer-text\">\nElfsight Live-Editor beschert Ihnen volle Flexibilit\u00e4t f\u00fcr die Anpassungsf\u00e4higkeit Ihres Widgets. Sie k\u00f6nnen die Gr\u00f6\u00dfe des Widgets in Bildpunkten einstellen, oder nutzen Sie eine selbstt\u00e4tige Gr\u00f6\u00dfeneinstellung. Somit k\u00f6nnen Sie jede F\u00e4rbung aus der Farbpalette aussuchen oder einer von vorgelegte Farbschemata bedienen. \n<\/div>\r\n\t\t\t\t\t<\/div>\r\n\t\t\t\t<\/div>\n<\/div>\n\n","protected":false},"excerpt":{"rendered":"","protected":false},"author":13,"featured_media":0,"parent":2430,"menu_order":0,"comment_status":"closed","ping_status":"closed","template":"templates\/template-application-create.php","meta":{"publish_to_discourse":"","publish_post_category":"","wpdc_auto_publish_overridden":"","wpdc_topic_tags":"","wpdc_pin_topic":"","wpdc_pin_until":"","discourse_post_id":"","discourse_permalink":"","wpdc_publishing_response":"","wpdc_publishing_error":"","footnotes":""},"class_list":["post-2439","page","type-page","status-publish","hentry"],"yoast_head":"<!-- This site is optimized with the Yoast SEO plugin v25.3.1 - https:\/\/yoast.com\/wordpress\/plugins\/seo\/ -->\n<title>Wie man erstellt ein Telegram Chat Widget f\u00fcr Webseite (2025)<\/title>\n<meta name=\"description\" content=\"Erstellen ein Telegram Chat f\u00fcr Webseite durch kostenlosem Editor. Holen Ihre Telegram Messenger Widget sofort mithilfe unseres Editors!\" \/>\n<meta name=\"robots\" content=\"index, follow, max-snippet:-1, max-image-preview:large, max-video-preview:-1\" \/>\n<link rel=\"canonical\" href=\"https:\/\/elfsight.com\/de\/telegram-chat-widget\/create\/\" \/>\n<meta property=\"og:locale\" content=\"de_DE\" \/>\n<meta property=\"og:type\" content=\"article\" \/>\n<meta property=\"og:title\" content=\"Wie man erstellt ein Telegram Chat Widget f\u00fcr Webseite (2025)\" \/>\n<meta property=\"og:description\" content=\"Erstellen ein Telegram Chat f\u00fcr Webseite durch kostenlosem Editor. Holen Ihre Telegram Messenger Widget sofort mithilfe unseres Editors!\" \/>\n<meta property=\"og:url\" content=\"https:\/\/elfsight.com\/de\/telegram-chat-widget\/create\/\" \/>\n<meta property=\"og:site_name\" content=\"Elfsight DE\" \/>\n<meta property=\"article:modified_time\" content=\"2020-09-10T14:40:23+00:00\" \/>\n<meta name=\"twitter:card\" content=\"summary_large_image\" \/>\n<meta name=\"twitter:label1\" content=\"Gesch\u00e4tzte Lesezeit\" \/>\n\t<meta name=\"twitter:data1\" content=\"1\u00a0Minute\" \/>\n<!-- \/ Yoast SEO plugin. -->","yoast_head_json":{"title":"Wie man erstellt ein Telegram Chat Widget f\u00fcr Webseite (2025)","description":"Erstellen ein Telegram Chat f\u00fcr Webseite durch kostenlosem Editor. Holen Ihre Telegram Messenger Widget sofort mithilfe unseres Editors!","robots":{"index":"index","follow":"follow","max-snippet":"max-snippet:-1","max-image-preview":"max-image-preview:large","max-video-preview":"max-video-preview:-1"},"canonical":"https:\/\/elfsight.com\/de\/telegram-chat-widget\/create\/","og_locale":"de_DE","og_type":"article","og_title":"Wie man erstellt ein Telegram Chat Widget f\u00fcr Webseite (2025)","og_description":"Erstellen ein Telegram Chat f\u00fcr Webseite durch kostenlosem Editor. Holen Ihre Telegram Messenger Widget sofort mithilfe unseres Editors!","og_url":"https:\/\/elfsight.com\/de\/telegram-chat-widget\/create\/","og_site_name":"Elfsight DE","article_modified_time":"2020-09-10T14:40:23+00:00","twitter_card":"summary_large_image","twitter_misc":{"Gesch\u00e4tzte Lesezeit":"1\u00a0Minute"},"schema":{"@context":"https:\/\/schema.org","@graph":[{"@type":"WebPage","@id":"https:\/\/elfsight.com\/de\/telegram-chat-widget\/create\/","url":"https:\/\/elfsight.com\/de\/telegram-chat-widget\/create\/","name":"Wie man erstellt ein Telegram Chat Widget f\u00fcr Webseite (2025)","isPartOf":{"@id":"https:\/\/elfsight.com\/de\/#website"},"datePublished":"2020-08-31T16:53:37+00:00","dateModified":"2020-09-10T14:40:23+00:00","description":"Erstellen ein Telegram Chat f\u00fcr Webseite durch kostenlosem Editor. Holen Ihre Telegram Messenger Widget sofort mithilfe unseres Editors!","breadcrumb":{"@id":"https:\/\/elfsight.com\/de\/telegram-chat-widget\/create\/#breadcrumb"},"inLanguage":"de","potentialAction":[{"@type":"ReadAction","target":["https:\/\/elfsight.com\/de\/telegram-chat-widget\/create\/"]}]},{"@type":"BreadcrumbList","@id":"https:\/\/elfsight.com\/de\/telegram-chat-widget\/create\/#breadcrumb","itemListElement":[{"@type":"ListItem","position":1,"name":"Home","item":"https:\/\/elfsight.com\/de\/"},{"@type":"ListItem","position":2,"name":"Telegram Chat","item":"https:\/\/elfsight.com\/de\/telegram-chat-widget\/"},{"@type":"ListItem","position":3,"name":"Telegram Chat &#8211; Create"}]},{"@type":"WebSite","@id":"https:\/\/elfsight.com\/de\/#website","url":"https:\/\/elfsight.com\/de\/","name":"Elfsight DE","description":"Just another Elfsight Sites site","potentialAction":[{"@type":"SearchAction","target":{"@type":"EntryPoint","urlTemplate":"https:\/\/elfsight.com\/de\/?s={search_term_string}"},"query-input":{"@type":"PropertyValueSpecification","valueRequired":true,"valueName":"search_term_string"}}],"inLanguage":"de"}]}},"meta_box":{"industry":"","seo_heading":"","heading":"","description":"","cta_heading":"","cta_description":"","application":"497","h1":"","h1_caption":"","application_category":[],"applications_title":"","applications_request_title":"","applications_request_button_text":"","hero_text":"","hero_video":"","hero_video_schema_markup":"","selling_points_title":"","selling_points_caption":"","selling_points":[],"selling_points_cta_text":"","features_title":"","features":"","ed_cta_examples_text":"","ed_cta_examples_hidden":"","ed_cta_demo_text":"","ed_cta_demo_hidden":"","why_caption":"","why_editor_title":"","why_editor_text":"","why_team_title":"","why_team_text":"","why_service_title":"","why_service_text":"","template_catalog_visible":"","template_catalog_title":"","template_catalog_text":"","template_catalog_categories_visible":"","demo_title":"","demo_caption":"","default_faq_hidden":"","app_template_category":[],"platform":"","template_public_id":"","codecanyon_url":"","codecanyon_item_id":"","codecanyon_price":"","pricing_caption":"","pricing_elfsight_apps_hide_column":"","pricing_elfsight_apps_url":"","pricing_codecanyon_price_caption":"","integration_category":[],"integration_request_title":"","integration_request_cta":"","integration_platform":"","integrations":[],"platform_category":[],"video_schema_markup":"","price":"","trial":"","benefits":[],"button_url":"","button_target_blank":"","button_nofollow":"","attributes":[],"tags":[],"tags_disable_links":"","hide_more_platforms":"","video_object":"","demo_hide_cta":"","demo_hide_cloud_options":"","pricing_title":"","pricing":[],"related_apps_title":"","related_apps_hidden":"","author":"","image":[],"title":"","job":"","social_networks":[]},"_links":{"self":[{"href":"https:\/\/elfsight.com\/de\/wp-json\/wp\/v2\/pages\/2439","targetHints":{"allow":["GET"]}}],"collection":[{"href":"https:\/\/elfsight.com\/de\/wp-json\/wp\/v2\/pages"}],"about":[{"href":"https:\/\/elfsight.com\/de\/wp-json\/wp\/v2\/types\/page"}],"author":[{"embeddable":true,"href":"https:\/\/elfsight.com\/de\/wp-json\/wp\/v2\/users\/13"}],"replies":[{"embeddable":true,"href":"https:\/\/elfsight.com\/de\/wp-json\/wp\/v2\/comments?post=2439"}],"version-history":[{"count":2,"href":"https:\/\/elfsight.com\/de\/wp-json\/wp\/v2\/pages\/2439\/revisions"}],"predecessor-version":[{"id":2823,"href":"https:\/\/elfsight.com\/de\/wp-json\/wp\/v2\/pages\/2439\/revisions\/2823"}],"up":[{"embeddable":true,"href":"https:\/\/elfsight.com\/de\/wp-json\/wp\/v2\/pages\/2430"}],"wp:attachment":[{"href":"https:\/\/elfsight.com\/de\/wp-json\/wp\/v2\/media?parent=2439"}],"curies":[{"name":"wp","href":"https:\/\/api.w.org\/{rel}","templated":true}]}}