{"id":23946,"date":"2024-12-19T14:06:12","date_gmt":"2024-12-19T14:06:12","guid":{"rendered":"https:\/\/elfsight.com\/de\/?page_id=23946"},"modified":"2025-09-18T14:07:39","modified_gmt":"2025-09-18T14:07:39","slug":"shopify","status":"publish","type":"page","link":"https:\/\/elfsight.com\/de\/announcement-bar-widget\/shopify\/","title":{"rendered":"Announcement Bar &#8211; Shopify"},"content":{"rendered":"<div class=\"application-platform-content-item-description application-platform-content-item\" id=\"description\" data-nav-section=\"description\"> <p>Die Announcement Bar-App unterst\u00fctzt Unternehmen dabei, Besuchern wichtige Benachrichtigungen, Werbeaktionen und Warnungen klar und deutlich mitzuteilen. Es eignet sich perfekt, um Kunden \u00fcber Sonderangebote, Produkteinf\u00fchrungen oder wichtige Informationen wie Versandaktualisierungen zu informieren.<\/p><p>Verbessern Sie das Engagement, indem Sie Besucher zum Handeln auffordern, sei es zum Kauf oder zum Erhalt eines Gutscheins. Mit der No-Code-Einrichtung integriert sich die App nahtlos in Ihre Website. Sie ist vollst\u00e4ndig anpassbar, sodass Sie ganz einfach den Stil ausw\u00e4hlen k\u00f6nnen, der zu Ihrem Branding passt.<\/p><p><b>Gestalten Sie Ihre personalisierte Ank\u00fcndigungsleiste f\u00fcr eine st\u00e4rkere Darstellung der wichtigen Nachrichten Ihres Unternehmens.<\/b><\/p><\/div> <div class=\"application-platform-content-item-features application-platform-content-item\" id=\"features\" data-nav-section=\"features\"> <h2>Funktionen der Ank\u00fcndigungsleisten-App<\/h2> <p>Die Shopify-Ank\u00fcndigungsleisten-App von Elfsight wurde entwickelt, um die Kundenzahl zu steigern Sensibilisierung durch Anzeige dynamischer Benachrichtigungen. Nachfolgend finden Sie eine vollst\u00e4ndige Liste der wichtigsten Funktionen der App:<\/p><ul><li><b>Schnelle und einfache Einrichtung.<\/b> Sie k\u00f6nnen die App schnell und m\u00fchelos auf Ihrer Website installieren, da daf\u00fcr weder technisches Fachwissen noch Programmierkenntnisse erforderlich sind.<\/li><li><b>Auff\u00e4llig und dennoch unaufdringlich.<\/b> Mit den anpassbaren Layoutoptionen k\u00f6nnen Sie wirkungsvolle Ank\u00fcndigungen erstellen, die Aufmerksamkeit erregen und gleichzeitig ein reibungsloses Benutzererlebnis gew\u00e4hrleisten.<\/li><li><b>Steigern Sie den Verkauf wichtiger Produkte.<\/b> Nutzen Sie die Ank\u00fcndigung Leiste, um Rabatte, Sonderangebote oder Angebote zu bewerben und so die Aufmerksamkeit effektiv auf bestimmte Produkte zu lenken.<\/li><li><b>Heben Sie Neuigkeiten und Aktualisierungen hervor.<\/b> Teilen Sie Informationen \u00fcber Neuerscheinungen, Produktaktualisierungen oder bevorstehende Markteinf\u00fchrungen und halten Sie Ihre Besucher mit relevanten Inhalten besch\u00e4ftigt.<\/li><li><b>Markenkonsistenz.<\/b> Passen Sie jeden Aspekt der Ank\u00fcndigungsleiste an, um sie perfekt an das Design und Branding Ihrer Website anzupassen.<\/li><li><b>Anpassbares Design.<\/b> Passen Sie die Designelemente, einschlie\u00dflich Farben, Schriftarten und Layout, um Ihren einzigartigen Stil widerzuspiegeln.<\/li><\/ul><p><a href=\"#demo\">Probieren Sie die kostenlose Demo aus, um zu sehen, wie die Ank\u00fcndigungsleisten-App funktioniert<\/a><\/p><\/div> <div class=\"application-platform-content-item-installation application-platform-content-item\" id=\"installation\" data-nav-section=\"installation\"> <h2>Wie f\u00fcge ich eine Ank\u00fcndigungsleiste zu meiner Shopify-Website hinzu?<\/h2>\n<div class=\"video-container\">\n<iframe width=\"720\" height=\"405\" src=\"https:\/\/www.youtube.com\/embed\/Y--tZGZ7rAw?si=gmT9v-VTJ7ZvLHIP\" frameborder=\"0\" allowfullscreen=\"\"><\/iframe>\n<\/div>\n<p>Um die Ank\u00fcndigungsleisten-App auf Ihrer Website einzubetten, F\u00fchren Sie diese kurzen Schritte aus:<\/p> <ol><li>Starten Sie den App-Editor und w\u00e4hlen Sie eine Vorlage aus, die zum Stil Ihrer Website passt.<\/li><li>Passen Sie die App an, indem Sie ihre Nachricht, Aktion und visuellen Elemente, Schaltfl\u00e4che, Position auf der Seite usw. \u00e4ndern.<\/li><li>Speichern Sie Ihre \u00c4nderungen und kopieren Sie den generierten HTML-Code. Betten Sie den Code in das CMS Ihrer Website ein und aktualisieren Sie die Seite.<\/li><\/ol>Fertig! Ihre Shopify Announcement Bar-App ist jetzt aktiv!<p>Ausf\u00fchrliche Anweisungen finden Sie in unserem Artikel \u00fcber <a href=\"https:\/\/elfsight.com\/blog\/how-to-add-announcement-bar-in-shopify\/\" target=\"_blank\" rel=\"noopener\">wie man die Announcement Bar-App zu Shopify hinzuf\u00fcgt<\/a>.<\/p><p>Falls Sie auf Probleme sto\u00dfen, wenden Sie sich einfach an unser Kundensupport-Team. Wir beraten Sie gerne bei der Installation und Anpassung Ihrer Announcement Bar-App.<\/p><\/div> <h2>FAQ<\/h2><div class=\"faq\" data-component=\"FAQ\"><div class=\"faq-item\">\r\n\t\t\t\t\t<div class=\"faq-item-question\">\r\n\t\t\t\t\t\t<h3 class=\"faq-item-question-text\">Ist die Nutzung der Shopify Announcement Bar-App kostenlos?<\/h3>\r\n\r\n\t\t\t\t\t\t<div class=\"faq-item-question-icon\"><\/div>\r\n\t\t\t\t\t<\/div>\r\n\r\n\t\t\t\t\t<div class=\"faq-item-answer\">\r\n\t\t\t\t\t\t<div class=\"faq-item-answer-text\">Ja, es ist eine kostenlose Option verf\u00fcgbar, die grundlegende Tools bietet. Es eignet sich f\u00fcr kleine Websites, Unternehmen mit begrenzten Ressourcen oder zum Testen. Bezahlte Pl\u00e4ne sind f\u00fcr nur 5 $ pro Monat erh\u00e4ltlich und bieten zus\u00e4tzliche Vorteile.<\/div>\r\n\t\t\t\t\t<\/div>\r\n\t\t\t\t<\/div><div class=\"faq-item\">\r\n\t\t\t\t\t<div class=\"faq-item-question\">\r\n\t\t\t\t\t\t<h3 class=\"faq-item-question-text\">Welche Arten von Ank\u00fcndigungsleisten-Apps kann ich meiner Website hinzuf\u00fcgen?<\/h3>\r\n\r\n\t\t\t\t\t\t<div class=\"faq-item-question-icon\"><\/div>\r\n\t\t\t\t\t<\/div>\r\n\r\n\t\t\t\t\t<div class=\"faq-item-answer\">\r\n\t\t\t\t\t\t<div class=\"faq-item-answer-text\">Einige Beispiele f\u00fcr Shopify-Ank\u00fcndigungsleisten umfassen Apps, die kostenlose Versandangebote bewerben, Aktualisierungen ank\u00fcndigen oder auf einen bevorstehenden Verkauf hinweisen. Diese Leisten k\u00f6nnen f\u00fcr eine ununterbrochene Anzeige statisch sein oder \u00fcber Scrollfunktionen verf\u00fcgen, um jederzeit sichtbar zu bleiben.<\/div>\r\n\t\t\t\t\t<\/div>\r\n\t\t\t\t<\/div><div class=\"faq-item\">\r\n\t\t\t\t\t<div class=\"faq-item-question\">\r\n\t\t\t\t\t\t<h3 class=\"faq-item-question-text\">Wie bearbeite ich die Ank\u00fcndigungsleisten-App auf der Shopify-Website?<\/h3>\r\n\r\n\t\t\t\t\t\t<div class=\"faq-item-question-icon\"><\/div>\r\n\t\t\t\t\t<\/div>\r\n\r\n\t\t\t\t\t<div class=\"faq-item-answer\">\r\n\t\t\t\t\t\t<div class=\"faq-item-answer-text\">Das Bearbeiten der Ank\u00fcndigungsleisten-App ist mit dem barrierefreien Editor von Elfsight intuitiv. Sie k\u00f6nnen den Inhalt, das Design und die Platzierung anpassen, um sie an das Gesamtbild Ihrer Website anzupassen. Mit zus\u00e4tzlichen Funktionen wie Targeting-Tools k\u00f6nnen Sie die Leiste anpassen, um Ihre Zielgruppe effektiv zu erreichen.<\/div>\r\n\t\t\t\t\t<\/div>\r\n\t\t\t\t<\/div><div class=\"faq-item\">\r\n\t\t\t\t\t<div class=\"faq-item-question\">\r\n\t\t\t\t\t\t<h3 class=\"faq-item-question-text\">Welche anderen Apps kann ich verwenden, um das Engagement der Zielgruppe zu verbessern?<\/h3>\r\n\r\n\t\t\t\t\t\t<div class=\"faq-item-question-icon\"><\/div>\r\n\t\t\t\t\t<\/div>\r\n\r\n\t\t\t\t\t<div class=\"faq-item-answer\">\r\n\t\t\t\t\t\t<div class=\"faq-item-answer-text\"><p>Sie k\u00f6nnen eine <a href=\"https:\/\/elfsight.com\/sales-notification-widget\/shopify\/\" rel=\"noopener\">Verkaufsbenachrichtigungs-App<\/a> hinzuf\u00fcgen, um Informationen \u00fcber aktuelle K\u00e4ufe anzuzeigen, was hilfreich ist um das Vertrauen der Kunden aufzubauen. Die <a href=\"https:\/\/elfsight.com\/popup-widget\/shopify\/\" rel=\"noopener\">Popup-App<\/a> eignet sich hervorragend zur Bewerbung von Angeboten und regt Besucher zum Handeln an. Die <a href=\"https:\/\/elfsight.com\/banner-widget\/shopify\/\" rel=\"noopener\">Banner-App<\/a> hebt besondere Ereignisse hervor und sorgt so f\u00fcr die Sichtbarkeit wichtiger Informationen.<\/div>\r\n\t\t\t\t\t<\/div>\r\n\t\t\t\t<\/div><\/div>","protected":false},"excerpt":{"rendered":"FAQ","protected":false},"author":9,"featured_media":0,"parent":7447,"menu_order":0,"comment_status":"closed","ping_status":"closed","template":"templates\/template-application-platform.php","meta":{"publish_to_discourse":"","publish_post_category":"","wpdc_auto_publish_overridden":"","wpdc_topic_tags":"","wpdc_pin_topic":"","wpdc_pin_until":"","discourse_post_id":"","discourse_permalink":"","wpdc_publishing_response":"","wpdc_publishing_error":"","footnotes":""},"class_list":["post-23946","page","type-page","status-publish","hentry"],"yoast_head":"<!-- This site is optimized with the Yoast SEO plugin v25.3.1 - https:\/\/yoast.com\/wordpress\/plugins\/seo\/ -->\n<title>Beste Ank\u00fcndigungsleisten-App f\u00fcr Shopify \u2013 Zu Ihrer Website hinzuf\u00fcgen<\/title>\n<meta name=\"description\" content=\"Steigern Sie das Engagement mit der benutzerfreundlichen Elfsight Announcement Bar-App f\u00fcr Shopify. Heben Sie dringende Warnungen hervor und motivieren Sie Besucher zum Handeln.\" \/>\n<meta name=\"robots\" content=\"index, follow, max-snippet:-1, max-image-preview:large, max-video-preview:-1\" \/>\n<link rel=\"canonical\" href=\"https:\/\/elfsight.com\/de\/announcement-bar-widget\/shopify\/\" \/>\n<meta property=\"og:locale\" content=\"de_DE\" \/>\n<meta property=\"og:type\" content=\"article\" \/>\n<meta property=\"og:title\" content=\"Beste Ank\u00fcndigungsleisten-App f\u00fcr Shopify \u2013 Zu Ihrer Website hinzuf\u00fcgen\" \/>\n<meta property=\"og:description\" content=\"Steigern Sie das Engagement mit der benutzerfreundlichen Elfsight Announcement Bar-App f\u00fcr Shopify. Heben Sie dringende Warnungen hervor und motivieren Sie Besucher zum Handeln.\" \/>\n<meta property=\"og:url\" content=\"https:\/\/elfsight.com\/de\/announcement-bar-widget\/shopify\/\" \/>\n<meta property=\"og:site_name\" content=\"Elfsight DE\" \/>\n<meta property=\"article:modified_time\" content=\"2025-09-18T14:07:39+00:00\" \/>\n<meta name=\"twitter:card\" content=\"summary_large_image\" \/>\n<meta name=\"twitter:label1\" content=\"Gesch\u00e4tzte Lesezeit\" \/>\n\t<meta name=\"twitter:data1\" content=\"4\u00a0Minuten\" \/>\n<!-- \/ Yoast SEO plugin. -->","yoast_head_json":{"title":"Beste Ank\u00fcndigungsleisten-App f\u00fcr Shopify \u2013 Zu Ihrer Website hinzuf\u00fcgen","description":"Steigern Sie das Engagement mit der benutzerfreundlichen Elfsight Announcement Bar-App f\u00fcr Shopify. Heben Sie dringende Warnungen hervor und motivieren Sie Besucher zum Handeln.","robots":{"index":"index","follow":"follow","max-snippet":"max-snippet:-1","max-image-preview":"max-image-preview:large","max-video-preview":"max-video-preview:-1"},"canonical":"https:\/\/elfsight.com\/de\/announcement-bar-widget\/shopify\/","og_locale":"de_DE","og_type":"article","og_title":"Beste Ank\u00fcndigungsleisten-App f\u00fcr Shopify \u2013 Zu Ihrer Website hinzuf\u00fcgen","og_description":"Steigern Sie das Engagement mit der benutzerfreundlichen Elfsight Announcement Bar-App f\u00fcr Shopify. Heben Sie dringende Warnungen hervor und motivieren Sie Besucher zum Handeln.","og_url":"https:\/\/elfsight.com\/de\/announcement-bar-widget\/shopify\/","og_site_name":"Elfsight DE","article_modified_time":"2025-09-18T14:07:39+00:00","twitter_card":"summary_large_image","twitter_misc":{"Gesch\u00e4tzte Lesezeit":"4\u00a0Minuten"},"schema":{"@context":"https:\/\/schema.org","@graph":[{"@type":"WebPage","@id":"https:\/\/elfsight.com\/de\/announcement-bar-widget\/shopify\/","url":"https:\/\/elfsight.com\/de\/announcement-bar-widget\/shopify\/","name":"Beste Ank\u00fcndigungsleisten-App f\u00fcr Shopify \u2013 Zu Ihrer Website hinzuf\u00fcgen","isPartOf":{"@id":"https:\/\/elfsight.com\/de\/#website"},"datePublished":"2024-12-19T14:06:12+00:00","dateModified":"2025-09-18T14:07:39+00:00","description":"Steigern Sie das Engagement mit der benutzerfreundlichen Elfsight Announcement Bar-App f\u00fcr Shopify. Heben Sie dringende Warnungen hervor und motivieren Sie Besucher zum Handeln.","breadcrumb":{"@id":"https:\/\/elfsight.com\/de\/announcement-bar-widget\/shopify\/#breadcrumb"},"inLanguage":"de","potentialAction":[{"@type":"ReadAction","target":["https:\/\/elfsight.com\/de\/announcement-bar-widget\/shopify\/"]}]},{"@type":"BreadcrumbList","@id":"https:\/\/elfsight.com\/de\/announcement-bar-widget\/shopify\/#breadcrumb","itemListElement":[{"@type":"ListItem","position":1,"name":"Home","item":"https:\/\/elfsight.com\/de\/"},{"@type":"ListItem","position":2,"name":"Announcement Bar","item":"https:\/\/elfsight.com\/de\/announcement-bar-widget\/"},{"@type":"ListItem","position":3,"name":"Announcement Bar &#8211; Shopify"}]},{"@type":"WebSite","@id":"https:\/\/elfsight.com\/de\/#website","url":"https:\/\/elfsight.com\/de\/","name":"Elfsight DE","description":"Just another Elfsight Sites site","potentialAction":[{"@type":"SearchAction","target":{"@type":"EntryPoint","urlTemplate":"https:\/\/elfsight.com\/de\/?s={search_term_string}"},"query-input":{"@type":"PropertyValueSpecification","valueRequired":true,"valueName":"search_term_string"}}],"inLanguage":"de"}]}},"meta_box":{"industry":"","seo_heading":"","heading":"","description":"","cta_heading":"","cta_description":"","application":"7433","h1":"Shopify-Ank\u00fcndigungsleisten-App","h1_caption":"F\u00fcgen Sie die Announcement Bar-App zu Ihrer Shopify-Site hinzu, um wichtige Echtzeit-Updates hervorzuheben und so das Vertrauen und die Interaktion der Kunden zu st\u00e4rken.","application_category":[],"applications_title":"","applications_request_title":"","applications_request_button_text":"","hero_text":"","hero_video":"","hero_video_schema_markup":"","selling_points_title":"","selling_points_caption":"","selling_points":[],"selling_points_cta_text":"","features_title":"","features":"","ed_cta_examples_text":"","ed_cta_examples_hidden":"","ed_cta_demo_text":"","ed_cta_demo_hidden":"","why_caption":"","why_editor_title":"","why_editor_text":"","why_team_title":"","why_team_text":"","why_service_title":"","why_service_text":"","template_catalog_visible":"0","template_catalog_title":"","template_catalog_text":"","template_catalog_categories_visible":"","demo_title":"Erstellen Sie eine Shopify-Ank\u00fcndigungsleisten-App","demo_caption":"Erstellen Sie Ihre Announcement Bar-App und f\u00fcgen Sie sie kostenlos zu Ihrer Shopify-Website hinzu.","default_faq_hidden":"","app_template_category":[],"platform":"253","template_public_id":"","codecanyon_url":"","codecanyon_item_id":"","codecanyon_price":"","pricing_caption":"","pricing_elfsight_apps_hide_column":"","pricing_elfsight_apps_url":"","pricing_codecanyon_price_caption":"","integration_category":[],"integration_request_title":"","integration_request_cta":"","integration_platform":"","integrations":[],"platform_category":[],"video_schema_markup":"","price":"ab 0 $ \/ Monat","trial":"","benefits":[{"text":"Kostenloser Installationsservice"},{"text":"Kompetenter Kundenservice"},{"text":"14-t\u00e4gige Geld-zur\u00fcck-Garantie"},{"text":"Kontinuierliche Weiterentwicklung"}],"button_url":"#demo","button_target_blank":"0","button_nofollow":"0","attributes":[{"name":"Installiert","content":"1,000 - 5,000","_state":"expanded"},{"name":"Reaktionsschnell","content":"Ja","_state":"expanded"},{"name":"Kompatible Browser","content":"Firefox, Safari, Opera, Chrome, Edge","_state":"expanded"}],"tags":[],"tags_disable_links":"0","hide_more_platforms":"0","video_object":"","demo_hide_cta":"0","demo_hide_cloud_options":"0","pricing_title":"","pricing":[{"pricing_icon":"platform","pricing_title":"Elfsight Apps","pricing_title_caption":"Plattformunabh\u00e4ngige Version, die auf jeder Website funktioniert","pricing_price":"ab 0 $ \/ Monat","pricing_price_caption":"Beginnen Sie mit einem kostenlosen Plan","pricing_benefits":[{"text":"Unbegrenzte Websites"},{"text":"Professionelle und p\u00fcnktliche Unterst\u00fctzung und gut dokumentiert"},{"text":"Kostenloser Installationssupport"},{"text":"Vollst\u00e4ndig anpassbar"}],"pricing_button_text":"Zur Website hinzuf\u00fcgen","pricing_button_url":"#demo"}],"related_apps_title":"","related_apps_hidden":"0","author":"","image":[],"title":"","job":"","social_networks":[]},"_links":{"self":[{"href":"https:\/\/elfsight.com\/de\/wp-json\/wp\/v2\/pages\/23946","targetHints":{"allow":["GET"]}}],"collection":[{"href":"https:\/\/elfsight.com\/de\/wp-json\/wp\/v2\/pages"}],"about":[{"href":"https:\/\/elfsight.com\/de\/wp-json\/wp\/v2\/types\/page"}],"author":[{"embeddable":true,"href":"https:\/\/elfsight.com\/de\/wp-json\/wp\/v2\/users\/9"}],"replies":[{"embeddable":true,"href":"https:\/\/elfsight.com\/de\/wp-json\/wp\/v2\/comments?post=23946"}],"version-history":[{"count":3,"href":"https:\/\/elfsight.com\/de\/wp-json\/wp\/v2\/pages\/23946\/revisions"}],"predecessor-version":[{"id":25513,"href":"https:\/\/elfsight.com\/de\/wp-json\/wp\/v2\/pages\/23946\/revisions\/25513"}],"up":[{"embeddable":true,"href":"https:\/\/elfsight.com\/de\/wp-json\/wp\/v2\/pages\/7447"}],"wp:attachment":[{"href":"https:\/\/elfsight.com\/de\/wp-json\/wp\/v2\/media?parent=23946"}],"curies":[{"name":"wp","href":"https:\/\/api.w.org\/{rel}","templated":true}]}}