{"id":23945,"date":"2024-12-20T08:05:42","date_gmt":"2024-12-20T08:05:42","guid":{"rendered":"https:\/\/elfsight.com\/de\/?page_id=23945"},"modified":"2025-09-19T10:59:31","modified_gmt":"2025-09-19T10:59:31","slug":"squarespace","status":"publish","type":"page","link":"https:\/\/elfsight.com\/de\/announcement-bar-widget\/squarespace\/","title":{"rendered":"Announcement Bar &#8211; Squarespace"},"content":{"rendered":"<div class=\"application-platform-content-item-description application-platform-content-item\" id=\"description\" data-nav-section=\"description\"> <p>Das Ank\u00fcndigungsleisten-Plugin hilft Unternehmen, wichtige Nachrichten f\u00fcr Besucher auf prominente und auff\u00e4llige Weise anzuzeigen. Es eignet sich perfekt, um Kunden \u00fcber exklusive Angebote, bevorstehende Sonderangebote oder dringende Details wie Versandaktualisierungen zu informieren. <p>Verbessern Sie das Engagement, indem Sie Besucher zum Handeln auffordern, sei es zum Kauf oder zur Anmeldung f\u00fcr eine Werbeaktion. Mit der No-Code-Einrichtung integriert sich das Plugin nahtlos in Ihre Website. Es ist vollst\u00e4ndig anpassbar, sodass Sie ganz einfach den Stil ausw\u00e4hlen k\u00f6nnen, der zu Ihrem Branding passt.<\/p><p><b>Verbessern Sie die Sichtbarkeit Ihrer Kernbotschaften, um das Vertrauen der Kunden mit der Ank\u00fcndigungsleiste zu st\u00e4rken.<\/b><\/p><\/div> <div class=\"application-platform-content-item-features application-platform-content-item\" id=\"features\" data-nav-section=\"features\"> <h2>Funktionen des Ank\u00fcndigungsleisten-Plugins<\/h2> <p>Das Ank\u00fcndigungsleisten-Plugin von Elfsight wurde entwickelt, um die Werbung zu steigern Effektivit\u00e4t durch die Pr\u00e4sentation dynamischer Benachrichtigungen \u00fcber wichtige Updates. Nachfolgend finden Sie eine ausf\u00fchrliche Liste der Hauptfunktionen des Plugins:<\/p><ul><li><b>Schnelle und einfache Einrichtung.<\/b> M\u00fchelose Einrichtung und einfache Integration, sodass Sie die App ohne technisches Fachwissen auf Ihrer Website bereitstellen k\u00f6nnen.<\/li><li><b>Auff\u00e4llig und dennoch nicht aufdringlich.<\/b> Anpassbare Designoptionen erm\u00f6glichen Ihnen die Erstellung wirkungsvoller Ank\u00fcndigungen bei gleichzeitiger Beibehaltung einer benutzerfreundlichen Erfahrung.<\/li><li><b>Steigern Sie den Verkauf wichtiger Produkte.<\/b> Nutzen Sie die Ank\u00fcndigungsleiste um exklusive Angebote und Werbeaktionen zu pr\u00e4sentieren und so die Aufmerksamkeit effektiv auf bestimmte Artikel zu lenken.<\/li><li><b>Heben Sie Neuigkeiten und Aktualisierungen hervor.<\/b> Pr\u00e4sentieren Sie Neueinf\u00fchrungen, Erg\u00e4nzungen oder Aktualisierungen bestehender Produkte und halten Sie Ihre Besucher mit frischen und relevanten Inhalten in Kontakt.<\/li><li><b>Markenkonsistenz.<\/b> Vollst\u00e4ndig anpassbar, um sie an das Erscheinungsbild Ihrer Website anzupassen und so ein nahtloses und zusammenh\u00e4ngendes Erlebnis f\u00fcr Ihr Publikum zu gew\u00e4hrleisten.<\/li><li><b>Anpassbares Design.<\/b> Passen Sie Vorlagen, Farben und Inhalte ganz einfach entsprechend an Ihre Markenidentit\u00e4t und pflegen Sie ein professionelles Erscheinungsbild.<\/li><\/ul><p><a href=\"#demo\">Testen Sie den Online-Editor, um zu sehen, wie das Plugin funktioniert<\/a><\/p><\/div> <div class=\"application-platform-content-item-installation application-platform-content-item\" id=\"installation\" data-nav-section=\"installation\"> <h2>Wie f\u00fcge ich eine Ank\u00fcndigungsleiste auf Squarespace hinzu?<\/h2><div class=\"video-container\">\n<iframe width=\"720\" height=\"405\" src=\"https:\/\/www.youtube.com\/embed\/Y3tGoL_JO9U?si=4dTRB5A2RSdYtupt\" frameborder=\"0\" allowfullscreen=\"\"><\/iframe>\n<\/div><p>Um das Ank\u00fcndigungsleisten-Plugin auf Ihrer Website zu platzieren, befolgen Sie diese einfachen Schritte:<\/p> <ol><li>Starten Sie den Plugin-Editor und w\u00e4hlen Sie eine Vorlage aus, die zum Stil Ihrer Website passt.<\/li><li>Passen Sie das Plugin an, indem Sie seine Nachricht, Aktion und visuellen Elemente, Schaltfl\u00e4che, Position auf der Seite usw. aktualisieren.<\/li><li>Behalten Sie Ihre \u00c4nderungen bei und kopieren Sie den bereitgestellten HTML-Code. Platzieren Sie den Code im Editor Ihrer Website und \u00fcbernehmen Sie die \u00c4nderungen.<\/li><\/ol><p>Alles klar! Ihr Squarespace Announcement Bar-Plugin ist jetzt aktiv!<\/p><p>Ausf\u00fchrliche Anweisungen finden Sie in unserem Artikel \u00fcber <a href=\"https:\/\/elfsight.com\/blog\/how-to-add-announcement-bar-on-squarespace\/\" target=\"_blank\" rel=\"noopener\">wie man das Announcement Bar-Plugin zu Squarespace hinzuf\u00fcgt<\/a>.<\/p><p>Falls beim Einbetten des Plugins in Ihre Website Probleme auftreten, wenden Sie sich einfach an unseren Kunden Support-Team. Wir helfen Ihnen gerne beim Hinzuf\u00fcgen und Anpassen Ihres Announcement Bar-Plugins.<\/p><\/div><h2>FAQ<\/h2><div class=\"faq\" data-component=\"FAQ\"><div class=\"faq-item\">\r\n\t\t\t\t\t<div class=\"faq-item-question\">\r\n\t\t\t\t\t\t<h3 class=\"faq-item-question-text\">Ist die Verwendung des Squarespace Announcement Bar-Plugins kostenlos?<\/h3>\r\n\r\n\t\t\t\t\t\t<div class=\"faq-item-question-icon\"><\/div>\r\n\t\t\t\t\t<\/div>\r\n\r\n\t\t\t\t\t<div class=\"faq-item-answer\">\r\n\t\t\t\t\t\t<div class=\"faq-item-answer-text\">Ja, es gibt einen kostenlosen Plan, der Kernfunktionen bietet, was ideal f\u00fcr kleinere Websites oder Testzwecke ist. Bezahlte Pl\u00e4ne beginnen bei 5 $ pro Monat und schalten zus\u00e4tzliche Funktionen frei.<\/div>\r\n\t\t\t\t\t<\/div>\r\n\t\t\t\t<\/div><div class=\"faq-item\">\r\n\t\t\t\t\t<div class=\"faq-item-question\">\r\n\t\t\t\t\t\t<h3 class=\"faq-item-question-text\">Welche Arten von Ank\u00fcndigungsleisten-Plugins kann ich meiner Website hinzuf\u00fcgen?<\/h3>\r\n\r\n\t\t\t\t\t\t<div class=\"faq-item-question-icon\"><\/div>\r\n\t\t\t\t\t<\/div>\r\n\r\n\t\t\t\t\t<div class=\"faq-item-answer\">\r\n\t\t\t\t\t\t<div class=\"faq-item-answer-text\">Sie k\u00f6nnen verschiedene Arten von Ank\u00fcndigungsleisten hinzuf\u00fcgen, z. B. solche, die kostenlosen Versand ank\u00fcndigen, wichtige Updates anzeigen oder aktuelle Verk\u00e4ufe bewerben. Balken k\u00f6nnen statisch sein, um eine st\u00e4ndige Sichtbarkeit zu gew\u00e4hrleisten, oder schwebend sein, damit sie jederzeit im Fokus bleiben.<\/div>\r\n\t\t\t\t\t<\/div>\r\n\t\t\t\t<\/div><div class=\"faq-item\">\r\n\t\t\t\t\t<div class=\"faq-item-question\">\r\n\t\t\t\t\t\t<h3 class=\"faq-item-question-text\">Wie bearbeite ich die Ank\u00fcndigungsleiste in Squarespace?<\/h3>\r\n\r\n\t\t\t\t\t\t<div class=\"faq-item-question-icon\"><\/div>\r\n\t\t\t\t\t<\/div>\r\n\r\n\t\t\t\t\t<div class=\"faq-item-answer\">\r\n\t\t\t\t\t\t<div class=\"faq-item-answer-text\">Das Plugin f\u00fcr die Ank\u00fcndigungsleiste kann einfach mit dem intuitiven Editor von Elfsight bearbeitet werden. Sie k\u00f6nnen Text, Design und Positionierung an das Erscheinungsbild Ihrer Website anpassen. Mithilfe von Funktionen wie der Planung k\u00f6nnen Sie das Erscheinen der Leiste zeitlich festlegen, um eine maximale Wirkung zu erzielen.<\/div>\r\n\t\t\t\t\t<\/div>\r\n\t\t\t\t<\/div><div class=\"faq-item\">\r\n\t\t\t\t\t<div class=\"faq-item-question\">\r\n\t\t\t\t\t\t<h3 class=\"faq-item-question-text\">Welche anderen Plugins kann ich verwenden, um das Engagement des Publikums zu verbessern?<\/h3>\r\n\r\n\t\t\t\t\t\t<div class=\"faq-item-question-icon\"><\/div>\r\n\t\t\t\t\t<\/div>\r\n\r\n\t\t\t\t\t<div class=\"faq-item-answer\">\r\n\t\t\t\t\t\t<div class=\"faq-item-answer-text\">Sie k\u00f6nnen ein <a href=\"https:\/\/elfsight.com\/sales-notification-widget\/squarespace\/\" rel=\"noopener\">Verkaufsbenachrichtigungs-Widget<\/a> hinzuf\u00fcgen, um Kundenaktionen zu pr\u00e4sentieren und das Vertrauen zu st\u00e4rken. Das <a href=\"https:\/\/elfsight.com\/popup-widget\/squarespace\/\" rel=\"noopener\">Popup-Widget<\/a> ist ein gro\u00dfartiges Tool zum Sammeln von Leads und zum Ermutigen von Benutzern, Ihre Angebote zu erkunden. Das <a href=\"https:\/\/elfsight.com\/banner-widget\/squarespace\/\" rel=\"noopener\">Banner-Widget<\/a> hilft Ihnen, wichtige Informationen hervorzuheben und sicherzustellen, dass sie von Ihrem Publikum wahrgenommen werden.<\/div>\r\n\t\t\t\t\t<\/div>\r\n\t\t\t\t<\/div><\/div>","protected":false},"excerpt":{"rendered":"FAQ","protected":false},"author":9,"featured_media":0,"parent":7447,"menu_order":0,"comment_status":"closed","ping_status":"closed","template":"templates\/template-application-platform.php","meta":{"publish_to_discourse":"","publish_post_category":"","wpdc_auto_publish_overridden":"","wpdc_topic_tags":"","wpdc_pin_topic":"","wpdc_pin_until":"","discourse_post_id":"","discourse_permalink":"","wpdc_publishing_response":"","wpdc_publishing_error":"","footnotes":""},"class_list":["post-23945","page","type-page","status-publish","hentry"],"yoast_head":"<!-- This site is optimized with the Yoast SEO plugin v25.3.1 - https:\/\/yoast.com\/wordpress\/plugins\/seo\/ -->\n<title>Squarespace-Ank\u00fcndigungsleisten-Plugin \u2013 Zur Website hinzuf\u00fcgen<\/title>\n<meta name=\"description\" content=\"Verbessern Sie die Interaktion mit dem Elfsight Announcement Bar-Plugin ohne Code. Pr\u00e4sentieren Sie Kernbotschaften, um die Aufmerksamkeit der Besucher zu erregen und sie zum Handeln anzuregen.\" \/>\n<meta name=\"robots\" content=\"index, follow, max-snippet:-1, max-image-preview:large, max-video-preview:-1\" \/>\n<link rel=\"canonical\" href=\"https:\/\/elfsight.com\/de\/announcement-bar-widget\/squarespace\/\" \/>\n<meta property=\"og:locale\" content=\"de_DE\" \/>\n<meta property=\"og:type\" content=\"article\" \/>\n<meta property=\"og:title\" content=\"Squarespace-Ank\u00fcndigungsleisten-Plugin \u2013 Zur Website hinzuf\u00fcgen\" \/>\n<meta property=\"og:description\" content=\"Verbessern Sie die Interaktion mit dem Elfsight Announcement Bar-Plugin ohne Code. Pr\u00e4sentieren Sie Kernbotschaften, um die Aufmerksamkeit der Besucher zu erregen und sie zum Handeln anzuregen.\" \/>\n<meta property=\"og:url\" content=\"https:\/\/elfsight.com\/de\/announcement-bar-widget\/squarespace\/\" \/>\n<meta property=\"og:site_name\" content=\"Elfsight DE\" \/>\n<meta property=\"article:modified_time\" content=\"2025-09-19T10:59:31+00:00\" \/>\n<meta name=\"twitter:card\" content=\"summary_large_image\" \/>\n<meta name=\"twitter:label1\" content=\"Gesch\u00e4tzte Lesezeit\" \/>\n\t<meta name=\"twitter:data1\" content=\"4\u00a0Minuten\" \/>\n<!-- \/ Yoast SEO plugin. -->","yoast_head_json":{"title":"Squarespace-Ank\u00fcndigungsleisten-Plugin \u2013 Zur Website hinzuf\u00fcgen","description":"Verbessern Sie die Interaktion mit dem Elfsight Announcement Bar-Plugin ohne Code. Pr\u00e4sentieren Sie Kernbotschaften, um die Aufmerksamkeit der Besucher zu erregen und sie zum Handeln anzuregen.","robots":{"index":"index","follow":"follow","max-snippet":"max-snippet:-1","max-image-preview":"max-image-preview:large","max-video-preview":"max-video-preview:-1"},"canonical":"https:\/\/elfsight.com\/de\/announcement-bar-widget\/squarespace\/","og_locale":"de_DE","og_type":"article","og_title":"Squarespace-Ank\u00fcndigungsleisten-Plugin \u2013 Zur Website hinzuf\u00fcgen","og_description":"Verbessern Sie die Interaktion mit dem Elfsight Announcement Bar-Plugin ohne Code. Pr\u00e4sentieren Sie Kernbotschaften, um die Aufmerksamkeit der Besucher zu erregen und sie zum Handeln anzuregen.","og_url":"https:\/\/elfsight.com\/de\/announcement-bar-widget\/squarespace\/","og_site_name":"Elfsight DE","article_modified_time":"2025-09-19T10:59:31+00:00","twitter_card":"summary_large_image","twitter_misc":{"Gesch\u00e4tzte Lesezeit":"4\u00a0Minuten"},"schema":{"@context":"https:\/\/schema.org","@graph":[{"@type":"WebPage","@id":"https:\/\/elfsight.com\/de\/announcement-bar-widget\/squarespace\/","url":"https:\/\/elfsight.com\/de\/announcement-bar-widget\/squarespace\/","name":"Squarespace-Ank\u00fcndigungsleisten-Plugin \u2013 Zur Website hinzuf\u00fcgen","isPartOf":{"@id":"https:\/\/elfsight.com\/de\/#website"},"datePublished":"2024-12-20T08:05:42+00:00","dateModified":"2025-09-19T10:59:31+00:00","description":"Verbessern Sie die Interaktion mit dem Elfsight Announcement Bar-Plugin ohne Code. Pr\u00e4sentieren Sie Kernbotschaften, um die Aufmerksamkeit der Besucher zu erregen und sie zum Handeln anzuregen.","breadcrumb":{"@id":"https:\/\/elfsight.com\/de\/announcement-bar-widget\/squarespace\/#breadcrumb"},"inLanguage":"de","potentialAction":[{"@type":"ReadAction","target":["https:\/\/elfsight.com\/de\/announcement-bar-widget\/squarespace\/"]}]},{"@type":"BreadcrumbList","@id":"https:\/\/elfsight.com\/de\/announcement-bar-widget\/squarespace\/#breadcrumb","itemListElement":[{"@type":"ListItem","position":1,"name":"Home","item":"https:\/\/elfsight.com\/de\/"},{"@type":"ListItem","position":2,"name":"Announcement Bar","item":"https:\/\/elfsight.com\/de\/announcement-bar-widget\/"},{"@type":"ListItem","position":3,"name":"Announcement Bar &#8211; Squarespace"}]},{"@type":"WebSite","@id":"https:\/\/elfsight.com\/de\/#website","url":"https:\/\/elfsight.com\/de\/","name":"Elfsight DE","description":"Just another Elfsight Sites site","potentialAction":[{"@type":"SearchAction","target":{"@type":"EntryPoint","urlTemplate":"https:\/\/elfsight.com\/de\/?s={search_term_string}"},"query-input":{"@type":"PropertyValueSpecification","valueRequired":true,"valueName":"search_term_string"}}],"inLanguage":"de"}]}},"meta_box":{"industry":"","seo_heading":"","heading":"","description":"","cta_heading":"","cta_description":"","application":"7433","h1":"Squarespace-Ank\u00fcndigungsleisten-Plugin","h1_caption":"F\u00fcgen Sie das Ank\u00fcndigungsleisten-Plugin zu Ihrer Squarespace-Website hinzu, um wichtige Echtzeit-Updates hervorzuheben und so das Vertrauen und die Interaktion der Kunden zu st\u00e4rken.","application_category":[],"applications_title":"","applications_request_title":"","applications_request_button_text":"","hero_text":"","hero_video":"","hero_video_schema_markup":"","selling_points_title":"","selling_points_caption":"","selling_points":[],"selling_points_cta_text":"","features_title":"","features":"","ed_cta_examples_text":"","ed_cta_examples_hidden":"","ed_cta_demo_text":"","ed_cta_demo_hidden":"","why_caption":"","why_editor_title":"","why_editor_text":"","why_team_title":"","why_team_text":"","why_service_title":"","why_service_text":"","template_catalog_visible":"0","template_catalog_title":"","template_catalog_text":"","template_catalog_categories_visible":"","demo_title":"Erstellen Sie ein Squarespace-Ank\u00fcndigungsleisten-Plugin","demo_caption":"Erstellen Sie kostenlos Ihr Ank\u00fcndigungsleisten-Plugin f\u00fcr die Squarespace-Website.","default_faq_hidden":"","app_template_category":[],"platform":"252","template_public_id":"","codecanyon_url":"","codecanyon_item_id":"","codecanyon_price":"","pricing_caption":"","pricing_elfsight_apps_hide_column":"","pricing_elfsight_apps_url":"","pricing_codecanyon_price_caption":"","integration_category":[],"integration_request_title":"","integration_request_cta":"","integration_platform":"","integrations":[],"platform_category":[],"video_schema_markup":"","price":"ab 0 $ \/ Monat","trial":"","benefits":[{"text":"Kostenloser Installationsservice"},{"text":"Erfahrener Kundensupport"},{"text":"14-t\u00e4gige Geld-zur\u00fcck-Garantie"},{"text":"Laufende kostenlose Verbesserungen"}],"button_url":"#demo","button_target_blank":"0","button_nofollow":"0","attributes":[{"name":"Installiert","content":"1,000 - 5,000","_state":"expanded"},{"name":"Reaktionsschnell","content":"Ja","_state":"expanded"},{"name":"Kompatible Browser","content":"Firefox, Safari, Opera, Chrome, Edge","_state":"expanded"}],"tags":[],"tags_disable_links":"0","hide_more_platforms":"0","video_object":"","demo_hide_cta":"0","demo_hide_cloud_options":"0","pricing_title":"","pricing":[{"pricing_icon":"platform","pricing_title":"Elfsight Apps","pricing_title_caption":"Plattformunabh\u00e4ngige Version, die auf jeder Website funktioniert","pricing_price":"ab 0 $ \/ Monat","pricing_price_caption":"Beginnen Sie mit einem kostenlosen Plan","pricing_benefits":[{"text":"Unbegrenzte Websites"},{"text":"Professionelle und p\u00fcnktliche Unterst\u00fctzung und gut dokumentiert"},{"text":"Kostenloser Installationssupport"},{"text":"Vollst\u00e4ndig anpassbar"}],"pricing_button_text":"Zur Website hinzuf\u00fcgen","pricing_button_url":"#demo"}],"related_apps_title":"","related_apps_hidden":"0","author":"","image":[],"title":"","job":"","social_networks":[]},"_links":{"self":[{"href":"https:\/\/elfsight.com\/de\/wp-json\/wp\/v2\/pages\/23945","targetHints":{"allow":["GET"]}}],"collection":[{"href":"https:\/\/elfsight.com\/de\/wp-json\/wp\/v2\/pages"}],"about":[{"href":"https:\/\/elfsight.com\/de\/wp-json\/wp\/v2\/types\/page"}],"author":[{"embeddable":true,"href":"https:\/\/elfsight.com\/de\/wp-json\/wp\/v2\/users\/9"}],"replies":[{"embeddable":true,"href":"https:\/\/elfsight.com\/de\/wp-json\/wp\/v2\/comments?post=23945"}],"version-history":[{"count":3,"href":"https:\/\/elfsight.com\/de\/wp-json\/wp\/v2\/pages\/23945\/revisions"}],"predecessor-version":[{"id":25514,"href":"https:\/\/elfsight.com\/de\/wp-json\/wp\/v2\/pages\/23945\/revisions\/25514"}],"up":[{"embeddable":true,"href":"https:\/\/elfsight.com\/de\/wp-json\/wp\/v2\/pages\/7447"}],"wp:attachment":[{"href":"https:\/\/elfsight.com\/de\/wp-json\/wp\/v2\/media?parent=23945"}],"curies":[{"name":"wp","href":"https:\/\/api.w.org\/{rel}","templated":true}]}}