{"id":23944,"date":"2024-12-20T08:22:48","date_gmt":"2024-12-20T08:22:48","guid":{"rendered":"https:\/\/elfsight.com\/de\/?page_id=23944"},"modified":"2025-09-23T09:01:47","modified_gmt":"2025-09-23T09:01:47","slug":"wix","status":"publish","type":"page","link":"https:\/\/elfsight.com\/de\/announcement-bar-widget\/wix\/","title":{"rendered":"Announcement Bar &#8211; Wix"},"content":{"rendered":"<div class=\"application-platform-content-item-description application-platform-content-item\" id=\"description\" data-nav-section=\"description\"> <p>Die Announcement Bar-App unterst\u00fctzt Unternehmen dabei, wichtige Benachrichtigungen auf prominente und aufmerksamkeitsstarke Weise mit Besuchern zu teilen. Es eignet sich hervorragend, um Kunden \u00fcber neue Angebote, bevorstehende Verk\u00e4ufe oder dringende Details wie den Versandstatus zu informieren. <\/p><p>Steigern Sie das Engagement, indem Sie Besucher zum Handeln auffordern, sei es zum Kauf oder zur Lekt\u00fcre eines Updates. Mit der No-Code-Einrichtung integriert sich die App nahtlos in Ihre Website. Es ist vollst\u00e4ndig anpassbar, sodass Sie ganz einfach den Stil ausw\u00e4hlen k\u00f6nnen, der zu Ihrem Branding passt.<\/p><p><b>Erstellen Sie eine personalisierte Ank\u00fcndigungsleiste von Wix, um die wichtigen Benachrichtigungen Ihres Unternehmens besser hervorzuheben.<\/b><\/p><\/div> <div class=\"application-platform-content-item-features application-platform-content-item\" id=\"features\" data-nav-section=\"features\"> <h2>Funktionen der Ank\u00fcndigungsleisten-App<\/h2> <p>Die Ank\u00fcndigungsleisten-App von Elfsight ist Entwickelt, um die Benutzerinteraktion durch die Anzeige dynamischer Benachrichtigungen \u00fcber wichtige Nachrichten zu erh\u00f6hen. Dieses vielseitige Tool schafft nicht nur Vertrauen, indem es wichtige Informationen anzeigt, sondern regt Besucher auch mit gezielten Warnungen zum Handeln an. Nachfolgend finden Sie eine umfassende Liste der Hauptfunktionen der App:<\/p><ul><li><b>Schnelle und einfache Einrichtung.<\/b> Einfache Konfiguration ohne technische Kenntnisse, die eine schnelle Bereitstellung auf Ihrer Website erm\u00f6glicht.<\/li><li><b>Auff\u00e4llig und dennoch nicht aufdringlich.<\/b> Anpassbare Sichtbarkeitsoptionen erm\u00f6glichen es Ihnen, wirkungsvolle Ank\u00fcndigungen zu erstellen und gleichzeitig ein nahtloses Erlebnis zu gew\u00e4hrleisten.<\/li><li><b>Steigern Sie den Verkauf wichtiger Produkte.<\/b> Bewerben Sie exklusive Angebote direkt \u00fcber die Ank\u00fcndigungsleiste, um die Conversions zu steigern bestimmte Produktkategorien.<\/li><li><b>Heben Sie Neuigkeiten und Aktualisierungen hervor.<\/b> K\u00fcndigen Sie neue Ver\u00f6ffentlichungen oder Aktualisierungen bestehender Produkte an und halten Sie Besucher mit frischen und relevanten Inhalten auf dem Laufenden.<\/li><li><b>Markenkonsistenz.<\/b> Vollst\u00e4ndige Anpassungsoptionen, um sich perfekt an das Erscheinungsbild Ihrer Website anzupassen und ein zusammenh\u00e4ngendes und reibungsloses Benutzererlebnis zu gew\u00e4hrleisten.<\/li><li><b>Anpassbares Design.<\/b> Vollst\u00e4ndig anpassbare Vorlagen, Schriftarten und Layouts, die zu Ihrer einzigartigen Marke passen Identit\u00e4t.<\/li><\/ul><p><a href=\"#demo\">Schauen Sie sich den unkomplizierten Editor an, um zu sehen, wie die App funktioniert<\/a><\/p><\/div> <div class=\"application-platform-content-item-installation application-platform-content-item\" id=\"installation\" data-nav-section=\"installation\"> <h2>Wie f\u00fcge ich eine Ank\u00fcndigungsleiste in Wix hinzu?<\/h2><div class=\"video-container\">\n<iframe width=\"720\" height=\"405\" src=\"https:\/\/www.youtube.com\/embed\/BolIySu9bo4?si=BiBE5_ztnDgBHMIi\" frameborder=\"0\" allowfullscreen=\"\"><\/iframe>\n<\/div><p>Um die Ank\u00fcndigungsleisten-App auf Ihrer Website zu platzieren, befolgen Sie diese kurzen Schritte:<\/p> <ol><li>Starten Sie die App Editor und w\u00e4hlen Sie eine Vorlage aus, die zum Stil Ihrer Website passt.<\/li><li>Passen Sie die App an, indem Sie ihre Nachricht, Aktion und visuellen Elemente, Schaltfl\u00e4che, Position auf der Seite usw. \u00e4ndern.<\/li><li>Speichern Sie Ihre \u00c4nderungen und kopieren Sie das generierte HTML-Snippet. F\u00fcgen Sie den Code in den Editor Ihrer Website ein und \u00fcbernehmen Sie die \u00c4nderungen.<\/li><\/ol><p>Alles klar! Ihre Wix Announcement Bar-App ist jetzt aktiv!<\/p><p>Ausf\u00fchrliche Anweisungen finden Sie in unserem Artikel \u00fcber <a href=\"https:\/\/elfsight.com\/blog\/how-to-add-announcement-bar-in-wix\/\" target=\"_blank\" rel=\"noopener\">wie man die Announcement Bar-App zu Wix hinzuf\u00fcgt<\/a>.<\/p><p>Wenn beim Einbetten der App in eine Website Probleme auftreten, sollten Sie dies unbedingt tun Kontaktieren Sie unser Kundensupport-Team. Wir helfen Ihnen gerne beim Hinzuf\u00fcgen und Anpassen Ihrer Announcement Bar.<\/p><\/div> <h2>FAQ<\/h2><div class=\"faq\" data-component=\"FAQ\"><div class=\"faq-item\">\r\n\t\t\t\t\t<div class=\"faq-item-question\">\r\n\t\t\t\t\t\t<h3 class=\"faq-item-question-text\">Ist die Nutzung der Wix Announcement Bar-App kostenlos?<\/h3>\r\n\r\n\t\t\t\t\t\t<div class=\"faq-item-question-icon\"><\/div>\r\n\t\t\t\t\t<\/div>\r\n\r\n\t\t\t\t\t<div class=\"faq-item-answer\">\r\n\t\t\t\t\t\t<div class=\"faq-item-answer-text\">Ja, es ist ein kostenloser Plan verf\u00fcgbar, der grundlegende Funktionen bietet, die sich perfekt f\u00fcr kompakte Websites oder zum Testen eignen. Bezahlte Pl\u00e4ne beginnen bei 5 $ pro Monat und bieten zus\u00e4tzliche Funktionen.<\/div>\r\n\t\t\t\t\t<\/div>\r\n\t\t\t\t<\/div><div class=\"faq-item\">\r\n\t\t\t\t\t<div class=\"faq-item-question\">\r\n\t\t\t\t\t\t<h3 class=\"faq-item-question-text\">Welche Arten von Ank\u00fcndigungsleisten-Apps kann ich meiner Website hinzuf\u00fcgen?<\/h3>\r\n\r\n\t\t\t\t\t\t<div class=\"faq-item-question-icon\"><\/div>\r\n\t\t\t\t\t<\/div>\r\n\r\n\t\t\t\t\t<div class=\"faq-item-answer\">\r\n\t\t\t\t\t\t<div class=\"faq-item-answer-text\">Sie k\u00f6nnen verschiedene Ank\u00fcndigungsleisten erstellen, z. B. solche, die \u00fcber kostenlose Versandangebote informieren, Neuigkeiten ank\u00fcndigen oder einen laufenden Verkauf hervorheben. Diese Leisten k\u00f6nnen f\u00fcr eine ununterbrochene Anzeige statisch sein oder \u00fcber Scrollfunktionen verf\u00fcgen, um jederzeit sichtbar zu sein.<\/div>\r\n\t\t\t\t\t<\/div>\r\n\t\t\t\t<\/div><div class=\"faq-item\">\r\n\t\t\t\t\t<div class=\"faq-item-question\">\r\n\t\t\t\t\t\t<h3 class=\"faq-item-question-text\">Wie bearbeite ich die Ank\u00fcndigungsleisten-App auf der Wix-Website?<\/h3>\r\n\r\n\t\t\t\t\t\t<div class=\"faq-item-question-icon\"><\/div>\r\n\t\t\t\t\t<\/div>\r\n\r\n\t\t\t\t\t<div class=\"faq-item-answer\">\r\n\t\t\t\t\t\t<div class=\"faq-item-answer-text\">Das Bearbeiten der Ank\u00fcndigungsleisten-App ist mit dem zug\u00e4nglichen Editor intuitiv. Sie k\u00f6nnen den Inhalt, die Farben und die Platzierung an Ihr Gesamtthema anpassen. Mit zus\u00e4tzlichen Funktionen wie Sichtbarkeitsoptionen k\u00f6nnen Sie die Leiste anpassen, um Ihr Publikum zu erreichen.<\/div>\r\n\t\t\t\t\t<\/div>\r\n\t\t\t\t<\/div><div class=\"faq-item\">\r\n\t\t\t\t\t<div class=\"faq-item-question\">\r\n\t\t\t\t\t\t<h3 class=\"faq-item-question-text\">Welche anderen Apps kann ich verwenden, um das Engagement des Publikums zu verbessern?<\/h3>\r\n\r\n\t\t\t\t\t\t<div class=\"faq-item-question-icon\"><\/div>\r\n\t\t\t\t\t<\/div>\r\n\r\n\t\t\t\t\t<div class=\"faq-item-answer\">\r\n\t\t\t\t\t\t<div class=\"faq-item-answer-text\">Sie k\u00f6nnen ein <a href=\"https:\/\/elfsight.com\/sales-notification-widget\/wix\/\">Verkaufsbenachrichtigungs-Widget<\/a> hinzuf\u00fcgen, um K\u00e4ufe in Echtzeit anzuzeigen und so die Glaubw\u00fcrdigkeit zu erh\u00f6hen. Das <a href=\"https:\/\/elfsight.com\/popup-widget\/wix\/\" rel=\"noopener\">Popup-Widget<\/a> eignet sich perfekt zum Erfassen von Leads und regt Besucher dazu an, Ihre Angebote zu erkunden. Das <a href=\"https:\/\/elfsight.com\/banner-widget\/wix\/\">Banner-Widget<\/a> hebt wichtige Aktualisierungen hervor und stellt so die Hervorhebung wichtiger Informationen sicher.<\/div>\r\n\t\t\t\t\t<\/div>\r\n\t\t\t\t<\/div><\/div>","protected":false},"excerpt":{"rendered":"FAQ","protected":false},"author":9,"featured_media":0,"parent":7447,"menu_order":0,"comment_status":"closed","ping_status":"closed","template":"templates\/template-application-platform.php","meta":{"publish_to_discourse":"","publish_post_category":"","wpdc_auto_publish_overridden":"","wpdc_topic_tags":"","wpdc_pin_topic":"","wpdc_pin_until":"","discourse_post_id":"","discourse_permalink":"","wpdc_publishing_response":"","wpdc_publishing_error":"","footnotes":""},"class_list":["post-23944","page","type-page","status-publish","hentry"],"yoast_head":"<!-- This site is optimized with the Yoast SEO plugin v25.3.1 - https:\/\/yoast.com\/wordpress\/plugins\/seo\/ -->\n<title>Wix Announcement Bar-App \u2013 F\u00fcgen Sie Benachrichtigungen zu Ihrer Website hinzu<\/title>\n<meta name=\"description\" content=\"Steigern Sie das Engagement mit der Elfsight Announcement Bar-App ohne Code. Zeigen Sie wichtige Updates an, um die Aufmerksamkeit der Besucher zu erregen und sie zum Handeln aufzufordern.\" \/>\n<meta name=\"robots\" content=\"index, follow, max-snippet:-1, max-image-preview:large, max-video-preview:-1\" \/>\n<link rel=\"canonical\" href=\"https:\/\/elfsight.com\/de\/announcement-bar-widget\/wix\/\" \/>\n<meta property=\"og:locale\" content=\"de_DE\" \/>\n<meta property=\"og:type\" content=\"article\" \/>\n<meta property=\"og:title\" content=\"Wix Announcement Bar-App \u2013 F\u00fcgen Sie Benachrichtigungen zu Ihrer Website hinzu\" \/>\n<meta property=\"og:description\" content=\"Steigern Sie das Engagement mit der Elfsight Announcement Bar-App ohne Code. Zeigen Sie wichtige Updates an, um die Aufmerksamkeit der Besucher zu erregen und sie zum Handeln aufzufordern.\" \/>\n<meta property=\"og:url\" content=\"https:\/\/elfsight.com\/de\/announcement-bar-widget\/wix\/\" \/>\n<meta property=\"og:site_name\" content=\"Elfsight DE\" \/>\n<meta property=\"article:modified_time\" content=\"2025-09-23T09:01:47+00:00\" \/>\n<meta name=\"twitter:card\" content=\"summary_large_image\" \/>\n<meta name=\"twitter:label1\" content=\"Gesch\u00e4tzte Lesezeit\" \/>\n\t<meta name=\"twitter:data1\" content=\"4\u00a0Minuten\" \/>\n<!-- \/ Yoast SEO plugin. -->","yoast_head_json":{"title":"Wix Announcement Bar-App \u2013 F\u00fcgen Sie Benachrichtigungen zu Ihrer Website hinzu","description":"Steigern Sie das Engagement mit der Elfsight Announcement Bar-App ohne Code. Zeigen Sie wichtige Updates an, um die Aufmerksamkeit der Besucher zu erregen und sie zum Handeln aufzufordern.","robots":{"index":"index","follow":"follow","max-snippet":"max-snippet:-1","max-image-preview":"max-image-preview:large","max-video-preview":"max-video-preview:-1"},"canonical":"https:\/\/elfsight.com\/de\/announcement-bar-widget\/wix\/","og_locale":"de_DE","og_type":"article","og_title":"Wix Announcement Bar-App \u2013 F\u00fcgen Sie Benachrichtigungen zu Ihrer Website hinzu","og_description":"Steigern Sie das Engagement mit der Elfsight Announcement Bar-App ohne Code. Zeigen Sie wichtige Updates an, um die Aufmerksamkeit der Besucher zu erregen und sie zum Handeln aufzufordern.","og_url":"https:\/\/elfsight.com\/de\/announcement-bar-widget\/wix\/","og_site_name":"Elfsight DE","article_modified_time":"2025-09-23T09:01:47+00:00","twitter_card":"summary_large_image","twitter_misc":{"Gesch\u00e4tzte Lesezeit":"4\u00a0Minuten"},"schema":{"@context":"https:\/\/schema.org","@graph":[{"@type":"WebPage","@id":"https:\/\/elfsight.com\/de\/announcement-bar-widget\/wix\/","url":"https:\/\/elfsight.com\/de\/announcement-bar-widget\/wix\/","name":"Wix Announcement Bar-App \u2013 F\u00fcgen Sie Benachrichtigungen zu Ihrer Website hinzu","isPartOf":{"@id":"https:\/\/elfsight.com\/de\/#website"},"datePublished":"2024-12-20T08:22:48+00:00","dateModified":"2025-09-23T09:01:47+00:00","description":"Steigern Sie das Engagement mit der Elfsight Announcement Bar-App ohne Code. Zeigen Sie wichtige Updates an, um die Aufmerksamkeit der Besucher zu erregen und sie zum Handeln aufzufordern.","breadcrumb":{"@id":"https:\/\/elfsight.com\/de\/announcement-bar-widget\/wix\/#breadcrumb"},"inLanguage":"de","potentialAction":[{"@type":"ReadAction","target":["https:\/\/elfsight.com\/de\/announcement-bar-widget\/wix\/"]}]},{"@type":"BreadcrumbList","@id":"https:\/\/elfsight.com\/de\/announcement-bar-widget\/wix\/#breadcrumb","itemListElement":[{"@type":"ListItem","position":1,"name":"Home","item":"https:\/\/elfsight.com\/de\/"},{"@type":"ListItem","position":2,"name":"Announcement Bar","item":"https:\/\/elfsight.com\/de\/announcement-bar-widget\/"},{"@type":"ListItem","position":3,"name":"Announcement Bar &#8211; Wix"}]},{"@type":"WebSite","@id":"https:\/\/elfsight.com\/de\/#website","url":"https:\/\/elfsight.com\/de\/","name":"Elfsight DE","description":"Just another Elfsight Sites site","potentialAction":[{"@type":"SearchAction","target":{"@type":"EntryPoint","urlTemplate":"https:\/\/elfsight.com\/de\/?s={search_term_string}"},"query-input":{"@type":"PropertyValueSpecification","valueRequired":true,"valueName":"search_term_string"}}],"inLanguage":"de"}]}},"meta_box":{"industry":"","seo_heading":"","heading":"","description":"","cta_heading":"","cta_description":"","application":"7433","h1":"Ank\u00fcndigungsleisten-App von Wix","h1_caption":"F\u00fcgen Sie die Announcement Bar-App zu Ihrer Website von Wix hinzu, um wichtige Echtzeit-Updates hervorzuheben und so das Vertrauen und die Interaktion Ihrer Kunden zu st\u00e4rken.","application_category":[],"applications_title":"","applications_request_title":"","applications_request_button_text":"","hero_text":"","hero_video":"","hero_video_schema_markup":"","selling_points_title":"","selling_points_caption":"","selling_points":[],"selling_points_cta_text":"","features_title":"","features":"","ed_cta_examples_text":"","ed_cta_examples_hidden":"","ed_cta_demo_text":"","ed_cta_demo_hidden":"","why_caption":"","why_editor_title":"","why_editor_text":"","why_team_title":"","why_team_text":"","why_service_title":"","why_service_text":"","template_catalog_visible":"0","template_catalog_title":"","template_catalog_text":"","template_catalog_categories_visible":"","demo_title":"Erstellen Sie eine Ank\u00fcndigungsleisten-App von Wix","demo_caption":"Entwerfen Sie kostenlos Ihre Announcement Bar-App f\u00fcr Ihre Wix-Website.","default_faq_hidden":"","app_template_category":[],"platform":"265","template_public_id":"","codecanyon_url":"","codecanyon_item_id":"","codecanyon_price":"","pricing_caption":"","pricing_elfsight_apps_hide_column":"","pricing_elfsight_apps_url":"","pricing_codecanyon_price_caption":"","integration_category":[],"integration_request_title":"","integration_request_cta":"","integration_platform":"","integrations":[],"platform_category":[],"video_schema_markup":"","price":"ab 0 $ \/ Monat","trial":"","benefits":[{"text":"Kostenlose Installationsunterst\u00fctzung"},{"text":"Kompetenter Kundenservice"},{"text":"14-t\u00e4gige Geld-zur\u00fcck-Garantie"},{"text":"Lebenslange kostenlose Verbesserungen"}],"button_url":"#demo","button_target_blank":"0","button_nofollow":"0","attributes":[{"name":"Installiert","content":"1,000 - 5,000","_state":"expanded"},{"name":"Reaktionsschnell","content":"Ja","_state":"expanded"},{"name":"Kompatible Browser","content":"Firefox, Safari, Opera, Chrome, Edge","_state":"expanded"}],"tags":[],"tags_disable_links":"0","hide_more_platforms":"0","video_object":"","demo_hide_cta":"0","demo_hide_cloud_options":"0","pricing_title":"","pricing":[{"pricing_icon":"platform","pricing_title":"Elfsight Apps","pricing_title_caption":"Plattformunabh\u00e4ngige Version, die auf jeder Website funktioniert","pricing_price":"ab 0 $ \/ Monat","pricing_price_caption":"Beginnen Sie mit einem kostenlosen Plan","pricing_benefits":[{"text":"Unbegrenzte Websites"},{"text":"Professionelle und p\u00fcnktliche Unterst\u00fctzung und gut dokumentiert"},{"text":"Kostenloser Installationssupport"},{"text":"Vollst\u00e4ndig anpassbar"}],"pricing_button_text":"Zur Website hinzuf\u00fcgen","pricing_button_url":"#demo"}],"related_apps_title":"","related_apps_hidden":"0","author":"","image":[],"title":"","job":"","social_networks":[]},"_links":{"self":[{"href":"https:\/\/elfsight.com\/de\/wp-json\/wp\/v2\/pages\/23944","targetHints":{"allow":["GET"]}}],"collection":[{"href":"https:\/\/elfsight.com\/de\/wp-json\/wp\/v2\/pages"}],"about":[{"href":"https:\/\/elfsight.com\/de\/wp-json\/wp\/v2\/types\/page"}],"author":[{"embeddable":true,"href":"https:\/\/elfsight.com\/de\/wp-json\/wp\/v2\/users\/9"}],"replies":[{"embeddable":true,"href":"https:\/\/elfsight.com\/de\/wp-json\/wp\/v2\/comments?post=23944"}],"version-history":[{"count":3,"href":"https:\/\/elfsight.com\/de\/wp-json\/wp\/v2\/pages\/23944\/revisions"}],"predecessor-version":[{"id":25516,"href":"https:\/\/elfsight.com\/de\/wp-json\/wp\/v2\/pages\/23944\/revisions\/25516"}],"up":[{"embeddable":true,"href":"https:\/\/elfsight.com\/de\/wp-json\/wp\/v2\/pages\/7447"}],"wp:attachment":[{"href":"https:\/\/elfsight.com\/de\/wp-json\/wp\/v2\/media?parent=23944"}],"curies":[{"name":"wp","href":"https:\/\/api.w.org\/{rel}","templated":true}]}}