{"id":23939,"date":"2024-12-20T08:50:53","date_gmt":"2024-12-20T08:50:53","guid":{"rendered":"https:\/\/elfsight.com\/de\/?page_id=23939"},"modified":"2025-02-11T11:33:08","modified_gmt":"2025-02-11T11:33:08","slug":"webflow","status":"publish","type":"page","link":"https:\/\/elfsight.com\/de\/announcement-bar-widget\/webflow\/","title":{"rendered":"Announcement Bar &#8211; Webflow"},"content":{"rendered":"<div class=\"application-platform-content-item-description application-platform-content-item\" id=\"description\" data-nav-section=\"description\"> <p>Das Ank\u00fcndigungsleisten-Widget hilft Unternehmen dabei, wichtige Updates auf prominente und offensichtliche Weise mit Besuchern zu teilen. Es eignet sich hervorragend, um Kunden \u00fcber neue Angebote, Produkteinf\u00fchrungen oder wichtige Informationen wie Versanddetails zu informieren. <\/p><p>Steigern Sie das Engagement, indem Sie Besucher zum Handeln auffordern, sei es bei der Aufgabe einer Bestellung oder der Anmeldung f\u00fcr eine Werbeaktion. Mit der No-Code-Einrichtung integriert sich das Widget nahtlos in Ihre Website. Es ist vollst\u00e4ndig anpassbar, sodass Sie ganz einfach den Stil ausw\u00e4hlen k\u00f6nnen, der zu Ihrem Branding passt.<\/p><p><b>Erh\u00f6hen Sie die Sichtbarkeit Ihrer wichtigen Nachrichten, um die Vertrauensw\u00fcrdigkeit mit der Ank\u00fcndigungsleiste zu erh\u00f6hen.<\/b><\/p><\/div> <div class=\"application-platform-content-item-features application-platform-content-item\" id=\"features\" data-nav-section=\"features\"> <h2>Funktionen des Ank\u00fcndigungsleisten-Widgets<\/h2> <p>Das Ank\u00fcndigungsleisten-Widget von Elfsight ist Entwickelt, um die Kundeninteraktion durch die Anzeige dynamischer Benachrichtigungen \u00fcber wichtige \u00c4nderungen zu erh\u00f6hen. Dieses vielseitige Tool st\u00e4rkt nicht nur das Vertrauen, indem es wichtige Informationen hervorhebt, sondern regt Besucher auch mit gezielten Warnungen zum Handeln an. Nachfolgend finden Sie eine detaillierte Liste der wichtigsten Funktionen des Widgets:<\/p><ul><li><b>Schnelle und einfache Einrichtung.<\/b> Problemlose Einrichtung ohne technische Kenntnisse, erm\u00f6glicht eine schnelle und einfache Bereitstellung auf Ihrer Website.<\/li><li><b>Auff\u00e4llig und dennoch unaufdringlich.<\/b> Mit anpassbaren Designoptionen k\u00f6nnen Sie wirkungsvolle Ank\u00fcndigungen erstellen und gleichzeitig ein benutzerfreundliches Erlebnis bieten.<\/li><li><b>Steigern Sie den Verkauf wichtiger Produkte.<\/b> Heben Sie Verk\u00e4ufe und Werbeaktionen direkt \u00fcber das hervor Ank\u00fcndigungsleiste, um Conversions f\u00fcr bestimmte Produktkategorien zu steigern.<\/li><li><b>Heben Sie Neuigkeiten und Aktualisierungen hervor.<\/b> Pr\u00e4sentieren Sie neue Angebote oder Verbesserungen bestehender Produkte und halten Sie Ihre Besucher mit aktuellen und frischen Inhalten in Kontakt.<\/li><li><b>Markenkonsistenz.<\/b> Vollst\u00e4ndige Anpassungsoptionen, um das Erscheinungsbild Ihrer Website zu erg\u00e4nzen und ein nahtloses und makelloses Benutzererlebnis zu gew\u00e4hrleisten.<\/li><li><b>Anpassbares Design.<\/b> Vollst\u00e4ndig anpassbare Vorlagen und Inhalte, die Ihre einzigartige Marke perfekt widerspiegeln Identit\u00e4t.<\/li><\/ul><p><a href=\"#demo\">Verwenden Sie den Online-Editor, um zu sehen, wie das Widget funktioniert<\/a><\/p><\/div> <div class=\"application-platform-content-item-installation application-platform-content-item\" id=\"installation\" data-nav-section=\"installation\"> <h2>Wie f\u00fcge ich ein Ank\u00fcndigungsbanner in Webflow hinzu?<\/h2><p>Um das Ank\u00fcndigungsleisten-Widget in Ihre Website einzubetten, befolgen Sie diese einfachen Schritte:<\/p> <ol><li>\u00d6ffnen Sie den Widget-Editor und W\u00e4hlen Sie eine Vorlage aus, die zum Stil Ihrer Website passt.<\/li><li>Personalisieren Sie das Widget, indem Sie seine Nachricht, Aktion und visuelle Elemente, Schaltfl\u00e4che, Position auf der Seite usw. \u00e4ndern.<\/li><li>Behalten Sie Ihre \u00c4nderungen bei und kopieren Sie den bereitgestellten HTML-Code. F\u00fcgen Sie den Code in das CMS Ihrer Website ein und \u00fcbernehmen Sie die \u00c4nderungen.<\/li><\/ol>Fertig! Ihr Webflow-Ank\u00fcndigungsleisten-Widget ist jetzt live!<p>Falls beim Einbetten des Widgets in Ihre Website Probleme auftreten, wenden Sie sich einfach an unser Kundensupport-Team. Wir helfen Ihnen gerne beim Hinzuf\u00fcgen und \u00c4ndern Ihrer Ank\u00fcndigungsleiste.<\/p><\/div> <h2>FAQ<\/h2><div class=\"faq\" data-component=\"FAQ\"><div class=\"faq-item\">\r\n\t\t\t\t\t<div class=\"faq-item-question\">\r\n\t\t\t\t\t\t<h3 class=\"faq-item-question-text\">Ist die Verwendung des Webflow-Ank\u00fcndigungsleisten-Widgets kostenlos?<\/h3>\r\n\r\n\t\t\t\t\t\t<div class=\"faq-item-question-icon\"><\/div>\r\n\t\t\t\t\t<\/div>\r\n\r\n\t\t\t\t\t<div class=\"faq-item-answer\">\r\n\t\t\t\t\t\t<div class=\"faq-item-answer-text\">Ja, es ist eine kostenlose Option verf\u00fcgbar, die grundlegende Funktionen bietet, was ideal f\u00fcr kleinere Websites oder Tests ist. Bezahlte Pl\u00e4ne beginnen bei 5 $ pro Monat und beinhalten erweiterte Funktionen.<\/div>\r\n\t\t\t\t\t<\/div>\r\n\t\t\t\t<\/div><div class=\"faq-item\">\r\n\t\t\t\t\t<div class=\"faq-item-question\">\r\n\t\t\t\t\t\t<h3 class=\"faq-item-question-text\">Welche Arten von Ank\u00fcndigungsleisten-Widgets kann ich meiner Website hinzuf\u00fcgen?<\/h3>\r\n\r\n\t\t\t\t\t\t<div class=\"faq-item-question-icon\"><\/div>\r\n\t\t\t\t\t<\/div>\r\n\r\n\t\t\t\t\t<div class=\"faq-item-answer\">\r\n\t\t\t\t\t\t<div class=\"faq-item-answer-text\">Sie k\u00f6nnen verschiedene Ank\u00fcndigungsleisten erstellen, z. B. solche, die \u00fcber kostenlose Versandangebote informieren, Aktualisierungen anzeigen oder einen bevorstehenden Verkauf hervorheben. Diese Balken k\u00f6nnen statisch sein, um eine konsistente Sichtbarkeit zu gew\u00e4hrleisten, oder schwebend sein, damit sie immer sichtbar sind, um die Hervorhebung sicherzustellen.<\/div>\r\n\t\t\t\t\t<\/div>\r\n\t\t\t\t<\/div><div class=\"faq-item\">\r\n\t\t\t\t\t<div class=\"faq-item-question\">\r\n\t\t\t\t\t\t<h3 class=\"faq-item-question-text\">Wie bearbeite ich das Ank\u00fcndigungsleisten-Widget auf einer Webflow-Website?<\/h3>\r\n\r\n\t\t\t\t\t\t<div class=\"faq-item-question-icon\"><\/div>\r\n\t\t\t\t\t<\/div>\r\n\r\n\t\t\t\t\t<div class=\"faq-item-answer\">\r\n\t\t\t\t\t\t<div class=\"faq-item-answer-text\">Das Bearbeiten des Ank\u00fcndigungsleisten-Widgets ist mit dem barrierefreien Editor von Elfsight einfach. Sie k\u00f6nnen den Inhalt, den Stil und die Ausrichtung \u00e4ndern, um sie an das Design Ihrer Website anzupassen. Mit zus\u00e4tzlichen Funktionen wie Targeting-Tools k\u00f6nnen Sie die Leiste anpassen, um Ihr Publikum zu informieren.<\/div>\r\n\t\t\t\t\t<\/div>\r\n\t\t\t\t<\/div><div class=\"faq-item\">\r\n\t\t\t\t\t<div class=\"faq-item-question\">\r\n\t\t\t\t\t\t<h3 class=\"faq-item-question-text\">Welche anderen Widgets kann ich verwenden, um das Engagement des Publikums zu verbessern?<\/h3>\r\n\r\n\t\t\t\t\t\t<div class=\"faq-item-question-icon\"><\/div>\r\n\t\t\t\t\t<\/div>\r\n\r\n\t\t\t\t\t<div class=\"faq-item-answer\">\r\n\t\t\t\t\t\t<div class=\"faq-item-answer-text\">Sie k\u00f6nnen ein <a href=\"https:\/\/elfsight.com\/sales-notification-widget\/webflow\/\" rel=\"noopener\">Verkaufsbenachrichtigungs-Widget<\/a> hinzuf\u00fcgen, um Kundenaktionen hervorzuheben und so Vertrauen aufzubauen. Das <a href=\"https:\/\/elfsight.com\/popup-widget\/webflow\/\" rel=\"noopener\">Popup-Widget<\/a> eignet sich ideal zum Teilen von Rabatten und ermutigt Besucher, sich mit Ihren Inhalten zu besch\u00e4ftigen. Das <a href=\"https:\/\/elfsight.com\/banner-widget\/webflow\/\" rel=\"noopener\">Banner-Widget<\/a> zeigt Schl\u00fcsselbotschaften an und sorgt so f\u00fcr die Sichtbarkeit wichtiger Informationen.<\/div>\r\n\t\t\t\t\t<\/div>\r\n\t\t\t\t<\/div><\/div>","protected":false},"excerpt":{"rendered":"FAQ","protected":false},"author":9,"featured_media":0,"parent":7447,"menu_order":0,"comment_status":"closed","ping_status":"closed","template":"templates\/template-application-platform.php","meta":{"publish_to_discourse":"","publish_post_category":"","wpdc_auto_publish_overridden":"","wpdc_topic_tags":"","wpdc_pin_topic":"","wpdc_pin_until":"","discourse_post_id":"","discourse_permalink":"","wpdc_publishing_response":"","wpdc_publishing_error":"","footnotes":""},"class_list":["post-23939","page","type-page","status-publish","hentry"],"yoast_head":"<!-- This site is optimized with the Yoast SEO plugin v25.3.1 - https:\/\/yoast.com\/wordpress\/plugins\/seo\/ -->\n<title>Webflow-Ank\u00fcndigungsleisten-Widget \u2013 Benachrichtigungen zu einer Website hinzuf\u00fcgen<\/title>\n<meta name=\"description\" content=\"Steigern Sie die Interaktion mit dem benutzerfreundlichen Elfsight-Ank\u00fcndigungsleisten-Widget. Pr\u00e4sentieren Sie dringende Warnungen und fordern Sie Besucher auf, Ma\u00dfnahmen zu ergreifen.\" \/>\n<meta name=\"robots\" content=\"index, follow, max-snippet:-1, max-image-preview:large, max-video-preview:-1\" \/>\n<link rel=\"canonical\" href=\"https:\/\/elfsight.com\/de\/announcement-bar-widget\/webflow\/\" \/>\n<meta property=\"og:locale\" content=\"de_DE\" \/>\n<meta property=\"og:type\" content=\"article\" \/>\n<meta property=\"og:title\" content=\"Webflow-Ank\u00fcndigungsleisten-Widget \u2013 Benachrichtigungen zu einer Website hinzuf\u00fcgen\" \/>\n<meta property=\"og:description\" content=\"Steigern Sie die Interaktion mit dem benutzerfreundlichen Elfsight-Ank\u00fcndigungsleisten-Widget. Pr\u00e4sentieren Sie dringende Warnungen und fordern Sie Besucher auf, Ma\u00dfnahmen zu ergreifen.\" \/>\n<meta property=\"og:url\" content=\"https:\/\/elfsight.com\/de\/announcement-bar-widget\/webflow\/\" \/>\n<meta property=\"og:site_name\" content=\"Elfsight DE\" \/>\n<meta property=\"article:modified_time\" content=\"2025-02-11T11:33:08+00:00\" \/>\n<meta name=\"twitter:card\" content=\"summary_large_image\" \/>\n<meta name=\"twitter:label1\" content=\"Gesch\u00e4tzte Lesezeit\" \/>\n\t<meta name=\"twitter:data1\" content=\"4\u00a0Minuten\" \/>\n<!-- \/ Yoast SEO plugin. -->","yoast_head_json":{"title":"Webflow-Ank\u00fcndigungsleisten-Widget \u2013 Benachrichtigungen zu einer Website hinzuf\u00fcgen","description":"Steigern Sie die Interaktion mit dem benutzerfreundlichen Elfsight-Ank\u00fcndigungsleisten-Widget. Pr\u00e4sentieren Sie dringende Warnungen und fordern Sie Besucher auf, Ma\u00dfnahmen zu ergreifen.","robots":{"index":"index","follow":"follow","max-snippet":"max-snippet:-1","max-image-preview":"max-image-preview:large","max-video-preview":"max-video-preview:-1"},"canonical":"https:\/\/elfsight.com\/de\/announcement-bar-widget\/webflow\/","og_locale":"de_DE","og_type":"article","og_title":"Webflow-Ank\u00fcndigungsleisten-Widget \u2013 Benachrichtigungen zu einer Website hinzuf\u00fcgen","og_description":"Steigern Sie die Interaktion mit dem benutzerfreundlichen Elfsight-Ank\u00fcndigungsleisten-Widget. Pr\u00e4sentieren Sie dringende Warnungen und fordern Sie Besucher auf, Ma\u00dfnahmen zu ergreifen.","og_url":"https:\/\/elfsight.com\/de\/announcement-bar-widget\/webflow\/","og_site_name":"Elfsight DE","article_modified_time":"2025-02-11T11:33:08+00:00","twitter_card":"summary_large_image","twitter_misc":{"Gesch\u00e4tzte Lesezeit":"4\u00a0Minuten"},"schema":{"@context":"https:\/\/schema.org","@graph":[{"@type":"WebPage","@id":"https:\/\/elfsight.com\/de\/announcement-bar-widget\/webflow\/","url":"https:\/\/elfsight.com\/de\/announcement-bar-widget\/webflow\/","name":"Webflow-Ank\u00fcndigungsleisten-Widget \u2013 Benachrichtigungen zu einer Website hinzuf\u00fcgen","isPartOf":{"@id":"https:\/\/elfsight.com\/de\/#website"},"datePublished":"2024-12-20T08:50:53+00:00","dateModified":"2025-02-11T11:33:08+00:00","description":"Steigern Sie die Interaktion mit dem benutzerfreundlichen Elfsight-Ank\u00fcndigungsleisten-Widget. Pr\u00e4sentieren Sie dringende Warnungen und fordern Sie Besucher auf, Ma\u00dfnahmen zu ergreifen.","breadcrumb":{"@id":"https:\/\/elfsight.com\/de\/announcement-bar-widget\/webflow\/#breadcrumb"},"inLanguage":"de","potentialAction":[{"@type":"ReadAction","target":["https:\/\/elfsight.com\/de\/announcement-bar-widget\/webflow\/"]}]},{"@type":"BreadcrumbList","@id":"https:\/\/elfsight.com\/de\/announcement-bar-widget\/webflow\/#breadcrumb","itemListElement":[{"@type":"ListItem","position":1,"name":"Home","item":"https:\/\/elfsight.com\/de\/"},{"@type":"ListItem","position":2,"name":"Announcement Bar","item":"https:\/\/elfsight.com\/de\/announcement-bar-widget\/"},{"@type":"ListItem","position":3,"name":"Announcement Bar &#8211; Webflow"}]},{"@type":"WebSite","@id":"https:\/\/elfsight.com\/de\/#website","url":"https:\/\/elfsight.com\/de\/","name":"Elfsight DE","description":"Just another Elfsight Sites site","potentialAction":[{"@type":"SearchAction","target":{"@type":"EntryPoint","urlTemplate":"https:\/\/elfsight.com\/de\/?s={search_term_string}"},"query-input":{"@type":"PropertyValueSpecification","valueRequired":true,"valueName":"search_term_string"}}],"inLanguage":"de"}]}},"meta_box":{"industry":"","seo_heading":"","heading":"","description":"","cta_heading":"","cta_description":"","application":"7433","h1":"Webflow-Ank\u00fcndigungsleisten-Widget","h1_caption":"F\u00fcgen Sie das Ank\u00fcndigungsleisten-Widget zu Ihrer Webflow-Site hinzu, um wichtige Echtzeit-Updates hervorzuheben und so das Vertrauen und die Interaktion der Kunden zu st\u00e4rken.","application_category":[],"applications_title":"","applications_request_title":"","applications_request_button_text":"","hero_text":"","hero_video":"","hero_video_schema_markup":"","selling_points_title":"","selling_points_caption":"","selling_points":[],"selling_points_cta_text":"","features_title":"","features":"","ed_cta_examples_text":"","ed_cta_examples_hidden":"","ed_cta_demo_text":"","ed_cta_demo_hidden":"","why_caption":"","why_editor_title":"","why_editor_text":"","why_team_title":"","why_team_text":"","why_service_title":"","why_service_text":"","template_catalog_visible":"0","template_catalog_title":"","template_catalog_text":"","template_catalog_categories_visible":"","demo_title":"Erstellen Sie ein Webflow-Ank\u00fcndigungsleisten-Widget","demo_caption":"Entwerfen Sie kostenlos Ihr Ank\u00fcndigungsleisten-Widget f\u00fcr die Webflow-Website.","default_faq_hidden":"","app_template_category":[],"platform":"250","template_public_id":"","codecanyon_url":"","codecanyon_item_id":"","codecanyon_price":"","pricing_caption":"","pricing_elfsight_apps_hide_column":"","pricing_elfsight_apps_url":"","pricing_codecanyon_price_caption":"","integration_category":[],"integration_request_title":"","integration_request_cta":"","integration_platform":"","integrations":[],"platform_category":[],"video_schema_markup":"","price":"ab 0 $ \/ Monat","trial":"","benefits":[{"text":"Kostenlose Installationsunterst\u00fctzung"},{"text":"Effektiver Kundenservice"},{"text":"14-t\u00e4gige R\u00fcckerstattungsgarantie"},{"text":"St\u00e4ndige Aktualisierung"}],"button_url":"#demo","button_target_blank":"0","button_nofollow":"0","attributes":[{"name":"Installiert","content":"1,000 - 5,0000","_state":"expanded"},{"name":"Reaktionsschnell","content":"Ja","_state":"expanded"},{"name":"Kompatible Browser","content":"Firefox, Safari, Opera, Chrome, Edge","_state":"expanded"}],"tags":[],"tags_disable_links":"0","hide_more_platforms":"0","video_object":"","demo_hide_cta":"0","demo_hide_cloud_options":"0","pricing_title":"","pricing":[{"pricing_icon":"platform","pricing_title":"Elfsight Apps","pricing_title_caption":"Plattformunabh\u00e4ngige Version, die auf jeder Website funktioniert","pricing_price":"ab 0 $ \/ Monat","pricing_price_caption":"Beginnen Sie mit einem kostenlosen Plan","pricing_benefits":[{"text":"Unbegrenzte Websites"},{"text":"Professionelle und p\u00fcnktliche Unterst\u00fctzung und gut dokumentiert"},{"text":"Kostenloser Installationssupport"},{"text":"Vollst\u00e4ndig anpassbar"}],"pricing_button_text":"Zur Website hinzuf\u00fcgen","pricing_button_url":"#demo"}],"related_apps_title":"","related_apps_hidden":"0","author":"","image":[],"title":"","job":"","social_networks":[]},"_links":{"self":[{"href":"https:\/\/elfsight.com\/de\/wp-json\/wp\/v2\/pages\/23939","targetHints":{"allow":["GET"]}}],"collection":[{"href":"https:\/\/elfsight.com\/de\/wp-json\/wp\/v2\/pages"}],"about":[{"href":"https:\/\/elfsight.com\/de\/wp-json\/wp\/v2\/types\/page"}],"author":[{"embeddable":true,"href":"https:\/\/elfsight.com\/de\/wp-json\/wp\/v2\/users\/9"}],"replies":[{"embeddable":true,"href":"https:\/\/elfsight.com\/de\/wp-json\/wp\/v2\/comments?post=23939"}],"version-history":[{"count":2,"href":"https:\/\/elfsight.com\/de\/wp-json\/wp\/v2\/pages\/23939\/revisions"}],"predecessor-version":[{"id":23957,"href":"https:\/\/elfsight.com\/de\/wp-json\/wp\/v2\/pages\/23939\/revisions\/23957"}],"up":[{"embeddable":true,"href":"https:\/\/elfsight.com\/de\/wp-json\/wp\/v2\/pages\/7447"}],"wp:attachment":[{"href":"https:\/\/elfsight.com\/de\/wp-json\/wp\/v2\/media?parent=23939"}],"curies":[{"name":"wp","href":"https:\/\/api.w.org\/{rel}","templated":true}]}}