{"id":23937,"date":"2024-12-20T11:29:21","date_gmt":"2024-12-20T11:29:21","guid":{"rendered":"https:\/\/elfsight.com\/de\/?page_id=23937"},"modified":"2025-10-23T14:13:18","modified_gmt":"2025-10-23T14:13:18","slug":"wordpress","status":"publish","type":"page","link":"https:\/\/elfsight.com\/de\/announcement-bar-widget\/wordpress\/","title":{"rendered":"Announcement Bar &#8211; WordPress"},"content":{"rendered":"<div class=\"application-platform-content-item-description application-platform-content-item\" id=\"description\" data-nav-section=\"description\"> <p>Das Ank\u00fcndigungsleisten-Plugin unterst\u00fctzt Unternehmen dabei, wichtige Informationen auf klare Weise mit Besuchern zu teilen. Es eignet sich hervorragend, um Kunden \u00fcber neue Angebote, Gesch\u00e4ftsveranstaltungen oder wichtige Details wie Versandaktualisierungen zu informieren.<\/p><p>Steigern Sie das Engagement, indem Sie Besucher zum Handeln auffordern, sei es ein Kauf oder ein Abonnement f\u00fcr eine Werbeaktion. Mit der No-Code-Einrichtung f\u00fcgt sich das Plugin nahtlos in Ihre Website ein. Es ist vollst\u00e4ndig anpassbar, sodass Sie ganz einfach den Stil ausw\u00e4hlen k\u00f6nnen, der zu Ihrem Branding passt.<\/p><p><b>Erh\u00f6hen Sie die Sichtbarkeit Ihrer wichtigsten Updates und Werbeaktionen, um Markentreue aufzubauen, mit der Ank\u00fcndigungsleiste.<\/b><\/p><\/div> <div class=\"application-platform-content-item-features application-platform-content-item\" id=\"features\" data-nav-section=\"features\"> <h2>Funktionen des Ank\u00fcndigungsleisten-Plugins<\/h2> <p>Das WordPress-Ank\u00fcndigungsleisten-Plugin von Elfsight ist Entwickelt, um die Kundeninteraktion zu verbessern, indem dynamische Benachrichtigungen \u00fcber wichtige Updates angezeigt werden. Dieses flexible Tool schafft nicht nur Vertrauen, indem es wichtige Informationen vermittelt, sondern regt Besucher auch mit gezielten Warnungen zum Handeln an. Nachfolgend finden Sie eine detaillierte Liste der Hauptfunktionen des Plugins:<\/p><ul><li><b>Schnelle und einfache Einrichtung.<\/b> M\u00fchelose Konfiguration ohne erforderliche technische Kenntnisse, erm\u00f6glicht eine einfache und schnelle Bereitstellung auf Ihrer Website.<\/li><li><b>Auff\u00e4llig und dennoch nicht aufdringlich.<\/b> Mit anpassbaren Designoptionen k\u00f6nnen Sie wirkungsvolle Ank\u00fcndigungen erstellen und gleichzeitig ein nahtloses Erlebnis gew\u00e4hrleisten.<\/li><li><b>Steigern Sie den Verkauf wichtiger Produkte.<\/b> Pr\u00e4sentieren Sie Sonderangebote direkt \u00fcber die Ank\u00fcndigungsleiste, um Aufmerksamkeit zu erregen und steigern Sie die Conversions f\u00fcr bestimmte Produkte.<\/li><li><b>Heben Sie Neuigkeiten und Aktualisierungen hervor.<\/b> Pr\u00e4sentieren Sie neue Produkteinf\u00fchrungen oder Erg\u00e4nzungen bestehender Angebote, um die Besucher mit frischen und aktuellen Inhalten zu besch\u00e4ftigen.<\/li><li><b>Markenkonsistenz.<\/b> Vollst\u00e4ndige Anpassungsoptionen, um das Erscheinungsbild Ihrer Website anzupassen und ein makelloses und zusammenh\u00e4ngendes Erlebnis zu gew\u00e4hrleisten.<\/li><li><b>Anpassbares Design.<\/b> Vollst\u00e4ndig anpassbare Layouts und Stile, damit Sie Ihre Markenidentit\u00e4t widerspiegeln k\u00f6nnen nahtlos.<\/li><\/ul><p><a href=\"#demo\">Probieren Sie den benutzerfreundlichen Editor aus, um zu sehen, wie das Plugin funktioniert<\/a><\/p><\/div> <div class=\"application-platform-content-item-installation application-platform-content-item\" id=\"installation\" data-nav-section=\"installation\"> <h2>Wie f\u00fcge ich eine Ank\u00fcndigungsleiste in WordPress hinzu?<\/h2><div class=\"video-container\">\n<iframe width=\"720\" height=\"405\" src=\"https:\/\/www.youtube.com\/embed\/pGqhUWVLpNM?si=r8fQYbUck2N6mAJQ\" frameborder=\"0\" allowfullscreen=\"\"><\/iframe>\n<\/div><p>Um das Ank\u00fcndigungsleisten-Plugin in Ihre Website einzubetten, f\u00fchren Sie diese einfachen Schritte aus:<\/p> <ol><li>Starten Sie den Plugin-Editor und w\u00e4hlen Sie eine Vorlage aus, die zum Stil Ihrer Website passt.<\/li><li>\u00c4ndern Sie das Plugin, indem Sie seine Nachricht, Aktion und visuellen Elemente, Schaltfl\u00e4che, Position auf der Seite usw. aktualisieren.<\/li><li>Behalten Sie Ihre \u00c4nderungen bei und kopieren Sie das bereitgestellte HTML-Snippet. F\u00fcgen Sie den Code in das CMS Ihrer Website ein und f\u00fchren Sie die \u00c4nderungen aus.<\/li><\/ol><p>Alles klar! Ihr Ank\u00fcndigungsleisten-Plugin f\u00fcr WordPress ist jetzt aktiv!<\/p><p>Wenn Sie beim Einbetten des Plugins in eine Website auf Schwierigkeiten sto\u00dfen, wenden Sie sich einfach an unseren Kundensupport. Wir unterst\u00fctzen Sie gerne beim Hinzuf\u00fcgen und Verwalten Ihrer Ank\u00fcndigungsleiste.<\/p><\/div> <h2>FAQ<\/h2><div class=\"faq\" data-component=\"FAQ\"><div class=\"faq-item\">\r\n\t\t\t\t\t<div class=\"faq-item-question\">\r\n\t\t\t\t\t\t<h3 class=\"faq-item-question-text\">Ist die Verwendung des WordPress-Ank\u00fcndigungsleisten-Plugins kostenlos?<\/h3>\r\n\r\n\t\t\t\t\t\t<div class=\"faq-item-question-icon\"><\/div>\r\n\t\t\t\t\t<\/div>\r\n\r\n\t\t\t\t\t<div class=\"faq-item-answer\">\r\n\t\t\t\t\t\t<div class=\"faq-item-answer-text\">Ja, es ist eine kostenlose Option verf\u00fcgbar, die grundlegende Funktionen bietet, die sich perfekt f\u00fcr kleine Websites oder Tests eignen. Bezahlte Pl\u00e4ne sind f\u00fcr nur 5 US-Dollar pro Monat erh\u00e4ltlich und beinhalten zus\u00e4tzliche Funktionen.<\/div>\r\n\t\t\t\t\t<\/div>\r\n\t\t\t\t<\/div><div class=\"faq-item\">\r\n\t\t\t\t\t<div class=\"faq-item-question\">\r\n\t\t\t\t\t\t<h3 class=\"faq-item-question-text\">Welche Arten von Ank\u00fcndigungsleisten-Plugins kann ich zu meiner Website hinzuf\u00fcgen?<\/h3>\r\n\r\n\t\t\t\t\t\t<div class=\"faq-item-question-icon\"><\/div>\r\n\t\t\t\t\t<\/div>\r\n\r\n\t\t\t\t\t<div class=\"faq-item-answer\">\r\n\t\t\t\t\t\t<div class=\"faq-item-answer-text\">Sie k\u00f6nnen WordPress verschiedene Ank\u00fcndigungsleisten hinzuf\u00fcgen, z. B. solche, die \u00fcber kostenlose Versandangebote informieren, Neuigkeiten anzeigen oder einen laufenden Verkauf hervorheben. Diese Balken k\u00f6nnen statisch sein, um eine ununterbrochene Anzeige zu erm\u00f6glichen, oder sich bewegen, um eine konstante Sichtbarkeit zu gew\u00e4hrleisten.<\/div>\r\n\t\t\t\t\t<\/div>\r\n\t\t\t\t<\/div><div class=\"faq-item\">\r\n\t\t\t\t\t<div class=\"faq-item-question\">\r\n\t\t\t\t\t\t<h3 class=\"faq-item-question-text\">Wie bearbeite ich das Ank\u00fcndigungsleisten-Plugin auf einer WordPress-Website?<\/h3>\r\n\r\n\t\t\t\t\t\t<div class=\"faq-item-question-icon\"><\/div>\r\n\t\t\t\t\t<\/div>\r\n\r\n\t\t\t\t\t<div class=\"faq-item-answer\">\r\n\t\t\t\t\t\t<div class=\"faq-item-answer-text\">Das Bearbeiten des Ank\u00fcndigungsleisten-Plugins ist mit dem barrierefreien Editor von Elfsight intuitiv. Sie k\u00f6nnen die Nachricht, den Stil und die Positionierung \u00e4ndern, um sie an Ihr Gesamtthema anzupassen. Mit zus\u00e4tzlichen Funktionen wie Planungseinstellungen k\u00f6nnen Sie die Leiste optimieren, um Ihr Publikum zu informieren.<\/div>\r\n\t\t\t\t\t<\/div>\r\n\t\t\t\t<\/div><div class=\"faq-item\">\r\n\t\t\t\t\t<div class=\"faq-item-question\">\r\n\t\t\t\t\t\t<h3 class=\"faq-item-question-text\">Welche anderen Plugins kann ich verwenden, um das Engagement des Publikums zu verbessern?<\/h3>\r\n\r\n\t\t\t\t\t\t<div class=\"faq-item-question-icon\"><\/div>\r\n\t\t\t\t\t<\/div>\r\n\r\n\t\t\t\t\t<div class=\"faq-item-answer\">\r\n\t\t\t\t\t\t<div class=\"faq-item-answer-text\">Sie k\u00f6nnen ein <a href=\"https:\/\/elfsight.com\/sales-notification-widget\/wordpress\/\" rel=\"noopener\">Verkaufsbenachrichtigungs-Widget<\/a> hinzuf\u00fcgen, um Kundenaktionen hervorzuheben und so Vertrauen aufzubauen. Das <a href=\"https:\/\/elfsight.com\/popup-widget\/wordpress\/\" rel=\"noopener\">Popup-Widget<\/a> eignet sich ideal zum Erfassen von Leads und regt Besucher dazu an, Ihre Angebote zu erkunden. Das <a href=\"https:\/\/elfsight.com\/banner-widget\/wordpress\" rel=\"noopener\">Banner-Widget<\/a> zeigt wichtige Updates an und sorgt so f\u00fcr die Sichtbarkeit wichtiger Informationen.<\/div>\r\n\t\t\t\t\t<\/div>\r\n\t\t\t\t<\/div><\/div>","protected":false},"excerpt":{"rendered":"FAQ","protected":false},"author":9,"featured_media":0,"parent":7447,"menu_order":0,"comment_status":"closed","ping_status":"closed","template":"templates\/template-application-platform.php","meta":{"publish_to_discourse":"","publish_post_category":"","wpdc_auto_publish_overridden":"","wpdc_topic_tags":"","wpdc_pin_topic":"","wpdc_pin_until":"","discourse_post_id":"","discourse_permalink":"","wpdc_publishing_response":"","wpdc_publishing_error":"","footnotes":""},"class_list":["post-23937","page","type-page","status-publish","hentry"],"yoast_head":"<!-- This site is optimized with the Yoast SEO plugin v25.3.1 - https:\/\/yoast.com\/wordpress\/plugins\/seo\/ -->\n<title>WordPress-Plugin-Ank\u00fcndigungsleiste f\u00fcr Website<\/title>\n<meta name=\"description\" content=\"Verbessern Sie die Interaktion mit dem Elfsight Announcement Bar-Plugin ohne Code. Heben Sie dringende Warnungen hervor, um die Aufmerksamkeit der Besucher zu erregen und sie zum Handeln aufzufordern.\" \/>\n<meta name=\"robots\" content=\"index, follow, max-snippet:-1, max-image-preview:large, max-video-preview:-1\" \/>\n<link rel=\"canonical\" href=\"https:\/\/elfsight.com\/de\/announcement-bar-widget\/wordpress\/\" \/>\n<meta property=\"og:locale\" content=\"de_DE\" \/>\n<meta property=\"og:type\" content=\"article\" \/>\n<meta property=\"og:title\" content=\"WordPress-Plugin-Ank\u00fcndigungsleiste f\u00fcr Website\" \/>\n<meta property=\"og:description\" content=\"Verbessern Sie die Interaktion mit dem Elfsight Announcement Bar-Plugin ohne Code. Heben Sie dringende Warnungen hervor, um die Aufmerksamkeit der Besucher zu erregen und sie zum Handeln aufzufordern.\" \/>\n<meta property=\"og:url\" content=\"https:\/\/elfsight.com\/de\/announcement-bar-widget\/wordpress\/\" \/>\n<meta property=\"og:site_name\" content=\"Elfsight DE\" \/>\n<meta property=\"article:modified_time\" content=\"2025-10-23T14:13:18+00:00\" \/>\n<meta name=\"twitter:card\" content=\"summary_large_image\" \/>\n<meta name=\"twitter:label1\" content=\"Gesch\u00e4tzte Lesezeit\" \/>\n\t<meta name=\"twitter:data1\" content=\"4\u00a0Minuten\" \/>\n<!-- \/ Yoast SEO plugin. -->","yoast_head_json":{"title":"WordPress-Plugin-Ank\u00fcndigungsleiste f\u00fcr Website","description":"Verbessern Sie die Interaktion mit dem Elfsight Announcement Bar-Plugin ohne Code. Heben Sie dringende Warnungen hervor, um die Aufmerksamkeit der Besucher zu erregen und sie zum Handeln aufzufordern.","robots":{"index":"index","follow":"follow","max-snippet":"max-snippet:-1","max-image-preview":"max-image-preview:large","max-video-preview":"max-video-preview:-1"},"canonical":"https:\/\/elfsight.com\/de\/announcement-bar-widget\/wordpress\/","og_locale":"de_DE","og_type":"article","og_title":"WordPress-Plugin-Ank\u00fcndigungsleiste f\u00fcr Website","og_description":"Verbessern Sie die Interaktion mit dem Elfsight Announcement Bar-Plugin ohne Code. Heben Sie dringende Warnungen hervor, um die Aufmerksamkeit der Besucher zu erregen und sie zum Handeln aufzufordern.","og_url":"https:\/\/elfsight.com\/de\/announcement-bar-widget\/wordpress\/","og_site_name":"Elfsight DE","article_modified_time":"2025-10-23T14:13:18+00:00","twitter_card":"summary_large_image","twitter_misc":{"Gesch\u00e4tzte Lesezeit":"4\u00a0Minuten"},"schema":{"@context":"https:\/\/schema.org","@graph":[{"@type":"WebPage","@id":"https:\/\/elfsight.com\/de\/announcement-bar-widget\/wordpress\/","url":"https:\/\/elfsight.com\/de\/announcement-bar-widget\/wordpress\/","name":"WordPress-Plugin-Ank\u00fcndigungsleiste f\u00fcr Website","isPartOf":{"@id":"https:\/\/elfsight.com\/de\/#website"},"datePublished":"2024-12-20T11:29:21+00:00","dateModified":"2025-10-23T14:13:18+00:00","description":"Verbessern Sie die Interaktion mit dem Elfsight Announcement Bar-Plugin ohne Code. Heben Sie dringende Warnungen hervor, um die Aufmerksamkeit der Besucher zu erregen und sie zum Handeln aufzufordern.","breadcrumb":{"@id":"https:\/\/elfsight.com\/de\/announcement-bar-widget\/wordpress\/#breadcrumb"},"inLanguage":"de","potentialAction":[{"@type":"ReadAction","target":["https:\/\/elfsight.com\/de\/announcement-bar-widget\/wordpress\/"]}]},{"@type":"BreadcrumbList","@id":"https:\/\/elfsight.com\/de\/announcement-bar-widget\/wordpress\/#breadcrumb","itemListElement":[{"@type":"ListItem","position":1,"name":"Home","item":"https:\/\/elfsight.com\/de\/"},{"@type":"ListItem","position":2,"name":"Announcement Bar","item":"https:\/\/elfsight.com\/de\/announcement-bar-widget\/"},{"@type":"ListItem","position":3,"name":"Announcement Bar &#8211; WordPress"}]},{"@type":"WebSite","@id":"https:\/\/elfsight.com\/de\/#website","url":"https:\/\/elfsight.com\/de\/","name":"Elfsight DE","description":"Just another Elfsight Sites site","potentialAction":[{"@type":"SearchAction","target":{"@type":"EntryPoint","urlTemplate":"https:\/\/elfsight.com\/de\/?s={search_term_string}"},"query-input":{"@type":"PropertyValueSpecification","valueRequired":true,"valueName":"search_term_string"}}],"inLanguage":"de"}]}},"meta_box":{"industry":"","seo_heading":"","heading":"","description":"","cta_heading":"","cta_description":"","application":"7433","h1":"WordPress-Ank\u00fcndigungsleisten-Plugin","h1_caption":"F\u00fcgen Sie das Announcement Bar-Plugin zu Ihrer WordPress-Site hinzu, um wichtige Echtzeit-Updates hervorzuheben und so das Vertrauen und die Interaktion der Kunden zu st\u00e4rken.","application_category":[],"applications_title":"","applications_request_title":"","applications_request_button_text":"","hero_text":"","hero_video":"","hero_video_schema_markup":"","selling_points_title":"","selling_points_caption":"","selling_points":[],"selling_points_cta_text":"","features_title":"","features":"","ed_cta_examples_text":"","ed_cta_examples_hidden":"","ed_cta_demo_text":"","ed_cta_demo_hidden":"","why_caption":"","why_editor_title":"","why_editor_text":"","why_team_title":"","why_team_text":"","why_service_title":"","why_service_text":"","template_catalog_visible":"0","template_catalog_title":"","template_catalog_text":"","template_catalog_categories_visible":"","demo_title":"Erstellen Sie ein WordPress-Ank\u00fcndigungsleisten-Plugin","demo_caption":"Entwerfen Sie kostenlos ein Ank\u00fcndigungsleisten-Plugin f\u00fcr Ihre WordPress-Website.","default_faq_hidden":"","app_template_category":[],"platform":"266","template_public_id":"","codecanyon_url":"","codecanyon_item_id":"","codecanyon_price":"","pricing_caption":"","pricing_elfsight_apps_hide_column":"","pricing_elfsight_apps_url":"","pricing_codecanyon_price_caption":"","integration_category":[],"integration_request_title":"","integration_request_cta":"","integration_platform":"","integrations":[],"platform_category":[],"video_schema_markup":"","price":"","trial":"","benefits":[{"text":"Kostenloser Installationsservice"},{"text":"Au\u00dfergew\u00f6hnliche Unterst\u00fctzung"},{"text":"14-t\u00e4gige R\u00fcckerstattungsgarantie"},{"text":"St\u00e4ndige Aktualisierung"}],"button_url":"#demo","button_target_blank":"0","button_nofollow":"0","attributes":[{"name":"Installiert","content":"1,000 - 5,000","_state":"expanded"},{"name":"Reaktionsschnell","content":"Ja","_state":"expanded"},{"name":"Kompatible Browser","content":"Firefox, Safari, Opera, Chrome, Edge","_state":"expanded"}],"tags":[],"tags_disable_links":"0","hide_more_platforms":"0","video_object":"","demo_hide_cta":"0","demo_hide_cloud_options":"0","pricing_title":"","pricing":[{"pricing_icon":"platform","pricing_title":"Elfsight Apps","pricing_title_caption":"Plattformunabh\u00e4ngige Version, die auf jeder Website funktioniert","pricing_price":"ab 0 $ \/ Monat","pricing_price_caption":"Beginnen Sie mit einem kostenlosen Plan","pricing_benefits":[{"text":"Unbegrenzte Websites"},{"text":"Professionelle und p\u00fcnktliche Unterst\u00fctzung und gut dokumentiert"},{"text":"Kostenloser Installationssupport"},{"text":"Vollst\u00e4ndig anpassbar"}],"pricing_button_text":"Zur Website hinzuf\u00fcgen","pricing_button_url":"#demo"}],"related_apps_title":"","related_apps_hidden":"0","author":"","image":[],"title":"","job":"","social_networks":[]},"_links":{"self":[{"href":"https:\/\/elfsight.com\/de\/wp-json\/wp\/v2\/pages\/23937","targetHints":{"allow":["GET"]}}],"collection":[{"href":"https:\/\/elfsight.com\/de\/wp-json\/wp\/v2\/pages"}],"about":[{"href":"https:\/\/elfsight.com\/de\/wp-json\/wp\/v2\/types\/page"}],"author":[{"embeddable":true,"href":"https:\/\/elfsight.com\/de\/wp-json\/wp\/v2\/users\/9"}],"replies":[{"embeddable":true,"href":"https:\/\/elfsight.com\/de\/wp-json\/wp\/v2\/comments?post=23937"}],"version-history":[{"count":3,"href":"https:\/\/elfsight.com\/de\/wp-json\/wp\/v2\/pages\/23937\/revisions"}],"predecessor-version":[{"id":25540,"href":"https:\/\/elfsight.com\/de\/wp-json\/wp\/v2\/pages\/23937\/revisions\/25540"}],"up":[{"embeddable":true,"href":"https:\/\/elfsight.com\/de\/wp-json\/wp\/v2\/pages\/7447"}],"wp:attachment":[{"href":"https:\/\/elfsight.com\/de\/wp-json\/wp\/v2\/media?parent=23937"}],"curies":[{"name":"wp","href":"https:\/\/api.w.org\/{rel}","templated":true}]}}