{"id":23936,"date":"2024-12-20T11:42:55","date_gmt":"2024-12-20T11:42:55","guid":{"rendered":"https:\/\/elfsight.com\/de\/?page_id=23936"},"modified":"2025-02-11T11:25:00","modified_gmt":"2025-02-11T11:25:00","slug":"elementor","status":"publish","type":"page","link":"https:\/\/elfsight.com\/de\/announcement-bar-widget\/elementor\/","title":{"rendered":"Announcement Bar &#8211; Elementor"},"content":{"rendered":"<div class=\"application-platform-content-item-features application-platform-content-item\" id=\"features\" data-nav-section=\"features\"> <h2>Funktionen des Ank\u00fcndigungsleisten-Widgets<\/h2> <p>Das Ank\u00fcndigungsleisten-Widget von Elfsight wurde entwickelt, um die Aufmerksamkeit der Kunden zu steigern, indem dynamische Benachrichtigungen \u00fcber wichtige Updates angezeigt werden. Dieses flexible Tool st\u00e4rkt nicht nur das Vertrauen durch die Anzeige wichtiger Informationen, sondern motiviert Besucher auch mit personalisierten Benachrichtigungen zum Handeln. Nachfolgend finden Sie eine vollst\u00e4ndige Liste der wichtigsten Funktionen des Widgets:<\/p><ul><li><b>Schnelle und einfache Einrichtung.<\/b> Problemlose Bereitstellung ohne Programmierkenntnisse, erm\u00f6glicht eine schnelle und effiziente Installation auf Ihrer Website.<\/li><li><b>Auff\u00e4llig und dennoch nicht aufdringlich.<\/b> Anpassbare Designoptionen, um wirkungsvolle Ank\u00fcndigungen zu erstellen und gleichzeitig ein nahtloses Benutzererlebnis zu gew\u00e4hrleisten.<\/li><li><b>Steigern Sie den Verkauf wichtiger Produkte.<\/b> Pr\u00e4sentieren Sie exklusive Angebote direkt \u00fcber die Ank\u00fcndigungsleiste Erregen Sie Aufmerksamkeit und steigern Sie die Conversions f\u00fcr bestimmte Artikel.<\/li><li><b>Heben Sie Neuigkeiten und Aktualisierungen hervor.<\/b> Pr\u00e4sentieren Sie Neuerscheinungen oder Aktualisierungen bestehender Produkte, um sicherzustellen, dass Besucher mit frischen und relevanten Inhalten besch\u00e4ftigt bleiben.<\/li><li><b>Markenkonsistenz.<\/b> Vollst\u00e4ndige Anpassungsoptionen, um das Erscheinungsbild Ihrer Website zu erg\u00e4nzen und ein makelloses und zusammenh\u00e4ngendes Benutzererlebnis zu gew\u00e4hrleisten.<\/li><li><b>Anpassbares Design.<\/b> Leicht anpassbare Themen und Farben, die sich nahtlos an Ihre Marke anpassen Identit\u00e4t.<\/li><\/ul><p><a href=\"#demo\">Testen Sie den intuitiven Editor, um herauszufinden, wie das Widget funktioniert<\/a><\/p><\/div> <div class=\"application-platform-content-item-installation application-platform-content-item\" id=\"installation\" data-nav-section=\"installation\"> <h2>Wie f\u00fcge ich ein Ank\u00fcndigungsleisten-Widget zu einer Elementor-Site hinzu?<\/h2><p>Um das Ank\u00fcndigungsleisten-Widget in Ihre Website einzubetten, befolgen Sie diese einfachen Schritte:<\/p> <ol><li>\u00d6ffnen \u00d6ffnen Sie den Widget-Editor und w\u00e4hlen Sie eine Vorlage aus, die zum Stil Ihrer Website passt.<\/li><li>Passen Sie das Widget an, indem Sie seine Nachricht, Aktion und visuellen Elemente, Schaltfl\u00e4che, Position auf der Seite usw. aktualisieren.<\/li><li>Speichern Sie Ihre \u00c4nderungen und kopieren Sie den bereitgestellten HTML-Code. F\u00fcgen Sie den Code in das Content-Management-System Ihrer Website ein und f\u00fchren Sie die \u00c4nderungen aus.<\/li><\/ol><p>Das war\u2019s! Ihr Elementor-Ank\u00fcndigungsleisten-Widget ist jetzt aktiv!<\/p><p>Falls beim Einbetten des Widgets in Ihre Website Unannehmlichkeiten auftreten, wenden Sie sich einfach an unser Kundensupport-Team. Wir helfen Ihnen gerne beim Hinzuf\u00fcgen und Anpassen Ihrer Ank\u00fcndigungsleiste.<\/p><\/div> <h2>FAQ<\/h2><div class=\"faq\" data-component=\"FAQ\"><div class=\"faq-item\">\r\n\t\t\t\t\t<div class=\"faq-item-question\">\r\n\t\t\t\t\t\t<h3 class=\"faq-item-question-text\">Ist die Verwendung des Elementor-Ank\u00fcndigungsleisten-Widgets kostenlos?<\/h3>\r\n\r\n\t\t\t\t\t\t<div class=\"faq-item-question-icon\"><\/div>\r\n\t\t\t\t\t<\/div>\r\n\r\n\t\t\t\t\t<div class=\"faq-item-answer\">\r\n\t\t\t\t\t\t<div class=\"faq-item-answer-text\">Ja, es ist eine kostenlose Version verf\u00fcgbar, die wichtige Funktionen bietet, die f\u00fcr kleine Websites oder Testzwecke geeignet sind. Bezahlte Abonnements beginnen bei nur 5 US-Dollar pro Monat und beinhalten zus\u00e4tzliche Funktionen.<\/div>\r\n\t\t\t\t\t<\/div>\r\n\t\t\t\t<\/div><div class=\"faq-item\">\r\n\t\t\t\t\t<div class=\"faq-item-question\">\r\n\t\t\t\t\t\t<h3 class=\"faq-item-question-text\">Welche Arten von Ank\u00fcndigungsleisten-Widgets kann ich meiner Website hinzuf\u00fcgen?<\/h3>\r\n\r\n\t\t\t\t\t\t<div class=\"faq-item-question-icon\"><\/div>\r\n\t\t\t\t\t<\/div>\r\n\r\n\t\t\t\t\t<div class=\"faq-item-answer\">\r\n\t\t\t\t\t\t<div class=\"faq-item-answer-text\">Sie k\u00f6nnen verschiedene Ank\u00fcndigungsleisten integrieren, z. B. solche, die f\u00fcr kostenlosen Versand werben, Aktualisierungen teilen oder Verk\u00e4ufe ank\u00fcndigen. Zu den Optionen geh\u00f6ren statische Balken oben auf der Seite und schwebende Widgets f\u00fcr eine bessere Hervorhebung.<\/div>\r\n\t\t\t\t\t<\/div>\r\n\t\t\t\t<\/div><div class=\"faq-item\">\r\n\t\t\t\t\t<div class=\"faq-item-question\">\r\n\t\t\t\t\t\t<h3 class=\"faq-item-question-text\">Wie bearbeite ich das Ank\u00fcndigungsleisten-Widget auf der Elementor-Website?<\/h3>\r\n\r\n\t\t\t\t\t\t<div class=\"faq-item-question-icon\"><\/div>\r\n\t\t\t\t\t<\/div>\r\n\r\n\t\t\t\t\t<div class=\"faq-item-answer\">\r\n\t\t\t\t\t\t<div class=\"faq-item-answer-text\">Das Bearbeiten des Ank\u00fcndigungsleisten-Widgets ist mit dem benutzerfreundlichen Editor von Elfsight einfach. Sie k\u00f6nnen Text, Design und Platzierung anpassen, um sie an den Stil Ihrer Website anzupassen. Mit Funktionen wie der Planung k\u00f6nnen Sie die Effektivit\u00e4t der Leiste bei der Bereitstellung von Informationen maximieren.<\/div>\r\n\t\t\t\t\t<\/div>\r\n\t\t\t\t<\/div><div class=\"faq-item\">\r\n\t\t\t\t\t<div class=\"faq-item-question\">\r\n\t\t\t\t\t\t<h3 class=\"faq-item-question-text\">Welche anderen Widgets kann ich verwenden, um das Engagement des Publikums zu verbessern?<\/h3>\r\n\r\n\t\t\t\t\t\t<div class=\"faq-item-question-icon\"><\/div>\r\n\t\t\t\t\t<\/div>\r\n\r\n\t\t\t\t\t<div class=\"faq-item-answer\">\r\n\t\t\t\t\t\t<div class=\"faq-item-answer-text\">Sie k\u00f6nnen ein <a href=\"https:\/\/elfsight.com\/sales-notification-widget\/elementor\/\" rel=\"noopener\">Verkaufsbenachrichtigungs-Widget<\/a> verwenden, um Kundenaktivit\u00e4ten zu pr\u00e4sentieren und aufzubauen Glaubw\u00fcrdigkeit. Das <a href=\"https:\/\/elfsight.com\/popup-widget\/elementor\/\" rel=\"noopener\">Popup-Widget<\/a> eignet sich hervorragend zum Erfassen von Leads und zum Ermutigen von Besuchern, Ihre Angebote zu erkunden. Das <a href=\"https:\/\/elfsight.com\/banner-widget\/elementor\/\" rel=\"noopener\">Banner-Widget<\/a> hilft Ihnen, wichtige Aktualisierungen zu kommunizieren und sicherzustellen, dass wichtige Informationen wahrgenommen werden.<\/div>\r\n\t\t\t\t\t<\/div>\r\n\t\t\t\t<\/div><\/div>","protected":false},"excerpt":{"rendered":"FAQ","protected":false},"author":9,"featured_media":0,"parent":7447,"menu_order":0,"comment_status":"closed","ping_status":"closed","template":"templates\/template-application-platform.php","meta":{"publish_to_discourse":"","publish_post_category":"","wpdc_auto_publish_overridden":"","wpdc_topic_tags":"","wpdc_pin_topic":"","wpdc_pin_until":"","discourse_post_id":"","discourse_permalink":"","wpdc_publishing_response":"","wpdc_publishing_error":"","footnotes":""},"class_list":["post-23936","page","type-page","status-publish","hentry"],"yoast_head":"<!-- This site is optimized with the Yoast SEO plugin v25.3.1 - https:\/\/yoast.com\/wordpress\/plugins\/seo\/ -->\n<title>Elementor-Ank\u00fcndigungsleisten-Widget \u2013 Zu einer Website hinzuf\u00fcgen<\/title>\n<meta name=\"description\" content=\"Steigern Sie das Bewusstsein mit dem Elfsight-Ank\u00fcndigungsleisten-Widget ohne Code. Pr\u00e4sentieren Sie wichtige Updates und ermutigen Sie Besucher, Ma\u00dfnahmen zu ergreifen.\" \/>\n<meta name=\"robots\" content=\"index, follow, max-snippet:-1, max-image-preview:large, max-video-preview:-1\" \/>\n<link rel=\"canonical\" href=\"https:\/\/elfsight.com\/de\/announcement-bar-widget\/elementor\/\" \/>\n<meta property=\"og:locale\" content=\"de_DE\" \/>\n<meta property=\"og:type\" content=\"article\" \/>\n<meta property=\"og:title\" content=\"Elementor-Ank\u00fcndigungsleisten-Widget \u2013 Zu einer Website hinzuf\u00fcgen\" \/>\n<meta property=\"og:description\" content=\"Steigern Sie das Bewusstsein mit dem Elfsight-Ank\u00fcndigungsleisten-Widget ohne Code. Pr\u00e4sentieren Sie wichtige Updates und ermutigen Sie Besucher, Ma\u00dfnahmen zu ergreifen.\" \/>\n<meta property=\"og:url\" content=\"https:\/\/elfsight.com\/de\/announcement-bar-widget\/elementor\/\" \/>\n<meta property=\"og:site_name\" content=\"Elfsight DE\" \/>\n<meta property=\"article:modified_time\" content=\"2025-02-11T11:25:00+00:00\" \/>\n<meta name=\"twitter:card\" content=\"summary_large_image\" \/>\n<meta name=\"twitter:label1\" content=\"Gesch\u00e4tzte Lesezeit\" \/>\n\t<meta name=\"twitter:data1\" content=\"3\u00a0Minuten\" \/>\n<!-- \/ Yoast SEO plugin. -->","yoast_head_json":{"title":"Elementor-Ank\u00fcndigungsleisten-Widget \u2013 Zu einer Website hinzuf\u00fcgen","description":"Steigern Sie das Bewusstsein mit dem Elfsight-Ank\u00fcndigungsleisten-Widget ohne Code. Pr\u00e4sentieren Sie wichtige Updates und ermutigen Sie Besucher, Ma\u00dfnahmen zu ergreifen.","robots":{"index":"index","follow":"follow","max-snippet":"max-snippet:-1","max-image-preview":"max-image-preview:large","max-video-preview":"max-video-preview:-1"},"canonical":"https:\/\/elfsight.com\/de\/announcement-bar-widget\/elementor\/","og_locale":"de_DE","og_type":"article","og_title":"Elementor-Ank\u00fcndigungsleisten-Widget \u2013 Zu einer Website hinzuf\u00fcgen","og_description":"Steigern Sie das Bewusstsein mit dem Elfsight-Ank\u00fcndigungsleisten-Widget ohne Code. Pr\u00e4sentieren Sie wichtige Updates und ermutigen Sie Besucher, Ma\u00dfnahmen zu ergreifen.","og_url":"https:\/\/elfsight.com\/de\/announcement-bar-widget\/elementor\/","og_site_name":"Elfsight DE","article_modified_time":"2025-02-11T11:25:00+00:00","twitter_card":"summary_large_image","twitter_misc":{"Gesch\u00e4tzte Lesezeit":"3\u00a0Minuten"},"schema":{"@context":"https:\/\/schema.org","@graph":[{"@type":"WebPage","@id":"https:\/\/elfsight.com\/de\/announcement-bar-widget\/elementor\/","url":"https:\/\/elfsight.com\/de\/announcement-bar-widget\/elementor\/","name":"Elementor-Ank\u00fcndigungsleisten-Widget \u2013 Zu einer Website hinzuf\u00fcgen","isPartOf":{"@id":"https:\/\/elfsight.com\/de\/#website"},"datePublished":"2024-12-20T11:42:55+00:00","dateModified":"2025-02-11T11:25:00+00:00","description":"Steigern Sie das Bewusstsein mit dem Elfsight-Ank\u00fcndigungsleisten-Widget ohne Code. Pr\u00e4sentieren Sie wichtige Updates und ermutigen Sie Besucher, Ma\u00dfnahmen zu ergreifen.","breadcrumb":{"@id":"https:\/\/elfsight.com\/de\/announcement-bar-widget\/elementor\/#breadcrumb"},"inLanguage":"de","potentialAction":[{"@type":"ReadAction","target":["https:\/\/elfsight.com\/de\/announcement-bar-widget\/elementor\/"]}]},{"@type":"BreadcrumbList","@id":"https:\/\/elfsight.com\/de\/announcement-bar-widget\/elementor\/#breadcrumb","itemListElement":[{"@type":"ListItem","position":1,"name":"Home","item":"https:\/\/elfsight.com\/de\/"},{"@type":"ListItem","position":2,"name":"Announcement Bar","item":"https:\/\/elfsight.com\/de\/announcement-bar-widget\/"},{"@type":"ListItem","position":3,"name":"Announcement Bar &#8211; Elementor"}]},{"@type":"WebSite","@id":"https:\/\/elfsight.com\/de\/#website","url":"https:\/\/elfsight.com\/de\/","name":"Elfsight DE","description":"Just another Elfsight Sites site","potentialAction":[{"@type":"SearchAction","target":{"@type":"EntryPoint","urlTemplate":"https:\/\/elfsight.com\/de\/?s={search_term_string}"},"query-input":{"@type":"PropertyValueSpecification","valueRequired":true,"valueName":"search_term_string"}}],"inLanguage":"de"}]}},"meta_box":{"industry":"","seo_heading":"","heading":"","description":"","cta_heading":"","cta_description":"","application":"7433","h1":"Elementor-Ank\u00fcndigungsleisten-Widget","h1_caption":"F\u00fcgen Sie das Ank\u00fcndigungsleisten-Widget zu Ihrer Elementor-Site hinzu, um wichtige Echtzeit-Updates hervorzuheben und so das Vertrauen und die Interaktion der Kunden zu st\u00e4rken.","application_category":[],"applications_title":"","applications_request_title":"","applications_request_button_text":"","hero_text":"","hero_video":"","hero_video_schema_markup":"","selling_points_title":"","selling_points_caption":"","selling_points":[],"selling_points_cta_text":"","features_title":"","features":"","ed_cta_examples_text":"","ed_cta_examples_hidden":"","ed_cta_demo_text":"","ed_cta_demo_hidden":"","why_caption":"","why_editor_title":"","why_editor_text":"","why_team_title":"","why_team_text":"","why_service_title":"","why_service_text":"","template_catalog_visible":"0","template_catalog_title":"","template_catalog_text":"","template_catalog_categories_visible":"","demo_title":"Erstellen Sie ein Elementor-Ank\u00fcndigungsleisten-Widget","demo_caption":"Entwickeln Sie Ihr Ank\u00fcndigungsleisten-Widget und integrieren Sie es kostenlos in Ihre Elementor-Website.","default_faq_hidden":"","app_template_category":[],"platform":"223","template_public_id":"","codecanyon_url":"","codecanyon_item_id":"","codecanyon_price":"","pricing_caption":"","pricing_elfsight_apps_hide_column":"","pricing_elfsight_apps_url":"","pricing_codecanyon_price_caption":"","integration_category":[],"integration_request_title":"","integration_request_cta":"","integration_platform":"","integrations":[],"platform_category":[],"video_schema_markup":"","price":"","trial":"","benefits":[{"text":"Kostenloser Installationsservice"},{"text":"Effektiver Kundenservice"},{"text":"14-t\u00e4gige R\u00fcckerstattungsgarantie"},{"text":"Zuk\u00fcnftige Updates"}],"button_url":"#demo","button_target_blank":"0","button_nofollow":"0","attributes":[{"name":"Installiert","content":"1,000 - 5,000","_state":"expanded"},{"name":"Reaktionsschnell","content":"Ja","_state":"expanded"},{"name":"Kompatible Browser","content":"Firefox, Safari, Opera, Chrome, Edge","_state":"expanded"}],"tags":[],"tags_disable_links":"0","hide_more_platforms":"0","video_object":"","demo_hide_cta":"0","demo_hide_cloud_options":"0","pricing_title":"","pricing":[{"pricing_icon":"platform","pricing_title":"Elfsight Apps","pricing_title_caption":"Plattformunabh\u00e4ngige Version, die auf jeder Website funktioniert","pricing_price":"ab 0 $ \/ Monat","pricing_price_caption":"Beginnen Sie mit einem kostenlosen Plan","pricing_benefits":[{"text":"Unbegrenzte Websites"},{"text":"Professionelle und p\u00fcnktliche Unterst\u00fctzung und gut dokumentiert"},{"text":"Kostenloser Installationssupport"},{"text":"Vollst\u00e4ndig anpassbar"}],"pricing_button_text":"Zur Website hinzuf\u00fcgen","pricing_button_url":"#demo"}],"related_apps_title":"","related_apps_hidden":"0","author":"","image":[],"title":"","job":"","social_networks":[]},"_links":{"self":[{"href":"https:\/\/elfsight.com\/de\/wp-json\/wp\/v2\/pages\/23936","targetHints":{"allow":["GET"]}}],"collection":[{"href":"https:\/\/elfsight.com\/de\/wp-json\/wp\/v2\/pages"}],"about":[{"href":"https:\/\/elfsight.com\/de\/wp-json\/wp\/v2\/types\/page"}],"author":[{"embeddable":true,"href":"https:\/\/elfsight.com\/de\/wp-json\/wp\/v2\/users\/9"}],"replies":[{"embeddable":true,"href":"https:\/\/elfsight.com\/de\/wp-json\/wp\/v2\/comments?post=23936"}],"version-history":[{"count":3,"href":"https:\/\/elfsight.com\/de\/wp-json\/wp\/v2\/pages\/23936\/revisions"}],"predecessor-version":[{"id":23951,"href":"https:\/\/elfsight.com\/de\/wp-json\/wp\/v2\/pages\/23936\/revisions\/23951"}],"up":[{"embeddable":true,"href":"https:\/\/elfsight.com\/de\/wp-json\/wp\/v2\/pages\/7447"}],"wp:attachment":[{"href":"https:\/\/elfsight.com\/de\/wp-json\/wp\/v2\/media?parent=23936"}],"curies":[{"name":"wp","href":"https:\/\/api.w.org\/{rel}","templated":true}]}}