{"id":23890,"date":"2025-01-22T10:10:25","date_gmt":"2025-01-22T10:10:25","guid":{"rendered":"https:\/\/elfsight.com\/de\/?page_id=23890"},"modified":"2025-07-14T08:41:21","modified_gmt":"2025-07-14T08:41:21","slug":"jtl-shop-extensions","status":"publish","type":"page","link":"https:\/\/elfsight.com\/de\/jtl-shop-extensions\/","title":{"rendered":"JTL Shop Extensions"},"content":{"rendered":" <h2>Der ideale Elfsight Apps Service f\u00fcr alle Bed\u00fcrfnisse Ihres JTL Shops<\/h2> <p>Seit mehreren Jahren entwickelt unser Elfsight-Team von Entwicklern benutzerfreundliche und voll responsive Erweiterungen f\u00fcr Sie. Wir bieten Ihnen stets einen Premium-Support-Service und eine schnelle Ladegeschwindigkeit. Diese Tools helfen vielen Gesch\u00e4fts-, Non-Profit- und anderen Website-Besitzern auf der ganzen Welt, die wesentlichen Website-Probleme effizienter zu l\u00f6sen.<\/p> <p>Durch das einfache Installieren der Erweiterungen auf Ihrer Website k\u00f6nnen Sie den Umsatz steigern, 5-Sterne-Bewertungen f\u00fcr Ihre Produkte anzeigen und das Vertrauen in Ihre Marke verbessern. Die Abonnementpl\u00e4ne reichen von kostenlos bis Premium. Implementieren Sie beliebige Erweiterungen einfach auf Ihrer Website, indem Sie unsere Live-Demo verwenden, und sehen Sie, wie n\u00fctzlich sie f\u00fcr das Wachstum Ihrer Gesch\u00e4fts-Website sein k\u00f6nnen.<\/p> <h2> Was macht die Elfsight-Erweiterungen zu einer der besten L\u00f6sungen f\u00fcr Ihre Website? <\/h2> <p>\u00dcberpr\u00fcfen Sie eine Liste der wichtigsten Vorteile unserer Erweiterungen, die uns einen Schritt voraus machen im Vergleich zu unseren Mitbewerbern:<\/p> <ul> <li>Kostenlose und schnelle Unterst\u00fctzung bei der Installation oder Anpassung von Erweiterungen;<\/li> <li>Vollst\u00e4ndig responsiv f\u00fcr alle Bildschirmaufl\u00f6sungen;<\/li> <li>Kein Programmieren erforderlich;<\/li> <li>Eine gro\u00dfe Auswahl an Design-Einstellungen;<\/li> <li>Cloud-Datenspeicherung zur Erh\u00f6hung der Ladegeschwindigkeit;<\/li> <li>Alle zuk\u00fcnftigen Updates sind kostenlos und werden regelm\u00e4\u00dfig ver\u00f6ffentlicht;<\/li> <li>Flexibles Preismodell;<\/li> <li>Lebenslange Hilfe bei Kundenanfragen.<\/li> <\/ul> <p>Probieren Sie die kostenlose Version unserer Erweiterungen aus und bewerten Sie deren Funktionen oder kaufen Sie jede gew\u00fcnschte L\u00f6sung mit einem Rabatt von 20%.<\/p> <h2>So f\u00fcgen Sie Erweiterungen in den JTL Shop ein<\/h2> <p>Um unsere Erweiterungen einzubinden, sehen Sie alle Schritte in der detaillierten Anleitung:<\/p> <ol> <li>W\u00e4hlen Sie die ben\u00f6tigte Erweiterung aus;<\/li> <li>Geben Sie einige erforderliche Einstellungen f\u00fcr sich selbst an;<\/li> <li>Speichern Sie die \u00c4nderungen;<\/li> <li>Holen Sie sich den erhaltenen Code;<\/li> <li>F\u00fcgen Sie den Code an die erforderliche Stelle auf Ihrer Website oder Vorlage ein;<\/li> <li>Die Installation der Erweiterung ist vollst\u00e4ndig abgeschlossen.<\/li> <\/ol> <p>Falls Sie eine Frage haben, k\u00f6nnen Sie sich gerne an unser Support-Team wenden oder die <a href=\"https:\/\/www.jtl-software.de\/hilfecenter\/video-tutorials\" target=\"_blank\" rel=\"noopener\">JTL-Tutorials<\/a> ansehen.<\/p>\n<div class=\"faq\" data-component=\"FAQ\"> <div class=\"faq-item\">\r\n\t\t\t\t\t<div class=\"faq-item-question\">\r\n\t\t\t\t\t\t<h3 class=\"faq-item-question-text\">Wie kann ich die Erweiterungen in meinen JTL Shop einf\u00fcgen?<\/h3>\r\n\r\n\t\t\t\t\t\t<div class=\"faq-item-question-icon\"><\/div>\r\n\t\t\t\t\t<\/div>\r\n\r\n\t\t\t\t\t<div class=\"faq-item-answer\">\r\n\t\t\t\t\t\t<div class=\"faq-item-answer-text\">\n\n<p>Sie k\u00f6nnen die Erweiterungen in Ihre Website-Vorlage einf\u00fcgen. Gehen Sie einfach ins Admin-Panel und f\u00fchren Sie folgende Schritte aus:<\/p> <ol> <li>Klicken Sie auf die Design-Einstellungen;<\/li> <li>Finden Sie das Element, in dem Sie die Erweiterung einf\u00fcgen m\u00f6chten;<\/li> <li>F\u00fcgen Sie den Code aus dem Elfsight Apps Service ein und speichern Sie die \u00c4nderungen.<\/li> <\/ol> <p>Fertig.<\/p> <\/div>\r\n\t\t\t\t\t<\/div>\r\n\t\t\t\t<\/div> <div class=\"faq-item\">\r\n\t\t\t\t\t<div class=\"faq-item-question\">\r\n\t\t\t\t\t\t<h3 class=\"faq-item-question-text\">Welche JTL Shop-Versionen und -Vorlagen k\u00f6nnen mit der Erweiterung integriert werden?<\/h3>\r\n\r\n\t\t\t\t\t\t<div class=\"faq-item-question-icon\"><\/div>\r\n\t\t\t\t\t<\/div>\r\n\r\n\t\t\t\t\t<div class=\"faq-item-answer\">\r\n\t\t\t\t\t\t<div class=\"faq-item-answer-text\"> <p>Unsere Erweiterungen sind mit allen Versionen und Vorlagen des JTL Shops kompatibel. Sie k\u00f6nnen sicher sein, dass alle Tools reibungslos funktionieren.<\/p> <\/div>\r\n\t\t\t\t\t<\/div>\r\n\t\t\t\t<\/div> <div class=\"faq-item\">\r\n\t\t\t\t\t<div class=\"faq-item-question\">\r\n\t\t\t\t\t\t<h3 class=\"faq-item-question-text\">Wo kann ich meine Erweiterungen bearbeiten?<\/h3>\r\n\r\n\t\t\t\t\t\t<div class=\"faq-item-question-icon\"><\/div>\r\n\t\t\t\t\t<\/div>\r\n\r\n\t\t\t\t\t<div class=\"faq-item-answer\">\r\n\t\t\t\t\t\t<div class=\"faq-item-answer-text\"> <p>Alle unsere Kunden k\u00f6nnen alle notwendigen \u00c4nderungen in den Einstellungen mit dem benutzerfreundlichen Elfsight-Editor vornehmen.<\/p> <\/div>\r\n\t\t\t\t\t<\/div>\r\n\t\t\t\t<\/div> <div class=\"faq-item\">\r\n\t\t\t\t\t<div class=\"faq-item-question\">\r\n\t\t\t\t\t\t<h3 class=\"faq-item-question-text\">Kann ich das Support-Team kontaktieren, wenn ich mehr Informationen zum Service ben\u00f6tige?<\/h3>\r\n\r\n\t\t\t\t\t\t<div class=\"faq-item-question-icon\"><\/div>\r\n\t\t\t\t\t<\/div>\r\n\r\n\t\t\t\t\t<div class=\"faq-item-answer\">\r\n\t\t\t\t\t\t<div class=\"faq-item-answer-text\"> <p>Alle unsere Nutzer k\u00f6nnen sich an unser freundliches Support-Team wenden, um Fragen zur Funktionsweise unserer L\u00f6sungen zu stellen.<\/p> <\/div>\r\n\t\t\t\t\t<\/div>\r\n\t\t\t\t<\/div> <\/div>   <p><\/p> ","protected":false},"excerpt":{"rendered":"Der ideale Elfsight Apps Service f\u00fcr alle Bed\u00fcrfnisse Ihres JTL Shops Seit mehreren Jahren entwickelt unser Elfsight-Team von Entwicklern benutzerfreundliche und voll responsive Erweiterungen f\u00fcr Sie. Wir bieten Ihnen stets einen Premium-Support-Service und eine schnelle Ladegeschwindigkeit. Diese Tools helfen vielen Gesch\u00e4fts-, Non-Profit- und anderen Website-Besitzern auf der ganzen Welt, die&#8230;","protected":false},"author":9,"featured_media":0,"parent":0,"menu_order":0,"comment_status":"closed","ping_status":"closed","template":"templates\/template-platform.php","meta":{"publish_to_discourse":"","publish_post_category":"","wpdc_auto_publish_overridden":"","wpdc_topic_tags":"","wpdc_pin_topic":"","wpdc_pin_until":"","discourse_post_id":"","discourse_permalink":"","wpdc_publishing_response":"","wpdc_publishing_error":"","footnotes":""},"class_list":["post-23890","page","type-page","status-publish","hentry"],"yoast_head":"<!-- This site is optimized with the Yoast SEO plugin v25.3.1 - https:\/\/yoast.com\/wordpress\/plugins\/seo\/ -->\n<title>JTL Shop - Eine der besten L\u00f6sungen f\u00fcr JTL Shop<\/title>\n<meta name=\"description\" content=\"Meta-Beschreibung: Kostenlose Liste der besten kostenlosen Erweiterungen und Plugins speziell f\u00fcr JTL Shop. Hilfe bei der Anpassung und umfangreiche Funktionalit\u00e4t.\" \/>\n<meta name=\"robots\" content=\"index, follow, max-snippet:-1, max-image-preview:large, max-video-preview:-1\" \/>\n<link rel=\"canonical\" href=\"https:\/\/elfsight.com\/de\/jtl-shop-extensions\/\" \/>\n<meta property=\"og:locale\" content=\"de_DE\" \/>\n<meta property=\"og:type\" content=\"article\" \/>\n<meta property=\"og:title\" content=\"JTL Shop - Eine der besten L\u00f6sungen f\u00fcr JTL Shop\" \/>\n<meta property=\"og:description\" content=\"Meta-Beschreibung: Kostenlose Liste der besten kostenlosen Erweiterungen und Plugins speziell f\u00fcr JTL Shop. Hilfe bei der Anpassung und umfangreiche Funktionalit\u00e4t.\" \/>\n<meta property=\"og:url\" content=\"https:\/\/elfsight.com\/de\/jtl-shop-extensions\/\" \/>\n<meta property=\"og:site_name\" content=\"Elfsight DE\" \/>\n<meta property=\"article:modified_time\" content=\"2025-07-14T08:41:21+00:00\" \/>\n<meta name=\"twitter:card\" content=\"summary_large_image\" \/>\n<meta name=\"twitter:label1\" content=\"Gesch\u00e4tzte Lesezeit\" \/>\n\t<meta name=\"twitter:data1\" content=\"3\u00a0Minuten\" \/>\n<!-- \/ Yoast SEO plugin. -->","yoast_head_json":{"title":"JTL Shop - Eine der besten L\u00f6sungen f\u00fcr JTL Shop","description":"Meta-Beschreibung: Kostenlose Liste der besten kostenlosen Erweiterungen und Plugins speziell f\u00fcr JTL Shop. Hilfe bei der Anpassung und umfangreiche Funktionalit\u00e4t.","robots":{"index":"index","follow":"follow","max-snippet":"max-snippet:-1","max-image-preview":"max-image-preview:large","max-video-preview":"max-video-preview:-1"},"canonical":"https:\/\/elfsight.com\/de\/jtl-shop-extensions\/","og_locale":"de_DE","og_type":"article","og_title":"JTL Shop - Eine der besten L\u00f6sungen f\u00fcr JTL Shop","og_description":"Meta-Beschreibung: Kostenlose Liste der besten kostenlosen Erweiterungen und Plugins speziell f\u00fcr JTL Shop. Hilfe bei der Anpassung und umfangreiche Funktionalit\u00e4t.","og_url":"https:\/\/elfsight.com\/de\/jtl-shop-extensions\/","og_site_name":"Elfsight DE","article_modified_time":"2025-07-14T08:41:21+00:00","twitter_card":"summary_large_image","twitter_misc":{"Gesch\u00e4tzte Lesezeit":"3\u00a0Minuten"},"schema":{"@context":"https:\/\/schema.org","@graph":[{"@type":"WebPage","@id":"https:\/\/elfsight.com\/de\/jtl-shop-extensions\/","url":"https:\/\/elfsight.com\/de\/jtl-shop-extensions\/","name":"JTL Shop - Eine der besten L\u00f6sungen f\u00fcr JTL Shop","isPartOf":{"@id":"https:\/\/elfsight.com\/de\/#website"},"datePublished":"2025-01-22T10:10:25+00:00","dateModified":"2025-07-14T08:41:21+00:00","description":"Meta-Beschreibung: Kostenlose Liste der besten kostenlosen Erweiterungen und Plugins speziell f\u00fcr JTL Shop. Hilfe bei der Anpassung und umfangreiche Funktionalit\u00e4t.","breadcrumb":{"@id":"https:\/\/elfsight.com\/de\/jtl-shop-extensions\/#breadcrumb"},"inLanguage":"de","potentialAction":[{"@type":"ReadAction","target":["https:\/\/elfsight.com\/de\/jtl-shop-extensions\/"]}]},{"@type":"BreadcrumbList","@id":"https:\/\/elfsight.com\/de\/jtl-shop-extensions\/#breadcrumb","itemListElement":[{"@type":"ListItem","position":1,"name":"Home","item":"https:\/\/elfsight.com\/de\/"},{"@type":"ListItem","position":2,"name":"JTL Shop Extensions"}]},{"@type":"WebSite","@id":"https:\/\/elfsight.com\/de\/#website","url":"https:\/\/elfsight.com\/de\/","name":"Elfsight DE","description":"Just another Elfsight Sites site","potentialAction":[{"@type":"SearchAction","target":{"@type":"EntryPoint","urlTemplate":"https:\/\/elfsight.com\/de\/?s={search_term_string}"},"query-input":{"@type":"PropertyValueSpecification","valueRequired":true,"valueName":"search_term_string"}}],"inLanguage":"de"}]}},"meta_box":{"industry":"","seo_heading":"","heading":"","description":"","cta_heading":"","cta_description":"","application":"","h1":"Die besten JTL Shop Erweiterungen","h1_caption":"Kostenlose Liste von Premium-Erweiterungen mit umfassender Funktionalit\u00e4t zur Steigerung des Umsatzes und zur Erreichung aller anderen gesch\u00e4ftlichen Ziele.","application_category":[],"applications_title":"Werfen Sie einen Blick auf das vollst\u00e4ndige Sortiment an kostenlosen Erweiterungen f\u00fcr Ihre Website.","applications_request_title":"K\u00f6nnen Sie die richtige Erweiterung nicht finden?","applications_request_button_text":"Fordern Sie eine Erweiterung an.","hero_text":"","hero_video":"","hero_video_schema_markup":"","selling_points_title":"","selling_points_caption":"","selling_points":[],"selling_points_cta_text":"","features_title":"","features":"","ed_cta_examples_text":"","ed_cta_examples_hidden":"","ed_cta_demo_text":"","ed_cta_demo_hidden":"","why_caption":"","why_editor_title":"","why_editor_text":"","why_team_title":"","why_team_text":"","why_service_title":"","why_service_text":"","template_catalog_visible":"","template_catalog_title":"","template_catalog_text":"","template_catalog_categories_visible":"","demo_title":"","demo_caption":"","default_faq_hidden":"","app_template_category":[],"platform":"22249","template_public_id":"","codecanyon_url":"","codecanyon_item_id":"","codecanyon_price":"","pricing_caption":"","pricing_elfsight_apps_hide_column":"","pricing_elfsight_apps_url":"","pricing_codecanyon_price_caption":"","integration_category":[],"integration_request_title":"","integration_request_cta":"","integration_platform":"","integrations":[],"platform_category":[],"video_schema_markup":"","price":"","trial":"","benefits":[],"button_url":"","button_target_blank":"","button_nofollow":"","attributes":[],"tags":[],"tags_disable_links":"","hide_more_platforms":"","video_object":"","demo_hide_cta":"","demo_hide_cloud_options":"","pricing_title":"","pricing":[],"related_apps_title":"","related_apps_hidden":"","author":"","image":[],"title":"","job":"","social_networks":[]},"_links":{"self":[{"href":"https:\/\/elfsight.com\/de\/wp-json\/wp\/v2\/pages\/23890","targetHints":{"allow":["GET"]}}],"collection":[{"href":"https:\/\/elfsight.com\/de\/wp-json\/wp\/v2\/pages"}],"about":[{"href":"https:\/\/elfsight.com\/de\/wp-json\/wp\/v2\/types\/page"}],"author":[{"embeddable":true,"href":"https:\/\/elfsight.com\/de\/wp-json\/wp\/v2\/users\/9"}],"replies":[{"embeddable":true,"href":"https:\/\/elfsight.com\/de\/wp-json\/wp\/v2\/comments?post=23890"}],"version-history":[{"count":4,"href":"https:\/\/elfsight.com\/de\/wp-json\/wp\/v2\/pages\/23890\/revisions"}],"predecessor-version":[{"id":25477,"href":"https:\/\/elfsight.com\/de\/wp-json\/wp\/v2\/pages\/23890\/revisions\/25477"}],"wp:attachment":[{"href":"https:\/\/elfsight.com\/de\/wp-json\/wp\/v2\/media?parent=23890"}],"curies":[{"name":"wp","href":"https:\/\/api.w.org\/{rel}","templated":true}]}}