{"id":23832,"date":"2024-12-28T06:28:35","date_gmt":"2024-12-28T06:28:35","guid":{"rendered":"https:\/\/elfsight.com\/de\/?page_id=23832"},"modified":"2025-10-23T14:23:55","modified_gmt":"2025-10-23T14:23:55","slug":"squarespace","status":"publish","type":"page","link":"https:\/\/elfsight.com\/de\/ai-chatbot-widget\/squarespace\/","title":{"rendered":"AI Chatbot &#8211; Squarespace"},"content":{"rendered":"<div class=\"application-platform-content-item-description application-platform-content-item\" id=\"description\" data-nav-section=\"description\"><h2>AI-Chatbot auf Squarespace mit Elfsight-Widget einbetten!<\/h2> <p>Erstellen Sie einen hochklassigen AI-Chatbot f\u00fcr Ihre Squarespace-Website, der speziell auf Ihre Wissensdatenbank, Support-Ressourcen oder h\u00e4ufig gestellte Fragen trainiert ist. Erm\u00f6glichen Sie ihm, zu lernen und sich weiterzuentwickeln, um t\u00e4glich personalisierte Nachrichten zu liefern und die Benutzer besser zu bedienen.<\/p> <p>Vereinfachen Sie Kundendienstaufgaben, verk\u00fcrzen Sie die Reaktionszeiten und erfassen Sie Leads effizient ohne manuellen Aufwand. Bieten Sie rund um die Uhr Unterst\u00fctzung, damit Ihre Kunden immer die Informationen erhalten, die sie ben\u00f6tigen \u2013 wann und wo immer!<\/p> <p><b>F\u00fcgen Sie einen AI-Assistenten hinzu, um Fragen zu beantworten, Probleme zu l\u00f6sen und Ihren Umsatz zu steigern!<\/b><\/p> <\/div><div class=\"application-platform-content-item-features application-platform-content-item\" id=\"features\" data-nav-section=\"features\"> <h2>Wir bieten wertvolle und benutzerfreundliche Funktionen, hier sind einige davon:<\/h2> <ul><li><b>Automatisieren Sie Ihre Kundenkommunikation.<\/b> Vereinfachen Sie schnelle Antworten, bieten Sie den ganzen Tag \u00fcber Unterst\u00fctzung und steigern Sie die Effizienz mit minimalem Setup \u2013 verwalten Sie unbegrenzt viele Chats und Benutzer nahtlos!<\/li><li><b>Bieten Sie ein personalisiertes Erlebnis.<\/b> Helfen Sie jedem Kunden, sich besonders zu f\u00fchlen, und schaffen Sie das beste Erlebnis mit personalisierten Antworten, indem Sie ihren Namen verwenden, den Chat-Verlauf verfolgen und Follow-up-Nachrichten senden.<\/li><li><b>Trainieren Sie den Chatbot mit Unternehmensinformationen.<\/b> Statten Sie den AI-Chatbot mit Ihrem spezialisierten Wissen aus, indem Sie Dateien hochladen, Q&amp;A-Paare hinzuf\u00fcgen und auf die Informationen Ihrer Website f\u00fcr den Instruktionsgenerator zugreifen, um pr\u00e4zise und relevante Antworten zu liefern, die auf Ihr Unternehmen abgestimmt sind.<\/li><li><b>Erhalten Sie Kundeninformationen per E-Mail.<\/b> Bleiben Sie auf dem Laufenden und sammeln Sie wertvolle Einblicke, indem Sie vollst\u00e4ndige Chat-Transkripte direkt in Ihrem Posteingang erhalten, mit wichtigen Kontaktdaten f\u00fcr Lead-Generierung und Service-Verbesserung.<\/li><li><b>Entdecken Sie eine riesige Auswahl an Vorlagen.<\/b> Bringen Sie Ihren AI-Chatbot im Handumdrehen mit unserer Bibliothek an einsatzbereiten Vorlagen zum Laufen. Diese sind f\u00fcr verschiedene Sektoren und Funktionen entwickelt und bieten ma\u00dfgeschneiderte Instruktionssets f\u00fcr sofortige Ergebnisse.<\/li><\/ul><p><a href=\"#demo\">Sie k\u00f6nnen herausfinden, ob das Widget f\u00fcr Sie geeignet ist, indem Sie den Konfigurator verwenden<\/a><\/p> <\/div> <div class=\"application-platform-content-item-installation application-platform-content-item\" id=\"installation\" data-nav-section=\"installation\"> <h2>Wie f\u00fcge ich das AI-Chatbot-Plugin zu Squarespace hinzu?<\/h2> <div class=\"video-container\">\n<iframe width=\"720\" height=\"405\" src=\"https:\/\/www.youtube.com\/embed\/VIlk48x8eXY?si=6EAVNNmOKYkhJmDz\" frameborder=\"0\" allowfullscreen=\"\"><\/iframe>\n<\/div><p>Wenn Sie den AI-Chatbot auf Ihrer Squarespace-Website einbetten m\u00f6chten, folgen Sie diesen Schritten:<\/p> <ol><li><b>Passen Sie das Widget an.<\/b><br> Beginnen Sie damit, eine der fertigen Vorlagen auszuw\u00e4hlen. Danach k\u00f6nnen Sie den Chatbot trainieren, die Funktionen anpassen und sein visuelles Design entsprechend Ihren gesch\u00e4ftlichen Anforderungen \u00e4ndern.<\/li><li><b>Holen Sie sich den Einbettungscode.<\/b><br> Speichern Sie das Ergebnis und kopieren Sie den einzigartigen Einbettungscode.<\/li><li><b>F\u00fcgen Sie den Code in Ihren Website-Editor ein.<\/b><br> Melden Sie sich im Admin-Bereich Ihrer Website an, f\u00fcgen Sie den Code an der gew\u00fcnschten Stelle ein und aktualisieren Sie die Seite. Erfolg!<\/li> <\/ol><p>Falls Sie auf Probleme sto\u00dfen, z\u00f6gern Sie nicht, sich an unseren Support zu wenden. Unsere Spezialisten helfen Ihnen gerne bei allen Problemen mit dem Plugin.<\/p> <div class=\"faq\" data-component=\"FAQ\"><div class=\"faq-item\">\r\n\t\t\t\t\t<div class=\"faq-item-question\">\r\n\t\t\t\t\t\t<h3 class=\"faq-item-question-text\">Wie kann ich meine Unternehmensinformationen in das AI-Chatbot-Plugin einf\u00fcgen?<\/h3>\r\n\r\n\t\t\t\t\t\t<div class=\"faq-item-question-icon\"><\/div>\r\n\t\t\t\t\t<\/div>\r\n\r\n\t\t\t\t\t<div class=\"faq-item-answer\">\r\n\t\t\t\t\t\t<div class=\"faq-item-answer-text\"><p>Um Ihre Daten hochzuladen, besuchen Sie den Bereich &#8222;Training&#8220; und w\u00e4hlen Sie eines der vorhandenen Formate: Dokumentdateien, spezifische Q&amp;A-Paare oder einfache Textbl\u00f6cke.<\/p> <\/div>\r\n\t\t\t\t\t<\/div>\r\n\t\t\t\t<\/div> <div class=\"faq-item\">\r\n\t\t\t\t\t<div class=\"faq-item-question\">\r\n\t\t\t\t\t\t<h3 class=\"faq-item-question-text\">Wie erstelle ich schnelle Antworten f\u00fcr den AI-Chatbot?<\/h3>\r\n\r\n\t\t\t\t\t\t<div class=\"faq-item-question-icon\"><\/div>\r\n\t\t\t\t\t<\/div>\r\n\r\n\t\t\t\t\t<div class=\"faq-item-answer\">\r\n\t\t\t\t\t\t<div class=\"faq-item-answer-text\"><p>Sie k\u00f6nnen sie direkt im Konfigurator des AI-Chatbots hinzuf\u00fcgen, indem Sie zum Tab &#8222;Begr\u00fc\u00dfung&#8220; navigieren. Dort finden Sie das Feld, in dem Sie einen ansprechenden Gespr\u00e4chsauftakt oder eine beliebte Frage einf\u00fcgen k\u00f6nnen.<\/p> <\/div>\r\n\t\t\t\t\t<\/div>\r\n\t\t\t\t<\/div> <div class=\"faq-item\">\r\n\t\t\t\t\t<div class=\"faq-item-question\">\r\n\t\t\t\t\t\t<h3 class=\"faq-item-question-text\">Was macht das Elfsight AI-Chatbot-Plugin zur besten Wahl f\u00fcr meine Squarespace-Website?<\/h3>\r\n\r\n\t\t\t\t\t\t<div class=\"faq-item-question-icon\"><\/div>\r\n\t\t\t\t\t<\/div>\r\n\r\n\t\t\t\t\t<div class=\"faq-item-answer\">\r\n\t\t\t\t\t\t<div class=\"faq-item-answer-text\"> <p>Das AI-Chatbot-Plugin ist eine Code-freie Chat-L\u00f6sung, die vom neuesten AI-Modell unterst\u00fctzt wird, bereit, mit den Informationen Ihres Unternehmens trainiert zu werden. Mit einer benutzerfreundlichen Oberfl\u00e4che und vielen Anpassungsm\u00f6glichkeiten k\u00f6nnen Sie rund um die Uhr Kundenbetreuung bieten, ein personalisiertes Erlebnis bieten und immer auf dem Laufenden bleiben mit kontinuierlichen Berichten. Erleben Sie selbst, wie einfach und schnell es mit Elfsight sein kann!<\/p> <\/div>\r\n\t\t\t\t\t<\/div>\r\n\t\t\t\t<\/div><\/div><\/div> ","protected":false},"excerpt":{"rendered":"","protected":false},"author":9,"featured_media":0,"parent":23426,"menu_order":0,"comment_status":"closed","ping_status":"closed","template":"templates\/template-application-platform.php","meta":{"publish_to_discourse":"","publish_post_category":"","wpdc_auto_publish_overridden":"","wpdc_topic_tags":"","wpdc_pin_topic":"","wpdc_pin_until":"","discourse_post_id":"","discourse_permalink":"","wpdc_publishing_response":"","wpdc_publishing_error":"","footnotes":""},"class_list":["post-23832","page","type-page","status-publish","hentry"],"yoast_head":"<!-- This site is optimized with the Yoast SEO plugin v25.3.1 - https:\/\/yoast.com\/wordpress\/plugins\/seo\/ -->\n<title>Squarespace AI Chatbot-Plugin \u2013 F\u00fcge AI Chatbot zu Squarespace hinzu [KOSTENLOS]<\/title>\n<meta name=\"description\" content=\"F\u00fcge das beste AI Chatbot-Plugin zu deiner Squarespace-Website hinzu, ganz ohne Programmierung. Optimiere die Kundenbetreuung mit einer einfachen Einbettung!\" \/>\n<meta name=\"robots\" content=\"index, follow, max-snippet:-1, max-image-preview:large, max-video-preview:-1\" \/>\n<link rel=\"canonical\" href=\"https:\/\/elfsight.com\/de\/ai-chatbot-widget\/squarespace\/\" \/>\n<meta property=\"og:locale\" content=\"de_DE\" \/>\n<meta property=\"og:type\" content=\"article\" \/>\n<meta property=\"og:title\" content=\"Squarespace AI Chatbot-Plugin \u2013 F\u00fcge AI Chatbot zu Squarespace hinzu [KOSTENLOS]\" \/>\n<meta property=\"og:description\" content=\"F\u00fcge das beste AI Chatbot-Plugin zu deiner Squarespace-Website hinzu, ganz ohne Programmierung. Optimiere die Kundenbetreuung mit einer einfachen Einbettung!\" \/>\n<meta property=\"og:url\" content=\"https:\/\/elfsight.com\/de\/ai-chatbot-widget\/squarespace\/\" \/>\n<meta property=\"og:site_name\" content=\"Elfsight DE\" \/>\n<meta property=\"article:modified_time\" content=\"2025-10-23T14:23:55+00:00\" \/>\n<meta name=\"twitter:card\" content=\"summary_large_image\" \/>\n<meta name=\"twitter:label1\" content=\"Gesch\u00e4tzte Lesezeit\" \/>\n\t<meta name=\"twitter:data1\" content=\"4\u00a0Minuten\" \/>\n<!-- \/ Yoast SEO plugin. -->","yoast_head_json":{"title":"Squarespace AI Chatbot-Plugin \u2013 F\u00fcge AI Chatbot zu Squarespace hinzu [KOSTENLOS]","description":"F\u00fcge das beste AI Chatbot-Plugin zu deiner Squarespace-Website hinzu, ganz ohne Programmierung. Optimiere die Kundenbetreuung mit einer einfachen Einbettung!","robots":{"index":"index","follow":"follow","max-snippet":"max-snippet:-1","max-image-preview":"max-image-preview:large","max-video-preview":"max-video-preview:-1"},"canonical":"https:\/\/elfsight.com\/de\/ai-chatbot-widget\/squarespace\/","og_locale":"de_DE","og_type":"article","og_title":"Squarespace AI Chatbot-Plugin \u2013 F\u00fcge AI Chatbot zu Squarespace hinzu [KOSTENLOS]","og_description":"F\u00fcge das beste AI Chatbot-Plugin zu deiner Squarespace-Website hinzu, ganz ohne Programmierung. Optimiere die Kundenbetreuung mit einer einfachen Einbettung!","og_url":"https:\/\/elfsight.com\/de\/ai-chatbot-widget\/squarespace\/","og_site_name":"Elfsight DE","article_modified_time":"2025-10-23T14:23:55+00:00","twitter_card":"summary_large_image","twitter_misc":{"Gesch\u00e4tzte Lesezeit":"4\u00a0Minuten"},"schema":{"@context":"https:\/\/schema.org","@graph":[{"@type":"WebPage","@id":"https:\/\/elfsight.com\/de\/ai-chatbot-widget\/squarespace\/","url":"https:\/\/elfsight.com\/de\/ai-chatbot-widget\/squarespace\/","name":"Squarespace AI Chatbot-Plugin \u2013 F\u00fcge AI Chatbot zu Squarespace hinzu [KOSTENLOS]","isPartOf":{"@id":"https:\/\/elfsight.com\/de\/#website"},"datePublished":"2024-12-28T06:28:35+00:00","dateModified":"2025-10-23T14:23:55+00:00","description":"F\u00fcge das beste AI Chatbot-Plugin zu deiner Squarespace-Website hinzu, ganz ohne Programmierung. Optimiere die Kundenbetreuung mit einer einfachen Einbettung!","breadcrumb":{"@id":"https:\/\/elfsight.com\/de\/ai-chatbot-widget\/squarespace\/#breadcrumb"},"inLanguage":"de","potentialAction":[{"@type":"ReadAction","target":["https:\/\/elfsight.com\/de\/ai-chatbot-widget\/squarespace\/"]}]},{"@type":"BreadcrumbList","@id":"https:\/\/elfsight.com\/de\/ai-chatbot-widget\/squarespace\/#breadcrumb","itemListElement":[{"@type":"ListItem","position":1,"name":"Home","item":"https:\/\/elfsight.com\/de\/"},{"@type":"ListItem","position":2,"name":"AI Chatbot","item":"https:\/\/elfsight.com\/de\/ai-chatbot-widget\/"},{"@type":"ListItem","position":3,"name":"AI Chatbot &#8211; Squarespace"}]},{"@type":"WebSite","@id":"https:\/\/elfsight.com\/de\/#website","url":"https:\/\/elfsight.com\/de\/","name":"Elfsight DE","description":"Just another Elfsight Sites site","potentialAction":[{"@type":"SearchAction","target":{"@type":"EntryPoint","urlTemplate":"https:\/\/elfsight.com\/de\/?s={search_term_string}"},"query-input":{"@type":"PropertyValueSpecification","valueRequired":true,"valueName":"search_term_string"}}],"inLanguage":"de"}]}},"meta_box":{"industry":"","seo_heading":"","heading":"","description":"","cta_heading":"","cta_description":"","application":"23425","h1":"F\u00fcge den AI Chatbot zu deiner Squarespace-Website hinzu","h1_caption":"Erstelle den besten AI Chatbot, speziell auf deine Gesch\u00e4ftsdaten trainiert, um den Kundensupport zu automatisieren, Leads zu erfassen und sofortige, pr\u00e4zise Antworten auf der Squarespace-Website zu liefern \u2013 24\/7.","application_category":[],"applications_title":"","applications_request_title":"","applications_request_button_text":"","hero_text":"","hero_video":"","hero_video_schema_markup":"","selling_points_title":"","selling_points_caption":"","selling_points":[],"selling_points_cta_text":"","features_title":"","features":"","ed_cta_examples_text":"","ed_cta_examples_hidden":"","ed_cta_demo_text":"","ed_cta_demo_hidden":"","why_caption":"","why_editor_title":"","why_editor_text":"","why_team_title":"","why_team_text":"","why_service_title":"","why_service_text":"","template_catalog_visible":"0","template_catalog_title":"","template_catalog_text":"","template_catalog_categories_visible":"","demo_title":"Erstelle dein AI Chatbot-Plugin","demo_caption":"Konfiguriere den AI Chatbot und f\u00fcge ihn kostenlos zu deiner Squarespace-Website hinzu!","default_faq_hidden":"","app_template_category":[],"platform":"252","template_public_id":"","codecanyon_url":"","codecanyon_item_id":"","codecanyon_price":"","pricing_caption":"","pricing_elfsight_apps_hide_column":"","pricing_elfsight_apps_url":"","pricing_codecanyon_price_caption":"","integration_category":[],"integration_request_title":"","integration_request_cta":"","integration_platform":"","integrations":[],"platform_category":[],"video_schema_markup":"","price":"ab $0 \/ Monat","trial":"","benefits":[{"text":"Kostenloser Installationsservice"},{"text":"Ausgezeichneter Support"},{"text":"14-Tage Geld-zur\u00fcck-Garantie"},{"text":"Laufende kostenlose Updates"}],"button_url":"#demo","button_target_blank":"0","button_nofollow":"0","attributes":[{"name":"Installationen","content":"50,000 - 100,000"},{"name":"Reaktionsschnell","content":"Ja"},{"name":"Kompatible Browser","content":"Firefox, Safari, Opera, Chrome, Edge"}],"tags":[],"tags_disable_links":"0","hide_more_platforms":"0","video_object":"","demo_hide_cta":"0","demo_hide_cloud_options":"0","pricing_title":"","pricing":[{"pricing_icon":"platform","pricing_title":"Elfsight Apps","pricing_title_caption":"Mehrplattform-digitale L\u00f6sung, die f\u00fcr jede Website geeignet ist","pricing_price":"ab $0 \/ Monat","pricing_price_caption":"Starte mit einem kostenlosen Plan","pricing_benefits":[{"text":"Unbegrenzte Websites"},{"text":"Professioneller Support"},{"text":"Kostenloser Installationsservice"},{"text":"Flexibles Design"}],"pricing_button_text":"Zur Website hinzuf\u00fcgen","pricing_button_url":"#demo"}],"related_apps_title":"","related_apps_hidden":"0","author":"","image":[],"title":"","job":"","social_networks":[]},"_links":{"self":[{"href":"https:\/\/elfsight.com\/de\/wp-json\/wp\/v2\/pages\/23832","targetHints":{"allow":["GET"]}}],"collection":[{"href":"https:\/\/elfsight.com\/de\/wp-json\/wp\/v2\/pages"}],"about":[{"href":"https:\/\/elfsight.com\/de\/wp-json\/wp\/v2\/types\/page"}],"author":[{"embeddable":true,"href":"https:\/\/elfsight.com\/de\/wp-json\/wp\/v2\/users\/9"}],"replies":[{"embeddable":true,"href":"https:\/\/elfsight.com\/de\/wp-json\/wp\/v2\/comments?post=23832"}],"version-history":[{"count":2,"href":"https:\/\/elfsight.com\/de\/wp-json\/wp\/v2\/pages\/23832\/revisions"}],"predecessor-version":[{"id":25541,"href":"https:\/\/elfsight.com\/de\/wp-json\/wp\/v2\/pages\/23832\/revisions\/25541"}],"up":[{"embeddable":true,"href":"https:\/\/elfsight.com\/de\/wp-json\/wp\/v2\/pages\/23426"}],"wp:attachment":[{"href":"https:\/\/elfsight.com\/de\/wp-json\/wp\/v2\/media?parent=23832"}],"curies":[{"name":"wp","href":"https:\/\/api.w.org\/{rel}","templated":true}]}}