{"id":23827,"date":"2024-12-28T06:41:40","date_gmt":"2024-12-28T06:41:40","guid":{"rendered":"https:\/\/elfsight.com\/de\/?page_id=23827"},"modified":"2025-09-23T09:29:21","modified_gmt":"2025-09-23T09:29:21","slug":"wix","status":"publish","type":"page","link":"https:\/\/elfsight.com\/de\/ai-chatbot-widget\/wix\/","title":{"rendered":"AI Chatbot &#8211; Wix"},"content":{"rendered":"<div class=\"application-platform-content-item-description application-platform-content-item\" id=\"description\" data-nav-section=\"description\"><h2>AI-Chatbot auf Wix mit Elfsight-Widget einbetten!<\/h2> <p>Erstellen Sie einen erstklassigen AI-Chatbot f\u00fcr Ihre Wix-Website, der speziell auf Ihre Wissensdatenbank, Support-Dateien oder h\u00e4ufig gestellte Fragen trainiert ist. Lassen Sie ihn lernen und sich anpassen, um t\u00e4glich personalisierte Nachrichten anzubieten und das Benutzererlebnis zu verbessern.<\/p> <p>Automatisieren Sie Kundendienstaufgaben, minimieren Sie Reaktionszeiten und generieren Sie erfolgreich Leads ohne manuellen Aufwand. Bieten Sie rund um die Uhr Unterst\u00fctzung und garantieren Sie, dass Ihre Kunden jederzeit die Antworten erhalten, die sie ben\u00f6tigen!<\/p> <p><b>F\u00fcgen Sie einen AI-Assistenten hinzu, um Fragen zu beantworten, Probleme zu l\u00f6sen und Ihren Umsatz zu steigern!<\/b><\/p> <\/div><div class=\"application-platform-content-item-features application-platform-content-item\" id=\"features\" data-nav-section=\"features\"> <h2>Die beliebtesten Widget-Funktionen umfassen:<\/h2> <ul><li><b>Automatisieren Sie Ihre Kundenkommunikation.<\/b> Vereinfachen Sie schnelle Antworten, bieten Sie den ganzen Tag \u00fcber Verf\u00fcgbarkeit und steigern Sie die Effizienz mit minimalem Setup \u2013 bearbeiten Sie m\u00fchelos unbegrenzte Chats und Benutzer!<\/li><li><b>Bieten Sie ein personalisiertes Erlebnis.<\/b> Helfen Sie jedem Kunden, sich besonders zu f\u00fchlen, und schaffen Sie das beste Erlebnis mit personalisierten Antworten, Begr\u00fc\u00dfungen, Chat-Verlauf und Follow-up-Nachrichten.<\/li><li><b>Trainieren Sie den Chatbot mit Unternehmensdaten.<\/b> Statten Sie den AI-Chatbot mit Ihrem Fachwissen aus, indem Sie Dateien hochladen, Q&amp;A-Sets erstellen und auf die Informationen Ihrer Website f\u00fcr den Instruktionsgenerator zugreifen, um korrekte und relevante Antworten zu garantieren, die auf den Kontext Ihres Unternehmens zugeschnitten sind.<\/li><li><b>Erhalten Sie Kundeninformationen per E-Mail.<\/b> Bleiben Sie informiert und erhalten Sie wertvolle Einblicke, indem Sie vollst\u00e4ndige Chat-Transkripte direkt in Ihrem Posteingang erhalten, mit wichtigen Kontaktdaten f\u00fcr Lead-Generierung und Service-Verbesserung.<\/li><li><b>Entdecken Sie eine breite Palette an Vorlagen.<\/b> Setzen Sie Ihren AI-Chatbot schnell mit unserer Bibliothek vorgefertigter Vorlagen ein. Diese wurden f\u00fcr verschiedene Branchen und Zwecke entwickelt, jede mit ma\u00dfgeschneiderten Instruktionssets f\u00fcr sofortige Ergebnisse.<\/li><\/ul><p><a href=\"#demo\">Sie k\u00f6nnen f\u00fchlen, dass das Widget es wert ist, mit dem Konfigurator auszuprobieren<\/a><\/p> <\/div> <div class=\"application-platform-content-item-installation application-platform-content-item\" id=\"installation\" data-nav-section=\"installation\"> <h2>Wie f\u00fcge ich das AI-Chatbot-Plugin zu Wix hinzu?<\/h2> <div class=\"video-container\">\n<iframe width=\"720\" height=\"405\" src=\"https:\/\/www.youtube.com\/embed\/eaCpLVF7PCE?si=rkbhBflQ67OP9oHb\" frameborder=\"0\" allowfullscreen=\"\"><\/iframe>\n<\/div><p>Wenn Sie den AI-Chatbot auf Ihrer Wix-Website einbetten m\u00f6chten, folgen Sie diesen Schritten:<\/p> <ol><li><b>Passen Sie das Widget an.<\/b><br> Beginnen Sie damit, eine der verf\u00fcgbaren Vorlagen auszuw\u00e4hlen. Als n\u00e4chstes k\u00f6nnen Sie den Chatbot trainieren, die Funktionen einrichten und sein Aussehen nach Ihren gesch\u00e4ftlichen Vorlieben anpassen.<\/li><li><b>Holen Sie sich den Einbettungscode.<\/b><br> Speichern Sie die Anpassungen und kopieren Sie den bereitgestellten Installationscode.<\/li><li><b>F\u00fcgen Sie den Code in Ihren Website-Builder ein.<\/b><br> Greifen Sie auf das Admin-Panel Ihrer Website zu, f\u00fcgen Sie den Code an der gew\u00fcnschten Stelle ein und aktualisieren Sie die Seite. Das war&#8217;s!<\/li> <\/ol><p>Falls Sie Schwierigkeiten haben, z\u00f6gern Sie nicht, sich an unser Support-Team zu wenden. Unsere Mitarbeiter helfen Ihnen gerne bei allen Fragen zur App.<\/p> <div class=\"faq\" data-component=\"FAQ\"><div class=\"faq-item\">\r\n\t\t\t\t\t<div class=\"faq-item-question\">\r\n\t\t\t\t\t\t<h3 class=\"faq-item-question-text\">Wie kann ich meine Unternehmensinformationen in die AI-Chatbot-App einf\u00fcgen?<\/h3>\r\n\r\n\t\t\t\t\t\t<div class=\"faq-item-question-icon\"><\/div>\r\n\t\t\t\t\t<\/div>\r\n\r\n\t\t\t\t\t<div class=\"faq-item-answer\">\r\n\t\t\t\t\t\t<div class=\"faq-item-answer-text\"><p>Um Ihre Informationen hinzuzuf\u00fcgen, besuchen Sie das Men\u00fc &#8222;Training&#8220; und w\u00e4hlen Sie eines der angebotenen Formate: Dokumentdateien, spezifische Q&amp;A-Paare oder einfache Textbl\u00f6cke.<\/p> <\/div>\r\n\t\t\t\t\t<\/div>\r\n\t\t\t\t<\/div> <div class=\"faq-item\">\r\n\t\t\t\t\t<div class=\"faq-item-question\">\r\n\t\t\t\t\t\t<h3 class=\"faq-item-question-text\">Wie erstelle ich schnelle Antworten f\u00fcr den AI-Chatbot?<\/h3>\r\n\r\n\t\t\t\t\t\t<div class=\"faq-item-question-icon\"><\/div>\r\n\t\t\t\t\t<\/div>\r\n\r\n\t\t\t\t\t<div class=\"faq-item-answer\">\r\n\t\t\t\t\t\t<div class=\"faq-item-answer-text\"><p>Sie k\u00f6nnen sie direkt im Editor des AI-Chatbots hinzuf\u00fcgen, indem Sie zum Tab &#8222;Begr\u00fc\u00dfung&#8220; gehen. Dort finden Sie das Feld, in dem Sie einen interessanten Gespr\u00e4chsauftakt oder eine h\u00e4ufig gestellte Frage eingeben k\u00f6nnen.<\/p> <\/div>\r\n\t\t\t\t\t<\/div>\r\n\t\t\t\t<\/div> <div class=\"faq-item\">\r\n\t\t\t\t\t<div class=\"faq-item-question\">\r\n\t\t\t\t\t\t<h3 class=\"faq-item-question-text\">Was macht die Elfsight AI-Chatbot-App zur besten Wahl f\u00fcr meine Wix-Website?<\/h3>\r\n\r\n\t\t\t\t\t\t<div class=\"faq-item-question-icon\"><\/div>\r\n\t\t\t\t\t<\/div>\r\n\r\n\t\t\t\t\t<div class=\"faq-item-answer\">\r\n\t\t\t\t\t\t<div class=\"faq-item-answer-text\"> <p>Die AI-Chatbot-App ist eine codefreie Chat-L\u00f6sung, die von der fortschrittlichsten AI-Technologie unterst\u00fctzt wird, bereit, mit den Informationen Ihres Unternehmens trainiert zu werden. Mit einer benutzerfreundlichen Oberfl\u00e4che und vielen Anpassungsoptionen k\u00f6nnen Sie rund um die Uhr Kundenbetreuung bieten, mit einem personalisierten Erlebnis und immer informiert bleiben mit regelm\u00e4\u00dfigen Berichten. Entdecken Sie selbst, wie bequem und schnell es mit Elfsight sein kann!<\/p> <\/div>\r\n\t\t\t\t\t<\/div>\r\n\t\t\t\t<\/div><\/div><\/div> ","protected":false},"excerpt":{"rendered":"","protected":false},"author":9,"featured_media":0,"parent":23426,"menu_order":0,"comment_status":"closed","ping_status":"closed","template":"templates\/template-application-platform.php","meta":{"publish_to_discourse":"","publish_post_category":"","wpdc_auto_publish_overridden":"","wpdc_topic_tags":"","wpdc_pin_topic":"","wpdc_pin_until":"","discourse_post_id":"","discourse_permalink":"","wpdc_publishing_response":"","wpdc_publishing_error":"","footnotes":""},"class_list":["post-23827","page","type-page","status-publish","hentry"],"yoast_head":"<!-- This site is optimized with the Yoast SEO plugin v25.3.1 - https:\/\/yoast.com\/wordpress\/plugins\/seo\/ -->\n<title>Wix AI Chatbot-App \u2013 F\u00fcge AI Chatbot zu Wix hinzu [KOSTENLOS]<\/title>\n<meta name=\"description\" content=\"F\u00fcge die beste AI Chatbot-App zu deiner Wix-Website hinzu, ganz ohne Programmierung. Vereinfache den Kundensupport mit einer einfachen Einbettung!\" \/>\n<meta name=\"robots\" content=\"index, follow, max-snippet:-1, max-image-preview:large, max-video-preview:-1\" \/>\n<link rel=\"canonical\" href=\"https:\/\/elfsight.com\/de\/ai-chatbot-widget\/wix\/\" \/>\n<meta property=\"og:locale\" content=\"de_DE\" \/>\n<meta property=\"og:type\" content=\"article\" \/>\n<meta property=\"og:title\" content=\"Wix AI Chatbot-App \u2013 F\u00fcge AI Chatbot zu Wix hinzu [KOSTENLOS]\" \/>\n<meta property=\"og:description\" content=\"F\u00fcge die beste AI Chatbot-App zu deiner Wix-Website hinzu, ganz ohne Programmierung. Vereinfache den Kundensupport mit einer einfachen Einbettung!\" \/>\n<meta property=\"og:url\" content=\"https:\/\/elfsight.com\/de\/ai-chatbot-widget\/wix\/\" \/>\n<meta property=\"og:site_name\" content=\"Elfsight DE\" \/>\n<meta property=\"article:modified_time\" content=\"2025-09-23T09:29:21+00:00\" \/>\n<meta name=\"twitter:card\" content=\"summary_large_image\" \/>\n<meta name=\"twitter:label1\" content=\"Gesch\u00e4tzte Lesezeit\" \/>\n\t<meta name=\"twitter:data1\" content=\"4\u00a0Minuten\" \/>\n<!-- \/ Yoast SEO plugin. -->","yoast_head_json":{"title":"Wix AI Chatbot-App \u2013 F\u00fcge AI Chatbot zu Wix hinzu [KOSTENLOS]","description":"F\u00fcge die beste AI Chatbot-App zu deiner Wix-Website hinzu, ganz ohne Programmierung. Vereinfache den Kundensupport mit einer einfachen Einbettung!","robots":{"index":"index","follow":"follow","max-snippet":"max-snippet:-1","max-image-preview":"max-image-preview:large","max-video-preview":"max-video-preview:-1"},"canonical":"https:\/\/elfsight.com\/de\/ai-chatbot-widget\/wix\/","og_locale":"de_DE","og_type":"article","og_title":"Wix AI Chatbot-App \u2013 F\u00fcge AI Chatbot zu Wix hinzu [KOSTENLOS]","og_description":"F\u00fcge die beste AI Chatbot-App zu deiner Wix-Website hinzu, ganz ohne Programmierung. Vereinfache den Kundensupport mit einer einfachen Einbettung!","og_url":"https:\/\/elfsight.com\/de\/ai-chatbot-widget\/wix\/","og_site_name":"Elfsight DE","article_modified_time":"2025-09-23T09:29:21+00:00","twitter_card":"summary_large_image","twitter_misc":{"Gesch\u00e4tzte Lesezeit":"4\u00a0Minuten"},"schema":{"@context":"https:\/\/schema.org","@graph":[{"@type":"WebPage","@id":"https:\/\/elfsight.com\/de\/ai-chatbot-widget\/wix\/","url":"https:\/\/elfsight.com\/de\/ai-chatbot-widget\/wix\/","name":"Wix AI Chatbot-App \u2013 F\u00fcge AI Chatbot zu Wix hinzu [KOSTENLOS]","isPartOf":{"@id":"https:\/\/elfsight.com\/de\/#website"},"datePublished":"2024-12-28T06:41:40+00:00","dateModified":"2025-09-23T09:29:21+00:00","description":"F\u00fcge die beste AI Chatbot-App zu deiner Wix-Website hinzu, ganz ohne Programmierung. Vereinfache den Kundensupport mit einer einfachen Einbettung!","breadcrumb":{"@id":"https:\/\/elfsight.com\/de\/ai-chatbot-widget\/wix\/#breadcrumb"},"inLanguage":"de","potentialAction":[{"@type":"ReadAction","target":["https:\/\/elfsight.com\/de\/ai-chatbot-widget\/wix\/"]}]},{"@type":"BreadcrumbList","@id":"https:\/\/elfsight.com\/de\/ai-chatbot-widget\/wix\/#breadcrumb","itemListElement":[{"@type":"ListItem","position":1,"name":"Home","item":"https:\/\/elfsight.com\/de\/"},{"@type":"ListItem","position":2,"name":"AI Chatbot","item":"https:\/\/elfsight.com\/de\/ai-chatbot-widget\/"},{"@type":"ListItem","position":3,"name":"AI Chatbot &#8211; Wix"}]},{"@type":"WebSite","@id":"https:\/\/elfsight.com\/de\/#website","url":"https:\/\/elfsight.com\/de\/","name":"Elfsight DE","description":"Just another Elfsight Sites site","potentialAction":[{"@type":"SearchAction","target":{"@type":"EntryPoint","urlTemplate":"https:\/\/elfsight.com\/de\/?s={search_term_string}"},"query-input":{"@type":"PropertyValueSpecification","valueRequired":true,"valueName":"search_term_string"}}],"inLanguage":"de"}]}},"meta_box":{"industry":"","seo_heading":"","heading":"","description":"","cta_heading":"","cta_description":"","application":"23425","h1":"F\u00fcge den AI Chatbot zu deiner Wix-Website hinzu","h1_caption":"Erstelle den besten AI Chatbot, speziell auf deine Gesch\u00e4ftsdaten trainiert, um den Kundensupport zu automatisieren, Leads zu erfassen und sofortige, pr\u00e4zise Antworten auf der Wix-Website zu liefern \u2013 24\/7.","application_category":[],"applications_title":"","applications_request_title":"","applications_request_button_text":"","hero_text":"","hero_video":"","hero_video_schema_markup":"","selling_points_title":"","selling_points_caption":"","selling_points":[],"selling_points_cta_text":"","features_title":"","features":"","ed_cta_examples_text":"","ed_cta_examples_hidden":"","ed_cta_demo_text":"","ed_cta_demo_hidden":"","why_caption":"","why_editor_title":"","why_editor_text":"","why_team_title":"","why_team_text":"","why_service_title":"","why_service_text":"","template_catalog_visible":"0","template_catalog_title":"","template_catalog_text":"","template_catalog_categories_visible":"","demo_title":"Erstelle deine AI Chatbot-App","demo_caption":"Konfiguriere den AI Chatbot und f\u00fcge ihn kostenlos zu deiner Wix-Website hinzu!","default_faq_hidden":"","app_template_category":[],"platform":"265","template_public_id":"","codecanyon_url":"","codecanyon_item_id":"","codecanyon_price":"","pricing_caption":"","pricing_elfsight_apps_hide_column":"","pricing_elfsight_apps_url":"","pricing_codecanyon_price_caption":"","integration_category":[],"integration_request_title":"","integration_request_cta":"","integration_platform":"","integrations":[],"platform_category":[],"video_schema_markup":"","price":"ab $0 \/ Monat","trial":"","benefits":[{"text":"Kostenlose Installationsunterst\u00fctzung"},{"text":"Premium-Support"},{"text":"14-Tage Geld-zur\u00fcck-Garantie"},{"text":"Kontinuierliche Entwicklung"}],"button_url":"#demo","button_target_blank":"0","button_nofollow":"0","attributes":[{"name":"Installationen","content":"50,000 - 100,000"},{"name":"Reaktionsschnell","content":"Ja"},{"name":"Kompatible Browser","content":"Firefox, Safari, Opera, Chrome, Edge"}],"tags":[],"tags_disable_links":"0","hide_more_platforms":"0","video_object":"","demo_hide_cta":"0","demo_hide_cloud_options":"0","pricing_title":"","pricing":[{"pricing_icon":"platform","pricing_title":"Elfsight Apps","pricing_title_caption":"Plattformunabh\u00e4ngige Software, die f\u00fcr jede Website geeignet ist","pricing_price":"ab $0 \/ Monat","pricing_price_caption":"Starte mit einem kostenlosen Plan","pricing_benefits":[{"text":"Unbegrenzte Websites"},{"text":"Premium-Support"},{"text":"Kostenloser Installationsservice"},{"text":"100 % anpassbar"}],"pricing_button_text":"Zur Website hinzuf\u00fcgen","pricing_button_url":"#demo"}],"related_apps_title":"","related_apps_hidden":"0","author":"","image":[],"title":"","job":"","social_networks":[]},"_links":{"self":[{"href":"https:\/\/elfsight.com\/de\/wp-json\/wp\/v2\/pages\/23827","targetHints":{"allow":["GET"]}}],"collection":[{"href":"https:\/\/elfsight.com\/de\/wp-json\/wp\/v2\/pages"}],"about":[{"href":"https:\/\/elfsight.com\/de\/wp-json\/wp\/v2\/types\/page"}],"author":[{"embeddable":true,"href":"https:\/\/elfsight.com\/de\/wp-json\/wp\/v2\/users\/9"}],"replies":[{"embeddable":true,"href":"https:\/\/elfsight.com\/de\/wp-json\/wp\/v2\/comments?post=23827"}],"version-history":[{"count":2,"href":"https:\/\/elfsight.com\/de\/wp-json\/wp\/v2\/pages\/23827\/revisions"}],"predecessor-version":[{"id":25517,"href":"https:\/\/elfsight.com\/de\/wp-json\/wp\/v2\/pages\/23827\/revisions\/25517"}],"up":[{"embeddable":true,"href":"https:\/\/elfsight.com\/de\/wp-json\/wp\/v2\/pages\/23426"}],"wp:attachment":[{"href":"https:\/\/elfsight.com\/de\/wp-json\/wp\/v2\/media?parent=23827"}],"curies":[{"name":"wp","href":"https:\/\/api.w.org\/{rel}","templated":true}]}}