{"id":23826,"date":"2024-12-28T06:45:53","date_gmt":"2024-12-28T06:45:53","guid":{"rendered":"https:\/\/elfsight.com\/de\/?page_id=23826"},"modified":"2025-07-08T09:39:53","modified_gmt":"2025-07-08T09:39:53","slug":"html","status":"publish","type":"page","link":"https:\/\/elfsight.com\/de\/ai-chatbot-widget\/html\/","title":{"rendered":"AI Chatbot &#8211; HTML"},"content":{"rendered":"<div class=\"application-platform-content-item-description application-platform-content-item\" id=\"description\" data-nav-section=\"description\"><h2>Embed AI Chatbot auf HTML mit Elfsight-Widget!<\/h2> <p>Erstellen Sie einen erstklassigen AI-Chatbot f\u00fcr Ihre HTML-Website, der speziell auf Ihre Wissensbasis, Support-Dateien oder Kunden-FAQs trainiert ist. Lassen Sie ihn lernen und sich weiterentwickeln, um personalisierte Nachrichten zu liefern und das Benutzerengagement t\u00e4glich zu verbessern.<\/p> <p>Vereinfachen Sie Kundenservice-Aufgaben, senken Sie die Antwortzeiten und generieren Sie effizient Leads ohne manuellen Aufwand. Bieten Sie 24\/7 Unterst\u00fctzung, sodass Kunden die Antworten finden, die sie ben\u00f6tigen \u2013 zu jeder Stunde und von jedem Ort aus!<\/p> <p><b>F\u00fcgen Sie einen AI-Assistenten hinzu, der schnelle Antworten liefert, Probleme behebt und Ihre Verkaufszahlen steigert!<\/b><\/p> <\/div><div class=\"application-platform-content-item-features application-platform-content-item\" id=\"features\" data-nav-section=\"features\"> <h2>Hier sind die grundlegenden Funktionen des Widgets:<\/h2> <ul><li><b>Automatisieren Sie Ihre Kundenkommunikation.<\/b> Vereinfachen Sie Antworten, bieten Sie rund um die Uhr Verf\u00fcgbarkeit und steigern Sie die Effizienz mit minimaler Einrichtung \u2013 bearbeiten Sie unbegrenzt viele Chats und Benutzer m\u00fchelos!<\/li><li><b>Erstellen Sie eine personalisierte Erfahrung.<\/b> Lassen Sie jeden Kunden sich gesch\u00e4tzt f\u00fchlen und schaffen Sie die beste Erfahrung durch personalisierte Antworten, Namensansprache, Chat-Historie und Follow-up-Kommunikation.<\/li><li><b>Schulen Sie den Chatbot mit Unternehmensdaten.<\/b> Statten Sie den AI-Chatbot mit Ihrem spezialisierten Wissen aus, indem Sie Dokumente hochladen, Q&amp;A-Sets hinzuf\u00fcgen und die Informationen Ihrer Website f\u00fcr den Generator von Anweisungen nutzen, um pr\u00e4zise und relevante Antworten zu gew\u00e4hrleisten, die auf Ihren Gesch\u00e4ftskontext zugeschnitten sind.<\/li><li><b>Erhalten Sie Kundeninformationen per E-Mail.<\/b> Bleiben Sie informiert und sammeln Sie wichtige Erkenntnisse, indem Sie vollst\u00e4ndige Chat-Transkripte direkt in Ihrem Posteingang erhalten, die wichtige Kontaktdaten f\u00fcr Lead-Generierung und Service-Verbesserung enthalten.<\/li><li><b>Entdecken Sie eine umfangreiche Auswahl an Vorlagen.<\/b> Richten Sie Ihren AI-Chatbot schnell mit unserer Sammlung von vorgefertigten Vorlagen ein. Diese sind f\u00fcr verschiedene Branchen und Funktionen entwickelt und bieten ma\u00dfgeschneiderte Anweisungssets f\u00fcr sofortige Ergebnisse.<\/li><\/ul><p><a href=\"#demo\">\u00dcberpr\u00fcfen Sie alle Anpassungsoptionen im 100% funktionalen Konfigurator<\/a><\/p> <\/div> <div class=\"application-platform-content-item-installation application-platform-content-item\" id=\"installation\" data-nav-section=\"installation\"> <h2>Wie f\u00fcge ich das AI-Chatbot-Widget zu HTML hinzu?<\/h2> <p>Wenn Sie das AI-Chatbot zu Ihrer HTML-Website hinzuf\u00fcgen m\u00f6chten, tun Sie Folgendes:<\/p> <ol><li><b>Personalisieren Sie das Widget.<\/b><br> W\u00e4hlen Sie eine vorgefertigte Vorlage, um zu beginnen. Danach k\u00f6nnen Sie den Chatbot trainieren, die Funktionalit\u00e4t einrichten und das Aussehen gem\u00e4\u00df Ihren gesch\u00e4ftlichen Bed\u00fcrfnissen anpassen.<\/li><li><b>Holen Sie sich den Einbettungscode.<\/b><br> Speichern Sie die endg\u00fcltigen Ergebnisse und kopieren Sie den bereitgestellten Einbettungscode.<\/li><li><b>F\u00fcgen Sie den Code in Ihren Website-Builder ein.<\/b><br> Gehen Sie zum Admin-Dashboard Ihrer Website, f\u00fcgen Sie den Shortcode in den gew\u00e4hlten Bereich ein und aktualisieren Sie die Seite. Fertig!<\/li> <\/ol><p>Wenn Sie auf Hindernisse sto\u00dfen, z\u00f6gern Sie nicht, sich an unser Kundendienstteam zu wenden. Unsere Mitarbeiter sind gerne bereit, Ihnen bei allen Problemen mit dem Widget zu helfen.<\/p><div class=\"faq\" data-component=\"FAQ\"><div class=\"faq-item\">\r\n\t\t\t\t\t<div class=\"faq-item-question\">\r\n\t\t\t\t\t\t<h3 class=\"faq-item-question-text\">Wie kann ich meine Unternehmensinformationen zum AI-Chatbot-Widget hinzuf\u00fcgen?<\/h3>\r\n\r\n\t\t\t\t\t\t<div class=\"faq-item-question-icon\"><\/div>\r\n\t\t\t\t\t<\/div>\r\n\r\n\t\t\t\t\t<div class=\"faq-item-answer\">\r\n\t\t\t\t\t\t<div class=\"faq-item-answer-text\"><p>Um Ihre Daten hinzuzuf\u00fcgen, gehen Sie zum Tab &#8222;Training&#8220; und w\u00e4hlen Sie eines der verf\u00fcgbaren Formate: Dokumentdateien, spezifische Q&amp;A-Paare oder einfache Textbl\u00f6cke.<\/p> <\/div>\r\n\t\t\t\t\t<\/div>\r\n\t\t\t\t<\/div> <div class=\"faq-item\">\r\n\t\t\t\t\t<div class=\"faq-item-question\">\r\n\t\t\t\t\t\t<h3 class=\"faq-item-question-text\">Wie erstelle ich schnelle Antworten f\u00fcr den AI-Chatbot?<\/h3>\r\n\r\n\t\t\t\t\t\t<div class=\"faq-item-question-icon\"><\/div>\r\n\t\t\t\t\t<\/div>\r\n\r\n\t\t\t\t\t<div class=\"faq-item-answer\">\r\n\t\t\t\t\t\t<div class=\"faq-item-answer-text\"><p>Sie k\u00f6nnen sie direkt im Editor des AI-Chatbots im Abschnitt &#8222;Begr\u00fc\u00dfung&#8220; hinzuf\u00fcgen. Dort finden Sie das Feld, in dem Sie einen ansprechenden Gespr\u00e4chsauftakt oder eine h\u00e4ufige Anfrage eingeben k\u00f6nnen.<\/p> <\/div>\r\n\t\t\t\t\t<\/div>\r\n\t\t\t\t<\/div> <div class=\"faq-item\">\r\n\t\t\t\t\t<div class=\"faq-item-question\">\r\n\t\t\t\t\t\t<h3 class=\"faq-item-question-text\">Was macht das Elfsight AI-Chatbot-Widget am besten f\u00fcr meine HTML-Website?<\/h3>\r\n\r\n\t\t\t\t\t\t<div class=\"faq-item-question-icon\"><\/div>\r\n\t\t\t\t\t<\/div>\r\n\r\n\t\t\t\t\t<div class=\"faq-item-answer\">\r\n\t\t\t\t\t\t<div class=\"faq-item-answer-text\"> <p>Das AI-Chatbot-Widget ist eine codingfreie Chat-L\u00f6sung, die von der fortschrittlichsten KI-Technologie betrieben wird und bereit ist, mit den Informationen Ihres Unternehmens geschult zu werden. Mit einer intuitiven Benutzeroberfl\u00e4che und mehreren Anpassungsoptionen k\u00f6nnen Sie rund um die Uhr Kundensupport bieten, eine personalisierte Erfahrung sicherstellen und stets die Kontrolle mit kontinuierlichen Berichten behalten. Erleben Sie selbst, wie einfach und schnell es mit Elfsight sein kann!<\/p> <\/div>\r\n\t\t\t\t\t<\/div>\r\n\t\t\t\t<\/div><\/div> <\/div> ","protected":false},"excerpt":{"rendered":"","protected":false},"author":9,"featured_media":0,"parent":23426,"menu_order":0,"comment_status":"closed","ping_status":"closed","template":"templates\/template-application-platform.php","meta":{"publish_to_discourse":"","publish_post_category":"","wpdc_auto_publish_overridden":"","wpdc_topic_tags":"","wpdc_pin_topic":"","wpdc_pin_until":"","discourse_post_id":"","discourse_permalink":"","wpdc_publishing_response":"","wpdc_publishing_error":"","footnotes":""},"class_list":["post-23826","page","type-page","status-publish","hentry"],"yoast_head":"<!-- This site is optimized with the Yoast SEO plugin v25.3.1 - https:\/\/yoast.com\/wordpress\/plugins\/seo\/ -->\n<title>HTML AI Chatbot-Widget \u2013 F\u00fcge AI Chatbot zu HTML hinzu [KOSTENLOS]<\/title>\n<meta name=\"description\" content=\"F\u00fcge das beste AI Chatbot-Widget zu deiner HTML-Website hinzu, ganz ohne Programmierung. Vereinfache den Kundenservice mit einer schnellen Einbettung!\" \/>\n<meta name=\"robots\" content=\"index, follow, max-snippet:-1, max-image-preview:large, max-video-preview:-1\" \/>\n<link rel=\"canonical\" href=\"https:\/\/elfsight.com\/de\/ai-chatbot-widget\/html\/\" \/>\n<meta property=\"og:locale\" content=\"de_DE\" \/>\n<meta property=\"og:type\" content=\"article\" \/>\n<meta property=\"og:title\" content=\"HTML AI Chatbot-Widget \u2013 F\u00fcge AI Chatbot zu HTML hinzu [KOSTENLOS]\" \/>\n<meta property=\"og:description\" content=\"F\u00fcge das beste AI Chatbot-Widget zu deiner HTML-Website hinzu, ganz ohne Programmierung. Vereinfache den Kundenservice mit einer schnellen Einbettung!\" \/>\n<meta property=\"og:url\" content=\"https:\/\/elfsight.com\/de\/ai-chatbot-widget\/html\/\" \/>\n<meta property=\"og:site_name\" content=\"Elfsight DE\" \/>\n<meta property=\"article:modified_time\" content=\"2025-07-08T09:39:53+00:00\" \/>\n<meta name=\"twitter:card\" content=\"summary_large_image\" \/>\n<meta name=\"twitter:label1\" content=\"Gesch\u00e4tzte Lesezeit\" \/>\n\t<meta name=\"twitter:data1\" content=\"3\u00a0Minuten\" \/>\n<!-- \/ Yoast SEO plugin. -->","yoast_head_json":{"title":"HTML AI Chatbot-Widget \u2013 F\u00fcge AI Chatbot zu HTML hinzu [KOSTENLOS]","description":"F\u00fcge das beste AI Chatbot-Widget zu deiner HTML-Website hinzu, ganz ohne Programmierung. Vereinfache den Kundenservice mit einer schnellen Einbettung!","robots":{"index":"index","follow":"follow","max-snippet":"max-snippet:-1","max-image-preview":"max-image-preview:large","max-video-preview":"max-video-preview:-1"},"canonical":"https:\/\/elfsight.com\/de\/ai-chatbot-widget\/html\/","og_locale":"de_DE","og_type":"article","og_title":"HTML AI Chatbot-Widget \u2013 F\u00fcge AI Chatbot zu HTML hinzu [KOSTENLOS]","og_description":"F\u00fcge das beste AI Chatbot-Widget zu deiner HTML-Website hinzu, ganz ohne Programmierung. Vereinfache den Kundenservice mit einer schnellen Einbettung!","og_url":"https:\/\/elfsight.com\/de\/ai-chatbot-widget\/html\/","og_site_name":"Elfsight DE","article_modified_time":"2025-07-08T09:39:53+00:00","twitter_card":"summary_large_image","twitter_misc":{"Gesch\u00e4tzte Lesezeit":"3\u00a0Minuten"},"schema":{"@context":"https:\/\/schema.org","@graph":[{"@type":"WebPage","@id":"https:\/\/elfsight.com\/de\/ai-chatbot-widget\/html\/","url":"https:\/\/elfsight.com\/de\/ai-chatbot-widget\/html\/","name":"HTML AI Chatbot-Widget \u2013 F\u00fcge AI Chatbot zu HTML hinzu [KOSTENLOS]","isPartOf":{"@id":"https:\/\/elfsight.com\/de\/#website"},"datePublished":"2024-12-28T06:45:53+00:00","dateModified":"2025-07-08T09:39:53+00:00","description":"F\u00fcge das beste AI Chatbot-Widget zu deiner HTML-Website hinzu, ganz ohne Programmierung. Vereinfache den Kundenservice mit einer schnellen Einbettung!","breadcrumb":{"@id":"https:\/\/elfsight.com\/de\/ai-chatbot-widget\/html\/#breadcrumb"},"inLanguage":"de","potentialAction":[{"@type":"ReadAction","target":["https:\/\/elfsight.com\/de\/ai-chatbot-widget\/html\/"]}]},{"@type":"BreadcrumbList","@id":"https:\/\/elfsight.com\/de\/ai-chatbot-widget\/html\/#breadcrumb","itemListElement":[{"@type":"ListItem","position":1,"name":"Home","item":"https:\/\/elfsight.com\/de\/"},{"@type":"ListItem","position":2,"name":"AI Chatbot","item":"https:\/\/elfsight.com\/de\/ai-chatbot-widget\/"},{"@type":"ListItem","position":3,"name":"AI Chatbot &#8211; HTML"}]},{"@type":"WebSite","@id":"https:\/\/elfsight.com\/de\/#website","url":"https:\/\/elfsight.com\/de\/","name":"Elfsight DE","description":"Just another Elfsight Sites site","potentialAction":[{"@type":"SearchAction","target":{"@type":"EntryPoint","urlTemplate":"https:\/\/elfsight.com\/de\/?s={search_term_string}"},"query-input":{"@type":"PropertyValueSpecification","valueRequired":true,"valueName":"search_term_string"}}],"inLanguage":"de"}]}},"meta_box":{"industry":"","seo_heading":"","heading":"","description":"","cta_heading":"","cta_description":"","application":"23425","h1":"F\u00fcge den AI Chatbot zu deiner HTML-Website hinzu","h1_caption":"Erstelle den besten AI Chatbot, speziell auf deine Gesch\u00e4ftsdaten trainiert, um den Kundensupport zu automatisieren, Leads zu erfassen und sofortige, pr\u00e4zise Antworten auf der HTML-Website zu liefern \u2013 24\/7.","application_category":[],"applications_title":"","applications_request_title":"","applications_request_button_text":"","hero_text":"","hero_video":"","hero_video_schema_markup":"","selling_points_title":"","selling_points_caption":"","selling_points":[],"selling_points_cta_text":"","features_title":"","features":"","ed_cta_examples_text":"","ed_cta_examples_hidden":"","ed_cta_demo_text":"","ed_cta_demo_hidden":"","why_caption":"","why_editor_title":"","why_editor_text":"","why_team_title":"","why_team_text":"","why_service_title":"","why_service_text":"","template_catalog_visible":"","template_catalog_title":"","template_catalog_text":"","template_catalog_categories_visible":"","demo_title":"Erstelle dein AI Chatbot-Widget","demo_caption":"Konfiguriere den AI Chatbot und f\u00fcge ihn kostenlos zu deiner HTML-Website hinzu!","default_faq_hidden":"","app_template_category":[],"platform":"260","template_public_id":"","codecanyon_url":"","codecanyon_item_id":"","codecanyon_price":"","pricing_caption":"","pricing_elfsight_apps_hide_column":"","pricing_elfsight_apps_url":"","pricing_codecanyon_price_caption":"","integration_category":[],"integration_request_title":"","integration_request_cta":"","integration_platform":"","integrations":[],"platform_category":[],"video_schema_markup":"","price":"ab $0 \/ Monat","trial":"","benefits":[{"text":"Kostenlose Installationshilfe"},{"text":"Erfahrener Kundensupport"},{"text":"14-Tage Geld-zur\u00fcck-Garantie"},{"text":"Kontinuierliche Entwicklung"},{"text":""}],"button_url":"#demo","button_target_blank":"","button_nofollow":"","attributes":[{"name":"Installationen","content":"50,000 - 100,000"},{"name":"Reaktionsschnell","content":"Ja"},{"name":"Kompatible Browser","content":"Firefox, Safari, Opera, Chrome, Edge"}],"tags":[],"tags_disable_links":"","hide_more_platforms":"","video_object":"","demo_hide_cta":"","demo_hide_cloud_options":"","pricing_title":"","pricing":[{"pricing_icon":"platform","pricing_title":"Elfsight Apps","pricing_title_caption":"Mehrplattform-Version, die f\u00fcr jede Website geeignet ist","pricing_price":"ab $0 \/ Monat","pricing_price_caption":"Starte mit einem kostenlosen Plan","pricing_benefits":[{"text":"Unbegrenzte Websites"},{"text":"Professioneller Support"},{"text":"Geb\u00fchrenfreier Installationsservice"},{"text":"Flexibles Design"}],"pricing_button_text":"Zur Website hinzuf\u00fcgen","pricing_button_url":"#demo"}],"related_apps_title":"","related_apps_hidden":"","author":"","image":[],"title":"","job":"","social_networks":[]},"_links":{"self":[{"href":"https:\/\/elfsight.com\/de\/wp-json\/wp\/v2\/pages\/23826","targetHints":{"allow":["GET"]}}],"collection":[{"href":"https:\/\/elfsight.com\/de\/wp-json\/wp\/v2\/pages"}],"about":[{"href":"https:\/\/elfsight.com\/de\/wp-json\/wp\/v2\/types\/page"}],"author":[{"embeddable":true,"href":"https:\/\/elfsight.com\/de\/wp-json\/wp\/v2\/users\/9"}],"replies":[{"embeddable":true,"href":"https:\/\/elfsight.com\/de\/wp-json\/wp\/v2\/comments?post=23826"}],"version-history":[{"count":1,"href":"https:\/\/elfsight.com\/de\/wp-json\/wp\/v2\/pages\/23826\/revisions"}],"predecessor-version":[{"id":23830,"href":"https:\/\/elfsight.com\/de\/wp-json\/wp\/v2\/pages\/23826\/revisions\/23830"}],"up":[{"embeddable":true,"href":"https:\/\/elfsight.com\/de\/wp-json\/wp\/v2\/pages\/23426"}],"wp:attachment":[{"href":"https:\/\/elfsight.com\/de\/wp-json\/wp\/v2\/media?parent=23826"}],"curies":[{"name":"wp","href":"https:\/\/api.w.org\/{rel}","templated":true}]}}