{"id":23824,"date":"2024-12-28T06:57:00","date_gmt":"2024-12-28T06:57:00","guid":{"rendered":"https:\/\/elfsight.com\/de\/?page_id=23824"},"modified":"2025-07-08T09:42:27","modified_gmt":"2025-07-08T09:42:27","slug":"wordpress","status":"publish","type":"page","link":"https:\/\/elfsight.com\/de\/ai-chatbot-widget\/wordpress\/","title":{"rendered":"AI Chatbot &#8211; WordPress"},"content":{"rendered":"<div class=\"application-platform-content-item-description application-platform-content-item\" id=\"description\" data-nav-section=\"description\"><h2>AI-Chatbot in WordPress mit dem Elfsight-Widget einbetten!<\/h2><p>Erstellen Sie einen erstklassigen AI-Chatbot f\u00fcr Ihre WordPress-Website, der speziell auf Ihre Wissensdatenbank, Support-Ressourcen oder h\u00e4ufig gestellte Fragen trainiert wurde. Lassen Sie ihn lernen und sich anpassen, indem er personalisierte Nachrichten liefert, die das Benutzerengagement t\u00e4glich steigern.<\/p><p>Vereinfachen Sie Aufgaben im Kundenservice, reduzieren Sie die Reaktionszeiten und erfassen Sie effektiv Leads ohne manuelle Eingriffe. Bieten Sie rund um die Uhr Unterst\u00fctzung und stellen Sie sicher, dass Kunden die Antworten erhalten, die sie ben\u00f6tigen \u2013 zu jeder Zeit, von jedem Ort!<\/p><p><b>F\u00fcgen Sie einen AI-Assistenten hinzu, der Fragen beantwortet, Probleme l\u00f6st und Ihren Umsatz steigert!<\/b><\/p><\/div><div class=\"application-platform-content-item-features application-platform-content-item\" id=\"features\" data-nav-section=\"features\"><h2>Das Widget enth\u00e4lt n\u00fctzliche und einfache Funktionen, hier einige davon:<\/h2><ul><li><b>Automatisieren Sie Ihre Kundenkommunikation.<\/b> Vereinfachen Sie Antworten, gew\u00e4hrleisten Sie rund um die Uhr Verf\u00fcgbarkeit und steigern Sie die Effizienz mit minimaler Konfiguration \u2013 verwalten Sie unbegrenzte Chats und Nutzer m\u00fchelos!<\/li><li><b>Bieten Sie eine personalisierte Erfahrung.<\/b> Helfen Sie jedem Kunden, sich wertgesch\u00e4tzt zu f\u00fchlen, und schaffen Sie die beste Erfahrung durch personalisierte Antworten, Namensnutzung, Chatverlauf-Tracking und Follow-up-Nachrichten.<\/li><li><b>Trainieren Sie den Chatbot mit Unternehmenswissen.<\/b> R\u00fcsten Sie den AI-Chatbot mit Ihrem spezifischen Fachwissen aus, indem Sie Materialien hochladen, Q&amp;A-Paare einf\u00fcgen und den Inhalt Ihrer Website f\u00fcr den Instruktionsgenerator nutzen, um korrekte und anwendbare Antworten zu garantieren, die auf Ihr Gesch\u00e4ft zugeschnitten sind.<\/li><li><b>Erhalten Sie Kundeninformationen per E-Mail.<\/b> Bleiben Sie informiert und sammeln Sie wertvolle Einblicke, indem Sie vollst\u00e4ndige Chatprotokolle direkt in Ihrem Posteingang erhalten, einschlie\u00dflich wichtiger Kontaktdaten zur Lead-Generierung und Service-Verbesserung.<\/li><li><b>Entdecken Sie eine Vielzahl von Vorlagen.<\/b> Richten Sie Ihren AI-Chatbot schnell ein mit unserer Sammlung von vorgefertigten Vorlagen. Diese sind f\u00fcr verschiedene Branchen und Funktionen entwickelt, jede mit spezialisierten Instruktionss\u00e4tzen f\u00fcr sofortige Ergebnisse.<\/li><\/ul><p><a href=\"#demo\">Erforschen Sie alle Personalisierungsfunktionen im voll funktionsf\u00e4higen Konfigurator<\/a><\/p><\/div><div class=\"application-platform-content-item-installation application-platform-content-item\" id=\"installation\" data-nav-section=\"installation\"><h2>Wie f\u00fcge ich das AI-Chatbot-Plugin zu WordPress hinzu?<\/h2><p>Wenn Sie das AI-Chatbot auf Ihrer WordPress-Website einbetten m\u00f6chten, f\u00fchren Sie die folgenden Schritte aus:<\/p><ol><li><b>Personalisieren Sie das Widget.<\/b><br>W\u00e4hlen Sie eine fertige Vorlage aus, um zu starten. Danach k\u00f6nnen Sie den Chatbot trainieren, die Funktionen einrichten und das visuelle Design nach Ihren gesch\u00e4ftlichen Pr\u00e4ferenzen anpassen.<\/li><li><b>Erhalten Sie den Embed-Code.<\/b><br>Speichern Sie die finalen Ergebnisse und kopieren Sie den generierten Installationscode.<\/li><li><b>F\u00fcgen Sie den Code in den Website-Editor ein.<\/b><br>Loggen Sie sich in das Admin-Dashboard Ihrer Website ein, f\u00fcgen Sie den Shortcode an der ben\u00f6tigten Stelle ein und aktualisieren Sie die Seite. Es ist ganz einfach!<\/li><\/ol><p>Falls Sie auf Fragen sto\u00dfen oder Probleme haben, wenden Sie sich bitte an unseren Kundenservice. Unsere Mitarbeiter freuen sich, alle Ihre Probleme mit dem Plugin zu l\u00f6sen.<\/p><div class=\"faq\" data-component=\"FAQ\"><div class=\"faq-item\">\r\n\t\t\t\t\t<div class=\"faq-item-question\">\r\n\t\t\t\t\t\t<h3 class=\"faq-item-question-text\">Wie kann ich meine Gesch\u00e4ftsinformationen in das AI-Chatbot-Plugin einf\u00fcgen?<\/h3>\r\n\r\n\t\t\t\t\t\t<div class=\"faq-item-question-icon\"><\/div>\r\n\t\t\t\t\t<\/div>\r\n\r\n\t\t\t\t\t<div class=\"faq-item-answer\">\r\n\t\t\t\t\t\t<div class=\"faq-item-answer-text\"><p>Um Ihre Daten hinzuzuf\u00fcgen, gehen Sie zum Abschnitt &#8222;Training&#8220; und w\u00e4hlen Sie eines der verf\u00fcgbaren Formate: Dokumentdateien, spezifische Q&amp;A-Paare oder einfache Textbl\u00f6cke.<\/p><\/div>\r\n\t\t\t\t\t<\/div>\r\n\t\t\t\t<\/div><div class=\"faq-item\">\r\n\t\t\t\t\t<div class=\"faq-item-question\">\r\n\t\t\t\t\t\t<h3 class=\"faq-item-question-text\">Wie erstelle ich schnelle Antworten f\u00fcr das AI-Chatbot?<\/h3>\r\n\r\n\t\t\t\t\t\t<div class=\"faq-item-question-icon\"><\/div>\r\n\t\t\t\t\t<\/div>\r\n\r\n\t\t\t\t\t<div class=\"faq-item-answer\">\r\n\t\t\t\t\t\t<div class=\"faq-item-answer-text\"><p>Sie k\u00f6nnen diese direkt im Konfigurator des AI-Chatbots im Men\u00fc &#8222;Begr\u00fc\u00dfung&#8220; hinzuf\u00fcgen. Dort finden Sie das Feld, in das Sie einen interessanten Gespr\u00e4chseinstieg oder h\u00e4ufige Anfragen eingeben k\u00f6nnen.<\/p><\/div>\r\n\t\t\t\t\t<\/div>\r\n\t\t\t\t<\/div><div class=\"faq-item\">\r\n\t\t\t\t\t<div class=\"faq-item-question\">\r\n\t\t\t\t\t\t<h3 class=\"faq-item-question-text\">Was macht das Elfsight AI-Chatbot-Plugin zum besten f\u00fcr meine WordPress-Website?<\/h3>\r\n\r\n\t\t\t\t\t\t<div class=\"faq-item-question-icon\"><\/div>\r\n\t\t\t\t\t<\/div>\r\n\r\n\t\t\t\t\t<div class=\"faq-item-answer\">\r\n\t\t\t\t\t\t<div class=\"faq-item-answer-text\"><p>Das AI-Chatbot-Plugin ist eine kodierungsfreie Chat-L\u00f6sung, die mit dem fortschrittlichsten AI-Modell betrieben wird und bereit ist, mit Ihren organisatorischen Daten trainiert zu werden. Mit einer benutzerfreundlichen Oberfl\u00e4che und zahlreichen Anpassungsoptionen k\u00f6nnen Sie rund um die Uhr Kundenservice bieten, eine personalisierte Erfahrung gew\u00e4hrleisten und stets informiert bleiben durch kontinuierliche Berichte. Erleben Sie selbst, wie einfach und schnell es mit Elfsight sein kann!<\/p><\/div>\r\n\t\t\t\t\t<\/div>\r\n\t\t\t\t<\/div><\/div><\/div>","protected":false},"excerpt":{"rendered":"","protected":false},"author":9,"featured_media":0,"parent":23426,"menu_order":0,"comment_status":"closed","ping_status":"closed","template":"templates\/template-application-platform.php","meta":{"publish_to_discourse":"","publish_post_category":"","wpdc_auto_publish_overridden":"","wpdc_topic_tags":"","wpdc_pin_topic":"","wpdc_pin_until":"","discourse_post_id":"","discourse_permalink":"","wpdc_publishing_response":"","wpdc_publishing_error":"","footnotes":""},"class_list":["post-23824","page","type-page","status-publish","hentry"],"yoast_head":"<!-- This site is optimized with the Yoast SEO plugin v25.3.1 - https:\/\/yoast.com\/wordpress\/plugins\/seo\/ -->\n<title>WordPress AI Chatbot-Plugin \u2013 F\u00fcge AI Chatbot zu WordPress hinzu [KOSTENLOS]<\/title>\n<meta name=\"description\" content=\"F\u00fcge das beste AI Chatbot-Plugin zu deiner WordPress-Website hinzu, ganz ohne Programmierung. Optimiere den Kundenservice mit einer schnellen Einbettung!\" \/>\n<meta name=\"robots\" content=\"index, follow, max-snippet:-1, max-image-preview:large, max-video-preview:-1\" \/>\n<link rel=\"canonical\" href=\"https:\/\/elfsight.com\/de\/ai-chatbot-widget\/wordpress\/\" \/>\n<meta property=\"og:locale\" content=\"de_DE\" \/>\n<meta property=\"og:type\" content=\"article\" \/>\n<meta property=\"og:title\" content=\"WordPress AI Chatbot-Plugin \u2013 F\u00fcge AI Chatbot zu WordPress hinzu [KOSTENLOS]\" \/>\n<meta property=\"og:description\" content=\"F\u00fcge das beste AI Chatbot-Plugin zu deiner WordPress-Website hinzu, ganz ohne Programmierung. Optimiere den Kundenservice mit einer schnellen Einbettung!\" \/>\n<meta property=\"og:url\" content=\"https:\/\/elfsight.com\/de\/ai-chatbot-widget\/wordpress\/\" \/>\n<meta property=\"og:site_name\" content=\"Elfsight DE\" \/>\n<meta property=\"article:modified_time\" content=\"2025-07-08T09:42:27+00:00\" \/>\n<meta name=\"twitter:card\" content=\"summary_large_image\" \/>\n<meta name=\"twitter:label1\" content=\"Gesch\u00e4tzte Lesezeit\" \/>\n\t<meta name=\"twitter:data1\" content=\"3\u00a0Minuten\" \/>\n<!-- \/ Yoast SEO plugin. -->","yoast_head_json":{"title":"WordPress AI Chatbot-Plugin \u2013 F\u00fcge AI Chatbot zu WordPress hinzu [KOSTENLOS]","description":"F\u00fcge das beste AI Chatbot-Plugin zu deiner WordPress-Website hinzu, ganz ohne Programmierung. Optimiere den Kundenservice mit einer schnellen Einbettung!","robots":{"index":"index","follow":"follow","max-snippet":"max-snippet:-1","max-image-preview":"max-image-preview:large","max-video-preview":"max-video-preview:-1"},"canonical":"https:\/\/elfsight.com\/de\/ai-chatbot-widget\/wordpress\/","og_locale":"de_DE","og_type":"article","og_title":"WordPress AI Chatbot-Plugin \u2013 F\u00fcge AI Chatbot zu WordPress hinzu [KOSTENLOS]","og_description":"F\u00fcge das beste AI Chatbot-Plugin zu deiner WordPress-Website hinzu, ganz ohne Programmierung. Optimiere den Kundenservice mit einer schnellen Einbettung!","og_url":"https:\/\/elfsight.com\/de\/ai-chatbot-widget\/wordpress\/","og_site_name":"Elfsight DE","article_modified_time":"2025-07-08T09:42:27+00:00","twitter_card":"summary_large_image","twitter_misc":{"Gesch\u00e4tzte Lesezeit":"3\u00a0Minuten"},"schema":{"@context":"https:\/\/schema.org","@graph":[{"@type":"WebPage","@id":"https:\/\/elfsight.com\/de\/ai-chatbot-widget\/wordpress\/","url":"https:\/\/elfsight.com\/de\/ai-chatbot-widget\/wordpress\/","name":"WordPress AI Chatbot-Plugin \u2013 F\u00fcge AI Chatbot zu WordPress hinzu [KOSTENLOS]","isPartOf":{"@id":"https:\/\/elfsight.com\/de\/#website"},"datePublished":"2024-12-28T06:57:00+00:00","dateModified":"2025-07-08T09:42:27+00:00","description":"F\u00fcge das beste AI Chatbot-Plugin zu deiner WordPress-Website hinzu, ganz ohne Programmierung. Optimiere den Kundenservice mit einer schnellen Einbettung!","breadcrumb":{"@id":"https:\/\/elfsight.com\/de\/ai-chatbot-widget\/wordpress\/#breadcrumb"},"inLanguage":"de","potentialAction":[{"@type":"ReadAction","target":["https:\/\/elfsight.com\/de\/ai-chatbot-widget\/wordpress\/"]}]},{"@type":"BreadcrumbList","@id":"https:\/\/elfsight.com\/de\/ai-chatbot-widget\/wordpress\/#breadcrumb","itemListElement":[{"@type":"ListItem","position":1,"name":"Home","item":"https:\/\/elfsight.com\/de\/"},{"@type":"ListItem","position":2,"name":"AI Chatbot","item":"https:\/\/elfsight.com\/de\/ai-chatbot-widget\/"},{"@type":"ListItem","position":3,"name":"AI Chatbot &#8211; WordPress"}]},{"@type":"WebSite","@id":"https:\/\/elfsight.com\/de\/#website","url":"https:\/\/elfsight.com\/de\/","name":"Elfsight DE","description":"Just another Elfsight Sites site","potentialAction":[{"@type":"SearchAction","target":{"@type":"EntryPoint","urlTemplate":"https:\/\/elfsight.com\/de\/?s={search_term_string}"},"query-input":{"@type":"PropertyValueSpecification","valueRequired":true,"valueName":"search_term_string"}}],"inLanguage":"de"}]}},"meta_box":{"industry":"","seo_heading":"","heading":"","description":"","cta_heading":"","cta_description":"","application":"23425","h1":"F\u00fcge den AI Chatbot zu deiner WordPress-Website hinzu","h1_caption":"Erstelle den besten AI Chatbot, speziell auf deine Gesch\u00e4ftsdaten trainiert, um den Kundensupport zu automatisieren, Leads zu erfassen und sofortige, pr\u00e4zise Antworten auf der WordPress-Website zu liefern \u2013 24\/7.","application_category":[],"applications_title":"","applications_request_title":"","applications_request_button_text":"","hero_text":"","hero_video":"","hero_video_schema_markup":"","selling_points_title":"","selling_points_caption":"","selling_points":[],"selling_points_cta_text":"","features_title":"","features":"","ed_cta_examples_text":"","ed_cta_examples_hidden":"","ed_cta_demo_text":"","ed_cta_demo_hidden":"","why_caption":"","why_editor_title":"","why_editor_text":"","why_team_title":"","why_team_text":"","why_service_title":"","why_service_text":"","template_catalog_visible":"","template_catalog_title":"","template_catalog_text":"","template_catalog_categories_visible":"","demo_title":"Erstelle dein AI Chatbot-Plugin","demo_caption":"Konfiguriere den AI Chatbot und f\u00fcge ihn kostenlos zu deiner WordPress-Website hinzu!","default_faq_hidden":"","app_template_category":[],"platform":"266","template_public_id":"","codecanyon_url":"","codecanyon_item_id":"","codecanyon_price":"","pricing_caption":"","pricing_elfsight_apps_hide_column":"","pricing_elfsight_apps_url":"","pricing_codecanyon_price_caption":"","integration_category":[],"integration_request_title":"","integration_request_cta":"","integration_platform":"","integrations":[],"platform_category":[],"video_schema_markup":"","price":"ab $0 \/ Monat","trial":"","benefits":[{"text":"Kostenlose Installationshilfe"},{"text":"Ausgezeichneter Support"},{"text":"14-Tage R\u00fcckerstattungs-Garantie"},{"text":"Laufende kostenlose Updates"},{"text":""}],"button_url":"#demo","button_target_blank":"","button_nofollow":"","attributes":[{"name":"Installationen","content":"50,000 - 100,000"},{"name":"Reaktionsschnell","content":"Ja"},{"name":"Kompatible Browser","content":"Firefox, Safari, Opera, Chrome, Edge"}],"tags":[],"tags_disable_links":"","hide_more_platforms":"","video_object":"","demo_hide_cta":"","demo_hide_cloud_options":"","pricing_title":"","pricing":[{"pricing_icon":"platform","pricing_title":"Elfsight Apps","pricing_title_caption":"Plattform\u00fcbergreifende L\u00f6sung, die auf jeder Website funktioniert","pricing_price":"ab $0 \/ Monat","pricing_price_caption":"Starte mit einem kostenlosen Plan","pricing_benefits":[{"text":"Unbegrenzte Websites"},{"text":"Kostenloser Unternehmenssupport"},{"text":"Kostenlose Installationshilfe"},{"text":"Flexibles Design"}],"pricing_button_text":"Zur Website hinzuf\u00fcgen","pricing_button_url":"#demo"}],"related_apps_title":"","related_apps_hidden":"","author":"","image":[],"title":"","job":"","social_networks":[]},"_links":{"self":[{"href":"https:\/\/elfsight.com\/de\/wp-json\/wp\/v2\/pages\/23824","targetHints":{"allow":["GET"]}}],"collection":[{"href":"https:\/\/elfsight.com\/de\/wp-json\/wp\/v2\/pages"}],"about":[{"href":"https:\/\/elfsight.com\/de\/wp-json\/wp\/v2\/types\/page"}],"author":[{"embeddable":true,"href":"https:\/\/elfsight.com\/de\/wp-json\/wp\/v2\/users\/9"}],"replies":[{"embeddable":true,"href":"https:\/\/elfsight.com\/de\/wp-json\/wp\/v2\/comments?post=23824"}],"version-history":[{"count":1,"href":"https:\/\/elfsight.com\/de\/wp-json\/wp\/v2\/pages\/23824\/revisions"}],"predecessor-version":[{"id":23828,"href":"https:\/\/elfsight.com\/de\/wp-json\/wp\/v2\/pages\/23824\/revisions\/23828"}],"up":[{"embeddable":true,"href":"https:\/\/elfsight.com\/de\/wp-json\/wp\/v2\/pages\/23426"}],"wp:attachment":[{"href":"https:\/\/elfsight.com\/de\/wp-json\/wp\/v2\/media?parent=23824"}],"curies":[{"name":"wp","href":"https:\/\/api.w.org\/{rel}","templated":true}]}}