{"id":23819,"date":"2024-12-28T07:42:21","date_gmt":"2024-12-28T07:42:21","guid":{"rendered":"https:\/\/elfsight.com\/de\/?page_id=23819"},"modified":"2025-07-08T09:40:57","modified_gmt":"2025-07-08T09:40:57","slug":"shopify","status":"publish","type":"page","link":"https:\/\/elfsight.com\/de\/ai-chatbot-widget\/shopify\/","title":{"rendered":"AI Chatbot &#8211; Shopify"},"content":{"rendered":"<div class=\"application-platform-content-item-description application-platform-content-item\" id=\"description\" data-nav-section=\"description\"><h2>AI-Chatbot in Shopify mit dem Elfsight-Widget einbetten!<\/h2><p>Erstellen Sie einen erstklassigen AI-Chatbot f\u00fcr Ihre Shopify-Website, der speziell auf Ihre Wissensdatenbank, Support-Materialien oder h\u00e4ufig gestellte Fragen trainiert wurde. Lassen Sie ihn lernen und sich anpassen, indem er personalisierte Nachrichten bietet, die das Benutzererlebnis t\u00e4glich verbessern.<\/p><p>Vereinfachen Sie Aufgaben im Kundenservice, minimieren Sie die Reaktionszeiten und erfassen Sie effizient Leads ohne manuelle Eingriffe. Bieten Sie ununterbrochene Hilfe und stellen Sie sicher, dass Kunden die Antworten erhalten, die sie brauchen \u2013 jederzeit, von jedem Ort!<\/p><p><b>F\u00fcgen Sie einen AI-Assistenten hinzu, der schnelle Antworten liefert, Probleme l\u00f6st und Ihren Umsatz steigert!<\/b><\/p><\/div><div class=\"application-platform-content-item-features application-platform-content-item\" id=\"features\" data-nav-section=\"features\"><h2>Die beliebtesten Widget-Funktionen beinhalten:<\/h2><ul><li><b>Automatisieren Sie Ihre Kundenkommunikation.<\/b> Vereinfachen Sie schnelle Antworten, bieten Sie 24\/7 Verf\u00fcgbarkeit und steigern Sie die Effizienz mit minimaler Konfiguration \u2013 verwalten Sie unbegrenzt Chats und Nutzer m\u00fchelos!<\/li><li><b>Bieten Sie eine personalisierte Erfahrung.<\/b> Helfen Sie jedem Kunden, sich einzigartig zu f\u00fchlen, und schaffen Sie die beste Erfahrung mit personalisierten Antworten, Namensansprache, Chatverlauf-Speicherung und Follow-up-Kommunikation.<\/li><li><b>Trainieren Sie den Chatbot mit Unternehmensdaten.<\/b> Erm\u00e4chtigen Sie den AI-Chatbot mit Ihrem spezifischen Wissen, indem Sie Dokumente hochladen, Q&amp;A-S\u00e4tze einf\u00fcgen und den Inhalt Ihrer Website f\u00fcr den Instruktionsgenerator nutzen, um korrekte und anwendbare Antworten zu gew\u00e4hrleisten, die auf den Kontext Ihres Unternehmens abgestimmt sind.<\/li><li><b>Erhalten Sie Kundeninformationen per E-Mail.<\/b> Bleiben Sie informiert und sammeln Sie wertvolle Einblicke, indem Sie vollst\u00e4ndige Chat-Protokolle direkt in Ihrem Posteingang erhalten, einschlie\u00dflich wichtiger Kontaktdaten zur Lead-Generierung und Service-Verbesserung.<\/li><li><b>Entdecken Sie eine breite Auswahl an Vorlagen.<\/b> Richten Sie Ihren AI-Chatbot schnell ein mit unserer Sammlung vorgefertigter Vorlagen. Diese sind f\u00fcr verschiedene Branchen und Funktionen entwickelt, jede mit spezialisierten Instruktionss\u00e4tzen f\u00fcr sofortigen Erfolg.<\/li><\/ul><p><a href=\"#demo\">\u00dcberpr\u00fcfen Sie alle Anpassungsoptionen im 100% funktionalen Konfigurator<\/a><\/p><\/div><div class=\"application-platform-content-item-installation application-platform-content-item\" id=\"installation\" data-nav-section=\"installation\"><h2>Wie f\u00fcge ich das AI-Chatbot-Plugin zu Shopify hinzu?<\/h2><p>Wenn Sie das AI-Chatbot auf Ihrer Shopify-Website einbetten m\u00f6chten, folgen Sie diesen Schritten:<\/p><ol><li><b>Personalisieren Sie das Widget.<\/b><br>W\u00e4hlen Sie eine verf\u00fcgbare Vorlage aus, um zu starten. Danach k\u00f6nnen Sie den Chatbot trainieren, die Funktionen anordnen und sein Design an Ihre Gesch\u00e4ftsziele anpassen.<\/li><li><b>Generieren Sie den Embed-Code.<\/b><br>Speichern Sie die \u00c4nderungen und kopieren Sie den automatisch generierten Einbettungscode.<\/li><li><b>F\u00fcgen Sie den Code in den Website-Editor ein.<\/b><br>Greifen Sie auf den Admin-Bereich Ihrer Website zu, f\u00fcgen Sie den Code an der ben\u00f6tigten Stelle ein und aktualisieren Sie die Seite. Fertig!<\/li><\/ol><p>Wenn Sie Fragen haben oder auf Probleme sto\u00dfen, wenden Sie sich bitte an unseren Kundenservice. Unsere Mitarbeiter helfen Ihnen gerne mit allen Fragen, die Sie bez\u00fcglich der App haben.<\/p><div class=\"faq\" data-component=\"FAQ\"><div class=\"faq-item\">\r\n\t\t\t\t\t<div class=\"faq-item-question\">\r\n\t\t\t\t\t\t<h3 class=\"faq-item-question-text\">Wie kann ich meine Gesch\u00e4ftsinformationen in das AI-Chatbot-App hinzuf\u00fcgen?<\/h3>\r\n\r\n\t\t\t\t\t\t<div class=\"faq-item-question-icon\"><\/div>\r\n\t\t\t\t\t<\/div>\r\n\r\n\t\t\t\t\t<div class=\"faq-item-answer\">\r\n\t\t\t\t\t\t<div class=\"faq-item-answer-text\"><p>Um Ihre Informationen hinzuzuf\u00fcgen, gehen Sie zum Men\u00fcpunkt &#8222;Training&#8220; und w\u00e4hlen Sie eines der verf\u00fcgbaren Formate: Dokumentdateien, spezifische Q&amp;A-S\u00e4tze oder einfache Textbl\u00f6cke.<\/p><\/div>\r\n\t\t\t\t\t<\/div>\r\n\t\t\t\t<\/div><div class=\"faq-item\">\r\n\t\t\t\t\t<div class=\"faq-item-question\">\r\n\t\t\t\t\t\t<h3 class=\"faq-item-question-text\">Wie erstelle ich schnelle Antworten f\u00fcr das AI-Chatbot?<\/h3>\r\n\r\n\t\t\t\t\t\t<div class=\"faq-item-question-icon\"><\/div>\r\n\t\t\t\t\t<\/div>\r\n\r\n\t\t\t\t\t<div class=\"faq-item-answer\">\r\n\t\t\t\t\t\t<div class=\"faq-item-answer-text\"><p>Sie k\u00f6nnen diese direkt im Editor des AI-Chatbots im Tab &#8222;Begr\u00fc\u00dfung&#8220; hinzuf\u00fcgen. Dort finden Sie das Feld, in das Sie einen ansprechenden Gespr\u00e4chseinstieg oder h\u00e4ufig gestellte Fragen eingeben k\u00f6nnen.<\/p><\/div>\r\n\t\t\t\t\t<\/div>\r\n\t\t\t\t<\/div><div class=\"faq-item\">\r\n\t\t\t\t\t<div class=\"faq-item-question\">\r\n\t\t\t\t\t\t<h3 class=\"faq-item-question-text\">Was macht die Elfsight AI-Chatbot-App zum besten f\u00fcr meine Shopify-Website?<\/h3>\r\n\r\n\t\t\t\t\t\t<div class=\"faq-item-question-icon\"><\/div>\r\n\t\t\t\t\t<\/div>\r\n\r\n\t\t\t\t\t<div class=\"faq-item-answer\">\r\n\t\t\t\t\t\t<div class=\"faq-item-answer-text\"><p>Die AI-Chatbot-App ist eine codierungsfreie Chat-L\u00f6sung, die mit dem neuesten AI-Modell betrieben wird und bereit ist, mit Ihren Gesch\u00e4ftseinblicken trainiert zu werden. Mit einer intuitiven Benutzeroberfl\u00e4che und vielen Anpassungsoptionen k\u00f6nnen Sie rund um die Uhr Kundenservice bieten, eine personalisierte Erfahrung gew\u00e4hrleisten und immer informiert bleiben durch regelm\u00e4\u00dfige Berichte. \u00dcberzeugen Sie sich selbst, wie einfach und schnell es mit Elfsight sein kann!<\/p><\/div>\r\n\t\t\t\t\t<\/div>\r\n\t\t\t\t<\/div><\/div><\/div>","protected":false},"excerpt":{"rendered":"","protected":false},"author":9,"featured_media":0,"parent":23426,"menu_order":0,"comment_status":"closed","ping_status":"closed","template":"templates\/template-application-platform.php","meta":{"publish_to_discourse":"","publish_post_category":"","wpdc_auto_publish_overridden":"","wpdc_topic_tags":"","wpdc_pin_topic":"","wpdc_pin_until":"","discourse_post_id":"","discourse_permalink":"","wpdc_publishing_response":"","wpdc_publishing_error":"","footnotes":""},"class_list":["post-23819","page","type-page","status-publish","hentry"],"yoast_head":"<!-- This site is optimized with the Yoast SEO plugin v25.3.1 - https:\/\/yoast.com\/wordpress\/plugins\/seo\/ -->\n<title>Shopify AI Chatbot-App \u2013 F\u00fcge AI Chatbot zu Shopify hinzu [KOSTENLOS]<\/title>\n<meta name=\"description\" content=\"F\u00fcge die beste AI Chatbot-App zu deiner Shopify-Website hinzu, ganz ohne Programmierung. Vereinfache den Kundenservice mit einer einfachen Einbettung!\" \/>\n<meta name=\"robots\" content=\"index, follow, max-snippet:-1, max-image-preview:large, max-video-preview:-1\" \/>\n<link rel=\"canonical\" href=\"https:\/\/elfsight.com\/de\/ai-chatbot-widget\/shopify\/\" \/>\n<meta property=\"og:locale\" content=\"de_DE\" \/>\n<meta property=\"og:type\" content=\"article\" \/>\n<meta property=\"og:title\" content=\"Shopify AI Chatbot-App \u2013 F\u00fcge AI Chatbot zu Shopify hinzu [KOSTENLOS]\" \/>\n<meta property=\"og:description\" content=\"F\u00fcge die beste AI Chatbot-App zu deiner Shopify-Website hinzu, ganz ohne Programmierung. Vereinfache den Kundenservice mit einer einfachen Einbettung!\" \/>\n<meta property=\"og:url\" content=\"https:\/\/elfsight.com\/de\/ai-chatbot-widget\/shopify\/\" \/>\n<meta property=\"og:site_name\" content=\"Elfsight DE\" \/>\n<meta property=\"article:modified_time\" content=\"2025-07-08T09:40:57+00:00\" \/>\n<meta name=\"twitter:card\" content=\"summary_large_image\" \/>\n<meta name=\"twitter:label1\" content=\"Gesch\u00e4tzte Lesezeit\" \/>\n\t<meta name=\"twitter:data1\" content=\"3\u00a0Minuten\" \/>\n<!-- \/ Yoast SEO plugin. -->","yoast_head_json":{"title":"Shopify AI Chatbot-App \u2013 F\u00fcge AI Chatbot zu Shopify hinzu [KOSTENLOS]","description":"F\u00fcge die beste AI Chatbot-App zu deiner Shopify-Website hinzu, ganz ohne Programmierung. Vereinfache den Kundenservice mit einer einfachen Einbettung!","robots":{"index":"index","follow":"follow","max-snippet":"max-snippet:-1","max-image-preview":"max-image-preview:large","max-video-preview":"max-video-preview:-1"},"canonical":"https:\/\/elfsight.com\/de\/ai-chatbot-widget\/shopify\/","og_locale":"de_DE","og_type":"article","og_title":"Shopify AI Chatbot-App \u2013 F\u00fcge AI Chatbot zu Shopify hinzu [KOSTENLOS]","og_description":"F\u00fcge die beste AI Chatbot-App zu deiner Shopify-Website hinzu, ganz ohne Programmierung. Vereinfache den Kundenservice mit einer einfachen Einbettung!","og_url":"https:\/\/elfsight.com\/de\/ai-chatbot-widget\/shopify\/","og_site_name":"Elfsight DE","article_modified_time":"2025-07-08T09:40:57+00:00","twitter_card":"summary_large_image","twitter_misc":{"Gesch\u00e4tzte Lesezeit":"3\u00a0Minuten"},"schema":{"@context":"https:\/\/schema.org","@graph":[{"@type":"WebPage","@id":"https:\/\/elfsight.com\/de\/ai-chatbot-widget\/shopify\/","url":"https:\/\/elfsight.com\/de\/ai-chatbot-widget\/shopify\/","name":"Shopify AI Chatbot-App \u2013 F\u00fcge AI Chatbot zu Shopify hinzu [KOSTENLOS]","isPartOf":{"@id":"https:\/\/elfsight.com\/de\/#website"},"datePublished":"2024-12-28T07:42:21+00:00","dateModified":"2025-07-08T09:40:57+00:00","description":"F\u00fcge die beste AI Chatbot-App zu deiner Shopify-Website hinzu, ganz ohne Programmierung. Vereinfache den Kundenservice mit einer einfachen Einbettung!","breadcrumb":{"@id":"https:\/\/elfsight.com\/de\/ai-chatbot-widget\/shopify\/#breadcrumb"},"inLanguage":"de","potentialAction":[{"@type":"ReadAction","target":["https:\/\/elfsight.com\/de\/ai-chatbot-widget\/shopify\/"]}]},{"@type":"BreadcrumbList","@id":"https:\/\/elfsight.com\/de\/ai-chatbot-widget\/shopify\/#breadcrumb","itemListElement":[{"@type":"ListItem","position":1,"name":"Home","item":"https:\/\/elfsight.com\/de\/"},{"@type":"ListItem","position":2,"name":"AI Chatbot","item":"https:\/\/elfsight.com\/de\/ai-chatbot-widget\/"},{"@type":"ListItem","position":3,"name":"AI Chatbot &#8211; Shopify"}]},{"@type":"WebSite","@id":"https:\/\/elfsight.com\/de\/#website","url":"https:\/\/elfsight.com\/de\/","name":"Elfsight DE","description":"Just another Elfsight Sites site","potentialAction":[{"@type":"SearchAction","target":{"@type":"EntryPoint","urlTemplate":"https:\/\/elfsight.com\/de\/?s={search_term_string}"},"query-input":{"@type":"PropertyValueSpecification","valueRequired":true,"valueName":"search_term_string"}}],"inLanguage":"de"}]}},"meta_box":{"industry":"","seo_heading":"","heading":"","description":"","cta_heading":"","cta_description":"","application":"23425","h1":"F\u00fcge den AI Chatbot zu deiner Shopify-Website hinzu","h1_caption":"Erstelle den besten AI Chatbot, speziell auf deine Gesch\u00e4ftsdaten trainiert, um den Kundensupport zu automatisieren, Leads zu erfassen und sofortige, pr\u00e4zise Antworten auf der Shopify-Website zu liefern \u2013 24\/7.","application_category":[],"applications_title":"","applications_request_title":"","applications_request_button_text":"","hero_text":"","hero_video":"","hero_video_schema_markup":"","selling_points_title":"","selling_points_caption":"","selling_points":[],"selling_points_cta_text":"","features_title":"","features":"","ed_cta_examples_text":"","ed_cta_examples_hidden":"","ed_cta_demo_text":"","ed_cta_demo_hidden":"","why_caption":"","why_editor_title":"","why_editor_text":"","why_team_title":"","why_team_text":"","why_service_title":"","why_service_text":"","template_catalog_visible":"","template_catalog_title":"","template_catalog_text":"","template_catalog_categories_visible":"","demo_title":"Erstelle deine AI Chatbot-App","demo_caption":"Konfiguriere den AI Chatbot und f\u00fcge ihn kostenlos zu deiner Shopify-Website hinzu!","default_faq_hidden":"","app_template_category":[],"platform":"253","template_public_id":"","codecanyon_url":"","codecanyon_item_id":"","codecanyon_price":"","pricing_caption":"","pricing_elfsight_apps_hide_column":"","pricing_elfsight_apps_url":"","pricing_codecanyon_price_caption":"","integration_category":[],"integration_request_title":"","integration_request_cta":"","integration_platform":"","integrations":[],"platform_category":[],"video_schema_markup":"","price":"ab $0 \/ Monat","trial":"","benefits":[{"text":"Kostenlose Installationsunterst\u00fctzung"},{"text":"Premium-Support"},{"text":"14-Tage R\u00fcckerstattungs-Garantie"},{"text":"St\u00e4ndig aktualisiert"},{"text":""}],"button_url":"#demo","button_target_blank":"","button_nofollow":"","attributes":[{"name":"Installationen","content":"50,000 - 100,000"},{"name":"Reaktionsschnell","content":"Ja"},{"name":"Kompatible Browser","content":"Firefox, Safari, Opera, Chrome, Edge"}],"tags":[],"tags_disable_links":"","hide_more_platforms":"","video_object":"","demo_hide_cta":"","demo_hide_cloud_options":"","pricing_title":"","pricing":[{"pricing_icon":"platform","pricing_title":"Elfsight Apps","pricing_title_caption":"Mehrplattform-Version, die auf jeder Website funktioniert","pricing_price":"ab $0 \/ Monat","pricing_price_caption":"Starte mit einem kostenlosen Plan","pricing_benefits":[{"text":"Unbegrenzte Websites"},{"text":"Schneller Kundensupport"},{"text":"Geb\u00fchrenfreie Installationshilfe"},{"text":"100 % anpassbar"}],"pricing_button_text":"Zur Website hinzuf\u00fcgen","pricing_button_url":"#demo"}],"related_apps_title":"","related_apps_hidden":"","author":"","image":[],"title":"","job":"","social_networks":[]},"_links":{"self":[{"href":"https:\/\/elfsight.com\/de\/wp-json\/wp\/v2\/pages\/23819","targetHints":{"allow":["GET"]}}],"collection":[{"href":"https:\/\/elfsight.com\/de\/wp-json\/wp\/v2\/pages"}],"about":[{"href":"https:\/\/elfsight.com\/de\/wp-json\/wp\/v2\/types\/page"}],"author":[{"embeddable":true,"href":"https:\/\/elfsight.com\/de\/wp-json\/wp\/v2\/users\/9"}],"replies":[{"embeddable":true,"href":"https:\/\/elfsight.com\/de\/wp-json\/wp\/v2\/comments?post=23819"}],"version-history":[{"count":1,"href":"https:\/\/elfsight.com\/de\/wp-json\/wp\/v2\/pages\/23819\/revisions"}],"predecessor-version":[{"id":23823,"href":"https:\/\/elfsight.com\/de\/wp-json\/wp\/v2\/pages\/23819\/revisions\/23823"}],"up":[{"embeddable":true,"href":"https:\/\/elfsight.com\/de\/wp-json\/wp\/v2\/pages\/23426"}],"wp:attachment":[{"href":"https:\/\/elfsight.com\/de\/wp-json\/wp\/v2\/media?parent=23819"}],"curies":[{"name":"wp","href":"https:\/\/api.w.org\/{rel}","templated":true}]}}