{"id":23817,"date":"2024-12-28T08:02:33","date_gmt":"2024-12-28T08:02:33","guid":{"rendered":"https:\/\/elfsight.com\/de\/?page_id=23817"},"modified":"2025-07-08T09:39:49","modified_gmt":"2025-07-08T09:39:49","slug":"google-sites","status":"publish","type":"page","link":"https:\/\/elfsight.com\/de\/ai-chatbot-widget\/google-sites\/","title":{"rendered":"AI Chatbot &#8211; Google Sites"},"content":{"rendered":"<div class=\"application-platform-content-item-description application-platform-content-item\" id=\"description\" data-nav-section=\"description\"><h2>AI-Chatbot auf Google Sites mit Elfsight-Plugin einbinden!<\/h2> <p>Erstellen Sie einen erstklassigen AI-Chatbot f\u00fcr Ihre Google Sites-Website, der speziell auf Ihre Wissensdatenbank, Support-Ressourcen oder h\u00e4ufig gestellte Fragen trainiert wurde. Erm\u00f6glichen Sie es ihm, zu lernen und sich anzupassen, um personalisierte Nachrichten zu senden und Ihre Benutzer jeden Tag besser zu bedienen.<\/p> <p>Automatisieren Sie nahtlos Kundenservice-Aufgaben, verringern Sie Antwortzeiten und erfassen Sie effektiv Leads ohne manuelle Eingriffe. Bieten Sie ununterbrochene Unterst\u00fctzung und stellen Sie sicher, dass Kunden jederzeit und \u00fcberall die Informationen erhalten, die sie ben\u00f6tigen!<\/p> <p><b>F\u00fcgen Sie einen AI-Assistenten hinzu, der Fragen beantwortet, Probleme l\u00f6st und Ihre Verk\u00e4ufe steigert!<\/b><\/p> <\/div><div class=\"application-platform-content-item-features application-platform-content-item\" id=\"features\" data-nav-section=\"features\"> <h2>Dies sind nur einige der vielen Plugin-Funktionen:<\/h2> <ul><li><b>Automatisieren Sie Ihre Kundeninteraktionen.<\/b> Optimieren Sie Antworten, bieten Sie rund um die Uhr Verf\u00fcgbarkeit und steigern Sie die Effizienz mit minimaler Konfiguration \u2013 verwalten Sie unbegrenzt Chats und Benutzer nahtlos!<\/li><li><b>Schaffen Sie eine personalisierte Erfahrung.<\/b> Lassen Sie jeden Kunden sich wichtig f\u00fchlen und schaffen Sie das beste Erlebnis durch personalisierte Antworten, Begr\u00fc\u00dfungen, Nachverfolgung fr\u00fcherer Gespr\u00e4che und Folgekommunikationen.<\/li><li><b>Trainieren Sie den Chatbot mit Unternehmenswissen.<\/b> R\u00fcsten Sie den AI-Chatbot mit Ihrem spezifischen Wissen aus, indem Sie Dokumente hochladen, Frage-Antwort-Paare erstellen und die Informationen Ihrer Seite f\u00fcr den Instruktionsgenerator nutzen, um pr\u00e4zise und anwendbare Antworten zu liefern, die auf Ihr Unternehmen zugeschnitten sind.<\/li><li><b>Erhalten Sie Kundeninformationen per E-Mail.<\/b> Bleiben Sie informiert und sammeln Sie wichtige Einblicke, indem Sie vollst\u00e4ndige Chat-Protokolle direkt in Ihrem Posteingang erhalten, einschlie\u00dflich wichtiger Kontaktdaten f\u00fcr Lead-Generierung und Service-Optimierung.<\/li><li><b>Entdecken Sie eine gro\u00dfe Auswahl an Vorlagen.<\/b> Starten Sie Ihren AI-Chatbot im Handumdrehen mit unserer Sammlung vorgefertigter Vorlagen. Sie sind f\u00fcr verschiedene Sektoren und Funktionen konzipiert, jede mit ma\u00dfgeschneiderten Anweisungen f\u00fcr sofortige Ergebnisse.<\/li><\/ul><p><a href=\"#demo\">Versuchen Sie diesen Konfigurator, um zu sehen, wie es funktioniert<\/a><\/p> <\/div> <div class=\"application-platform-content-item-installation application-platform-content-item\" id=\"installation\" data-nav-section=\"installation\"> <h2>Wie f\u00fcge ich das AI-Chatbot-Plugin zu Google Sites hinzu?<\/h2> <p>Wenn Sie das AI-Chatbot zu Ihrer Google Sites-Website hinzuf\u00fcgen m\u00f6chten, gehen Sie wie folgt vor:<\/p> <ol><li><b>Personalisieren Sie das Plugin.<\/b><br> Beginnen Sie damit, eine der vorgefertigten Vorlagen auszuw\u00e4hlen. Danach k\u00f6nnen Sie den Chatbot trainieren, die Funktionen einrichten und sein Design basierend auf Ihren gesch\u00e4ftlichen Zielen \u00e4ndern.<\/li><li><b>Holen Sie sich den Embed-Code.<\/b><br> Speichern Sie die abgeschlossene Arbeit und kopieren Sie den bereitgestellten Einbettungscode.<\/li><li><b>F\u00fcgen Sie den Code in den Website-Editor ein.<\/b><br> Gehen Sie zum Admin-Bereich Ihrer Website, f\u00fcgen Sie den Code an der ben\u00f6tigten Stelle ein und laden Sie die Seite neu. Fertig!<\/li> <\/ol><p>Falls Sie auf Probleme sto\u00dfen, k\u00f6nnen Sie sich gerne an unser Support-Team wenden. Unsere Spezialisten helfen Ihnen gerne bei allen Schwierigkeiten, die Sie mit dem Plugin haben k\u00f6nnten.<\/p><div class=\"faq\" data-component=\"FAQ\"><div class=\"faq-item\">\r\n\t\t\t\t\t<div class=\"faq-item-question\">\r\n\t\t\t\t\t\t<h3 class=\"faq-item-question-text\">Wie kann ich meine Unternehmensinformationen in das AI-Chatbot-Plugin einf\u00fcgen?<\/h3>\r\n\r\n\t\t\t\t\t\t<div class=\"faq-item-question-icon\"><\/div>\r\n\t\t\t\t\t<\/div>\r\n\r\n\t\t\t\t\t<div class=\"faq-item-answer\">\r\n\t\t\t\t\t\t<div class=\"faq-item-answer-text\"><p>Um Ihre Daten hochzuladen, gehen Sie zum Tab &#8222;Training&#8220; und w\u00e4hlen Sie eines der verf\u00fcgbaren Formate: Dokumentdateien, spezifische Frage-Antwort-S\u00e4tze oder einfache Textbl\u00f6cke.<\/p> <\/div>\r\n\t\t\t\t\t<\/div>\r\n\t\t\t\t<\/div> <div class=\"faq-item\">\r\n\t\t\t\t\t<div class=\"faq-item-question\">\r\n\t\t\t\t\t\t<h3 class=\"faq-item-question-text\">Wie erstelle ich schnelle Antworten f\u00fcr den AI-Chatbot?<\/h3>\r\n\r\n\t\t\t\t\t\t<div class=\"faq-item-question-icon\"><\/div>\r\n\t\t\t\t\t<\/div>\r\n\r\n\t\t\t\t\t<div class=\"faq-item-answer\">\r\n\t\t\t\t\t\t<div class=\"faq-item-answer-text\"><p>Sie k\u00f6nnen diese direkt im Konfigurator des AI-Chatbots im Tab &#8222;Begr\u00fc\u00dfung&#8220; hinzuf\u00fcgen. Dort finden Sie das Feld, in dem Sie einen gro\u00dfartigen Gespr\u00e4chseinstieg oder eine beliebte Frage eingeben k\u00f6nnen.<\/p> <\/div>\r\n\t\t\t\t\t<\/div>\r\n\t\t\t\t<\/div> <div class=\"faq-item\">\r\n\t\t\t\t\t<div class=\"faq-item-question\">\r\n\t\t\t\t\t\t<h3 class=\"faq-item-question-text\">Was macht das Elfsight AI-Chatbot-Plugin zum besten f\u00fcr meine Google Sites-Website?<\/h3>\r\n\r\n\t\t\t\t\t\t<div class=\"faq-item-question-icon\"><\/div>\r\n\t\t\t\t\t<\/div>\r\n\r\n\t\t\t\t\t<div class=\"faq-item-answer\">\r\n\t\t\t\t\t\t<div class=\"faq-item-answer-text\"> <p>Das AI-Chatbot-Plugin ist eine codefreie Chat-L\u00f6sung, die auf der fortschrittlichsten AI-Technologie basiert und bereit ist, mit den Informationen Ihrer Organisation trainiert zu werden. Mit einer intuitiven Benutzeroberfl\u00e4che und mehreren Anpassungsoptionen k\u00f6nnen Sie 24\/7-Kundendienst mit einer personalisierten Erfahrung bieten und immer informiert bleiben mit laufenden Berichten. Entdecken Sie selbst, wie einfach und schnell es mit Elfsight sein kann!<\/p> <\/div>\r\n\t\t\t\t\t<\/div>\r\n\t\t\t\t<\/div><\/div> <\/div> ","protected":false},"excerpt":{"rendered":"","protected":false},"author":9,"featured_media":0,"parent":23426,"menu_order":0,"comment_status":"closed","ping_status":"closed","template":"templates\/template-application-platform.php","meta":{"publish_to_discourse":"","publish_post_category":"","wpdc_auto_publish_overridden":"","wpdc_topic_tags":"","wpdc_pin_topic":"","wpdc_pin_until":"","discourse_post_id":"","discourse_permalink":"","wpdc_publishing_response":"","wpdc_publishing_error":"","footnotes":""},"class_list":["post-23817","page","type-page","status-publish","hentry"],"yoast_head":"<!-- This site is optimized with the Yoast SEO plugin v25.3.1 - https:\/\/yoast.com\/wordpress\/plugins\/seo\/ -->\n<title>Google Sites AI Chatbot-Plugin \u2013 F\u00fcge AI Chatbot zu Google Sites hinzu [KOSTENLOS]<\/title>\n<meta name=\"description\" content=\"F\u00fcge das beste AI Chatbot-Plugin zu deiner Google Sites-Website hinzu, ganz ohne Programmierung. Automatisiere den Kundenservice mit einer schnellen Einbettung!\" \/>\n<meta name=\"robots\" content=\"index, follow, max-snippet:-1, max-image-preview:large, max-video-preview:-1\" \/>\n<link rel=\"canonical\" href=\"https:\/\/elfsight.com\/de\/ai-chatbot-widget\/google-sites\/\" \/>\n<meta property=\"og:locale\" content=\"de_DE\" \/>\n<meta property=\"og:type\" content=\"article\" \/>\n<meta property=\"og:title\" content=\"Google Sites AI Chatbot-Plugin \u2013 F\u00fcge AI Chatbot zu Google Sites hinzu [KOSTENLOS]\" \/>\n<meta property=\"og:description\" content=\"F\u00fcge das beste AI Chatbot-Plugin zu deiner Google Sites-Website hinzu, ganz ohne Programmierung. Automatisiere den Kundenservice mit einer schnellen Einbettung!\" \/>\n<meta property=\"og:url\" content=\"https:\/\/elfsight.com\/de\/ai-chatbot-widget\/google-sites\/\" \/>\n<meta property=\"og:site_name\" content=\"Elfsight DE\" \/>\n<meta property=\"article:modified_time\" content=\"2025-07-08T09:39:49+00:00\" \/>\n<meta name=\"twitter:card\" content=\"summary_large_image\" \/>\n<meta name=\"twitter:label1\" content=\"Gesch\u00e4tzte Lesezeit\" \/>\n\t<meta name=\"twitter:data1\" content=\"3\u00a0Minuten\" \/>\n<!-- \/ Yoast SEO plugin. -->","yoast_head_json":{"title":"Google Sites AI Chatbot-Plugin \u2013 F\u00fcge AI Chatbot zu Google Sites hinzu [KOSTENLOS]","description":"F\u00fcge das beste AI Chatbot-Plugin zu deiner Google Sites-Website hinzu, ganz ohne Programmierung. Automatisiere den Kundenservice mit einer schnellen Einbettung!","robots":{"index":"index","follow":"follow","max-snippet":"max-snippet:-1","max-image-preview":"max-image-preview:large","max-video-preview":"max-video-preview:-1"},"canonical":"https:\/\/elfsight.com\/de\/ai-chatbot-widget\/google-sites\/","og_locale":"de_DE","og_type":"article","og_title":"Google Sites AI Chatbot-Plugin \u2013 F\u00fcge AI Chatbot zu Google Sites hinzu [KOSTENLOS]","og_description":"F\u00fcge das beste AI Chatbot-Plugin zu deiner Google Sites-Website hinzu, ganz ohne Programmierung. Automatisiere den Kundenservice mit einer schnellen Einbettung!","og_url":"https:\/\/elfsight.com\/de\/ai-chatbot-widget\/google-sites\/","og_site_name":"Elfsight DE","article_modified_time":"2025-07-08T09:39:49+00:00","twitter_card":"summary_large_image","twitter_misc":{"Gesch\u00e4tzte Lesezeit":"3\u00a0Minuten"},"schema":{"@context":"https:\/\/schema.org","@graph":[{"@type":"WebPage","@id":"https:\/\/elfsight.com\/de\/ai-chatbot-widget\/google-sites\/","url":"https:\/\/elfsight.com\/de\/ai-chatbot-widget\/google-sites\/","name":"Google Sites AI Chatbot-Plugin \u2013 F\u00fcge AI Chatbot zu Google Sites hinzu [KOSTENLOS]","isPartOf":{"@id":"https:\/\/elfsight.com\/de\/#website"},"datePublished":"2024-12-28T08:02:33+00:00","dateModified":"2025-07-08T09:39:49+00:00","description":"F\u00fcge das beste AI Chatbot-Plugin zu deiner Google Sites-Website hinzu, ganz ohne Programmierung. Automatisiere den Kundenservice mit einer schnellen Einbettung!","breadcrumb":{"@id":"https:\/\/elfsight.com\/de\/ai-chatbot-widget\/google-sites\/#breadcrumb"},"inLanguage":"de","potentialAction":[{"@type":"ReadAction","target":["https:\/\/elfsight.com\/de\/ai-chatbot-widget\/google-sites\/"]}]},{"@type":"BreadcrumbList","@id":"https:\/\/elfsight.com\/de\/ai-chatbot-widget\/google-sites\/#breadcrumb","itemListElement":[{"@type":"ListItem","position":1,"name":"Home","item":"https:\/\/elfsight.com\/de\/"},{"@type":"ListItem","position":2,"name":"AI Chatbot","item":"https:\/\/elfsight.com\/de\/ai-chatbot-widget\/"},{"@type":"ListItem","position":3,"name":"AI Chatbot &#8211; Google Sites"}]},{"@type":"WebSite","@id":"https:\/\/elfsight.com\/de\/#website","url":"https:\/\/elfsight.com\/de\/","name":"Elfsight DE","description":"Just another Elfsight Sites site","potentialAction":[{"@type":"SearchAction","target":{"@type":"EntryPoint","urlTemplate":"https:\/\/elfsight.com\/de\/?s={search_term_string}"},"query-input":{"@type":"PropertyValueSpecification","valueRequired":true,"valueName":"search_term_string"}}],"inLanguage":"de"}]}},"meta_box":{"industry":"","seo_heading":"","heading":"","description":"","cta_heading":"","cta_description":"","application":"23425","h1":"F\u00fcge den AI Chatbot zu deiner Google Sites-Website hinzu","h1_caption":"Erstelle den besten AI Chatbot, speziell auf deine Gesch\u00e4ftsdaten trainiert, um den Kundensupport zu automatisieren, Leads zu erfassen und sofortige, pr\u00e4zise Antworten auf der Google Sites-Website zu liefern \u2013 24\/7.","application_category":[],"applications_title":"","applications_request_title":"","applications_request_button_text":"","hero_text":"","hero_video":"","hero_video_schema_markup":"","selling_points_title":"","selling_points_caption":"","selling_points":[],"selling_points_cta_text":"","features_title":"","features":"","ed_cta_examples_text":"","ed_cta_examples_hidden":"","ed_cta_demo_text":"","ed_cta_demo_hidden":"","why_caption":"","why_editor_title":"","why_editor_text":"","why_team_title":"","why_team_text":"","why_service_title":"","why_service_text":"","template_catalog_visible":"","template_catalog_title":"","template_catalog_text":"","template_catalog_categories_visible":"","demo_title":"Erstelle dein AI Chatbot-Plugin","demo_caption":"Konfiguriere den AI Chatbot und f\u00fcge ihn kostenlos zu deiner Google Sites-Website hinzu!","default_faq_hidden":"","app_template_category":[],"platform":"3000","template_public_id":"","codecanyon_url":"","codecanyon_item_id":"","codecanyon_price":"","pricing_caption":"","pricing_elfsight_apps_hide_column":"","pricing_elfsight_apps_url":"","pricing_codecanyon_price_caption":"","integration_category":[],"integration_request_title":"","integration_request_cta":"","integration_platform":"","integrations":[],"platform_category":[],"video_schema_markup":"","price":"ab $0 \/ Monat","trial":"","benefits":[{"text":"Kostenlose Installationshilfe"},{"text":"Effektiver Kundenservice"},{"text":"14-Tage R\u00fcckerstattungs-Garantie"},{"text":"Kontinuierliche kostenlose Updates"},{"text":""}],"button_url":"#demo","button_target_blank":"","button_nofollow":"","attributes":[{"name":"Installationen","content":"50,000 - 100,000"},{"name":"Reaktionsschnell","content":"Ja"},{"name":"Kompatible Browser","content":"Firefox, Safari, Opera, Chrome, Edge"}],"tags":[],"tags_disable_links":"","hide_more_platforms":"","video_object":"","demo_hide_cta":"","demo_hide_cloud_options":"","pricing_title":"","pricing":[{"pricing_icon":"platform","pricing_title":"Elfsight Apps","pricing_title_caption":"Mehrplattform-Version, die f\u00fcr jede Website geeignet ist","pricing_price":"ab $0 \/ Monat","pricing_price_caption":"Starte mit einem kostenlosen Plan","pricing_benefits":[{"text":"Unbegrenzte Websites"},{"text":"Premium-Unternehmenssupport"},{"text":"Kostenloser Installationsservice"},{"text":"100 % anpassbar"}],"pricing_button_text":"Zur Website hinzuf\u00fcgen","pricing_button_url":"#demo"}],"related_apps_title":"","related_apps_hidden":"","author":"","image":[],"title":"","job":"","social_networks":[]},"_links":{"self":[{"href":"https:\/\/elfsight.com\/de\/wp-json\/wp\/v2\/pages\/23817","targetHints":{"allow":["GET"]}}],"collection":[{"href":"https:\/\/elfsight.com\/de\/wp-json\/wp\/v2\/pages"}],"about":[{"href":"https:\/\/elfsight.com\/de\/wp-json\/wp\/v2\/types\/page"}],"author":[{"embeddable":true,"href":"https:\/\/elfsight.com\/de\/wp-json\/wp\/v2\/users\/9"}],"replies":[{"embeddable":true,"href":"https:\/\/elfsight.com\/de\/wp-json\/wp\/v2\/comments?post=23817"}],"version-history":[{"count":1,"href":"https:\/\/elfsight.com\/de\/wp-json\/wp\/v2\/pages\/23817\/revisions"}],"predecessor-version":[{"id":23821,"href":"https:\/\/elfsight.com\/de\/wp-json\/wp\/v2\/pages\/23817\/revisions\/23821"}],"up":[{"embeddable":true,"href":"https:\/\/elfsight.com\/de\/wp-json\/wp\/v2\/pages\/23426"}],"wp:attachment":[{"href":"https:\/\/elfsight.com\/de\/wp-json\/wp\/v2\/media?parent=23817"}],"curies":[{"name":"wp","href":"https:\/\/api.w.org\/{rel}","templated":true}]}}