{"id":23816,"date":"2024-12-28T08:12:46","date_gmt":"2024-12-28T08:12:46","guid":{"rendered":"https:\/\/elfsight.com\/de\/?page_id=23816"},"modified":"2025-07-08T09:39:59","modified_gmt":"2025-07-08T09:39:59","slug":"iframe","status":"publish","type":"page","link":"https:\/\/elfsight.com\/de\/ai-chatbot-widget\/iframe\/","title":{"rendered":"AI Chatbot &#8211; iFrame"},"content":{"rendered":"<div class=\"application-platform-content-item-description application-platform-content-item\" id=\"description\" data-nav-section=\"description\"><h2>AI-Chatbot in iFrame mit Elfsight-Widget einbinden!<\/h2> <p>Erstellen Sie einen herausragenden AI-Chatbot f\u00fcr Ihre iFrame-Website, der speziell auf Ihre Wissensdatenbank, Support-Dateien oder h\u00e4ufig gestellte Fragen trainiert wurde. Erm\u00f6glichen Sie es ihm, zu lernen und sich weiterzuentwickeln, um personalisierte Nachrichten zu senden und die Benutzerbindung t\u00e4glich zu verbessern.<\/p> <p>Automatisieren Sie problemlos Kundenservice-Aufgaben, verringern Sie die Antwortzeiten und generieren Sie effizient Leads ohne manuellen Aufwand. Bieten Sie ununterbrochene Unterst\u00fctzung und garantieren Sie den Kunden jederzeit und von jedem Ort aus die Informationen, die sie ben\u00f6tigen!<\/p> <p><b>F\u00fcgen Sie einen AI-Assistenten hinzu, der schnelle Antworten liefert, Bedenken l\u00f6st und Ihre Verk\u00e4ufe steigert!<\/b><\/p> <\/div><div class=\"application-platform-content-item-features application-platform-content-item\" id=\"features\" data-nav-section=\"features\"> <h2>Dies sind nur einige der leistungsstarken Widget-Funktionen:<\/h2> <ul><li><b>Automatisieren Sie Ihre Kundeninteraktionen.<\/b> Optimieren Sie schnelle Antworten, garantieren Sie rund um die Uhr Unterst\u00fctzung und steigern Sie die Effizienz mit minimaler Einrichtung \u2013 verwalten Sie unbegrenzt Chats und Benutzer nahtlos!<\/li><li><b>Schaffen Sie eine personalisierte Erfahrung.<\/b> Helfen Sie jedem Kunden, sich besonders zu f\u00fchlen, und schaffen Sie das beste Erlebnis mit personalisierten Antworten, Namensnutzung, Nachverfolgung fr\u00fcherer Gespr\u00e4che und Folgekommunikationen.<\/li><li><b>Trainieren Sie den Chatbot mit Unternehmensdaten.<\/b> R\u00fcsten Sie den AI-Chatbot mit Ihrem spezifischen Wissen aus, indem Sie Dokumente hochladen, Frage-Antwort-S\u00e4tze erstellen und die Informationen Ihrer Seite f\u00fcr den Instruktionsgenerator nutzen, um korrekte und anwendbare Antworten zu liefern, die auf Ihr Gesch\u00e4ft zugeschnitten sind.<\/li><li><b>Erhalten Sie Kundeninformationen per E-Mail.<\/b> Bleiben Sie informiert und fangen Sie wichtige Einblicke auf, indem Sie vollst\u00e4ndige Chat-Protokolle direkt in Ihrem Posteingang erhalten, einschlie\u00dflich wichtiger Kontaktdaten f\u00fcr Lead-Generierung und Service-Verbesserung.<\/li><li><b>Entdecken Sie eine riesige Auswahl an Vorlagen.<\/b> Richten Sie Ihren AI-Chatbot z\u00fcgig mit unserer Bibliothek von vorgefertigten Vorlagen ein. Sie sind f\u00fcr verschiedene Branchen und Funktionen erstellt und bieten ma\u00dfgeschneiderte Anweisungen f\u00fcr sofortige Ergebnisse.<\/li><\/ul><p><a href=\"#demo\">Erfahren Sie die vollst\u00e4ndige Funktionalit\u00e4t des Widgets im Konfigurator auf dieser Seite<\/a><\/p> <\/div> <div class=\"application-platform-content-item-installation application-platform-content-item\" id=\"installation\" data-nav-section=\"installation\"> <h2>Wie f\u00fcge ich das AI-Chatbot-Widget zu iFrame hinzu?<\/h2> <p>Um den AI-Chatbot auf Ihrer iFrame-Website hinzuzuf\u00fcgen, befolgen Sie diese Schritte:<\/p> <ol><li><b>Personalisieren Sie das Widget.<\/b><br> W\u00e4hlen Sie eine vorgefertigte Vorlage aus, um zu beginnen. Danach k\u00f6nnen Sie den Chatbot trainieren, die Funktionen einrichten und sein Aussehen basierend auf Ihren gesch\u00e4ftlichen Bed\u00fcrfnissen \u00e4ndern.<\/li><li><b>Erhalten Sie den Embed-Code.<\/b><br> Speichern Sie die \u00c4nderungen und kopieren Sie den einzigartigen Installationscode.<\/li><li><b>F\u00fcgen Sie den Code in den Website-Editor ein.<\/b><br> Melden Sie sich im Admin-Bereich Ihrer Website an, f\u00fcgen Sie den Code an der gew\u00fcnschten Stelle ein und laden Sie die Seite neu. Alles erledigt!<\/li> <\/ol><p>Falls Sie auf Anfragen sto\u00dfen oder auf Schwierigkeiten sto\u00dfen, k\u00f6nnen Sie sich jederzeit an unser Support-Team wenden. Unsere Spezialisten helfen Ihnen gerne, alle Probleme mit dem Widget zu l\u00f6sen.<\/p> <div class=\"faq\" data-component=\"FAQ\"><div class=\"faq-item\">\r\n\t\t\t\t\t<div class=\"faq-item-question\">\r\n\t\t\t\t\t\t<h3 class=\"faq-item-question-text\">Wie f\u00fcge ich meine Unternehmensinformationen in das AI-Chatbot-Widget ein?<\/h3>\r\n\r\n\t\t\t\t\t\t<div class=\"faq-item-question-icon\"><\/div>\r\n\t\t\t\t\t<\/div>\r\n\r\n\t\t\t\t\t<div class=\"faq-item-answer\">\r\n\t\t\t\t\t\t<div class=\"faq-item-answer-text\"><p>Um Ihre Daten hochzuladen, gehen Sie zum Men\u00fc &#8222;Training&#8220; und w\u00e4hlen Sie eines der angebotenen Formate: Dokumentdateien, spezifische Frage-Antwort-Paare oder einfache Textbl\u00f6cke.<\/p> <\/div>\r\n\t\t\t\t\t<\/div>\r\n\t\t\t\t<\/div> <div class=\"faq-item\">\r\n\t\t\t\t\t<div class=\"faq-item-question\">\r\n\t\t\t\t\t\t<h3 class=\"faq-item-question-text\">Wie erstelle ich schnelle Antworten f\u00fcr den AI-Chatbot?<\/h3>\r\n\r\n\t\t\t\t\t\t<div class=\"faq-item-question-icon\"><\/div>\r\n\t\t\t\t\t<\/div>\r\n\r\n\t\t\t\t\t<div class=\"faq-item-answer\">\r\n\t\t\t\t\t\t<div class=\"faq-item-answer-text\"><p>Sie k\u00f6nnen diese direkt im Editor des AI-Chatbots im Tab &#8222;Begr\u00fc\u00dfung&#8220; hinzuf\u00fcgen. Dort finden Sie das Feld, in dem Sie einen interessanten Gespr\u00e4chseinstieg oder eine beliebte Anfrage eingeben k\u00f6nnen.<\/p> <\/div>\r\n\t\t\t\t\t<\/div>\r\n\t\t\t\t<\/div> <div class=\"faq-item\">\r\n\t\t\t\t\t<div class=\"faq-item-question\">\r\n\t\t\t\t\t\t<h3 class=\"faq-item-question-text\">Was macht das Elfsight AI-Chatbot-Widget zum besten f\u00fcr meine iFrame-Website?<\/h3>\r\n\r\n\t\t\t\t\t\t<div class=\"faq-item-question-icon\"><\/div>\r\n\t\t\t\t\t<\/div>\r\n\r\n\t\t\t\t\t<div class=\"faq-item-answer\">\r\n\t\t\t\t\t\t<div class=\"faq-item-answer-text\"> <p>Das AI-Chatbot-Widget ist eine codefreie Chat-L\u00f6sung, die von dem fortschrittlichsten AI-Modell unterst\u00fctzt wird und bereit ist, mit den Erkenntnissen Ihres Unternehmens trainiert zu werden. Mit einer benutzerfreundlichen Oberfl\u00e4che und verschiedenen Anpassungsoptionen k\u00f6nnen Sie rund um die Uhr Kundenservice mit einer personalisierten Erfahrung bieten und immer informiert bleiben mit fortlaufenden Berichten. Erleben Sie selbst, wie einfach und schnell es mit Elfsight sein kann!<\/p> <\/div>\r\n\t\t\t\t\t<\/div>\r\n\t\t\t\t<\/div><\/div><\/div> ","protected":false},"excerpt":{"rendered":"","protected":false},"author":9,"featured_media":0,"parent":23426,"menu_order":0,"comment_status":"closed","ping_status":"closed","template":"templates\/template-application-platform.php","meta":{"publish_to_discourse":"","publish_post_category":"","wpdc_auto_publish_overridden":"","wpdc_topic_tags":"","wpdc_pin_topic":"","wpdc_pin_until":"","discourse_post_id":"","discourse_permalink":"","wpdc_publishing_response":"","wpdc_publishing_error":"","footnotes":""},"class_list":["post-23816","page","type-page","status-publish","hentry"],"yoast_head":"<!-- This site is optimized with the Yoast SEO plugin v25.3.1 - https:\/\/yoast.com\/wordpress\/plugins\/seo\/ -->\n<title>iFrame AI Chatbot-Widget \u2013 F\u00fcge AI Chatbot zu iFrame hinzu [KOSTENLOS]<\/title>\n<meta name=\"description\" content=\"F\u00fcge das beste AI Chatbot-Widget zu deiner iFrame-Website hinzu, ganz ohne Programmierung. Vereinfache den Kundensupport mit einer schnellen Einbettung!\" \/>\n<meta name=\"robots\" content=\"index, follow, max-snippet:-1, max-image-preview:large, max-video-preview:-1\" \/>\n<link rel=\"canonical\" href=\"https:\/\/elfsight.com\/de\/ai-chatbot-widget\/iframe\/\" \/>\n<meta property=\"og:locale\" content=\"de_DE\" \/>\n<meta property=\"og:type\" content=\"article\" \/>\n<meta property=\"og:title\" content=\"iFrame AI Chatbot-Widget \u2013 F\u00fcge AI Chatbot zu iFrame hinzu [KOSTENLOS]\" \/>\n<meta property=\"og:description\" content=\"F\u00fcge das beste AI Chatbot-Widget zu deiner iFrame-Website hinzu, ganz ohne Programmierung. Vereinfache den Kundensupport mit einer schnellen Einbettung!\" \/>\n<meta property=\"og:url\" content=\"https:\/\/elfsight.com\/de\/ai-chatbot-widget\/iframe\/\" \/>\n<meta property=\"og:site_name\" content=\"Elfsight DE\" \/>\n<meta property=\"article:modified_time\" content=\"2025-07-08T09:39:59+00:00\" \/>\n<meta name=\"twitter:card\" content=\"summary_large_image\" \/>\n<meta name=\"twitter:label1\" content=\"Gesch\u00e4tzte Lesezeit\" \/>\n\t<meta name=\"twitter:data1\" content=\"3\u00a0Minuten\" \/>\n<!-- \/ Yoast SEO plugin. -->","yoast_head_json":{"title":"iFrame AI Chatbot-Widget \u2013 F\u00fcge AI Chatbot zu iFrame hinzu [KOSTENLOS]","description":"F\u00fcge das beste AI Chatbot-Widget zu deiner iFrame-Website hinzu, ganz ohne Programmierung. Vereinfache den Kundensupport mit einer schnellen Einbettung!","robots":{"index":"index","follow":"follow","max-snippet":"max-snippet:-1","max-image-preview":"max-image-preview:large","max-video-preview":"max-video-preview:-1"},"canonical":"https:\/\/elfsight.com\/de\/ai-chatbot-widget\/iframe\/","og_locale":"de_DE","og_type":"article","og_title":"iFrame AI Chatbot-Widget \u2013 F\u00fcge AI Chatbot zu iFrame hinzu [KOSTENLOS]","og_description":"F\u00fcge das beste AI Chatbot-Widget zu deiner iFrame-Website hinzu, ganz ohne Programmierung. Vereinfache den Kundensupport mit einer schnellen Einbettung!","og_url":"https:\/\/elfsight.com\/de\/ai-chatbot-widget\/iframe\/","og_site_name":"Elfsight DE","article_modified_time":"2025-07-08T09:39:59+00:00","twitter_card":"summary_large_image","twitter_misc":{"Gesch\u00e4tzte Lesezeit":"3\u00a0Minuten"},"schema":{"@context":"https:\/\/schema.org","@graph":[{"@type":"WebPage","@id":"https:\/\/elfsight.com\/de\/ai-chatbot-widget\/iframe\/","url":"https:\/\/elfsight.com\/de\/ai-chatbot-widget\/iframe\/","name":"iFrame AI Chatbot-Widget \u2013 F\u00fcge AI Chatbot zu iFrame hinzu [KOSTENLOS]","isPartOf":{"@id":"https:\/\/elfsight.com\/de\/#website"},"datePublished":"2024-12-28T08:12:46+00:00","dateModified":"2025-07-08T09:39:59+00:00","description":"F\u00fcge das beste AI Chatbot-Widget zu deiner iFrame-Website hinzu, ganz ohne Programmierung. Vereinfache den Kundensupport mit einer schnellen Einbettung!","breadcrumb":{"@id":"https:\/\/elfsight.com\/de\/ai-chatbot-widget\/iframe\/#breadcrumb"},"inLanguage":"de","potentialAction":[{"@type":"ReadAction","target":["https:\/\/elfsight.com\/de\/ai-chatbot-widget\/iframe\/"]}]},{"@type":"BreadcrumbList","@id":"https:\/\/elfsight.com\/de\/ai-chatbot-widget\/iframe\/#breadcrumb","itemListElement":[{"@type":"ListItem","position":1,"name":"Home","item":"https:\/\/elfsight.com\/de\/"},{"@type":"ListItem","position":2,"name":"AI Chatbot","item":"https:\/\/elfsight.com\/de\/ai-chatbot-widget\/"},{"@type":"ListItem","position":3,"name":"AI Chatbot &#8211; iFrame"}]},{"@type":"WebSite","@id":"https:\/\/elfsight.com\/de\/#website","url":"https:\/\/elfsight.com\/de\/","name":"Elfsight DE","description":"Just another Elfsight Sites site","potentialAction":[{"@type":"SearchAction","target":{"@type":"EntryPoint","urlTemplate":"https:\/\/elfsight.com\/de\/?s={search_term_string}"},"query-input":{"@type":"PropertyValueSpecification","valueRequired":true,"valueName":"search_term_string"}}],"inLanguage":"de"}]}},"meta_box":{"industry":"","seo_heading":"","heading":"","description":"","cta_heading":"","cta_description":"","application":"23425","h1":"F\u00fcge den AI Chatbot zu deiner iFrame-Website hinzu","h1_caption":"Erstelle den besten AI Chatbot, speziell auf deine Gesch\u00e4ftsdaten trainiert, um den Kundensupport zu automatisieren, Leads zu erfassen und sofortige, pr\u00e4zise Antworten auf der iFrame-Website zu liefern \u2013 24\/7.","application_category":[],"applications_title":"","applications_request_title":"","applications_request_button_text":"","hero_text":"","hero_video":"","hero_video_schema_markup":"","selling_points_title":"","selling_points_caption":"","selling_points":[],"selling_points_cta_text":"","features_title":"","features":"","ed_cta_examples_text":"","ed_cta_examples_hidden":"","ed_cta_demo_text":"","ed_cta_demo_hidden":"","why_caption":"","why_editor_title":"","why_editor_text":"","why_team_title":"","why_team_text":"","why_service_title":"","why_service_text":"","template_catalog_visible":"","template_catalog_title":"","template_catalog_text":"","template_catalog_categories_visible":"","demo_title":"Erstelle dein AI Chatbot-Widget","demo_caption":"Konfiguriere den AI Chatbot und f\u00fcge ihn kostenlos zu deiner iFrame-Website hinzu!","default_faq_hidden":"","app_template_category":[],"platform":"240","template_public_id":"","codecanyon_url":"","codecanyon_item_id":"","codecanyon_price":"","pricing_caption":"","pricing_elfsight_apps_hide_column":"","pricing_elfsight_apps_url":"","pricing_codecanyon_price_caption":"","integration_category":[],"integration_request_title":"","integration_request_cta":"","integration_platform":"","integrations":[],"platform_category":[],"video_schema_markup":"","price":"ab $0 \/ Monat","trial":"","benefits":[{"text":"Kostenloser Installationsservice"},{"text":"Ausgezeichneter Support"},{"text":"14-Tage R\u00fcckerstattungs-Garantie"},{"text":"Laufende kostenlose Updates"},{"text":""}],"button_url":"#demo","button_target_blank":"","button_nofollow":"","attributes":[{"name":"Installationen","content":"50,000 - 100,000"},{"name":"Reaktionsschnell","content":"Ja"},{"name":"Kompatible Browser","content":"Firefox, Safari, Opera, Chrome, Edge"}],"tags":[],"tags_disable_links":"","hide_more_platforms":"","video_object":"","demo_hide_cta":"","demo_hide_cloud_options":"","pricing_title":"","pricing":[{"pricing_icon":"platform","pricing_title":"Elfsight Apps","pricing_title_caption":"Mehrplattform-Version, die f\u00fcr jede Website geeignet ist","pricing_price":"ab $0 \/ Monat","pricing_price_caption":"Starte mit einem kostenlosen Plan","pricing_benefits":[{"text":"Unbegrenzte Websites"},{"text":"Engagierter und p\u00fcnktlicher Support"},{"text":"Kostenlose Installationsunterst\u00fctzung"},{"text":"Vollst\u00e4ndig anpassbar"}],"pricing_button_text":"Zur Website hinzuf\u00fcgen","pricing_button_url":"#demo"}],"related_apps_title":"","related_apps_hidden":"","author":"","image":[],"title":"","job":"","social_networks":[]},"_links":{"self":[{"href":"https:\/\/elfsight.com\/de\/wp-json\/wp\/v2\/pages\/23816","targetHints":{"allow":["GET"]}}],"collection":[{"href":"https:\/\/elfsight.com\/de\/wp-json\/wp\/v2\/pages"}],"about":[{"href":"https:\/\/elfsight.com\/de\/wp-json\/wp\/v2\/types\/page"}],"author":[{"embeddable":true,"href":"https:\/\/elfsight.com\/de\/wp-json\/wp\/v2\/users\/9"}],"replies":[{"embeddable":true,"href":"https:\/\/elfsight.com\/de\/wp-json\/wp\/v2\/comments?post=23816"}],"version-history":[{"count":1,"href":"https:\/\/elfsight.com\/de\/wp-json\/wp\/v2\/pages\/23816\/revisions"}],"predecessor-version":[{"id":23820,"href":"https:\/\/elfsight.com\/de\/wp-json\/wp\/v2\/pages\/23816\/revisions\/23820"}],"up":[{"embeddable":true,"href":"https:\/\/elfsight.com\/de\/wp-json\/wp\/v2\/pages\/23426"}],"wp:attachment":[{"href":"https:\/\/elfsight.com\/de\/wp-json\/wp\/v2\/media?parent=23816"}],"curies":[{"name":"wp","href":"https:\/\/api.w.org\/{rel}","templated":true}]}}