{"id":23811,"date":"2024-12-28T08:21:20","date_gmt":"2024-12-28T08:21:20","guid":{"rendered":"https:\/\/elfsight.com\/de\/?page_id=23811"},"modified":"2025-07-08T09:40:11","modified_gmt":"2025-07-08T09:40:11","slug":"joomla","status":"publish","type":"page","link":"https:\/\/elfsight.com\/de\/ai-chatbot-widget\/joomla\/","title":{"rendered":"AI Chatbot &#8211; Joomla"},"content":{"rendered":"<div class=\"application-platform-content-item-description application-platform-content-item\" id=\"description\" data-nav-section=\"description\"><h2>AI-Chatbot in Joomla mit Elfsight-Widget einbinden!<\/h2> <p>Erstellen Sie einen fortschrittlichen AI-Chatbot f\u00fcr Ihre Joomla-Website, der speziell auf Ihre Wissensdatenbank, Support-Materialien oder h\u00e4ufig gestellte Fragen trainiert wurde. Lassen Sie ihn lernen und sich entwickeln, um personalisierte Nachrichten zu liefern, die das Benutzererlebnis t\u00e4glich verbessern.<\/p> <p>Automatisieren Sie problemlos Kundenservice-Aufgaben, reduzieren Sie die Reaktionszeiten und generieren Sie effizient Leads ohne manuelle Arbeit. Bieten Sie rund um die Uhr Unterst\u00fctzung, damit Kunden jederzeit und von jedem Ort aus die Informationen erhalten, die sie ben\u00f6tigen!<\/p> <p><b>F\u00fcgen Sie einen AI-Assistenten hinzu, der sofort Antworten gibt, Bedenken l\u00f6st und Ihre Verk\u00e4ufe steigert!<\/b><\/p> <\/div><div class=\"application-platform-content-item-features application-platform-content-item\" id=\"features\" data-nav-section=\"features\"> <h2>Wir bieten praktische und unkomplizierte Funktionen, hier einige davon:<\/h2> <ul><li><b>Automatisieren Sie Ihre Kundenkommunikation.<\/b> Optimieren Sie schnelle Antworten, bieten Sie den ganzen Tag \u00fcber Unterst\u00fctzung und steigern Sie die Effizienz mit minimaler Konfiguration \u2013 verwalten Sie unbegrenzt Chats und Benutzer nahtlos!<\/li><li><b>Schaffen Sie eine personalisierte Erfahrung.<\/b> Lassen Sie jeden Kunden sich gesch\u00e4tzt f\u00fchlen und erstellen Sie das beste Erlebnis mit personalisierten Antworten, indem Sie ihre Namen verwenden, fr\u00fchere Gespr\u00e4che nachverfolgen und Folgekommunikationen einf\u00fcgen.<\/li><li><b>Trainieren Sie den Chatbot mit Unternehmensdaten.<\/b> Statten Sie den AI-Chatbot mit spezifischem Wissen aus, indem Sie Materialien hochladen, einschlie\u00dflich Frage-Antwort-S\u00e4tzen, und die Informationen Ihrer Seite f\u00fcr den Instruktionsgenerator nutzen, um korrekte und anwendbare Antworten zu liefern, die auf Ihr Gesch\u00e4ft zugeschnitten sind.<\/li><li><b>Erhalten Sie Kundeninformationen per E-Mail.<\/b> Bleiben Sie auf dem neuesten Stand und fangen Sie wertvolle Einblicke auf, indem Sie vollst\u00e4ndige Chat-Protokolle in Ihrem Posteingang erhalten, die wichtige Kontaktdaten f\u00fcr Lead-Generierung und Serviceverbesserung enthalten.<\/li><li><b>Entdecken Sie eine umfangreiche Auswahl an Vorlagen.<\/b> Richten Sie Ihren AI-Chatbot schnell mit unserer Bibliothek fertiger Vorlagen ein. Diese decken verschiedene Branchen und Funktionen ab und bieten ma\u00dfgeschneiderte Anweisungen f\u00fcr sofortigen Erfolg.<\/li><\/ul><p><a href=\"#demo\">\u00dcberpr\u00fcfen Sie einfach diesen Konfigurator, um zu sehen, was das Widget wert ist<\/a><\/p> <\/div> <div class=\"application-platform-content-item-installation application-platform-content-item\" id=\"installation\" data-nav-section=\"installation\"> <h2>Wie f\u00fcge ich das AI-Chatbot-Plugin zu Joomla hinzu?<\/h2> <p>Um das AI-Chatbot auf Ihrer Joomla-Website einzubetten, folgen Sie diesen Schritten:<\/p> <ol><li><b>Personalisieren Sie das Widget.<\/b><br> W\u00e4hlen Sie eine verf\u00fcgbare Vorlage, um zu beginnen. Danach k\u00f6nnen Sie den Chatbot trainieren, die Funktionen einrichten und sein Aussehen basierend auf Ihren Gesch\u00e4ftszielen \u00e4ndern.<\/li><li><b>Generieren Sie den Embed-Code.<\/b><br> Speichern Sie das Endergebnis und kopieren Sie den generierten Installationscode.<\/li><li><b>F\u00fcgen Sie den Code in den Website-Editor ein.<\/b><br> Melden Sie sich im Admin-Dashboard Ihrer Website an, f\u00fcgen Sie den Shortcode in den entsprechenden Abschnitt ein und aktualisieren Sie die Seite. Fertig!<\/li> <\/ol><p>Bei Fragen oder Problemen wenden Sie sich bitte an unser Support-Team. Unsere Spezialisten stehen bereit, um alle Probleme zu l\u00f6sen, die Sie mit der Erweiterung haben k\u00f6nnten.<\/p> <div class=\"faq\" data-component=\"FAQ\"><div class=\"faq-item\">\r\n\t\t\t\t\t<div class=\"faq-item-question\">\r\n\t\t\t\t\t\t<h3 class=\"faq-item-question-text\">Wie kann ich meine Unternehmensinformationen in die AI-Chatbot-Erweiterung einf\u00fcgen?<\/h3>\r\n\r\n\t\t\t\t\t\t<div class=\"faq-item-question-icon\"><\/div>\r\n\t\t\t\t\t<\/div>\r\n\r\n\t\t\t\t\t<div class=\"faq-item-answer\">\r\n\t\t\t\t\t\t<div class=\"faq-item-answer-text\"><p>Um Ihre Daten hochzuladen, \u00f6ffnen Sie das Men\u00fc &#8222;Training&#8220; und w\u00e4hlen Sie eines der verf\u00fcgbaren Formate: Dokumentdateien, spezifische Frage-Antwort-S\u00e4tze oder einfache Textbl\u00f6cke.<\/p> <\/div>\r\n\t\t\t\t\t<\/div>\r\n\t\t\t\t<\/div> <div class=\"faq-item\">\r\n\t\t\t\t\t<div class=\"faq-item-question\">\r\n\t\t\t\t\t\t<h3 class=\"faq-item-question-text\">Wie erstelle ich schnelle Antworten f\u00fcr den AI-Chatbot?<\/h3>\r\n\r\n\t\t\t\t\t\t<div class=\"faq-item-question-icon\"><\/div>\r\n\t\t\t\t\t<\/div>\r\n\r\n\t\t\t\t\t<div class=\"faq-item-answer\">\r\n\t\t\t\t\t\t<div class=\"faq-item-answer-text\"><p>Sie k\u00f6nnen diese direkt im Konfigurator des AI-Chatbots im Tab &#8222;Begr\u00fc\u00dfung&#8220; hinzuf\u00fcgen. Sie finden das Feld, in dem Sie einen interessanten Gespr\u00e4chseinstieg oder h\u00e4ufig gestellte Fragen einf\u00fcgen k\u00f6nnen.<\/p> <\/div>\r\n\t\t\t\t\t<\/div>\r\n\t\t\t\t<\/div> <div class=\"faq-item\">\r\n\t\t\t\t\t<div class=\"faq-item-question\">\r\n\t\t\t\t\t\t<h3 class=\"faq-item-question-text\">Was macht die Elfsight AI-Chatbot-Erweiterung zur besten?<\/h3>\r\n\r\n\t\t\t\t\t\t<div class=\"faq-item-question-icon\"><\/div>\r\n\t\t\t\t\t<\/div>\r\n\r\n\t\t\t\t\t<div class=\"faq-item-answer\">\r\n\t\t\t\t\t\t<div class=\"faq-item-answer-text\"> <p>Die AI-Chatbot-Erweiterung ist eine codefreie Chat-L\u00f6sung, die auf dem neuesten AI-Modell basiert und bereit ist, mit den Unternehmensdaten Ihres Unternehmens trainiert zu werden. Mit einer benutzerfreundlichen Oberfl\u00e4che und zahlreichen Anpassungsoptionen k\u00f6nnen Sie rund um die Uhr Kundenservice mit einer personalisierten Erfahrung bieten und immer informiert bleiben mit fortlaufenden Berichten. Erleben Sie selbst, wie bequem und schnell es mit Elfsight sein kann!<\/p> <\/div>\r\n\t\t\t\t\t<\/div>\r\n\t\t\t\t<\/div><\/div><\/div> ","protected":false},"excerpt":{"rendered":"","protected":false},"author":9,"featured_media":0,"parent":23426,"menu_order":0,"comment_status":"closed","ping_status":"closed","template":"templates\/template-application-platform.php","meta":{"publish_to_discourse":"","publish_post_category":"","wpdc_auto_publish_overridden":"","wpdc_topic_tags":"","wpdc_pin_topic":"","wpdc_pin_until":"","discourse_post_id":"","discourse_permalink":"","wpdc_publishing_response":"","wpdc_publishing_error":"","footnotes":""},"class_list":["post-23811","page","type-page","status-publish","hentry"],"yoast_head":"<!-- This site is optimized with the Yoast SEO plugin v25.3.1 - https:\/\/yoast.com\/wordpress\/plugins\/seo\/ -->\n<title>Joomla AI Chatbot-Erweiterung \u2013 F\u00fcge AI Chatbot zu Joomla hinzu [KOSTENLOS]<\/title>\n<meta name=\"description\" content=\"F\u00fcge die beste AI Chatbot-Erweiterung zu deiner Joomla-Website hinzu, ganz ohne Programmierung. Automatisiere den Kundenservice mit einer schnellen Einbettung!\" \/>\n<meta name=\"robots\" content=\"index, follow, max-snippet:-1, max-image-preview:large, max-video-preview:-1\" \/>\n<link rel=\"canonical\" href=\"https:\/\/elfsight.com\/de\/ai-chatbot-widget\/joomla\/\" \/>\n<meta property=\"og:locale\" content=\"de_DE\" \/>\n<meta property=\"og:type\" content=\"article\" \/>\n<meta property=\"og:title\" content=\"Joomla AI Chatbot-Erweiterung \u2013 F\u00fcge AI Chatbot zu Joomla hinzu [KOSTENLOS]\" \/>\n<meta property=\"og:description\" content=\"F\u00fcge die beste AI Chatbot-Erweiterung zu deiner Joomla-Website hinzu, ganz ohne Programmierung. Automatisiere den Kundenservice mit einer schnellen Einbettung!\" \/>\n<meta property=\"og:url\" content=\"https:\/\/elfsight.com\/de\/ai-chatbot-widget\/joomla\/\" \/>\n<meta property=\"og:site_name\" content=\"Elfsight DE\" \/>\n<meta property=\"article:modified_time\" content=\"2025-07-08T09:40:11+00:00\" \/>\n<meta name=\"twitter:card\" content=\"summary_large_image\" \/>\n<meta name=\"twitter:label1\" content=\"Gesch\u00e4tzte Lesezeit\" \/>\n\t<meta name=\"twitter:data1\" content=\"3\u00a0Minuten\" \/>\n<!-- \/ Yoast SEO plugin. -->","yoast_head_json":{"title":"Joomla AI Chatbot-Erweiterung \u2013 F\u00fcge AI Chatbot zu Joomla hinzu [KOSTENLOS]","description":"F\u00fcge die beste AI Chatbot-Erweiterung zu deiner Joomla-Website hinzu, ganz ohne Programmierung. Automatisiere den Kundenservice mit einer schnellen Einbettung!","robots":{"index":"index","follow":"follow","max-snippet":"max-snippet:-1","max-image-preview":"max-image-preview:large","max-video-preview":"max-video-preview:-1"},"canonical":"https:\/\/elfsight.com\/de\/ai-chatbot-widget\/joomla\/","og_locale":"de_DE","og_type":"article","og_title":"Joomla AI Chatbot-Erweiterung \u2013 F\u00fcge AI Chatbot zu Joomla hinzu [KOSTENLOS]","og_description":"F\u00fcge die beste AI Chatbot-Erweiterung zu deiner Joomla-Website hinzu, ganz ohne Programmierung. Automatisiere den Kundenservice mit einer schnellen Einbettung!","og_url":"https:\/\/elfsight.com\/de\/ai-chatbot-widget\/joomla\/","og_site_name":"Elfsight DE","article_modified_time":"2025-07-08T09:40:11+00:00","twitter_card":"summary_large_image","twitter_misc":{"Gesch\u00e4tzte Lesezeit":"3\u00a0Minuten"},"schema":{"@context":"https:\/\/schema.org","@graph":[{"@type":"WebPage","@id":"https:\/\/elfsight.com\/de\/ai-chatbot-widget\/joomla\/","url":"https:\/\/elfsight.com\/de\/ai-chatbot-widget\/joomla\/","name":"Joomla AI Chatbot-Erweiterung \u2013 F\u00fcge AI Chatbot zu Joomla hinzu [KOSTENLOS]","isPartOf":{"@id":"https:\/\/elfsight.com\/de\/#website"},"datePublished":"2024-12-28T08:21:20+00:00","dateModified":"2025-07-08T09:40:11+00:00","description":"F\u00fcge die beste AI Chatbot-Erweiterung zu deiner Joomla-Website hinzu, ganz ohne Programmierung. Automatisiere den Kundenservice mit einer schnellen Einbettung!","breadcrumb":{"@id":"https:\/\/elfsight.com\/de\/ai-chatbot-widget\/joomla\/#breadcrumb"},"inLanguage":"de","potentialAction":[{"@type":"ReadAction","target":["https:\/\/elfsight.com\/de\/ai-chatbot-widget\/joomla\/"]}]},{"@type":"BreadcrumbList","@id":"https:\/\/elfsight.com\/de\/ai-chatbot-widget\/joomla\/#breadcrumb","itemListElement":[{"@type":"ListItem","position":1,"name":"Home","item":"https:\/\/elfsight.com\/de\/"},{"@type":"ListItem","position":2,"name":"AI Chatbot","item":"https:\/\/elfsight.com\/de\/ai-chatbot-widget\/"},{"@type":"ListItem","position":3,"name":"AI Chatbot &#8211; Joomla"}]},{"@type":"WebSite","@id":"https:\/\/elfsight.com\/de\/#website","url":"https:\/\/elfsight.com\/de\/","name":"Elfsight DE","description":"Just another Elfsight Sites site","potentialAction":[{"@type":"SearchAction","target":{"@type":"EntryPoint","urlTemplate":"https:\/\/elfsight.com\/de\/?s={search_term_string}"},"query-input":{"@type":"PropertyValueSpecification","valueRequired":true,"valueName":"search_term_string"}}],"inLanguage":"de"}]}},"meta_box":{"industry":"","seo_heading":"","heading":"","description":"","cta_heading":"","cta_description":"","application":"23425","h1":"F\u00fcge den AI Chatbot zu deiner Joomla-Website hinzu","h1_caption":"Erstelle den besten AI Chatbot, speziell auf deine Gesch\u00e4ftsdaten trainiert, um den Kundensupport zu automatisieren, Leads zu erfassen und sofortige, pr\u00e4zise Antworten auf der Joomla-Website zu liefern \u2013 24\/7.","application_category":[],"applications_title":"","applications_request_title":"","applications_request_button_text":"","hero_text":"","hero_video":"","hero_video_schema_markup":"","selling_points_title":"","selling_points_caption":"","selling_points":[],"selling_points_cta_text":"","features_title":"","features":"","ed_cta_examples_text":"","ed_cta_examples_hidden":"","ed_cta_demo_text":"","ed_cta_demo_hidden":"","why_caption":"","why_editor_title":"","why_editor_text":"","why_team_title":"","why_team_text":"","why_service_title":"","why_service_text":"","template_catalog_visible":"","template_catalog_title":"","template_catalog_text":"","template_catalog_categories_visible":"","demo_title":"Erstelle deine AI Chatbot-Erweiterung","demo_caption":"Konfiguriere den AI Chatbot und f\u00fcge ihn kostenlos zu deiner Joomla-Website hinzu!","default_faq_hidden":"","app_template_category":[],"platform":"259","template_public_id":"","codecanyon_url":"","codecanyon_item_id":"","codecanyon_price":"","pricing_caption":"","pricing_elfsight_apps_hide_column":"","pricing_elfsight_apps_url":"","pricing_codecanyon_price_caption":"","integration_category":[],"integration_request_title":"","integration_request_cta":"","integration_platform":"","integrations":[],"platform_category":[],"video_schema_markup":"","price":"ab $0 \/ Monat","trial":"","benefits":[{"text":"Kostenloser Installationsservice"},{"text":"Ausgezeichneter Support"},{"text":"14-Tage R\u00fcckerstattungs-Garantie"},{"text":"Kontinuierliche kostenlose Verbesserungen"},{"text":""}],"button_url":"#demo","button_target_blank":"","button_nofollow":"","attributes":[{"name":"Installationen","content":"50,000 - 100,000"},{"name":"Reaktionsschnell","content":"Ja"},{"name":"Kompatible Browser","content":"Firefox, Safari, Opera, Chrome, Edge"}],"tags":[],"tags_disable_links":"","hide_more_platforms":"","video_object":"","demo_hide_cta":"","demo_hide_cloud_options":"","pricing_title":"","pricing":[{"pricing_icon":"platform","pricing_title":"Elfsight Apps","pricing_title_caption":"Plattformunabh\u00e4ngige digitale L\u00f6sung, die f\u00fcr jede Website geeignet ist","pricing_price":"ab $0 \/ Monat","pricing_price_caption":"Starte mit einem kostenlosen Plan","pricing_benefits":[{"text":"Unbegrenzte Websites"},{"text":"Engagierter Unternehmenssupport"},{"text":"Geb\u00fchrenfreier Installationsservice"},{"text":"Flexibles Design"}],"pricing_button_text":"Zur Website hinzuf\u00fcgen","pricing_button_url":"#demo"}],"related_apps_title":"","related_apps_hidden":"","author":"","image":[],"title":"","job":"","social_networks":[]},"_links":{"self":[{"href":"https:\/\/elfsight.com\/de\/wp-json\/wp\/v2\/pages\/23811","targetHints":{"allow":["GET"]}}],"collection":[{"href":"https:\/\/elfsight.com\/de\/wp-json\/wp\/v2\/pages"}],"about":[{"href":"https:\/\/elfsight.com\/de\/wp-json\/wp\/v2\/types\/page"}],"author":[{"embeddable":true,"href":"https:\/\/elfsight.com\/de\/wp-json\/wp\/v2\/users\/9"}],"replies":[{"embeddable":true,"href":"https:\/\/elfsight.com\/de\/wp-json\/wp\/v2\/comments?post=23811"}],"version-history":[{"count":1,"href":"https:\/\/elfsight.com\/de\/wp-json\/wp\/v2\/pages\/23811\/revisions"}],"predecessor-version":[{"id":23815,"href":"https:\/\/elfsight.com\/de\/wp-json\/wp\/v2\/pages\/23811\/revisions\/23815"}],"up":[{"embeddable":true,"href":"https:\/\/elfsight.com\/de\/wp-json\/wp\/v2\/pages\/23426"}],"wp:attachment":[{"href":"https:\/\/elfsight.com\/de\/wp-json\/wp\/v2\/media?parent=23811"}],"curies":[{"name":"wp","href":"https:\/\/api.w.org\/{rel}","templated":true}]}}