{"id":23810,"date":"2024-12-28T08:38:35","date_gmt":"2024-12-28T08:38:35","guid":{"rendered":"https:\/\/elfsight.com\/de\/?page_id=23810"},"modified":"2025-07-08T09:39:42","modified_gmt":"2025-07-08T09:39:42","slug":"godaddy","status":"publish","type":"page","link":"https:\/\/elfsight.com\/de\/ai-chatbot-widget\/godaddy\/","title":{"rendered":"AI Chatbot &#8211; GoDaddy"},"content":{"rendered":"<div class=\"application-platform-content-item-description application-platform-content-item\" id=\"description\" data-nav-section=\"description\"><h2>Embed AI Chatbot auf GoDaddy mit Elfsight-Widget!<\/h2><p>Erstellen Sie einen erstklassigen AI-Chatbot f\u00fcr Ihre GoDaddy-Website, der speziell auf Ihre Wissensdatenbank, Support-Ressourcen oder h\u00e4ufig gestellte Fragen trainiert wurde. Erm\u00f6glichen Sie ihm, zu lernen und sich weiterzuentwickeln, indem er personalisierte Nachrichten liefert, die Ihren Nutzern t\u00e4glich besser dienen.<\/p><p>Automatisieren Sie Kundendienstaufgaben, verk\u00fcrzen Sie Antwortzeiten und generieren Sie erfolgreich Leads ohne manuelle Eingriffe. Bieten Sie 24\/7-Unterst\u00fctzung, sodass Kunden die ben\u00f6tigten Informationen jederzeit und \u00fcberall erhalten!<\/p><p><b>F\u00fcgen Sie einen AI-Assistenten hinzu, um Fragen zu beantworten, Probleme zu l\u00f6sen und Ihre Verk\u00e4ufe zu steigern!<\/b><\/p><\/div><div class=\"application-platform-content-item-features application-platform-content-item\" id=\"features\" data-nav-section=\"features\"><h2>Dies sind nur einige der vielen Widget-Funktionen:<\/h2><ul><li><b>Automatisieren Sie Ihre Kundeninteraktionen.<\/b> Straffen Sie schnelle Antworten, bieten Sie rund um die Uhr Unterst\u00fctzung und erh\u00f6hen Sie die Effizienz mit minimaler Einrichtung \u2013 verwalten Sie unbegrenzt Chats und Nutzer m\u00fchelos!<\/li><li><b>Erstellen Sie eine personalisierte Erfahrung.<\/b> Lassen Sie jeden Kunden sich gesch\u00e4tzt f\u00fchlen und schaffen Sie das beste Erlebnis mit personalisierten Antworten, Namensnennung, Verfolgung des Chatverlaufs und Folge-Nachrichten.<\/li><li><b>Schulen Sie den Chatbot mit Gesch\u00e4ftsdaten.<\/b> St\u00e4rken Sie den AI-Chatbot mit Ihrem spezifischen Wissen, indem Sie Materialien hochladen, einschlie\u00dflich Q&amp;A-Paaren, und den Inhalt Ihrer Website f\u00fcr den Anweisungsgenerator verwenden, um pr\u00e4zise und zutreffende Antworten zu liefern, die auf Ihren Gesch\u00e4ftskontext zugeschnitten sind.<\/li><li><b>Erhalten Sie Kundeninsights in Ihrer E-Mail.<\/b> Bleiben Sie informiert und sammeln Sie wichtige Einblicke, indem Sie vollst\u00e4ndige Chat-Protokolle in Ihrem Posteingang erhalten, einschlie\u00dflich wichtiger Kontaktdaten f\u00fcr Lead-Generierung und Serviceverbesserung.<\/li><li><b>Entdecken Sie eine umfangreiche Auswahl an Vorlagen.<\/b> Setzen Sie Ihren AI-Chatbot schnell mit unserer Bibliothek vorgefertigter Vorlagen ein. Diese sind f\u00fcr verschiedene Sektoren und Funktionen entwickelt, jede mit spezialisierten Anweisungss\u00e4tzen f\u00fcr sofortige Implementierung.<\/li><\/ul><p><a href=\"#demo\">Sie k\u00f6nnen die vollst\u00e4ndigen Funktionen des Widgets im Konfigurator sofort testen<\/a><\/p><\/div><div class=\"application-platform-content-item-installation application-platform-content-item\" id=\"installation\" data-nav-section=\"installation\"><h2>Wie f\u00fcge ich das AI-Chatbot-Plugin zu GoDaddy hinzu?<\/h2><p>So f\u00fcgen Sie das AI-Chatbot auf Ihrer GoDaddy-Website ein:<\/p><ol><li><b>Personalisieren Sie das Widget.<\/b><br> W\u00e4hlen Sie eine einsatzbereite Vorlage aus, um zu beginnen. Danach k\u00f6nnen Sie Ihren Chatbot trainieren, die Funktionen arrangieren und seinen visuellen Stil gem\u00e4\u00df Ihrer Gesch\u00e4ftsziele anpassen.<\/li><li><b>Generieren Sie den Einbettungscode.<\/b><br> Speichern Sie das Ergebnis und kopieren Sie den automatisch generierten Einbettungscode.<\/li><li><b>F\u00fcgen Sie den Code zu Ihrem Website-Builder hinzu.<\/b><br> Melden Sie sich im Admin-Panel Ihrer Website an, f\u00fcgen Sie den Code an die erforderliche Stelle ein und aktualisieren Sie die Seite. Sie sind fertig!<\/li><\/ol><p>Falls Sie auf Fragen oder Hindernisse sto\u00dfen, z\u00f6gern Sie nicht, sich an unseren Kundenservice zu wenden. Unsere Berater freuen sich darauf, alle Fragen zu l\u00f6sen, die Sie mit dem Plugin haben k\u00f6nnten.<\/p><div class=\"faq\" data-component=\"FAQ\"><div class=\"faq-item\">\r\n\t\t\t\t\t<div class=\"faq-item-question\">\r\n\t\t\t\t\t\t<h3 class=\"faq-item-question-text\">Wie kann ich meine Gesch\u00e4ftsinformationen zum AI-Chatbot-Plugin hinzuf\u00fcgen?<\/h3>\r\n\r\n\t\t\t\t\t\t<div class=\"faq-item-question-icon\"><\/div>\r\n\t\t\t\t\t<\/div>\r\n\r\n\t\t\t\t\t<div class=\"faq-item-answer\">\r\n\t\t\t\t\t\t<div class=\"faq-item-answer-text\"><p>Um Ihre Daten hinzuzuf\u00fcgen, \u00f6ffnen Sie den Abschnitt &#8222;Training&#8220; und w\u00e4hlen Sie eines der angebotenen Formate aus: Dokumentdateien, spezifische Q&amp;A-Paare oder einfache Textbl\u00f6cke.<\/p><\/div>\r\n\t\t\t\t\t<\/div>\r\n\t\t\t\t<\/div><div class=\"faq-item\">\r\n\t\t\t\t\t<div class=\"faq-item-question\">\r\n\t\t\t\t\t\t<h3 class=\"faq-item-question-text\">Wie erstelle ich schnelle Antworten f\u00fcr den AI-Chatbot?<\/h3>\r\n\r\n\t\t\t\t\t\t<div class=\"faq-item-question-icon\"><\/div>\r\n\t\t\t\t\t<\/div>\r\n\r\n\t\t\t\t\t<div class=\"faq-item-answer\">\r\n\t\t\t\t\t\t<div class=\"faq-item-answer-text\"><p>Sie k\u00f6nnen diese direkt im Konfigurator des AI-Chatbots im Abschnitt &#8222;Begr\u00fc\u00dfung&#8220; hinzuf\u00fcgen. Dort finden Sie das Feld, in das Sie einen ansprechenden Gespr\u00e4chsstarter oder eine h\u00e4ufig gestellte Frage eingeben k\u00f6nnen.<\/p><\/div>\r\n\t\t\t\t\t<\/div>\r\n\t\t\t\t<\/div><div class=\"faq-item\">\r\n\t\t\t\t\t<div class=\"faq-item-question\">\r\n\t\t\t\t\t\t<h3 class=\"faq-item-question-text\">Was macht das Elfsight AI-Chatbot-Plugin zum besten f\u00fcr meine GoDaddy-Website?<\/h3>\r\n\r\n\t\t\t\t\t\t<div class=\"faq-item-question-icon\"><\/div>\r\n\t\t\t\t\t<\/div>\r\n\r\n\t\t\t\t\t<div class=\"faq-item-answer\">\r\n\t\t\t\t\t\t<div class=\"faq-item-answer-text\"><p>Das AI-Chatbot-Plugin ist eine codefreie Chat-L\u00f6sung, die vom fortschrittlichsten AI-Modell betrieben wird und bereit ist, mit Ihren Gesch\u00e4ftseinblicken trainiert zu werden. Mit einer benutzerfreundlichen Oberfl\u00e4che und zahlreichen Anpassungsoptionen k\u00f6nnen Sie rund um die Uhr Kundensupport mit einer personalisierten Erfahrung bieten und stets mit regelm\u00e4\u00dfigen Berichten informiert bleiben. Sehen Sie selbst, wie einfach und schnell es mit Elfsight sein kann!<\/p><\/div>\r\n\t\t\t\t\t<\/div>\r\n\t\t\t\t<\/div><\/div><\/div>","protected":false},"excerpt":{"rendered":"","protected":false},"author":9,"featured_media":0,"parent":23426,"menu_order":0,"comment_status":"closed","ping_status":"closed","template":"templates\/template-application-platform.php","meta":{"publish_to_discourse":"","publish_post_category":"","wpdc_auto_publish_overridden":"","wpdc_topic_tags":"","wpdc_pin_topic":"","wpdc_pin_until":"","discourse_post_id":"","discourse_permalink":"","wpdc_publishing_response":"","wpdc_publishing_error":"","footnotes":""},"class_list":["post-23810","page","type-page","status-publish","hentry"],"yoast_head":"<!-- This site is optimized with the Yoast SEO plugin v25.3.1 - https:\/\/yoast.com\/wordpress\/plugins\/seo\/ -->\n<title>GoDaddy AI Chatbot-Plugin \u2013 F\u00fcge AI Chatbot zu GoDaddy hinzu [KOSTENLOS]<\/title>\n<meta name=\"description\" content=\"F\u00fcge das beste AI Chatbot-Plugin zu deiner GoDaddy-Website hinzu, ganz ohne Programmierung. Automatisiere den Kundenservice mit einer schnellen Einbettung!\" \/>\n<meta name=\"robots\" content=\"index, follow, max-snippet:-1, max-image-preview:large, max-video-preview:-1\" \/>\n<link rel=\"canonical\" href=\"https:\/\/elfsight.com\/de\/ai-chatbot-widget\/godaddy\/\" \/>\n<meta property=\"og:locale\" content=\"de_DE\" \/>\n<meta property=\"og:type\" content=\"article\" \/>\n<meta property=\"og:title\" content=\"GoDaddy AI Chatbot-Plugin \u2013 F\u00fcge AI Chatbot zu GoDaddy hinzu [KOSTENLOS]\" \/>\n<meta property=\"og:description\" content=\"F\u00fcge das beste AI Chatbot-Plugin zu deiner GoDaddy-Website hinzu, ganz ohne Programmierung. Automatisiere den Kundenservice mit einer schnellen Einbettung!\" \/>\n<meta property=\"og:url\" content=\"https:\/\/elfsight.com\/de\/ai-chatbot-widget\/godaddy\/\" \/>\n<meta property=\"og:site_name\" content=\"Elfsight DE\" \/>\n<meta property=\"article:modified_time\" content=\"2025-07-08T09:39:42+00:00\" \/>\n<meta name=\"twitter:card\" content=\"summary_large_image\" \/>\n<meta name=\"twitter:label1\" content=\"Gesch\u00e4tzte Lesezeit\" \/>\n\t<meta name=\"twitter:data1\" content=\"3\u00a0Minuten\" \/>\n<!-- \/ Yoast SEO plugin. -->","yoast_head_json":{"title":"GoDaddy AI Chatbot-Plugin \u2013 F\u00fcge AI Chatbot zu GoDaddy hinzu [KOSTENLOS]","description":"F\u00fcge das beste AI Chatbot-Plugin zu deiner GoDaddy-Website hinzu, ganz ohne Programmierung. Automatisiere den Kundenservice mit einer schnellen Einbettung!","robots":{"index":"index","follow":"follow","max-snippet":"max-snippet:-1","max-image-preview":"max-image-preview:large","max-video-preview":"max-video-preview:-1"},"canonical":"https:\/\/elfsight.com\/de\/ai-chatbot-widget\/godaddy\/","og_locale":"de_DE","og_type":"article","og_title":"GoDaddy AI Chatbot-Plugin \u2013 F\u00fcge AI Chatbot zu GoDaddy hinzu [KOSTENLOS]","og_description":"F\u00fcge das beste AI Chatbot-Plugin zu deiner GoDaddy-Website hinzu, ganz ohne Programmierung. Automatisiere den Kundenservice mit einer schnellen Einbettung!","og_url":"https:\/\/elfsight.com\/de\/ai-chatbot-widget\/godaddy\/","og_site_name":"Elfsight DE","article_modified_time":"2025-07-08T09:39:42+00:00","twitter_card":"summary_large_image","twitter_misc":{"Gesch\u00e4tzte Lesezeit":"3\u00a0Minuten"},"schema":{"@context":"https:\/\/schema.org","@graph":[{"@type":"WebPage","@id":"https:\/\/elfsight.com\/de\/ai-chatbot-widget\/godaddy\/","url":"https:\/\/elfsight.com\/de\/ai-chatbot-widget\/godaddy\/","name":"GoDaddy AI Chatbot-Plugin \u2013 F\u00fcge AI Chatbot zu GoDaddy hinzu [KOSTENLOS]","isPartOf":{"@id":"https:\/\/elfsight.com\/de\/#website"},"datePublished":"2024-12-28T08:38:35+00:00","dateModified":"2025-07-08T09:39:42+00:00","description":"F\u00fcge das beste AI Chatbot-Plugin zu deiner GoDaddy-Website hinzu, ganz ohne Programmierung. Automatisiere den Kundenservice mit einer schnellen Einbettung!","breadcrumb":{"@id":"https:\/\/elfsight.com\/de\/ai-chatbot-widget\/godaddy\/#breadcrumb"},"inLanguage":"de","potentialAction":[{"@type":"ReadAction","target":["https:\/\/elfsight.com\/de\/ai-chatbot-widget\/godaddy\/"]}]},{"@type":"BreadcrumbList","@id":"https:\/\/elfsight.com\/de\/ai-chatbot-widget\/godaddy\/#breadcrumb","itemListElement":[{"@type":"ListItem","position":1,"name":"Home","item":"https:\/\/elfsight.com\/de\/"},{"@type":"ListItem","position":2,"name":"AI Chatbot","item":"https:\/\/elfsight.com\/de\/ai-chatbot-widget\/"},{"@type":"ListItem","position":3,"name":"AI Chatbot &#8211; GoDaddy"}]},{"@type":"WebSite","@id":"https:\/\/elfsight.com\/de\/#website","url":"https:\/\/elfsight.com\/de\/","name":"Elfsight DE","description":"Just another Elfsight Sites site","potentialAction":[{"@type":"SearchAction","target":{"@type":"EntryPoint","urlTemplate":"https:\/\/elfsight.com\/de\/?s={search_term_string}"},"query-input":{"@type":"PropertyValueSpecification","valueRequired":true,"valueName":"search_term_string"}}],"inLanguage":"de"}]}},"meta_box":{"industry":"","seo_heading":"","heading":"","description":"","cta_heading":"","cta_description":"","application":"23425","h1":"F\u00fcge den AI Chatbot zu deiner GoDaddy-Website hinzu","h1_caption":"Erstelle den besten AI Chatbot, speziell auf deine Gesch\u00e4ftsdaten trainiert, um den Kundensupport zu automatisieren, Leads zu erfassen und sofortige, pr\u00e4zise Antworten auf der GoDaddy-Website zu liefern \u2013 24\/7.","application_category":[],"applications_title":"","applications_request_title":"","applications_request_button_text":"","hero_text":"","hero_video":"","hero_video_schema_markup":"","selling_points_title":"","selling_points_caption":"","selling_points":[],"selling_points_cta_text":"","features_title":"","features":"","ed_cta_examples_text":"","ed_cta_examples_hidden":"","ed_cta_demo_text":"","ed_cta_demo_hidden":"","why_caption":"","why_editor_title":"","why_editor_text":"","why_team_title":"","why_team_text":"","why_service_title":"","why_service_text":"","template_catalog_visible":"","template_catalog_title":"","template_catalog_text":"","template_catalog_categories_visible":"","demo_title":"Erstelle dein AI Chatbot-Plugin","demo_caption":"Konfiguriere den AI Chatbot und f\u00fcge ihn kostenlos zu deiner GoDaddy-Website hinzu!","default_faq_hidden":"","app_template_category":[],"platform":"241","template_public_id":"","codecanyon_url":"","codecanyon_item_id":"","codecanyon_price":"","pricing_caption":"","pricing_elfsight_apps_hide_column":"","pricing_elfsight_apps_url":"","pricing_codecanyon_price_caption":"","integration_category":[],"integration_request_title":"","integration_request_cta":"","integration_platform":"","integrations":[],"platform_category":[],"video_schema_markup":"","price":"ab $0 \/ Monat","trial":"","benefits":[{"text":"Kostenlose Installationsunterst\u00fctzung"},{"text":"Effektiver Kundenservice"},{"text":"14-Tage R\u00fcckerstattungs-Garantie"},{"text":"Lebenslange kostenlose Verbesserungen"},{"text":""}],"button_url":"#demo","button_target_blank":"","button_nofollow":"","attributes":[{"name":"Installationen","content":"50,000 - 100,000"},{"name":"Reaktionsschnell","content":"Ja"},{"name":"Kompatible Browser","content":"Firefox, Safari, Opera, Chrome, Edge"}],"tags":[],"tags_disable_links":"","hide_more_platforms":"","video_object":"","demo_hide_cta":"","demo_hide_cloud_options":"","pricing_title":"","pricing":[{"pricing_icon":"platform","pricing_title":"Elfsight Apps","pricing_title_caption":"Mehrplattform-L\u00f6sung, die f\u00fcr jede Website geeignet ist","pricing_price":"ab $0 \/ Monat","pricing_price_caption":"Starte mit einem kostenlosen Plan","pricing_benefits":[{"text":"Unbegrenzte Websites"},{"text":"Professioneller Unternehmenssupport"},{"text":"Geb\u00fchrenfreie Installationshilfe"},{"text":"100 % anpassbar"}],"pricing_button_text":"Zur Website hinzuf\u00fcgen","pricing_button_url":"#demo"}],"related_apps_title":"","related_apps_hidden":"","author":"","image":[],"title":"","job":"","social_networks":[]},"_links":{"self":[{"href":"https:\/\/elfsight.com\/de\/wp-json\/wp\/v2\/pages\/23810","targetHints":{"allow":["GET"]}}],"collection":[{"href":"https:\/\/elfsight.com\/de\/wp-json\/wp\/v2\/pages"}],"about":[{"href":"https:\/\/elfsight.com\/de\/wp-json\/wp\/v2\/types\/page"}],"author":[{"embeddable":true,"href":"https:\/\/elfsight.com\/de\/wp-json\/wp\/v2\/users\/9"}],"replies":[{"embeddable":true,"href":"https:\/\/elfsight.com\/de\/wp-json\/wp\/v2\/comments?post=23810"}],"version-history":[{"count":1,"href":"https:\/\/elfsight.com\/de\/wp-json\/wp\/v2\/pages\/23810\/revisions"}],"predecessor-version":[{"id":23814,"href":"https:\/\/elfsight.com\/de\/wp-json\/wp\/v2\/pages\/23810\/revisions\/23814"}],"up":[{"embeddable":true,"href":"https:\/\/elfsight.com\/de\/wp-json\/wp\/v2\/pages\/23426"}],"wp:attachment":[{"href":"https:\/\/elfsight.com\/de\/wp-json\/wp\/v2\/media?parent=23810"}],"curies":[{"name":"wp","href":"https:\/\/api.w.org\/{rel}","templated":true}]}}