{"id":23803,"date":"2024-12-28T08:58:25","date_gmt":"2024-12-28T08:58:25","guid":{"rendered":"https:\/\/elfsight.com\/de\/?page_id=23803"},"modified":"2025-07-08T09:41:27","modified_gmt":"2025-07-08T09:41:27","slug":"weebly","status":"publish","type":"page","link":"https:\/\/elfsight.com\/de\/ai-chatbot-widget\/weebly\/","title":{"rendered":"AI Chatbot &#8211; Weebly"},"content":{"rendered":"<div class=\"application-platform-content-item-description application-platform-content-item\" id=\"description\" data-nav-section=\"description\"><h2>AI-Chatbot in Weebly mit dem Elfsight-Widget einbetten!<\/h2><p>Erstellen Sie einen fortschrittlichen AI-Chatbot f\u00fcr Ihre Weebly-Website, der speziell auf Ihrer Wissensdatenbank, Support-Dateien oder Kundenfragen trainiert wird. Erm\u00f6glichen Sie ihm, zu lernen und sich anzupassen, um t\u00e4glich personalisierte Nachrichten zu liefern und die Benutzererfahrung zu verbessern.<\/p><p>Automatisieren Sie Kundenservice-Aufgaben, verk\u00fcrzen Sie die Antwortzeiten und erfassen Sie effektiv Leads ohne praktische Arbeit. Bieten Sie ununterbrochene Unterst\u00fctzung, damit Kunden die Antworten erhalten, die sie ben\u00f6tigen \u2013 zu jeder Zeit und von jedem Ort!<\/p><p><b>F\u00fcgen Sie einen AI-Assistenten hinzu, der Fragen beantwortet, Bedenken behebt und Ihre Verk\u00e4ufe steigert!<\/b><\/p><\/div><div class=\"application-platform-content-item-features application-platform-content-item\" id=\"features\" data-nav-section=\"features\"><h2>Erfahren Sie mehr \u00fcber die wichtigsten Funktionen:<\/h2><ul><li><b>Automatisieren Sie Ihre Kundenkommunikation.<\/b> Optimieren Sie schnelle Antworten, garantieren Sie 24\/7-Support und steigern Sie die Effizienz mit minimaler Einrichtung \u2013 verwalten Sie unbegrenzte Chats und Benutzer m\u00fchelos!<\/li><li><b>Bieten Sie eine personalisierte Erfahrung.<\/b> Lassen Sie jeden Kunden sich gesch\u00e4tzt f\u00fchlen und schaffen Sie die beste Erfahrung mit personalisierten Antworten, der Verwendung des Namens, der Verfolgung fr\u00fcherer Gespr\u00e4che und Follow-up-Nachrichten.<\/li><li><b>Trainieren Sie den Chatbot mit Gesch\u00e4ftseinblicken.<\/b> R\u00fcsten Sie den AI-Chatbot mit Ihrem speziellen Fachwissen aus, indem Sie Materialien hochladen, Frage-Antwort-Paare hinzuf\u00fcgen und auf den Inhalt Ihrer Website f\u00fcr den Anweisungs-Generator zugreifen, um korrekte und relevante Antworten im Kontext Ihres Unternehmens zu gew\u00e4hrleisten.<\/li><li><b>Erhalten Sie Kunden-Einblicke per E-Mail.<\/b> Bleiben Sie informiert und sammeln Sie wertvolle Einblicke, indem Sie vollst\u00e4ndige Chat-Protokolle direkt in Ihrem Posteingang erhalten, mit wichtigen Kontaktinformationen f\u00fcr Lead-Generierung und Service-Optimierung.<\/li><li><b>Entdecken Sie eine breite Palette von Vorlagen.<\/b> Starten Sie Ihren AI-Chatbot schnell mit unserer Sammlung vorgefertigter Vorlagen. Diese sind f\u00fcr verschiedene Branchen und Funktionalit\u00e4ten konzipiert, jede mit ma\u00dfgeschneiderten Anweisungs-Sets f\u00fcr sofortige Implementierung.<\/li><\/ul><p><a href=\"#demo\">Erkunden Sie alle Einstellungen im funktionsreichen Konfigurator<\/a><\/p><\/div><div class=\"application-platform-content-item-installation application-platform-content-item\" id=\"installation\" data-nav-section=\"installation\"><h2>Wie f\u00fcge ich das AI-Chatbot-Plugin zu Weebly hinzu?<\/h2><p>Um das AI-Chatbot auf Ihrer Weebly-Website einzubetten, f\u00fchren Sie die folgenden Schritte aus:<\/p><ol><li><b>Widget personalisieren.<\/b><br> W\u00e4hlen Sie zun\u00e4chst eine der fertigen Vorlagen aus. Danach k\u00f6nnen Sie den Chatbot trainieren, die Funktionen einrichten und das Erscheinungsbild an Ihre Gesch\u00e4ftsziele anpassen.<\/li><li><b>Den Einbettungscode abrufen.<\/b><br> Speichern Sie die Anpassungen und kopieren Sie den einzigartigen Einbettungscode.<\/li><li><b>F\u00fcgen Sie den Code in den Website-Editor ein.<\/b><br> Gehen Sie zum Admin-Dashboard Ihrer Website, f\u00fcgen Sie den Code an der gew\u00fcnschten Stelle ein und aktualisieren Sie die Seite. Fertig!<\/li><\/ol><p>Wenn Sie auf Schwierigkeiten sto\u00dfen, z\u00f6gern Sie nicht, unser Kundenserviceteam zu kontaktieren. Unsere Mitarbeiter helfen Ihnen gerne bei allen Fragen zur App.<\/p><div class=\"faq\" data-component=\"FAQ\"><div class=\"faq-item\">\r\n\t\t\t\t\t<div class=\"faq-item-question\">\r\n\t\t\t\t\t\t<h3 class=\"faq-item-question-text\">Wie kann ich meine Unternehmensinformationen in die AI-Chatbot-App einf\u00fcgen?<\/h3>\r\n\r\n\t\t\t\t\t\t<div class=\"faq-item-question-icon\"><\/div>\r\n\t\t\t\t\t<\/div>\r\n\r\n\t\t\t\t\t<div class=\"faq-item-answer\">\r\n\t\t\t\t\t\t<div class=\"faq-item-answer-text\"><p>Um Ihre Informationen hochzuladen, gehen Sie zum Bereich &#8222;Training&#8220; und w\u00e4hlen Sie eines der vorhandenen Formate: Dokumentdateien, spezifische Frage-Antwort-Sets oder einfache Textbl\u00f6cke.<\/p><\/div>\r\n\t\t\t\t\t<\/div>\r\n\t\t\t\t<\/div><div class=\"faq-item\">\r\n\t\t\t\t\t<div class=\"faq-item-question\">\r\n\t\t\t\t\t\t<h3 class=\"faq-item-question-text\">Wie erstelle ich schnelle Antworten f\u00fcr den AI-Chatbot?<\/h3>\r\n\r\n\t\t\t\t\t\t<div class=\"faq-item-question-icon\"><\/div>\r\n\t\t\t\t\t<\/div>\r\n\r\n\t\t\t\t\t<div class=\"faq-item-answer\">\r\n\t\t\t\t\t\t<div class=\"faq-item-answer-text\"><p>Sie k\u00f6nnen diese direkt im Konfigurator des AI-Chatbots hinzuf\u00fcgen, indem Sie das Men\u00fc &#8222;Begr\u00fc\u00dfung&#8220; aufrufen. Dort finden Sie das Feld, in dem Sie einen spannenden Gespr\u00e4chsstart oder eine g\u00e4ngige Anfrage eingeben k\u00f6nnen.<\/p><\/div>\r\n\t\t\t\t\t<\/div>\r\n\t\t\t\t<\/div><div class=\"faq-item\">\r\n\t\t\t\t\t<div class=\"faq-item-question\">\r\n\t\t\t\t\t\t<h3 class=\"faq-item-question-text\">Was macht die Elfsight AI-Chatbot-App die beste Wahl f\u00fcr meine Weebly-Website?<\/h3>\r\n\r\n\t\t\t\t\t\t<div class=\"faq-item-question-icon\"><\/div>\r\n\t\t\t\t\t<\/div>\r\n\r\n\t\t\t\t\t<div class=\"faq-item-answer\">\r\n\t\t\t\t\t\t<div class=\"faq-item-answer-text\"><p>Die AI-Chatbot-App ist eine Code-freie Chat-L\u00f6sung, die vom fortschrittlichsten AI-Modell unterst\u00fctzt wird und bereit ist, mit den Daten Ihres Unternehmens trainiert zu werden. Mit einer benutzerfreundlichen Oberfl\u00e4che und verschiedenen Anpassungsoptionen k\u00f6nnen Sie rund um die Uhr Kundenservice mit einer personalisierten Erfahrung bieten und bleiben immer in Kontrolle mit kontinuierlichen Berichten. Erleben Sie selbst, wie einfach und schnell es mit Elfsight sein kann!<\/p><\/div>\r\n\t\t\t\t\t<\/div>\r\n\t\t\t\t<\/div><\/div><\/div>","protected":false},"excerpt":{"rendered":"","protected":false},"author":9,"featured_media":0,"parent":23426,"menu_order":0,"comment_status":"closed","ping_status":"closed","template":"templates\/template-application-platform.php","meta":{"publish_to_discourse":"","publish_post_category":"","wpdc_auto_publish_overridden":"","wpdc_topic_tags":"","wpdc_pin_topic":"","wpdc_pin_until":"","discourse_post_id":"","discourse_permalink":"","wpdc_publishing_response":"","wpdc_publishing_error":"","footnotes":""},"class_list":["post-23803","page","type-page","status-publish","hentry"],"yoast_head":"<!-- This site is optimized with the Yoast SEO plugin v25.3.1 - https:\/\/yoast.com\/wordpress\/plugins\/seo\/ -->\n<title>Weebly AI Chatbot-App \u2013 F\u00fcge AI Chatbot zu Weebly hinzu [KOSTENLOS]<\/title>\n<meta name=\"description\" content=\"F\u00fcge die beste AI Chatbot-App zu deiner Weebly-Website hinzu, ganz ohne Programmierung. Vereinfache den Kundenservice mit einer einfachen Einbettung!\" \/>\n<meta name=\"robots\" content=\"index, follow, max-snippet:-1, max-image-preview:large, max-video-preview:-1\" \/>\n<link rel=\"canonical\" href=\"https:\/\/elfsight.com\/de\/ai-chatbot-widget\/weebly\/\" \/>\n<meta property=\"og:locale\" content=\"de_DE\" \/>\n<meta property=\"og:type\" content=\"article\" \/>\n<meta property=\"og:title\" content=\"Weebly AI Chatbot-App \u2013 F\u00fcge AI Chatbot zu Weebly hinzu [KOSTENLOS]\" \/>\n<meta property=\"og:description\" content=\"F\u00fcge die beste AI Chatbot-App zu deiner Weebly-Website hinzu, ganz ohne Programmierung. Vereinfache den Kundenservice mit einer einfachen Einbettung!\" \/>\n<meta property=\"og:url\" content=\"https:\/\/elfsight.com\/de\/ai-chatbot-widget\/weebly\/\" \/>\n<meta property=\"og:site_name\" content=\"Elfsight DE\" \/>\n<meta property=\"article:modified_time\" content=\"2025-07-08T09:41:27+00:00\" \/>\n<meta name=\"twitter:card\" content=\"summary_large_image\" \/>\n<meta name=\"twitter:label1\" content=\"Gesch\u00e4tzte Lesezeit\" \/>\n\t<meta name=\"twitter:data1\" content=\"3\u00a0Minuten\" \/>\n<!-- \/ Yoast SEO plugin. -->","yoast_head_json":{"title":"Weebly AI Chatbot-App \u2013 F\u00fcge AI Chatbot zu Weebly hinzu [KOSTENLOS]","description":"F\u00fcge die beste AI Chatbot-App zu deiner Weebly-Website hinzu, ganz ohne Programmierung. Vereinfache den Kundenservice mit einer einfachen Einbettung!","robots":{"index":"index","follow":"follow","max-snippet":"max-snippet:-1","max-image-preview":"max-image-preview:large","max-video-preview":"max-video-preview:-1"},"canonical":"https:\/\/elfsight.com\/de\/ai-chatbot-widget\/weebly\/","og_locale":"de_DE","og_type":"article","og_title":"Weebly AI Chatbot-App \u2013 F\u00fcge AI Chatbot zu Weebly hinzu [KOSTENLOS]","og_description":"F\u00fcge die beste AI Chatbot-App zu deiner Weebly-Website hinzu, ganz ohne Programmierung. Vereinfache den Kundenservice mit einer einfachen Einbettung!","og_url":"https:\/\/elfsight.com\/de\/ai-chatbot-widget\/weebly\/","og_site_name":"Elfsight DE","article_modified_time":"2025-07-08T09:41:27+00:00","twitter_card":"summary_large_image","twitter_misc":{"Gesch\u00e4tzte Lesezeit":"3\u00a0Minuten"},"schema":{"@context":"https:\/\/schema.org","@graph":[{"@type":"WebPage","@id":"https:\/\/elfsight.com\/de\/ai-chatbot-widget\/weebly\/","url":"https:\/\/elfsight.com\/de\/ai-chatbot-widget\/weebly\/","name":"Weebly AI Chatbot-App \u2013 F\u00fcge AI Chatbot zu Weebly hinzu [KOSTENLOS]","isPartOf":{"@id":"https:\/\/elfsight.com\/de\/#website"},"datePublished":"2024-12-28T08:58:25+00:00","dateModified":"2025-07-08T09:41:27+00:00","description":"F\u00fcge die beste AI Chatbot-App zu deiner Weebly-Website hinzu, ganz ohne Programmierung. Vereinfache den Kundenservice mit einer einfachen Einbettung!","breadcrumb":{"@id":"https:\/\/elfsight.com\/de\/ai-chatbot-widget\/weebly\/#breadcrumb"},"inLanguage":"de","potentialAction":[{"@type":"ReadAction","target":["https:\/\/elfsight.com\/de\/ai-chatbot-widget\/weebly\/"]}]},{"@type":"BreadcrumbList","@id":"https:\/\/elfsight.com\/de\/ai-chatbot-widget\/weebly\/#breadcrumb","itemListElement":[{"@type":"ListItem","position":1,"name":"Home","item":"https:\/\/elfsight.com\/de\/"},{"@type":"ListItem","position":2,"name":"AI Chatbot","item":"https:\/\/elfsight.com\/de\/ai-chatbot-widget\/"},{"@type":"ListItem","position":3,"name":"AI Chatbot &#8211; Weebly"}]},{"@type":"WebSite","@id":"https:\/\/elfsight.com\/de\/#website","url":"https:\/\/elfsight.com\/de\/","name":"Elfsight DE","description":"Just another Elfsight Sites site","potentialAction":[{"@type":"SearchAction","target":{"@type":"EntryPoint","urlTemplate":"https:\/\/elfsight.com\/de\/?s={search_term_string}"},"query-input":{"@type":"PropertyValueSpecification","valueRequired":true,"valueName":"search_term_string"}}],"inLanguage":"de"}]}},"meta_box":{"industry":"","seo_heading":"","heading":"","description":"","cta_heading":"","cta_description":"","application":"23425","h1":"F\u00fcge den AI Chatbot zu deiner Weebly-Website hinzu","h1_caption":"Erstelle den besten AI Chatbot, speziell auf deine Gesch\u00e4ftsdaten trainiert, um den Kundensupport zu automatisieren, Leads zu erfassen und sofortige, pr\u00e4zise Antworten auf der Weebly-Website zu liefern \u2013 24\/7.","application_category":[],"applications_title":"","applications_request_title":"","applications_request_button_text":"","hero_text":"","hero_video":"","hero_video_schema_markup":"","selling_points_title":"","selling_points_caption":"","selling_points":[],"selling_points_cta_text":"","features_title":"","features":"","ed_cta_examples_text":"","ed_cta_examples_hidden":"","ed_cta_demo_text":"","ed_cta_demo_hidden":"","why_caption":"","why_editor_title":"","why_editor_text":"","why_team_title":"","why_team_text":"","why_service_title":"","why_service_text":"","template_catalog_visible":"","template_catalog_title":"","template_catalog_text":"","template_catalog_categories_visible":"","demo_title":"Erstelle deine AI Chatbot-App","demo_caption":"Konfiguriere den AI Chatbot und f\u00fcge ihn kostenlos zu deiner Weebly-Website hinzu!","default_faq_hidden":"","app_template_category":[],"platform":"249","template_public_id":"","codecanyon_url":"","codecanyon_item_id":"","codecanyon_price":"","pricing_caption":"","pricing_elfsight_apps_hide_column":"","pricing_elfsight_apps_url":"","pricing_codecanyon_price_caption":"","integration_category":[],"integration_request_title":"","integration_request_cta":"","integration_platform":"","integrations":[],"platform_category":[],"video_schema_markup":"","price":"ab $0 \/ Monat","trial":"","benefits":[{"text":"Kostenloser Installationsservice"},{"text":"Professioneller Kundenservice"},{"text":"14-Tage R\u00fcckerstattungs-Garantie"},{"text":"Lebenslange kostenlose Verbesserungen"},{"text":""}],"button_url":"#demo","button_target_blank":"","button_nofollow":"","attributes":[{"name":"Installationen","content":"50,000 - 100,000"},{"name":"Reaktionsschnell","content":"Ja"},{"name":"Kompatible Browser","content":"Firefox, Safari, Opera, Chrome, Edge"}],"tags":[],"tags_disable_links":"","hide_more_platforms":"","video_object":"","demo_hide_cta":"","demo_hide_cloud_options":"","pricing_title":"","pricing":[{"pricing_icon":"platform","pricing_title":"Elfsight Apps","pricing_title_caption":"Mehrplattform-Software, die auf jeder Website funktioniert","pricing_price":"ab $0 \/ Monat","pricing_price_caption":"Starte mit einem kostenlosen Plan","pricing_benefits":[{"text":"Unbegrenzte Websites"},{"text":"Schneller Unternehmenssupport"},{"text":"Kostenlose Installationsunterst\u00fctzung"},{"text":"100 % anpassbar"}],"pricing_button_text":"Zur Website hinzuf\u00fcgen","pricing_button_url":"#demo"}],"related_apps_title":"","related_apps_hidden":"","author":"","image":[],"title":"","job":"","social_networks":[]},"_links":{"self":[{"href":"https:\/\/elfsight.com\/de\/wp-json\/wp\/v2\/pages\/23803","targetHints":{"allow":["GET"]}}],"collection":[{"href":"https:\/\/elfsight.com\/de\/wp-json\/wp\/v2\/pages"}],"about":[{"href":"https:\/\/elfsight.com\/de\/wp-json\/wp\/v2\/types\/page"}],"author":[{"embeddable":true,"href":"https:\/\/elfsight.com\/de\/wp-json\/wp\/v2\/users\/9"}],"replies":[{"embeddable":true,"href":"https:\/\/elfsight.com\/de\/wp-json\/wp\/v2\/comments?post=23803"}],"version-history":[{"count":1,"href":"https:\/\/elfsight.com\/de\/wp-json\/wp\/v2\/pages\/23803\/revisions"}],"predecessor-version":[{"id":23807,"href":"https:\/\/elfsight.com\/de\/wp-json\/wp\/v2\/pages\/23803\/revisions\/23807"}],"up":[{"embeddable":true,"href":"https:\/\/elfsight.com\/de\/wp-json\/wp\/v2\/pages\/23426"}],"wp:attachment":[{"href":"https:\/\/elfsight.com\/de\/wp-json\/wp\/v2\/media?parent=23803"}],"curies":[{"name":"wp","href":"https:\/\/api.w.org\/{rel}","templated":true}]}}