{"id":23802,"date":"2024-12-28T09:02:45","date_gmt":"2024-12-28T09:02:45","guid":{"rendered":"https:\/\/elfsight.com\/de\/?page_id=23802"},"modified":"2025-07-08T09:39:14","modified_gmt":"2025-07-08T09:39:14","slug":"bigcommerce","status":"publish","type":"page","link":"https:\/\/elfsight.com\/de\/ai-chatbot-widget\/bigcommerce\/","title":{"rendered":"AI Chatbot &#8211; BigCommerce"},"content":{"rendered":"<div class=\"application-platform-content-item-description application-platform-content-item\" id=\"description\" data-nav-section=\"description\"><h2>AI-Chatbot in BigCommerce mit dem Elfsight-Widget einbetten!<\/h2><p>Erstellen Sie einen fortschrittlichen AI-Chatbot f\u00fcr Ihre BigCommerce-Website, der speziell auf Ihrer Wissensdatenbank, Support-Dokumenten oder h\u00e4ufig gestellten FAQs trainiert wird. Erm\u00f6glichen Sie ihm, zu lernen und sich anzupassen, um t\u00e4glich personalisierte Nachrichten zu liefern und die Benutzererfahrung zu verbessern.<\/p><p>Automatisieren Sie Kundenservice-Aufgaben, verk\u00fcrzen Sie die Antwortzeiten und erobern Sie erfolgreich Leads ohne manuelle Arbeit. Bieten Sie rund um die Uhr Unterst\u00fctzung, damit Kunden die Antworten erhalten, die sie ben\u00f6tigen \u2013 zu jeder Stunde und von jedem Ort aus!<\/p><p><b>F\u00fcgen Sie einen AI-Assistenten hinzu, der sofortige Antworten liefert, Probleme l\u00f6st und Ihre Verk\u00e4ufe steigert!<\/b><\/p><\/div><div class=\"application-platform-content-item-features application-platform-content-item\" id=\"features\" data-nav-section=\"features\"><h2>Die grundlegenden Widget-Funktionen bieten:<\/h2><ul><li><b>Automatisieren Sie Ihre Kundeninteraktionen.<\/b> Optimieren Sie Antworten, garantieren Sie rund um die Uhr Support und maximieren Sie die Effizienz mit minimaler Einrichtung \u2013 verwalten Sie m\u00fchelos unbegrenzte Chats und Benutzer!<\/li><li><b>Bieten Sie eine personalisierte Erfahrung.<\/b> Helfen Sie jedem Kunden, sich einzigartig zu f\u00fchlen und schaffen Sie die beste Erfahrung mit personalisierten Antworten, indem Sie den Namen verwenden, den Chat-Verlauf \u00fcberwachen und Follow-up-Kommunikation anbieten.<\/li><li><b>Trainieren Sie den Chatbot mit Gesch\u00e4ftsdaten.<\/b> Statten Sie den AI-Chatbot mit Ihrem spezifischen Wissen aus, indem Sie Dokumente hochladen, einschlie\u00dflich Frage-Antwort-Sets, und die Inhalte Ihrer Website f\u00fcr den Anweisungs-Generator verwenden, um genaue und relevante Antworten zu liefern, die zu Ihrem Gesch\u00e4ft passen.<\/li><li><b>Erhalten Sie Kunden-Einblicke per E-Mail.<\/b> Bleiben Sie informiert und sammeln Sie wertvolle Einblicke, indem Sie vollst\u00e4ndige Chat-Protokolle direkt in Ihrem Posteingang erhalten, mit wichtigen Kontaktdaten f\u00fcr Lead-Generierung und Service-Verbesserung.<\/li><li><b>Entdecken Sie eine umfangreiche Auswahl an Vorlagen.<\/b> Richten Sie Ihren AI-Chatbot schnell mit unserer Sammlung vorgefertigter Vorlagen ein. Diese sind f\u00fcr verschiedene Sektoren und Funktionalit\u00e4ten konzipiert und bieten ma\u00dfgeschneiderte Anweisungs-Sets f\u00fcr sofortigen Erfolg.<\/li><\/ul><p><a href=\"#demo\">Sie k\u00f6nnen \u00fcberpr\u00fcfen, ob das Widget f\u00fcr Sie geeignet ist, indem Sie den Konfigurator verwenden<\/a><\/p><\/div><div class=\"application-platform-content-item-installation application-platform-content-item\" id=\"installation\" data-nav-section=\"installation\"><h2>Wie f\u00fcge ich das AI-Chatbot-Plugin zu BigCommerce hinzu?<\/h2><p>Um das AI-Chatbot auf Ihrer BigCommerce-Website einzubetten, f\u00fchren Sie die folgenden Schritte aus:<\/p><ol><li><b>Widget anpassen.<\/b><br> W\u00e4hlen Sie eine verf\u00fcgbare Vorlage aus, um zu beginnen. Danach k\u00f6nnen Sie den Chatbot trainieren, die Funktionen einrichten und das Design entsprechend Ihren Unternehmenszielen \u00e4ndern.<\/li><li><b>Den Einbettungscode generieren.<\/b><br> Speichern Sie die finalen Ergebnisse und kopieren Sie den automatisch generierten Installationscode.<\/li><li><b>F\u00fcgen Sie den Code in den Website-Editor ein.<\/b><br> Melden Sie sich beim Admin-Panel Ihrer Website an, f\u00fcgen Sie den Code an der gew\u00fcnschten Stelle ein und aktualisieren Sie die Seite. Fertig!<\/li><\/ol><p>Falls Sie Schwierigkeiten haben, z\u00f6gern Sie nicht, sich mit unserem Support-Team in Verbindung zu setzen. Unsere Spezialisten werden Ihnen gerne bei allen Fragen zur App weiterhelfen.<\/p><div class=\"faq\" data-component=\"FAQ\"><div class=\"faq-item\">\r\n\t\t\t\t\t<div class=\"faq-item-question\">\r\n\t\t\t\t\t\t<h3 class=\"faq-item-question-text\">Wie kann ich meine Unternehmensinformationen in die AI-Chatbot-App einf\u00fcgen?<\/h3>\r\n\r\n\t\t\t\t\t\t<div class=\"faq-item-question-icon\"><\/div>\r\n\t\t\t\t\t<\/div>\r\n\r\n\t\t\t\t\t<div class=\"faq-item-answer\">\r\n\t\t\t\t\t\t<div class=\"faq-item-answer-text\"><p>Um Ihre Informationen hinzuzuf\u00fcgen, gehen Sie zum Men\u00fc &#8222;Training&#8220; und w\u00e4hlen Sie eines der angebotenen Formate: Dokumentdateien, spezifische Frage-Antwort-Sets oder einfache Textbl\u00f6cke.<\/p><\/div>\r\n\t\t\t\t\t<\/div>\r\n\t\t\t\t<\/div><div class=\"faq-item\">\r\n\t\t\t\t\t<div class=\"faq-item-question\">\r\n\t\t\t\t\t\t<h3 class=\"faq-item-question-text\">Wie erstelle ich schnelle Antworten f\u00fcr den AI-Chatbot?<\/h3>\r\n\r\n\t\t\t\t\t\t<div class=\"faq-item-question-icon\"><\/div>\r\n\t\t\t\t\t<\/div>\r\n\r\n\t\t\t\t\t<div class=\"faq-item-answer\">\r\n\t\t\t\t\t\t<div class=\"faq-item-answer-text\"><p>Sie k\u00f6nnen diese direkt im Editor des AI-Chatbots hinzuf\u00fcgen, indem Sie das Men\u00fc &#8222;Begr\u00fc\u00dfung&#8220; aufrufen. Dort finden Sie das Feld, in dem Sie einen gro\u00dfartigen Gespr\u00e4chsauftakt oder eine beliebte Anfrage eingeben k\u00f6nnen.<\/p><\/div>\r\n\t\t\t\t\t<\/div>\r\n\t\t\t\t<\/div><div class=\"faq-item\">\r\n\t\t\t\t\t<div class=\"faq-item-question\">\r\n\t\t\t\t\t\t<h3 class=\"faq-item-question-text\">Was macht die Elfsight AI-Chatbot-App die beste Wahl f\u00fcr meine BigCommerce-Website?<\/h3>\r\n\r\n\t\t\t\t\t\t<div class=\"faq-item-question-icon\"><\/div>\r\n\t\t\t\t\t<\/div>\r\n\r\n\t\t\t\t\t<div class=\"faq-item-answer\">\r\n\t\t\t\t\t\t<div class=\"faq-item-answer-text\"><p>Die AI-Chatbot-App ist eine Chat-L\u00f6sung ohne Code, die von der fortschrittlichsten AI-Technologie betrieben wird und bereit ist, mit den Daten Ihrer Organisation trainiert zu werden. Mit einer benutzerfreundlichen Oberfl\u00e4che und verschiedenen Anpassungsoptionen k\u00f6nnen Sie rund um die Uhr Kundenservice mit einer personalisierten Erfahrung bieten und haben stets die Kontrolle mit kontinuierlichen Berichten. Finden Sie selbst heraus, wie einfach und schnell es mit Elfsight sein kann!<\/p><\/div>\r\n\t\t\t\t\t<\/div>\r\n\t\t\t\t<\/div><\/div><\/div>","protected":false},"excerpt":{"rendered":"","protected":false},"author":9,"featured_media":0,"parent":23426,"menu_order":0,"comment_status":"closed","ping_status":"closed","template":"templates\/template-application-platform.php","meta":{"publish_to_discourse":"","publish_post_category":"","wpdc_auto_publish_overridden":"","wpdc_topic_tags":"","wpdc_pin_topic":"","wpdc_pin_until":"","discourse_post_id":"","discourse_permalink":"","wpdc_publishing_response":"","wpdc_publishing_error":"","footnotes":""},"class_list":["post-23802","page","type-page","status-publish","hentry"],"yoast_head":"<!-- This site is optimized with the Yoast SEO plugin v25.3.1 - https:\/\/yoast.com\/wordpress\/plugins\/seo\/ -->\n<title>BigCommerce AI Chatbot-App \u2013 F\u00fcge AI Chatbot zu BigCommerce hinzu [KOSTENLOS]<\/title>\n<meta name=\"description\" content=\"F\u00fcge die beste AI Chatbot-App zu deiner BigCommerce-Website hinzu, ganz ohne Programmierung. Automatisiere den Kundenservice mit einer einfachen Einbettung!\" \/>\n<meta name=\"robots\" content=\"index, follow, max-snippet:-1, max-image-preview:large, max-video-preview:-1\" \/>\n<link rel=\"canonical\" href=\"https:\/\/elfsight.com\/de\/ai-chatbot-widget\/bigcommerce\/\" \/>\n<meta property=\"og:locale\" content=\"de_DE\" \/>\n<meta property=\"og:type\" content=\"article\" \/>\n<meta property=\"og:title\" content=\"BigCommerce AI Chatbot-App \u2013 F\u00fcge AI Chatbot zu BigCommerce hinzu [KOSTENLOS]\" \/>\n<meta property=\"og:description\" content=\"F\u00fcge die beste AI Chatbot-App zu deiner BigCommerce-Website hinzu, ganz ohne Programmierung. Automatisiere den Kundenservice mit einer einfachen Einbettung!\" \/>\n<meta property=\"og:url\" content=\"https:\/\/elfsight.com\/de\/ai-chatbot-widget\/bigcommerce\/\" \/>\n<meta property=\"og:site_name\" content=\"Elfsight DE\" \/>\n<meta property=\"article:modified_time\" content=\"2025-07-08T09:39:14+00:00\" \/>\n<meta name=\"twitter:card\" content=\"summary_large_image\" \/>\n<meta name=\"twitter:label1\" content=\"Gesch\u00e4tzte Lesezeit\" \/>\n\t<meta name=\"twitter:data1\" content=\"3\u00a0Minuten\" \/>\n<!-- \/ Yoast SEO plugin. -->","yoast_head_json":{"title":"BigCommerce AI Chatbot-App \u2013 F\u00fcge AI Chatbot zu BigCommerce hinzu [KOSTENLOS]","description":"F\u00fcge die beste AI Chatbot-App zu deiner BigCommerce-Website hinzu, ganz ohne Programmierung. Automatisiere den Kundenservice mit einer einfachen Einbettung!","robots":{"index":"index","follow":"follow","max-snippet":"max-snippet:-1","max-image-preview":"max-image-preview:large","max-video-preview":"max-video-preview:-1"},"canonical":"https:\/\/elfsight.com\/de\/ai-chatbot-widget\/bigcommerce\/","og_locale":"de_DE","og_type":"article","og_title":"BigCommerce AI Chatbot-App \u2013 F\u00fcge AI Chatbot zu BigCommerce hinzu [KOSTENLOS]","og_description":"F\u00fcge die beste AI Chatbot-App zu deiner BigCommerce-Website hinzu, ganz ohne Programmierung. Automatisiere den Kundenservice mit einer einfachen Einbettung!","og_url":"https:\/\/elfsight.com\/de\/ai-chatbot-widget\/bigcommerce\/","og_site_name":"Elfsight DE","article_modified_time":"2025-07-08T09:39:14+00:00","twitter_card":"summary_large_image","twitter_misc":{"Gesch\u00e4tzte Lesezeit":"3\u00a0Minuten"},"schema":{"@context":"https:\/\/schema.org","@graph":[{"@type":"WebPage","@id":"https:\/\/elfsight.com\/de\/ai-chatbot-widget\/bigcommerce\/","url":"https:\/\/elfsight.com\/de\/ai-chatbot-widget\/bigcommerce\/","name":"BigCommerce AI Chatbot-App \u2013 F\u00fcge AI Chatbot zu BigCommerce hinzu [KOSTENLOS]","isPartOf":{"@id":"https:\/\/elfsight.com\/de\/#website"},"datePublished":"2024-12-28T09:02:45+00:00","dateModified":"2025-07-08T09:39:14+00:00","description":"F\u00fcge die beste AI Chatbot-App zu deiner BigCommerce-Website hinzu, ganz ohne Programmierung. Automatisiere den Kundenservice mit einer einfachen Einbettung!","breadcrumb":{"@id":"https:\/\/elfsight.com\/de\/ai-chatbot-widget\/bigcommerce\/#breadcrumb"},"inLanguage":"de","potentialAction":[{"@type":"ReadAction","target":["https:\/\/elfsight.com\/de\/ai-chatbot-widget\/bigcommerce\/"]}]},{"@type":"BreadcrumbList","@id":"https:\/\/elfsight.com\/de\/ai-chatbot-widget\/bigcommerce\/#breadcrumb","itemListElement":[{"@type":"ListItem","position":1,"name":"Home","item":"https:\/\/elfsight.com\/de\/"},{"@type":"ListItem","position":2,"name":"AI Chatbot","item":"https:\/\/elfsight.com\/de\/ai-chatbot-widget\/"},{"@type":"ListItem","position":3,"name":"AI Chatbot &#8211; BigCommerce"}]},{"@type":"WebSite","@id":"https:\/\/elfsight.com\/de\/#website","url":"https:\/\/elfsight.com\/de\/","name":"Elfsight DE","description":"Just another Elfsight Sites site","potentialAction":[{"@type":"SearchAction","target":{"@type":"EntryPoint","urlTemplate":"https:\/\/elfsight.com\/de\/?s={search_term_string}"},"query-input":{"@type":"PropertyValueSpecification","valueRequired":true,"valueName":"search_term_string"}}],"inLanguage":"de"}]}},"meta_box":{"industry":"","seo_heading":"","heading":"","description":"","cta_heading":"","cta_description":"","application":"23425","h1":"F\u00fcge den AI Chatbot zu deiner BigCommerce-Website hinzu","h1_caption":"Erstelle den besten AI Chatbot, speziell auf deine Gesch\u00e4ftsdaten trainiert, um den Kundensupport zu automatisieren, Leads zu erfassen und sofortige, pr\u00e4zise Antworten auf der BigCommerce-Website zu liefern \u2013 24\/7.","application_category":[],"applications_title":"","applications_request_title":"","applications_request_button_text":"","hero_text":"","hero_video":"","hero_video_schema_markup":"","selling_points_title":"","selling_points_caption":"","selling_points":[],"selling_points_cta_text":"","features_title":"","features":"","ed_cta_examples_text":"","ed_cta_examples_hidden":"","ed_cta_demo_text":"","ed_cta_demo_hidden":"","why_caption":"","why_editor_title":"","why_editor_text":"","why_team_title":"","why_team_text":"","why_service_title":"","why_service_text":"","template_catalog_visible":"","template_catalog_title":"","template_catalog_text":"","template_catalog_categories_visible":"","demo_title":"Erstelle deine AI Chatbot-App","demo_caption":"Konfiguriere den AI Chatbot und f\u00fcge ihn kostenlos zu deiner BigCommerce-Website hinzu!","default_faq_hidden":"","app_template_category":[],"platform":"268","template_public_id":"","codecanyon_url":"","codecanyon_item_id":"","codecanyon_price":"","pricing_caption":"","pricing_elfsight_apps_hide_column":"","pricing_elfsight_apps_url":"","pricing_codecanyon_price_caption":"","integration_category":[],"integration_request_title":"","integration_request_cta":"","integration_platform":"","integrations":[],"platform_category":[],"video_schema_markup":"","price":"ab $0 \/ Monat","trial":"","benefits":[{"text":"Kostenloser Installationsservice"},{"text":"Kompetenter Kundenservice"},{"text":"14-Tage Geld-zur\u00fcck-Garantie"},{"text":"Kontinuierliche Entwicklung"},{"text":""}],"button_url":"#demo","button_target_blank":"","button_nofollow":"","attributes":[{"name":"Installationen","content":"50,000 - 100,000"},{"name":"Reaktionsschnell","content":"Ja"},{"name":"Kompatible Browser","content":"Firefox, Safari, Opera, Chrome, Edge"}],"tags":[],"tags_disable_links":"","hide_more_platforms":"","video_object":"","demo_hide_cta":"","demo_hide_cloud_options":"","pricing_title":"","pricing":[{"pricing_icon":"platform","pricing_title":"Elfsight Apps","pricing_title_caption":"Plattform\u00fcbergreifende L\u00f6sung, die auf jeder Website funktioniert","pricing_price":"ab $0 \/ Monat","pricing_price_caption":"Starte mit einem kostenlosen Plan","pricing_benefits":[{"text":"Unbegrenzte Websites"},{"text":"Kostenloser und p\u00fcnktlicher Support"},{"text":"Kostenlose Installationshilfe"},{"text":"100 % anpassbar"}],"pricing_button_text":"Zur Website hinzuf\u00fcgen","pricing_button_url":"#demo"}],"related_apps_title":"","related_apps_hidden":"","author":"","image":[],"title":"","job":"","social_networks":[]},"_links":{"self":[{"href":"https:\/\/elfsight.com\/de\/wp-json\/wp\/v2\/pages\/23802","targetHints":{"allow":["GET"]}}],"collection":[{"href":"https:\/\/elfsight.com\/de\/wp-json\/wp\/v2\/pages"}],"about":[{"href":"https:\/\/elfsight.com\/de\/wp-json\/wp\/v2\/types\/page"}],"author":[{"embeddable":true,"href":"https:\/\/elfsight.com\/de\/wp-json\/wp\/v2\/users\/9"}],"replies":[{"embeddable":true,"href":"https:\/\/elfsight.com\/de\/wp-json\/wp\/v2\/comments?post=23802"}],"version-history":[{"count":1,"href":"https:\/\/elfsight.com\/de\/wp-json\/wp\/v2\/pages\/23802\/revisions"}],"predecessor-version":[{"id":23806,"href":"https:\/\/elfsight.com\/de\/wp-json\/wp\/v2\/pages\/23802\/revisions\/23806"}],"up":[{"embeddable":true,"href":"https:\/\/elfsight.com\/de\/wp-json\/wp\/v2\/pages\/23426"}],"wp:attachment":[{"href":"https:\/\/elfsight.com\/de\/wp-json\/wp\/v2\/media?parent=23802"}],"curies":[{"name":"wp","href":"https:\/\/api.w.org\/{rel}","templated":true}]}}