{"id":23795,"date":"2024-12-28T09:19:19","date_gmt":"2024-12-28T09:19:19","guid":{"rendered":"https:\/\/elfsight.com\/de\/?page_id=23795"},"modified":"2025-07-08T09:39:20","modified_gmt":"2025-07-08T09:39:20","slug":"blogger","status":"publish","type":"page","link":"https:\/\/elfsight.com\/de\/ai-chatbot-widget\/blogger\/","title":{"rendered":"AI Chatbot &#8211; Blogger"},"content":{"rendered":"<div class=\"application-platform-content-item-description application-platform-content-item\" id=\"description\" data-nav-section=\"description\"><h2>AI-Chatbot in Blogger mit dem Elfsight-Widget einbetten!<\/h2> <p>Erstellen Sie einen fortschrittlichen AI-Chatbot f\u00fcr Ihre Blogger-Website, der speziell auf Ihre Wissensdatenbank, Support-Dokumente oder Kundenfragen trainiert ist. Erm\u00f6glichen Sie ihm, zu lernen und sich zu entwickeln, um personalisierte Nachrichten zu senden und das Benutzererlebnis t\u00e4glich zu verbessern.<\/p> <p>Optimieren Sie Kundenservice-Aufgaben, minimieren Sie Antwortzeiten und erfassen Sie effizient Leads ohne manuelle Eingriffe. Bieten Sie 24\/7-Unterst\u00fctzung, um sicherzustellen, dass Ihre Kunden jederzeit die ben\u00f6tigten Informationen erhalten!<\/p> <p><b>F\u00fcgen Sie einen AI-Assistenten hinzu, um Fragen zu beantworten, Probleme zu l\u00f6sen und Ihren Umsatz zu steigern!<\/b><\/p> <\/div><div class=\"application-platform-content-item-features application-platform-content-item\" id=\"features\" data-nav-section=\"features\"> <h2>Wir bieten praktische und schnelle Funktionen, hier einige davon:<\/h2> <ul><li><b>Automatisieren Sie Ihre Kundeninteraktionen.<\/b> Optimieren Sie schnelle Antworten, bieten Sie den ganzen Tag Unterst\u00fctzung und steigern Sie die Effizienz mit minimaler Einrichtung \u2013 verwalten Sie unbegrenzt Chats und Nutzer problemlos!<\/li><li><b>Bieten Sie eine personalisierte Erfahrung.<\/b> Helfen Sie jedem Kunden, sich wertgesch\u00e4tzt zu f\u00fchlen, und schaffen Sie die beste Erfahrung durch personalisierte Antworten, die Verwendung von Namen, das Speichern der Chat-Historie und Follow-up-Nachrichten.<\/li><li><b>Schulen Sie den Chatbot mit gesch\u00e4ftlichen Erkenntnissen.<\/b> Bef\u00e4higen Sie den AI-Chatbot mit Ihrem spezialisierten Wissen, indem Sie Dokumente hochladen, Frage-Antwort-Sets erstellen und die Inhalte Ihrer Website f\u00fcr den Anweisungsgenerator verwenden, um pr\u00e4zise und anwendbare Antworten f\u00fcr Ihr Gesch\u00e4ft zu gew\u00e4hrleisten.<\/li><li><b>Erhalten Sie Kundeninformationen per E-Mail.<\/b> Bleiben Sie auf dem Laufenden und sammeln Sie wichtige Einblicke, indem Sie vollst\u00e4ndige Chat-Protokolle direkt in Ihrem Posteingang erhalten, die wichtige Kontaktinformationen f\u00fcr die Lead-Generierung und Service-Optimierung enthalten.<\/li><li><b>Entdecken Sie eine Vielzahl von Vorlagen.<\/b> Richten Sie Ihren AI-Chatbot schnell mit unserer Sammlung vorgefertigter Vorlagen ein. Diese wurden f\u00fcr verschiedene Branchen und Funktionen erstellt, jede mit speziellen Anweisungss\u00e4tzen f\u00fcr sofortige Ergebnisse.<\/li><\/ul><p><a href=\"#demo\">Testen Sie die vollst\u00e4ndige Funktionalit\u00e4t des Widgets im Konfigurator hier<\/a><\/p> <\/div> <div class=\"application-platform-content-item-installation application-platform-content-item\" id=\"installation\" data-nav-section=\"installation\"> <h2>Wie f\u00fcge ich das AI-Chatbot-Plugin zu Blogger hinzu?<\/h2> <p>Wenn Sie den AI-Chatbot in Ihre Blogger-Website einf\u00fcgen m\u00f6chten, folgen Sie diesen Anweisungen:<\/p> <ol><li><b>Passen Sie das Widget an.<\/b><br> W\u00e4hlen Sie eine vorgefertigte Vorlage aus, um loszulegen. Danach k\u00f6nnen Sie den Chatbot trainieren, die Funktionen einrichten und das Design gem\u00e4\u00df Ihren gesch\u00e4ftlichen Vorlieben anpassen.<\/li><li><b>Erhalten Sie den Embed-Code.<\/b><br> Speichern Sie das Ergebnis und kopieren Sie den generierten Einbettungscode.<\/li><li><b>F\u00fcgen Sie den Code in Ihren Website-Builder ein.<\/b><br> Gehen Sie zum Admin-Dashboard Ihrer Website, f\u00fcgen Sie den Code an die gew\u00fcnschte Stelle ein und aktualisieren Sie die Seite. Es ist so einfach!<\/li> <\/ol><p>Falls Sie Fragen haben oder auf Schwierigkeiten sto\u00dfen, wenden Sie sich bitte an unser Support-Team. Unsere Mitarbeiter helfen Ihnen gerne, alle Probleme mit dem Widget zu l\u00f6sen.<\/p> <div class=\"faq\" data-component=\"FAQ\"><div class=\"faq-item\">\r\n\t\t\t\t\t<div class=\"faq-item-question\">\r\n\t\t\t\t\t\t<h3 class=\"faq-item-question-text\">Wie kann ich meine Unternehmensinformationen in das AI-Chatbot-Widget einf\u00fcgen?<\/h3>\r\n\r\n\t\t\t\t\t\t<div class=\"faq-item-question-icon\"><\/div>\r\n\t\t\t\t\t<\/div>\r\n\r\n\t\t\t\t\t<div class=\"faq-item-answer\">\r\n\t\t\t\t\t\t<div class=\"faq-item-answer-text\"><p>Um Ihre Informationen hochzuladen, gehen Sie zum Abschnitt &#8222;Training&#8220; und w\u00e4hlen Sie eines der verf\u00fcgbaren Formate: Dokumentdateien, spezifische Q&amp;A-Sets oder einfache Textbl\u00f6cke.<\/p> <\/div>\r\n\t\t\t\t\t<\/div>\r\n\t\t\t\t<\/div> <div class=\"faq-item\">\r\n\t\t\t\t\t<div class=\"faq-item-question\">\r\n\t\t\t\t\t\t<h3 class=\"faq-item-question-text\">Wie erstelle ich schnelle Antworten f\u00fcr den AI-Chatbot?<\/h3>\r\n\r\n\t\t\t\t\t\t<div class=\"faq-item-question-icon\"><\/div>\r\n\t\t\t\t\t<\/div>\r\n\r\n\t\t\t\t\t<div class=\"faq-item-answer\">\r\n\t\t\t\t\t\t<div class=\"faq-item-answer-text\"><p>Sie k\u00f6nnen sie direkt im Konfigurator des AI-Chatbots unter dem Men\u00fcpunkt &#8222;Begr\u00fc\u00dfung&#8220; hinzuf\u00fcgen. Dort finden Sie das Feld, in das Sie einen gro\u00dfartigen Gespr\u00e4chseinstieg oder eine h\u00e4ufig gestellte Frage eingeben k\u00f6nnen.<\/p> <\/div>\r\n\t\t\t\t\t<\/div>\r\n\t\t\t\t<\/div> <div class=\"faq-item\">\r\n\t\t\t\t\t<div class=\"faq-item-question\">\r\n\t\t\t\t\t\t<h3 class=\"faq-item-question-text\">Was macht das Elfsight AI-Chatbot-Widget das beste f\u00fcr meine Blogger-Website?<\/h3>\r\n\r\n\t\t\t\t\t\t<div class=\"faq-item-question-icon\"><\/div>\r\n\t\t\t\t\t<\/div>\r\n\r\n\t\t\t\t\t<div class=\"faq-item-answer\">\r\n\t\t\t\t\t\t<div class=\"faq-item-answer-text\"> <p>Das AI-Chatbot-Widget ist eine No-Code-Chat-L\u00f6sung, die mit dem neuesten AI-Modell ausgestattet ist und bereit ist, mit Ihren Unternehmensdaten trainiert zu werden. Mit einer benutzerfreundlichen Oberfl\u00e4che und zahlreichen Anpassungsoptionen k\u00f6nnen Sie rund um die Uhr Kundensupport bieten, eine personalisierte Erfahrung erm\u00f6glichen und immer mit regelm\u00e4\u00dfigen Berichten informiert bleiben. Erleben Sie selbst, wie einfach und schnell es mit Elfsight sein kann!<\/p> <\/div>\r\n\t\t\t\t\t<\/div>\r\n\t\t\t\t<\/div><\/div><\/div> ","protected":false},"excerpt":{"rendered":"","protected":false},"author":9,"featured_media":0,"parent":23426,"menu_order":0,"comment_status":"closed","ping_status":"closed","template":"templates\/template-application-platform.php","meta":{"publish_to_discourse":"","publish_post_category":"","wpdc_auto_publish_overridden":"","wpdc_topic_tags":"","wpdc_pin_topic":"","wpdc_pin_until":"","discourse_post_id":"","discourse_permalink":"","wpdc_publishing_response":"","wpdc_publishing_error":"","footnotes":""},"class_list":["post-23795","page","type-page","status-publish","hentry"],"yoast_head":"<!-- This site is optimized with the Yoast SEO plugin v25.3.1 - https:\/\/yoast.com\/wordpress\/plugins\/seo\/ -->\n<title>Blogger AI Chatbot-Widget \u2013 F\u00fcge AI Chatbot zu Blogger hinzu [KOSTENLOS]<\/title>\n<meta name=\"description\" content=\"F\u00fcge das beste AI Chatbot-Widget zu deiner Blogger-Website hinzu, ganz ohne Programmierung. Vereinfache den Kundenservice mit einer schnellen Einbettung!\" \/>\n<meta name=\"robots\" content=\"index, follow, max-snippet:-1, max-image-preview:large, max-video-preview:-1\" \/>\n<link rel=\"canonical\" href=\"https:\/\/elfsight.com\/de\/ai-chatbot-widget\/blogger\/\" \/>\n<meta property=\"og:locale\" content=\"de_DE\" \/>\n<meta property=\"og:type\" content=\"article\" \/>\n<meta property=\"og:title\" content=\"Blogger AI Chatbot-Widget \u2013 F\u00fcge AI Chatbot zu Blogger hinzu [KOSTENLOS]\" \/>\n<meta property=\"og:description\" content=\"F\u00fcge das beste AI Chatbot-Widget zu deiner Blogger-Website hinzu, ganz ohne Programmierung. Vereinfache den Kundenservice mit einer schnellen Einbettung!\" \/>\n<meta property=\"og:url\" content=\"https:\/\/elfsight.com\/de\/ai-chatbot-widget\/blogger\/\" \/>\n<meta property=\"og:site_name\" content=\"Elfsight DE\" \/>\n<meta property=\"article:modified_time\" content=\"2025-07-08T09:39:20+00:00\" \/>\n<meta name=\"twitter:card\" content=\"summary_large_image\" \/>\n<meta name=\"twitter:label1\" content=\"Gesch\u00e4tzte Lesezeit\" \/>\n\t<meta name=\"twitter:data1\" content=\"3\u00a0Minuten\" \/>\n<!-- \/ Yoast SEO plugin. -->","yoast_head_json":{"title":"Blogger AI Chatbot-Widget \u2013 F\u00fcge AI Chatbot zu Blogger hinzu [KOSTENLOS]","description":"F\u00fcge das beste AI Chatbot-Widget zu deiner Blogger-Website hinzu, ganz ohne Programmierung. Vereinfache den Kundenservice mit einer schnellen Einbettung!","robots":{"index":"index","follow":"follow","max-snippet":"max-snippet:-1","max-image-preview":"max-image-preview:large","max-video-preview":"max-video-preview:-1"},"canonical":"https:\/\/elfsight.com\/de\/ai-chatbot-widget\/blogger\/","og_locale":"de_DE","og_type":"article","og_title":"Blogger AI Chatbot-Widget \u2013 F\u00fcge AI Chatbot zu Blogger hinzu [KOSTENLOS]","og_description":"F\u00fcge das beste AI Chatbot-Widget zu deiner Blogger-Website hinzu, ganz ohne Programmierung. Vereinfache den Kundenservice mit einer schnellen Einbettung!","og_url":"https:\/\/elfsight.com\/de\/ai-chatbot-widget\/blogger\/","og_site_name":"Elfsight DE","article_modified_time":"2025-07-08T09:39:20+00:00","twitter_card":"summary_large_image","twitter_misc":{"Gesch\u00e4tzte Lesezeit":"3\u00a0Minuten"},"schema":{"@context":"https:\/\/schema.org","@graph":[{"@type":"WebPage","@id":"https:\/\/elfsight.com\/de\/ai-chatbot-widget\/blogger\/","url":"https:\/\/elfsight.com\/de\/ai-chatbot-widget\/blogger\/","name":"Blogger AI Chatbot-Widget \u2013 F\u00fcge AI Chatbot zu Blogger hinzu [KOSTENLOS]","isPartOf":{"@id":"https:\/\/elfsight.com\/de\/#website"},"datePublished":"2024-12-28T09:19:19+00:00","dateModified":"2025-07-08T09:39:20+00:00","description":"F\u00fcge das beste AI Chatbot-Widget zu deiner Blogger-Website hinzu, ganz ohne Programmierung. Vereinfache den Kundenservice mit einer schnellen Einbettung!","breadcrumb":{"@id":"https:\/\/elfsight.com\/de\/ai-chatbot-widget\/blogger\/#breadcrumb"},"inLanguage":"de","potentialAction":[{"@type":"ReadAction","target":["https:\/\/elfsight.com\/de\/ai-chatbot-widget\/blogger\/"]}]},{"@type":"BreadcrumbList","@id":"https:\/\/elfsight.com\/de\/ai-chatbot-widget\/blogger\/#breadcrumb","itemListElement":[{"@type":"ListItem","position":1,"name":"Home","item":"https:\/\/elfsight.com\/de\/"},{"@type":"ListItem","position":2,"name":"AI Chatbot","item":"https:\/\/elfsight.com\/de\/ai-chatbot-widget\/"},{"@type":"ListItem","position":3,"name":"AI Chatbot &#8211; Blogger"}]},{"@type":"WebSite","@id":"https:\/\/elfsight.com\/de\/#website","url":"https:\/\/elfsight.com\/de\/","name":"Elfsight DE","description":"Just another Elfsight Sites site","potentialAction":[{"@type":"SearchAction","target":{"@type":"EntryPoint","urlTemplate":"https:\/\/elfsight.com\/de\/?s={search_term_string}"},"query-input":{"@type":"PropertyValueSpecification","valueRequired":true,"valueName":"search_term_string"}}],"inLanguage":"de"}]}},"meta_box":{"industry":"","seo_heading":"","heading":"","description":"","cta_heading":"","cta_description":"","application":"23425","h1":"F\u00fcge den AI Chatbot zu deiner Blogger-Website hinzu","h1_caption":"Erstelle den besten AI Chatbot, speziell auf deine Gesch\u00e4ftsdaten trainiert, um den Kundensupport zu automatisieren, Leads zu erfassen und sofortige, pr\u00e4zise Antworten auf der Blogger-Website zu liefern \u2013 24\/7.","application_category":[],"applications_title":"","applications_request_title":"","applications_request_button_text":"","hero_text":"","hero_video":"","hero_video_schema_markup":"","selling_points_title":"","selling_points_caption":"","selling_points":[],"selling_points_cta_text":"","features_title":"","features":"","ed_cta_examples_text":"","ed_cta_examples_hidden":"","ed_cta_demo_text":"","ed_cta_demo_hidden":"","why_caption":"","why_editor_title":"","why_editor_text":"","why_team_title":"","why_team_text":"","why_service_title":"","why_service_text":"","template_catalog_visible":"","template_catalog_title":"","template_catalog_text":"","template_catalog_categories_visible":"","demo_title":"Erstelle dein AI Chatbot-Widget","demo_caption":"Konfiguriere den AI Chatbot und f\u00fcge ihn kostenlos zu deiner Blogger-Website hinzu!","default_faq_hidden":"","app_template_category":[],"platform":"262","template_public_id":"","codecanyon_url":"","codecanyon_item_id":"","codecanyon_price":"","pricing_caption":"","pricing_elfsight_apps_hide_column":"","pricing_elfsight_apps_url":"","pricing_codecanyon_price_caption":"","integration_category":[],"integration_request_title":"","integration_request_cta":"","integration_platform":"","integrations":[],"platform_category":[],"video_schema_markup":"","price":"ab $0 \/ Monat","trial":"","benefits":[{"text":"Kostenloser Installationsservice"},{"text":"Premium-Support"},{"text":"14-Tage R\u00fcckerstattungs-Garantie"},{"text":"Kontinuierliche Entwicklung"},{"text":""}],"button_url":"#demo","button_target_blank":"","button_nofollow":"","attributes":[{"name":"Installationen","content":"50,000 - 100,000"},{"name":"Reaktionsschnell","content":"Ja"},{"name":"Kompatible Browser","content":"Firefox, Safari, Opera, Chrome, Edge"}],"tags":[],"tags_disable_links":"","hide_more_platforms":"","video_object":"","demo_hide_cta":"","demo_hide_cloud_options":"","pricing_title":"","pricing":[{"pricing_icon":"platform","pricing_title":"Elfsight Apps","pricing_title_caption":"Plattform\u00fcbergreifende Version, die f\u00fcr jede Website geeignet ist","pricing_price":"ab $0 \/ Monat","pricing_price_caption":"Starte mit einem kostenlosen Plan","pricing_benefits":[{"text":"Unbegrenzte Websites"},{"text":"Schneller und p\u00fcnktlicher Support"},{"text":"Geb\u00fchrenfreier Installationsservice"},{"text":"Vollst\u00e4ndig anpassbar"}],"pricing_button_text":"Zur Website hinzuf\u00fcgen","pricing_button_url":"#demo"}],"related_apps_title":"","related_apps_hidden":"","author":"","image":[],"title":"","job":"","social_networks":[]},"_links":{"self":[{"href":"https:\/\/elfsight.com\/de\/wp-json\/wp\/v2\/pages\/23795","targetHints":{"allow":["GET"]}}],"collection":[{"href":"https:\/\/elfsight.com\/de\/wp-json\/wp\/v2\/pages"}],"about":[{"href":"https:\/\/elfsight.com\/de\/wp-json\/wp\/v2\/types\/page"}],"author":[{"embeddable":true,"href":"https:\/\/elfsight.com\/de\/wp-json\/wp\/v2\/users\/9"}],"replies":[{"embeddable":true,"href":"https:\/\/elfsight.com\/de\/wp-json\/wp\/v2\/comments?post=23795"}],"version-history":[{"count":1,"href":"https:\/\/elfsight.com\/de\/wp-json\/wp\/v2\/pages\/23795\/revisions"}],"predecessor-version":[{"id":23799,"href":"https:\/\/elfsight.com\/de\/wp-json\/wp\/v2\/pages\/23795\/revisions\/23799"}],"up":[{"embeddable":true,"href":"https:\/\/elfsight.com\/de\/wp-json\/wp\/v2\/pages\/23426"}],"wp:attachment":[{"href":"https:\/\/elfsight.com\/de\/wp-json\/wp\/v2\/media?parent=23795"}],"curies":[{"name":"wp","href":"https:\/\/api.w.org\/{rel}","templated":true}]}}