{"id":23793,"date":"2024-12-28T09:29:43","date_gmt":"2024-12-28T09:29:43","guid":{"rendered":"https:\/\/elfsight.com\/de\/?page_id=23793"},"modified":"2025-07-08T09:41:21","modified_gmt":"2025-07-08T09:41:21","slug":"webnode","status":"publish","type":"page","link":"https:\/\/elfsight.com\/de\/ai-chatbot-widget\/webnode\/","title":{"rendered":"AI Chatbot &#8211; Webnode"},"content":{"rendered":"<div class=\"application-platform-content-item-description application-platform-content-item\" id=\"description\" data-nav-section=\"description\"><h2>AI-Chatbot auf Webnode mit Elfsight-Widget einbetten!<\/h2><p>Erstellen Sie einen fortschrittlichen AI-Chatbot f\u00fcr Ihre Webnode-Website, der speziell auf Ihre Wissensdatenbank, Support-Ressourcen oder Kundenfragen trainiert wurde. Erm\u00f6glichen Sie ihm zu lernen und sich zu entwickeln, um t\u00e4glich personalisierte Nachrichten zu liefern, die das Nutzererlebnis verbessern.<\/p><p>Automatisieren Sie Kundenservice-Aufgaben, verk\u00fcrzen Sie Antwortzeiten und generieren Sie Leads erfolgreich ohne manuelle Eingriffe. Bieten Sie ununterbrochene Unterst\u00fctzung, damit Kunden jederzeit und \u00fcberall die Antworten erhalten, die sie w\u00fcnschen!<\/p><p><b>F\u00fcgen Sie einen AI-Assistenten hinzu, um schnelle Antworten zu geben, Probleme zu l\u00f6sen und Ihre Verk\u00e4ufe zu steigern!<\/b><\/p><\/div><div class=\"application-platform-content-item-features application-platform-content-item\" id=\"features\" data-nav-section=\"features\"><h2>Wir bieten leistungsstarke und unkomplizierte Funktionen, hier einige davon:<\/h2><ul><li><b>Automatisieren Sie Ihre Kundeninteraktionen.<\/b> Optimieren Sie Antworten, bieten Sie rund um die Uhr Unterst\u00fctzung und steigern Sie die Effizienz mit minimalem Setup \u2013 navigieren Sie m\u00fchelos durch unbegrenzte Chats und Nutzer!<\/li><li><b>Erstellen Sie eine personalisierte Erfahrung.<\/b> Helfen Sie jedem Kunden, sich gesch\u00e4tzt zu f\u00fchlen, und schaffen Sie die beste Erfahrung mit personalisierten Antworten, indem Sie sie mit Namen ansprechen, den Chatverlauf verfolgen und Follow-up-Kommunikation durchf\u00fchren.<\/li><li><b>Trainieren Sie den Chatbot mit Unternehmensdaten.<\/b> Statten Sie den AI-Chatbot mit Ihrem speziellen Fachwissen aus, indem Sie Materialien hochladen, Frage-Antwort-Paare erstellen und die Inhalte Ihrer Website f\u00fcr den Instruktionsgenerator nutzen, um genaue und relevante Antworten zu gew\u00e4hrleisten, die Ihrem Gesch\u00e4ftskontext entsprechen.<\/li><li><b>Erhalten Sie Kundeninformationen per E-Mail.<\/b> Bleiben Sie auf dem Laufenden und sammeln Sie wichtige Erkenntnisse, indem Sie vollst\u00e4ndige Chat-Transkripte direkt in Ihrem Posteingang erhalten, einschlie\u00dflich wichtiger Kontaktinformationen zur Lead-Generierung und Service-Verbesserung.<\/li><li><b>Entdecken Sie eine gro\u00dfe Auswahl an Vorlagen.<\/b> Setzen Sie Ihren AI-Chatbot schnell mit unserer Sammlung von gebrauchsfertigen Vorlagen um. Diese decken verschiedene Branchen und Funktionen ab, jede mit speziell zugeschnittenen Anweisungen f\u00fcr sofortigen Erfolg.<\/li><\/ul><p><a href=\"#demo\">Untersuchen Sie alle Personalisierungsfunktionen im 100% funktionalen Konfigurator<\/a><\/p><\/div><div class=\"application-platform-content-item-installation application-platform-content-item\" id=\"installation\" data-nav-section=\"installation\"><h2>Wie f\u00fcge ich das AI-Chatbot-Plugin zu Webnode hinzu?<\/h2><p>Wenn Sie das AI-Chatbot zu Ihrer Webnode-Website hinzuf\u00fcgen m\u00f6chten, folgen Sie den unten stehenden Schritten:<\/p><ol><li><b>Personalisieren Sie das Widget.<\/b><br>W\u00e4hlen Sie zu Beginn eine der vorgefertigten Vorlagen aus. Danach k\u00f6nnen Sie den Chatbot trainieren, die Funktionen einrichten und das Erscheinungsbild nach Ihren gesch\u00e4ftlichen Pr\u00e4ferenzen \u00e4ndern.<\/li><li><b>Generieren Sie den Embed-Code.<\/b><br>Speichern Sie die endg\u00fcltigen Ergebnisse und kopieren Sie den automatisch generierten Installationscode.<\/li><li><b>F\u00fcgen Sie den Code in Ihren Website-Editor ein.<\/b><br>Gehen Sie zum Admin-Dashboard Ihrer Website, f\u00fcgen Sie den Shortcode an der gew\u00fcnschten Stelle ein und aktualisieren Sie die Seite. Fertig!<\/li><\/ol><p>Falls Sie auf Fragen sto\u00dfen oder auf Probleme sto\u00dfen, z\u00f6gern Sie nicht, unsere Kundenbetreuung zu kontaktieren. Unsere Mitarbeiter helfen Ihnen gerne mit allen Fragen, die Sie zum Widget haben k\u00f6nnten.<\/p><div class=\"faq\" data-component=\"FAQ\"><div class=\"faq-item\">\r\n\t\t\t\t\t<div class=\"faq-item-question\">\r\n\t\t\t\t\t\t<h3 class=\"faq-item-question-text\">Wie f\u00fcge ich meine Gesch\u00e4ftsinformationen zum AI-Chatbot-Widget hinzu?<\/h3>\r\n\r\n\t\t\t\t\t\t<div class=\"faq-item-question-icon\"><\/div>\r\n\t\t\t\t\t<\/div>\r\n\r\n\t\t\t\t\t<div class=\"faq-item-answer\">\r\n\t\t\t\t\t\t<div class=\"faq-item-answer-text\"><p>Um Ihre Informationen hinzuzuf\u00fcgen, gehen Sie zum Tab &#8222;Training&#8220; und w\u00e4hlen Sie eines der bereitgestellten Formate aus: Dokumentdateien, spezifische Q&amp;A-Sets oder einfache Textbl\u00f6cke.<\/p><\/div>\r\n\t\t\t\t\t<\/div>\r\n\t\t\t\t<\/div><div class=\"faq-item\">\r\n\t\t\t\t\t<div class=\"faq-item-question\">\r\n\t\t\t\t\t\t<h3 class=\"faq-item-question-text\">Wie erstelle ich schnelle Antworten f\u00fcr den AI-Chatbot?<\/h3>\r\n\r\n\t\t\t\t\t\t<div class=\"faq-item-question-icon\"><\/div>\r\n\t\t\t\t\t<\/div>\r\n\r\n\t\t\t\t\t<div class=\"faq-item-answer\">\r\n\t\t\t\t\t\t<div class=\"faq-item-answer-text\"><p>Sie k\u00f6nnen diese direkt im Konfigurator des AI-Chatbots hinzuf\u00fcgen, indem Sie zum Men\u00fc &#8222;Begr\u00fc\u00dfung&#8220; gehen. Dort finden Sie das Feld, in dem Sie einen interessanten Gespr\u00e4chseinstieg oder eine h\u00e4ufig gestellte Frage eingeben k\u00f6nnen.<\/p><\/div>\r\n\t\t\t\t\t<\/div>\r\n\t\t\t\t<\/div><div class=\"faq-item\">\r\n\t\t\t\t\t<div class=\"faq-item-question\">\r\n\t\t\t\t\t\t<h3 class=\"faq-item-question-text\">Was macht das Elfsight AI-Chatbot-Widget zum besten f\u00fcr meine Webnode-Website?<\/h3>\r\n\r\n\t\t\t\t\t\t<div class=\"faq-item-question-icon\"><\/div>\r\n\t\t\t\t\t<\/div>\r\n\r\n\t\t\t\t\t<div class=\"faq-item-answer\">\r\n\t\t\t\t\t\t<div class=\"faq-item-answer-text\"><p>Das AI-Chatbot-Widget ist eine zero-coding Chat-L\u00f6sung, die vom neuesten AI-Modell betrieben wird und bereit ist, mit den Informationen Ihres Unternehmens trainiert zu werden. Mit einer benutzerfreundlichen Oberfl\u00e4che und vielen Anpassungsoptionen k\u00f6nnen Sie jederzeit Kundenbetreuung mit einer personalisierten Erfahrung bieten und immer informiert bleiben mit kontinuierlichen Berichten. \u00dcberzeugen Sie sich selbst, wie bequem und schnell es mit Elfsight sein kann!<\/p><\/div>\r\n\t\t\t\t\t<\/div>\r\n\t\t\t\t<\/div><\/div><\/div>","protected":false},"excerpt":{"rendered":"","protected":false},"author":9,"featured_media":0,"parent":23426,"menu_order":0,"comment_status":"closed","ping_status":"closed","template":"templates\/template-application-platform.php","meta":{"publish_to_discourse":"","publish_post_category":"","wpdc_auto_publish_overridden":"","wpdc_topic_tags":"","wpdc_pin_topic":"","wpdc_pin_until":"","discourse_post_id":"","discourse_permalink":"","wpdc_publishing_response":"","wpdc_publishing_error":"","footnotes":""},"class_list":["post-23793","page","type-page","status-publish","hentry"],"yoast_head":"<!-- This site is optimized with the Yoast SEO plugin v25.3.1 - https:\/\/yoast.com\/wordpress\/plugins\/seo\/ -->\n<title>Webnode AI Chatbot-Widget \u2013 F\u00fcge AI Chatbot zu Webnode hinzu [KOSTENLOS]<\/title>\n<meta name=\"description\" content=\"F\u00fcge das beste AI Chatbot-Widget zu deiner Webnode-Website hinzu, ganz ohne Programmierung. Optimiere den Kundensupport mit einer einfachen Einbettung!\" \/>\n<meta name=\"robots\" content=\"index, follow, max-snippet:-1, max-image-preview:large, max-video-preview:-1\" \/>\n<link rel=\"canonical\" href=\"https:\/\/elfsight.com\/de\/ai-chatbot-widget\/webnode\/\" \/>\n<meta property=\"og:locale\" content=\"de_DE\" \/>\n<meta property=\"og:type\" content=\"article\" \/>\n<meta property=\"og:title\" content=\"Webnode AI Chatbot-Widget \u2013 F\u00fcge AI Chatbot zu Webnode hinzu [KOSTENLOS]\" \/>\n<meta property=\"og:description\" content=\"F\u00fcge das beste AI Chatbot-Widget zu deiner Webnode-Website hinzu, ganz ohne Programmierung. Optimiere den Kundensupport mit einer einfachen Einbettung!\" \/>\n<meta property=\"og:url\" content=\"https:\/\/elfsight.com\/de\/ai-chatbot-widget\/webnode\/\" \/>\n<meta property=\"og:site_name\" content=\"Elfsight DE\" \/>\n<meta property=\"article:modified_time\" content=\"2025-07-08T09:41:21+00:00\" \/>\n<meta name=\"twitter:card\" content=\"summary_large_image\" \/>\n<meta name=\"twitter:label1\" content=\"Gesch\u00e4tzte Lesezeit\" \/>\n\t<meta name=\"twitter:data1\" content=\"3\u00a0Minuten\" \/>\n<!-- \/ Yoast SEO plugin. -->","yoast_head_json":{"title":"Webnode AI Chatbot-Widget \u2013 F\u00fcge AI Chatbot zu Webnode hinzu [KOSTENLOS]","description":"F\u00fcge das beste AI Chatbot-Widget zu deiner Webnode-Website hinzu, ganz ohne Programmierung. Optimiere den Kundensupport mit einer einfachen Einbettung!","robots":{"index":"index","follow":"follow","max-snippet":"max-snippet:-1","max-image-preview":"max-image-preview:large","max-video-preview":"max-video-preview:-1"},"canonical":"https:\/\/elfsight.com\/de\/ai-chatbot-widget\/webnode\/","og_locale":"de_DE","og_type":"article","og_title":"Webnode AI Chatbot-Widget \u2013 F\u00fcge AI Chatbot zu Webnode hinzu [KOSTENLOS]","og_description":"F\u00fcge das beste AI Chatbot-Widget zu deiner Webnode-Website hinzu, ganz ohne Programmierung. Optimiere den Kundensupport mit einer einfachen Einbettung!","og_url":"https:\/\/elfsight.com\/de\/ai-chatbot-widget\/webnode\/","og_site_name":"Elfsight DE","article_modified_time":"2025-07-08T09:41:21+00:00","twitter_card":"summary_large_image","twitter_misc":{"Gesch\u00e4tzte Lesezeit":"3\u00a0Minuten"},"schema":{"@context":"https:\/\/schema.org","@graph":[{"@type":"WebPage","@id":"https:\/\/elfsight.com\/de\/ai-chatbot-widget\/webnode\/","url":"https:\/\/elfsight.com\/de\/ai-chatbot-widget\/webnode\/","name":"Webnode AI Chatbot-Widget \u2013 F\u00fcge AI Chatbot zu Webnode hinzu [KOSTENLOS]","isPartOf":{"@id":"https:\/\/elfsight.com\/de\/#website"},"datePublished":"2024-12-28T09:29:43+00:00","dateModified":"2025-07-08T09:41:21+00:00","description":"F\u00fcge das beste AI Chatbot-Widget zu deiner Webnode-Website hinzu, ganz ohne Programmierung. Optimiere den Kundensupport mit einer einfachen Einbettung!","breadcrumb":{"@id":"https:\/\/elfsight.com\/de\/ai-chatbot-widget\/webnode\/#breadcrumb"},"inLanguage":"de","potentialAction":[{"@type":"ReadAction","target":["https:\/\/elfsight.com\/de\/ai-chatbot-widget\/webnode\/"]}]},{"@type":"BreadcrumbList","@id":"https:\/\/elfsight.com\/de\/ai-chatbot-widget\/webnode\/#breadcrumb","itemListElement":[{"@type":"ListItem","position":1,"name":"Home","item":"https:\/\/elfsight.com\/de\/"},{"@type":"ListItem","position":2,"name":"AI Chatbot","item":"https:\/\/elfsight.com\/de\/ai-chatbot-widget\/"},{"@type":"ListItem","position":3,"name":"AI Chatbot &#8211; Webnode"}]},{"@type":"WebSite","@id":"https:\/\/elfsight.com\/de\/#website","url":"https:\/\/elfsight.com\/de\/","name":"Elfsight DE","description":"Just another Elfsight Sites site","potentialAction":[{"@type":"SearchAction","target":{"@type":"EntryPoint","urlTemplate":"https:\/\/elfsight.com\/de\/?s={search_term_string}"},"query-input":{"@type":"PropertyValueSpecification","valueRequired":true,"valueName":"search_term_string"}}],"inLanguage":"de"}]}},"meta_box":{"industry":"","seo_heading":"","heading":"","description":"","cta_heading":"","cta_description":"","application":"23425","h1":"F\u00fcge den AI Chatbot zu deiner Webnode-Website hinzu","h1_caption":"Erstelle den besten AI Chatbot, speziell auf deine Gesch\u00e4ftsdaten trainiert, um den Kundensupport zu automatisieren, Leads zu erfassen und sofortige, pr\u00e4zise Antworten auf der Webnode-Website zu liefern \u2013 24\/7.","application_category":[],"applications_title":"","applications_request_title":"","applications_request_button_text":"","hero_text":"","hero_video":"","hero_video_schema_markup":"","selling_points_title":"","selling_points_caption":"","selling_points":[],"selling_points_cta_text":"","features_title":"","features":"","ed_cta_examples_text":"","ed_cta_examples_hidden":"","ed_cta_demo_text":"","ed_cta_demo_hidden":"","why_caption":"","why_editor_title":"","why_editor_text":"","why_team_title":"","why_team_text":"","why_service_title":"","why_service_text":"","template_catalog_visible":"","template_catalog_title":"","template_catalog_text":"","template_catalog_categories_visible":"","demo_title":"Erstelle dein AI Chatbot-Plugin","demo_caption":"Konfiguriere den AI Chatbot und f\u00fcge ihn kostenlos zu deiner Webnode-Website hinzu!","default_faq_hidden":"","app_template_category":[],"platform":"248","template_public_id":"","codecanyon_url":"","codecanyon_item_id":"","codecanyon_price":"","pricing_caption":"","pricing_elfsight_apps_hide_column":"","pricing_elfsight_apps_url":"","pricing_codecanyon_price_caption":"","integration_category":[],"integration_request_title":"","integration_request_cta":"","integration_platform":"","integrations":[],"platform_category":[],"video_schema_markup":"","price":"ab $0 \/ Monat","trial":"","benefits":[{"text":"Kostenlose Installationshilfe"},{"text":"Erfahrener Kundensupport"},{"text":"14-Tage R\u00fcckerstattungs-Garantie"},{"text":"Laufende kostenlose Verbesserungen"},{"text":""}],"button_url":"#demo","button_target_blank":"","button_nofollow":"","attributes":[{"name":"Installationen","content":"50,000 - 100,000"},{"name":"Reaktionsschnell","content":"Ja"},{"name":"Kompatible Browser","content":"Firefox, Safari, Opera, Chrome, Edge"}],"tags":[],"tags_disable_links":"","hide_more_platforms":"","video_object":"","demo_hide_cta":"","demo_hide_cloud_options":"","pricing_title":"","pricing":[{"pricing_icon":"platform","pricing_title":"Elfsight Apps","pricing_title_caption":"Mehrplattform-Software, die f\u00fcr jede Website geeignet ist","pricing_price":"ab $0 \/ Monat","pricing_price_caption":"Starte mit einem kostenlosen Plan","pricing_benefits":[{"text":"Unbegrenzte Websites"},{"text":"Engagierter Kundensupport"},{"text":"Geb\u00fchrenfreier Installationsservice"},{"text":"100 % anpassbar"}],"pricing_button_text":"Zur Website hinzuf\u00fcgen","pricing_button_url":"#demo"}],"related_apps_title":"","related_apps_hidden":"","author":"","image":[],"title":"","job":"","social_networks":[]},"_links":{"self":[{"href":"https:\/\/elfsight.com\/de\/wp-json\/wp\/v2\/pages\/23793","targetHints":{"allow":["GET"]}}],"collection":[{"href":"https:\/\/elfsight.com\/de\/wp-json\/wp\/v2\/pages"}],"about":[{"href":"https:\/\/elfsight.com\/de\/wp-json\/wp\/v2\/types\/page"}],"author":[{"embeddable":true,"href":"https:\/\/elfsight.com\/de\/wp-json\/wp\/v2\/users\/9"}],"replies":[{"embeddable":true,"href":"https:\/\/elfsight.com\/de\/wp-json\/wp\/v2\/comments?post=23793"}],"version-history":[{"count":1,"href":"https:\/\/elfsight.com\/de\/wp-json\/wp\/v2\/pages\/23793\/revisions"}],"predecessor-version":[{"id":23797,"href":"https:\/\/elfsight.com\/de\/wp-json\/wp\/v2\/pages\/23793\/revisions\/23797"}],"up":[{"embeddable":true,"href":"https:\/\/elfsight.com\/de\/wp-json\/wp\/v2\/pages\/23426"}],"wp:attachment":[{"href":"https:\/\/elfsight.com\/de\/wp-json\/wp\/v2\/media?parent=23793"}],"curies":[{"name":"wp","href":"https:\/\/api.w.org\/{rel}","templated":true}]}}