{"id":23792,"date":"2024-12-28T09:33:45","date_gmt":"2024-12-28T09:33:45","guid":{"rendered":"https:\/\/elfsight.com\/de\/?page_id=23792"},"modified":"2025-07-08T09:40:05","modified_gmt":"2025-07-08T09:40:05","slug":"jimdo","status":"publish","type":"page","link":"https:\/\/elfsight.com\/de\/ai-chatbot-widget\/jimdo\/","title":{"rendered":"AI Chatbot &#8211; Jimdo"},"content":{"rendered":"<div class=\"application-platform-content-item-description application-platform-content-item\" id=\"description\" data-nav-section=\"description\"><h2>AI-Chatbot auf Jimdo mit Elfsight-Widget einbetten!<\/h2><p>Erstellen Sie einen hochwertigen AI-Chatbot f\u00fcr Ihre Jimdo-Website, der speziell auf Ihre Wissensdatenbank, Support-Materialien oder Kunden-FAQs trainiert wurde. Lassen Sie ihn lernen und sich anpassen, um t\u00e4glich personalisierte Nachrichten zu liefern, die Ihren Nutzern besser dienen.<\/p><p>Optimieren Sie Kundenservice-Aufgaben, verk\u00fcrzen Sie Antwortzeiten und erfassen Sie Leads effizient ohne manuelle Arbeit. Bieten Sie rund um die Uhr Unterst\u00fctzung, sodass Ihre Kunden die ben\u00f6tigten Informationen erhalten \u2013 zu jeder Zeit und an jedem Ort!<\/p><p><b>F\u00fcgen Sie einen AI-Assistenten hinzu, um Fragen zu beantworten, Dilemmata zu l\u00f6sen und Ihre Verk\u00e4ufe zu steigern!<\/b><\/p><\/div><div class=\"application-platform-content-item-features application-platform-content-item\" id=\"features\" data-nav-section=\"features\"><h2>Die grundlegenden Widget-Funktionen bieten:<\/h2><ul><li><b>Automatisieren Sie Ihre Kundenkommunikation.<\/b> Optimieren Sie schnelle Antworten, bieten Sie rund um die Uhr Verf\u00fcgbarkeit und steigern Sie die Effizienz mit minimaler Konfiguration \u2013 verwalten Sie unbegrenzt Chats und Nutzer nahtlos!<\/li><li><b>Liefern Sie eine personalisierte Erfahrung.<\/b> Lassen Sie jeden Kunden sich besonders f\u00fchlen und schaffen Sie die beste Erfahrung durch personalisierte Antworten, die sie mit Namen ansprechen, fr\u00fchere Gespr\u00e4che verfolgen und Follow-up-Nachrichten senden.<\/li><li><b>Trainieren Sie den Chatbot mit Gesch\u00e4ftseinblicken.<\/b> Statten Sie den AI-Chatbot mit Ihrem speziellen Wissen aus, indem Sie Dokumente hochladen, einschlie\u00dflich Q&amp;A-Sets, und die Inhalte Ihrer Seite f\u00fcr den Instruktionsgenerator verwenden, um korrekte und anwendbare Antworten ma\u00dfgeschneidert f\u00fcr Ihr Gesch\u00e4ft zu gew\u00e4hrleisten.<\/li><li><b>Erhalten Sie Kundeninformationen per E-Mail.<\/b> Bleiben Sie informiert und nutzen Sie wertvolle Einblicke, indem Sie vollst\u00e4ndige Chat-Transkripte direkt in Ihrem Posteingang erhalten, einschlie\u00dflich wichtiger Kontaktinformationen f\u00fcr die Lead-Generierung und Service-Verbesserung.<\/li><li><b>Entdecken Sie eine breite Auswahl an Vorlagen.<\/b> Setzen Sie Ihren AI-Chatbot im Handumdrehen mit unserer Sammlung von gebrauchsfertigen Vorlagen um. Sie decken eine Vielzahl von Branchen und Funktionen ab, jede mit speziellen Anweisungen f\u00fcr eine sofortige Implementierung.<\/li><\/ul><p><a href=\"#demo\">Sie k\u00f6nnen sehen, was das Widget mit dem Konfigurator bietet<\/a><\/p><\/div><div class=\"application-platform-content-item-installation application-platform-content-item\" id=\"installation\" data-nav-section=\"installation\"><h2>Wie f\u00fcge ich das AI-Chatbot-Plugin zu Jimdo hinzu?<\/h2><p>Um das AI-Chatbot zu Ihrer Jimdo-Website hinzuzuf\u00fcgen, folgen Sie diesen Anweisungen:<\/p><ol><li><b>Personalisieren Sie das Widget.<\/b><br>W\u00e4hlen Sie eine vorgefertigte Vorlage aus, um loszulegen. Danach k\u00f6nnen Sie Ihren Chatbot trainieren, die Funktionen anpassen und das Erscheinungsbild entsprechend Ihren Gesch\u00e4ftszielen \u00e4ndern.<\/li><li><b>Holen Sie sich den Embed-Code.<\/b><br>Speichern Sie die \u00c4nderungen und kopieren Sie den bereitgestellten Embed-Code.<\/li><li><b>F\u00fcgen Sie den Code in Ihren Website-Builder ein.<\/b><br>Loggen Sie sich in das Admin-Dashboard Ihrer Website ein, f\u00fcgen Sie den Code an der ben\u00f6tigten Stelle ein und aktualisieren Sie die Seite. Fertig!<\/li><\/ol><p>Falls Sie auf Probleme sto\u00dfen, z\u00f6gern Sie nicht, unser Support-Team zu kontaktieren. Unsere Spezialisten helfen Ihnen gerne bei allen Fragen, die Sie zum Widget haben k\u00f6nnten.<\/p><div class=\"faq\" data-component=\"FAQ\"><div class=\"faq-item\">\r\n\t\t\t\t\t<div class=\"faq-item-question\">\r\n\t\t\t\t\t\t<h3 class=\"faq-item-question-text\">Wie kann ich meine Gesch\u00e4ftsinformationen zum AI-Chatbot-Widget hinzuf\u00fcgen?<\/h3>\r\n\r\n\t\t\t\t\t\t<div class=\"faq-item-question-icon\"><\/div>\r\n\t\t\t\t\t<\/div>\r\n\r\n\t\t\t\t\t<div class=\"faq-item-answer\">\r\n\t\t\t\t\t\t<div class=\"faq-item-answer-text\"><p>Um Ihre Daten hinzuzuf\u00fcgen, gehen Sie zum Tab &#8222;Training&#8220; und w\u00e4hlen Sie eines der verf\u00fcgbaren Formate aus: Dokumentdateien, spezifische Q&amp;A-Paare oder einfache Textbl\u00f6cke.<\/p><\/div>\r\n\t\t\t\t\t<\/div>\r\n\t\t\t\t<\/div><div class=\"faq-item\">\r\n\t\t\t\t\t<div class=\"faq-item-question\">\r\n\t\t\t\t\t\t<h3 class=\"faq-item-question-text\">Wie erstelle ich schnelle Antworten f\u00fcr den AI-Chatbot?<\/h3>\r\n\r\n\t\t\t\t\t\t<div class=\"faq-item-question-icon\"><\/div>\r\n\t\t\t\t\t<\/div>\r\n\r\n\t\t\t\t\t<div class=\"faq-item-answer\">\r\n\t\t\t\t\t\t<div class=\"faq-item-answer-text\"><p>Sie k\u00f6nnen diese direkt im Editor des AI-Chatbots im Men\u00fc &#8222;Begr\u00fc\u00dfung&#8220; hinzuf\u00fcgen. Sie finden das Feld, in dem Sie einen interessanten Gespr\u00e4chseinstieg oder eine h\u00e4ufig gestellte Frage eintragen k\u00f6nnen.<\/p><\/div>\r\n\t\t\t\t\t<\/div>\r\n\t\t\t\t<\/div><div class=\"faq-item\">\r\n\t\t\t\t\t<div class=\"faq-item-question\">\r\n\t\t\t\t\t\t<h3 class=\"faq-item-question-text\">Was macht das Elfsight AI-Chatbot-Widget zum besten f\u00fcr meine Jimdo-Website?<\/h3>\r\n\r\n\t\t\t\t\t\t<div class=\"faq-item-question-icon\"><\/div>\r\n\t\t\t\t\t<\/div>\r\n\r\n\t\t\t\t\t<div class=\"faq-item-answer\">\r\n\t\t\t\t\t\t<div class=\"faq-item-answer-text\"><p>Das AI-Chatbot-Widget ist eine codefreie Chat-L\u00f6sung, die von der fortschrittlichsten AI-Technologie unterst\u00fctzt wird und bereit ist, mit Ihren organisatorischen Daten trainiert zu werden. Mit einer benutzerfreundlichen Oberfl\u00e4che und mehreren Anpassungsoptionen k\u00f6nnen Sie rund um die Uhr Kundenservice mit einer personalisierten Erfahrung bieten und bleiben immer informiert durch regelm\u00e4\u00dfige Berichte. Erleben Sie selbst, wie einfach und schnell es mit Elfsight sein kann!<\/p><\/div>\r\n\t\t\t\t\t<\/div>\r\n\t\t\t\t<\/div><\/div><\/div>","protected":false},"excerpt":{"rendered":"","protected":false},"author":9,"featured_media":0,"parent":23426,"menu_order":0,"comment_status":"closed","ping_status":"closed","template":"templates\/template-application-platform.php","meta":{"publish_to_discourse":"","publish_post_category":"","wpdc_auto_publish_overridden":"","wpdc_topic_tags":"","wpdc_pin_topic":"","wpdc_pin_until":"","discourse_post_id":"","discourse_permalink":"","wpdc_publishing_response":"","wpdc_publishing_error":"","footnotes":""},"class_list":["post-23792","page","type-page","status-publish","hentry"],"yoast_head":"<!-- This site is optimized with the Yoast SEO plugin v25.3.1 - https:\/\/yoast.com\/wordpress\/plugins\/seo\/ -->\n<title>Jimdo AI Chatbot-Widget \u2013 F\u00fcge AI Chatbot zu Jimdo hinzu [KOSTENLOS]<\/title>\n<meta name=\"description\" content=\"F\u00fcge das beste AI Chatbot-Widget zu deiner Jimdo-Website hinzu, ganz ohne Programmierung. Vereinfache den Kundenservice mit einer unkomplizierten Einbettung!\" \/>\n<meta name=\"robots\" content=\"index, follow, max-snippet:-1, max-image-preview:large, max-video-preview:-1\" \/>\n<link rel=\"canonical\" href=\"https:\/\/elfsight.com\/de\/ai-chatbot-widget\/jimdo\/\" \/>\n<meta property=\"og:locale\" content=\"de_DE\" \/>\n<meta property=\"og:type\" content=\"article\" \/>\n<meta property=\"og:title\" content=\"Jimdo AI Chatbot-Widget \u2013 F\u00fcge AI Chatbot zu Jimdo hinzu [KOSTENLOS]\" \/>\n<meta property=\"og:description\" content=\"F\u00fcge das beste AI Chatbot-Widget zu deiner Jimdo-Website hinzu, ganz ohne Programmierung. Vereinfache den Kundenservice mit einer unkomplizierten Einbettung!\" \/>\n<meta property=\"og:url\" content=\"https:\/\/elfsight.com\/de\/ai-chatbot-widget\/jimdo\/\" \/>\n<meta property=\"og:site_name\" content=\"Elfsight DE\" \/>\n<meta property=\"article:modified_time\" content=\"2025-07-08T09:40:05+00:00\" \/>\n<meta name=\"twitter:card\" content=\"summary_large_image\" \/>\n<meta name=\"twitter:label1\" content=\"Gesch\u00e4tzte Lesezeit\" \/>\n\t<meta name=\"twitter:data1\" content=\"3\u00a0Minuten\" \/>\n<!-- \/ Yoast SEO plugin. -->","yoast_head_json":{"title":"Jimdo AI Chatbot-Widget \u2013 F\u00fcge AI Chatbot zu Jimdo hinzu [KOSTENLOS]","description":"F\u00fcge das beste AI Chatbot-Widget zu deiner Jimdo-Website hinzu, ganz ohne Programmierung. Vereinfache den Kundenservice mit einer unkomplizierten Einbettung!","robots":{"index":"index","follow":"follow","max-snippet":"max-snippet:-1","max-image-preview":"max-image-preview:large","max-video-preview":"max-video-preview:-1"},"canonical":"https:\/\/elfsight.com\/de\/ai-chatbot-widget\/jimdo\/","og_locale":"de_DE","og_type":"article","og_title":"Jimdo AI Chatbot-Widget \u2013 F\u00fcge AI Chatbot zu Jimdo hinzu [KOSTENLOS]","og_description":"F\u00fcge das beste AI Chatbot-Widget zu deiner Jimdo-Website hinzu, ganz ohne Programmierung. Vereinfache den Kundenservice mit einer unkomplizierten Einbettung!","og_url":"https:\/\/elfsight.com\/de\/ai-chatbot-widget\/jimdo\/","og_site_name":"Elfsight DE","article_modified_time":"2025-07-08T09:40:05+00:00","twitter_card":"summary_large_image","twitter_misc":{"Gesch\u00e4tzte Lesezeit":"3\u00a0Minuten"},"schema":{"@context":"https:\/\/schema.org","@graph":[{"@type":"WebPage","@id":"https:\/\/elfsight.com\/de\/ai-chatbot-widget\/jimdo\/","url":"https:\/\/elfsight.com\/de\/ai-chatbot-widget\/jimdo\/","name":"Jimdo AI Chatbot-Widget \u2013 F\u00fcge AI Chatbot zu Jimdo hinzu [KOSTENLOS]","isPartOf":{"@id":"https:\/\/elfsight.com\/de\/#website"},"datePublished":"2024-12-28T09:33:45+00:00","dateModified":"2025-07-08T09:40:05+00:00","description":"F\u00fcge das beste AI Chatbot-Widget zu deiner Jimdo-Website hinzu, ganz ohne Programmierung. Vereinfache den Kundenservice mit einer unkomplizierten Einbettung!","breadcrumb":{"@id":"https:\/\/elfsight.com\/de\/ai-chatbot-widget\/jimdo\/#breadcrumb"},"inLanguage":"de","potentialAction":[{"@type":"ReadAction","target":["https:\/\/elfsight.com\/de\/ai-chatbot-widget\/jimdo\/"]}]},{"@type":"BreadcrumbList","@id":"https:\/\/elfsight.com\/de\/ai-chatbot-widget\/jimdo\/#breadcrumb","itemListElement":[{"@type":"ListItem","position":1,"name":"Home","item":"https:\/\/elfsight.com\/de\/"},{"@type":"ListItem","position":2,"name":"AI Chatbot","item":"https:\/\/elfsight.com\/de\/ai-chatbot-widget\/"},{"@type":"ListItem","position":3,"name":"AI Chatbot &#8211; Jimdo"}]},{"@type":"WebSite","@id":"https:\/\/elfsight.com\/de\/#website","url":"https:\/\/elfsight.com\/de\/","name":"Elfsight DE","description":"Just another Elfsight Sites site","potentialAction":[{"@type":"SearchAction","target":{"@type":"EntryPoint","urlTemplate":"https:\/\/elfsight.com\/de\/?s={search_term_string}"},"query-input":{"@type":"PropertyValueSpecification","valueRequired":true,"valueName":"search_term_string"}}],"inLanguage":"de"}]}},"meta_box":{"industry":"","seo_heading":"","heading":"","description":"","cta_heading":"","cta_description":"","application":"23425","h1":"F\u00fcge den AI Chatbot zu deiner Jimdo-Website hinzu","h1_caption":"Erstelle den besten AI Chatbot, speziell auf deine Gesch\u00e4ftsdaten trainiert, um den Kundensupport zu automatisieren, Leads zu erfassen und sofortige, pr\u00e4zise Antworten auf der Jimdo-Website zu liefern \u2013 24\/7.","application_category":[],"applications_title":"","applications_request_title":"","applications_request_button_text":"","hero_text":"","hero_video":"","hero_video_schema_markup":"","selling_points_title":"","selling_points_caption":"","selling_points":[],"selling_points_cta_text":"","features_title":"","features":"","ed_cta_examples_text":"","ed_cta_examples_hidden":"","ed_cta_demo_text":"","ed_cta_demo_hidden":"","why_caption":"","why_editor_title":"","why_editor_text":"","why_team_title":"","why_team_text":"","why_service_title":"","why_service_text":"","template_catalog_visible":"","template_catalog_title":"","template_catalog_text":"","template_catalog_categories_visible":"","demo_title":"Erstelle dein AI Chatbot-Widget","demo_caption":"Konfiguriere den AI Chatbot und f\u00fcge ihn kostenlos zu deiner Jimdo-Website hinzu!","default_faq_hidden":"","app_template_category":[],"platform":"239","template_public_id":"","codecanyon_url":"","codecanyon_item_id":"","codecanyon_price":"","pricing_caption":"","pricing_elfsight_apps_hide_column":"","pricing_elfsight_apps_url":"","pricing_codecanyon_price_caption":"","integration_category":[],"integration_request_title":"","integration_request_cta":"","integration_platform":"","integrations":[],"platform_category":[],"video_schema_markup":"","price":"ab $0 \/ Monat","trial":"","benefits":[{"text":"Kostenlose Installationshilfe"},{"text":"Professioneller Kundenservice"},{"text":"14-Tage Geld-zur\u00fcck-Garantie"},{"text":"Kontinuierliche Entwicklung"},{"text":""}],"button_url":"#demo","button_target_blank":"","button_nofollow":"","attributes":[{"name":"Installationen","content":"50,000 - 100,000"},{"name":"Reaktionsschnell","content":"Ja"},{"name":"Kompatible Browser","content":"Firefox, Safari, Opera, Chrome, Edge"}],"tags":[],"tags_disable_links":"","hide_more_platforms":"","video_object":"","demo_hide_cta":"","demo_hide_cloud_options":"","pricing_title":"","pricing":[{"pricing_icon":"platform","pricing_title":"Elfsight Apps","pricing_title_caption":"Plattform\u00fcbergreifende digitale L\u00f6sung, die f\u00fcr jede Website geeignet ist","pricing_price":"ab $0 \/ Monat","pricing_price_caption":"Starte mit einem kostenlosen Plan","pricing_benefits":[{"text":"Unbegrenzte Websites"},{"text":"Professioneller und p\u00fcnktlicher Support"},{"text":"Kostenlose Installationshilfe"},{"text":"Vollst\u00e4ndig anpassbar"}],"pricing_button_text":"Zur Website hinzuf\u00fcgen","pricing_button_url":"#demo"}],"related_apps_title":"","related_apps_hidden":"","author":"","image":[],"title":"","job":"","social_networks":[]},"_links":{"self":[{"href":"https:\/\/elfsight.com\/de\/wp-json\/wp\/v2\/pages\/23792","targetHints":{"allow":["GET"]}}],"collection":[{"href":"https:\/\/elfsight.com\/de\/wp-json\/wp\/v2\/pages"}],"about":[{"href":"https:\/\/elfsight.com\/de\/wp-json\/wp\/v2\/types\/page"}],"author":[{"embeddable":true,"href":"https:\/\/elfsight.com\/de\/wp-json\/wp\/v2\/users\/9"}],"replies":[{"embeddable":true,"href":"https:\/\/elfsight.com\/de\/wp-json\/wp\/v2\/comments?post=23792"}],"version-history":[{"count":1,"href":"https:\/\/elfsight.com\/de\/wp-json\/wp\/v2\/pages\/23792\/revisions"}],"predecessor-version":[{"id":23796,"href":"https:\/\/elfsight.com\/de\/wp-json\/wp\/v2\/pages\/23792\/revisions\/23796"}],"up":[{"embeddable":true,"href":"https:\/\/elfsight.com\/de\/wp-json\/wp\/v2\/pages\/23426"}],"wp:attachment":[{"href":"https:\/\/elfsight.com\/de\/wp-json\/wp\/v2\/media?parent=23792"}],"curies":[{"name":"wp","href":"https:\/\/api.w.org\/{rel}","templated":true}]}}