{"id":23787,"date":"2024-12-28T09:37:22","date_gmt":"2024-12-28T09:37:22","guid":{"rendered":"https:\/\/elfsight.com\/de\/?page_id=23787"},"modified":"2025-06-11T08:50:59","modified_gmt":"2025-06-11T08:50:59","slug":"facebook","status":"publish","type":"page","link":"https:\/\/elfsight.com\/de\/ai-chatbot-widget\/facebook\/","title":{"rendered":"AI Chatbot &#8211; Facebook Page"},"content":{"rendered":"<div class=\"application-platform-content-item-description application-platform-content-item\" id=\"description\" data-nav-section=\"description\"><h2>AI-Chatbot auf Facebook-Seite mit dem Elfsight-Widget einbetten!<\/h2><p>Erstellen Sie einen erstklassigen AI-Chatbot f\u00fcr Ihre Facebook-Seite, der speziell auf Ihre Wissensdatenbank, Support-Dokumente oder Kunden-FAQs trainiert wurde. Erm\u00f6glichen Sie es ihm, zu lernen und sich anzupassen, um t\u00e4glich personalisierte Nachrichten zu liefern und das Nutzerengagement zu steigern.<\/p><p>Optimieren Sie nahtlos Kundenservice-Aufgaben, verringern Sie die Antwortzeiten und erfassen Sie Leads effizient ohne manuelle Eingriffe. Bieten Sie rund um die Uhr Unterst\u00fctzung, sodass Ihre Kunden die Antworten erhalten, die sie brauchen \u2013 zu jeder Zeit und an jedem Ort!<\/p><p><b>F\u00fcgen Sie einen AI-Assistenten hinzu, um Fragen zu beantworten, Probleme zu l\u00f6sen und Ihre Verk\u00e4ufe zu steigern!<\/b><\/p><\/div><div class=\"application-platform-content-item-features application-platform-content-item\" id=\"features\" data-nav-section=\"features\"><h2>Das Widget bietet praktische und einfache Funktionen, hier einige davon:<\/h2><ul><li><b>Automatisieren Sie Ihre Kundenkommunikation.<\/b> Optimieren Sie schnelle Antworten, bieten Sie rund um die Uhr Unterst\u00fctzung und verbessern Sie die Effizienz mit minimalem Aufwand \u2013 verwalten Sie unbegrenzt Chats und Nutzer m\u00fchelos!<\/li><li><b>Stellen Sie eine personalisierte Erfahrung bereit.<\/b> Lassen Sie jeden Kunden sich gesch\u00e4tzt f\u00fchlen und schaffen Sie die beste Erfahrung mit personalisierten Antworten, die sie mit Namen ansprechen, fr\u00fchere Gespr\u00e4che verfolgen und Follow-up-Nachrichten senden.<\/li><li><b>Trainieren Sie den Chatbot mit Unternehmensdaten.<\/b> St\u00e4rken Sie den AI-Chatbot mit Ihrem speziellen Wissen, indem Sie Dateien hochladen, einschlie\u00dflich Q&amp;A-Paaren, und auf die Inhalte Ihrer Seite zur\u00fcckgreifen, um den Instruktionsgenerator zu f\u00fcttern, damit pr\u00e4zise und relevante Antworten f\u00fcr Ihr Gesch\u00e4ftsumfeld gew\u00e4hrleistet werden.<\/li><li><b>Erhalten Sie Kundeninformationen per E-Mail.<\/b> Bleiben Sie informiert und erhalten Sie wertvolle Einblicke, indem Sie vollst\u00e4ndige Chat-Transkripte direkt in Ihrem Posteingang erhalten, einschlie\u00dflich wichtiger Kontaktinformationen f\u00fcr die Lead-Generierung und Service-Optimierung.<\/li><li><b>Entdecken Sie eine Vielzahl von Vorlagen.<\/b> Richten Sie Ihren AI-Chatbot schnell mit unserer Sammlung von vorgefertigten Vorlagen ein. Sie decken verschiedene Sektoren und Funktionen ab, wobei jede speziell zugeschnittene Anweisungen f\u00fcr sofortige Ergebnisse enth\u00e4lt.<\/li><\/ul><p><a href=\"#demo\">Entdecken Sie die vollst\u00e4ndigen Funktionen des Widgets im Konfigurator auf dieser Seite<\/a><\/p><\/div><div class=\"application-platform-content-item-installation application-platform-content-item\" id=\"installation\" data-nav-section=\"installation\"><h2>Wie f\u00fcge ich das AI-Chatbot-Plugin zu meiner Facebook-Seite hinzu?<\/h2><p>Um das AI-Chatbot zu Ihrer Facebook-Seite hinzuzuf\u00fcgen, gehen Sie folgenderma\u00dfen vor:<\/p><ol><li><b>Personalisieren Sie das Widget.<\/b><br>Beginnen Sie mit der Auswahl einer der vorgefertigten Vorlagen. Passen Sie anschlie\u00dfend den Chatbot an, ordnen Sie die Funktionen und gestalten Sie das Design gem\u00e4\u00df Ihren gesch\u00e4ftlichen Pr\u00e4ferenzen.<\/li><li><b>Holen Sie sich den Embed-Code.<\/b><br>Speichern Sie die Anpassungen und kopieren Sie den generierten Einbettungscode.<\/li><li><b>F\u00fcgen Sie den Code in Ihren Website-Editor ein.<\/b><br>Greifen Sie auf das Admin-Panel Ihrer Website zu, f\u00fcgen Sie den Code an der entsprechenden Stelle ein und aktualisieren Sie die Seite. So einfach ist das!<\/li><\/ol><p>Bei Fragen oder Problemen wenden Sie sich gerne an unser Support-Team. Unsere Berater helfen Ihnen gerne dabei, alle Schwierigkeiten mit dem Widget zu l\u00f6sen.<\/p><div class=\"faq\" data-component=\"FAQ\"><div class=\"faq-item\">\r\n\t\t\t\t\t<div class=\"faq-item-question\">\r\n\t\t\t\t\t\t<h3 class=\"faq-item-question-text\">Wie f\u00fcge ich meine Gesch\u00e4ftsinformationen zum AI-Chatbot-Widget hinzu?<\/h3>\r\n\r\n\t\t\t\t\t\t<div class=\"faq-item-question-icon\"><\/div>\r\n\t\t\t\t\t<\/div>\r\n\r\n\t\t\t\t\t<div class=\"faq-item-answer\">\r\n\t\t\t\t\t\t<div class=\"faq-item-answer-text\"><p>Um Ihre Informationen hinzuzuf\u00fcgen, \u00f6ffnen Sie den Tab &#8222;Training&#8220; und w\u00e4hlen Sie eines der bestehenden Formate: Dokumentdateien, spezifische Q&amp;A-Paare oder einfache Textbl\u00f6cke.<\/p><\/div>\r\n\t\t\t\t\t<\/div>\r\n\t\t\t\t<\/div><div class=\"faq-item\">\r\n\t\t\t\t\t<div class=\"faq-item-question\">\r\n\t\t\t\t\t\t<h3 class=\"faq-item-question-text\">Wie erstelle ich schnelle Antworten f\u00fcr den AI-Chatbot?<\/h3>\r\n\r\n\t\t\t\t\t\t<div class=\"faq-item-question-icon\"><\/div>\r\n\t\t\t\t\t<\/div>\r\n\r\n\t\t\t\t\t<div class=\"faq-item-answer\">\r\n\t\t\t\t\t\t<div class=\"faq-item-answer-text\"><p>Sie k\u00f6nnen sie direkt im Editor des AI-Chatbots im Men\u00fc &#8222;Begr\u00fc\u00dfung&#8220; hinzuf\u00fcgen. Sie finden das Feld, in dem Sie einen ansprechenden Gespr\u00e4chseinstieg oder eine h\u00e4ufige Frage einf\u00fcgen k\u00f6nnen.<\/p><\/div>\r\n\t\t\t\t\t<\/div>\r\n\t\t\t\t<\/div><div class=\"faq-item\">\r\n\t\t\t\t\t<div class=\"faq-item-question\">\r\n\t\t\t\t\t\t<h3 class=\"faq-item-question-text\">Was macht das Elfsight AI-Chatbot-Widget zum besten f\u00fcr meine Facebook-Seite?<\/h3>\r\n\r\n\t\t\t\t\t\t<div class=\"faq-item-question-icon\"><\/div>\r\n\t\t\t\t\t<\/div>\r\n\r\n\t\t\t\t\t<div class=\"faq-item-answer\">\r\n\t\t\t\t\t\t<div class=\"faq-item-answer-text\"><p>Das AI-Chatbot-Widget ist eine codefreie Chat-L\u00f6sung, die vom fortschrittlichsten AI-Modell unterst\u00fctzt wird und bereit ist, mit Ihren Gesch\u00e4ftseinblicken trainiert zu werden. Mit einer benutzerfreundlichen Oberfl\u00e4che und verschiedenen Anpassungsoptionen k\u00f6nnen Sie rund um die Uhr Kundenservice mit einer personalisierten Erfahrung bieten und bleiben immer informiert durch regelm\u00e4\u00dfige Berichte. Erleben Sie selbst, wie einfach und schnell es mit Elfsight sein kann!<\/p><\/div>\r\n\t\t\t\t\t<\/div>\r\n\t\t\t\t<\/div><\/div><\/div>","protected":false},"excerpt":{"rendered":"","protected":false},"author":9,"featured_media":0,"parent":23426,"menu_order":0,"comment_status":"closed","ping_status":"closed","template":"templates\/template-application-platform.php","meta":{"publish_to_discourse":"","publish_post_category":"","wpdc_auto_publish_overridden":"","wpdc_topic_tags":"","wpdc_pin_topic":"","wpdc_pin_until":"","discourse_post_id":"","discourse_permalink":"","wpdc_publishing_response":"","wpdc_publishing_error":"","footnotes":""},"class_list":["post-23787","page","type-page","status-publish","hentry"],"yoast_head":"<!-- This site is optimized with the Yoast SEO plugin v25.3.1 - https:\/\/yoast.com\/wordpress\/plugins\/seo\/ -->\n<title>Facebook Page AI Chatbot-Widget \u2013 F\u00fcge AI Chatbot zu Facebook Page hinzu [KOSTENLOS]<\/title>\n<meta name=\"description\" content=\"F\u00fcge das beste AI Chatbot-Widget zu deiner Facebook Page-Website hinzu, ganz ohne Programmierung. Automatisiere den Kundenservice mit einer einfachen Einbettung!\" \/>\n<meta name=\"robots\" content=\"index, follow, max-snippet:-1, max-image-preview:large, max-video-preview:-1\" \/>\n<link rel=\"canonical\" href=\"https:\/\/elfsight.com\/de\/ai-chatbot-widget\/facebook\/\" \/>\n<meta property=\"og:locale\" content=\"de_DE\" \/>\n<meta property=\"og:type\" content=\"article\" \/>\n<meta property=\"og:title\" content=\"Facebook Page AI Chatbot-Widget \u2013 F\u00fcge AI Chatbot zu Facebook Page hinzu [KOSTENLOS]\" \/>\n<meta property=\"og:description\" content=\"F\u00fcge das beste AI Chatbot-Widget zu deiner Facebook Page-Website hinzu, ganz ohne Programmierung. Automatisiere den Kundenservice mit einer einfachen Einbettung!\" \/>\n<meta property=\"og:url\" content=\"https:\/\/elfsight.com\/de\/ai-chatbot-widget\/facebook\/\" \/>\n<meta property=\"og:site_name\" content=\"Elfsight DE\" \/>\n<meta property=\"article:modified_time\" content=\"2025-06-11T08:50:59+00:00\" \/>\n<meta name=\"twitter:card\" content=\"summary_large_image\" \/>\n<meta name=\"twitter:label1\" content=\"Gesch\u00e4tzte Lesezeit\" \/>\n\t<meta name=\"twitter:data1\" content=\"4\u00a0Minuten\" \/>\n<!-- \/ Yoast SEO plugin. -->","yoast_head_json":{"title":"Facebook Page AI Chatbot-Widget \u2013 F\u00fcge AI Chatbot zu Facebook Page hinzu [KOSTENLOS]","description":"F\u00fcge das beste AI Chatbot-Widget zu deiner Facebook Page-Website hinzu, ganz ohne Programmierung. Automatisiere den Kundenservice mit einer einfachen Einbettung!","robots":{"index":"index","follow":"follow","max-snippet":"max-snippet:-1","max-image-preview":"max-image-preview:large","max-video-preview":"max-video-preview:-1"},"canonical":"https:\/\/elfsight.com\/de\/ai-chatbot-widget\/facebook\/","og_locale":"de_DE","og_type":"article","og_title":"Facebook Page AI Chatbot-Widget \u2013 F\u00fcge AI Chatbot zu Facebook Page hinzu [KOSTENLOS]","og_description":"F\u00fcge das beste AI Chatbot-Widget zu deiner Facebook Page-Website hinzu, ganz ohne Programmierung. Automatisiere den Kundenservice mit einer einfachen Einbettung!","og_url":"https:\/\/elfsight.com\/de\/ai-chatbot-widget\/facebook\/","og_site_name":"Elfsight DE","article_modified_time":"2025-06-11T08:50:59+00:00","twitter_card":"summary_large_image","twitter_misc":{"Gesch\u00e4tzte Lesezeit":"4\u00a0Minuten"},"schema":{"@context":"https:\/\/schema.org","@graph":[{"@type":"WebPage","@id":"https:\/\/elfsight.com\/de\/ai-chatbot-widget\/facebook\/","url":"https:\/\/elfsight.com\/de\/ai-chatbot-widget\/facebook\/","name":"Facebook Page AI Chatbot-Widget \u2013 F\u00fcge AI Chatbot zu Facebook Page hinzu [KOSTENLOS]","isPartOf":{"@id":"https:\/\/elfsight.com\/de\/#website"},"datePublished":"2024-12-28T09:37:22+00:00","dateModified":"2025-06-11T08:50:59+00:00","description":"F\u00fcge das beste AI Chatbot-Widget zu deiner Facebook Page-Website hinzu, ganz ohne Programmierung. Automatisiere den Kundenservice mit einer einfachen Einbettung!","breadcrumb":{"@id":"https:\/\/elfsight.com\/de\/ai-chatbot-widget\/facebook\/#breadcrumb"},"inLanguage":"de","potentialAction":[{"@type":"ReadAction","target":["https:\/\/elfsight.com\/de\/ai-chatbot-widget\/facebook\/"]}]},{"@type":"BreadcrumbList","@id":"https:\/\/elfsight.com\/de\/ai-chatbot-widget\/facebook\/#breadcrumb","itemListElement":[{"@type":"ListItem","position":1,"name":"Home","item":"https:\/\/elfsight.com\/de\/"},{"@type":"ListItem","position":2,"name":"AI Chatbot","item":"https:\/\/elfsight.com\/de\/ai-chatbot-widget\/"},{"@type":"ListItem","position":3,"name":"AI Chatbot &#8211; Facebook Page"}]},{"@type":"WebSite","@id":"https:\/\/elfsight.com\/de\/#website","url":"https:\/\/elfsight.com\/de\/","name":"Elfsight DE","description":"Just another Elfsight Sites site","potentialAction":[{"@type":"SearchAction","target":{"@type":"EntryPoint","urlTemplate":"https:\/\/elfsight.com\/de\/?s={search_term_string}"},"query-input":{"@type":"PropertyValueSpecification","valueRequired":true,"valueName":"search_term_string"}}],"inLanguage":"de"}]}},"meta_box":{"industry":"","seo_heading":"","heading":"","description":"","cta_heading":"","cta_description":"","application":"23425","h1":"F\u00fcge den AI Chatbot zu deiner Facebook Page-Website hinzu","h1_caption":"Erstelle den besten AI Chatbot, speziell auf deine Gesch\u00e4ftsdaten trainiert, um den Kundensupport zu automatisieren, Leads zu erfassen und sofortige, pr\u00e4zise Antworten auf der Facebook Page-Website zu liefern \u2013 24\/7.","application_category":[],"applications_title":"","applications_request_title":"","applications_request_button_text":"","hero_text":"","hero_video":"","hero_video_schema_markup":"","selling_points_title":"","selling_points_caption":"","selling_points":[],"selling_points_cta_text":"","features_title":"","features":"","ed_cta_examples_text":"","ed_cta_examples_hidden":"","ed_cta_demo_text":"","ed_cta_demo_hidden":"","why_caption":"","why_editor_title":"","why_editor_text":"","why_team_title":"","why_team_text":"","why_service_title":"","why_service_text":"","template_catalog_visible":"0","template_catalog_title":"","template_catalog_text":"","template_catalog_categories_visible":"","demo_title":"Erstelle dein AI Chatbot-Widget","demo_caption":"Konfiguriere den AI Chatbot und f\u00fcge ihn kostenlos zu deiner Facebook Page-Website hinzu!","default_faq_hidden":"","app_template_category":[],"platform":"216","template_public_id":"","codecanyon_url":"","codecanyon_item_id":"","codecanyon_price":"","pricing_caption":"","pricing_elfsight_apps_hide_column":"","pricing_elfsight_apps_url":"","pricing_codecanyon_price_caption":"","integration_category":[],"integration_request_title":"","integration_request_cta":"","integration_platform":"","integrations":[],"platform_category":[],"video_schema_markup":"","price":"ab $0 \/ Monat","trial":"","benefits":[{"text":"Kostenloser Installationsservice"},{"text":"Premium-Support"},{"text":"14-Tage R\u00fcckerstattungs-Garantie"},{"text":"Kontinuierliche Entwicklung"}],"button_url":"#demo","button_target_blank":"0","button_nofollow":"0","attributes":[{"name":"Installationen","content":"50,000 - 100,000"},{"name":"Reaktionsschnell","content":"Ja"},{"name":"Kompatible Browser","content":"Firefox, Safari, Opera, Chrome, Edge"}],"tags":[],"tags_disable_links":"0","hide_more_platforms":"0","video_object":"","demo_hide_cta":"0","demo_hide_cloud_options":"0","pricing_title":"","pricing":[{"pricing_icon":"platform","pricing_title":"Elfsight Apps","pricing_title_caption":"Plattformunabh\u00e4ngige Version, die f\u00fcr jede Website geeignet ist","pricing_price":"ab $0 \/ Monat","pricing_price_caption":"Starte mit einem kostenlosen Plan","pricing_benefits":[{"text":"Unbegrenzte Websites"},{"text":"Kostenloser und p\u00fcnktlicher Support"},{"text":"Kostenlose Installationshilfe"},{"text":"Flexibles Design"}],"pricing_button_text":"Zur Website hinzuf\u00fcgen","pricing_button_url":"#demo"}],"related_apps_title":"","related_apps_hidden":"0","author":"","image":[],"title":"","job":"","social_networks":[]},"_links":{"self":[{"href":"https:\/\/elfsight.com\/de\/wp-json\/wp\/v2\/pages\/23787","targetHints":{"allow":["GET"]}}],"collection":[{"href":"https:\/\/elfsight.com\/de\/wp-json\/wp\/v2\/pages"}],"about":[{"href":"https:\/\/elfsight.com\/de\/wp-json\/wp\/v2\/types\/page"}],"author":[{"embeddable":true,"href":"https:\/\/elfsight.com\/de\/wp-json\/wp\/v2\/users\/9"}],"replies":[{"embeddable":true,"href":"https:\/\/elfsight.com\/de\/wp-json\/wp\/v2\/comments?post=23787"}],"version-history":[{"count":1,"href":"https:\/\/elfsight.com\/de\/wp-json\/wp\/v2\/pages\/23787\/revisions"}],"predecessor-version":[{"id":23791,"href":"https:\/\/elfsight.com\/de\/wp-json\/wp\/v2\/pages\/23787\/revisions\/23791"}],"up":[{"embeddable":true,"href":"https:\/\/elfsight.com\/de\/wp-json\/wp\/v2\/pages\/23426"}],"wp:attachment":[{"href":"https:\/\/elfsight.com\/de\/wp-json\/wp\/v2\/media?parent=23787"}],"curies":[{"name":"wp","href":"https:\/\/api.w.org\/{rel}","templated":true}]}}