{"id":23786,"date":"2024-12-28T09:42:14","date_gmt":"2024-12-28T09:42:14","guid":{"rendered":"https:\/\/elfsight.com\/de\/?page_id=23786"},"modified":"2025-07-08T09:39:31","modified_gmt":"2025-07-08T09:39:31","slug":"drupal","status":"publish","type":"page","link":"https:\/\/elfsight.com\/de\/ai-chatbot-widget\/drupal\/","title":{"rendered":"AI Chatbot &#8211; Drupal"},"content":{"rendered":"<div class=\"application-platform-content-item-description application-platform-content-item\" id=\"description\" data-nav-section=\"description\"><h2>AI-Chatbot in Drupal mit Elfsight-Widget einbetten!<\/h2><p>Erstellen Sie einen \u00fcberlegenen AI-Chatbot f\u00fcr Ihre Drupal-Website, der speziell auf Ihre Wissensdatenbank, Support-Dateien oder h\u00e4ufig gestellte Fragen trainiert ist. Erm\u00f6glichen Sie ihm, zu lernen und sich weiterzuentwickeln, indem er t\u00e4glich personalisierte Nachrichten liefert, um Ihren Nutzern besser zu dienen.<\/p><p>Automatisieren Sie Kundenservice-Aufgaben, verringern Sie Antwortzeiten und generieren Sie Leads erfolgreich ohne manuelle Arbeit. Bieten Sie ununterbrochene Unterst\u00fctzung, damit Kunden jederzeit und \u00fcberall die Informationen erhalten, die sie ben\u00f6tigen!<\/p><p><b>F\u00fcgen Sie einen AI-Assistenten hinzu, der sofortige Antworten liefert, Anliegen l\u00f6st und Ihre Verkaufszahlen steigert!<\/b><\/p><\/div><div class=\"application-platform-content-item-features application-platform-content-item\" id=\"features\" data-nav-section=\"features\"><h2>Hier sind die wichtigsten Funktionen des Widgets:<\/h2><ul><li><b>Automatisieren Sie Ihre Kundeninteraktionen.<\/b> Optimieren Sie Antworten, garantieren Sie eine ganzt\u00e4gige Verf\u00fcgbarkeit und steigern Sie die Effizienz mit minimaler Konfiguration \u2013 verwalten Sie m\u00fchelos unbegrenzte Chats und Nutzer!<\/li><li><b>Liefern Sie eine personalisierte Erfahrung.<\/b> Helfen Sie jedem Kunden, sich einzigartig zu f\u00fchlen, und schaffen Sie das beste Erlebnis durch personalisierte Antworten, Begr\u00fc\u00dfungen, Chat-Historie und Follow-up-Kommunikation.<\/li><li><b>Schulen Sie den Chatbot mit Unternehmensdaten.<\/b> Verst\u00e4rken Sie den AI-Chatbot mit Ihrem speziellen Fachwissen, indem Sie Materialien hochladen, Frage-Antwort-Sets integrieren und die Inhalte Ihrer Website f\u00fcr den Instruktionsgenerator verwenden, um pr\u00e4zise und anwendbare Antworten zu liefern, die auf Ihr Unternehmen abgestimmt sind.<\/li><li><b>Erhalten Sie Kundeninformationen per E-Mail.<\/b> Bleiben Sie informiert und sammeln Sie wichtige Erkenntnisse, indem Sie vollst\u00e4ndige Chat-Transkripte direkt in Ihrem Posteingang erhalten, die wichtige Kontaktinformationen f\u00fcr Lead-Generierung und Service-Verbesserung enthalten.<\/li><li><b>Entdecken Sie eine breite Palette von Vorlagen.<\/b> Starten Sie Ihren AI-Chatbot schnell mit unserer Sammlung sofort einsatzbereiter Vorlagen. Sie sind f\u00fcr verschiedene Branchen und Zwecke entwickelt, jedes mit spezialisierten Instruktionssets f\u00fcr sofortige Ergebnisse.<\/li><\/ul><p><a href=\"#demo\">Probieren Sie einfach diesen Konfigurator aus, um zu sehen, was das Widget zu bieten hat<\/a><\/p><\/div><div class=\"application-platform-content-item-installation application-platform-content-item\" id=\"installation\" data-nav-section=\"installation\"><h2>Wie f\u00fcge ich das AI-Chatbot-Plugin zu Drupal hinzu?<\/h2><p>Wenn Sie den AI-Chatbot auf Ihrer Drupal-Website einbetten m\u00f6chten, folgen Sie diesen Schritten:<\/p><ol><li><b>Personalisieren Sie das Widget.<\/b><br> W\u00e4hlen Sie eine vorgefertigte Vorlage aus, um zu beginnen. Danach k\u00f6nnen Sie Ihren Chatbot trainieren, die Funktionen einrichten und das visuelle Erscheinungsbild an Ihre Gesch\u00e4ftsziele anpassen.<\/li><li><b>Erhalten Sie den Einbettungscode.<\/b><br> Speichern Sie das Ergebnis und kopieren Sie den bereitgestellten Installationscode.<\/li><li><b>F\u00fcgen Sie den Code in Ihren Website-Builder ein.<\/b><br> Gehen Sie zum Admin-Bereich Ihrer Website, f\u00fcgen Sie den Shortcode an die gew\u00fcnschte Stelle ein und aktualisieren Sie die Seite. Fertig!<\/li><\/ol><p>Falls Sie auf Probleme sto\u00dfen, wenden Sie sich bitte an unser Kundenserviceteam. Unsere Mitarbeiter helfen Ihnen gerne bei allen Fragen, die Sie mit dem Modul haben.<\/p><div class=\"faq\" data-component=\"FAQ\"><div class=\"faq-item\">\r\n\t\t\t\t\t<div class=\"faq-item-question\">\r\n\t\t\t\t\t\t<h3 class=\"faq-item-question-text\">Wie kann ich meine Gesch\u00e4ftsinformationen dem AI-Chatbot-Modul hinzuf\u00fcgen?<\/h3>\r\n\r\n\t\t\t\t\t\t<div class=\"faq-item-question-icon\"><\/div>\r\n\t\t\t\t\t<\/div>\r\n\r\n\t\t\t\t\t<div class=\"faq-item-answer\">\r\n\t\t\t\t\t\t<div class=\"faq-item-answer-text\"><p>Um Ihre Daten hochzuladen, gehen Sie zum Men\u00fc &#8222;Training&#8220; und w\u00e4hlen Sie eines der angebotenen Formate: Dokumentdateien, spezifische Q&amp;A-Sets oder einfache Textbl\u00f6cke.<\/p><\/div>\r\n\t\t\t\t\t<\/div>\r\n\t\t\t\t<\/div><div class=\"faq-item\">\r\n\t\t\t\t\t<div class=\"faq-item-question\">\r\n\t\t\t\t\t\t<h3 class=\"faq-item-question-text\">Wie erstelle ich schnelle Antworten f\u00fcr den AI-Chatbot?<\/h3>\r\n\r\n\t\t\t\t\t\t<div class=\"faq-item-question-icon\"><\/div>\r\n\t\t\t\t\t<\/div>\r\n\r\n\t\t\t\t\t<div class=\"faq-item-answer\">\r\n\t\t\t\t\t\t<div class=\"faq-item-answer-text\"><p>Sie k\u00f6nnen diese direkt im Konfigurator des AI-Chatbots im Men\u00fc &#8222;Begr\u00fc\u00dfung&#8220; hinzuf\u00fcgen. Dort finden Sie das Feld, in dem Sie einen ansprechenden Gespr\u00e4chseinstieg oder eine h\u00e4ufig gestellte Frage eingeben k\u00f6nnen.<\/p><\/div>\r\n\t\t\t\t\t<\/div>\r\n\t\t\t\t<\/div><div class=\"faq-item\">\r\n\t\t\t\t\t<div class=\"faq-item-question\">\r\n\t\t\t\t\t\t<h3 class=\"faq-item-question-text\">Was macht das Elfsight AI-Chatbot-Modul das Beste f\u00fcr meine Drupal-Website?<\/h3>\r\n\r\n\t\t\t\t\t\t<div class=\"faq-item-question-icon\"><\/div>\r\n\t\t\t\t\t<\/div>\r\n\r\n\t\t\t\t\t<div class=\"faq-item-answer\">\r\n\t\t\t\t\t\t<div class=\"faq-item-answer-text\"><p>Das AI-Chatbot-Modul ist eine Null-Coding-Chat-L\u00f6sung, die von der neuesten AI-Technologie unterst\u00fctzt wird und bereit ist, mit den Informationen Ihres Unternehmens trainiert zu werden. Mit einer intuitiven Oberfl\u00e4che und verschiedenen Anpassungselementen k\u00f6nnen Sie rund um die Uhr Kundenservice mit einer personalisierten Erfahrung bieten und immer die Kontrolle behalten mit fortlaufenden Berichten. Entdecken Sie selbst, wie praktisch und schnell es mit Elfsight sein kann!<\/p><\/div>\r\n\t\t\t\t\t<\/div>\r\n\t\t\t\t<\/div><\/div><\/div>","protected":false},"excerpt":{"rendered":"","protected":false},"author":9,"featured_media":0,"parent":23426,"menu_order":0,"comment_status":"closed","ping_status":"closed","template":"templates\/template-application-platform.php","meta":{"publish_to_discourse":"","publish_post_category":"","wpdc_auto_publish_overridden":"","wpdc_topic_tags":"","wpdc_pin_topic":"","wpdc_pin_until":"","discourse_post_id":"","discourse_permalink":"","wpdc_publishing_response":"","wpdc_publishing_error":"","footnotes":""},"class_list":["post-23786","page","type-page","status-publish","hentry"],"yoast_head":"<!-- This site is optimized with the Yoast SEO plugin v25.3.1 - https:\/\/yoast.com\/wordpress\/plugins\/seo\/ -->\n<title>Drupal AI Chatbot-Modul \u2013 F\u00fcge AI Chatbot zu Drupal hinzu [KOSTENLOS]<\/title>\n<meta name=\"description\" content=\"F\u00fcge das beste AI Chatbot-Modul zu deiner Drupal-Website hinzu, ganz ohne Programmierung. Vereinfache die Kundenbetreuung mit einer schnellen Einbettung!\" \/>\n<meta name=\"robots\" content=\"index, follow, max-snippet:-1, max-image-preview:large, max-video-preview:-1\" \/>\n<link rel=\"canonical\" href=\"https:\/\/elfsight.com\/de\/ai-chatbot-widget\/drupal\/\" \/>\n<meta property=\"og:locale\" content=\"de_DE\" \/>\n<meta property=\"og:type\" content=\"article\" \/>\n<meta property=\"og:title\" content=\"Drupal AI Chatbot-Modul \u2013 F\u00fcge AI Chatbot zu Drupal hinzu [KOSTENLOS]\" \/>\n<meta property=\"og:description\" content=\"F\u00fcge das beste AI Chatbot-Modul zu deiner Drupal-Website hinzu, ganz ohne Programmierung. Vereinfache die Kundenbetreuung mit einer schnellen Einbettung!\" \/>\n<meta property=\"og:url\" content=\"https:\/\/elfsight.com\/de\/ai-chatbot-widget\/drupal\/\" \/>\n<meta property=\"og:site_name\" content=\"Elfsight DE\" \/>\n<meta property=\"article:modified_time\" content=\"2025-07-08T09:39:31+00:00\" \/>\n<meta name=\"twitter:card\" content=\"summary_large_image\" \/>\n<meta name=\"twitter:label1\" content=\"Gesch\u00e4tzte Lesezeit\" \/>\n\t<meta name=\"twitter:data1\" content=\"3\u00a0Minuten\" \/>\n<!-- \/ Yoast SEO plugin. -->","yoast_head_json":{"title":"Drupal AI Chatbot-Modul \u2013 F\u00fcge AI Chatbot zu Drupal hinzu [KOSTENLOS]","description":"F\u00fcge das beste AI Chatbot-Modul zu deiner Drupal-Website hinzu, ganz ohne Programmierung. Vereinfache die Kundenbetreuung mit einer schnellen Einbettung!","robots":{"index":"index","follow":"follow","max-snippet":"max-snippet:-1","max-image-preview":"max-image-preview:large","max-video-preview":"max-video-preview:-1"},"canonical":"https:\/\/elfsight.com\/de\/ai-chatbot-widget\/drupal\/","og_locale":"de_DE","og_type":"article","og_title":"Drupal AI Chatbot-Modul \u2013 F\u00fcge AI Chatbot zu Drupal hinzu [KOSTENLOS]","og_description":"F\u00fcge das beste AI Chatbot-Modul zu deiner Drupal-Website hinzu, ganz ohne Programmierung. Vereinfache die Kundenbetreuung mit einer schnellen Einbettung!","og_url":"https:\/\/elfsight.com\/de\/ai-chatbot-widget\/drupal\/","og_site_name":"Elfsight DE","article_modified_time":"2025-07-08T09:39:31+00:00","twitter_card":"summary_large_image","twitter_misc":{"Gesch\u00e4tzte Lesezeit":"3\u00a0Minuten"},"schema":{"@context":"https:\/\/schema.org","@graph":[{"@type":"WebPage","@id":"https:\/\/elfsight.com\/de\/ai-chatbot-widget\/drupal\/","url":"https:\/\/elfsight.com\/de\/ai-chatbot-widget\/drupal\/","name":"Drupal AI Chatbot-Modul \u2013 F\u00fcge AI Chatbot zu Drupal hinzu [KOSTENLOS]","isPartOf":{"@id":"https:\/\/elfsight.com\/de\/#website"},"datePublished":"2024-12-28T09:42:14+00:00","dateModified":"2025-07-08T09:39:31+00:00","description":"F\u00fcge das beste AI Chatbot-Modul zu deiner Drupal-Website hinzu, ganz ohne Programmierung. Vereinfache die Kundenbetreuung mit einer schnellen Einbettung!","breadcrumb":{"@id":"https:\/\/elfsight.com\/de\/ai-chatbot-widget\/drupal\/#breadcrumb"},"inLanguage":"de","potentialAction":[{"@type":"ReadAction","target":["https:\/\/elfsight.com\/de\/ai-chatbot-widget\/drupal\/"]}]},{"@type":"BreadcrumbList","@id":"https:\/\/elfsight.com\/de\/ai-chatbot-widget\/drupal\/#breadcrumb","itemListElement":[{"@type":"ListItem","position":1,"name":"Home","item":"https:\/\/elfsight.com\/de\/"},{"@type":"ListItem","position":2,"name":"AI Chatbot","item":"https:\/\/elfsight.com\/de\/ai-chatbot-widget\/"},{"@type":"ListItem","position":3,"name":"AI Chatbot &#8211; Drupal"}]},{"@type":"WebSite","@id":"https:\/\/elfsight.com\/de\/#website","url":"https:\/\/elfsight.com\/de\/","name":"Elfsight DE","description":"Just another Elfsight Sites site","potentialAction":[{"@type":"SearchAction","target":{"@type":"EntryPoint","urlTemplate":"https:\/\/elfsight.com\/de\/?s={search_term_string}"},"query-input":{"@type":"PropertyValueSpecification","valueRequired":true,"valueName":"search_term_string"}}],"inLanguage":"de"}]}},"meta_box":{"industry":"","seo_heading":"","heading":"","description":"","cta_heading":"","cta_description":"","application":"23425","h1":"F\u00fcge den AI Chatbot zu deiner Drupal-Website hinzu","h1_caption":"Erstelle den besten AI Chatbot, speziell auf deine Gesch\u00e4ftsdaten trainiert, um den Kundensupport zu automatisieren, Leads zu erfassen und sofortige, pr\u00e4zise Antworten auf der Drupal-Website zu liefern \u2013 24\/7.","application_category":[],"applications_title":"","applications_request_title":"","applications_request_button_text":"","hero_text":"","hero_video":"","hero_video_schema_markup":"","selling_points_title":"","selling_points_caption":"","selling_points":[],"selling_points_cta_text":"","features_title":"","features":"","ed_cta_examples_text":"","ed_cta_examples_hidden":"","ed_cta_demo_text":"","ed_cta_demo_hidden":"","why_caption":"","why_editor_title":"","why_editor_text":"","why_team_title":"","why_team_text":"","why_service_title":"","why_service_text":"","template_catalog_visible":"","template_catalog_title":"","template_catalog_text":"","template_catalog_categories_visible":"","demo_title":"Erstelle dein AI Chatbot-Modul","demo_caption":"Konfiguriere den AI Chatbot und f\u00fcge ihn kostenlos zu deiner Drupal-Website hinzu!","default_faq_hidden":"","app_template_category":[],"platform":"261","template_public_id":"","codecanyon_url":"","codecanyon_item_id":"","codecanyon_price":"","pricing_caption":"","pricing_elfsight_apps_hide_column":"","pricing_elfsight_apps_url":"","pricing_codecanyon_price_caption":"","integration_category":[],"integration_request_title":"","integration_request_cta":"","integration_platform":"","integrations":[],"platform_category":[],"video_schema_markup":"","price":"ab $0 \/ Monat","trial":"","benefits":[{"text":"Kostenlose Installationsunterst\u00fctzung"},{"text":"Effektiver Kundenservice"},{"text":"14-Tage Geld-zur\u00fcck-Garantie"},{"text":"Kontinuierliche kostenlose Updates"},{"text":""}],"button_url":"#demo","button_target_blank":"","button_nofollow":"","attributes":[{"name":"Installationen","content":"50,000 - 100,000"},{"name":"Reaktionsschnell","content":"Ja"},{"name":"Kompatible Browser","content":"Firefox, Safari, Opera, Chrome, Edge"}],"tags":[],"tags_disable_links":"","hide_more_platforms":"","video_object":"","demo_hide_cta":"","demo_hide_cloud_options":"","pricing_title":"","pricing":[{"pricing_icon":"platform","pricing_title":"Elfsight Apps","pricing_title_caption":"Plattformunabh\u00e4ngige digitale L\u00f6sung, die auf jeder Website funktioniert","pricing_price":"ab $0 \/ Monat","pricing_price_caption":"Starte mit einem kostenlosen Plan","pricing_benefits":[{"text":"Unbegrenzte Websites"},{"text":"Schneller Support"},{"text":"Geb\u00fchrenfreier Installationsservice"},{"text":"100 % anpassbar"}],"pricing_button_text":"Zur Website hinzuf\u00fcgen","pricing_button_url":"#demo"}],"related_apps_title":"","related_apps_hidden":"","author":"","image":[],"title":"","job":"","social_networks":[]},"_links":{"self":[{"href":"https:\/\/elfsight.com\/de\/wp-json\/wp\/v2\/pages\/23786","targetHints":{"allow":["GET"]}}],"collection":[{"href":"https:\/\/elfsight.com\/de\/wp-json\/wp\/v2\/pages"}],"about":[{"href":"https:\/\/elfsight.com\/de\/wp-json\/wp\/v2\/types\/page"}],"author":[{"embeddable":true,"href":"https:\/\/elfsight.com\/de\/wp-json\/wp\/v2\/users\/9"}],"replies":[{"embeddable":true,"href":"https:\/\/elfsight.com\/de\/wp-json\/wp\/v2\/comments?post=23786"}],"version-history":[{"count":1,"href":"https:\/\/elfsight.com\/de\/wp-json\/wp\/v2\/pages\/23786\/revisions"}],"predecessor-version":[{"id":23790,"href":"https:\/\/elfsight.com\/de\/wp-json\/wp\/v2\/pages\/23786\/revisions\/23790"}],"up":[{"embeddable":true,"href":"https:\/\/elfsight.com\/de\/wp-json\/wp\/v2\/pages\/23426"}],"wp:attachment":[{"href":"https:\/\/elfsight.com\/de\/wp-json\/wp\/v2\/media?parent=23786"}],"curies":[{"name":"wp","href":"https:\/\/api.w.org\/{rel}","templated":true}]}}