{"id":23784,"date":"2024-12-28T09:51:56","date_gmt":"2024-12-28T09:51:56","guid":{"rendered":"https:\/\/elfsight.com\/de\/?page_id=23784"},"modified":"2025-07-08T09:40:48","modified_gmt":"2025-07-08T09:40:48","slug":"prestashop","status":"publish","type":"page","link":"https:\/\/elfsight.com\/de\/ai-chatbot-widget\/prestashop\/","title":{"rendered":"AI Chatbot &#8211; PrestaShop"},"content":{"rendered":"<div class=\"application-platform-content-item-description application-platform-content-item\" id=\"description\" data-nav-section=\"description\"><h2>AI-Chatbot in PrestaShop mit Elfsight-Widget einbetten!<\/h2><p>Erstellen Sie einen erstklassigen AI-Chatbot f\u00fcr Ihre PrestaShop-Website, der speziell auf Ihre Wissensdatenbank, Support-Ressourcen oder h\u00e4ufig gestellte Fragen trainiert ist. Erm\u00f6glichen Sie es ihm, zu lernen und sich weiterzuentwickeln, und bieten Sie t\u00e4glich personalisierte Nachrichten, um das Benutzererlebnis zu verbessern.<\/p><p>Automatisieren Sie problemlos Kundenservice-Aufgaben, reduzieren Sie die Antwortzeiten und erfassen Sie effektiv Leads, ohne manuelle Arbeit. Bieten Sie rund um die Uhr Unterst\u00fctzung, damit Kunden jederzeit und \u00fcberall die Informationen finden, die sie suchen!<\/p><p><b>F\u00fcgen Sie einen AI-Assistenten hinzu, um schnelle Antworten zu liefern, Probleme zu l\u00f6sen und Ihre Verkaufszahlen zu steigern!<\/b><\/p><\/div><div class=\"application-platform-content-item-features application-platform-content-item\" id=\"features\" data-nav-section=\"features\"><h2>Entdecken Sie die Liste der leistungsst\u00e4rksten Funktionen:<\/h2><ul><li><b>Automatisieren Sie Ihre Kundeninteraktionen.<\/b> Optimieren Sie schnelle Antworten, bieten Sie rund um die Uhr Unterst\u00fctzung und steigern Sie die Effizienz mit minimaler Konfiguration \u2013 verwalten Sie m\u00fchelos unbegrenzte Chats und Nutzer!<\/li><li><b>Bieten Sie eine personalisierte Erfahrung.<\/b> Lassen Sie jeden Kunden sich wichtig f\u00fchlen und schaffen Sie das beste Erlebnis mit personalisierten Antworten, der Verwendung ihrer Namen, der Verfolgung fr\u00fcherer Gespr\u00e4che und Follow-up-Nachrichten.<\/li><li><b>Schulen Sie den Chatbot mit Gesch\u00e4ftsdaten.<\/b> Statten Sie den AI-Chatbot mit Ihrem spezialisierten Wissen aus, indem Sie Dokumente hochladen, Q&amp;A-Paare erstellen und die Informationen Ihrer Website f\u00fcr den Instruktionsgenerator nutzen, um pr\u00e4zise und anwendbare Antworten zu gew\u00e4hrleisten, die auf Ihr Gesch\u00e4ft zugeschnitten sind.<\/li><li><b>Erhalten Sie Kundeninformationen per E-Mail.<\/b> Bleiben Sie immer auf dem neuesten Stand und sammeln Sie wertvolle Erkenntnisse, indem Sie vollst\u00e4ndige Chat-Transkripte direkt in Ihrem Posteingang erhalten, einschlie\u00dflich wichtiger Kontaktinformationen f\u00fcr Lead-Generierung und Service-Optimierung.<\/li><li><b>Entdecken Sie eine breite Auswahl an Vorlagen.<\/b> Bringen Sie Ihren AI-Chatbot schnell zum Laufen mit unserer Bibliothek vorgefertigter Vorlagen. Diese sind f\u00fcr verschiedene Branchen und Funktionen entwickelt und bieten ma\u00dfgeschneiderte Instruktionssets f\u00fcr den sofortigen Erfolg.<\/li><\/ul><p><a href=\"#demo\">Erleben Sie, wie das Widget mit dem Konfigurator funktioniert<\/a><\/p><\/div><div class=\"application-platform-content-item-installation application-platform-content-item\" id=\"installation\" data-nav-section=\"installation\"><h2>Wie f\u00fcge ich das AI-Chatbot-Plugin zu PrestaShop hinzu?<\/h2><p>Um den AI-Chatbot auf Ihrer PrestaShop-Website einzubetten, gehen Sie wie folgt vor:<\/p><ol><li><b>Gestalten Sie das Widget.<\/b><br> W\u00e4hlen Sie eine der verf\u00fcgbaren Vorlagen aus. Dann k\u00f6nnen Sie Ihren Chatbot trainieren, die Funktionen einrichten und sein Aussehen an die Bed\u00fcrfnisse Ihres Unternehmens anpassen.<\/li><li><b>Erhalten Sie den Einbettungscode.<\/b><br> Speichern Sie die abgeschlossene Arbeit und kopieren Sie den einzigartigen Installationscode.<\/li><li><b>F\u00fcgen Sie den Code in den Website-Editor ein.<\/b><br> Gehen Sie zum Admin-Bereich Ihrer Website, f\u00fcgen Sie den Shortcode an der entsprechenden Stelle ein und aktualisieren Sie die Seite. Fertig!<\/li><\/ol><p>Bei Fragen oder Problemen z\u00f6gern Sie nicht, sich an unseren Kundendienst zu wenden. Unsere Spezialisten helfen Ihnen gerne bei allen Problemen mit dem Addon.<\/p><div class=\"faq\" data-component=\"FAQ\"><div class=\"faq-item\">\r\n\t\t\t\t\t<div class=\"faq-item-question\">\r\n\t\t\t\t\t\t<h3 class=\"faq-item-question-text\">Wie kann ich meine Gesch\u00e4ftsinformationen dem AI-Chatbot-Addon hinzuf\u00fcgen?<\/h3>\r\n\r\n\t\t\t\t\t\t<div class=\"faq-item-question-icon\"><\/div>\r\n\t\t\t\t\t<\/div>\r\n\r\n\t\t\t\t\t<div class=\"faq-item-answer\">\r\n\t\t\t\t\t\t<div class=\"faq-item-answer-text\"><p>Um Ihre Daten hochzuladen, besuchen Sie das Men\u00fc &#8222;Training&#8220; und w\u00e4hlen Sie eines der verf\u00fcgbaren Formate: Dokumentdateien, spezifische Q&amp;A-Sets oder einfache Textbl\u00f6cke.<\/p><\/div>\r\n\t\t\t\t\t<\/div>\r\n\t\t\t\t<\/div><div class=\"faq-item\">\r\n\t\t\t\t\t<div class=\"faq-item-question\">\r\n\t\t\t\t\t\t<h3 class=\"faq-item-question-text\">Wie erstelle ich schnelle Antworten f\u00fcr den AI-Chatbot?<\/h3>\r\n\r\n\t\t\t\t\t\t<div class=\"faq-item-question-icon\"><\/div>\r\n\t\t\t\t\t<\/div>\r\n\r\n\t\t\t\t\t<div class=\"faq-item-answer\">\r\n\t\t\t\t\t\t<div class=\"faq-item-answer-text\"><p>Sie k\u00f6nnen diese direkt im Editor des AI-Chatbots im Tab &#8222;Begr\u00fc\u00dfung&#8220; hinzuf\u00fcgen. Dort finden Sie das Feld, in dem Sie einen ansprechenden Gespr\u00e4chseinstieg oder eine h\u00e4ufig gestellte Frage eingeben k\u00f6nnen.<\/p><\/div>\r\n\t\t\t\t\t<\/div>\r\n\t\t\t\t<\/div><div class=\"faq-item\">\r\n\t\t\t\t\t<div class=\"faq-item-question\">\r\n\t\t\t\t\t\t<h3 class=\"faq-item-question-text\">Was macht das Elfsight AI-Chatbot-Addon das Beste f\u00fcr meine PrestaShop-Website?<\/h3>\r\n\r\n\t\t\t\t\t\t<div class=\"faq-item-question-icon\"><\/div>\r\n\t\t\t\t\t<\/div>\r\n\r\n\t\t\t\t\t<div class=\"faq-item-answer\">\r\n\t\t\t\t\t\t<div class=\"faq-item-answer-text\"><p>Das AI-Chatbot-Addon ist eine codierungsfreie Chat-L\u00f6sung, die von dem fortschrittlichsten AI-Modell betrieben wird und bereit ist, mit Ihren organisatorischen Erkenntnissen trainiert zu werden. Mit einer benutzerfreundlichen Oberfl\u00e4che und zahlreichen Anpassungsoptionen k\u00f6nnen Sie rund um die Uhr Kundenunterst\u00fctzung mit einer personalisierten Erfahrung bieten und stets durch kontinuierliche Berichte informiert bleiben. Erleben Sie selbst, wie einfach und schnell es mit Elfsight sein kann!<\/p><\/div>\r\n\t\t\t\t\t<\/div>\r\n\t\t\t\t<\/div><\/div><\/div>","protected":false},"excerpt":{"rendered":"","protected":false},"author":9,"featured_media":0,"parent":23426,"menu_order":0,"comment_status":"closed","ping_status":"closed","template":"templates\/template-application-platform.php","meta":{"publish_to_discourse":"","publish_post_category":"","wpdc_auto_publish_overridden":"","wpdc_topic_tags":"","wpdc_pin_topic":"","wpdc_pin_until":"","discourse_post_id":"","discourse_permalink":"","wpdc_publishing_response":"","wpdc_publishing_error":"","footnotes":""},"class_list":["post-23784","page","type-page","status-publish","hentry"],"yoast_head":"<!-- This site is optimized with the Yoast SEO plugin v25.3.1 - https:\/\/yoast.com\/wordpress\/plugins\/seo\/ -->\n<title>PrestaShop AI Chatbot-Addon \u2013 F\u00fcge AI Chatbot zu PrestaShop hinzu [KOSTENLOS]<\/title>\n<meta name=\"description\" content=\"F\u00fcge das beste AI Chatbot-Addon zu deiner PrestaShop-Website hinzu, ganz ohne Programmierung. Optimiere den Kundensupport mit einer schnellen Einbettung!\" \/>\n<meta name=\"robots\" content=\"index, follow, max-snippet:-1, max-image-preview:large, max-video-preview:-1\" \/>\n<link rel=\"canonical\" href=\"https:\/\/elfsight.com\/de\/ai-chatbot-widget\/prestashop\/\" \/>\n<meta property=\"og:locale\" content=\"de_DE\" \/>\n<meta property=\"og:type\" content=\"article\" \/>\n<meta property=\"og:title\" content=\"PrestaShop AI Chatbot-Addon \u2013 F\u00fcge AI Chatbot zu PrestaShop hinzu [KOSTENLOS]\" \/>\n<meta property=\"og:description\" content=\"F\u00fcge das beste AI Chatbot-Addon zu deiner PrestaShop-Website hinzu, ganz ohne Programmierung. Optimiere den Kundensupport mit einer schnellen Einbettung!\" \/>\n<meta property=\"og:url\" content=\"https:\/\/elfsight.com\/de\/ai-chatbot-widget\/prestashop\/\" \/>\n<meta property=\"og:site_name\" content=\"Elfsight DE\" \/>\n<meta property=\"article:modified_time\" content=\"2025-07-08T09:40:48+00:00\" \/>\n<meta name=\"twitter:card\" content=\"summary_large_image\" \/>\n<meta name=\"twitter:label1\" content=\"Gesch\u00e4tzte Lesezeit\" \/>\n\t<meta name=\"twitter:data1\" content=\"3\u00a0Minuten\" \/>\n<!-- \/ Yoast SEO plugin. -->","yoast_head_json":{"title":"PrestaShop AI Chatbot-Addon \u2013 F\u00fcge AI Chatbot zu PrestaShop hinzu [KOSTENLOS]","description":"F\u00fcge das beste AI Chatbot-Addon zu deiner PrestaShop-Website hinzu, ganz ohne Programmierung. Optimiere den Kundensupport mit einer schnellen Einbettung!","robots":{"index":"index","follow":"follow","max-snippet":"max-snippet:-1","max-image-preview":"max-image-preview:large","max-video-preview":"max-video-preview:-1"},"canonical":"https:\/\/elfsight.com\/de\/ai-chatbot-widget\/prestashop\/","og_locale":"de_DE","og_type":"article","og_title":"PrestaShop AI Chatbot-Addon \u2013 F\u00fcge AI Chatbot zu PrestaShop hinzu [KOSTENLOS]","og_description":"F\u00fcge das beste AI Chatbot-Addon zu deiner PrestaShop-Website hinzu, ganz ohne Programmierung. Optimiere den Kundensupport mit einer schnellen Einbettung!","og_url":"https:\/\/elfsight.com\/de\/ai-chatbot-widget\/prestashop\/","og_site_name":"Elfsight DE","article_modified_time":"2025-07-08T09:40:48+00:00","twitter_card":"summary_large_image","twitter_misc":{"Gesch\u00e4tzte Lesezeit":"3\u00a0Minuten"},"schema":{"@context":"https:\/\/schema.org","@graph":[{"@type":"WebPage","@id":"https:\/\/elfsight.com\/de\/ai-chatbot-widget\/prestashop\/","url":"https:\/\/elfsight.com\/de\/ai-chatbot-widget\/prestashop\/","name":"PrestaShop AI Chatbot-Addon \u2013 F\u00fcge AI Chatbot zu PrestaShop hinzu [KOSTENLOS]","isPartOf":{"@id":"https:\/\/elfsight.com\/de\/#website"},"datePublished":"2024-12-28T09:51:56+00:00","dateModified":"2025-07-08T09:40:48+00:00","description":"F\u00fcge das beste AI Chatbot-Addon zu deiner PrestaShop-Website hinzu, ganz ohne Programmierung. Optimiere den Kundensupport mit einer schnellen Einbettung!","breadcrumb":{"@id":"https:\/\/elfsight.com\/de\/ai-chatbot-widget\/prestashop\/#breadcrumb"},"inLanguage":"de","potentialAction":[{"@type":"ReadAction","target":["https:\/\/elfsight.com\/de\/ai-chatbot-widget\/prestashop\/"]}]},{"@type":"BreadcrumbList","@id":"https:\/\/elfsight.com\/de\/ai-chatbot-widget\/prestashop\/#breadcrumb","itemListElement":[{"@type":"ListItem","position":1,"name":"Home","item":"https:\/\/elfsight.com\/de\/"},{"@type":"ListItem","position":2,"name":"AI Chatbot","item":"https:\/\/elfsight.com\/de\/ai-chatbot-widget\/"},{"@type":"ListItem","position":3,"name":"AI Chatbot &#8211; PrestaShop"}]},{"@type":"WebSite","@id":"https:\/\/elfsight.com\/de\/#website","url":"https:\/\/elfsight.com\/de\/","name":"Elfsight DE","description":"Just another Elfsight Sites site","potentialAction":[{"@type":"SearchAction","target":{"@type":"EntryPoint","urlTemplate":"https:\/\/elfsight.com\/de\/?s={search_term_string}"},"query-input":{"@type":"PropertyValueSpecification","valueRequired":true,"valueName":"search_term_string"}}],"inLanguage":"de"}]}},"meta_box":{"industry":"","seo_heading":"","heading":"","description":"","cta_heading":"","cta_description":"","application":"23425","h1":"F\u00fcge den AI Chatbot zu deiner PrestaShop-Website hinzu","h1_caption":"Erstelle den besten AI Chatbot, speziell auf deine Gesch\u00e4ftsdaten trainiert, um den Kundensupport zu automatisieren, Leads zu erfassen und sofortige, pr\u00e4zise Antworten auf der PrestaShop-Website zu liefern \u2013 24\/7.","application_category":[],"applications_title":"","applications_request_title":"","applications_request_button_text":"","hero_text":"","hero_video":"","hero_video_schema_markup":"","selling_points_title":"","selling_points_caption":"","selling_points":[],"selling_points_cta_text":"","features_title":"","features":"","ed_cta_examples_text":"","ed_cta_examples_hidden":"","ed_cta_demo_text":"","ed_cta_demo_hidden":"","why_caption":"","why_editor_title":"","why_editor_text":"","why_team_title":"","why_team_text":"","why_service_title":"","why_service_text":"","template_catalog_visible":"","template_catalog_title":"","template_catalog_text":"","template_catalog_categories_visible":"","demo_title":"Erstelle dein AI Chatbot-Addon","demo_caption":"Konfiguriere den AI Chatbot und f\u00fcge ihn kostenlos zu deiner PrestaShop-Website hinzu!","default_faq_hidden":"","app_template_category":[],"platform":"3811","template_public_id":"","codecanyon_url":"","codecanyon_item_id":"","codecanyon_price":"","pricing_caption":"","pricing_elfsight_apps_hide_column":"","pricing_elfsight_apps_url":"","pricing_codecanyon_price_caption":"","integration_category":[],"integration_request_title":"","integration_request_cta":"","integration_platform":"","integrations":[],"platform_category":[],"video_schema_markup":"","price":"ab $0 \/ Monat","trial":"","benefits":[{"text":"Kostenloser Installationsservice"},{"text":"Kompetenter Kundenservice"},{"text":"14-Tage R\u00fcckerstattungs-Garantie"},{"text":"Zuk\u00fcnftige kostenlose Verbesserungen"},{"text":""}],"button_url":"#demo","button_target_blank":"","button_nofollow":"","attributes":[{"name":"Installationen","content":"50,000 - 100,000"},{"name":"Reaktionsschnell","content":"Ja"},{"name":"Kompatible Browser","content":"Firefox, Safari, Opera, Chrome, Edge"}],"tags":[],"tags_disable_links":"","hide_more_platforms":"","video_object":"","demo_hide_cta":"","demo_hide_cloud_options":"","pricing_title":"","pricing":[{"pricing_icon":"platform","pricing_title":"Elfsight Apps","pricing_title_caption":"Plattformunabh\u00e4ngige Version, die f\u00fcr jede Website geeignet ist","pricing_price":"ab $0 \/ Monat","pricing_price_caption":"Starte mit einem kostenlosen Plan","pricing_benefits":[{"text":"Unbegrenzte Websites"},{"text":"Premium-Kundensupport"},{"text":"Kostenlose Installationshilfe"},{"text":"Flexibles Design"}],"pricing_button_text":"Zur Website hinzuf\u00fcgen","pricing_button_url":"#demo"}],"related_apps_title":"","related_apps_hidden":"","author":"","image":[],"title":"","job":"","social_networks":[]},"_links":{"self":[{"href":"https:\/\/elfsight.com\/de\/wp-json\/wp\/v2\/pages\/23784","targetHints":{"allow":["GET"]}}],"collection":[{"href":"https:\/\/elfsight.com\/de\/wp-json\/wp\/v2\/pages"}],"about":[{"href":"https:\/\/elfsight.com\/de\/wp-json\/wp\/v2\/types\/page"}],"author":[{"embeddable":true,"href":"https:\/\/elfsight.com\/de\/wp-json\/wp\/v2\/users\/9"}],"replies":[{"embeddable":true,"href":"https:\/\/elfsight.com\/de\/wp-json\/wp\/v2\/comments?post=23784"}],"version-history":[{"count":1,"href":"https:\/\/elfsight.com\/de\/wp-json\/wp\/v2\/pages\/23784\/revisions"}],"predecessor-version":[{"id":23788,"href":"https:\/\/elfsight.com\/de\/wp-json\/wp\/v2\/pages\/23784\/revisions\/23788"}],"up":[{"embeddable":true,"href":"https:\/\/elfsight.com\/de\/wp-json\/wp\/v2\/pages\/23426"}],"wp:attachment":[{"href":"https:\/\/elfsight.com\/de\/wp-json\/wp\/v2\/media?parent=23784"}],"curies":[{"name":"wp","href":"https:\/\/api.w.org\/{rel}","templated":true}]}}