{"id":23417,"date":"2024-12-25T11:11:18","date_gmt":"2024-12-25T11:11:18","guid":{"rendered":"https:\/\/elfsight.com\/de\/?page_id=23417"},"modified":"2025-07-08T10:54:24","modified_gmt":"2025-07-08T10:54:24","slug":"webnode","status":"publish","type":"page","link":"https:\/\/elfsight.com\/de\/linkedin-feed-widget\/webnode\/","title":{"rendered":"LinkedIn Feed &#8211; Webnode"},"content":{"rendered":"\n<div class=\"application-platform-content-item-description application-platform-content-item\" id=\"description\" data-nav-section=\"description\">\n\n<h2>So integrieren Sie den LinkedIn Feed kostenlos auf Webnode!<\/h2> <p>Das LinkedIn Feed-Widget bietet eine ausgezeichnete M\u00f6glichkeit f\u00fcr Unternehmen, ihre LinkedIn-Inhalte auf Webnode-Websites zu pr\u00e4sentieren und zu bewerben: Beitr\u00e4ge, Visualisierungen, Clips usw. Die Installation des Widgets dauert nur wenige Sekunden \u2013 es sind keine Programmierkenntnisse erforderlich.<\/p> <p>Erstellen Sie ein Design, das die \u00c4sthetik Ihrer Website widerspiegelt, und experimentieren Sie mit benutzerdefinierten Feed-Attributen, Vorlagen, Layouts und Post-Stilen. Nutzen Sie den Pop-up-Modus als Aktion nach dem Klicken auf einen Beitrag, um die Aufmerksamkeit der Nutzer zu erlangen. Genie\u00dfen Sie schlie\u00dflich das gesteigerte Vertrauen und die h\u00f6here Interaktionsrate.<\/p> <ul> <li><strong>Erweitern Sie Ihre Reichweite im Netzwerk mit der LinkedIn-Unternehmensseite.<\/strong><br> Schlie\u00dfen Sie neue Gesch\u00e4ftsbeziehungen und steigern Sie die Anzahl der Leads, indem Sie Inhalte von Ihrem LinkedIn-Profil verwenden.<\/li> <li><strong>Erweitern Sie Ihre LinkedIn-Zielgruppe.<\/strong><br> Lenken Sie die Aufmerksamkeit auf Ihr LinkedIn innerhalb der Webnode-Community und wecken Sie starkes Interesse an Ihren Angeboten.<\/li> <li><strong>Steigern Sie die Authentizit\u00e4t Ihres Unternehmens.<\/strong><br> Verleihen Sie Ihrer Marke durch die direkte Anzeige der neuesten LinkedIn-Aktivit\u00e4ten auf Ihrer Website eine zus\u00e4tzliche Ebene von Glaubw\u00fcrdigkeit und Vertrauen.<\/li> <\/ul> <p><b>F\u00fcgen Sie den LinkedIn Feed zu Ihrer Webnode-Website hinzu, um Ihre Glaubw\u00fcrdigkeit zu st\u00e4rken, Authentizit\u00e4t zu vermitteln und Ihr Netzwerk durch starke soziale Beweise zu erweitern.<\/b><\/p> <div class=\"faq\" data-component=\"FAQ\"> <div class=\"faq-item\">\r\n\t\t\t\t\t<div class=\"faq-item-question\">\r\n\t\t\t\t\t\t<h3 class=\"faq-item-question-text\">Gibt es noch andere Tools f\u00fcr Webnode, die ich auf meiner Website verwenden kann?<\/h3>\r\n\r\n\t\t\t\t\t\t<div class=\"faq-item-question-icon\"><\/div>\r\n\t\t\t\t\t<\/div>\r\n\r\n\t\t\t\t\t<div class=\"faq-item-answer\">\r\n\t\t\t\t\t\t<div class=\"faq-item-answer-text\"> <p>Ja, absolut! Als Webnode-Nutzer bietet Ihnen Elfsight eine breite Auswahl an Code-freien Tools, und das LinkedIn Feed-Plugin ist nur eines dieser Angebote. Unabh\u00e4ngig davon, welche Art von Gesch\u00e4ft Sie betreiben und in welcher Nische Sie t\u00e4tig sind \u2013 Sie k\u00f6nnen immer nach M\u00f6glichkeiten suchen, Ihre St\u00e4rken zu pr\u00e4sentieren. Werfen Sie einen Blick auf die Optionen:<\/p> <ul> <li>Um andere Social-Media-Apps f\u00fcr Ihre Webnode-Website zu erstellen, k\u00f6nnen Sie das <a href=\"https:\/\/elfsight.com\/pinterest-feed-widget\/\">Pinterest Feed<\/a>-Widget oder das <a href=\"https:\/\/elfsight.com\/instagram-feed-instashow\/\">Instagram Feed<\/a>-Widget neben dem LinkedIn Feed verwenden.<\/li> <li>Holen Sie sich das <a href=\"https:\/\/elfsight.com\/all-in-one-reviews-widget\/\">All-in-One Reviews<\/a>&#8211; oder <a href=\"https:\/\/elfsight.com\/google-reviews-widget\/\">Google Reviews<\/a>-Plugin, um wertvolles Kundenfeedback anzuzeigen.<\/li> <li>Integrieren Sie den <a href=\"https:\/\/elfsight.com\/online-form-builder\/\">Formular-Builder<\/a>, um die Sammlung von Antworten zu optimieren und die Kommunikation mit Ihren Webnode-Nutzern zu erleichtern.<\/li> <li>F\u00fcgen Sie den <a href=\"https:\/\/elfsight.com\/countdown-timer-widget\/\">Countdown-Timer<\/a> hinzu, um Vorfreude zu erzeugen und ein Gef\u00fchl der Dringlichkeit bei Ihrer Zielgruppe zu schaffen.<\/li> <\/ul> <p>Diese Beispiele sind nur ein kleiner Ausschnitt aus einer langen Liste von Erweiterungen, die Ihre gesch\u00e4ftlichen Bed\u00fcrfnisse abdecken k\u00f6nnen. Beginnen Sie mit dem LinkedIn Feed und tauchen Sie tiefer in unseren Katalog f\u00fcr weitere Widget-L\u00f6sungen ein!<\/p>\n<\/div>\r\n\t\t\t\t\t<\/div>\r\n\t\t\t\t<\/div>\n\n<div class=\"faq-item\">\r\n\t\t\t\t\t<div class=\"faq-item-question\">\r\n\t\t\t\t\t\t<h3 class=\"faq-item-question-text\">Wie kann ich den LinkedIn Feed kostenlos auf Webnode einbetten?<\/h3>\r\n\r\n\t\t\t\t\t\t<div class=\"faq-item-question-icon\"><\/div>\r\n\t\t\t\t\t<\/div>\r\n\r\n\t\t\t\t\t<div class=\"faq-item-answer\">\r\n\t\t\t\t\t\t<div class=\"faq-item-answer-text\">\n\n<p>Um den LinkedIn Feed kostenlos auf Ihrer Webnode-Website zu integrieren, folgen Sie einfach diesen Schritten:<\/p> <ol> <li>Passen Sie das Aussehen des LinkedIn Feed-Widgets an das Design Ihrer Website an.<\/li> <li>Loggen Sie sich in Ihr Elfsight-Admin-Panel ein oder registrieren Sie sich f\u00fcr ein kostenloses Profil.<\/li> <li>Holen Sie sich den automatisch generierten Einbettungscode.<\/li> <li>Gehen Sie zu Ihrer Webnode-Website.<\/li> <li>F\u00fcgen Sie den Code in den Webnode-Website-Editor ein, um das Feed-Widget hinzuzuf\u00fcgen. Fertig!<\/li> <\/ol> <p>Wie Sie sehen k\u00f6nnen, ist es nicht erforderlich, \u00fcber Programmierkenntnisse zu verf\u00fcgen, um das Plugin einzubetten. Erstellen Sie ganz einfach ein LinkedIn Feed-Widget f\u00fcr Ihre Webnode-Website und genie\u00dfen Sie alle Vorteile, die mit der Erweiterung Ihrer Reichweite verbunden sind.<\/p> <\/div>\r\n\t\t\t\t\t<\/div>\r\n\t\t\t\t<\/div>\n<div class=\"faq-item\">\r\n\t\t\t\t\t<div class=\"faq-item-question\">\r\n\t\t\t\t\t\t<h3 class=\"faq-item-question-text\">Muss ich programmieren k\u00f6nnen oder \u00fcber Programmierkenntnisse verf\u00fcgen, um den LinkedIn Feed auf Webnode einzubetten?<\/h3>\r\n\r\n\t\t\t\t\t\t<div class=\"faq-item-question-icon\"><\/div>\r\n\t\t\t\t\t<\/div>\r\n\r\n\t\t\t\t\t<div class=\"faq-item-answer\">\r\n\t\t\t\t\t\t<div class=\"faq-item-answer-text\">\n\n<p>Gar nicht. Es sind keinerlei Programmierkenntnisse erforderlich. Sie k\u00f6nnen den LinkedIn Feed problemlos auf Ihrer Webnode-Website erstellen und hinzuf\u00fcgen, unabh\u00e4ngig von Ihrem Hintergrund oder Wissen.<\/p> <\/div>\r\n\t\t\t\t\t<\/div>\r\n\t\t\t\t<\/div> <\/div>\n<\/div>\n\n<div class=\"application-platform-content-item-features application-platform-content-item\" id=\"features\" data-nav-section=\"features\">\n\n<h2>Wir bieten wertvolle und einfache Funktionen, hier einige davon:<\/h2> <ul> <li>Zeigen Sie alle Arten von Inhalten an: Blog-Beitr\u00e4ge, Fotos, Videos usw.<\/li> <li>Filtern Sie Feed-Beitr\u00e4ge nach Schl\u00fcsselw\u00f6rtern, Hashtags oder URLs.<\/li> <li>Call-to-Action-Schaltfl\u00e4chen zur Verbesserung der Interaktionsrate auf Ihrem Unternehmens-LinkedIn-Feed.<\/li> <li>Aufmerksamkeit erregender Pop-up-Modus, um die Aufmerksamkeit auf Ihre LinkedIn-Inhalte zu lenken.<\/li> <li>Code-freie Anpassung mit erweiterten Design-Einstellungen: Vorlagen, Farbdesigner, verschiedene Layouts, Post-Stile, benutzerdefiniertes CSS und mehr.<\/li> <\/ul> <p><a href=\"#demo\">Sie k\u00f6nnen sich einen Eindruck davon verschaffen, wie das Widget funktioniert, indem Sie die Demo ausprobieren<\/a><\/p> <\/div>\n<div class=\"application-platform-content-item-installation application-platform-content-item\" id=\"installation\" data-nav-section=\"installation\">\n\n<h2>Wie kann ich den LinkedIn Feed in meine Webnode-Website einbetten?<\/h2> <p>Um den LinkedIn Feed in Ihre Webnode-Website einzuf\u00fcgen, befolgen Sie diese Schritte:<\/p> <ol> <li><b>Nutzen Sie unseren kostenlosen Konfigurator und beginnen Sie, Ihr individuelles LinkedIn Feed-Widget zu gestalten.<\/b><br> W\u00e4hlen Sie die benutzerdefinierte Benutzeroberfl\u00e4che und die Funktionen des Plugins und speichern Sie die \u00c4nderungen.<\/li> <li><b>Kopieren Sie den einzigartigen Code, der im Fenster auf Elfsight Apps angezeigt wird.<\/b><br> Wenn die Erstellung Ihres pers\u00f6nlichen Widgets abgeschlossen ist, kopieren Sie den Code aus dem angezeigten Fenster und speichern Sie ihn f\u00fcr sp\u00e4ter.<\/li> <li><b>Starten Sie die Nutzung des Widgets auf Ihrer Webnode-Website.<\/b><br> Platzieren Sie den zuvor kopierten Code in Ihrer Website und speichern Sie die Anpassungen.<\/li> <li><b>Die Einrichtung ist erfolgreich abgeschlossen.<\/b><br> Gehen Sie auf Ihre Website, um zu sehen, wie das Tool funktioniert.<\/li> <\/ol> <p>Falls Sie Fragen haben oder auf Probleme sto\u00dfen, scheuen Sie sich nicht, unser Kundendienstteam zu kontaktieren. Unsere Berater helfen Ihnen gerne, alle Fragen zu kl\u00e4ren.<\/p> <\/div>\n","protected":false},"excerpt":{"rendered":"","protected":false},"author":9,"featured_media":0,"parent":7448,"menu_order":0,"comment_status":"closed","ping_status":"closed","template":"templates\/template-application-platform.php","meta":{"publish_to_discourse":"","publish_post_category":"","wpdc_auto_publish_overridden":"","wpdc_topic_tags":"","wpdc_pin_topic":"","wpdc_pin_until":"","discourse_post_id":"","discourse_permalink":"","wpdc_publishing_response":"","wpdc_publishing_error":"","footnotes":""},"class_list":["post-23417","page","type-page","status-publish","hentry"],"yoast_head":"<!-- This site is optimized with the Yoast SEO plugin v25.3.1 - https:\/\/yoast.com\/wordpress\/plugins\/seo\/ -->\n<title>LinkedIn Feed \u2013 Feed-App zu Webnode hinzuf\u00fcgen [kostenlos!]<\/title>\n<meta name=\"description\" content=\"Betten Sie die programmierungsfreie LinkedIn-Feed-App in Ihre Webnode-Website ein. Erstellen Sie Ihr Widget mithilfe einer Live-Demo und vorgefertigten Vorlagen, um einen starken Social Proof zu erzielen.\" \/>\n<meta name=\"robots\" content=\"index, follow, max-snippet:-1, max-image-preview:large, max-video-preview:-1\" \/>\n<link rel=\"canonical\" href=\"https:\/\/elfsight.com\/de\/linkedin-feed-widget\/webnode\/\" \/>\n<meta property=\"og:locale\" content=\"de_DE\" \/>\n<meta property=\"og:type\" content=\"article\" \/>\n<meta property=\"og:title\" content=\"LinkedIn Feed \u2013 Feed-App zu Webnode hinzuf\u00fcgen [kostenlos!]\" \/>\n<meta property=\"og:description\" content=\"Betten Sie die programmierungsfreie LinkedIn-Feed-App in Ihre Webnode-Website ein. Erstellen Sie Ihr Widget mithilfe einer Live-Demo und vorgefertigten Vorlagen, um einen starken Social Proof zu erzielen.\" \/>\n<meta property=\"og:url\" content=\"https:\/\/elfsight.com\/de\/linkedin-feed-widget\/webnode\/\" \/>\n<meta property=\"og:site_name\" content=\"Elfsight DE\" \/>\n<meta property=\"article:modified_time\" content=\"2025-07-08T10:54:24+00:00\" \/>\n<meta name=\"twitter:card\" content=\"summary_large_image\" \/>\n<meta name=\"twitter:label1\" content=\"Gesch\u00e4tzte Lesezeit\" \/>\n\t<meta name=\"twitter:data1\" content=\"5\u00a0Minuten\" \/>\n<!-- \/ Yoast SEO plugin. -->","yoast_head_json":{"title":"LinkedIn Feed \u2013 Feed-App zu Webnode hinzuf\u00fcgen [kostenlos!]","description":"Betten Sie die programmierungsfreie LinkedIn-Feed-App in Ihre Webnode-Website ein. Erstellen Sie Ihr Widget mithilfe einer Live-Demo und vorgefertigten Vorlagen, um einen starken Social Proof zu erzielen.","robots":{"index":"index","follow":"follow","max-snippet":"max-snippet:-1","max-image-preview":"max-image-preview:large","max-video-preview":"max-video-preview:-1"},"canonical":"https:\/\/elfsight.com\/de\/linkedin-feed-widget\/webnode\/","og_locale":"de_DE","og_type":"article","og_title":"LinkedIn Feed \u2013 Feed-App zu Webnode hinzuf\u00fcgen [kostenlos!]","og_description":"Betten Sie die programmierungsfreie LinkedIn-Feed-App in Ihre Webnode-Website ein. Erstellen Sie Ihr Widget mithilfe einer Live-Demo und vorgefertigten Vorlagen, um einen starken Social Proof zu erzielen.","og_url":"https:\/\/elfsight.com\/de\/linkedin-feed-widget\/webnode\/","og_site_name":"Elfsight DE","article_modified_time":"2025-07-08T10:54:24+00:00","twitter_card":"summary_large_image","twitter_misc":{"Gesch\u00e4tzte Lesezeit":"5\u00a0Minuten"},"schema":{"@context":"https:\/\/schema.org","@graph":[{"@type":"WebPage","@id":"https:\/\/elfsight.com\/de\/linkedin-feed-widget\/webnode\/","url":"https:\/\/elfsight.com\/de\/linkedin-feed-widget\/webnode\/","name":"LinkedIn Feed \u2013 Feed-App zu Webnode hinzuf\u00fcgen [kostenlos!]","isPartOf":{"@id":"https:\/\/elfsight.com\/de\/#website"},"datePublished":"2024-12-25T11:11:18+00:00","dateModified":"2025-07-08T10:54:24+00:00","description":"Betten Sie die programmierungsfreie LinkedIn-Feed-App in Ihre Webnode-Website ein. Erstellen Sie Ihr Widget mithilfe einer Live-Demo und vorgefertigten Vorlagen, um einen starken Social Proof zu erzielen.","breadcrumb":{"@id":"https:\/\/elfsight.com\/de\/linkedin-feed-widget\/webnode\/#breadcrumb"},"inLanguage":"de","potentialAction":[{"@type":"ReadAction","target":["https:\/\/elfsight.com\/de\/linkedin-feed-widget\/webnode\/"]}]},{"@type":"BreadcrumbList","@id":"https:\/\/elfsight.com\/de\/linkedin-feed-widget\/webnode\/#breadcrumb","itemListElement":[{"@type":"ListItem","position":1,"name":"Home","item":"https:\/\/elfsight.com\/de\/"},{"@type":"ListItem","position":2,"name":"LinkedIn Feed","item":"https:\/\/elfsight.com\/de\/linkedin-feed-widget\/"},{"@type":"ListItem","position":3,"name":"LinkedIn Feed &#8211; Webnode"}]},{"@type":"WebSite","@id":"https:\/\/elfsight.com\/de\/#website","url":"https:\/\/elfsight.com\/de\/","name":"Elfsight DE","description":"Just another Elfsight Sites site","potentialAction":[{"@type":"SearchAction","target":{"@type":"EntryPoint","urlTemplate":"https:\/\/elfsight.com\/de\/?s={search_term_string}"},"query-input":{"@type":"PropertyValueSpecification","valueRequired":true,"valueName":"search_term_string"}}],"inLanguage":"de"}]}},"meta_box":{"industry":"","seo_heading":"","heading":"","description":"","cta_heading":"","cta_description":"","application":"7435","h1":"So betten Sie den LinkedIn-Feed kostenlos auf Webnode ein!","h1_caption":"Zeigen Sie Beitr\u00e4ge aus Ihrem LinkedIn-Profil oder Ihrer Unternehmensseite auf Ihrer Website an und verbessern Sie so m\u00fchelos Ihre professionelle Online-Pr\u00e4senz auf Ihrer Webnode-Website.","application_category":[],"applications_title":"","applications_request_title":"","applications_request_button_text":"","hero_text":"","hero_video":"","hero_video_schema_markup":"","selling_points_title":"","selling_points_caption":"","selling_points":[],"selling_points_cta_text":"","features_title":"","features":"","ed_cta_examples_text":"","ed_cta_examples_hidden":"","ed_cta_demo_text":"","ed_cta_demo_hidden":"","why_caption":"","why_editor_title":"","why_editor_text":"","why_team_title":"","why_team_text":"","why_service_title":"","why_service_text":"","template_catalog_visible":"0","template_catalog_title":"","template_catalog_text":"","template_catalog_categories_visible":"","demo_title":"Erstellen Sie Ihre LinkedIn-Feed-App","demo_caption":"Konfigurieren Sie Ihren LinkedIn-Feed und f\u00fcgen Sie ihn kostenlos zu Ihrer Webnode-Website hinzu!","default_faq_hidden":"","app_template_category":[],"platform":"248","template_public_id":"","codecanyon_url":"","codecanyon_item_id":"","codecanyon_price":"","pricing_caption":"","pricing_elfsight_apps_hide_column":"","pricing_elfsight_apps_url":"","pricing_codecanyon_price_caption":"","integration_category":[],"integration_request_title":"","integration_request_cta":"","integration_platform":"","integrations":[],"platform_category":[],"video_schema_markup":"","price":"ab 0 $ \/ Monat","trial":"","benefits":[{"text":"Kostenlose Installationsunterst\u00fctzung"},{"text":"Erfahrener Kundensupport"},{"text":"14-t\u00e4gige R\u00fcckerstattungsgarantie"},{"text":"St\u00e4ndige Aktualisierung"}],"button_url":"#demo","button_target_blank":"0","button_nofollow":"0","attributes":[{"name":"Installiert","content":"10,000 - 100,000"},{"name":"Reaktionsfreudig","content":"Ja"},{"name":"Kompatible Browser","content":"Firefox, Safari, Opera, Chrome, Edge"}],"tags":[],"tags_disable_links":"0","hide_more_platforms":"","video_object":"","demo_hide_cta":"0","demo_hide_cloud_options":"0","pricing_title":"","pricing":[{"pricing_icon":"platform","pricing_title":"Elfsight Apps","pricing_title_caption":"Plattformunabh\u00e4ngige Version, die auf jeder Website funktioniert","pricing_price":"ab 0 $ \/ Monat","pricing_price_caption":"Beginnen Sie mit einem kostenlosen Plan","pricing_benefits":[{"text":"Unbegrenzte Websites"},{"text":"Professionelle und p\u00fcnktliche Unterst\u00fctzung und gut dokumentiert"},{"text":"Kostenloser Installationssupport"},{"text":"Vollst\u00e4ndig anpassbar"}],"pricing_button_text":"Zur Website hinzuf\u00fcgen","pricing_button_url":"#demo"}],"related_apps_title":"","related_apps_hidden":"0","author":"","image":[],"title":"","job":"","social_networks":[]},"_links":{"self":[{"href":"https:\/\/elfsight.com\/de\/wp-json\/wp\/v2\/pages\/23417","targetHints":{"allow":["GET"]}}],"collection":[{"href":"https:\/\/elfsight.com\/de\/wp-json\/wp\/v2\/pages"}],"about":[{"href":"https:\/\/elfsight.com\/de\/wp-json\/wp\/v2\/types\/page"}],"author":[{"embeddable":true,"href":"https:\/\/elfsight.com\/de\/wp-json\/wp\/v2\/users\/9"}],"replies":[{"embeddable":true,"href":"https:\/\/elfsight.com\/de\/wp-json\/wp\/v2\/comments?post=23417"}],"version-history":[{"count":2,"href":"https:\/\/elfsight.com\/de\/wp-json\/wp\/v2\/pages\/23417\/revisions"}],"predecessor-version":[{"id":23419,"href":"https:\/\/elfsight.com\/de\/wp-json\/wp\/v2\/pages\/23417\/revisions\/23419"}],"up":[{"embeddable":true,"href":"https:\/\/elfsight.com\/de\/wp-json\/wp\/v2\/pages\/7448"}],"wp:attachment":[{"href":"https:\/\/elfsight.com\/de\/wp-json\/wp\/v2\/media?parent=23417"}],"curies":[{"name":"wp","href":"https:\/\/api.w.org\/{rel}","templated":true}]}}