{"id":23206,"date":"2024-09-30T18:27:29","date_gmt":"2024-09-30T18:27:29","guid":{"rendered":"https:\/\/elfsight.com\/de\/?page_id=23206"},"modified":"2025-07-08T10:23:50","modified_gmt":"2025-07-08T10:23:50","slug":"wordpress","status":"publish","type":"page","link":"https:\/\/elfsight.com\/de\/calculator-form-widget\/wordpress\/","title":{"rendered":"calculator &#8211; wordpress"},"content":{"rendered":"<div class=\"application-platform-content-item-description application-platform-content-item\" id=\"description\" data-nav-section=\"description\"> <h2>Betten Sie den Rechner mit einem Elfsight-Plugin in WordPress ein<\/h2> <p>Das Rechner-Widget gibt Ihren Kunden die M\u00f6glichkeit, ihre Budgetierung und Reise zu planen Routen, Kochproportionen und vieles mehr, abh\u00e4ngig von Ihrem Gesch\u00e4ftsfeld. Sie k\u00f6nnen diesem eingebetteten Widget bestimmte Felder und zus\u00e4tzliche Optionen hinzuf\u00fcgen, sodass die Besucher die Vorteile analysieren k\u00f6nnen, ohne die Website-Seite zu verlassen. Mit der bedingten Logik k\u00f6nnen Sie universelle L\u00f6sungen f\u00fcr Ihr Szenario und jeden Benutzer erstellen.<\/p><p>Anpassbare Elemente wie Kontrollk\u00e4stchen, Schieberegler und Dropdown-Men\u00fcs erm\u00f6glichen es Ihnen, jeden Aspekt der Preisgestaltung f\u00fcr Produkte einzubeziehen. Verwenden Sie es beispielsweise, um Kredite zu einem angegebenen Zinssatz f\u00fcr eine g\u00fcnstige Laufzeit zu berechnen. Sie k\u00f6nnen einen Mietwagen mit vielen zus\u00e4tzlichen Annehmlichkeiten zur Auswahl anbieten. Dar\u00fcber hinaus ist der Rechner in der Lage, die Reise Ihrer Tr\u00e4ume zu planen, sofern Transport, Unterkunft und Aktivit\u00e4ten ber\u00fccksichtigt werden. <\/p><p><b>Erm\u00f6glichen Sie Ihren Website-Besuchern ein benutzerfreundliches Berechnungserlebnis, indem Sie das leistungsstarke Z\u00e4hl-Widget integrieren! <\/b><\/p> <\/div> <div class=\"application-platform-content-item-features application-platform-content-item\" id=\"features\" data-nav-section=\"features\"> <h2>Lernen Sie die Liste der leistungsst\u00e4rksten Funktionen kennen:<\/h2> <ul><li>Tool mit \u00fcbersichtlicher Oberfl\u00e4che, die es erm\u00f6glicht beliebige Berechnungen<\/li><li>Viele Operationsfeldl\u00f6sungen f\u00fcr Ihre Ideen<\/li><li>Bedingte Logik, um auch mit mehrstufigen Berechnungen zu arbeiten<\/li><li>Verwaltbare Vorlagen f\u00fcr einen einfachen Einstieg<\/li> <li>Integriertes Tool, das zur Entscheidungsfindung inspiriert<\/li><\/ul><p><a href=\"#demo\">Untersuchen Sie alle Einstellungen in einer Demo mit vollem Funktionsumfang<\/a><\/p><\/div> <div class=\"application-platform-content-item-installation application-platform-content-item\" id=\"installation\" data-nav-section=\"installation\"> <h2>Wie integriere ich den Rechner in meine WordPress-Webseite?<\/h2> <p>Befolgen Sie einfach die unten aufgef\u00fchrten Schritte, um das Plugin zu aktivieren.<\/p> <ol><li><b>Nutzen Sie unsere kostenlose Demo und beginnen Sie mit der Gestaltung Ihres individuellen Instruments. <\/b><br> Finden Sie das ausgew\u00e4hlte Aussehen und die Eigenschaften des Werkzeugs und wenden Sie die Korrekturen an. <\/li> <li><b>Kopieren Sie Ihren eindeutigen Code, der in der Box auf Elfsight Apps angezeigt wird. <\/b><br> Sobald die Anpassung Ihres Widgets abgeschlossen ist, kopieren Sie den individuellen Code im angezeigten Popup und speichern Sie ihn f\u00fcr die sp\u00e4tere Verwendung. <\/li> <li><b>Erste Schritte mit der Verwendung des Tools auf der WordPress-Website. <\/b><br> Betten Sie den Code, den Sie zuvor gespeichert haben, in Ihre Webseite ein und speichern Sie die \u00c4nderungen. <\/li> <li><b>Fertig! Die Integration wurde erfolgreich durchgef\u00fchrt. <\/b><br> Besuchen Sie Ihre Website, um zu \u00fcberpr\u00fcfen, wie das Plugin funktioniert. <\/li><\/ol> <p>Wenn Sie auf Schwierigkeiten sto\u00dfen, scheuen Sie sich nicht, sich an unsere Kundendienstmitarbeiter zu wenden. Unsere Spezialisten sind bestrebt, alle Probleme zu l\u00f6sen, die Sie m\u00f6glicherweise mit dem Widget haben. <\/p><\/div>","protected":false},"excerpt":{"rendered":"","protected":false},"author":9,"featured_media":0,"parent":22566,"menu_order":0,"comment_status":"closed","ping_status":"closed","template":"templates\/template-application-platform.php","meta":{"publish_to_discourse":"","publish_post_category":"","wpdc_auto_publish_overridden":"","wpdc_topic_tags":"","wpdc_pin_topic":"","wpdc_pin_until":"","discourse_post_id":"","discourse_permalink":"","wpdc_publishing_response":"","wpdc_publishing_error":"","footnotes":""},"class_list":["post-23206","page","type-page","status-publish","hentry"],"yoast_head":"<!-- This site is optimized with the Yoast SEO plugin v25.3.1 - https:\/\/yoast.com\/wordpress\/plugins\/seo\/ -->\n<title>Rechner in WordPress einbetten \u2013 Berechnungen vor Ort verbessern<\/title>\n<meta name=\"description\" content=\"Vereinfachen Sie selbst komplexe Z\u00e4hlungen mit dem WordPress-Rechner-Plugin. Nutzen Sie einen Kosten- und Preisrechner direkt auf Ihrer WordPress-Website.\" \/>\n<meta name=\"robots\" content=\"index, follow, max-snippet:-1, max-image-preview:large, max-video-preview:-1\" \/>\n<link rel=\"canonical\" href=\"https:\/\/elfsight.com\/de\/calculator-form-widget\/wordpress\/\" \/>\n<meta property=\"og:locale\" content=\"de_DE\" \/>\n<meta property=\"og:type\" content=\"article\" \/>\n<meta property=\"og:title\" content=\"Rechner in WordPress einbetten \u2013 Berechnungen vor Ort verbessern\" \/>\n<meta property=\"og:description\" content=\"Vereinfachen Sie selbst komplexe Z\u00e4hlungen mit dem WordPress-Rechner-Plugin. Nutzen Sie einen Kosten- und Preisrechner direkt auf Ihrer WordPress-Website.\" \/>\n<meta property=\"og:url\" content=\"https:\/\/elfsight.com\/de\/calculator-form-widget\/wordpress\/\" \/>\n<meta property=\"og:site_name\" content=\"Elfsight DE\" \/>\n<meta property=\"article:modified_time\" content=\"2025-07-08T10:23:50+00:00\" \/>\n<meta name=\"twitter:card\" content=\"summary_large_image\" \/>\n<meta name=\"twitter:label1\" content=\"Gesch\u00e4tzte Lesezeit\" \/>\n\t<meta name=\"twitter:data1\" content=\"2\u00a0Minuten\" \/>\n<!-- \/ Yoast SEO plugin. -->","yoast_head_json":{"title":"Rechner in WordPress einbetten \u2013 Berechnungen vor Ort verbessern","description":"Vereinfachen Sie selbst komplexe Z\u00e4hlungen mit dem WordPress-Rechner-Plugin. Nutzen Sie einen Kosten- und Preisrechner direkt auf Ihrer WordPress-Website.","robots":{"index":"index","follow":"follow","max-snippet":"max-snippet:-1","max-image-preview":"max-image-preview:large","max-video-preview":"max-video-preview:-1"},"canonical":"https:\/\/elfsight.com\/de\/calculator-form-widget\/wordpress\/","og_locale":"de_DE","og_type":"article","og_title":"Rechner in WordPress einbetten \u2013 Berechnungen vor Ort verbessern","og_description":"Vereinfachen Sie selbst komplexe Z\u00e4hlungen mit dem WordPress-Rechner-Plugin. Nutzen Sie einen Kosten- und Preisrechner direkt auf Ihrer WordPress-Website.","og_url":"https:\/\/elfsight.com\/de\/calculator-form-widget\/wordpress\/","og_site_name":"Elfsight DE","article_modified_time":"2025-07-08T10:23:50+00:00","twitter_card":"summary_large_image","twitter_misc":{"Gesch\u00e4tzte Lesezeit":"2\u00a0Minuten"},"schema":{"@context":"https:\/\/schema.org","@graph":[{"@type":"WebPage","@id":"https:\/\/elfsight.com\/de\/calculator-form-widget\/wordpress\/","url":"https:\/\/elfsight.com\/de\/calculator-form-widget\/wordpress\/","name":"Rechner in WordPress einbetten \u2013 Berechnungen vor Ort verbessern","isPartOf":{"@id":"https:\/\/elfsight.com\/de\/#website"},"datePublished":"2024-09-30T18:27:29+00:00","dateModified":"2025-07-08T10:23:50+00:00","description":"Vereinfachen Sie selbst komplexe Z\u00e4hlungen mit dem WordPress-Rechner-Plugin. Nutzen Sie einen Kosten- und Preisrechner direkt auf Ihrer WordPress-Website.","breadcrumb":{"@id":"https:\/\/elfsight.com\/de\/calculator-form-widget\/wordpress\/#breadcrumb"},"inLanguage":"de","potentialAction":[{"@type":"ReadAction","target":["https:\/\/elfsight.com\/de\/calculator-form-widget\/wordpress\/"]}]},{"@type":"BreadcrumbList","@id":"https:\/\/elfsight.com\/de\/calculator-form-widget\/wordpress\/#breadcrumb","itemListElement":[{"@type":"ListItem","position":1,"name":"Home","item":"https:\/\/elfsight.com\/de\/"},{"@type":"ListItem","position":2,"name":"Calculator","item":"https:\/\/elfsight.com\/de\/calculator-form-widget\/"},{"@type":"ListItem","position":3,"name":"calculator &#8211; wordpress"}]},{"@type":"WebSite","@id":"https:\/\/elfsight.com\/de\/#website","url":"https:\/\/elfsight.com\/de\/","name":"Elfsight DE","description":"Just another Elfsight Sites site","potentialAction":[{"@type":"SearchAction","target":{"@type":"EntryPoint","urlTemplate":"https:\/\/elfsight.com\/de\/?s={search_term_string}"},"query-input":{"@type":"PropertyValueSpecification","valueRequired":true,"valueName":"search_term_string"}}],"inLanguage":"de"}]}},"meta_box":{"industry":"","seo_heading":"","heading":"","description":"","cta_heading":"","cta_description":"","application":"22559","h1":"WordPress-Rechner-Plugin","h1_caption":"Stellen Sie Ihren Besuchern einen benutzerdefinierten Rechner zur Verf\u00fcgung, der m\u00fchelos schnelle L\u00f6sungen f\u00fcr Dinge wie Preise, Rabatte oder ROI-Berechnungen in Ihre WordPress-Website einbindet.","application_category":[],"applications_title":"","applications_request_title":"","applications_request_button_text":"","hero_text":"","hero_video":"","hero_video_schema_markup":"","selling_points_title":"","selling_points_caption":"","selling_points":[],"selling_points_cta_text":"","features_title":"","features":"","ed_cta_examples_text":"","ed_cta_examples_hidden":"","ed_cta_demo_text":"","ed_cta_demo_hidden":"","why_caption":"","why_editor_title":"","why_editor_text":"","why_team_title":"","why_team_text":"","why_service_title":"","why_service_text":"","template_catalog_visible":"0","template_catalog_title":"","template_catalog_text":"","template_catalog_categories_visible":"","demo_title":"Erstellen Sie Ihr Rechner-Plugin","demo_caption":"Configure your Calculator and add it to your WordPress website for free!","default_faq_hidden":"","app_template_category":[],"platform":"266","template_public_id":"","codecanyon_url":"","codecanyon_item_id":"","codecanyon_price":"","pricing_caption":"","pricing_elfsight_apps_hide_column":"","pricing_elfsight_apps_url":"","pricing_codecanyon_price_caption":"","integration_category":[],"integration_request_title":"","integration_request_cta":"","integration_platform":"","integrations":[],"platform_category":[],"video_schema_markup":"","price":"ab 0 $ \/ Monat","trial":"","benefits":[{"text":"Kostenlose Installationsunterst\u00fctzung"},{"text":"Effektiver Kundenservice"},{"text":"14-t\u00e4gige Geld-zur\u00fcck-Garantie"},{"text":"Regelm\u00e4\u00dfige kostenlose Updates"}],"button_url":"#demo","button_target_blank":"","button_nofollow":"","attributes":[{"name":"#VALUE!","content":""},{"name":"#VALUE!","content":"#VALUE!"},{"name":"#VALUE!","content":""}],"tags":[],"tags_disable_links":"","hide_more_platforms":"","video_object":"","demo_hide_cta":"","demo_hide_cloud_options":"","pricing_title":"","pricing":[{"pricing_icon":"platform","pricing_title":"Elfsight Apps","pricing_title_caption":"Plattformunabh\u00e4ngige L\u00f6sung","pricing_price":"ab 0 $ \/ Monat","pricing_price_caption":"Beginnen Sie mit einem kostenlosen Plan","pricing_benefits":[{"text":"Unbegrenzte Domains"},{"text":"Engagierter und p\u00fcnktlicher Support und gut dokumentiert"},{"text":"Kostenlose Installationshilfe"},{"text":"Flexibles Design"}],"pricing_button_text":"Zur Website hinzuf\u00fcgen","pricing_button_url":"#demo"}],"related_apps_title":"","related_apps_hidden":"","author":"","image":[],"title":"","job":"","social_networks":[]},"_links":{"self":[{"href":"https:\/\/elfsight.com\/de\/wp-json\/wp\/v2\/pages\/23206","targetHints":{"allow":["GET"]}}],"collection":[{"href":"https:\/\/elfsight.com\/de\/wp-json\/wp\/v2\/pages"}],"about":[{"href":"https:\/\/elfsight.com\/de\/wp-json\/wp\/v2\/types\/page"}],"author":[{"embeddable":true,"href":"https:\/\/elfsight.com\/de\/wp-json\/wp\/v2\/users\/9"}],"replies":[{"embeddable":true,"href":"https:\/\/elfsight.com\/de\/wp-json\/wp\/v2\/comments?post=23206"}],"version-history":[{"count":1,"href":"https:\/\/elfsight.com\/de\/wp-json\/wp\/v2\/pages\/23206\/revisions"}],"predecessor-version":[{"id":23210,"href":"https:\/\/elfsight.com\/de\/wp-json\/wp\/v2\/pages\/23206\/revisions\/23210"}],"up":[{"embeddable":true,"href":"https:\/\/elfsight.com\/de\/wp-json\/wp\/v2\/pages\/22566"}],"wp:attachment":[{"href":"https:\/\/elfsight.com\/de\/wp-json\/wp\/v2\/media?parent=23206"}],"curies":[{"name":"wp","href":"https:\/\/api.w.org\/{rel}","templated":true}]}}