{"id":23203,"date":"2024-09-30T18:27:29","date_gmt":"2024-09-30T18:27:29","guid":{"rendered":"https:\/\/elfsight.com\/de\/?page_id=23203"},"modified":"2025-07-08T10:21:09","modified_gmt":"2025-07-08T10:21:09","slug":"drupal","status":"publish","type":"page","link":"https:\/\/elfsight.com\/de\/calculator-form-widget\/drupal\/","title":{"rendered":"calculator &#8211; drupal"},"content":{"rendered":"<div class=\"application-platform-content-item-description application-platform-content-item\" id=\"description\" data-nav-section=\"description\"> <h2>Einbetten des Rechners in Drupal mit einem Elfsight-Modul<\/h2> <p>Das Rechner-Widget gibt Ihren Website-Benutzern die M\u00f6glichkeit, ihre Kosten zu planen, Reiserouten, Kochproportionen und vieles mehr je nach T\u00e4tigkeitsbereich. Sie k\u00f6nnen diesem eingebetteten Widget erforderliche Felder und zus\u00e4tzliche Optionen hinzuf\u00fcgen, sodass die Benutzer die Vorteile sehen k\u00f6nnen, ohne die Website-Seite zu verlassen. Die Funktion der bedingten Logik hilft dabei, universelle Muster f\u00fcr Ihr Szenario und jeden Kunden zu erfinden.<\/p><p>Mit anpassbaren Elementen wie Kontrollk\u00e4stchen, Schiebereglern und Dropdown-Listen k\u00f6nnen Sie jeden Aspekt der Preisgestaltung f\u00fcr verschiedene Angebote einbeziehen. Beispielsweise k\u00f6nnen Sie Kredite mit einem angegebenen Zinssatz f\u00fcr eine bestimmte Laufzeit berechnen. Sie k\u00f6nnen einen Mietwagen mit vielen Zusatzleistungen zur Auswahl anbieten. Dar\u00fcber hinaus kann der Rechner eine Traumreise projizieren, bei der Flug, Aufenthalt und die besten Ereignisse ber\u00fccksichtigt werden. <\/p><p><b>Ihre Website-Besucher werden ein perfektes Berechnungserlebnis zu sch\u00e4tzen wissen, indem sie das leistungsstarke Z\u00e4hl-Widget integrieren! <\/b><\/p><\/div> <div class=\"application-platform-content-item-features application-platform-content-item\" id=\"features\" data-nav-section=\"features\"> <h2>Hier sind die wichtigsten Funktionen des Widgets:<\/h2> <ul><li>L\u00f6sung mit \u00fcbersichtlicher Oberfl\u00e4che, die mit jedem Typ funktioniert des Z\u00e4hlens<\/li><li>Mehrere Berechnungsfeldl\u00f6sungen f\u00fcr verschiedene Ideen<\/li><li>Bedingte Logikfunktion, um auch mit detaillierten Z\u00e4hlungen zu arbeiten<\/li><li>Anpassbare Vorlagen f\u00fcr eine einfache Anfang<\/li><li>Integrierte L\u00f6sung zur Verbesserung der Entscheidungsfindung<\/li><\/ul><p><a href=\"#demo\">Hier k\u00f6nnen Sie die gesamten Funktionen des Widgets in der Demo erkunden<\/a><\/p><\/div> <div class=\"application-platform-content-item-installation application-platform-content-item\" id=\"installation\" data-nav-section=\"installation\"> <h2>Wie bette ich Calculator in meine Drupal-Webseite ein?<\/h2> <p>F\u00fchren Sie einfach die folgenden Richtlinien aus, um zu beginnen mit dem Widget.<\/p> <ol><li><b>Verwalten Sie unseren kostenlosen Editor und beginnen Sie mit der Erstellung Ihres individuellen Instruments. <\/b><br> W\u00e4hlen Sie das benutzerdefinierte Design und die Aspekte des Plugins aus und speichern Sie die \u00c4nderungen. <\/li> <li><b>Erhalten Sie den eindeutigen Code, der im Fenster von Elfsight Apps angezeigt wird. <\/b><br> Wenn die Konfiguration Ihres pers\u00f6nlichen Widgets abgeschlossen ist, kopieren Sie den individuellen Code aus dem angezeigten Feld und speichern Sie ihn f\u00fcr die zuk\u00fcnftige Verwendung. <\/li> <li><b>Beginnen Sie mit der Verwendung des Tools auf Ihrer Drupal-Homepage. <\/b><br> Geben Sie den Code, den Sie zuvor gespeichert haben, in Ihre Website ein und wenden Sie die Verbesserungen an. <\/li> <li><b>Das Setup wurde erfolgreich beendet. <\/b><br> Besuchen Sie Ihre Website, um die Funktionsweise des Plugins zu sehen. <\/li><\/ol> <p>Wenn Sie auf Komplikationen sto\u00dfen, scheuen Sie sich nicht, sich an unsere Support-Mitarbeiter zu wenden. Unsere Berater helfen Ihnen gerne bei allen Fragen rund um das Plugin weiter. <\/p><\/div> ","protected":false},"excerpt":{"rendered":"","protected":false},"author":9,"featured_media":0,"parent":22566,"menu_order":0,"comment_status":"closed","ping_status":"closed","template":"templates\/template-application-platform.php","meta":{"publish_to_discourse":"","publish_post_category":"","wpdc_auto_publish_overridden":"","wpdc_topic_tags":"","wpdc_pin_topic":"","wpdc_pin_until":"","discourse_post_id":"","discourse_permalink":"","wpdc_publishing_response":"","wpdc_publishing_error":"","footnotes":""},"class_list":["post-23203","page","type-page","status-publish","hentry"],"yoast_head":"<!-- This site is optimized with the Yoast SEO plugin v25.3.1 - https:\/\/yoast.com\/wordpress\/plugins\/seo\/ -->\n<title>Integrieren Sie den Rechner mit Drupal \u2013 Verbessern Sie den Online-Z\u00e4hlvorgang<\/title>\n<meta name=\"description\" content=\"Bew\u00e4ltigen Sie sogar mehrstufige Z\u00e4hlungen mit dem benutzerorientierten Rechner. Entdecken Sie eine \u00fcbersichtliche Demo von Elfsight, um das leistungsstarke Widget zu erstellen.\" \/>\n<meta name=\"robots\" content=\"index, follow, max-snippet:-1, max-image-preview:large, max-video-preview:-1\" \/>\n<link rel=\"canonical\" href=\"https:\/\/elfsight.com\/de\/calculator-form-widget\/drupal\/\" \/>\n<meta property=\"og:locale\" content=\"de_DE\" \/>\n<meta property=\"og:type\" content=\"article\" \/>\n<meta property=\"og:title\" content=\"Integrieren Sie den Rechner mit Drupal \u2013 Verbessern Sie den Online-Z\u00e4hlvorgang\" \/>\n<meta property=\"og:description\" content=\"Bew\u00e4ltigen Sie sogar mehrstufige Z\u00e4hlungen mit dem benutzerorientierten Rechner. Entdecken Sie eine \u00fcbersichtliche Demo von Elfsight, um das leistungsstarke Widget zu erstellen.\" \/>\n<meta property=\"og:url\" content=\"https:\/\/elfsight.com\/de\/calculator-form-widget\/drupal\/\" \/>\n<meta property=\"og:site_name\" content=\"Elfsight DE\" \/>\n<meta property=\"article:modified_time\" content=\"2025-07-08T10:21:09+00:00\" \/>\n<meta name=\"twitter:card\" content=\"summary_large_image\" \/>\n<meta name=\"twitter:label1\" content=\"Gesch\u00e4tzte Lesezeit\" \/>\n\t<meta name=\"twitter:data1\" content=\"2\u00a0Minuten\" \/>\n<!-- \/ Yoast SEO plugin. -->","yoast_head_json":{"title":"Integrieren Sie den Rechner mit Drupal \u2013 Verbessern Sie den Online-Z\u00e4hlvorgang","description":"Bew\u00e4ltigen Sie sogar mehrstufige Z\u00e4hlungen mit dem benutzerorientierten Rechner. Entdecken Sie eine \u00fcbersichtliche Demo von Elfsight, um das leistungsstarke Widget zu erstellen.","robots":{"index":"index","follow":"follow","max-snippet":"max-snippet:-1","max-image-preview":"max-image-preview:large","max-video-preview":"max-video-preview:-1"},"canonical":"https:\/\/elfsight.com\/de\/calculator-form-widget\/drupal\/","og_locale":"de_DE","og_type":"article","og_title":"Integrieren Sie den Rechner mit Drupal \u2013 Verbessern Sie den Online-Z\u00e4hlvorgang","og_description":"Bew\u00e4ltigen Sie sogar mehrstufige Z\u00e4hlungen mit dem benutzerorientierten Rechner. Entdecken Sie eine \u00fcbersichtliche Demo von Elfsight, um das leistungsstarke Widget zu erstellen.","og_url":"https:\/\/elfsight.com\/de\/calculator-form-widget\/drupal\/","og_site_name":"Elfsight DE","article_modified_time":"2025-07-08T10:21:09+00:00","twitter_card":"summary_large_image","twitter_misc":{"Gesch\u00e4tzte Lesezeit":"2\u00a0Minuten"},"schema":{"@context":"https:\/\/schema.org","@graph":[{"@type":"WebPage","@id":"https:\/\/elfsight.com\/de\/calculator-form-widget\/drupal\/","url":"https:\/\/elfsight.com\/de\/calculator-form-widget\/drupal\/","name":"Integrieren Sie den Rechner mit Drupal \u2013 Verbessern Sie den Online-Z\u00e4hlvorgang","isPartOf":{"@id":"https:\/\/elfsight.com\/de\/#website"},"datePublished":"2024-09-30T18:27:29+00:00","dateModified":"2025-07-08T10:21:09+00:00","description":"Bew\u00e4ltigen Sie sogar mehrstufige Z\u00e4hlungen mit dem benutzerorientierten Rechner. Entdecken Sie eine \u00fcbersichtliche Demo von Elfsight, um das leistungsstarke Widget zu erstellen.","breadcrumb":{"@id":"https:\/\/elfsight.com\/de\/calculator-form-widget\/drupal\/#breadcrumb"},"inLanguage":"de","potentialAction":[{"@type":"ReadAction","target":["https:\/\/elfsight.com\/de\/calculator-form-widget\/drupal\/"]}]},{"@type":"BreadcrumbList","@id":"https:\/\/elfsight.com\/de\/calculator-form-widget\/drupal\/#breadcrumb","itemListElement":[{"@type":"ListItem","position":1,"name":"Home","item":"https:\/\/elfsight.com\/de\/"},{"@type":"ListItem","position":2,"name":"Calculator","item":"https:\/\/elfsight.com\/de\/calculator-form-widget\/"},{"@type":"ListItem","position":3,"name":"calculator &#8211; drupal"}]},{"@type":"WebSite","@id":"https:\/\/elfsight.com\/de\/#website","url":"https:\/\/elfsight.com\/de\/","name":"Elfsight DE","description":"Just another Elfsight Sites site","potentialAction":[{"@type":"SearchAction","target":{"@type":"EntryPoint","urlTemplate":"https:\/\/elfsight.com\/de\/?s={search_term_string}"},"query-input":{"@type":"PropertyValueSpecification","valueRequired":true,"valueName":"search_term_string"}}],"inLanguage":"de"}]}},"meta_box":{"industry":"","seo_heading":"","heading":"","description":"","cta_heading":"","cta_description":"","application":"22559","h1":"Drupal-Rechnermodul","h1_caption":"Stellen Sie Ihren Besuchern einen benutzerdefinierten Rechner zur Verf\u00fcgung, der m\u00fchelos schnelle L\u00f6sungen f\u00fcr Dinge wie Preise, Rabatte oder ROI-Berechnungen in Ihre Drupal-Website einbindet.","application_category":[],"applications_title":"","applications_request_title":"","applications_request_button_text":"","hero_text":"","hero_video":"","hero_video_schema_markup":"","selling_points_title":"","selling_points_caption":"","selling_points":[],"selling_points_cta_text":"","features_title":"","features":"","ed_cta_examples_text":"","ed_cta_examples_hidden":"","ed_cta_demo_text":"","ed_cta_demo_hidden":"","why_caption":"","why_editor_title":"","why_editor_text":"","why_team_title":"","why_team_text":"","why_service_title":"","why_service_text":"","template_catalog_visible":"0","template_catalog_title":"","template_catalog_text":"","template_catalog_categories_visible":"","demo_title":"Erstellen Sie Ihr Rechnermodul","demo_caption":"Configure your Calculator and add it to your Drupal website for free!","default_faq_hidden":"","app_template_category":[],"platform":"261","template_public_id":"","codecanyon_url":"","codecanyon_item_id":"","codecanyon_price":"","pricing_caption":"","pricing_elfsight_apps_hide_column":"","pricing_elfsight_apps_url":"","pricing_codecanyon_price_caption":"","integration_category":[],"integration_request_title":"","integration_request_cta":"","integration_platform":"","integrations":[],"platform_category":[],"video_schema_markup":"","price":"ab 0 $ \/ Monat","trial":"","benefits":[{"text":"Kostenloser Installationsservice"},{"text":"Professioneller Kundenservice"},{"text":"14-t\u00e4gige R\u00fcckerstattungsgarantie"},{"text":"Regelm\u00e4\u00dfige Verbesserungen"}],"button_url":"#demo","button_target_blank":"","button_nofollow":"","attributes":[{"name":"Installieren","content":"50,000 - 100,000"},{"name":"Reaktionsfreudig","content":"Ja"},{"name":"Kompatible Browser","content":"Firefox, Safari, Opera, Chrome, Edge"}],"tags":[],"tags_disable_links":"","hide_more_platforms":"","video_object":"","demo_hide_cta":"","demo_hide_cloud_options":"","pricing_title":"","pricing":[{"pricing_icon":"platform","pricing_title":"Elfsight Apps","pricing_title_caption":"Multiplattform-Version, die auf jeder Site funktioniert","pricing_price":"ab 0 $ \/ Monat","pricing_price_caption":"Beginnen Sie mit einem kostenlosen Plan","pricing_benefits":[{"text":"Unbegrenzte Domains"},{"text":"Erstklassiger und p\u00fcnktlicher Support und gut dokumentiert"},{"text":"Kostenlose Installationshilfe"},{"text":"Vollst\u00e4ndig anpassbar"}],"pricing_button_text":"Zur Website hinzuf\u00fcgen","pricing_button_url":"#demo"}],"related_apps_title":"","related_apps_hidden":"","author":"","image":[],"title":"","job":"","social_networks":[]},"_links":{"self":[{"href":"https:\/\/elfsight.com\/de\/wp-json\/wp\/v2\/pages\/23203","targetHints":{"allow":["GET"]}}],"collection":[{"href":"https:\/\/elfsight.com\/de\/wp-json\/wp\/v2\/pages"}],"about":[{"href":"https:\/\/elfsight.com\/de\/wp-json\/wp\/v2\/types\/page"}],"author":[{"embeddable":true,"href":"https:\/\/elfsight.com\/de\/wp-json\/wp\/v2\/users\/9"}],"replies":[{"embeddable":true,"href":"https:\/\/elfsight.com\/de\/wp-json\/wp\/v2\/comments?post=23203"}],"version-history":[{"count":1,"href":"https:\/\/elfsight.com\/de\/wp-json\/wp\/v2\/pages\/23203\/revisions"}],"predecessor-version":[{"id":23207,"href":"https:\/\/elfsight.com\/de\/wp-json\/wp\/v2\/pages\/23203\/revisions\/23207"}],"up":[{"embeddable":true,"href":"https:\/\/elfsight.com\/de\/wp-json\/wp\/v2\/pages\/22566"}],"wp:attachment":[{"href":"https:\/\/elfsight.com\/de\/wp-json\/wp\/v2\/media?parent=23203"}],"curies":[{"name":"wp","href":"https:\/\/api.w.org\/{rel}","templated":true}]}}