{"id":23198,"date":"2024-09-30T18:27:29","date_gmt":"2024-09-30T18:27:29","guid":{"rendered":"https:\/\/elfsight.com\/de\/?page_id=23198"},"modified":"2025-07-08T10:23:19","modified_gmt":"2025-07-08T10:23:19","slug":"squarespace","status":"publish","type":"page","link":"https:\/\/elfsight.com\/de\/calculator-form-widget\/squarespace\/","title":{"rendered":"calculator &#8211; squarespace"},"content":{"rendered":"<div class=\"application-platform-content-item-description application-platform-content-item\" id=\"description\" data-nav-section=\"description\"> <h2>Betten Sie den Rechner mit einem Elfsight-Plugin in Squarespace ein<\/h2> <p>Das Rechner-Widget bietet Ihren Website-Benutzern die M\u00f6glichkeit, ihre Ausgaben zu planen , Anfahrtswege, Garmengen und vieles mehr rund um Ihren Gesch\u00e4ftsbereich. In dieses On-Page-Widget k\u00f6nnen bestimmte Felder und zus\u00e4tzliche Optionen integriert werden, sodass die Besucher ihre Vorteile \u00fcberpr\u00fcfen k\u00f6nnen, ohne den Tab zu verlassen. Mit der bedingten Logikfunktion k\u00f6nnen Sie universelle Muster f\u00fcr jedes Szenario und jeden Benutzer erstellen.<\/p><p>Anpassbare Elemente wie Kontrollk\u00e4stchen, Schieberegler und Dropdown-Men\u00fcs erm\u00f6glichen Ihnen die Einbindung beliebiger Preismuster f\u00fcr bestimmte Produkte. Beispielsweise kann man Kredite zu einem angegebenen Prozentsatz f\u00fcr einen angemessenen Zeitraum kalkulieren. Sie k\u00f6nnen eine Autovermietung mit zahlreichen Zusatzoptionen zur Auswahl anbieten. Ebenso ist der Rechner in der Lage, die Reise Ihrer Tr\u00e4ume zu prognostizieren, sofern Transfer, Unterkunft und die besten Aktivit\u00e4ten ber\u00fccksichtigt werden. <\/p><p><b>Erm\u00f6glichen Sie Ihren Besuchern ein solides Berechnungserlebnis, indem Sie das unkomplizierte Z\u00e4hl-Widget integrieren! <\/b><\/p> <\/div><div class=\"application-platform-content-item-features application-platform-content-item\" id=\"features\" data-nav-section=\"features\"> <h2>Die grundlegenden Widget-Funktionen enthalten<\/h2> <ul><li>Tool mit einfacher Schnittstelle, das mit jeder Art von Z\u00e4hlung funktioniert<\/li><li>Mehrere Operationsfeldl\u00f6sungen f\u00fcr verschiedene Ziele<\/li><li>Bedingte Logik, um auch detaillierte Z\u00e4hlungen zu erm\u00f6glichen<\/li><li>Anpassbare Vorlagen f\u00fcr den Anfang ganz einfach<\/li><li>Integriertes Tool, das zur Entscheidungsfindung inspiriert<\/li><\/ul><p><a href=\"#demo\">Probieren Sie alle Anpassungsoptionen in einer voll funktionsf\u00e4higen Demo aus<\/a><\/p><\/div> <div class=\"application-platform-content-item-installation application-platform-content-item\" id=\"installation\" data-nav-section=\"installation\"> <h2>Wie integriere ich Calculator in meine Squarespace-Webseite?<\/h2><p>Befolgen Sie einfach die unten beschriebenen Schritte, um mit der Arbeit zu beginnen Widget.<\/p> <ol><li><b>Verwalten Sie unseren kostenlosen Konfigurator und beginnen Sie mit der Erstellung Ihres personalisierten Widgets. <\/b><br> W\u00e4hlen Sie das benutzerdefinierte Erscheinungsbild und die Parameter des Plugins und speichern Sie die \u00c4nderungen. <\/li> <li><b>Sie erhalten Ihren individuellen Code in der Box von Elfsight Apps. <\/b><br> Sobald die Einrichtung Ihres pers\u00f6nlichen Plugins abgeschlossen ist, kopieren Sie den individuellen Code in das erscheinende Feld und bewahren Sie ihn f\u00fcr sp\u00e4tere Gelegenheiten auf. <\/li> <li><b>Beginnen Sie mit der Anwendung des Widgets auf Ihrer Squarespace-Site. <\/b><br> Integrieren Sie den k\u00fcrzlich gespeicherten Code in Ihre Seite und wenden Sie die Verbesserungen an. <\/li> <li><b>Die Installation ist vollst\u00e4ndig abgeschlossen. <\/b><br> Gehen Sie auf Ihre Seite, um die Funktionsweise des Tools zu \u00fcberpr\u00fcfen. <\/li><\/ol> <p>Wenn Sie Fragen haben oder auf Schwierigkeiten sto\u00dfen, k\u00f6nnen Sie sich gerne an unser Support-Team wenden. Unsere Berater werden sich freuen, alle Probleme zu l\u00f6sen, die Sie m\u00f6glicherweise mit dem Widget haben. <\/p> <\/div>","protected":false},"excerpt":{"rendered":"","protected":false},"author":9,"featured_media":0,"parent":22566,"menu_order":0,"comment_status":"closed","ping_status":"closed","template":"templates\/template-application-platform.php","meta":{"publish_to_discourse":"","publish_post_category":"","wpdc_auto_publish_overridden":"","wpdc_topic_tags":"","wpdc_pin_topic":"","wpdc_pin_until":"","discourse_post_id":"","discourse_permalink":"","wpdc_publishing_response":"","wpdc_publishing_error":"","footnotes":""},"class_list":["post-23198","page","type-page","status-publish","hentry"],"yoast_head":"<!-- This site is optimized with the Yoast SEO plugin v25.3.1 - https:\/\/yoast.com\/wordpress\/plugins\/seo\/ -->\n<title>Squarespace-Rechner \u2013 Erstellen Sie einen Rechner f\u00fcr Ihre Squarespace-Website<\/title>\n<meta name=\"description\" content=\"Erstellen Sie einen Online-Rechner f\u00fcr Squarespace, um auch detaillierte Berechnungen auf der Website zu meistern. Verwenden Sie einen einfachen Squarespace-Rechner-Builder.\" \/>\n<meta name=\"robots\" content=\"index, follow, max-snippet:-1, max-image-preview:large, max-video-preview:-1\" \/>\n<link rel=\"canonical\" href=\"https:\/\/elfsight.com\/de\/calculator-form-widget\/squarespace\/\" \/>\n<meta property=\"og:locale\" content=\"de_DE\" \/>\n<meta property=\"og:type\" content=\"article\" \/>\n<meta property=\"og:title\" content=\"Squarespace-Rechner \u2013 Erstellen Sie einen Rechner f\u00fcr Ihre Squarespace-Website\" \/>\n<meta property=\"og:description\" content=\"Erstellen Sie einen Online-Rechner f\u00fcr Squarespace, um auch detaillierte Berechnungen auf der Website zu meistern. Verwenden Sie einen einfachen Squarespace-Rechner-Builder.\" \/>\n<meta property=\"og:url\" content=\"https:\/\/elfsight.com\/de\/calculator-form-widget\/squarespace\/\" \/>\n<meta property=\"og:site_name\" content=\"Elfsight DE\" \/>\n<meta property=\"article:modified_time\" content=\"2025-07-08T10:23:19+00:00\" \/>\n<meta name=\"twitter:card\" content=\"summary_large_image\" \/>\n<meta name=\"twitter:label1\" content=\"Gesch\u00e4tzte Lesezeit\" \/>\n\t<meta name=\"twitter:data1\" content=\"2\u00a0Minuten\" \/>\n<!-- \/ Yoast SEO plugin. -->","yoast_head_json":{"title":"Squarespace-Rechner \u2013 Erstellen Sie einen Rechner f\u00fcr Ihre Squarespace-Website","description":"Erstellen Sie einen Online-Rechner f\u00fcr Squarespace, um auch detaillierte Berechnungen auf der Website zu meistern. Verwenden Sie einen einfachen Squarespace-Rechner-Builder.","robots":{"index":"index","follow":"follow","max-snippet":"max-snippet:-1","max-image-preview":"max-image-preview:large","max-video-preview":"max-video-preview:-1"},"canonical":"https:\/\/elfsight.com\/de\/calculator-form-widget\/squarespace\/","og_locale":"de_DE","og_type":"article","og_title":"Squarespace-Rechner \u2013 Erstellen Sie einen Rechner f\u00fcr Ihre Squarespace-Website","og_description":"Erstellen Sie einen Online-Rechner f\u00fcr Squarespace, um auch detaillierte Berechnungen auf der Website zu meistern. Verwenden Sie einen einfachen Squarespace-Rechner-Builder.","og_url":"https:\/\/elfsight.com\/de\/calculator-form-widget\/squarespace\/","og_site_name":"Elfsight DE","article_modified_time":"2025-07-08T10:23:19+00:00","twitter_card":"summary_large_image","twitter_misc":{"Gesch\u00e4tzte Lesezeit":"2\u00a0Minuten"},"schema":{"@context":"https:\/\/schema.org","@graph":[{"@type":"WebPage","@id":"https:\/\/elfsight.com\/de\/calculator-form-widget\/squarespace\/","url":"https:\/\/elfsight.com\/de\/calculator-form-widget\/squarespace\/","name":"Squarespace-Rechner \u2013 Erstellen Sie einen Rechner f\u00fcr Ihre Squarespace-Website","isPartOf":{"@id":"https:\/\/elfsight.com\/de\/#website"},"datePublished":"2024-09-30T18:27:29+00:00","dateModified":"2025-07-08T10:23:19+00:00","description":"Erstellen Sie einen Online-Rechner f\u00fcr Squarespace, um auch detaillierte Berechnungen auf der Website zu meistern. Verwenden Sie einen einfachen Squarespace-Rechner-Builder.","breadcrumb":{"@id":"https:\/\/elfsight.com\/de\/calculator-form-widget\/squarespace\/#breadcrumb"},"inLanguage":"de","potentialAction":[{"@type":"ReadAction","target":["https:\/\/elfsight.com\/de\/calculator-form-widget\/squarespace\/"]}]},{"@type":"BreadcrumbList","@id":"https:\/\/elfsight.com\/de\/calculator-form-widget\/squarespace\/#breadcrumb","itemListElement":[{"@type":"ListItem","position":1,"name":"Home","item":"https:\/\/elfsight.com\/de\/"},{"@type":"ListItem","position":2,"name":"Calculator","item":"https:\/\/elfsight.com\/de\/calculator-form-widget\/"},{"@type":"ListItem","position":3,"name":"calculator &#8211; squarespace"}]},{"@type":"WebSite","@id":"https:\/\/elfsight.com\/de\/#website","url":"https:\/\/elfsight.com\/de\/","name":"Elfsight DE","description":"Just another Elfsight Sites site","potentialAction":[{"@type":"SearchAction","target":{"@type":"EntryPoint","urlTemplate":"https:\/\/elfsight.com\/de\/?s={search_term_string}"},"query-input":{"@type":"PropertyValueSpecification","valueRequired":true,"valueName":"search_term_string"}}],"inLanguage":"de"}]}},"meta_box":{"industry":"","seo_heading":"","heading":"","description":"","cta_heading":"","cta_description":"","application":"22559","h1":"Squarespace-Rechner","h1_caption":"Stellen Sie Ihren Besuchern einen benutzerdefinierten Rechner zur Verf\u00fcgung, der m\u00fchelos schnelle L\u00f6sungen f\u00fcr Dinge wie Preise, Rabatte oder ROI-Berechnungen auf Ihrer Squarespace-Website bereitstellt.","application_category":[],"applications_title":"","applications_request_title":"","applications_request_button_text":"","hero_text":"","hero_video":"","hero_video_schema_markup":"","selling_points_title":"","selling_points_caption":"","selling_points":[],"selling_points_cta_text":"","features_title":"","features":"","ed_cta_examples_text":"","ed_cta_examples_hidden":"","ed_cta_demo_text":"","ed_cta_demo_hidden":"","why_caption":"","why_editor_title":"","why_editor_text":"","why_team_title":"","why_team_text":"","why_service_title":"","why_service_text":"","template_catalog_visible":"0","template_catalog_title":"","template_catalog_text":"","template_catalog_categories_visible":"","demo_title":"Erstellen Sie Ihr Rechner-Plugin","demo_caption":"Configure your Calculator and add it to your Squarespace website for free!","default_faq_hidden":"","app_template_category":[],"platform":"252","template_public_id":"","codecanyon_url":"","codecanyon_item_id":"","codecanyon_price":"","pricing_caption":"","pricing_elfsight_apps_hide_column":"","pricing_elfsight_apps_url":"","pricing_codecanyon_price_caption":"","integration_category":[],"integration_request_title":"","integration_request_cta":"","integration_platform":"","integrations":[],"platform_category":[],"video_schema_markup":"","price":"ab 0 $ \/ Monat","trial":"","benefits":[{"text":"Kostenlose Installationshilfe"},{"text":"Professioneller Kundenservice"},{"text":"14-t\u00e4gige Geld-zur\u00fcck-Garantie"},{"text":"St\u00e4ndige Aktualisierung"}],"button_url":"#demo","button_target_blank":"","button_nofollow":"","attributes":[{"name":"Installieren","content":"50,000 - 100,000"},{"name":"Reaktionsfreudig","content":"Ja"},{"name":"Kompatible Browser","content":"Firefox, Safari, Opera, Chrome, Edge"}],"tags":[],"tags_disable_links":"","hide_more_platforms":"","video_object":"","demo_hide_cta":"","demo_hide_cloud_options":"","pricing_title":"","pricing":[{"pricing_icon":"platform","pricing_title":"Elfsight Apps","pricing_title_caption":"Plattform\u00fcbergreifende digitale L\u00f6sung","pricing_price":"ab 0 $ \/ Monat","pricing_price_caption":"Beginnen Sie mit einem kostenlosen Plan","pricing_benefits":[{"text":"Unbegrenzte Websites"},{"text":"Kundensupport rund um die Uhr und gut dokumentiert"},{"text":"Kostenloser Installationssupport"},{"text":"Flexibles Design"}],"pricing_button_text":"Zur Website hinzuf\u00fcgen","pricing_button_url":"#demo"}],"related_apps_title":"","related_apps_hidden":"","author":"","image":[],"title":"","job":"","social_networks":[]},"_links":{"self":[{"href":"https:\/\/elfsight.com\/de\/wp-json\/wp\/v2\/pages\/23198","targetHints":{"allow":["GET"]}}],"collection":[{"href":"https:\/\/elfsight.com\/de\/wp-json\/wp\/v2\/pages"}],"about":[{"href":"https:\/\/elfsight.com\/de\/wp-json\/wp\/v2\/types\/page"}],"author":[{"embeddable":true,"href":"https:\/\/elfsight.com\/de\/wp-json\/wp\/v2\/users\/9"}],"replies":[{"embeddable":true,"href":"https:\/\/elfsight.com\/de\/wp-json\/wp\/v2\/comments?post=23198"}],"version-history":[{"count":1,"href":"https:\/\/elfsight.com\/de\/wp-json\/wp\/v2\/pages\/23198\/revisions"}],"predecessor-version":[{"id":23202,"href":"https:\/\/elfsight.com\/de\/wp-json\/wp\/v2\/pages\/23198\/revisions\/23202"}],"up":[{"embeddable":true,"href":"https:\/\/elfsight.com\/de\/wp-json\/wp\/v2\/pages\/22566"}],"wp:attachment":[{"href":"https:\/\/elfsight.com\/de\/wp-json\/wp\/v2\/media?parent=23198"}],"curies":[{"name":"wp","href":"https:\/\/api.w.org\/{rel}","templated":true}]}}