{"id":23197,"date":"2024-09-30T18:27:29","date_gmt":"2024-09-30T18:27:29","guid":{"rendered":"https:\/\/elfsight.com\/de\/?page_id=23197"},"modified":"2025-07-08T10:23:39","modified_gmt":"2025-07-08T10:23:39","slug":"wix","status":"publish","type":"page","link":"https:\/\/elfsight.com\/de\/calculator-form-widget\/wix\/","title":{"rendered":"calculator &#8211; wix"},"content":{"rendered":"<div class=\"application-platform-content-item-description application-platform-content-item\" id=\"description\" data-nav-section=\"description\"> <h2>Rechner mit einer Elfsight-App in Wix einbetten<\/h2> <p>Mit dem Rechner-Widget haben Ihre Website-Benutzer die M\u00f6glichkeit, ihre Kosten zu planen , Reiserouten, Kochproportionen und vieles mehr je nach T\u00e4tigkeitsbereich. Sie k\u00f6nnen diesem On-Page-Widget bestimmte Felder und zus\u00e4tzliche Optionen hinzuf\u00fcgen, sodass die Benutzer die Vorteile analysieren k\u00f6nnen, ohne die Registerkarte zu verlassen. Mit der Funktion \u201eBedingte Logik\u201c k\u00f6nnen Sie universelle Muster f\u00fcr Ihr Szenario und jeden Kunden erstellen.<\/p><p>Verwaltbare Elemente wie Kontrollk\u00e4stchen, Schieberegler und Dropdown-Men\u00fcs erm\u00f6glichen Ihnen die Einbeziehung beliebiger Preisbildungsmuster f\u00fcr verschiedene Produkte. Versuchen Sie beispielsweise, Kredite mit einem angegebenen Zinssatz f\u00fcr eine g\u00fcnstige Laufzeit zu berechnen. Sie k\u00f6nnen einen Mietwagen mit vielen zus\u00e4tzlichen Annehmlichkeiten anbieten, aus denen Sie w\u00e4hlen k\u00f6nnen. Ebenso ist der Rechner in der Lage, eine Traumreise zu planen, bei der Flug, Aufenthalt und beste Ereignisse berechnet werden. <\/p><p><b>Ihre Kunden werden ein komfortables Berechnungserlebnis durch die Integration des benutzerorientierten Z\u00e4hl-Widgets zu sch\u00e4tzen wissen! <\/b><\/p><\/div> <div class=\"application-platform-content-item-features application-platform-content-item\" id=\"features\" data-nav-section=\"features\"> <h2>Die wichtigsten Widget-Funktionen enthalten<\/h2> <ul><li>L\u00f6sung mit klarer Schnittstelle, die alle Vorg\u00e4nge erm\u00f6glicht<\/li> <li>Mehrere Z\u00e4hlfeldtypen f\u00fcr verschiedene Ideen<\/li><li>Bedingte Logikfunktion, die auch komplexe Berechnungen erm\u00f6glicht<\/li><li>Schnellstartvorlagen f\u00fcr einen reibungslosen Ablauf start<\/li><li>Integriertes Tool zur Verbesserung der Entscheidungsfindung<\/li><\/ul><p><a href=\"#demo\">Probieren Sie einfach diese Demo aus, um einen vollst\u00e4ndigen \u00dcberblick zu erhalten<\/a><\/p><\/div> <div class=\"application-platform-content-item-installation application-platform-content-item\" id=\"installation\" data-nav-section=\"installation\"> <h2>Wie kann ich den Rechner in meine Wix-Website einbetten?<\/h2><p>Befolgen Sie einfach die nachstehenden Anweisungen, um den zu aktivieren Tool.<\/p> <ol><li><b>Verwalten Sie unseren kostenlosen Editor und beginnen Sie mit der Erstellung Ihres ma\u00dfgeschneiderten Instruments. <\/b><br> W\u00e4hlen Sie das bevorzugte Aussehen und die Optionen des Widgets und \u00fcbernehmen Sie die \u00c4nderungen. <\/li> <li><b>Erhalten Sie den einzigartigen Code, der in der speziellen Form auf Elfsight Apps verf\u00fcgbar ist. <\/b><br> Sobald die Einrichtung Ihres pers\u00f6nlichen Plugins abgeschlossen ist, kopieren Sie den einzelnen Code im angezeigten Popup und bewahren Sie ihn f\u00fcr die zuk\u00fcnftige Verwendung auf. <\/li> <li><b>Beginnen Sie mit der Verwendung des Widgets auf der Wix-Seite. <\/b><br> Betten Sie den Code, den Sie zuvor kopiert haben, in Ihre Homepage ein und \u00fcbernehmen Sie die \u00c4nderungen. <\/li> <li><b>Du bist fertig! Die Integration ist vollst\u00e4ndig abgeschlossen. <\/b><br> Gehen Sie zu Ihrer Seite, um die Leistung des Plugins zu \u00fcberpr\u00fcfen. <\/li><\/ol> <p>Wenn Sie Fragen haben oder auf Probleme sto\u00dfen, z\u00f6gern Sie nicht, sich an unser Support-Team zu wenden. Unsere Berater helfen Ihnen gerne bei der L\u00f6sung aller Schwierigkeiten, die Sie mit dem Plugin haben k\u00f6nnten. <\/p><\/div> ","protected":false},"excerpt":{"rendered":"","protected":false},"author":9,"featured_media":0,"parent":22566,"menu_order":0,"comment_status":"closed","ping_status":"closed","template":"templates\/template-application-platform.php","meta":{"publish_to_discourse":"","publish_post_category":"","wpdc_auto_publish_overridden":"","wpdc_topic_tags":"","wpdc_pin_topic":"","wpdc_pin_until":"","discourse_post_id":"","discourse_permalink":"","wpdc_publishing_response":"","wpdc_publishing_error":"","footnotes":""},"class_list":["post-23197","page","type-page","status-publish","hentry"],"yoast_head":"<!-- This site is optimized with the Yoast SEO plugin v25.3.1 - https:\/\/yoast.com\/wordpress\/plugins\/seo\/ -->\n<title>Wix Calculator Builder \u2013 Erstellen Sie einen Rechner f\u00fcr Ihre Wix-Website<\/title>\n<meta name=\"description\" content=\"F\u00fcgen Sie einen anpassbaren Rechner hinzu, um Berechnungen auf der Website zu vereinfachen. Verwenden Sie einen kostenlosen und einfachen Rechner-Builder von Wix.\" \/>\n<meta name=\"robots\" content=\"index, follow, max-snippet:-1, max-image-preview:large, max-video-preview:-1\" \/>\n<link rel=\"canonical\" href=\"https:\/\/elfsight.com\/de\/calculator-form-widget\/wix\/\" \/>\n<meta property=\"og:locale\" content=\"de_DE\" \/>\n<meta property=\"og:type\" content=\"article\" \/>\n<meta property=\"og:title\" content=\"Wix Calculator Builder \u2013 Erstellen Sie einen Rechner f\u00fcr Ihre Wix-Website\" \/>\n<meta property=\"og:description\" content=\"F\u00fcgen Sie einen anpassbaren Rechner hinzu, um Berechnungen auf der Website zu vereinfachen. Verwenden Sie einen kostenlosen und einfachen Rechner-Builder von Wix.\" \/>\n<meta property=\"og:url\" content=\"https:\/\/elfsight.com\/de\/calculator-form-widget\/wix\/\" \/>\n<meta property=\"og:site_name\" content=\"Elfsight DE\" \/>\n<meta property=\"article:modified_time\" content=\"2025-07-08T10:23:39+00:00\" \/>\n<meta name=\"twitter:card\" content=\"summary_large_image\" \/>\n<meta name=\"twitter:label1\" content=\"Gesch\u00e4tzte Lesezeit\" \/>\n\t<meta name=\"twitter:data1\" content=\"2\u00a0Minuten\" \/>\n<!-- \/ Yoast SEO plugin. -->","yoast_head_json":{"title":"Wix Calculator Builder \u2013 Erstellen Sie einen Rechner f\u00fcr Ihre Wix-Website","description":"F\u00fcgen Sie einen anpassbaren Rechner hinzu, um Berechnungen auf der Website zu vereinfachen. Verwenden Sie einen kostenlosen und einfachen Rechner-Builder von Wix.","robots":{"index":"index","follow":"follow","max-snippet":"max-snippet:-1","max-image-preview":"max-image-preview:large","max-video-preview":"max-video-preview:-1"},"canonical":"https:\/\/elfsight.com\/de\/calculator-form-widget\/wix\/","og_locale":"de_DE","og_type":"article","og_title":"Wix Calculator Builder \u2013 Erstellen Sie einen Rechner f\u00fcr Ihre Wix-Website","og_description":"F\u00fcgen Sie einen anpassbaren Rechner hinzu, um Berechnungen auf der Website zu vereinfachen. Verwenden Sie einen kostenlosen und einfachen Rechner-Builder von Wix.","og_url":"https:\/\/elfsight.com\/de\/calculator-form-widget\/wix\/","og_site_name":"Elfsight DE","article_modified_time":"2025-07-08T10:23:39+00:00","twitter_card":"summary_large_image","twitter_misc":{"Gesch\u00e4tzte Lesezeit":"2\u00a0Minuten"},"schema":{"@context":"https:\/\/schema.org","@graph":[{"@type":"WebPage","@id":"https:\/\/elfsight.com\/de\/calculator-form-widget\/wix\/","url":"https:\/\/elfsight.com\/de\/calculator-form-widget\/wix\/","name":"Wix Calculator Builder \u2013 Erstellen Sie einen Rechner f\u00fcr Ihre Wix-Website","isPartOf":{"@id":"https:\/\/elfsight.com\/de\/#website"},"datePublished":"2024-09-30T18:27:29+00:00","dateModified":"2025-07-08T10:23:39+00:00","description":"F\u00fcgen Sie einen anpassbaren Rechner hinzu, um Berechnungen auf der Website zu vereinfachen. Verwenden Sie einen kostenlosen und einfachen Rechner-Builder von Wix.","breadcrumb":{"@id":"https:\/\/elfsight.com\/de\/calculator-form-widget\/wix\/#breadcrumb"},"inLanguage":"de","potentialAction":[{"@type":"ReadAction","target":["https:\/\/elfsight.com\/de\/calculator-form-widget\/wix\/"]}]},{"@type":"BreadcrumbList","@id":"https:\/\/elfsight.com\/de\/calculator-form-widget\/wix\/#breadcrumb","itemListElement":[{"@type":"ListItem","position":1,"name":"Home","item":"https:\/\/elfsight.com\/de\/"},{"@type":"ListItem","position":2,"name":"Calculator","item":"https:\/\/elfsight.com\/de\/calculator-form-widget\/"},{"@type":"ListItem","position":3,"name":"calculator &#8211; wix"}]},{"@type":"WebSite","@id":"https:\/\/elfsight.com\/de\/#website","url":"https:\/\/elfsight.com\/de\/","name":"Elfsight DE","description":"Just another Elfsight Sites site","potentialAction":[{"@type":"SearchAction","target":{"@type":"EntryPoint","urlTemplate":"https:\/\/elfsight.com\/de\/?s={search_term_string}"},"query-input":{"@type":"PropertyValueSpecification","valueRequired":true,"valueName":"search_term_string"}}],"inLanguage":"de"}]}},"meta_box":{"industry":"","seo_heading":"","heading":"","description":"","cta_heading":"","cta_description":"","application":"22559","h1":"Rechner-Builder von Wix","h1_caption":"Stellen Sie Ihren Besuchern einen benutzerdefinierten Rechner zur Verf\u00fcgung, der m\u00fchelos schnelle L\u00f6sungen f\u00fcr Dinge wie Preise, Rabatte oder ROI-Berechnungen auf Ihrer Wix-Website bereitstellt.","application_category":[],"applications_title":"","applications_request_title":"","applications_request_button_text":"","hero_text":"","hero_video":"","hero_video_schema_markup":"","selling_points_title":"","selling_points_caption":"","selling_points":[],"selling_points_cta_text":"","features_title":"","features":"","ed_cta_examples_text":"","ed_cta_examples_hidden":"","ed_cta_demo_text":"","ed_cta_demo_hidden":"","why_caption":"","why_editor_title":"","why_editor_text":"","why_team_title":"","why_team_text":"","why_service_title":"","why_service_text":"","template_catalog_visible":"0","template_catalog_title":"","template_catalog_text":"","template_catalog_categories_visible":"","demo_title":"Erstellen Sie Ihre Rechner-App","demo_caption":"Configure your Calculator and add it to your Wix website for free!","default_faq_hidden":"","app_template_category":[],"platform":"265","template_public_id":"","codecanyon_url":"","codecanyon_item_id":"","codecanyon_price":"","pricing_caption":"","pricing_elfsight_apps_hide_column":"","pricing_elfsight_apps_url":"","pricing_codecanyon_price_caption":"","integration_category":[],"integration_request_title":"","integration_request_cta":"","integration_platform":"","integrations":[],"platform_category":[],"video_schema_markup":"","price":"ab 0 $ \/ Monat","trial":"","benefits":[{"text":"Kostenloser Installationsservice"},{"text":"Kompetenter Kundenservice"},{"text":"14-t\u00e4gige Geld-zur\u00fcck-Garantie"},{"text":"Lebenslange kostenlose Updates"}],"button_url":"#demo","button_target_blank":"","button_nofollow":"","attributes":[{"name":"Installieren","content":"50,000 - 100,000"},{"name":"Reaktionsfreudig","content":"Ja"},{"name":"Kompatible Browser","content":"Firefox, Safari, Opera, Chrome, Edge"}],"tags":[],"tags_disable_links":"","hide_more_platforms":"","video_object":"","demo_hide_cta":"","demo_hide_cloud_options":"","pricing_title":"","pricing":[{"pricing_icon":"platform","pricing_title":"Elfsight Apps","pricing_title_caption":"Plattform\u00fcbergreifende Software, die f\u00fcr jede Website geeignet ist","pricing_price":"ab 0 $ \/ Monat","pricing_price_caption":"Beginnen Sie mit einem kostenlosen Plan","pricing_benefits":[{"text":"Unbegrenzte Domains"},{"text":"Schneller Kundensupport"},{"text":"Kostenlose Installationshilfe"},{"text":"100 % anpassbar"}],"pricing_button_text":"Zur Website hinzuf\u00fcgen","pricing_button_url":"#demo"}],"related_apps_title":"","related_apps_hidden":"","author":"","image":[],"title":"","job":"","social_networks":[]},"_links":{"self":[{"href":"https:\/\/elfsight.com\/de\/wp-json\/wp\/v2\/pages\/23197","targetHints":{"allow":["GET"]}}],"collection":[{"href":"https:\/\/elfsight.com\/de\/wp-json\/wp\/v2\/pages"}],"about":[{"href":"https:\/\/elfsight.com\/de\/wp-json\/wp\/v2\/types\/page"}],"author":[{"embeddable":true,"href":"https:\/\/elfsight.com\/de\/wp-json\/wp\/v2\/users\/9"}],"replies":[{"embeddable":true,"href":"https:\/\/elfsight.com\/de\/wp-json\/wp\/v2\/comments?post=23197"}],"version-history":[{"count":1,"href":"https:\/\/elfsight.com\/de\/wp-json\/wp\/v2\/pages\/23197\/revisions"}],"predecessor-version":[{"id":23201,"href":"https:\/\/elfsight.com\/de\/wp-json\/wp\/v2\/pages\/23197\/revisions\/23201"}],"up":[{"embeddable":true,"href":"https:\/\/elfsight.com\/de\/wp-json\/wp\/v2\/pages\/22566"}],"wp:attachment":[{"href":"https:\/\/elfsight.com\/de\/wp-json\/wp\/v2\/media?parent=23197"}],"curies":[{"name":"wp","href":"https:\/\/api.w.org\/{rel}","templated":true}]}}