{"id":23196,"date":"2024-09-30T18:27:29","date_gmt":"2024-09-30T18:27:29","guid":{"rendered":"https:\/\/elfsight.com\/de\/?page_id=23196"},"modified":"2025-11-06T12:20:52","modified_gmt":"2025-11-06T12:20:52","slug":"html","status":"publish","type":"page","link":"https:\/\/elfsight.com\/de\/calculator-form-widget\/html\/","title":{"rendered":"calculator &#8211; html"},"content":{"rendered":"<div class=\"application-platform-content-item-description application-platform-content-item\" id=\"description\" data-nav-section=\"description\"> <h2>Einbetten des Rechners in HTML mit einem Elfsight-Widget<\/h2> <p>Mit dem Rechner-Widget profitieren Ihre Website-Besucher von der M\u00f6glichkeit, ihre Website zu planen Kosten, Fahrtrouten, Kochmengen und vieles mehr je nach T\u00e4tigkeitsbereich. Man kann diesem eingebetteten Widget Pflichtfelder und zus\u00e4tzliche Optionen hinzuf\u00fcgen, sodass die Kunden ihre Vorteile sehen k\u00f6nnen, ohne die Seite zu verlassen. Mit der bedingten Logik k\u00f6nnen Sie universelle L\u00f6sungen f\u00fcr jedes Szenario und jeden Kunden erfinden.<\/p><p>Verwaltbare Elemente wie Kontrollk\u00e4stchen, Schieberegler und Dropdown-Listen erm\u00f6glichen es Ihnen, beliebige Preisbildungsmuster f\u00fcr bestimmte Produkte einzubeziehen. So k\u00f6nnen Sie beispielsweise Kredite mit einem angegebenen Prozentsatz und einer angemessenen Laufzeit berechnen. Sie k\u00f6nnen eine Autovermietung mit vielen zus\u00e4tzlichen Optionen zur Auswahl anbieten. Au\u00dferdem ist der Rechner in der Lage, eine Traumreise zu planen, wenn Transport, Aufenthalt und notwendige Aktivit\u00e4ten berechnet werden. <\/p><p><b>Ihre Besucher werden ein perfektes Rechenerlebnis zu sch\u00e4tzen wissen, durch die Integration des benutzerorientierten Z\u00e4hl-Widgets! <\/b><\/p><\/div> <div class=\"application-platform-content-item-features application-platform-content-item\" id=\"features\" data-nav-section=\"features\"> <h2>Wir bieten wertvolle und unkomplizierte Funktionen, sehen Sie sich einige davon an:<\/h2> <ul><li>Tool mit \u00fcbersichtlicher Benutzeroberfl\u00e4che deckt alle Operationen ab<\/li><li>Viele Berechnungsfeldtypen f\u00fcr Ihre Ideen<\/li><li>Bedingte Logik, um auch mehrstufige Berechnungen zu erm\u00f6glichen<\/li><li>Vorgefertigte Vorlagen um m\u00fchelos zu beginnen<\/li><li>Integrierte L\u00f6sung, die die Entscheidungsfindung inspiriert<\/li><\/ul><p><a href=\"#demo\">In der Demo unten k\u00f6nnen Sie sich die volle Funktionalit\u00e4t des Widgets ansehen <\/a><\/p><\/div> <div class=\"application-platform-content-item-installation application-platform-content-item\" id=\"installation\" data-nav-section=\"installation\"> <h2>Wie integriere ich Calculator in meine HTML-Seiten?<\/h2> <div class=\"video-container\">\n<iframe width=\"720\" height=\"405\" src=\"https:\/\/www.youtube.com\/embed\/5Nt3crYUnfY?si=VsjmIEAdVqIaqG9S\" frameborder=\"0\" allowfullscreen=\"\"><\/iframe>\n<\/div><p>Befolgen Sie einfach die folgenden Richtlinien, um F\u00fcgen Sie das Tool hinzu.<\/p> <ol><li><b>Nutzen Sie unseren kostenlosen Editor und beginnen Sie mit der Erstellung Ihres individuellen Instruments. <\/b><br> W\u00e4hlen Sie das gew\u00fcnschte Design und die gew\u00fcnschten Optionen des Plugins und \u00fcbernehmen Sie die \u00c4nderungen. <\/li> <li><b>Lassen Sie Ihren einzigartigen Code im Fenster von Elfsight Apps anzeigen. <\/b><br> Sobald die Generierung Ihres Widgets abgeschlossen ist, kopieren Sie den einzelnen Code aus dem angezeigten Fenster und speichern Sie ihn f\u00fcr die sp\u00e4tere Verwendung. <\/li> <li><b>Initiieren Sie die Verwendung des Tools auf Ihrer HTML-Website. <\/b><br> Integrieren Sie den zuvor kopierten Code in Ihre Webseite und speichern Sie die Verbesserungen. <\/li> <li><b>Du bist fertig! Die Integration ist vollst\u00e4ndig durchgef\u00fchrt. <\/b><br> Besuchen Sie Ihre Website, um zu sehen, wie das Plugin funktioniert. <\/li><\/ol> <p>Wenn Sie auf Schwierigkeiten sto\u00dfen, z\u00f6gern Sie nicht, sich an unser Kundendienstteam zu wenden. Unsere Spezialisten helfen Ihnen gerne bei allen Schwierigkeiten, die Sie mit dem Widget haben k\u00f6nnten. <\/p><\/div> ","protected":false},"excerpt":{"rendered":"","protected":false},"author":9,"featured_media":0,"parent":22566,"menu_order":0,"comment_status":"closed","ping_status":"closed","template":"templates\/template-application-platform.php","meta":{"publish_to_discourse":"","publish_post_category":"","wpdc_auto_publish_overridden":"","wpdc_topic_tags":"","wpdc_pin_topic":"","wpdc_pin_until":"","discourse_post_id":"","discourse_permalink":"","wpdc_publishing_response":"","wpdc_publishing_error":"","footnotes":""},"class_list":["post-23196","page","type-page","status-publish","hentry"],"yoast_head":"<!-- This site is optimized with the Yoast SEO plugin v25.3.1 - https:\/\/yoast.com\/wordpress\/plugins\/seo\/ -->\n<title>HTML-Rechner \u2013 Erstellen Sie einen einfachen Rechner in HTML<\/title>\n<meta name=\"description\" content=\"Erstellen Sie einen einfachen HTML-Rechner f\u00fcr Ihre Website. Erstellen Sie direkt auf den Seiten einen HTML-Rechner f\u00fcr jeden Bedarf.\" \/>\n<meta name=\"robots\" content=\"index, follow, max-snippet:-1, max-image-preview:large, max-video-preview:-1\" \/>\n<link rel=\"canonical\" href=\"https:\/\/elfsight.com\/de\/calculator-form-widget\/html\/\" \/>\n<meta property=\"og:locale\" content=\"de_DE\" \/>\n<meta property=\"og:type\" content=\"article\" \/>\n<meta property=\"og:title\" content=\"HTML-Rechner \u2013 Erstellen Sie einen einfachen Rechner in HTML\" \/>\n<meta property=\"og:description\" content=\"Erstellen Sie einen einfachen HTML-Rechner f\u00fcr Ihre Website. Erstellen Sie direkt auf den Seiten einen HTML-Rechner f\u00fcr jeden Bedarf.\" \/>\n<meta property=\"og:url\" content=\"https:\/\/elfsight.com\/de\/calculator-form-widget\/html\/\" \/>\n<meta property=\"og:site_name\" content=\"Elfsight DE\" \/>\n<meta property=\"article:modified_time\" content=\"2025-11-06T12:20:52+00:00\" \/>\n<meta name=\"twitter:card\" content=\"summary_large_image\" \/>\n<meta name=\"twitter:label1\" content=\"Gesch\u00e4tzte Lesezeit\" \/>\n\t<meta name=\"twitter:data1\" content=\"3\u00a0Minuten\" \/>\n<!-- \/ Yoast SEO plugin. -->","yoast_head_json":{"title":"HTML-Rechner \u2013 Erstellen Sie einen einfachen Rechner in HTML","description":"Erstellen Sie einen einfachen HTML-Rechner f\u00fcr Ihre Website. Erstellen Sie direkt auf den Seiten einen HTML-Rechner f\u00fcr jeden Bedarf.","robots":{"index":"index","follow":"follow","max-snippet":"max-snippet:-1","max-image-preview":"max-image-preview:large","max-video-preview":"max-video-preview:-1"},"canonical":"https:\/\/elfsight.com\/de\/calculator-form-widget\/html\/","og_locale":"de_DE","og_type":"article","og_title":"HTML-Rechner \u2013 Erstellen Sie einen einfachen Rechner in HTML","og_description":"Erstellen Sie einen einfachen HTML-Rechner f\u00fcr Ihre Website. Erstellen Sie direkt auf den Seiten einen HTML-Rechner f\u00fcr jeden Bedarf.","og_url":"https:\/\/elfsight.com\/de\/calculator-form-widget\/html\/","og_site_name":"Elfsight DE","article_modified_time":"2025-11-06T12:20:52+00:00","twitter_card":"summary_large_image","twitter_misc":{"Gesch\u00e4tzte Lesezeit":"3\u00a0Minuten"},"schema":{"@context":"https:\/\/schema.org","@graph":[{"@type":"WebPage","@id":"https:\/\/elfsight.com\/de\/calculator-form-widget\/html\/","url":"https:\/\/elfsight.com\/de\/calculator-form-widget\/html\/","name":"HTML-Rechner \u2013 Erstellen Sie einen einfachen Rechner in HTML","isPartOf":{"@id":"https:\/\/elfsight.com\/de\/#website"},"datePublished":"2024-09-30T18:27:29+00:00","dateModified":"2025-11-06T12:20:52+00:00","description":"Erstellen Sie einen einfachen HTML-Rechner f\u00fcr Ihre Website. Erstellen Sie direkt auf den Seiten einen HTML-Rechner f\u00fcr jeden Bedarf.","breadcrumb":{"@id":"https:\/\/elfsight.com\/de\/calculator-form-widget\/html\/#breadcrumb"},"inLanguage":"de","potentialAction":[{"@type":"ReadAction","target":["https:\/\/elfsight.com\/de\/calculator-form-widget\/html\/"]}]},{"@type":"BreadcrumbList","@id":"https:\/\/elfsight.com\/de\/calculator-form-widget\/html\/#breadcrumb","itemListElement":[{"@type":"ListItem","position":1,"name":"Home","item":"https:\/\/elfsight.com\/de\/"},{"@type":"ListItem","position":2,"name":"Calculator","item":"https:\/\/elfsight.com\/de\/calculator-form-widget\/"},{"@type":"ListItem","position":3,"name":"calculator &#8211; html"}]},{"@type":"WebSite","@id":"https:\/\/elfsight.com\/de\/#website","url":"https:\/\/elfsight.com\/de\/","name":"Elfsight DE","description":"Just another Elfsight Sites site","potentialAction":[{"@type":"SearchAction","target":{"@type":"EntryPoint","urlTemplate":"https:\/\/elfsight.com\/de\/?s={search_term_string}"},"query-input":{"@type":"PropertyValueSpecification","valueRequired":true,"valueName":"search_term_string"}}],"inLanguage":"de"}]}},"meta_box":{"industry":"","seo_heading":"","heading":"","description":"","cta_heading":"","cta_description":"","application":"22559","h1":"Einfacher HTML-Rechner","h1_caption":"Stellen Sie Ihren Besuchern einen benutzerdefinierten Rechner zur Verf\u00fcgung, der m\u00fchelos schnelle L\u00f6sungen f\u00fcr Dinge wie Preise, Rabatte oder ROI-Berechnungen in Ihre HTML-Website integriert.","application_category":[],"applications_title":"","applications_request_title":"","applications_request_button_text":"","hero_text":"","hero_video":"","hero_video_schema_markup":"","selling_points_title":"","selling_points_caption":"","selling_points":[],"selling_points_cta_text":"","features_title":"","features":"","ed_cta_examples_text":"","ed_cta_examples_hidden":"","ed_cta_demo_text":"","ed_cta_demo_hidden":"","why_caption":"","why_editor_title":"","why_editor_text":"","why_team_title":"","why_team_text":"","why_service_title":"","why_service_text":"","template_catalog_visible":"0","template_catalog_title":"","template_catalog_text":"","template_catalog_categories_visible":"","demo_title":"Erstellen Sie Ihr Rechner-Widget","demo_caption":"Configure your Calculator and add it to your HTML website for free!","default_faq_hidden":"","app_template_category":[],"platform":"260","template_public_id":"","codecanyon_url":"","codecanyon_item_id":"","codecanyon_price":"","pricing_caption":"","pricing_elfsight_apps_hide_column":"","pricing_elfsight_apps_url":"","pricing_codecanyon_price_caption":"","integration_category":[],"integration_request_title":"","integration_request_cta":"","integration_platform":"","integrations":[],"platform_category":[],"video_schema_markup":"","price":"ab 0 $ \/ Monat","trial":"","benefits":[{"text":"Kostenlose Installationsunterst\u00fctzung"},{"text":"Professioneller Kundenservice"},{"text":"14-t\u00e4gige R\u00fcckerstattungsgarantie"},{"text":"Regelm\u00e4\u00dfige kostenlose Updates"}],"button_url":"#demo","button_target_blank":"0","button_nofollow":"0","attributes":[{"name":"Installieren","content":"50,000 - 100,000"},{"name":"Reaktionsfreudig","content":"Ja"},{"name":"Kompatible Browser","content":"Firefox, Safari, Opera, Chrome, Edge"}],"tags":[],"tags_disable_links":"0","hide_more_platforms":"0","video_object":"","demo_hide_cta":"0","demo_hide_cloud_options":"0","pricing_title":"","pricing":[{"pricing_icon":"platform","pricing_title":"Elfsight Apps","pricing_title_caption":"Plattform\u00fcbergreifende Software","pricing_price":"ab 0 $ \/ Monat","pricing_price_caption":"Beginnen Sie mit einem kostenlosen Plan","pricing_benefits":[{"text":"Unbegrenzte Websites"},{"text":"Premium-Unternehmensunterst\u00fctzung"},{"text":"Kostenlose Installationsunterst\u00fctzung"},{"text":"Flexibles Design"}],"pricing_button_text":"Zur Website hinzuf\u00fcgen","pricing_button_url":"#demo"}],"related_apps_title":"","related_apps_hidden":"0","author":"","image":[],"title":"","job":"","social_networks":[]},"_links":{"self":[{"href":"https:\/\/elfsight.com\/de\/wp-json\/wp\/v2\/pages\/23196","targetHints":{"allow":["GET"]}}],"collection":[{"href":"https:\/\/elfsight.com\/de\/wp-json\/wp\/v2\/pages"}],"about":[{"href":"https:\/\/elfsight.com\/de\/wp-json\/wp\/v2\/types\/page"}],"author":[{"embeddable":true,"href":"https:\/\/elfsight.com\/de\/wp-json\/wp\/v2\/users\/9"}],"replies":[{"embeddable":true,"href":"https:\/\/elfsight.com\/de\/wp-json\/wp\/v2\/comments?post=23196"}],"version-history":[{"count":3,"href":"https:\/\/elfsight.com\/de\/wp-json\/wp\/v2\/pages\/23196\/revisions"}],"predecessor-version":[{"id":25554,"href":"https:\/\/elfsight.com\/de\/wp-json\/wp\/v2\/pages\/23196\/revisions\/25554"}],"up":[{"embeddable":true,"href":"https:\/\/elfsight.com\/de\/wp-json\/wp\/v2\/pages\/22566"}],"wp:attachment":[{"href":"https:\/\/elfsight.com\/de\/wp-json\/wp\/v2\/media?parent=23196"}],"curies":[{"name":"wp","href":"https:\/\/api.w.org\/{rel}","templated":true}]}}