{"id":23195,"date":"2024-09-30T18:27:29","date_gmt":"2024-09-30T18:27:29","guid":{"rendered":"https:\/\/elfsight.com\/de\/?page_id=23195"},"modified":"2025-02-19T12:09:04","modified_gmt":"2025-02-19T12:09:04","slug":"webflow","status":"publish","type":"page","link":"https:\/\/elfsight.com\/de\/calculator-form-widget\/webflow\/","title":{"rendered":"calculator &#8211; webflow"},"content":{"rendered":"\n<div class=\"application-platform-content-item-description application-platform-content-item\" id=\"description\" data-nav-section=\"description\"> <h2>Rechner mit einem Elfsight-Widget in Webflow einbetten<\/h2> <p>Das Rechner-Widget gibt Ihren Website-Benutzern die M\u00f6glichkeit, ihre Kosten zu planen, Reiserouten, Kochproportionen und vieles mehr je nach T\u00e4tigkeitsbereich. Man kann diesem eingebetteten Widget verschiedene Felder und zus\u00e4tzliche Optionen hinzuf\u00fcgen, sodass die Kunden die Vorteile sehen k\u00f6nnen, ohne die Registerkarte verlassen zu m\u00fcssen. Mit der bedingten Logikfunktion k\u00f6nnen Sie universelle Muster f\u00fcr jedes Szenario und jeden Benutzer erstellen.<\/p><p>Verwaltbare Elemente wie Kontrollk\u00e4stchen, Schieberegler und Dropdown-Men\u00fcs erm\u00f6glichen es Ihnen, jeden Aspekt der Preisgestaltung f\u00fcr bestimmte Angebote einzubeziehen. So kann man zum Beispiel Kredite mit einem angegebenen Zinssatz f\u00fcr eine g\u00fcnstige Laufzeit berechnen. Sie k\u00f6nnen einem Mietwagen zahlreiche zus\u00e4tzliche Annehmlichkeiten zur Auswahl anbieten. Ebenso kann der Rechner eine Traumreise projizieren, sofern Transfer, Unterkunft und die besten Aktivit\u00e4ten berechnet werden. <\/p><p><b>Beeindrucken Sie Ihre Kunden mit einem perfekten Berechnungserlebnis, indem Sie das leistungsstarke Z\u00e4hl-Widget integrieren! <\/b><\/p><\/div> <div class=\"application-platform-content-item-features application-platform-content-item\" id=\"features\" data-nav-section=\"features\"> <h2>Hier sind die wichtigsten Funktionen des Widgets:<\/h2> <ul><li>Tool mit benutzerfreundlicher Oberfl\u00e4che, das f\u00fcr geeignet ist beliebige Berechnungen<\/li><li>Zahlreiche Berechnungsfeldtypen f\u00fcr verschiedene Szenarien<\/li><li>Bedingte Logikfunktion, die selbst mehrstufiges Z\u00e4hlen vereinfacht<\/li><li>Vielseitig Vorlagen f\u00fcr einen reibungslosen Einstieg<\/li><li>Integrierte L\u00f6sung zur Beschleunigung der Entscheidungsfindung<\/li><\/ul><p><a href=\"#demo\">Probieren Sie alle Personalisierungsfunktionen in einer 100 % funktionsf\u00e4higen Demo aus<\/a><\/p><\/div> <div class=\"application-platform-content-item-installation application-platform-content-item\" id=\"installation\" data-nav-section=\"installation\"> <h2>Wie integriere ich den Rechner in meine Webflow-Seiten?<\/h2> <p>Folgen Sie einfach den Anweisungen Unten k\u00f6nnen Sie das Tool integrieren.<\/p> <ol><li><b>\u00d6ffnen Sie unsere kostenlose Demo und beginnen Sie mit der Gestaltung Ihres ma\u00dfgeschneiderten Instruments. <\/b><br> Bestimmen Sie die benutzerdefinierte Form und die Parameter des Widgets und wenden Sie die \u00c4nderungen an. <\/li> <li><b>Holen Sie sich Ihren individuellen Code, der in der Box auf Elfsight Apps angezeigt wird. <\/b><br> Kopieren Sie direkt nach der Einrichtung Ihres pers\u00f6nlichen Widgets den exklusiven Code im angezeigten Fenster und speichern Sie ihn f\u00fcr sp\u00e4tere Gelegenheiten. <\/li> <li><b>Initiieren Sie die Nutzung des Tools auf Ihrer Webflow-Website. <\/b><br> F\u00fcgen Sie den Code, den Sie zuvor kopiert haben, in Ihre Seite ein und speichern Sie die Anpassungen. <\/li> <li><b>Die Installation wurde erfolgreich beendet. <\/b><br> Besuchen Sie Ihre Website, um zu sehen, wie das Widget funktioniert. <\/li><\/ol> <p>Wenn Sie Fragen oder Probleme haben, wenden Sie sich bitte an unseren Support. Unsere Spezialisten helfen Ihnen gerne bei allen Problemen, die Sie mit dem Produkt haben. <\/p><\/div><div class=\"faq\" data-component=\"FAQ\"><div class=\"faq-item\">\r\n\t\t\t\t\t<div class=\"faq-item-question\">\r\n\t\t\t\t\t\t<h3 class=\"faq-item-question-text\">Gibt es ein echtes Beispiel f\u00fcr einen Rechner im Webflow?<\/h3>\r\n\r\n\t\t\t\t\t\t<div class=\"faq-item-question-icon\"><\/div>\r\n\t\t\t\t\t<\/div>\r\n\r\n\t\t\t\t\t<div class=\"faq-item-answer\">\r\n\t\t\t\t\t\t<div class=\"faq-item-answer-text\">Unsere Webflow-Website ist ein gro\u00dfartiger Ort, um unseren <a href=\"https:\/\/webflow.com\/made-in-webflow\/website\/webflow-calculator-widget-elfsight\" target=\"_blank\" rel=\"noreferrer noopener\">Rechner Integrationen<\/a> in Aktion. Wir haben einige visuelle Beispiele, die das Produkt zum Leben erwecken. <\/div>\r\n\t\t\t\t\t<\/div>\r\n\t\t\t\t<\/div><\/div>\n","protected":false},"excerpt":{"rendered":"","protected":false},"author":9,"featured_media":0,"parent":22566,"menu_order":0,"comment_status":"closed","ping_status":"closed","template":"templates\/template-application-platform.php","meta":{"publish_to_discourse":"","publish_post_category":"","wpdc_auto_publish_overridden":"","wpdc_topic_tags":"","wpdc_pin_topic":"","wpdc_pin_until":"","discourse_post_id":"","discourse_permalink":"","wpdc_publishing_response":"","wpdc_publishing_error":"","footnotes":""},"class_list":["post-23195","page","type-page","status-publish","hentry"],"yoast_head":"<!-- This site is optimized with the Yoast SEO plugin v25.3.1 - https:\/\/yoast.com\/wordpress\/plugins\/seo\/ -->\n<title>Webflow-Rechner \u2013 Erstellen Sie einen Preisrechner f\u00fcr Webflow<\/title>\n<meta name=\"description\" content=\"Verwenden Sie einen Webflow-Rechner-Builder, um ein einfaches Widget in Ihre Website zu integrieren. Erweitern Sie Ihren Webflow mit einem Preis- oder Sch\u00e4tzungsrechner.\" \/>\n<meta name=\"robots\" content=\"index, follow, max-snippet:-1, max-image-preview:large, max-video-preview:-1\" \/>\n<link rel=\"canonical\" href=\"https:\/\/elfsight.com\/de\/calculator-form-widget\/webflow\/\" \/>\n<meta property=\"og:locale\" content=\"de_DE\" \/>\n<meta property=\"og:type\" content=\"article\" \/>\n<meta property=\"og:title\" content=\"Webflow-Rechner \u2013 Erstellen Sie einen Preisrechner f\u00fcr Webflow\" \/>\n<meta property=\"og:description\" content=\"Verwenden Sie einen Webflow-Rechner-Builder, um ein einfaches Widget in Ihre Website zu integrieren. Erweitern Sie Ihren Webflow mit einem Preis- oder Sch\u00e4tzungsrechner.\" \/>\n<meta property=\"og:url\" content=\"https:\/\/elfsight.com\/de\/calculator-form-widget\/webflow\/\" \/>\n<meta property=\"og:site_name\" content=\"Elfsight DE\" \/>\n<meta property=\"article:modified_time\" content=\"2025-02-19T12:09:04+00:00\" \/>\n<meta name=\"twitter:card\" content=\"summary_large_image\" \/>\n<meta name=\"twitter:label1\" content=\"Gesch\u00e4tzte Lesezeit\" \/>\n\t<meta name=\"twitter:data1\" content=\"3\u00a0Minuten\" \/>\n<!-- \/ Yoast SEO plugin. -->","yoast_head_json":{"title":"Webflow-Rechner \u2013 Erstellen Sie einen Preisrechner f\u00fcr Webflow","description":"Verwenden Sie einen Webflow-Rechner-Builder, um ein einfaches Widget in Ihre Website zu integrieren. Erweitern Sie Ihren Webflow mit einem Preis- oder Sch\u00e4tzungsrechner.","robots":{"index":"index","follow":"follow","max-snippet":"max-snippet:-1","max-image-preview":"max-image-preview:large","max-video-preview":"max-video-preview:-1"},"canonical":"https:\/\/elfsight.com\/de\/calculator-form-widget\/webflow\/","og_locale":"de_DE","og_type":"article","og_title":"Webflow-Rechner \u2013 Erstellen Sie einen Preisrechner f\u00fcr Webflow","og_description":"Verwenden Sie einen Webflow-Rechner-Builder, um ein einfaches Widget in Ihre Website zu integrieren. Erweitern Sie Ihren Webflow mit einem Preis- oder Sch\u00e4tzungsrechner.","og_url":"https:\/\/elfsight.com\/de\/calculator-form-widget\/webflow\/","og_site_name":"Elfsight DE","article_modified_time":"2025-02-19T12:09:04+00:00","twitter_card":"summary_large_image","twitter_misc":{"Gesch\u00e4tzte Lesezeit":"3\u00a0Minuten"},"schema":{"@context":"https:\/\/schema.org","@graph":[{"@type":"WebPage","@id":"https:\/\/elfsight.com\/de\/calculator-form-widget\/webflow\/","url":"https:\/\/elfsight.com\/de\/calculator-form-widget\/webflow\/","name":"Webflow-Rechner \u2013 Erstellen Sie einen Preisrechner f\u00fcr Webflow","isPartOf":{"@id":"https:\/\/elfsight.com\/de\/#website"},"datePublished":"2024-09-30T18:27:29+00:00","dateModified":"2025-02-19T12:09:04+00:00","description":"Verwenden Sie einen Webflow-Rechner-Builder, um ein einfaches Widget in Ihre Website zu integrieren. Erweitern Sie Ihren Webflow mit einem Preis- oder Sch\u00e4tzungsrechner.","breadcrumb":{"@id":"https:\/\/elfsight.com\/de\/calculator-form-widget\/webflow\/#breadcrumb"},"inLanguage":"de","potentialAction":[{"@type":"ReadAction","target":["https:\/\/elfsight.com\/de\/calculator-form-widget\/webflow\/"]}]},{"@type":"BreadcrumbList","@id":"https:\/\/elfsight.com\/de\/calculator-form-widget\/webflow\/#breadcrumb","itemListElement":[{"@type":"ListItem","position":1,"name":"Home","item":"https:\/\/elfsight.com\/de\/"},{"@type":"ListItem","position":2,"name":"Calculator","item":"https:\/\/elfsight.com\/de\/calculator-form-widget\/"},{"@type":"ListItem","position":3,"name":"calculator &#8211; webflow"}]},{"@type":"WebSite","@id":"https:\/\/elfsight.com\/de\/#website","url":"https:\/\/elfsight.com\/de\/","name":"Elfsight DE","description":"Just another Elfsight Sites site","potentialAction":[{"@type":"SearchAction","target":{"@type":"EntryPoint","urlTemplate":"https:\/\/elfsight.com\/de\/?s={search_term_string}"},"query-input":{"@type":"PropertyValueSpecification","valueRequired":true,"valueName":"search_term_string"}}],"inLanguage":"de"}]}},"meta_box":{"industry":"","seo_heading":"","heading":"","description":"","cta_heading":"","cta_description":"","application":"22559","h1":"Webflow-Rechner-Builder","h1_caption":"Stellen Sie Ihren Besuchern einen benutzerdefinierten Rechner zur Verf\u00fcgung, der m\u00fchelos schnelle L\u00f6sungen f\u00fcr Dinge wie Preise, Rabatte oder ROI-Berechnungen in Ihre Webflow-Website einbindet.","application_category":[],"applications_title":"","applications_request_title":"","applications_request_button_text":"","hero_text":"","hero_video":"","hero_video_schema_markup":"","selling_points_title":"","selling_points_caption":"","selling_points":[],"selling_points_cta_text":"","features_title":"","features":"","ed_cta_examples_text":"","ed_cta_examples_hidden":"","ed_cta_demo_text":"","ed_cta_demo_hidden":"","why_caption":"","why_editor_title":"","why_editor_text":"","why_team_title":"","why_team_text":"","why_service_title":"","why_service_text":"","template_catalog_visible":"0","template_catalog_title":"","template_catalog_text":"","template_catalog_categories_visible":"","demo_title":"Erstellen Sie Ihr Rechner-Widget","demo_caption":"Configure your Calculator and add it to your Webflow website for free!","default_faq_hidden":"","app_template_category":[],"platform":"250","template_public_id":"","codecanyon_url":"","codecanyon_item_id":"","codecanyon_price":"","pricing_caption":"","pricing_elfsight_apps_hide_column":"","pricing_elfsight_apps_url":"","pricing_codecanyon_price_caption":"","integration_category":[],"integration_request_title":"","integration_request_cta":"","integration_platform":"","integrations":[],"platform_category":[],"video_schema_markup":"","price":"ab 0 $ \/ Monat","trial":"","benefits":[{"text":"Kostenlose Installationshilfe"},{"text":"Professioneller Kundenservice"},{"text":"14-t\u00e4gige R\u00fcckerstattungsgarantie"},{"text":"Kontinuierliche Weiterentwicklung"}],"button_url":"#demo","button_target_blank":"0","button_nofollow":"0","attributes":[{"name":"Installieren","content":"50,000 - 100,000"},{"name":"Reaktionsfreudig","content":"Ja"},{"name":"Kompatible Browser","content":"Firefox, Safari, Opera, Chrome, Edge"}],"tags":[],"tags_disable_links":"0","hide_more_platforms":"0","video_object":"","demo_hide_cta":"0","demo_hide_cloud_options":"0","pricing_title":"","pricing":[{"pricing_icon":"platform","pricing_title":"Elfsight Apps","pricing_title_caption":"Plattformunabh\u00e4ngige Version","pricing_price":"ab 0 $ \/ Monat","pricing_price_caption":"Beginnen Sie mit einem kostenlosen Plan","pricing_benefits":[{"text":"Unbegrenzte Websites"},{"text":"Engagierter Kundensupport"},{"text":"Kostenloser Installationsservice"},{"text":"Flexibles Design"}],"pricing_button_text":"Zur Website hinzuf\u00fcgen","pricing_button_url":"#demo"}],"related_apps_title":"","related_apps_hidden":"0","author":"","image":[],"title":"","job":"","social_networks":[]},"_links":{"self":[{"href":"https:\/\/elfsight.com\/de\/wp-json\/wp\/v2\/pages\/23195","targetHints":{"allow":["GET"]}}],"collection":[{"href":"https:\/\/elfsight.com\/de\/wp-json\/wp\/v2\/pages"}],"about":[{"href":"https:\/\/elfsight.com\/de\/wp-json\/wp\/v2\/types\/page"}],"author":[{"embeddable":true,"href":"https:\/\/elfsight.com\/de\/wp-json\/wp\/v2\/users\/9"}],"replies":[{"embeddable":true,"href":"https:\/\/elfsight.com\/de\/wp-json\/wp\/v2\/comments?post=23195"}],"version-history":[{"count":2,"href":"https:\/\/elfsight.com\/de\/wp-json\/wp\/v2\/pages\/23195\/revisions"}],"predecessor-version":[{"id":24456,"href":"https:\/\/elfsight.com\/de\/wp-json\/wp\/v2\/pages\/23195\/revisions\/24456"}],"up":[{"embeddable":true,"href":"https:\/\/elfsight.com\/de\/wp-json\/wp\/v2\/pages\/22566"}],"wp:attachment":[{"href":"https:\/\/elfsight.com\/de\/wp-json\/wp\/v2\/media?parent=23195"}],"curies":[{"name":"wp","href":"https:\/\/api.w.org\/{rel}","templated":true}]}}