{"id":23190,"date":"2024-09-30T18:27:29","date_gmt":"2024-09-30T18:27:29","guid":{"rendered":"https:\/\/elfsight.com\/de\/?page_id=23190"},"modified":"2025-07-08T10:23:12","modified_gmt":"2025-07-08T10:23:12","slug":"shopify","status":"publish","type":"page","link":"https:\/\/elfsight.com\/de\/calculator-form-widget\/shopify\/","title":{"rendered":"calculator &#8211; shopify"},"content":{"rendered":"<div class=\"application-platform-content-item-description application-platform-content-item\" id=\"description\" data-nav-section=\"description\"> <h2>Rechner mit einer Elfsight-App in Shopify einbetten<\/h2> <p>Das Rechner-Widget gibt Ihren Website-Benutzern eine M\u00f6glichkeit, ihre Ausgaben zu planen, Reiserouten, Kochproportionen und vieles mehr rund um Ihren T\u00e4tigkeitsbereich. Zu diesem eingebetteten Widget k\u00f6nnen erforderliche Felder und zus\u00e4tzliche Optionen hinzugef\u00fcgt werden, sodass die Besucher die Vorteile analysieren k\u00f6nnen, ohne die Website-Seite zu verlassen. Mit der bedingten Logik k\u00f6nnen Sie universelle L\u00f6sungen f\u00fcr Ihr Szenario und jeden Benutzer erfinden.<\/p><p>Verwaltbare Elemente wie Kontrollk\u00e4stchen, Schieberegler und Dropdown-Listen erm\u00f6glichen es Ihnen, beliebige Muster der Preisbildung f\u00fcr bestimmte Produkte einzubeziehen. Beispielsweise k\u00f6nnen Sie Kredite zu einem angegebenen Zinssatz f\u00fcr einen gew\u00fcnschten Zeitraum berechnen. Sie k\u00f6nnen einen Mietwagen mit vielen zus\u00e4tzlichen Annehmlichkeiten zur Auswahl anbieten. Dar\u00fcber hinaus ist der Rechner in der Lage, eine Traumreise zu planen, indem Transfer, Aufenthalt und notwendige Ausfl\u00fcge berechnet werden. <\/p><p><b>Erm\u00f6glichen Sie Ihren Kunden ein komfortables Berechnungserlebnis, indem Sie das unkomplizierte Z\u00e4hl-Widget hinzuf\u00fcgen! <\/b><\/p><\/div> <div class=\"application-platform-content-item-features application-platform-content-item\" id=\"features\" data-nav-section=\"features\"> <h2>Das Widget verf\u00fcgt \u00fcber n\u00fctzliche und schnelle Funktionen, hier sind einige davon:<\/h2> <ul><li>L\u00f6sung mit einfacher L\u00f6sung Schnittstelle, die beliebige Berechnungen erm\u00f6glicht<\/li><li>Mehrere Berechnungsfeldoptionen f\u00fcr verschiedene Szenarien<\/li><li>Bedingte Logikfunktion, die selbst detaillierte Berechnungen vereinfacht<\/li><li>Vielseitige Vorlagen f\u00fcr einen m\u00fchelosen Start<\/li> <li>Integriertes Tool zur F\u00f6rderung der Entscheidungsfindung<\/li><\/ul><p><a href=\"#demo\">Die vollst\u00e4ndigen Funktionen des Widgets k\u00f6nnen Sie in der Demo auf dieser Seite erfahren<\/a><\/p><\/div> <div class=\"application-platform-content-item-installation application-platform-content-item\" id=\"installation\" data-nav-section=\"installation\"> <h2>Wie bette ich den Rechner in meine Shopify-Website ein?<\/h2> <p>Befolgen Sie einfach die folgenden Schritte, um das Widget einzubetten.<\/p> <ol><li><b>Nutzen Sie unseren kostenlosen Konfigurator und beginnen Sie mit der Gestaltung Ihres ma\u00dfgeschneiderten Instruments. <\/b><br> Finden Sie das gew\u00fcnschte Design und die gew\u00fcnschten Eigenschaften des Plugins und speichern Sie die \u00c4nderungen. <\/li> <li><b>Erhalten Sie Ihren individuellen Code im speziellen Formular auf Elfsight Apps. <\/b><br> Sobald die Erstellung Ihres pers\u00f6nlichen Tools abgeschlossen ist, kopieren Sie den einzelnen Code aus dem angezeigten Popup und bewahren Sie ihn f\u00fcr die zuk\u00fcnftige Verwendung auf. <\/li> <li><b>Initiieren Sie die Anwendung des Widgets auf Ihrer Shopify-Website. <\/b><br> Implementieren Sie den k\u00fcrzlich kopierten Code in Ihre Homepage und wenden Sie die Korrekturen an. <\/li> <li><b>Du bist fertig! Die Integration ist erfolgreich abgeschlossen. <\/b><br> Gehen Sie zu Ihrer Webseite, um die Funktionsweise des Tools anzuzeigen. <\/li><\/ol> <p>Wenn Sie auf Probleme sto\u00dfen, k\u00f6nnen Sie sich gerne an unseren Kundendienst wenden. Unsere Mitarbeiter sind bestrebt, alle Schwierigkeiten zu l\u00f6sen, die Sie m\u00f6glicherweise mit dem Plugin haben. <\/p><\/div> ","protected":false},"excerpt":{"rendered":"","protected":false},"author":9,"featured_media":0,"parent":22566,"menu_order":0,"comment_status":"closed","ping_status":"closed","template":"templates\/template-application-platform.php","meta":{"publish_to_discourse":"","publish_post_category":"","wpdc_auto_publish_overridden":"","wpdc_topic_tags":"","wpdc_pin_topic":"","wpdc_pin_until":"","discourse_post_id":"","discourse_permalink":"","wpdc_publishing_response":"","wpdc_publishing_error":"","footnotes":""},"class_list":["post-23190","page","type-page","status-publish","hentry"],"yoast_head":"<!-- This site is optimized with the Yoast SEO plugin v25.3.1 - https:\/\/yoast.com\/wordpress\/plugins\/seo\/ -->\n<title>Shopify-Rechner \u2013 F\u00fcgen Sie Shopify einen interaktiven Rechner hinzu<\/title>\n<meta name=\"description\" content=\"F\u00fcgen Sie Shopify einen interaktiven Rechner hinzu. Erstellen Sie in einer einfachen und kostenlosen App einen Rechner f\u00fcr verschiedene Szenarien und F\u00e4lle.\" \/>\n<meta name=\"robots\" content=\"index, follow, max-snippet:-1, max-image-preview:large, max-video-preview:-1\" \/>\n<link rel=\"canonical\" href=\"https:\/\/elfsight.com\/de\/calculator-form-widget\/shopify\/\" \/>\n<meta property=\"og:locale\" content=\"de_DE\" \/>\n<meta property=\"og:type\" content=\"article\" \/>\n<meta property=\"og:title\" content=\"Shopify-Rechner \u2013 F\u00fcgen Sie Shopify einen interaktiven Rechner hinzu\" \/>\n<meta property=\"og:description\" content=\"F\u00fcgen Sie Shopify einen interaktiven Rechner hinzu. Erstellen Sie in einer einfachen und kostenlosen App einen Rechner f\u00fcr verschiedene Szenarien und F\u00e4lle.\" \/>\n<meta property=\"og:url\" content=\"https:\/\/elfsight.com\/de\/calculator-form-widget\/shopify\/\" \/>\n<meta property=\"og:site_name\" content=\"Elfsight DE\" \/>\n<meta property=\"article:modified_time\" content=\"2025-07-08T10:23:12+00:00\" \/>\n<meta name=\"twitter:card\" content=\"summary_large_image\" \/>\n<meta name=\"twitter:label1\" content=\"Gesch\u00e4tzte Lesezeit\" \/>\n\t<meta name=\"twitter:data1\" content=\"2\u00a0Minuten\" \/>\n<!-- \/ Yoast SEO plugin. -->","yoast_head_json":{"title":"Shopify-Rechner \u2013 F\u00fcgen Sie Shopify einen interaktiven Rechner hinzu","description":"F\u00fcgen Sie Shopify einen interaktiven Rechner hinzu. Erstellen Sie in einer einfachen und kostenlosen App einen Rechner f\u00fcr verschiedene Szenarien und F\u00e4lle.","robots":{"index":"index","follow":"follow","max-snippet":"max-snippet:-1","max-image-preview":"max-image-preview:large","max-video-preview":"max-video-preview:-1"},"canonical":"https:\/\/elfsight.com\/de\/calculator-form-widget\/shopify\/","og_locale":"de_DE","og_type":"article","og_title":"Shopify-Rechner \u2013 F\u00fcgen Sie Shopify einen interaktiven Rechner hinzu","og_description":"F\u00fcgen Sie Shopify einen interaktiven Rechner hinzu. Erstellen Sie in einer einfachen und kostenlosen App einen Rechner f\u00fcr verschiedene Szenarien und F\u00e4lle.","og_url":"https:\/\/elfsight.com\/de\/calculator-form-widget\/shopify\/","og_site_name":"Elfsight DE","article_modified_time":"2025-07-08T10:23:12+00:00","twitter_card":"summary_large_image","twitter_misc":{"Gesch\u00e4tzte Lesezeit":"2\u00a0Minuten"},"schema":{"@context":"https:\/\/schema.org","@graph":[{"@type":"WebPage","@id":"https:\/\/elfsight.com\/de\/calculator-form-widget\/shopify\/","url":"https:\/\/elfsight.com\/de\/calculator-form-widget\/shopify\/","name":"Shopify-Rechner \u2013 F\u00fcgen Sie Shopify einen interaktiven Rechner hinzu","isPartOf":{"@id":"https:\/\/elfsight.com\/de\/#website"},"datePublished":"2024-09-30T18:27:29+00:00","dateModified":"2025-07-08T10:23:12+00:00","description":"F\u00fcgen Sie Shopify einen interaktiven Rechner hinzu. Erstellen Sie in einer einfachen und kostenlosen App einen Rechner f\u00fcr verschiedene Szenarien und F\u00e4lle.","breadcrumb":{"@id":"https:\/\/elfsight.com\/de\/calculator-form-widget\/shopify\/#breadcrumb"},"inLanguage":"de","potentialAction":[{"@type":"ReadAction","target":["https:\/\/elfsight.com\/de\/calculator-form-widget\/shopify\/"]}]},{"@type":"BreadcrumbList","@id":"https:\/\/elfsight.com\/de\/calculator-form-widget\/shopify\/#breadcrumb","itemListElement":[{"@type":"ListItem","position":1,"name":"Home","item":"https:\/\/elfsight.com\/de\/"},{"@type":"ListItem","position":2,"name":"Calculator","item":"https:\/\/elfsight.com\/de\/calculator-form-widget\/"},{"@type":"ListItem","position":3,"name":"calculator &#8211; shopify"}]},{"@type":"WebSite","@id":"https:\/\/elfsight.com\/de\/#website","url":"https:\/\/elfsight.com\/de\/","name":"Elfsight DE","description":"Just another Elfsight Sites site","potentialAction":[{"@type":"SearchAction","target":{"@type":"EntryPoint","urlTemplate":"https:\/\/elfsight.com\/de\/?s={search_term_string}"},"query-input":{"@type":"PropertyValueSpecification","valueRequired":true,"valueName":"search_term_string"}}],"inLanguage":"de"}]}},"meta_box":{"industry":"","seo_heading":"","heading":"","description":"","cta_heading":"","cta_description":"","application":"22559","h1":"Shopify-Rechner","h1_caption":"Stellen Sie Ihren Besuchern einen benutzerdefinierten Rechner zur Verf\u00fcgung, der m\u00fchelos schnelle L\u00f6sungen f\u00fcr Dinge wie Preise, Rabatte oder ROI-Berechnungen in Ihre Shopify-Website einbindet.","application_category":[],"applications_title":"","applications_request_title":"","applications_request_button_text":"","hero_text":"","hero_video":"","hero_video_schema_markup":"","selling_points_title":"","selling_points_caption":"","selling_points":[],"selling_points_cta_text":"","features_title":"","features":"","ed_cta_examples_text":"","ed_cta_examples_hidden":"","ed_cta_demo_text":"","ed_cta_demo_hidden":"","why_caption":"","why_editor_title":"","why_editor_text":"","why_team_title":"","why_team_text":"","why_service_title":"","why_service_text":"","template_catalog_visible":"0","template_catalog_title":"","template_catalog_text":"","template_catalog_categories_visible":"","demo_title":"Erstellen Sie Ihre Rechner-App","demo_caption":"Configure your Calculator and add it to your Shopify website for free!","default_faq_hidden":"","app_template_category":[],"platform":"253","template_public_id":"","codecanyon_url":"","codecanyon_item_id":"","codecanyon_price":"","pricing_caption":"","pricing_elfsight_apps_hide_column":"","pricing_elfsight_apps_url":"","pricing_codecanyon_price_caption":"","integration_category":[],"integration_request_title":"","integration_request_cta":"","integration_platform":"","integrations":[],"platform_category":[],"video_schema_markup":"","price":"ab 0 $ \/ Monat","trial":"","benefits":[{"text":"Kostenlose Installationshilfe"},{"text":"Effektiver Kundenservice"},{"text":"14-t\u00e4gige R\u00fcckerstattungsgarantie"},{"text":"Kontinuierliche Weiterentwicklung"}],"button_url":"#demo","button_target_blank":"","button_nofollow":"","attributes":[{"name":"Installieren","content":"50,000 - 100,000"},{"name":"Reaktionsfreudig","content":"Ja"},{"name":"Kompatible Browser","content":"Firefox, Safari, Opera, Chrome, Edge"}],"tags":[],"tags_disable_links":"","hide_more_platforms":"","video_object":"","demo_hide_cta":"","demo_hide_cloud_options":"","pricing_title":"","pricing":[{"pricing_icon":"platform","pricing_title":"Elfsight Apps","pricing_title_caption":"Plattform\u00fcbergreifende digitale L\u00f6sung","pricing_price":"ab 0 $ \/ Monat","pricing_price_caption":"Beginnen Sie mit einem kostenlosen Plan","pricing_benefits":[{"text":"Unbegrenzte Domains"},{"text":"Engagierter und p\u00fcnktlicher Support"},{"text":"Kostenlose Installationshilfe"},{"text":"Flexibles Design"}],"pricing_button_text":"Zur Website hinzuf\u00fcgen","pricing_button_url":"#demo"}],"related_apps_title":"","related_apps_hidden":"","author":"","image":[],"title":"","job":"","social_networks":[]},"_links":{"self":[{"href":"https:\/\/elfsight.com\/de\/wp-json\/wp\/v2\/pages\/23190","targetHints":{"allow":["GET"]}}],"collection":[{"href":"https:\/\/elfsight.com\/de\/wp-json\/wp\/v2\/pages"}],"about":[{"href":"https:\/\/elfsight.com\/de\/wp-json\/wp\/v2\/types\/page"}],"author":[{"embeddable":true,"href":"https:\/\/elfsight.com\/de\/wp-json\/wp\/v2\/users\/9"}],"replies":[{"embeddable":true,"href":"https:\/\/elfsight.com\/de\/wp-json\/wp\/v2\/comments?post=23190"}],"version-history":[{"count":1,"href":"https:\/\/elfsight.com\/de\/wp-json\/wp\/v2\/pages\/23190\/revisions"}],"predecessor-version":[{"id":23194,"href":"https:\/\/elfsight.com\/de\/wp-json\/wp\/v2\/pages\/23190\/revisions\/23194"}],"up":[{"embeddable":true,"href":"https:\/\/elfsight.com\/de\/wp-json\/wp\/v2\/pages\/22566"}],"wp:attachment":[{"href":"https:\/\/elfsight.com\/de\/wp-json\/wp\/v2\/media?parent=23190"}],"curies":[{"name":"wp","href":"https:\/\/api.w.org\/{rel}","templated":true}]}}