{"id":23189,"date":"2024-09-30T18:27:29","date_gmt":"2024-09-30T18:27:29","guid":{"rendered":"https:\/\/elfsight.com\/de\/?page_id=23189"},"modified":"2025-07-08T10:21:13","modified_gmt":"2025-07-08T10:21:13","slug":"elementor","status":"publish","type":"page","link":"https:\/\/elfsight.com\/de\/calculator-form-widget\/elementor\/","title":{"rendered":"calculator &#8211; elementor"},"content":{"rendered":"<div class=\"application-platform-content-item-description application-platform-content-item\" id=\"description\" data-nav-section=\"description\"> <h2>Rechner mit einem Elfsight-Widget in Elementor einbetten<\/h2> <p>Das Rechner-Widget bietet Ihren Kunden die M\u00f6glichkeit, ihre Budgetierung zu planen, Reiserouten, Kochproportionen und vieles mehr je nach T\u00e4tigkeitsbereich. In dieses eingebettete Widget k\u00f6nnen bestimmte Felder und zus\u00e4tzliche Optionen integriert werden, sodass die Kunden die Vorteile sehen k\u00f6nnen, ohne die Website-Seite zu verlassen. Die Funktion der bedingten Logik hilft dabei, universelle Muster f\u00fcr jedes Szenario und jeden Kunden zu erstellen.<\/p><p>Mit verwaltbaren Elementen wie Kontrollk\u00e4stchen, Schiebereglern und Dropdown-Men\u00fcs k\u00f6nnen Sie beliebige Preismuster f\u00fcr bestimmte Produkte einf\u00fcgen. Verwenden Sie es beispielsweise, um Kredite zu einem angegebenen Zinssatz f\u00fcr einen angemessenen Zeitraum zu berechnen. Sie k\u00f6nnen einen Mietwagen mit vielen zus\u00e4tzlichen Annehmlichkeiten zur Auswahl anbieten. Ebenso ist der Rechner in der Lage, eine Traumreise zu projizieren, wenn Flug, Aufenthaltsort und die besten Aktivit\u00e4ten berechnet werden. <\/p><p><b>Ihre Website-Besucher werden ein perfektes Berechnungserlebnis zu sch\u00e4tzen wissen, indem sie das unkomplizierte Z\u00e4hl-Widget integrieren! <\/b><\/p><\/div> <div class=\"application-platform-content-item-features application-platform-content-item\" id=\"features\" data-nav-section=\"features\"> <h2>Hier finden Sie die zentralen Funktionen des Widgets:<\/h2> <ul><li>Tool mit unkomplizierter Schnittstelle, das mit allen Berechnungen funktioniert <\/li><li>Zahlreiche Z\u00e4hlfeldoptionen f\u00fcr verschiedene Anforderungen<\/li><li>Bedingte Logik zur Vereinfachung auch mehrstufiger Z\u00e4hlungen<\/li><li>Anpassbare Vorlagen f\u00fcr den Start m\u00fchelos<\/li><li>On-Page-Tool, das die Entscheidungsfindung verbessert<\/li><\/ul><p><a href=\"#demo\">Probieren Sie einfach diese Demo aus, um einen vollst\u00e4ndigen \u00dcberblick zu erhalten<\/a><\/p><\/div> <div class=\"application-platform-content-item-installation application-platform-content-item\" id=\"installation\" data-nav-section=\"installation\"> <h2>Wie integriere ich den Rechner in meine Elementor-Webseite?<\/h2> <p>Erf\u00fcllen Sie einfach die folgenden Richtlinien, um den einzuf\u00fcgen Tool.<\/p> <ol><li><b>Verwalten Sie unsere kostenlose Demo und beginnen Sie mit der Gestaltung Ihres personalisierten Widgets. <\/b><br> Finden Sie das passende Aussehen und die passenden Funktionsmerkmale des Plugins und \u00fcbernehmen Sie die \u00c4nderungen. <\/li> <li><b>Erhalten Sie den individuellen Code, der im Fenster von Elfsight Apps angezeigt wird. <\/b><br> Wenn die Generierung Ihres Plugins abgeschlossen ist, kopieren Sie den exklusiven Code aus dem angezeigten Popup und speichern Sie ihn zur weiteren Verwendung. <\/li> <li><b>Beginnen Sie mit der Nutzung des Tools auf Ihrer Elementor-Seite. <\/b><br> F\u00fcgen Sie den zuvor gespeicherten Code in Ihre Homepage ein und wenden Sie die Verbesserungen an. <\/li> <li><b>Das Setup wurde erfolgreich abgeschlossen. <\/b><br> Besuchen Sie Ihre Webseite, um einen Blick auf die Funktionsweise des Plugins zu werfen. <\/li><\/ol> <p>Wenn Sie irgendwelche Komplikationen beanstanden, k\u00f6nnen Sie sich gerne an unsere Kundendienstmitarbeiter wenden. Unsere Spezialisten helfen Ihnen gerne bei allen Problemen, die Sie mit dem Widget haben k\u00f6nnten. <\/p> <\/div> ","protected":false},"excerpt":{"rendered":"","protected":false},"author":9,"featured_media":0,"parent":22566,"menu_order":0,"comment_status":"closed","ping_status":"closed","template":"templates\/template-application-platform.php","meta":{"publish_to_discourse":"","publish_post_category":"","wpdc_auto_publish_overridden":"","wpdc_topic_tags":"","wpdc_pin_topic":"","wpdc_pin_until":"","discourse_post_id":"","discourse_permalink":"","wpdc_publishing_response":"","wpdc_publishing_error":"","footnotes":""},"class_list":["post-23189","page","type-page","status-publish","hentry"],"yoast_head":"<!-- This site is optimized with the Yoast SEO plugin v25.3.1 - https:\/\/yoast.com\/wordpress\/plugins\/seo\/ -->\n<title>Elementor-Rechner \u2013 Erstellen Sie einen erweiterten Rechner f\u00fcr Elementor<\/title>\n<meta name=\"description\" content=\"Erstellen Sie ein Rechner-Widget f\u00fcr Ihre Elementor-Website. Lassen Sie Kunden mit dem Elementor-Rechner alles auf Ihrer Website richtig z\u00e4hlen.\" \/>\n<meta name=\"robots\" content=\"index, follow, max-snippet:-1, max-image-preview:large, max-video-preview:-1\" \/>\n<link rel=\"canonical\" href=\"https:\/\/elfsight.com\/de\/calculator-form-widget\/elementor\/\" \/>\n<meta property=\"og:locale\" content=\"de_DE\" \/>\n<meta property=\"og:type\" content=\"article\" \/>\n<meta property=\"og:title\" content=\"Elementor-Rechner \u2013 Erstellen Sie einen erweiterten Rechner f\u00fcr Elementor\" \/>\n<meta property=\"og:description\" content=\"Erstellen Sie ein Rechner-Widget f\u00fcr Ihre Elementor-Website. Lassen Sie Kunden mit dem Elementor-Rechner alles auf Ihrer Website richtig z\u00e4hlen.\" \/>\n<meta property=\"og:url\" content=\"https:\/\/elfsight.com\/de\/calculator-form-widget\/elementor\/\" \/>\n<meta property=\"og:site_name\" content=\"Elfsight DE\" \/>\n<meta property=\"article:modified_time\" content=\"2025-07-08T10:21:13+00:00\" \/>\n<meta name=\"twitter:card\" content=\"summary_large_image\" \/>\n<meta name=\"twitter:label1\" content=\"Gesch\u00e4tzte Lesezeit\" \/>\n\t<meta name=\"twitter:data1\" content=\"2\u00a0Minuten\" \/>\n<!-- \/ Yoast SEO plugin. -->","yoast_head_json":{"title":"Elementor-Rechner \u2013 Erstellen Sie einen erweiterten Rechner f\u00fcr Elementor","description":"Erstellen Sie ein Rechner-Widget f\u00fcr Ihre Elementor-Website. Lassen Sie Kunden mit dem Elementor-Rechner alles auf Ihrer Website richtig z\u00e4hlen.","robots":{"index":"index","follow":"follow","max-snippet":"max-snippet:-1","max-image-preview":"max-image-preview:large","max-video-preview":"max-video-preview:-1"},"canonical":"https:\/\/elfsight.com\/de\/calculator-form-widget\/elementor\/","og_locale":"de_DE","og_type":"article","og_title":"Elementor-Rechner \u2013 Erstellen Sie einen erweiterten Rechner f\u00fcr Elementor","og_description":"Erstellen Sie ein Rechner-Widget f\u00fcr Ihre Elementor-Website. Lassen Sie Kunden mit dem Elementor-Rechner alles auf Ihrer Website richtig z\u00e4hlen.","og_url":"https:\/\/elfsight.com\/de\/calculator-form-widget\/elementor\/","og_site_name":"Elfsight DE","article_modified_time":"2025-07-08T10:21:13+00:00","twitter_card":"summary_large_image","twitter_misc":{"Gesch\u00e4tzte Lesezeit":"2\u00a0Minuten"},"schema":{"@context":"https:\/\/schema.org","@graph":[{"@type":"WebPage","@id":"https:\/\/elfsight.com\/de\/calculator-form-widget\/elementor\/","url":"https:\/\/elfsight.com\/de\/calculator-form-widget\/elementor\/","name":"Elementor-Rechner \u2013 Erstellen Sie einen erweiterten Rechner f\u00fcr Elementor","isPartOf":{"@id":"https:\/\/elfsight.com\/de\/#website"},"datePublished":"2024-09-30T18:27:29+00:00","dateModified":"2025-07-08T10:21:13+00:00","description":"Erstellen Sie ein Rechner-Widget f\u00fcr Ihre Elementor-Website. Lassen Sie Kunden mit dem Elementor-Rechner alles auf Ihrer Website richtig z\u00e4hlen.","breadcrumb":{"@id":"https:\/\/elfsight.com\/de\/calculator-form-widget\/elementor\/#breadcrumb"},"inLanguage":"de","potentialAction":[{"@type":"ReadAction","target":["https:\/\/elfsight.com\/de\/calculator-form-widget\/elementor\/"]}]},{"@type":"BreadcrumbList","@id":"https:\/\/elfsight.com\/de\/calculator-form-widget\/elementor\/#breadcrumb","itemListElement":[{"@type":"ListItem","position":1,"name":"Home","item":"https:\/\/elfsight.com\/de\/"},{"@type":"ListItem","position":2,"name":"Calculator","item":"https:\/\/elfsight.com\/de\/calculator-form-widget\/"},{"@type":"ListItem","position":3,"name":"calculator &#8211; elementor"}]},{"@type":"WebSite","@id":"https:\/\/elfsight.com\/de\/#website","url":"https:\/\/elfsight.com\/de\/","name":"Elfsight DE","description":"Just another Elfsight Sites site","potentialAction":[{"@type":"SearchAction","target":{"@type":"EntryPoint","urlTemplate":"https:\/\/elfsight.com\/de\/?s={search_term_string}"},"query-input":{"@type":"PropertyValueSpecification","valueRequired":true,"valueName":"search_term_string"}}],"inLanguage":"de"}]}},"meta_box":{"industry":"","seo_heading":"","heading":"","description":"","cta_heading":"","cta_description":"","application":"22559","h1":"Elementor-Rechner","h1_caption":"Stellen Sie Ihren Besuchern einen benutzerdefinierten Rechner zur Verf\u00fcgung, der m\u00fchelos schnelle L\u00f6sungen f\u00fcr Dinge wie Preise, Rabatte oder ROI-Berechnungen auf Ihrer Elementor-Website bietet.","application_category":[],"applications_title":"","applications_request_title":"","applications_request_button_text":"","hero_text":"","hero_video":"","hero_video_schema_markup":"","selling_points_title":"","selling_points_caption":"","selling_points":[],"selling_points_cta_text":"","features_title":"","features":"","ed_cta_examples_text":"","ed_cta_examples_hidden":"","ed_cta_demo_text":"","ed_cta_demo_hidden":"","why_caption":"","why_editor_title":"","why_editor_text":"","why_team_title":"","why_team_text":"","why_service_title":"","why_service_text":"","template_catalog_visible":"0","template_catalog_title":"","template_catalog_text":"","template_catalog_categories_visible":"","demo_title":"Erstellen Sie Ihr Rechner-Widget","demo_caption":"Configure your Calculator and add it to your Elementor website for free!","default_faq_hidden":"","app_template_category":[],"platform":"223","template_public_id":"","codecanyon_url":"","codecanyon_item_id":"","codecanyon_price":"","pricing_caption":"","pricing_elfsight_apps_hide_column":"","pricing_elfsight_apps_url":"","pricing_codecanyon_price_caption":"","integration_category":[],"integration_request_title":"","integration_request_cta":"","integration_platform":"","integrations":[],"platform_category":[],"video_schema_markup":"","price":"ab 0 $ \/ Monat","trial":"","benefits":[{"text":"Kostenlose Installationsunterst\u00fctzung"},{"text":"Erfahrener Kundensupport"},{"text":"14-t\u00e4gige Geld-zur\u00fcck-Garantie"},{"text":"Laufende kostenlose Updates"}],"button_url":"#demo","button_target_blank":"","button_nofollow":"","attributes":[{"name":"Installieren","content":"50,000 - 100,000"},{"name":"Reaktionsfreudig","content":"Ja"},{"name":"Kompatible Browser","content":"Firefox, Safari, Opera, Chrome, Edge"}],"tags":[],"tags_disable_links":"","hide_more_platforms":"","video_object":"","demo_hide_cta":"","demo_hide_cloud_options":"","pricing_title":"","pricing":[{"pricing_icon":"platform","pricing_title":"Elfsight Apps","pricing_title_caption":"Plattform\u00fcbergreifende L\u00f6sung","pricing_price":"ab 0 $ \/ Monat","pricing_price_caption":"Beginnen Sie mit einem kostenlosen Plan","pricing_benefits":[{"text":"Unbegrenzte Websites"},{"text":"Erstklassiger Unternehmenssupport und gut dokumentiert"},{"text":"Kostenlose Installationshilfe"},{"text":"Flexibles Design"}],"pricing_button_text":"Zur Website hinzuf\u00fcgen","pricing_button_url":"#demo"}],"related_apps_title":"","related_apps_hidden":"","author":"","image":[],"title":"","job":"","social_networks":[]},"_links":{"self":[{"href":"https:\/\/elfsight.com\/de\/wp-json\/wp\/v2\/pages\/23189","targetHints":{"allow":["GET"]}}],"collection":[{"href":"https:\/\/elfsight.com\/de\/wp-json\/wp\/v2\/pages"}],"about":[{"href":"https:\/\/elfsight.com\/de\/wp-json\/wp\/v2\/types\/page"}],"author":[{"embeddable":true,"href":"https:\/\/elfsight.com\/de\/wp-json\/wp\/v2\/users\/9"}],"replies":[{"embeddable":true,"href":"https:\/\/elfsight.com\/de\/wp-json\/wp\/v2\/comments?post=23189"}],"version-history":[{"count":1,"href":"https:\/\/elfsight.com\/de\/wp-json\/wp\/v2\/pages\/23189\/revisions"}],"predecessor-version":[{"id":23193,"href":"https:\/\/elfsight.com\/de\/wp-json\/wp\/v2\/pages\/23189\/revisions\/23193"}],"up":[{"embeddable":true,"href":"https:\/\/elfsight.com\/de\/wp-json\/wp\/v2\/pages\/22566"}],"wp:attachment":[{"href":"https:\/\/elfsight.com\/de\/wp-json\/wp\/v2\/media?parent=23189"}],"curies":[{"name":"wp","href":"https:\/\/api.w.org\/{rel}","templated":true}]}}