{"id":23187,"date":"2024-09-30T18:27:29","date_gmt":"2024-09-30T18:27:29","guid":{"rendered":"https:\/\/elfsight.com\/de\/?page_id=23187"},"modified":"2025-07-08T10:22:35","modified_gmt":"2025-07-08T10:22:35","slug":"iframe","status":"publish","type":"page","link":"https:\/\/elfsight.com\/de\/calculator-form-widget\/iframe\/","title":{"rendered":"calculator &#8211; iframe"},"content":{"rendered":"<div class=\"application-platform-content-item-description application-platform-content-item\" id=\"description\" data-nav-section=\"description\"> <h2>Rechner mit einem Elfsight-Plugin in iFrame einbetten<\/h2> <p>Das Rechner-Widget gibt Ihren Kunden die M\u00f6glichkeit, ihr Budget und ihre Reise zu planen Routen, Kochproportionen und vieles mehr, abh\u00e4ngig von Ihrem Gesch\u00e4ftsfeld. Man kann diesem On-Page-Widget verschiedene Felder und zus\u00e4tzliche Optionen hinzuf\u00fcgen, sodass die Besucher ihre Vorteile analysieren k\u00f6nnen, ohne die Seite zu verlassen. Mit der bedingten Logik k\u00f6nnen Sie universelle Muster f\u00fcr jedes Szenario und jeden Benutzer erstellen.<\/p><p>Verwaltbare Elemente wie Kontrollk\u00e4stchen, Schieberegler und Dropdown-Men\u00fcs erm\u00f6glichen es Ihnen, beliebige Preismuster f\u00fcr bestimmte Angebote einzubeziehen. Beispielsweise kann man Kredite zu einem angegebenen Zinssatz f\u00fcr einen gew\u00fcnschten Zeitraum kalkulieren. Sie k\u00f6nnen eine Autovermietung mit vielen zus\u00e4tzlichen Optionen bewerben, aus denen Sie w\u00e4hlen k\u00f6nnen. Dar\u00fcber hinaus kann der Rechner eine Traumreise projizieren, bei der Transport, Aufenthalt und die besten Ereignisse berechnet werden. <\/p><p><b>Erm\u00f6glichen Sie Ihren Kunden ein komfortables Berechnungserlebnis, indem Sie das benutzerorientierte Z\u00e4hl-Widget hinzuf\u00fcgen! <\/b><\/p><\/div> <div class=\"application-platform-content-item-features application-platform-content-item\" id=\"features\" data-nav-section=\"features\"> <h2>Dies sind nur einige der zahlreichen Widget-Funktionen:<\/h2> <ul><li>Tool mit benutzerfreundlicher Oberfl\u00e4che die jede Art von Z\u00e4hlung erm\u00f6glicht<\/li><li>Zahlreiche Berechnungsfeldoptionen f\u00fcr verschiedene Ziele<\/li><li>Bedingte Logik, um auch komplizierte Berechnungen zu bew\u00e4ltigen<\/li><li>Schnellstartvorlagen f\u00fcr eine einfache Anfang<\/li><li>On-Page-Tool, das die Entscheidungsfindung verbessert<\/li><\/ul><p><a href=\"#demo\">Probieren Sie einfach diese Demo aus, um zu sehen, was das Widget wert ist<\/a><\/p><\/div> <div class=\"application-platform-content-item-installation application-platform-content-item\" id=\"installation\" data-nav-section=\"installation\"> <h2>Wie bette ich Calculator in meine iFrame-Webseite ein?<\/h2> <p>F\u00fchren Sie einfach die folgenden Richtlinien aus, um das Tool einzubetten.<\/p> <ol><li><b>Nutzen Sie unsere kostenlose Demo und beginnen Sie mit der Erstellung Ihres einzigartigen Widgets. <\/b><br> Bestimmen Sie das passende Design und die Funktionalit\u00e4t des Plugins und speichern Sie die \u00c4nderungen. <\/li> <li><b>Erhalten Sie Ihren individuellen Code, der im speziellen Formular auf Elfsight Apps erscheint. <\/b><br> Wenn die Konfiguration Ihres pers\u00f6nlichen Plugins abgeschlossen ist, kopieren Sie den pers\u00f6nlichen Code im erscheinenden Popup und speichern Sie ihn zur sp\u00e4teren Verwendung. <\/li> <li><b>Beginnen Sie mit der Verwendung des Plugins auf der iFrame-Startseite. <\/b><br> Betten Sie den k\u00fcrzlich gespeicherten Code in Ihre Website ein und speichern Sie die Anpassungen. <\/li> <li><b>Du bist fertig! Die Einrichtung ist erfolgreich abgeschlossen. <\/b><br> Besuchen Sie Ihre Website, um die Funktionsweise des Tools zu beobachten. <\/li><\/ol> <p>Wenn Sie auf Komplikationen sto\u00dfen, z\u00f6gern Sie nicht, sich an unser Support-Team zu wenden. Unsere Mitarbeiter helfen Ihnen gerne bei allen Problemen, die Sie mit dem Produkt haben k\u00f6nnten. <\/p><\/div>","protected":false},"excerpt":{"rendered":"","protected":false},"author":9,"featured_media":0,"parent":22566,"menu_order":0,"comment_status":"closed","ping_status":"closed","template":"templates\/template-application-platform.php","meta":{"publish_to_discourse":"","publish_post_category":"","wpdc_auto_publish_overridden":"","wpdc_topic_tags":"","wpdc_pin_topic":"","wpdc_pin_until":"","discourse_post_id":"","discourse_permalink":"","wpdc_publishing_response":"","wpdc_publishing_error":"","footnotes":""},"class_list":["post-23187","page","type-page","status-publish","hentry"],"yoast_head":"<!-- This site is optimized with the Yoast SEO plugin v25.3.1 - https:\/\/yoast.com\/wordpress\/plugins\/seo\/ -->\n<title>Rechner zu iFrame hinzuf\u00fcgen \u2013 Berechnungsl\u00f6sung vor Ort bereitstellen<\/title>\n<meta name=\"description\" content=\"F\u00fchren Sie selbst detaillierte Berechnungen mit dem interaktiven Rechner durch. Probieren Sie eine praktische Demo von Elfsight aus, um das vielseitige Widget zu erstellen.\" \/>\n<meta name=\"robots\" content=\"index, follow, max-snippet:-1, max-image-preview:large, max-video-preview:-1\" \/>\n<link rel=\"canonical\" href=\"https:\/\/elfsight.com\/de\/calculator-form-widget\/iframe\/\" \/>\n<meta property=\"og:locale\" content=\"de_DE\" \/>\n<meta property=\"og:type\" content=\"article\" \/>\n<meta property=\"og:title\" content=\"Rechner zu iFrame hinzuf\u00fcgen \u2013 Berechnungsl\u00f6sung vor Ort bereitstellen\" \/>\n<meta property=\"og:description\" content=\"F\u00fchren Sie selbst detaillierte Berechnungen mit dem interaktiven Rechner durch. Probieren Sie eine praktische Demo von Elfsight aus, um das vielseitige Widget zu erstellen.\" \/>\n<meta property=\"og:url\" content=\"https:\/\/elfsight.com\/de\/calculator-form-widget\/iframe\/\" \/>\n<meta property=\"og:site_name\" content=\"Elfsight DE\" \/>\n<meta property=\"article:modified_time\" content=\"2025-07-08T10:22:35+00:00\" \/>\n<meta name=\"twitter:card\" content=\"summary_large_image\" \/>\n<meta name=\"twitter:label1\" content=\"Gesch\u00e4tzte Lesezeit\" \/>\n\t<meta name=\"twitter:data1\" content=\"2\u00a0Minuten\" \/>\n<!-- \/ Yoast SEO plugin. -->","yoast_head_json":{"title":"Rechner zu iFrame hinzuf\u00fcgen \u2013 Berechnungsl\u00f6sung vor Ort bereitstellen","description":"F\u00fchren Sie selbst detaillierte Berechnungen mit dem interaktiven Rechner durch. Probieren Sie eine praktische Demo von Elfsight aus, um das vielseitige Widget zu erstellen.","robots":{"index":"index","follow":"follow","max-snippet":"max-snippet:-1","max-image-preview":"max-image-preview:large","max-video-preview":"max-video-preview:-1"},"canonical":"https:\/\/elfsight.com\/de\/calculator-form-widget\/iframe\/","og_locale":"de_DE","og_type":"article","og_title":"Rechner zu iFrame hinzuf\u00fcgen \u2013 Berechnungsl\u00f6sung vor Ort bereitstellen","og_description":"F\u00fchren Sie selbst detaillierte Berechnungen mit dem interaktiven Rechner durch. Probieren Sie eine praktische Demo von Elfsight aus, um das vielseitige Widget zu erstellen.","og_url":"https:\/\/elfsight.com\/de\/calculator-form-widget\/iframe\/","og_site_name":"Elfsight DE","article_modified_time":"2025-07-08T10:22:35+00:00","twitter_card":"summary_large_image","twitter_misc":{"Gesch\u00e4tzte Lesezeit":"2\u00a0Minuten"},"schema":{"@context":"https:\/\/schema.org","@graph":[{"@type":"WebPage","@id":"https:\/\/elfsight.com\/de\/calculator-form-widget\/iframe\/","url":"https:\/\/elfsight.com\/de\/calculator-form-widget\/iframe\/","name":"Rechner zu iFrame hinzuf\u00fcgen \u2013 Berechnungsl\u00f6sung vor Ort bereitstellen","isPartOf":{"@id":"https:\/\/elfsight.com\/de\/#website"},"datePublished":"2024-09-30T18:27:29+00:00","dateModified":"2025-07-08T10:22:35+00:00","description":"F\u00fchren Sie selbst detaillierte Berechnungen mit dem interaktiven Rechner durch. Probieren Sie eine praktische Demo von Elfsight aus, um das vielseitige Widget zu erstellen.","breadcrumb":{"@id":"https:\/\/elfsight.com\/de\/calculator-form-widget\/iframe\/#breadcrumb"},"inLanguage":"de","potentialAction":[{"@type":"ReadAction","target":["https:\/\/elfsight.com\/de\/calculator-form-widget\/iframe\/"]}]},{"@type":"BreadcrumbList","@id":"https:\/\/elfsight.com\/de\/calculator-form-widget\/iframe\/#breadcrumb","itemListElement":[{"@type":"ListItem","position":1,"name":"Home","item":"https:\/\/elfsight.com\/de\/"},{"@type":"ListItem","position":2,"name":"Calculator","item":"https:\/\/elfsight.com\/de\/calculator-form-widget\/"},{"@type":"ListItem","position":3,"name":"calculator &#8211; iframe"}]},{"@type":"WebSite","@id":"https:\/\/elfsight.com\/de\/#website","url":"https:\/\/elfsight.com\/de\/","name":"Elfsight DE","description":"Just another Elfsight Sites site","potentialAction":[{"@type":"SearchAction","target":{"@type":"EntryPoint","urlTemplate":"https:\/\/elfsight.com\/de\/?s={search_term_string}"},"query-input":{"@type":"PropertyValueSpecification","valueRequired":true,"valueName":"search_term_string"}}],"inLanguage":"de"}]}},"meta_box":{"industry":"","seo_heading":"","heading":"","description":"","cta_heading":"","cta_description":"","application":"22559","h1":"iFrame-Rechner-Widget","h1_caption":"Stellen Sie Ihren Besuchern einen benutzerdefinierten Rechner zur Verf\u00fcgung, der m\u00fchelos schnelle L\u00f6sungen f\u00fcr Dinge wie Preise, Rabatte oder ROI-Berechnungen in Ihre iFrame-Website einbindet.","application_category":[],"applications_title":"","applications_request_title":"","applications_request_button_text":"","hero_text":"","hero_video":"","hero_video_schema_markup":"","selling_points_title":"","selling_points_caption":"","selling_points":[],"selling_points_cta_text":"","features_title":"","features":"","ed_cta_examples_text":"","ed_cta_examples_hidden":"","ed_cta_demo_text":"","ed_cta_demo_hidden":"","why_caption":"","why_editor_title":"","why_editor_text":"","why_team_title":"","why_team_text":"","why_service_title":"","why_service_text":"","template_catalog_visible":"0","template_catalog_title":"","template_catalog_text":"","template_catalog_categories_visible":"","demo_title":"Erstellen Sie Ihr Rechner-Widget","demo_caption":"Configure your Calculator and add it to your iFrame website for free!","default_faq_hidden":"","app_template_category":[],"platform":"240","template_public_id":"","codecanyon_url":"","codecanyon_item_id":"","codecanyon_price":"","pricing_caption":"","pricing_elfsight_apps_hide_column":"","pricing_elfsight_apps_url":"","pricing_codecanyon_price_caption":"","integration_category":[],"integration_request_title":"","integration_request_cta":"","integration_platform":"","integrations":[],"platform_category":[],"video_schema_markup":"","price":"ab 0 $ \/ Monat","trial":"","benefits":[{"text":"Kostenlose Installationshilfe"},{"text":"Premium-Support"},{"text":"14-t\u00e4gige R\u00fcckerstattungsgarantie"},{"text":"Regelm\u00e4\u00dfige Verbesserungen"}],"button_url":"#demo","button_target_blank":"","button_nofollow":"","attributes":[{"name":"Installieren","content":"50,000 - 100,000"},{"name":"Reaktionsfreudig","content":"Ja"},{"name":"Kompatible Browser","content":"Firefox, Safari, Opera, Chrome, Edge"}],"tags":[],"tags_disable_links":"","hide_more_platforms":"","video_object":"","demo_hide_cta":"","demo_hide_cloud_options":"","pricing_title":"","pricing":[{"pricing_icon":"platform","pricing_title":"Elfsight Apps","pricing_title_caption":"Plattform\u00fcbergreifende digitale L\u00f6sung","pricing_price":"ab 0 $ \/ Monat","pricing_price_caption":"Beginnen Sie mit einem kostenlosen Plan","pricing_benefits":[{"text":"Unbegrenzte Domains"},{"text":"Engagierte Unternehmensunterst\u00fctzung und gut dokumentiert"},{"text":"Kostenlose Installationshilfe"},{"text":"100 % anpassbar"}],"pricing_button_text":"Zur Website hinzuf\u00fcgen","pricing_button_url":"#demo"}],"related_apps_title":"","related_apps_hidden":"","author":"","image":[],"title":"","job":"","social_networks":[]},"_links":{"self":[{"href":"https:\/\/elfsight.com\/de\/wp-json\/wp\/v2\/pages\/23187","targetHints":{"allow":["GET"]}}],"collection":[{"href":"https:\/\/elfsight.com\/de\/wp-json\/wp\/v2\/pages"}],"about":[{"href":"https:\/\/elfsight.com\/de\/wp-json\/wp\/v2\/types\/page"}],"author":[{"embeddable":true,"href":"https:\/\/elfsight.com\/de\/wp-json\/wp\/v2\/users\/9"}],"replies":[{"embeddable":true,"href":"https:\/\/elfsight.com\/de\/wp-json\/wp\/v2\/comments?post=23187"}],"version-history":[{"count":1,"href":"https:\/\/elfsight.com\/de\/wp-json\/wp\/v2\/pages\/23187\/revisions"}],"predecessor-version":[{"id":23191,"href":"https:\/\/elfsight.com\/de\/wp-json\/wp\/v2\/pages\/23187\/revisions\/23191"}],"up":[{"embeddable":true,"href":"https:\/\/elfsight.com\/de\/wp-json\/wp\/v2\/pages\/22566"}],"wp:attachment":[{"href":"https:\/\/elfsight.com\/de\/wp-json\/wp\/v2\/media?parent=23187"}],"curies":[{"name":"wp","href":"https:\/\/api.w.org\/{rel}","templated":true}]}}