{"id":23182,"date":"2024-09-30T18:27:29","date_gmt":"2024-09-30T18:27:29","guid":{"rendered":"https:\/\/elfsight.com\/de\/?page_id=23182"},"modified":"2025-07-08T10:21:25","modified_gmt":"2025-07-08T10:21:25","slug":"godaddy","status":"publish","type":"page","link":"https:\/\/elfsight.com\/de\/calculator-form-widget\/godaddy\/","title":{"rendered":"calculator &#8211; godaddy"},"content":{"rendered":"<div class=\"application-platform-content-item-description application-platform-content-item\" id=\"description\" data-nav-section=\"description\"> <h2>Betten Sie den Rechner mit einem Elfsight-Plugin in GoDaddy ein<\/h2> <p>Das Rechner-Widget bietet Ihren Website-Besuchern eine M\u00f6glichkeit, ihre Kosten zu planen , Reiserouten, Kochproportionen und vieles mehr rund um Ihren T\u00e4tigkeitsbereich. Sie k\u00f6nnen diesem eingebetteten Widget erforderliche Felder und n\u00fctzliche Optionen hinzuf\u00fcgen, sodass die Besucher die Vorteile pr\u00fcfen k\u00f6nnen, ohne die Website-Seite zu verlassen. Mithilfe der bedingten Logik k\u00f6nnen Sie universelle Muster f\u00fcr jedes Szenario und jeden Kunden erfinden.<\/p><p>Variable Elemente wie Kontrollk\u00e4stchen, Schieberegler und Dropdown-Listen erm\u00f6glichen es Ihnen, jeden Aspekt der Preisbildung f\u00fcr verschiedene Angebote einzubeziehen. Beispielsweise kann man Kredite mit einem angegebenen Prozentsatz f\u00fcr einen bestimmten Zeitraum berechnen. Sie k\u00f6nnen einen Mietwagen mit vielen zus\u00e4tzlichen Annehmlichkeiten anbieten, aus denen Sie w\u00e4hlen k\u00f6nnen. Ebenso kann der Rechner eine Traumreise projizieren, sofern Transport, Unterkunft und die besten Ausfl\u00fcge berechnet werden. <\/p><p><b>G\u00f6nnen Sie Ihren Website-Besuchern ein benutzerfreundliches Berechnungserlebnis, indem Sie das leistungsstarke Z\u00e4hl-Widget hinzuf\u00fcgen! <\/b><\/p><\/div> <div class=\"application-platform-content-item-features application-platform-content-item\" id=\"features\" data-nav-section=\"features\"> <h2>Dies sind nur einige der umfangreichen Widget-Funktionen:<\/h2> <ul><li>L\u00f6sung mit einfacher Schnittstelle, die f\u00fcr geeignet ist beliebige Operationen<\/li><li>Mehrere Z\u00e4hlfeldoptionen f\u00fcr Ihre Ideen<\/li><li>Bedingte Logikfunktion, die sogar detaillierte Z\u00e4hlungen abdeckt<\/li><li>Anpassbare Vorlagen zum Starten ganz einfach<\/li><li>Eingebettetes Tool, das die Entscheidungsfindung verbessert<\/li><\/ul><p><a href=\"#demo\">Die volle Funktionalit\u00e4t des Widgets k\u00f6nnen Sie gleich hier in der Demo erfahren<\/a><\/p><\/div> <div class=\"application-platform-content-item-installation application-platform-content-item\" id=\"installation\" data-nav-section=\"installation\"> <h2>Wie kann ich den Rechner in meine GoDaddy-Webseite einbetten?<\/h2> <p>Wenden Sie einfach die folgenden Anweisungen an F\u00fcgen Sie das Plugin hinzu.<\/p> <ol><li><b>Starten Sie unseren kostenlosen Editor und beginnen Sie mit der Erstellung Ihres eigenen Widgets. <\/b><br> Finden Sie das bevorzugte Aussehen und die Funktionalit\u00e4t des Plugins und \u00fcbernehmen Sie die \u00c4nderungen. <\/li> <li><b>Kopieren Sie Ihren individuellen Code, der im Fenster von Elfsight Apps angezeigt wird. <\/b><br> Nachdem die Konfiguration Ihres pers\u00f6nlichen Widgets abgeschlossen ist, kopieren Sie den individuellen Code im angezeigten Popup und speichern Sie ihn f\u00fcr die zuk\u00fcnftige Verwendung. <\/li> <li><b>Initiieren Sie die Anwendung des Widgets auf der GoDaddy-Website. <\/b><br> Geben Sie den Code ein, den Sie zuvor auf Ihrer Website gespeichert haben, und speichern Sie die \u00c4nderungen. <\/li> <li><b>Das Setup ist vollst\u00e4ndig abgeschlossen. <\/b><br> Besuchen Sie Ihre Website, um die Leistung des Widgets zu beobachten. <\/li><\/ol> <p>Wenn Sie mit Anfragen konfrontiert werden oder auf Schwierigkeiten sto\u00dfen, z\u00f6gern Sie nicht, sich an unser Support-Team zu wenden. Unsere Spezialisten helfen Ihnen gerne bei allen Schwierigkeiten, die Sie mit dem Produkt haben k\u00f6nnten. <\/p><\/div> ","protected":false},"excerpt":{"rendered":"","protected":false},"author":9,"featured_media":0,"parent":22566,"menu_order":0,"comment_status":"closed","ping_status":"closed","template":"templates\/template-application-platform.php","meta":{"publish_to_discourse":"","publish_post_category":"","wpdc_auto_publish_overridden":"","wpdc_topic_tags":"","wpdc_pin_topic":"","wpdc_pin_until":"","discourse_post_id":"","discourse_permalink":"","wpdc_publishing_response":"","wpdc_publishing_error":"","footnotes":""},"class_list":["post-23182","page","type-page","status-publish","hentry"],"yoast_head":"<!-- This site is optimized with the Yoast SEO plugin v25.3.1 - https:\/\/yoast.com\/wordpress\/plugins\/seo\/ -->\n<title>GoDaddy-Rechner \u2013 Integrieren Sie den Rechner in GoDaddy<\/title>\n<meta name=\"description\" content=\"Erstellen Sie Ihren eigenen Taschenrechner in einem einfachen Editor. Betten Sie einen GoDaddy-Rechner in Ihre Website ein, um das Z\u00e4hlen direkt auf der Seite zu erm\u00f6glichen.\" \/>\n<meta name=\"robots\" content=\"index, follow, max-snippet:-1, max-image-preview:large, max-video-preview:-1\" \/>\n<link rel=\"canonical\" href=\"https:\/\/elfsight.com\/de\/calculator-form-widget\/godaddy\/\" \/>\n<meta property=\"og:locale\" content=\"de_DE\" \/>\n<meta property=\"og:type\" content=\"article\" \/>\n<meta property=\"og:title\" content=\"GoDaddy-Rechner \u2013 Integrieren Sie den Rechner in GoDaddy\" \/>\n<meta property=\"og:description\" content=\"Erstellen Sie Ihren eigenen Taschenrechner in einem einfachen Editor. Betten Sie einen GoDaddy-Rechner in Ihre Website ein, um das Z\u00e4hlen direkt auf der Seite zu erm\u00f6glichen.\" \/>\n<meta property=\"og:url\" content=\"https:\/\/elfsight.com\/de\/calculator-form-widget\/godaddy\/\" \/>\n<meta property=\"og:site_name\" content=\"Elfsight DE\" \/>\n<meta property=\"article:modified_time\" content=\"2025-07-08T10:21:25+00:00\" \/>\n<meta name=\"twitter:card\" content=\"summary_large_image\" \/>\n<meta name=\"twitter:label1\" content=\"Gesch\u00e4tzte Lesezeit\" \/>\n\t<meta name=\"twitter:data1\" content=\"2\u00a0Minuten\" \/>\n<!-- \/ Yoast SEO plugin. -->","yoast_head_json":{"title":"GoDaddy-Rechner \u2013 Integrieren Sie den Rechner in GoDaddy","description":"Erstellen Sie Ihren eigenen Taschenrechner in einem einfachen Editor. Betten Sie einen GoDaddy-Rechner in Ihre Website ein, um das Z\u00e4hlen direkt auf der Seite zu erm\u00f6glichen.","robots":{"index":"index","follow":"follow","max-snippet":"max-snippet:-1","max-image-preview":"max-image-preview:large","max-video-preview":"max-video-preview:-1"},"canonical":"https:\/\/elfsight.com\/de\/calculator-form-widget\/godaddy\/","og_locale":"de_DE","og_type":"article","og_title":"GoDaddy-Rechner \u2013 Integrieren Sie den Rechner in GoDaddy","og_description":"Erstellen Sie Ihren eigenen Taschenrechner in einem einfachen Editor. Betten Sie einen GoDaddy-Rechner in Ihre Website ein, um das Z\u00e4hlen direkt auf der Seite zu erm\u00f6glichen.","og_url":"https:\/\/elfsight.com\/de\/calculator-form-widget\/godaddy\/","og_site_name":"Elfsight DE","article_modified_time":"2025-07-08T10:21:25+00:00","twitter_card":"summary_large_image","twitter_misc":{"Gesch\u00e4tzte Lesezeit":"2\u00a0Minuten"},"schema":{"@context":"https:\/\/schema.org","@graph":[{"@type":"WebPage","@id":"https:\/\/elfsight.com\/de\/calculator-form-widget\/godaddy\/","url":"https:\/\/elfsight.com\/de\/calculator-form-widget\/godaddy\/","name":"GoDaddy-Rechner \u2013 Integrieren Sie den Rechner in GoDaddy","isPartOf":{"@id":"https:\/\/elfsight.com\/de\/#website"},"datePublished":"2024-09-30T18:27:29+00:00","dateModified":"2025-07-08T10:21:25+00:00","description":"Erstellen Sie Ihren eigenen Taschenrechner in einem einfachen Editor. Betten Sie einen GoDaddy-Rechner in Ihre Website ein, um das Z\u00e4hlen direkt auf der Seite zu erm\u00f6glichen.","breadcrumb":{"@id":"https:\/\/elfsight.com\/de\/calculator-form-widget\/godaddy\/#breadcrumb"},"inLanguage":"de","potentialAction":[{"@type":"ReadAction","target":["https:\/\/elfsight.com\/de\/calculator-form-widget\/godaddy\/"]}]},{"@type":"BreadcrumbList","@id":"https:\/\/elfsight.com\/de\/calculator-form-widget\/godaddy\/#breadcrumb","itemListElement":[{"@type":"ListItem","position":1,"name":"Home","item":"https:\/\/elfsight.com\/de\/"},{"@type":"ListItem","position":2,"name":"Calculator","item":"https:\/\/elfsight.com\/de\/calculator-form-widget\/"},{"@type":"ListItem","position":3,"name":"calculator &#8211; godaddy"}]},{"@type":"WebSite","@id":"https:\/\/elfsight.com\/de\/#website","url":"https:\/\/elfsight.com\/de\/","name":"Elfsight DE","description":"Just another Elfsight Sites site","potentialAction":[{"@type":"SearchAction","target":{"@type":"EntryPoint","urlTemplate":"https:\/\/elfsight.com\/de\/?s={search_term_string}"},"query-input":{"@type":"PropertyValueSpecification","valueRequired":true,"valueName":"search_term_string"}}],"inLanguage":"de"}]}},"meta_box":{"industry":"","seo_heading":"","heading":"","description":"","cta_heading":"","cta_description":"","application":"22559","h1":"Integrieren Sie den GoDaddy-Rechner","h1_caption":"Stellen Sie Ihren Besuchern einen benutzerdefinierten Rechner zur Verf\u00fcgung, der m\u00fchelos schnelle L\u00f6sungen f\u00fcr Dinge wie Preise, Rabatte oder ROI-Berechnungen auf Ihrer GoDaddy-Website bereitstellt.","application_category":[],"applications_title":"","applications_request_title":"","applications_request_button_text":"","hero_text":"","hero_video":"","hero_video_schema_markup":"","selling_points_title":"","selling_points_caption":"","selling_points":[],"selling_points_cta_text":"","features_title":"","features":"","ed_cta_examples_text":"","ed_cta_examples_hidden":"","ed_cta_demo_text":"","ed_cta_demo_hidden":"","why_caption":"","why_editor_title":"","why_editor_text":"","why_team_title":"","why_team_text":"","why_service_title":"","why_service_text":"","template_catalog_visible":"0","template_catalog_title":"","template_catalog_text":"","template_catalog_categories_visible":"","demo_title":"Erstellen Sie Ihr Rechner-Plugin","demo_caption":"Configure your Calculator and add it to your GoDaddy website for free!","default_faq_hidden":"","app_template_category":[],"platform":"241","template_public_id":"","codecanyon_url":"","codecanyon_item_id":"","codecanyon_price":"","pricing_caption":"","pricing_elfsight_apps_hide_column":"","pricing_elfsight_apps_url":"","pricing_codecanyon_price_caption":"","integration_category":[],"integration_request_title":"","integration_request_cta":"","integration_platform":"","integrations":[],"platform_category":[],"video_schema_markup":"","price":"ab 0 $ \/ Monat","trial":"","benefits":[{"text":"Kostenloser Installationsservice"},{"text":"Erfahrener Kundensupport"},{"text":"14-t\u00e4gige Geld-zur\u00fcck-Garantie"},{"text":"Regelm\u00e4\u00dfige Verbesserungen"}],"button_url":"#demo","button_target_blank":"","button_nofollow":"","attributes":[{"name":"Installieren","content":"50,000 - 100,000"},{"name":"Reaktionsfreudig","content":"Ja"},{"name":"Kompatible Browser","content":"Firefox, Safari, Opera, Chrome, Edge"}],"tags":[],"tags_disable_links":"","hide_more_platforms":"","video_object":"","demo_hide_cta":"","demo_hide_cloud_options":"","pricing_title":"","pricing":[{"pricing_icon":"platform","pricing_title":"Elfsight Apps","pricing_title_caption":"Plattform\u00fcbergreifende L\u00f6sung, die f\u00fcr jede Site geeignet ist","pricing_price":"ab 0 $ \/ Monat","pricing_price_caption":"Beginnen Sie mit einem kostenlosen Plan","pricing_benefits":[{"text":"Unbegrenzte Websites"},{"text":"Engagierte Unternehmensunterst\u00fctzung"},{"text":"Kostenloser Installationssupport"},{"text":"100 % anpassbar"}],"pricing_button_text":"Zur Website hinzuf\u00fcgen","pricing_button_url":"#demo"}],"related_apps_title":"","related_apps_hidden":"","author":"","image":[],"title":"","job":"","social_networks":[]},"_links":{"self":[{"href":"https:\/\/elfsight.com\/de\/wp-json\/wp\/v2\/pages\/23182","targetHints":{"allow":["GET"]}}],"collection":[{"href":"https:\/\/elfsight.com\/de\/wp-json\/wp\/v2\/pages"}],"about":[{"href":"https:\/\/elfsight.com\/de\/wp-json\/wp\/v2\/types\/page"}],"author":[{"embeddable":true,"href":"https:\/\/elfsight.com\/de\/wp-json\/wp\/v2\/users\/9"}],"replies":[{"embeddable":true,"href":"https:\/\/elfsight.com\/de\/wp-json\/wp\/v2\/comments?post=23182"}],"version-history":[{"count":1,"href":"https:\/\/elfsight.com\/de\/wp-json\/wp\/v2\/pages\/23182\/revisions"}],"predecessor-version":[{"id":23186,"href":"https:\/\/elfsight.com\/de\/wp-json\/wp\/v2\/pages\/23182\/revisions\/23186"}],"up":[{"embeddable":true,"href":"https:\/\/elfsight.com\/de\/wp-json\/wp\/v2\/pages\/22566"}],"wp:attachment":[{"href":"https:\/\/elfsight.com\/de\/wp-json\/wp\/v2\/media?parent=23182"}],"curies":[{"name":"wp","href":"https:\/\/api.w.org\/{rel}","templated":true}]}}