{"id":23181,"date":"2024-09-30T18:27:29","date_gmt":"2024-09-30T18:27:29","guid":{"rendered":"https:\/\/elfsight.com\/de\/?page_id=23181"},"modified":"2025-07-08T10:22:45","modified_gmt":"2025-07-08T10:22:45","slug":"joomla","status":"publish","type":"page","link":"https:\/\/elfsight.com\/de\/calculator-form-widget\/joomla\/","title":{"rendered":"calculator &#8211; joomla"},"content":{"rendered":"<div class=\"application-platform-content-item-description application-platform-content-item\" id=\"description\" data-nav-section=\"description\"> <h2>Einbetten des Rechners in Joomla mit einer Elfsight-Erweiterung<\/h2> <p>Das Rechner-Widget gibt Ihren Kunden die M\u00f6glichkeit, ihre Kosten zu planen, Reiserouten, Garmengen und vieles mehr rund um Ihren T\u00e4tigkeitsbereich. Sie k\u00f6nnen diesem eingebetteten Widget spezifische Felder und n\u00fctzliche Optionen hinzuf\u00fcgen, sodass die Kunden ihre Vorteile pr\u00fcfen k\u00f6nnen, ohne die Registerkarte verlassen zu m\u00fcssen. Mit der Funktion der bedingten Logik k\u00f6nnen Sie universelle Muster f\u00fcr jedes Szenario und jeden Kunden erstellen.<\/p><p>Mit verwaltbaren Elementen wie Kontrollk\u00e4stchen, Schiebereglern und Dropdown-Listen k\u00f6nnen Sie beliebige Muster zur Preisbildung f\u00fcr verschiedene Produkte einbeziehen. Beispielsweise kann man Kredite zu einem bestimmten Prozentsatz f\u00fcr einen angemessenen Zeitraum berechnen. Sie k\u00f6nnen eine Autovermietung mit vielen zus\u00e4tzlichen Annehmlichkeiten zur Auswahl anbieten. Ebenso ist der Rechner in der Lage, eine Traumreise zu planen, indem Flug, Aufenthalt und Top-Ausfl\u00fcge berechnet werden. <\/p><p><b>Erm\u00f6glichen Sie Ihren Kunden ein perfektes Berechnungserlebnis, indem Sie das benutzerorientierte Z\u00e4hl-Widget hinzuf\u00fcgen! <\/b><\/p><\/div> <div class=\"application-platform-content-item-features application-platform-content-item\" id=\"features\" data-nav-section=\"features\"> <h2>Zu den beliebtesten Widget-Funktionen geh\u00f6rt<\/h2> <ul><li>Tool mit unkomplizierter Schnittstelle, das beliebige Vorg\u00e4nge erm\u00f6glicht<\/li><li>Zahlreiche Operationsfeldl\u00f6sungen f\u00fcr verschiedene Ideen<\/li><li>Bedingte Logik, die sogar mehrstufige Berechnungen erm\u00f6glicht<\/li><li>Vorgefertigte Vorlagen f\u00fcr einen reibungslosen Ablauf Anfang<\/li><li>Integrierte L\u00f6sung, die zur Entscheidungsfindung inspiriert<\/li><\/ul><p><a href=\"#demo\">Testen Sie alle Einstellungen in einer Demo mit vollem Funktionsumfang<\/a><\/p><\/div> <div class=\"application-platform-content-item-installation application-platform-content-item\" id=\"installation\" data-nav-section=\"installation\"> <h2>Wie integriere ich den Rechner in meine Joomla-Seiten?<\/h2> <p>Wenden Sie einfach die folgenden Anweisungen an, um mit der Arbeit zu beginnen Widget.<\/p> <ol><li><b>Verwalten Sie unseren kostenlosen Editor und beginnen Sie mit der Gestaltung Ihres ma\u00dfgeschneiderten Widgets. <\/b><br> Geben Sie das bevorzugte Aussehen und die bevorzugten Aspekte des Tools an und wenden Sie die Korrekturen an. <\/li> <li><b>Sie erhalten den individuellen Code, der im Feld von Elfsight Apps angezeigt wird. <\/b><br> Sobald die Generierung Ihres pers\u00f6nlichen Widgets abgeschlossen ist, kopieren Sie den pers\u00f6nlichen Code in das entstandene Feld und bewahren Sie ihn f\u00fcr die sp\u00e4tere Verwendung auf. <\/li> <li><b>Beginnen Sie mit der Verwendung des Plugins auf der Joomla-Website. <\/b><br> F\u00fcgen Sie den zuvor gespeicherten Code in Ihre Webseite ein und speichern Sie die \u00c4nderungen. <\/li> <li><b>Die Installation wurde erfolgreich beendet. <\/b><br> Besuchen Sie Ihre Website, um zu sehen, wie das Tool funktioniert. <\/li><\/ol> <p>Bei Fragen oder Komplikationen wenden Sie sich bitte an unseren Kundendienst. Unsere Spezialisten helfen Ihnen gerne bei allen Schwierigkeiten, die Sie mit dem Werkzeug haben. <\/p> <\/div> ","protected":false},"excerpt":{"rendered":"","protected":false},"author":9,"featured_media":0,"parent":22566,"menu_order":0,"comment_status":"closed","ping_status":"closed","template":"templates\/template-application-platform.php","meta":{"publish_to_discourse":"","publish_post_category":"","wpdc_auto_publish_overridden":"","wpdc_topic_tags":"","wpdc_pin_topic":"","wpdc_pin_until":"","discourse_post_id":"","discourse_permalink":"","wpdc_publishing_response":"","wpdc_publishing_error":"","footnotes":""},"class_list":["post-23181","page","type-page","status-publish","hentry"],"yoast_head":"<!-- This site is optimized with the Yoast SEO plugin v25.3.1 - https:\/\/yoast.com\/wordpress\/plugins\/seo\/ -->\n<title>Rechner zu Joomla hinzuf\u00fcgen \u2013 Z\u00e4hlvorg\u00e4nge auf der Website vereinfachen<\/title>\n<meta name=\"description\" content=\"Mit unserem benutzerfreundlichen Rechner k\u00f6nnen Sie sogar mehrstufige Z\u00e4hlungen durchf\u00fchren. Probieren Sie eine praktische Demo von Elfsight aus, um das ansprechende Widget zu erstellen.\" \/>\n<meta name=\"robots\" content=\"index, follow, max-snippet:-1, max-image-preview:large, max-video-preview:-1\" \/>\n<link rel=\"canonical\" href=\"https:\/\/elfsight.com\/de\/calculator-form-widget\/joomla\/\" \/>\n<meta property=\"og:locale\" content=\"de_DE\" \/>\n<meta property=\"og:type\" content=\"article\" \/>\n<meta property=\"og:title\" content=\"Rechner zu Joomla hinzuf\u00fcgen \u2013 Z\u00e4hlvorg\u00e4nge auf der Website vereinfachen\" \/>\n<meta property=\"og:description\" content=\"Mit unserem benutzerfreundlichen Rechner k\u00f6nnen Sie sogar mehrstufige Z\u00e4hlungen durchf\u00fchren. Probieren Sie eine praktische Demo von Elfsight aus, um das ansprechende Widget zu erstellen.\" \/>\n<meta property=\"og:url\" content=\"https:\/\/elfsight.com\/de\/calculator-form-widget\/joomla\/\" \/>\n<meta property=\"og:site_name\" content=\"Elfsight DE\" \/>\n<meta property=\"article:modified_time\" content=\"2025-07-08T10:22:45+00:00\" \/>\n<meta name=\"twitter:card\" content=\"summary_large_image\" \/>\n<meta name=\"twitter:label1\" content=\"Gesch\u00e4tzte Lesezeit\" \/>\n\t<meta name=\"twitter:data1\" content=\"2\u00a0Minuten\" \/>\n<!-- \/ Yoast SEO plugin. -->","yoast_head_json":{"title":"Rechner zu Joomla hinzuf\u00fcgen \u2013 Z\u00e4hlvorg\u00e4nge auf der Website vereinfachen","description":"Mit unserem benutzerfreundlichen Rechner k\u00f6nnen Sie sogar mehrstufige Z\u00e4hlungen durchf\u00fchren. Probieren Sie eine praktische Demo von Elfsight aus, um das ansprechende Widget zu erstellen.","robots":{"index":"index","follow":"follow","max-snippet":"max-snippet:-1","max-image-preview":"max-image-preview:large","max-video-preview":"max-video-preview:-1"},"canonical":"https:\/\/elfsight.com\/de\/calculator-form-widget\/joomla\/","og_locale":"de_DE","og_type":"article","og_title":"Rechner zu Joomla hinzuf\u00fcgen \u2013 Z\u00e4hlvorg\u00e4nge auf der Website vereinfachen","og_description":"Mit unserem benutzerfreundlichen Rechner k\u00f6nnen Sie sogar mehrstufige Z\u00e4hlungen durchf\u00fchren. Probieren Sie eine praktische Demo von Elfsight aus, um das ansprechende Widget zu erstellen.","og_url":"https:\/\/elfsight.com\/de\/calculator-form-widget\/joomla\/","og_site_name":"Elfsight DE","article_modified_time":"2025-07-08T10:22:45+00:00","twitter_card":"summary_large_image","twitter_misc":{"Gesch\u00e4tzte Lesezeit":"2\u00a0Minuten"},"schema":{"@context":"https:\/\/schema.org","@graph":[{"@type":"WebPage","@id":"https:\/\/elfsight.com\/de\/calculator-form-widget\/joomla\/","url":"https:\/\/elfsight.com\/de\/calculator-form-widget\/joomla\/","name":"Rechner zu Joomla hinzuf\u00fcgen \u2013 Z\u00e4hlvorg\u00e4nge auf der Website vereinfachen","isPartOf":{"@id":"https:\/\/elfsight.com\/de\/#website"},"datePublished":"2024-09-30T18:27:29+00:00","dateModified":"2025-07-08T10:22:45+00:00","description":"Mit unserem benutzerfreundlichen Rechner k\u00f6nnen Sie sogar mehrstufige Z\u00e4hlungen durchf\u00fchren. Probieren Sie eine praktische Demo von Elfsight aus, um das ansprechende Widget zu erstellen.","breadcrumb":{"@id":"https:\/\/elfsight.com\/de\/calculator-form-widget\/joomla\/#breadcrumb"},"inLanguage":"de","potentialAction":[{"@type":"ReadAction","target":["https:\/\/elfsight.com\/de\/calculator-form-widget\/joomla\/"]}]},{"@type":"BreadcrumbList","@id":"https:\/\/elfsight.com\/de\/calculator-form-widget\/joomla\/#breadcrumb","itemListElement":[{"@type":"ListItem","position":1,"name":"Home","item":"https:\/\/elfsight.com\/de\/"},{"@type":"ListItem","position":2,"name":"Calculator","item":"https:\/\/elfsight.com\/de\/calculator-form-widget\/"},{"@type":"ListItem","position":3,"name":"calculator &#8211; joomla"}]},{"@type":"WebSite","@id":"https:\/\/elfsight.com\/de\/#website","url":"https:\/\/elfsight.com\/de\/","name":"Elfsight DE","description":"Just another Elfsight Sites site","potentialAction":[{"@type":"SearchAction","target":{"@type":"EntryPoint","urlTemplate":"https:\/\/elfsight.com\/de\/?s={search_term_string}"},"query-input":{"@type":"PropertyValueSpecification","valueRequired":true,"valueName":"search_term_string"}}],"inLanguage":"de"}]}},"meta_box":{"industry":"","seo_heading":"","heading":"","description":"","cta_heading":"","cta_description":"","application":"22559","h1":"Joomla-Rechner-Erweiterung","h1_caption":"Stellen Sie Ihren Besuchern einen benutzerdefinierten Rechner zur Verf\u00fcgung, der m\u00fchelos schnelle L\u00f6sungen f\u00fcr Dinge wie Preise, Rabatte oder ROI-Berechnungen in Ihre Joomla-Website einbindet.","application_category":[],"applications_title":"","applications_request_title":"","applications_request_button_text":"","hero_text":"","hero_video":"","hero_video_schema_markup":"","selling_points_title":"","selling_points_caption":"","selling_points":[],"selling_points_cta_text":"","features_title":"","features":"","ed_cta_examples_text":"","ed_cta_examples_hidden":"","ed_cta_demo_text":"","ed_cta_demo_hidden":"","why_caption":"","why_editor_title":"","why_editor_text":"","why_team_title":"","why_team_text":"","why_service_title":"","why_service_text":"","template_catalog_visible":"0","template_catalog_title":"","template_catalog_text":"","template_catalog_categories_visible":"","demo_title":"Erstellen Sie Ihr Rechner-Plugin","demo_caption":"Configure your Calculator and add it to your Joomla website for free!","default_faq_hidden":"","app_template_category":[],"platform":"259","template_public_id":"","codecanyon_url":"","codecanyon_item_id":"","codecanyon_price":"","pricing_caption":"","pricing_elfsight_apps_hide_column":"","pricing_elfsight_apps_url":"","pricing_codecanyon_price_caption":"","integration_category":[],"integration_request_title":"","integration_request_cta":"","integration_platform":"","integrations":[],"platform_category":[],"video_schema_markup":"","price":"ab 0 $ \/ Monat","trial":"","benefits":[{"text":"Kostenlose Installationshilfe"},{"text":"Premium-Support"},{"text":"14-t\u00e4gige R\u00fcckerstattungsgarantie"},{"text":"Kontinuierliche Weiterentwicklung"}],"button_url":"#demo","button_target_blank":"","button_nofollow":"","attributes":[{"name":"Installieren","content":"50,000 - 100,000"},{"name":"Reaktionsfreudig","content":"Ja"},{"name":"Kompatible Browser","content":"Firefox, Safari, Opera, Chrome, Edge"}],"tags":[],"tags_disable_links":"","hide_more_platforms":"","video_object":"","demo_hide_cta":"","demo_hide_cloud_options":"","pricing_title":"","pricing":[{"pricing_icon":"platform","pricing_title":"Elfsight Apps","pricing_title_caption":"Plattformunabh\u00e4ngige Version, die auf jeder Site funktioniert","pricing_price":"ab 0 $ \/ Monat","pricing_price_caption":"Beginnen Sie mit einem kostenlosen Plan","pricing_benefits":[{"text":"Unbegrenzte Domains"},{"text":"Unternehmensunterst\u00fctzung rund um die Uhr"},{"text":"Kostenlose Installationsunterst\u00fctzung"},{"text":"Flexibles Design"}],"pricing_button_text":"Zur Website hinzuf\u00fcgen","pricing_button_url":"#demo"}],"related_apps_title":"","related_apps_hidden":"","author":"","image":[],"title":"","job":"","social_networks":[]},"_links":{"self":[{"href":"https:\/\/elfsight.com\/de\/wp-json\/wp\/v2\/pages\/23181","targetHints":{"allow":["GET"]}}],"collection":[{"href":"https:\/\/elfsight.com\/de\/wp-json\/wp\/v2\/pages"}],"about":[{"href":"https:\/\/elfsight.com\/de\/wp-json\/wp\/v2\/types\/page"}],"author":[{"embeddable":true,"href":"https:\/\/elfsight.com\/de\/wp-json\/wp\/v2\/users\/9"}],"replies":[{"embeddable":true,"href":"https:\/\/elfsight.com\/de\/wp-json\/wp\/v2\/comments?post=23181"}],"version-history":[{"count":1,"href":"https:\/\/elfsight.com\/de\/wp-json\/wp\/v2\/pages\/23181\/revisions"}],"predecessor-version":[{"id":23185,"href":"https:\/\/elfsight.com\/de\/wp-json\/wp\/v2\/pages\/23181\/revisions\/23185"}],"up":[{"embeddable":true,"href":"https:\/\/elfsight.com\/de\/wp-json\/wp\/v2\/pages\/22566"}],"wp:attachment":[{"href":"https:\/\/elfsight.com\/de\/wp-json\/wp\/v2\/media?parent=23181"}],"curies":[{"name":"wp","href":"https:\/\/api.w.org\/{rel}","templated":true}]}}