{"id":23180,"date":"2024-09-30T18:27:29","date_gmt":"2024-09-30T18:27:29","guid":{"rendered":"https:\/\/elfsight.com\/de\/?page_id=23180"},"modified":"2025-07-08T10:23:34","modified_gmt":"2025-07-08T10:23:34","slug":"weebly","status":"publish","type":"page","link":"https:\/\/elfsight.com\/de\/calculator-form-widget\/weebly\/","title":{"rendered":"calculator &#8211; weebly"},"content":{"rendered":"<div class=\"application-platform-content-item-description application-platform-content-item\" id=\"description\" data-nav-section=\"description\"> <h2>Betten Sie den Rechner mit einer Elfsight-App in Weebly ein<\/h2> <p>Das Rechner-Widget bietet Ihren Kunden die M\u00f6glichkeit, ihr Budget und ihre Reise zu planen Routen, Garmengen und vieles mehr rund um Ihren T\u00e4tigkeitsbereich. Man kann diesem eingebetteten Widget spezifische Felder und zus\u00e4tzliche Optionen hinzuf\u00fcgen, sodass die Besucher ihre Vorteile \u00fcberpr\u00fcfen k\u00f6nnen, ohne die Website-Seite zu verlassen. Mit der bedingten Logikfunktion k\u00f6nnen Sie universelle L\u00f6sungen f\u00fcr Ihr Szenario und jeden Kunden erstellen.<\/p><p>Anpassbare Elemente wie Kontrollk\u00e4stchen, Schieberegler und Dropdown-Men\u00fcs erm\u00f6glichen es Ihnen, jeden Aspekt der Preisbildung f\u00fcr bestimmte Produkte einzubeziehen. Beispielsweise k\u00f6nnen Sie Kredite zu einem festgelegten Zinssatz f\u00fcr einen bestimmten Zeitraum berechnen. Sie k\u00f6nnen eine Autovermietung mit vielen zus\u00e4tzlichen Annehmlichkeiten zur Auswahl anbieten. Ebenso ist der Rechner in der Lage, eine Traumreise zu projizieren, sofern Transfer, Hotel und notwendige Ausfl\u00fcge eingerechnet werden. <\/p><p><b>Bieten Sie Ihren Kunden ein perfektes Berechnungserlebnis, indem Sie das leistungsstarke Z\u00e4hl-Widget hinzuf\u00fcgen! <\/b><\/p><\/div> <div class=\"application-platform-content-item-features application-platform-content-item\" id=\"features\" data-nav-section=\"features\"> <h2>Zu den beliebtesten Widget-Funktionen geh\u00f6rt<\/h2> <ul><li>Tool mit einfacher Schnittstelle, das mit allen Vorg\u00e4ngen funktioniert<\/li><li>Alle Operationsfeldtypen f\u00fcr verschiedene Szenarien<\/li><li>Bedingte Logik zur Vereinfachung selbst detaillierter Berechnungen<\/li><li>Anpassbare Vorlagen f\u00fcr den Anfang m\u00fchelos<\/li><li>Eingebettetes Tool, das die Entscheidungsfindung verbessert<\/li><\/ul><p><a href=\"#demo\">Hier k\u00f6nnen Sie in der Demo alle Funktionen des Widgets erkunden<\/a><\/p><\/div> <div class=\"application-platform-content-item-installation application-platform-content-item\" id=\"installation\" data-nav-section=\"installation\"> <h2>Wie bette ich den Rechner in meine Weebly-Webseite ein?<\/h2> <p>F\u00fchren Sie einfach die folgenden Schritte aus Geben Sie unten Folgendes ein, um mit der Verwendung des Tools zu beginnen.<\/p> <ol><li><b>Nutzen Sie unseren kostenlosen Konfigurator und beginnen Sie mit der Erstellung Ihres ma\u00dfgeschneiderten Widgets. <\/b><br> Geben Sie das bevorzugte Design und die Parameter des Widgets an und \u00fcbernehmen Sie die \u00c4nderungen. <\/li> <li><b>Erhalten Sie Ihren pers\u00f6nlichen Code, der im speziellen Formular auf Elfsight Apps erscheint. <\/b><br> Wenn die Anpassung Ihres Tools abgeschlossen ist, kopieren Sie den exklusiven Code aus dem angezeigten Popup und speichern Sie ihn f\u00fcr die zuk\u00fcnftige Verwendung. <\/li> <li><b>Erste Schritte mit der Verwendung des Widgets auf der Weebly-Homepage. <\/b><br> Implementieren Sie den Code, den Sie k\u00fcrzlich kopiert haben, in Ihre Website und speichern Sie die Korrekturen. <\/li> <li><b>Du bist fertig! Der Aufbau ist vollst\u00e4ndig abgeschlossen. <\/b><br> Gehen Sie zu Ihrer Seite, um die Leistung des Widgets zu sehen. <\/li><\/ol> <p>Z\u00f6gern Sie nicht, sich an unser Support-Team zu wenden, wenn Sie Anfragen bearbeiten oder auf Schwierigkeiten sto\u00dfen. Unsere Mitarbeiter helfen Ihnen gerne bei allen Problemen, die Sie mit dem Tool haben. <\/p><\/div> ","protected":false},"excerpt":{"rendered":"","protected":false},"author":9,"featured_media":0,"parent":22566,"menu_order":0,"comment_status":"closed","ping_status":"closed","template":"templates\/template-application-platform.php","meta":{"publish_to_discourse":"","publish_post_category":"","wpdc_auto_publish_overridden":"","wpdc_topic_tags":"","wpdc_pin_topic":"","wpdc_pin_until":"","discourse_post_id":"","discourse_permalink":"","wpdc_publishing_response":"","wpdc_publishing_error":"","footnotes":""},"class_list":["post-23180","page","type-page","status-publish","hentry"],"yoast_head":"<!-- This site is optimized with the Yoast SEO plugin v25.3.1 - https:\/\/yoast.com\/wordpress\/plugins\/seo\/ -->\n<title>Rechner zu Weebly hinzuf\u00fcgen \u2013 Bietet bequemes Z\u00e4hlen auf Seiten<\/title>\n<meta name=\"description\" content=\"Meistern Sie selbst detailliertes Z\u00e4hlen mit dem reaktionsschnellen Rechner. Verwenden Sie eine unkomplizierte Demo von Elfsight, um das vielseitige Widget zu erstellen.\" \/>\n<meta name=\"robots\" content=\"index, follow, max-snippet:-1, max-image-preview:large, max-video-preview:-1\" \/>\n<link rel=\"canonical\" href=\"https:\/\/elfsight.com\/de\/calculator-form-widget\/weebly\/\" \/>\n<meta property=\"og:locale\" content=\"de_DE\" \/>\n<meta property=\"og:type\" content=\"article\" \/>\n<meta property=\"og:title\" content=\"Rechner zu Weebly hinzuf\u00fcgen \u2013 Bietet bequemes Z\u00e4hlen auf Seiten\" \/>\n<meta property=\"og:description\" content=\"Meistern Sie selbst detailliertes Z\u00e4hlen mit dem reaktionsschnellen Rechner. Verwenden Sie eine unkomplizierte Demo von Elfsight, um das vielseitige Widget zu erstellen.\" \/>\n<meta property=\"og:url\" content=\"https:\/\/elfsight.com\/de\/calculator-form-widget\/weebly\/\" \/>\n<meta property=\"og:site_name\" content=\"Elfsight DE\" \/>\n<meta property=\"article:modified_time\" content=\"2025-07-08T10:23:34+00:00\" \/>\n<meta name=\"twitter:card\" content=\"summary_large_image\" \/>\n<meta name=\"twitter:label1\" content=\"Gesch\u00e4tzte Lesezeit\" \/>\n\t<meta name=\"twitter:data1\" content=\"2\u00a0Minuten\" \/>\n<!-- \/ Yoast SEO plugin. -->","yoast_head_json":{"title":"Rechner zu Weebly hinzuf\u00fcgen \u2013 Bietet bequemes Z\u00e4hlen auf Seiten","description":"Meistern Sie selbst detailliertes Z\u00e4hlen mit dem reaktionsschnellen Rechner. Verwenden Sie eine unkomplizierte Demo von Elfsight, um das vielseitige Widget zu erstellen.","robots":{"index":"index","follow":"follow","max-snippet":"max-snippet:-1","max-image-preview":"max-image-preview:large","max-video-preview":"max-video-preview:-1"},"canonical":"https:\/\/elfsight.com\/de\/calculator-form-widget\/weebly\/","og_locale":"de_DE","og_type":"article","og_title":"Rechner zu Weebly hinzuf\u00fcgen \u2013 Bietet bequemes Z\u00e4hlen auf Seiten","og_description":"Meistern Sie selbst detailliertes Z\u00e4hlen mit dem reaktionsschnellen Rechner. Verwenden Sie eine unkomplizierte Demo von Elfsight, um das vielseitige Widget zu erstellen.","og_url":"https:\/\/elfsight.com\/de\/calculator-form-widget\/weebly\/","og_site_name":"Elfsight DE","article_modified_time":"2025-07-08T10:23:34+00:00","twitter_card":"summary_large_image","twitter_misc":{"Gesch\u00e4tzte Lesezeit":"2\u00a0Minuten"},"schema":{"@context":"https:\/\/schema.org","@graph":[{"@type":"WebPage","@id":"https:\/\/elfsight.com\/de\/calculator-form-widget\/weebly\/","url":"https:\/\/elfsight.com\/de\/calculator-form-widget\/weebly\/","name":"Rechner zu Weebly hinzuf\u00fcgen \u2013 Bietet bequemes Z\u00e4hlen auf Seiten","isPartOf":{"@id":"https:\/\/elfsight.com\/de\/#website"},"datePublished":"2024-09-30T18:27:29+00:00","dateModified":"2025-07-08T10:23:34+00:00","description":"Meistern Sie selbst detailliertes Z\u00e4hlen mit dem reaktionsschnellen Rechner. Verwenden Sie eine unkomplizierte Demo von Elfsight, um das vielseitige Widget zu erstellen.","breadcrumb":{"@id":"https:\/\/elfsight.com\/de\/calculator-form-widget\/weebly\/#breadcrumb"},"inLanguage":"de","potentialAction":[{"@type":"ReadAction","target":["https:\/\/elfsight.com\/de\/calculator-form-widget\/weebly\/"]}]},{"@type":"BreadcrumbList","@id":"https:\/\/elfsight.com\/de\/calculator-form-widget\/weebly\/#breadcrumb","itemListElement":[{"@type":"ListItem","position":1,"name":"Home","item":"https:\/\/elfsight.com\/de\/"},{"@type":"ListItem","position":2,"name":"Calculator","item":"https:\/\/elfsight.com\/de\/calculator-form-widget\/"},{"@type":"ListItem","position":3,"name":"calculator &#8211; weebly"}]},{"@type":"WebSite","@id":"https:\/\/elfsight.com\/de\/#website","url":"https:\/\/elfsight.com\/de\/","name":"Elfsight DE","description":"Just another Elfsight Sites site","potentialAction":[{"@type":"SearchAction","target":{"@type":"EntryPoint","urlTemplate":"https:\/\/elfsight.com\/de\/?s={search_term_string}"},"query-input":{"@type":"PropertyValueSpecification","valueRequired":true,"valueName":"search_term_string"}}],"inLanguage":"de"}]}},"meta_box":{"industry":"","seo_heading":"","heading":"","description":"","cta_heading":"","cta_description":"","application":"22559","h1":"Weebly-Rechner-App","h1_caption":"Stellen Sie Ihren Besuchern einen benutzerdefinierten Rechner zur Verf\u00fcgung, der m\u00fchelos schnelle L\u00f6sungen f\u00fcr Dinge wie Preise, Rabatte oder ROI-Berechnungen auf Ihrer Weebly-Website bereitstellt.","application_category":[],"applications_title":"","applications_request_title":"","applications_request_button_text":"","hero_text":"","hero_video":"","hero_video_schema_markup":"","selling_points_title":"","selling_points_caption":"","selling_points":[],"selling_points_cta_text":"","features_title":"","features":"","ed_cta_examples_text":"","ed_cta_examples_hidden":"","ed_cta_demo_text":"","ed_cta_demo_hidden":"","why_caption":"","why_editor_title":"","why_editor_text":"","why_team_title":"","why_team_text":"","why_service_title":"","why_service_text":"","template_catalog_visible":"0","template_catalog_title":"","template_catalog_text":"","template_catalog_categories_visible":"","demo_title":"Erstellen Sie Ihre Rechner-App","demo_caption":"Configure your Calculator and add it to your Weebly website for free!","default_faq_hidden":"","app_template_category":[],"platform":"249","template_public_id":"","codecanyon_url":"","codecanyon_item_id":"","codecanyon_price":"","pricing_caption":"","pricing_elfsight_apps_hide_column":"","pricing_elfsight_apps_url":"","pricing_codecanyon_price_caption":"","integration_category":[],"integration_request_title":"","integration_request_cta":"","integration_platform":"","integrations":[],"platform_category":[],"video_schema_markup":"","price":"ab 0 $ \/ Monat","trial":"","benefits":[{"text":"Kostenlose Installationsunterst\u00fctzung"},{"text":"Effektiver Kundenservice"},{"text":"14-t\u00e4gige R\u00fcckerstattungsgarantie"},{"text":"St\u00e4ndige Aktualisierung"}],"button_url":"#demo","button_target_blank":"","button_nofollow":"","attributes":[{"name":"Installieren","content":"50,000 - 100,000"},{"name":"Reaktionsfreudig","content":"Ja"},{"name":"Kompatible Browser","content":"Firefox, Safari, Opera, Chrome, Edge"}],"tags":[],"tags_disable_links":"","hide_more_platforms":"","video_object":"","demo_hide_cta":"","demo_hide_cloud_options":"","pricing_title":"","pricing":[{"pricing_icon":"platform","pricing_title":"Elfsight Apps","pricing_title_caption":"Plattform\u00fcbergreifende digitale L\u00f6sung","pricing_price":"ab 0 $ \/ Monat","pricing_price_caption":"Beginnen Sie mit einem kostenlosen Plan","pricing_benefits":[{"text":"Unbegrenzte Domains"},{"text":"Premium-Kundensupport"},{"text":"Kostenloser Installationssupport"},{"text":"Flexibles Design"}],"pricing_button_text":"Zur Website hinzuf\u00fcgen","pricing_button_url":"#demo"}],"related_apps_title":"","related_apps_hidden":"","author":"","image":[],"title":"","job":"","social_networks":[]},"_links":{"self":[{"href":"https:\/\/elfsight.com\/de\/wp-json\/wp\/v2\/pages\/23180","targetHints":{"allow":["GET"]}}],"collection":[{"href":"https:\/\/elfsight.com\/de\/wp-json\/wp\/v2\/pages"}],"about":[{"href":"https:\/\/elfsight.com\/de\/wp-json\/wp\/v2\/types\/page"}],"author":[{"embeddable":true,"href":"https:\/\/elfsight.com\/de\/wp-json\/wp\/v2\/users\/9"}],"replies":[{"embeddable":true,"href":"https:\/\/elfsight.com\/de\/wp-json\/wp\/v2\/comments?post=23180"}],"version-history":[{"count":1,"href":"https:\/\/elfsight.com\/de\/wp-json\/wp\/v2\/pages\/23180\/revisions"}],"predecessor-version":[{"id":23184,"href":"https:\/\/elfsight.com\/de\/wp-json\/wp\/v2\/pages\/23180\/revisions\/23184"}],"up":[{"embeddable":true,"href":"https:\/\/elfsight.com\/de\/wp-json\/wp\/v2\/pages\/22566"}],"wp:attachment":[{"href":"https:\/\/elfsight.com\/de\/wp-json\/wp\/v2\/media?parent=23180"}],"curies":[{"name":"wp","href":"https:\/\/api.w.org\/{rel}","templated":true}]}}