{"id":23179,"date":"2024-09-30T18:27:29","date_gmt":"2024-09-30T18:27:29","guid":{"rendered":"https:\/\/elfsight.com\/de\/?page_id=23179"},"modified":"2025-07-08T10:21:19","modified_gmt":"2025-07-08T10:21:19","slug":"facebook","status":"publish","type":"page","link":"https:\/\/elfsight.com\/de\/calculator-form-widget\/facebook\/","title":{"rendered":"calculator &#8211; facebook page"},"content":{"rendered":"<div class=\"application-platform-content-item-description application-platform-content-item\" id=\"description\" data-nav-section=\"description\"> <h2>Rechner mit einem Elfsight-Widget in eine Facebook-Seite einbetten<\/h2> <p>Das Rechner-Widget bietet Ihren Kunden die M\u00f6glichkeit, ihre Kosten zu planen , Reiserouten, Kochproportionen und vieles mehr rund um Ihren T\u00e4tigkeitsbereich. Sie k\u00f6nnen diesem On-Page-Widget bestimmte Felder und zus\u00e4tzliche Optionen hinzuf\u00fcgen, sodass die Benutzer die Vorteile pr\u00fcfen k\u00f6nnen, ohne die Seite zu verlassen. Mit der Funktion \u201eBedingte Logik\u201c k\u00f6nnen Sie universelle L\u00f6sungen f\u00fcr jedes Szenario und jeden Benutzer entwickeln.<\/p><p>Anpassbare Elemente wie Kontrollk\u00e4stchen, Schieberegler und Dropdown-Listen erm\u00f6glichen es Ihnen, beliebige Preisbildungsmuster f\u00fcr bestimmte Produkte einzubeziehen. Verwenden Sie es beispielsweise, um Kredite zu einem angegebenen Zinssatz f\u00fcr einen geeigneten Zeitraum zu berechnen. Sie k\u00f6nnen einen Mietwagen mit vielen zus\u00e4tzlichen Annehmlichkeiten anbieten, aus denen Sie w\u00e4hlen k\u00f6nnen. Ebenso ist der Rechner in der Lage, eine Traumreise zu planen, indem Flug, Unterkunft und die besten Events berechnet werden. <\/p><p><b>Ihre Kunden werden ein benutzerfreundliches Berechnungserlebnis zu sch\u00e4tzen wissen, indem Sie das benutzerorientierte Z\u00e4hl-Widget hinzuf\u00fcgen! <\/b><\/p><\/div> <div class=\"application-platform-content-item-features application-platform-content-item\" id=\"features\" data-nav-section=\"features\"> <h2>Hier sind die wichtigsten Funktionen des Widgets:<\/h2> <ul><li>Tool mit \u00fcbersichtlicher Oberfl\u00e4che, das f\u00fcr jede Art geeignet ist des Z\u00e4hlens<\/li><li>Viele Operationsfeldl\u00f6sungen f\u00fcr Ihre Ziele<\/li><li>Bedingte Logik zur Vereinfachung selbst komplizierter Z\u00e4hlungen<\/li><li>Vorgefertigte Vorlagen f\u00fcr einen einfachen Einstieg<\/li><li>On-Page-Tool zur F\u00f6rderung der Entscheidungsfindung<\/li><\/ul><p><a href=\"#demo\">Mit Hilfe der Demo k\u00f6nnen Sie erkunden, was das Widget bietet<\/a><\/p><\/div> <div class=\"application-platform-content-item-installation application-platform-content-item\" id=\"installation\" data-nav-section=\"installation\"> <h2>Wie integriere ich Calculator in meine Facebook-Seite?<\/h2> <div class=\"tip-yellow tip\"><b>Aufgrund der j\u00fcngsten Facebook-\u00c4nderungen und der Umstellung auf das neue Seitenerlebnis Die Nutzung ist derzeit nur durch Hinzuf\u00fcgen eines direkten Links zum Widget m\u00f6glich. Wir suchen aktiv nach einer L\u00f6sung und werden die Einrichtung der Facebook-Seite aktualisieren, sobald wir eine M\u00f6glichkeit finden.<\/b><\/div><p>Befolgen Sie einfach die nachstehenden Anweisungen, um das Tool zu integrieren.<\/p> <ol> <li><b>Verwalten Sie unseren kostenlosen Konfigurator und beginnen Sie mit der Erstellung Ihres eigenen Widgets. <\/b><br> Bestimmen Sie das bevorzugte Aussehen und die Funktionsmerkmale des Widgets und speichern Sie die \u00c4nderungen. <\/li> <li><b>Erhalten Sie Ihren einzigartigen Code, der in der Box auf Elfsight Apps angezeigt wird. <\/b><br> Kopieren Sie unmittelbar nach Abschluss der Konfiguration Ihres Tools den pers\u00f6nlichen Code aus dem angezeigten Fenster und bewahren Sie ihn f\u00fcr die sp\u00e4tere Verwendung auf. <\/li> <li><b>Beginnen Sie mit der Verwendung des Widgets auf der Facebook-Seite. <\/b><br> Betten Sie den zuvor gespeicherten Code in Ihre Seite ein und speichern Sie die Korrekturen. <\/li> <li><b>Das Setup wurde erfolgreich beendet. <\/b><br> Besuchen Sie Ihre Website, um die Leistung des Tools zu sehen. <\/li><\/ol> <p>Falls Sie auf Schwierigkeiten sto\u00dfen, wenden Sie sich bitte an unsere Support-Mitarbeiter. Unsere Spezialisten beantworten gerne alle Fragen, die Sie zum Plugin haben. <\/p><\/div>","protected":false},"excerpt":{"rendered":"","protected":false},"author":9,"featured_media":0,"parent":22566,"menu_order":0,"comment_status":"closed","ping_status":"closed","template":"templates\/template-application-platform.php","meta":{"publish_to_discourse":"","publish_post_category":"","wpdc_auto_publish_overridden":"","wpdc_topic_tags":"","wpdc_pin_topic":"","wpdc_pin_until":"","discourse_post_id":"","discourse_permalink":"","wpdc_publishing_response":"","wpdc_publishing_error":"","footnotes":""},"class_list":["post-23179","page","type-page","status-publish","hentry"],"yoast_head":"<!-- This site is optimized with the Yoast SEO plugin v25.3.1 - https:\/\/yoast.com\/wordpress\/plugins\/seo\/ -->\n<title>Rechner zur Facebook-Seite hinzuf\u00fcgen \u2013 Verbessern Sie das Z\u00e4hlen auf der Website<\/title>\n<meta name=\"description\" content=\"Vereinfachen Sie selbst detaillierte Berechnungen mit dem benutzerfreundlichen Rechner. Probieren Sie eine praktische Demo von Elfsight aus, um das leistungsstarke Widget zu generieren.\" \/>\n<meta name=\"robots\" content=\"index, follow, max-snippet:-1, max-image-preview:large, max-video-preview:-1\" \/>\n<link rel=\"canonical\" href=\"https:\/\/elfsight.com\/de\/calculator-form-widget\/facebook\/\" \/>\n<meta property=\"og:locale\" content=\"de_DE\" \/>\n<meta property=\"og:type\" content=\"article\" \/>\n<meta property=\"og:title\" content=\"Rechner zur Facebook-Seite hinzuf\u00fcgen \u2013 Verbessern Sie das Z\u00e4hlen auf der Website\" \/>\n<meta property=\"og:description\" content=\"Vereinfachen Sie selbst detaillierte Berechnungen mit dem benutzerfreundlichen Rechner. Probieren Sie eine praktische Demo von Elfsight aus, um das leistungsstarke Widget zu generieren.\" \/>\n<meta property=\"og:url\" content=\"https:\/\/elfsight.com\/de\/calculator-form-widget\/facebook\/\" \/>\n<meta property=\"og:site_name\" content=\"Elfsight DE\" \/>\n<meta property=\"article:modified_time\" content=\"2025-07-08T10:21:19+00:00\" \/>\n<meta name=\"twitter:card\" content=\"summary_large_image\" \/>\n<meta name=\"twitter:label1\" content=\"Gesch\u00e4tzte Lesezeit\" \/>\n\t<meta name=\"twitter:data1\" content=\"2\u00a0Minuten\" \/>\n<!-- \/ Yoast SEO plugin. -->","yoast_head_json":{"title":"Rechner zur Facebook-Seite hinzuf\u00fcgen \u2013 Verbessern Sie das Z\u00e4hlen auf der Website","description":"Vereinfachen Sie selbst detaillierte Berechnungen mit dem benutzerfreundlichen Rechner. Probieren Sie eine praktische Demo von Elfsight aus, um das leistungsstarke Widget zu generieren.","robots":{"index":"index","follow":"follow","max-snippet":"max-snippet:-1","max-image-preview":"max-image-preview:large","max-video-preview":"max-video-preview:-1"},"canonical":"https:\/\/elfsight.com\/de\/calculator-form-widget\/facebook\/","og_locale":"de_DE","og_type":"article","og_title":"Rechner zur Facebook-Seite hinzuf\u00fcgen \u2013 Verbessern Sie das Z\u00e4hlen auf der Website","og_description":"Vereinfachen Sie selbst detaillierte Berechnungen mit dem benutzerfreundlichen Rechner. Probieren Sie eine praktische Demo von Elfsight aus, um das leistungsstarke Widget zu generieren.","og_url":"https:\/\/elfsight.com\/de\/calculator-form-widget\/facebook\/","og_site_name":"Elfsight DE","article_modified_time":"2025-07-08T10:21:19+00:00","twitter_card":"summary_large_image","twitter_misc":{"Gesch\u00e4tzte Lesezeit":"2\u00a0Minuten"},"schema":{"@context":"https:\/\/schema.org","@graph":[{"@type":"WebPage","@id":"https:\/\/elfsight.com\/de\/calculator-form-widget\/facebook\/","url":"https:\/\/elfsight.com\/de\/calculator-form-widget\/facebook\/","name":"Rechner zur Facebook-Seite hinzuf\u00fcgen \u2013 Verbessern Sie das Z\u00e4hlen auf der Website","isPartOf":{"@id":"https:\/\/elfsight.com\/de\/#website"},"datePublished":"2024-09-30T18:27:29+00:00","dateModified":"2025-07-08T10:21:19+00:00","description":"Vereinfachen Sie selbst detaillierte Berechnungen mit dem benutzerfreundlichen Rechner. Probieren Sie eine praktische Demo von Elfsight aus, um das leistungsstarke Widget zu generieren.","breadcrumb":{"@id":"https:\/\/elfsight.com\/de\/calculator-form-widget\/facebook\/#breadcrumb"},"inLanguage":"de","potentialAction":[{"@type":"ReadAction","target":["https:\/\/elfsight.com\/de\/calculator-form-widget\/facebook\/"]}]},{"@type":"BreadcrumbList","@id":"https:\/\/elfsight.com\/de\/calculator-form-widget\/facebook\/#breadcrumb","itemListElement":[{"@type":"ListItem","position":1,"name":"Home","item":"https:\/\/elfsight.com\/de\/"},{"@type":"ListItem","position":2,"name":"Calculator","item":"https:\/\/elfsight.com\/de\/calculator-form-widget\/"},{"@type":"ListItem","position":3,"name":"calculator &#8211; facebook page"}]},{"@type":"WebSite","@id":"https:\/\/elfsight.com\/de\/#website","url":"https:\/\/elfsight.com\/de\/","name":"Elfsight DE","description":"Just another Elfsight Sites site","potentialAction":[{"@type":"SearchAction","target":{"@type":"EntryPoint","urlTemplate":"https:\/\/elfsight.com\/de\/?s={search_term_string}"},"query-input":{"@type":"PropertyValueSpecification","valueRequired":true,"valueName":"search_term_string"}}],"inLanguage":"de"}]}},"meta_box":{"industry":"","seo_heading":"","heading":"","description":"","cta_heading":"","cta_description":"","application":"22559","h1":"Facebook-Seitenrechner-Widget","h1_caption":"Stellen Sie Ihren Besuchern einen benutzerdefinierten Rechner zur Verf\u00fcgung, der m\u00fchelos schnelle L\u00f6sungen f\u00fcr Dinge wie Preise, Rabatte oder ROI-Berechnungen in Ihre Facebook-Seiten-Website einbindet.","application_category":[],"applications_title":"","applications_request_title":"","applications_request_button_text":"","hero_text":"","hero_video":"","hero_video_schema_markup":"","selling_points_title":"","selling_points_caption":"","selling_points":[],"selling_points_cta_text":"","features_title":"","features":"","ed_cta_examples_text":"","ed_cta_examples_hidden":"","ed_cta_demo_text":"","ed_cta_demo_hidden":"","why_caption":"","why_editor_title":"","why_editor_text":"","why_team_title":"","why_team_text":"","why_service_title":"","why_service_text":"","template_catalog_visible":"0","template_catalog_title":"","template_catalog_text":"","template_catalog_categories_visible":"","demo_title":"Erstellen Sie Ihr Rechner-Widget","demo_caption":"Configure your Calculator and add it to your Facebook Page website for free!","default_faq_hidden":"","app_template_category":[],"platform":"216","template_public_id":"","codecanyon_url":"","codecanyon_item_id":"","codecanyon_price":"","pricing_caption":"","pricing_elfsight_apps_hide_column":"","pricing_elfsight_apps_url":"","pricing_codecanyon_price_caption":"","integration_category":[],"integration_request_title":"","integration_request_cta":"","integration_platform":"","integrations":[],"platform_category":[],"video_schema_markup":"","price":"ab 0 $ \/ Monat","trial":"","benefits":[{"text":"Kostenloser Installationsservice"},{"text":"Premium-Support"},{"text":"14-t\u00e4gige Geld-zur\u00fcck-Garantie"},{"text":"Lebenslange Updates"}],"button_url":"#demo","button_target_blank":"","button_nofollow":"","attributes":[{"name":"Installieren","content":"50,000 - 100,000"},{"name":"Reaktionsfreudig","content":"Ja"},{"name":"Kompatible Browser","content":"Firefox, Safari, Opera, Chrome, Edge"}],"tags":[],"tags_disable_links":"","hide_more_platforms":"","video_object":"","demo_hide_cta":"","demo_hide_cloud_options":"","pricing_title":"","pricing":[{"pricing_icon":"platform","pricing_title":"Elfsight Apps","pricing_title_caption":"Plattform\u00fcbergreifende Version, die auf jeder Site funktioniert","pricing_price":"ab 0 $ \/ Monat","pricing_price_caption":"Beginnen Sie mit einem kostenlosen Plan","pricing_benefits":[{"text":"Unbegrenzte Websites"},{"text":"Kostenloser und p\u00fcnktlicher Support und gut dokumentiert"},{"text":"Kostenloser Installationsservice"},{"text":"Flexibles Design"}],"pricing_button_text":"Zur Website hinzuf\u00fcgen","pricing_button_url":"#demo"}],"related_apps_title":"","related_apps_hidden":"","author":"","image":[],"title":"","job":"","social_networks":[]},"_links":{"self":[{"href":"https:\/\/elfsight.com\/de\/wp-json\/wp\/v2\/pages\/23179","targetHints":{"allow":["GET"]}}],"collection":[{"href":"https:\/\/elfsight.com\/de\/wp-json\/wp\/v2\/pages"}],"about":[{"href":"https:\/\/elfsight.com\/de\/wp-json\/wp\/v2\/types\/page"}],"author":[{"embeddable":true,"href":"https:\/\/elfsight.com\/de\/wp-json\/wp\/v2\/users\/9"}],"replies":[{"embeddable":true,"href":"https:\/\/elfsight.com\/de\/wp-json\/wp\/v2\/comments?post=23179"}],"version-history":[{"count":1,"href":"https:\/\/elfsight.com\/de\/wp-json\/wp\/v2\/pages\/23179\/revisions"}],"predecessor-version":[{"id":23183,"href":"https:\/\/elfsight.com\/de\/wp-json\/wp\/v2\/pages\/23179\/revisions\/23183"}],"up":[{"embeddable":true,"href":"https:\/\/elfsight.com\/de\/wp-json\/wp\/v2\/pages\/22566"}],"wp:attachment":[{"href":"https:\/\/elfsight.com\/de\/wp-json\/wp\/v2\/media?parent=23179"}],"curies":[{"name":"wp","href":"https:\/\/api.w.org\/{rel}","templated":true}]}}