{"id":23174,"date":"2024-09-30T18:27:29","date_gmt":"2024-09-30T18:27:29","guid":{"rendered":"https:\/\/elfsight.com\/de\/?page_id=23174"},"modified":"2025-07-08T10:20:56","modified_gmt":"2025-07-08T10:20:56","slug":"bigcommerce","status":"publish","type":"page","link":"https:\/\/elfsight.com\/de\/calculator-form-widget\/bigcommerce\/","title":{"rendered":"calculator &#8211; bigcommerce"},"content":{"rendered":"<div class=\"application-platform-content-item-description application-platform-content-item\" id=\"description\" data-nav-section=\"description\"> <h2>Rechner mit einer Elfsight-App in BigCommerce einbetten<\/h2> <p>Das Rechner-Widget bietet Ihren Kunden eine M\u00f6glichkeit, ihre Budgetierung zu planen, Reiserouten, Kochproportionen und vieles mehr, abh\u00e4ngig von Ihrem Gesch\u00e4ftsfeld. In dieses eingebettete Widget k\u00f6nnen bestimmte Felder und n\u00fctzliche Optionen integriert werden, sodass die Benutzer die Vorteile sehen k\u00f6nnen, ohne die Website-Seite zu verlassen. Mit der bedingten Logik k\u00f6nnen Sie universelle L\u00f6sungen f\u00fcr jedes Szenario und jeden Benutzer erfinden.<\/p><p>Mit variablen Elementen wie Kontrollk\u00e4stchen, Schiebereglern und Dropdown-Listen k\u00f6nnen Sie beliebige Preismuster f\u00fcr bestimmte Angebote einbinden. Beispielsweise kann man Kredite mit einem angegebenen Prozentsatz f\u00fcr einen gew\u00fcnschten Zeitraum berechnen. Sie k\u00f6nnen einen Mietwagen mit vielen zus\u00e4tzlichen Annehmlichkeiten anbieten, aus denen Sie w\u00e4hlen k\u00f6nnen. Dar\u00fcber hinaus ist der Rechner in der Lage, eine Reise nach Ihren W\u00fcnschen zu planen, sofern Transfer, Unterkunft und notwendige Ereignisse ber\u00fccksichtigt werden. <\/p><p><b>Gew\u00e4hren Sie Ihren Kunden ein komfortables Berechnungserlebnis, indem Sie das unkomplizierte Z\u00e4hl-Widget integrieren! <\/b><\/p><\/div> <div class=\"application-platform-content-item-features application-platform-content-item\" id=\"features\" data-nav-section=\"features\"> <h2>Die wesentlichen Widget-Funktionen bieten<\/h2> <ul><li>L\u00f6sung mit benutzerfreundlicher Oberfl\u00e4che, die beliebige Berechnungen erm\u00f6glicht<\/li><li>Zahlreiche Operationsfeldtypen f\u00fcr verschiedene Ziele<\/li><li>Bedingte Logikfunktion, die selbst komplizierte Z\u00e4hlungen erm\u00f6glicht<\/li><li>Vorgefertigte Vorlagen f\u00fcr eine einfache start<\/li><li>Integriertes Tool, das die Entscheidungsfindung erleichtert<\/li><\/ul><p><a href=\"#demo\">Sie k\u00f6nnen \u00fcberpr\u00fcfen, was das Widget bietet, indem Sie die Demo ausprobieren<\/a><\/p> <\/div> <div class=\"application-platform-content-item-installation application-platform-content-item\" id=\"installation\" data-nav-section=\"installation\"> <h2>Wie integriere ich Calculator in meine BigCommerce-Website?<\/h2> <p>F\u00fchren Sie einfach die folgenden Richtlinien aus, um das Tool einzubetten.<\/p> <ol><li><b>\u00d6ffnen Sie unsere kostenlose Demo und beginnen Sie mit der Gestaltung Ihres eigenen Instruments. <\/b><br> Geben Sie das bevorzugte Layout und die Spezifikationen des Tools an und speichern Sie die Korrekturen. <\/li> <li><b>Erhalten Sie Ihren individuellen Code, der im speziellen Formular auf Elfsight Apps angezeigt wird. <\/b><br> Kopieren Sie direkt nach Abschluss der Generierung Ihres Plugins den pers\u00f6nlichen Code in das angezeigte Feld und speichern Sie ihn f\u00fcr die zuk\u00fcnftige Verwendung. <\/li> <li><b>Beginnen Sie mit der Nutzung des Widgets auf der BigCommerce-Website. <\/b><br> Betten Sie den zuvor gespeicherten Code in Ihre Website ein und speichern Sie die Korrekturen. <\/li> <li><b>Das Setup ist vollst\u00e4ndig abgeschlossen. <\/b><br> Besuchen Sie Ihre Seite, um die Leistung des Tools anzuzeigen. <\/li><\/ol> <p>Wenn Sie Fragen haben oder auf Hindernisse sto\u00dfen, z\u00f6gern Sie nicht, sich an unser Kundendienstteam zu wenden. Unsere Mitarbeiter sind bestrebt, alle Schwierigkeiten zu l\u00f6sen, die Sie m\u00f6glicherweise mit dem Widget haben. <\/p><\/div>","protected":false},"excerpt":{"rendered":"","protected":false},"author":9,"featured_media":0,"parent":22566,"menu_order":0,"comment_status":"closed","ping_status":"closed","template":"templates\/template-application-platform.php","meta":{"publish_to_discourse":"","publish_post_category":"","wpdc_auto_publish_overridden":"","wpdc_topic_tags":"","wpdc_pin_topic":"","wpdc_pin_until":"","discourse_post_id":"","discourse_permalink":"","wpdc_publishing_response":"","wpdc_publishing_error":"","footnotes":""},"class_list":["post-23174","page","type-page","status-publish","hentry"],"yoast_head":"<!-- This site is optimized with the Yoast SEO plugin v25.3.1 - https:\/\/yoast.com\/wordpress\/plugins\/seo\/ -->\n<title>Integrieren Sie den Rechner in BigCommerce \u2013 steigern Sie die Berechnungen auf den Seiten<\/title>\n<meta name=\"description\" content=\"Vereinfachen Sie selbst komplexe Z\u00e4hlungen mit unserem benutzerfreundlichen Rechner. Probieren Sie eine praktische Demo von Elfsight aus, um das vielseitige Widget zu erstellen.\" \/>\n<meta name=\"robots\" content=\"index, follow, max-snippet:-1, max-image-preview:large, max-video-preview:-1\" \/>\n<link rel=\"canonical\" href=\"https:\/\/elfsight.com\/de\/calculator-form-widget\/bigcommerce\/\" \/>\n<meta property=\"og:locale\" content=\"de_DE\" \/>\n<meta property=\"og:type\" content=\"article\" \/>\n<meta property=\"og:title\" content=\"Integrieren Sie den Rechner in BigCommerce \u2013 steigern Sie die Berechnungen auf den Seiten\" \/>\n<meta property=\"og:description\" content=\"Vereinfachen Sie selbst komplexe Z\u00e4hlungen mit unserem benutzerfreundlichen Rechner. Probieren Sie eine praktische Demo von Elfsight aus, um das vielseitige Widget zu erstellen.\" \/>\n<meta property=\"og:url\" content=\"https:\/\/elfsight.com\/de\/calculator-form-widget\/bigcommerce\/\" \/>\n<meta property=\"og:site_name\" content=\"Elfsight DE\" \/>\n<meta property=\"article:modified_time\" content=\"2025-07-08T10:20:56+00:00\" \/>\n<meta name=\"twitter:card\" content=\"summary_large_image\" \/>\n<meta name=\"twitter:label1\" content=\"Gesch\u00e4tzte Lesezeit\" \/>\n\t<meta name=\"twitter:data1\" content=\"2\u00a0Minuten\" \/>\n<!-- \/ Yoast SEO plugin. -->","yoast_head_json":{"title":"Integrieren Sie den Rechner in BigCommerce \u2013 steigern Sie die Berechnungen auf den Seiten","description":"Vereinfachen Sie selbst komplexe Z\u00e4hlungen mit unserem benutzerfreundlichen Rechner. Probieren Sie eine praktische Demo von Elfsight aus, um das vielseitige Widget zu erstellen.","robots":{"index":"index","follow":"follow","max-snippet":"max-snippet:-1","max-image-preview":"max-image-preview:large","max-video-preview":"max-video-preview:-1"},"canonical":"https:\/\/elfsight.com\/de\/calculator-form-widget\/bigcommerce\/","og_locale":"de_DE","og_type":"article","og_title":"Integrieren Sie den Rechner in BigCommerce \u2013 steigern Sie die Berechnungen auf den Seiten","og_description":"Vereinfachen Sie selbst komplexe Z\u00e4hlungen mit unserem benutzerfreundlichen Rechner. Probieren Sie eine praktische Demo von Elfsight aus, um das vielseitige Widget zu erstellen.","og_url":"https:\/\/elfsight.com\/de\/calculator-form-widget\/bigcommerce\/","og_site_name":"Elfsight DE","article_modified_time":"2025-07-08T10:20:56+00:00","twitter_card":"summary_large_image","twitter_misc":{"Gesch\u00e4tzte Lesezeit":"2\u00a0Minuten"},"schema":{"@context":"https:\/\/schema.org","@graph":[{"@type":"WebPage","@id":"https:\/\/elfsight.com\/de\/calculator-form-widget\/bigcommerce\/","url":"https:\/\/elfsight.com\/de\/calculator-form-widget\/bigcommerce\/","name":"Integrieren Sie den Rechner in BigCommerce \u2013 steigern Sie die Berechnungen auf den Seiten","isPartOf":{"@id":"https:\/\/elfsight.com\/de\/#website"},"datePublished":"2024-09-30T18:27:29+00:00","dateModified":"2025-07-08T10:20:56+00:00","description":"Vereinfachen Sie selbst komplexe Z\u00e4hlungen mit unserem benutzerfreundlichen Rechner. Probieren Sie eine praktische Demo von Elfsight aus, um das vielseitige Widget zu erstellen.","breadcrumb":{"@id":"https:\/\/elfsight.com\/de\/calculator-form-widget\/bigcommerce\/#breadcrumb"},"inLanguage":"de","potentialAction":[{"@type":"ReadAction","target":["https:\/\/elfsight.com\/de\/calculator-form-widget\/bigcommerce\/"]}]},{"@type":"BreadcrumbList","@id":"https:\/\/elfsight.com\/de\/calculator-form-widget\/bigcommerce\/#breadcrumb","itemListElement":[{"@type":"ListItem","position":1,"name":"Home","item":"https:\/\/elfsight.com\/de\/"},{"@type":"ListItem","position":2,"name":"Calculator","item":"https:\/\/elfsight.com\/de\/calculator-form-widget\/"},{"@type":"ListItem","position":3,"name":"calculator &#8211; bigcommerce"}]},{"@type":"WebSite","@id":"https:\/\/elfsight.com\/de\/#website","url":"https:\/\/elfsight.com\/de\/","name":"Elfsight DE","description":"Just another Elfsight Sites site","potentialAction":[{"@type":"SearchAction","target":{"@type":"EntryPoint","urlTemplate":"https:\/\/elfsight.com\/de\/?s={search_term_string}"},"query-input":{"@type":"PropertyValueSpecification","valueRequired":true,"valueName":"search_term_string"}}],"inLanguage":"de"}]}},"meta_box":{"industry":"","seo_heading":"","heading":"","description":"","cta_heading":"","cta_description":"","application":"22559","h1":"BigCommerce-Rechner-App","h1_caption":"Stellen Sie Ihren Besuchern einen benutzerdefinierten Rechner zur Verf\u00fcgung, der m\u00fchelos schnelle L\u00f6sungen f\u00fcr Dinge wie Preise, Rabatte oder ROI-Berechnungen auf Ihrer BigCommerce-Website bietet.","application_category":[],"applications_title":"","applications_request_title":"","applications_request_button_text":"","hero_text":"","hero_video":"","hero_video_schema_markup":"","selling_points_title":"","selling_points_caption":"","selling_points":[],"selling_points_cta_text":"","features_title":"","features":"","ed_cta_examples_text":"","ed_cta_examples_hidden":"","ed_cta_demo_text":"","ed_cta_demo_hidden":"","why_caption":"","why_editor_title":"","why_editor_text":"","why_team_title":"","why_team_text":"","why_service_title":"","why_service_text":"","template_catalog_visible":"0","template_catalog_title":"","template_catalog_text":"","template_catalog_categories_visible":"","demo_title":"Erstellen Sie Ihre Rechner-App","demo_caption":"Configure your Calculator and add it to your BigCommerce website for free!","default_faq_hidden":"","app_template_category":[],"platform":"268","template_public_id":"","codecanyon_url":"","codecanyon_item_id":"","codecanyon_price":"","pricing_caption":"","pricing_elfsight_apps_hide_column":"","pricing_elfsight_apps_url":"","pricing_codecanyon_price_caption":"","integration_category":[],"integration_request_title":"","integration_request_cta":"","integration_platform":"","integrations":[],"platform_category":[],"video_schema_markup":"","price":"ab 0 $ \/ Monat","trial":"","benefits":[{"text":"Kostenlose Installationshilfe"},{"text":"Professioneller Kundenservice"},{"text":"14-t\u00e4gige Geld-zur\u00fcck-Garantie"},{"text":"Zuk\u00fcnftige kostenlose Updates"}],"button_url":"#demo","button_target_blank":"","button_nofollow":"","attributes":[{"name":"Installieren","content":"50,000 - 100,000"},{"name":"Reaktionsfreudig","content":"Ja"},{"name":"Kompatible Browser","content":"Firefox, Safari, Opera, Chrome, Edge"}],"tags":[],"tags_disable_links":"","hide_more_platforms":"","video_object":"","demo_hide_cta":"","demo_hide_cloud_options":"","pricing_title":"","pricing":[{"pricing_icon":"platform","pricing_title":"Elfsight Apps","pricing_title_caption":"Plattform\u00fcbergreifende Software","pricing_price":"ab 0 $ \/ Monat","pricing_price_caption":"Beginnen Sie mit einem kostenlosen Plan","pricing_benefits":[{"text":"Unbegrenzte Websites"},{"text":"Unternehmenssupport rund um die Uhr und gut dokumentiert"},{"text":"Kostenloser Installationsservice"},{"text":"Vollst\u00e4ndig anpassbar"}],"pricing_button_text":"Zur Website hinzuf\u00fcgen","pricing_button_url":"#demo"}],"related_apps_title":"","related_apps_hidden":"","author":"","image":[],"title":"","job":"","social_networks":[]},"_links":{"self":[{"href":"https:\/\/elfsight.com\/de\/wp-json\/wp\/v2\/pages\/23174","targetHints":{"allow":["GET"]}}],"collection":[{"href":"https:\/\/elfsight.com\/de\/wp-json\/wp\/v2\/pages"}],"about":[{"href":"https:\/\/elfsight.com\/de\/wp-json\/wp\/v2\/types\/page"}],"author":[{"embeddable":true,"href":"https:\/\/elfsight.com\/de\/wp-json\/wp\/v2\/users\/9"}],"replies":[{"embeddable":true,"href":"https:\/\/elfsight.com\/de\/wp-json\/wp\/v2\/comments?post=23174"}],"version-history":[{"count":1,"href":"https:\/\/elfsight.com\/de\/wp-json\/wp\/v2\/pages\/23174\/revisions"}],"predecessor-version":[{"id":23178,"href":"https:\/\/elfsight.com\/de\/wp-json\/wp\/v2\/pages\/23174\/revisions\/23178"}],"up":[{"embeddable":true,"href":"https:\/\/elfsight.com\/de\/wp-json\/wp\/v2\/pages\/22566"}],"wp:attachment":[{"href":"https:\/\/elfsight.com\/de\/wp-json\/wp\/v2\/media?parent=23174"}],"curies":[{"name":"wp","href":"https:\/\/api.w.org\/{rel}","templated":true}]}}