{"id":23172,"date":"2024-09-30T18:27:29","date_gmt":"2024-09-30T18:27:29","guid":{"rendered":"https:\/\/elfsight.com\/de\/?page_id=23172"},"modified":"2025-07-08T10:23:44","modified_gmt":"2025-07-08T10:23:44","slug":"woocommerce","status":"publish","type":"page","link":"https:\/\/elfsight.com\/de\/calculator-form-widget\/woocommerce\/","title":{"rendered":"calculator &#8211; woocommerce"},"content":{"rendered":"<div class=\"application-platform-content-item-description application-platform-content-item\" id=\"description\" data-nav-section=\"description\"> <h2>Rechner mit einem Elfsight-Plugin in WooCommerce einbetten<\/h2> <p>Das Rechner-Widget bietet Ihren Kunden die M\u00f6glichkeit, ihre Ausgaben zu planen, Reiserouten, Kochproportionen und vieles mehr je nach T\u00e4tigkeitsbereich. Man kann diesem eingebetteten Widget verschiedene Felder und zus\u00e4tzliche Optionen hinzuf\u00fcgen, sodass die Benutzer die Vorteile sehen k\u00f6nnen, ohne die Registerkarte zu verlassen. Mithilfe der bedingten Logik k\u00f6nnen Sie universelle Muster f\u00fcr Ihr Szenario und jeden Benutzer erfinden.<\/p><p>Mit anpassbaren Elementen wie Kontrollk\u00e4stchen, Schiebereglern und Dropdown-Listen k\u00f6nnen Sie jeden Aspekt der Preisbildung f\u00fcr verschiedene Angebote einbeziehen. Beispielsweise k\u00f6nnen Sie Kredite zu einem angegebenen Zinssatz f\u00fcr eine gew\u00fcnschte Laufzeit berechnen. Sie k\u00f6nnen eine Autovermietung mit zahlreichen Zusatzoptionen zur Auswahl anbieten. Ebenso ist der Rechner in der Lage, eine Traumreise zu planen, bei der Transport, Aufenthalt und die besten Ereignisse berechnet werden. <\/p><p><b>Beeindrucken Sie Ihre Kunden mit einem soliden Berechnungserlebnis, indem Sie das leistungsstarke Z\u00e4hl-Widget einbetten! <\/b><\/p><\/div> <div class=\"application-platform-content-item-features application-platform-content-item\" id=\"features\" data-nav-section=\"features\"> <h2>Das Widget enth\u00e4lt n\u00fctzliche und einfache Funktionen, sehen Sie sich einige davon an:<\/h2> <ul><li>L\u00f6sung mit Benutzer- benutzerfreundliche Oberfl\u00e4che, die mit allen Operationen funktioniert<\/li><li>Zahlreiche Operationsfeldtypen f\u00fcr verschiedene Ziele<\/li><li>Bedingte Logik, die sogar mehrstufige Berechnungen abdeckt<\/li><li>Anpassbar Vorlagen f\u00fcr den einfachen Einstieg<\/li><li>On-Page-L\u00f6sung zur Inspiration bei der Entscheidungsfindung<\/li><\/ul><p><a href=\"#demo\">Die vollst\u00e4ndigen Funktionen des Widgets finden Sie in Die Demo hier<\/a><\/p><\/div> <div class=\"application-platform-content-item-installation application-platform-content-item\" id=\"installation\" data-nav-section=\"installation\"> <h2>Wie bette ich den Rechner in meine WooCommerce-Webseite ein?<\/h2> <p>Einfach Befolgen Sie die unten beschriebenen Schritte, um das Plugin hinzuzuf\u00fcgen.<\/p> <ol><li><b>Nutzen Sie unsere kostenlose Demo und beginnen Sie mit der Erstellung Ihres ma\u00dfgeschneiderten Plugins. <\/b><br> Geben Sie das ausgew\u00e4hlte Aussehen und die Funktionalit\u00e4t des Widgets an und wenden Sie die Korrekturen an. <\/li> <li><b>Erhalten Sie den individuellen Code, der in der Box auf Elfsight Apps angezeigt wird. <\/b><br> Nachdem die Erstellung Ihres Widgets abgeschlossen ist, kopieren Sie den exklusiven Code aus dem angezeigten Fenster und bewahren Sie ihn f\u00fcr sp\u00e4tere Zwecke auf. <\/li> <li><b>Beginnen Sie mit der Verwendung des Tools auf der WooCommerce-Webseite. <\/b><br> Betten Sie den Code, den Sie zuvor kopiert haben, in Ihre Seite ein und wenden Sie die Korrekturen an. <\/li> <li><b>Die Installation wurde erfolgreich abgeschlossen. <\/b><br> Gehen Sie zu Ihrer Webseite, um zu sehen, wie das Widget funktioniert. <\/li><\/ol> <p>Wenn Sie auf Komplikationen sto\u00dfen, k\u00f6nnen Sie sich jederzeit an unser Support-Team wenden. Unsere Mitarbeiter beantworten gerne alle Ihre Fragen zum Widget. <\/p><\/div>","protected":false},"excerpt":{"rendered":"","protected":false},"author":9,"featured_media":0,"parent":22566,"menu_order":0,"comment_status":"closed","ping_status":"closed","template":"templates\/template-application-platform.php","meta":{"publish_to_discourse":"","publish_post_category":"","wpdc_auto_publish_overridden":"","wpdc_topic_tags":"","wpdc_pin_topic":"","wpdc_pin_until":"","discourse_post_id":"","discourse_permalink":"","wpdc_publishing_response":"","wpdc_publishing_error":"","footnotes":""},"class_list":["post-23172","page","type-page","status-publish","hentry"],"yoast_head":"<!-- This site is optimized with the Yoast SEO plugin v25.3.1 - https:\/\/yoast.com\/wordpress\/plugins\/seo\/ -->\n<title>Rechner zu WooCommerce hinzuf\u00fcgen \u2013 Verbessern Sie das Z\u00e4hlen auf Seiten<\/title>\n<meta name=\"description\" content=\"Bew\u00e4ltigen Sie sogar mehrstufige Berechnungen mit unserem reaktionsschnellen Rechner. Nutzen Sie eine praktische Demo von Elfsight, um das vielseitige Widget zu erstellen.\" \/>\n<meta name=\"robots\" content=\"index, follow, max-snippet:-1, max-image-preview:large, max-video-preview:-1\" \/>\n<link rel=\"canonical\" href=\"https:\/\/elfsight.com\/de\/calculator-form-widget\/woocommerce\/\" \/>\n<meta property=\"og:locale\" content=\"de_DE\" \/>\n<meta property=\"og:type\" content=\"article\" \/>\n<meta property=\"og:title\" content=\"Rechner zu WooCommerce hinzuf\u00fcgen \u2013 Verbessern Sie das Z\u00e4hlen auf Seiten\" \/>\n<meta property=\"og:description\" content=\"Bew\u00e4ltigen Sie sogar mehrstufige Berechnungen mit unserem reaktionsschnellen Rechner. Nutzen Sie eine praktische Demo von Elfsight, um das vielseitige Widget zu erstellen.\" \/>\n<meta property=\"og:url\" content=\"https:\/\/elfsight.com\/de\/calculator-form-widget\/woocommerce\/\" \/>\n<meta property=\"og:site_name\" content=\"Elfsight DE\" \/>\n<meta property=\"article:modified_time\" content=\"2025-07-08T10:23:44+00:00\" \/>\n<meta name=\"twitter:card\" content=\"summary_large_image\" \/>\n<meta name=\"twitter:label1\" content=\"Gesch\u00e4tzte Lesezeit\" \/>\n\t<meta name=\"twitter:data1\" content=\"2\u00a0Minuten\" \/>\n<!-- \/ Yoast SEO plugin. -->","yoast_head_json":{"title":"Rechner zu WooCommerce hinzuf\u00fcgen \u2013 Verbessern Sie das Z\u00e4hlen auf Seiten","description":"Bew\u00e4ltigen Sie sogar mehrstufige Berechnungen mit unserem reaktionsschnellen Rechner. Nutzen Sie eine praktische Demo von Elfsight, um das vielseitige Widget zu erstellen.","robots":{"index":"index","follow":"follow","max-snippet":"max-snippet:-1","max-image-preview":"max-image-preview:large","max-video-preview":"max-video-preview:-1"},"canonical":"https:\/\/elfsight.com\/de\/calculator-form-widget\/woocommerce\/","og_locale":"de_DE","og_type":"article","og_title":"Rechner zu WooCommerce hinzuf\u00fcgen \u2013 Verbessern Sie das Z\u00e4hlen auf Seiten","og_description":"Bew\u00e4ltigen Sie sogar mehrstufige Berechnungen mit unserem reaktionsschnellen Rechner. Nutzen Sie eine praktische Demo von Elfsight, um das vielseitige Widget zu erstellen.","og_url":"https:\/\/elfsight.com\/de\/calculator-form-widget\/woocommerce\/","og_site_name":"Elfsight DE","article_modified_time":"2025-07-08T10:23:44+00:00","twitter_card":"summary_large_image","twitter_misc":{"Gesch\u00e4tzte Lesezeit":"2\u00a0Minuten"},"schema":{"@context":"https:\/\/schema.org","@graph":[{"@type":"WebPage","@id":"https:\/\/elfsight.com\/de\/calculator-form-widget\/woocommerce\/","url":"https:\/\/elfsight.com\/de\/calculator-form-widget\/woocommerce\/","name":"Rechner zu WooCommerce hinzuf\u00fcgen \u2013 Verbessern Sie das Z\u00e4hlen auf Seiten","isPartOf":{"@id":"https:\/\/elfsight.com\/de\/#website"},"datePublished":"2024-09-30T18:27:29+00:00","dateModified":"2025-07-08T10:23:44+00:00","description":"Bew\u00e4ltigen Sie sogar mehrstufige Berechnungen mit unserem reaktionsschnellen Rechner. Nutzen Sie eine praktische Demo von Elfsight, um das vielseitige Widget zu erstellen.","breadcrumb":{"@id":"https:\/\/elfsight.com\/de\/calculator-form-widget\/woocommerce\/#breadcrumb"},"inLanguage":"de","potentialAction":[{"@type":"ReadAction","target":["https:\/\/elfsight.com\/de\/calculator-form-widget\/woocommerce\/"]}]},{"@type":"BreadcrumbList","@id":"https:\/\/elfsight.com\/de\/calculator-form-widget\/woocommerce\/#breadcrumb","itemListElement":[{"@type":"ListItem","position":1,"name":"Home","item":"https:\/\/elfsight.com\/de\/"},{"@type":"ListItem","position":2,"name":"Calculator","item":"https:\/\/elfsight.com\/de\/calculator-form-widget\/"},{"@type":"ListItem","position":3,"name":"calculator &#8211; woocommerce"}]},{"@type":"WebSite","@id":"https:\/\/elfsight.com\/de\/#website","url":"https:\/\/elfsight.com\/de\/","name":"Elfsight DE","description":"Just another Elfsight Sites site","potentialAction":[{"@type":"SearchAction","target":{"@type":"EntryPoint","urlTemplate":"https:\/\/elfsight.com\/de\/?s={search_term_string}"},"query-input":{"@type":"PropertyValueSpecification","valueRequired":true,"valueName":"search_term_string"}}],"inLanguage":"de"}]}},"meta_box":{"industry":"","seo_heading":"","heading":"","description":"","cta_heading":"","cta_description":"","application":"22559","h1":"WooCommerce-Rechner-Plugin","h1_caption":"Stellen Sie Ihren Besuchern einen benutzerdefinierten Rechner zur Verf\u00fcgung, der m\u00fchelos schnelle L\u00f6sungen f\u00fcr Dinge wie Preise, Rabatte oder ROI-Berechnungen in Ihre WooCommerce-Website einbindet.","application_category":[],"applications_title":"","applications_request_title":"","applications_request_button_text":"","hero_text":"","hero_video":"","hero_video_schema_markup":"","selling_points_title":"","selling_points_caption":"","selling_points":[],"selling_points_cta_text":"","features_title":"","features":"","ed_cta_examples_text":"","ed_cta_examples_hidden":"","ed_cta_demo_text":"","ed_cta_demo_hidden":"","why_caption":"","why_editor_title":"","why_editor_text":"","why_team_title":"","why_team_text":"","why_service_title":"","why_service_text":"","template_catalog_visible":"0","template_catalog_title":"","template_catalog_text":"","template_catalog_categories_visible":"","demo_title":"Erstellen Sie Ihre Rechner-App","demo_caption":"Configure your Calculator and add it to your WooCommerce website for free!","default_faq_hidden":"","app_template_category":[],"platform":"200","template_public_id":"","codecanyon_url":"","codecanyon_item_id":"","codecanyon_price":"","pricing_caption":"","pricing_elfsight_apps_hide_column":"","pricing_elfsight_apps_url":"","pricing_codecanyon_price_caption":"","integration_category":[],"integration_request_title":"","integration_request_cta":"","integration_platform":"","integrations":[],"platform_category":[],"video_schema_markup":"","price":"ab 0 $ \/ Monat","trial":"","benefits":[{"text":"Kostenloser Installationsservice"},{"text":"Premium-Support"},{"text":"14-t\u00e4gige R\u00fcckerstattungsgarantie"},{"text":"Kontinuierliche Weiterentwicklung"}],"button_url":"#demo","button_target_blank":"","button_nofollow":"","attributes":[{"name":"Installieren","content":"50,000 - 100,000"},{"name":"Reaktionsfreudig","content":"Ja"},{"name":"Kompatible Browser","content":"Firefox, Safari, Opera, Chrome, Edge"}],"tags":[],"tags_disable_links":"","hide_more_platforms":"","video_object":"","demo_hide_cta":"","demo_hide_cloud_options":"","pricing_title":"","pricing":[{"pricing_icon":"platform","pricing_title":"Elfsight Apps","pricing_title_caption":"Plattformunabh\u00e4ngige L\u00f6sung","pricing_price":"ab 0 $ \/ Monat","pricing_price_caption":"Beginnen Sie mit einem kostenlosen Plan","pricing_benefits":[{"text":"Unbegrenzte Websites"},{"text":"Schneller Kundensupport und gut dokumentiert"},{"text":"Kostenloser Installationsservice"},{"text":"Vollst\u00e4ndig anpassbar"}],"pricing_button_text":"Zur Website hinzuf\u00fcgen","pricing_button_url":"#demo"}],"related_apps_title":"","related_apps_hidden":"","author":"","image":[],"title":"","job":"","social_networks":[]},"_links":{"self":[{"href":"https:\/\/elfsight.com\/de\/wp-json\/wp\/v2\/pages\/23172","targetHints":{"allow":["GET"]}}],"collection":[{"href":"https:\/\/elfsight.com\/de\/wp-json\/wp\/v2\/pages"}],"about":[{"href":"https:\/\/elfsight.com\/de\/wp-json\/wp\/v2\/types\/page"}],"author":[{"embeddable":true,"href":"https:\/\/elfsight.com\/de\/wp-json\/wp\/v2\/users\/9"}],"replies":[{"embeddable":true,"href":"https:\/\/elfsight.com\/de\/wp-json\/wp\/v2\/comments?post=23172"}],"version-history":[{"count":1,"href":"https:\/\/elfsight.com\/de\/wp-json\/wp\/v2\/pages\/23172\/revisions"}],"predecessor-version":[{"id":23176,"href":"https:\/\/elfsight.com\/de\/wp-json\/wp\/v2\/pages\/23172\/revisions\/23176"}],"up":[{"embeddable":true,"href":"https:\/\/elfsight.com\/de\/wp-json\/wp\/v2\/pages\/22566"}],"wp:attachment":[{"href":"https:\/\/elfsight.com\/de\/wp-json\/wp\/v2\/media?parent=23172"}],"curies":[{"name":"wp","href":"https:\/\/api.w.org\/{rel}","templated":true}]}}