{"id":23171,"date":"2024-09-30T18:27:29","date_gmt":"2024-09-30T18:27:29","guid":{"rendered":"https:\/\/elfsight.com\/de\/?page_id=23171"},"modified":"2025-02-19T12:04:59","modified_gmt":"2025-02-19T12:04:59","slug":"magento","status":"publish","type":"page","link":"https:\/\/elfsight.com\/de\/calculator-form-widget\/magento\/","title":{"rendered":"calculator &#8211; magento"},"content":{"rendered":"\n<div class=\"application-platform-content-item-description application-platform-content-item\" id=\"description\" data-nav-section=\"description\"> <h2>Einbetten des Rechners in Magento mit einer Elfsight-Erweiterung<\/h2> <p>Mit dem Rechner-Widget k\u00f6nnen Ihre Kunden ihre Ausgaben planen, Reiserouten, Kochproportionen und vieles mehr je nach T\u00e4tigkeitsbereich. Sie k\u00f6nnen in dieses On-Page-Widget spezifische Felder und n\u00fctzliche Optionen integrieren, sodass die Kunden ihre Vorteile analysieren k\u00f6nnen, ohne die Seite zu verlassen. Mit der Funktion \u201eBedingte Logik\u201c k\u00f6nnen Sie universelle Muster f\u00fcr Ihr Szenario und jeden Kunden erstellen.<\/p><p>Anpassbare Elemente wie Kontrollk\u00e4stchen, Schieberegler und Dropdown-Men\u00fcs erm\u00f6glichen es Ihnen, jeden Aspekt der Preisbildung f\u00fcr verschiedene Produkte einzubeziehen. Nutzen Sie es beispielsweise, um Kredite mit einem angegebenen Prozentsatz f\u00fcr einen passenden Zeitraum zu berechnen. Sie k\u00f6nnen eine Autovermietung mit vielen zus\u00e4tzlichen Optionen zur Auswahl anbieten. Ebenso ist der Rechner in der Lage, eine Traumreise zu planen, indem Flug, Aufenthalt und Top-Events berechnet werden. <\/p><p><b>Gew\u00e4hren Sie Ihren Website-Besuchern ein komfortables Berechnungserlebnis, indem Sie das unkomplizierte Z\u00e4hl-Widget einbetten! <\/b><\/p><\/div> <div class=\"application-platform-content-item-features application-platform-content-item\" id=\"features\" data-nav-section=\"features\"> <h2>Schauen Sie sich die Liste der besten Funktionen an:<\/h2> <ul><li>Tool mit einfacher Schnittstelle, das jeden Typ ausf\u00fchrt des Z\u00e4hlens<\/li><li>Mehrere Berechnungsfeldl\u00f6sungen f\u00fcr Ihre Ideen<\/li><li>Bedingte Logikfunktion, die selbst detaillierte Berechnungen erm\u00f6glicht<\/li><li>Vielseitige Vorlagen f\u00fcr einen m\u00fchelosen Einstieg<\/li><li> Eingebettetes Tool, das die Entscheidungsfindung verbessert<\/li><\/ul><p><a href=\"#demo\">Schauen Sie sich einfach diese Demo an, um die Funktionalit\u00e4t des Widgets zu verstehen<\/a><\/p><\/div> <div class=\"application-platform-content-item-installation application-platform-content-item\" id=\"installation\" data-nav-section=\"installation\"> <h2>Wie integriere ich Calculator in meine Magento-Webseite?<\/h2> <p>Erf\u00fcllen Sie einfach die folgenden Richtlinien, um das Widget hinzuzuf\u00fcgen.<\/p> <ol><li><b>\u00d6ffnen Sie unseren kostenlosen Konfigurator und beginnen Sie mit der Gestaltung Ihres eigenen Widgets. <\/b><br> Suchen Sie die ausgew\u00e4hlte Schnittstelle und die Optionen des Plugins und speichern Sie die \u00c4nderungen. <\/li> <li><b>Kopieren Sie Ihren eindeutigen Code, der in der Box auf Elfsight Apps angezeigt wird. <\/b><br> Nachdem die Anpassung Ihres pers\u00f6nlichen Plugins abgeschlossen ist, kopieren Sie den exklusiven Code in das erscheinende Feld und bewahren Sie ihn zur sp\u00e4teren Verwendung auf. <\/li> <li><b>Beginnen Sie mit der Verwendung des Tools auf Ihrer Magento-Site. <\/b><br> Geben Sie den zuvor kopierten Code in Ihre Homepage ein und speichern Sie die Verbesserungen. <\/li> <li><b>Das Setup wurde erfolgreich abgeschlossen. <\/b><br> Gehen Sie zu Ihrer Webseite, um zu beobachten, wie das Widget ausgef\u00fchrt wird. <\/li><\/ol> <p>Bei Schwierigkeiten k\u00f6nnen Sie sich gerne an unseren Support wenden. Unsere Spezialisten helfen Ihnen gerne bei allen Schwierigkeiten, die Sie mit dem Tool haben. <\/p><\/div>\n","protected":false},"excerpt":{"rendered":"","protected":false},"author":9,"featured_media":0,"parent":22566,"menu_order":0,"comment_status":"closed","ping_status":"closed","template":"templates\/template-application-platform.php","meta":{"publish_to_discourse":"","publish_post_category":"","wpdc_auto_publish_overridden":"","wpdc_topic_tags":"","wpdc_pin_topic":"","wpdc_pin_until":"","discourse_post_id":"","discourse_permalink":"","wpdc_publishing_response":"","wpdc_publishing_error":"","footnotes":""},"class_list":["post-23171","page","type-page","status-publish","hentry"],"yoast_head":"<!-- This site is optimized with the Yoast SEO plugin v25.3.1 - https:\/\/yoast.com\/wordpress\/plugins\/seo\/ -->\n<title>Rechner zu Magento hinzuf\u00fcgen \u2013 Gehobene Berechnungen auf der Website<\/title>\n<meta name=\"description\" content=\"Meistern Sie sogar mehrstufiges Z\u00e4hlen mit unserem benutzerfreundlichen Rechner. Entdecken Sie eine \u00fcbersichtliche Demo von Elfsight, um das leistungsstarke Widget zu erstellen.\" \/>\n<meta name=\"robots\" content=\"index, follow, max-snippet:-1, max-image-preview:large, max-video-preview:-1\" \/>\n<link rel=\"canonical\" href=\"https:\/\/elfsight.com\/de\/calculator-form-widget\/magento\/\" \/>\n<meta property=\"og:locale\" content=\"de_DE\" \/>\n<meta property=\"og:type\" content=\"article\" \/>\n<meta property=\"og:title\" content=\"Rechner zu Magento hinzuf\u00fcgen \u2013 Gehobene Berechnungen auf der Website\" \/>\n<meta property=\"og:description\" content=\"Meistern Sie sogar mehrstufiges Z\u00e4hlen mit unserem benutzerfreundlichen Rechner. Entdecken Sie eine \u00fcbersichtliche Demo von Elfsight, um das leistungsstarke Widget zu erstellen.\" \/>\n<meta property=\"og:url\" content=\"https:\/\/elfsight.com\/de\/calculator-form-widget\/magento\/\" \/>\n<meta property=\"og:site_name\" content=\"Elfsight DE\" \/>\n<meta property=\"article:modified_time\" content=\"2025-02-19T12:04:59+00:00\" \/>\n<meta name=\"twitter:card\" content=\"summary_large_image\" \/>\n<meta name=\"twitter:label1\" content=\"Gesch\u00e4tzte Lesezeit\" \/>\n\t<meta name=\"twitter:data1\" content=\"2\u00a0Minuten\" \/>\n<!-- \/ Yoast SEO plugin. -->","yoast_head_json":{"title":"Rechner zu Magento hinzuf\u00fcgen \u2013 Gehobene Berechnungen auf der Website","description":"Meistern Sie sogar mehrstufiges Z\u00e4hlen mit unserem benutzerfreundlichen Rechner. Entdecken Sie eine \u00fcbersichtliche Demo von Elfsight, um das leistungsstarke Widget zu erstellen.","robots":{"index":"index","follow":"follow","max-snippet":"max-snippet:-1","max-image-preview":"max-image-preview:large","max-video-preview":"max-video-preview:-1"},"canonical":"https:\/\/elfsight.com\/de\/calculator-form-widget\/magento\/","og_locale":"de_DE","og_type":"article","og_title":"Rechner zu Magento hinzuf\u00fcgen \u2013 Gehobene Berechnungen auf der Website","og_description":"Meistern Sie sogar mehrstufiges Z\u00e4hlen mit unserem benutzerfreundlichen Rechner. Entdecken Sie eine \u00fcbersichtliche Demo von Elfsight, um das leistungsstarke Widget zu erstellen.","og_url":"https:\/\/elfsight.com\/de\/calculator-form-widget\/magento\/","og_site_name":"Elfsight DE","article_modified_time":"2025-02-19T12:04:59+00:00","twitter_card":"summary_large_image","twitter_misc":{"Gesch\u00e4tzte Lesezeit":"2\u00a0Minuten"},"schema":{"@context":"https:\/\/schema.org","@graph":[{"@type":"WebPage","@id":"https:\/\/elfsight.com\/de\/calculator-form-widget\/magento\/","url":"https:\/\/elfsight.com\/de\/calculator-form-widget\/magento\/","name":"Rechner zu Magento hinzuf\u00fcgen \u2013 Gehobene Berechnungen auf der Website","isPartOf":{"@id":"https:\/\/elfsight.com\/de\/#website"},"datePublished":"2024-09-30T18:27:29+00:00","dateModified":"2025-02-19T12:04:59+00:00","description":"Meistern Sie sogar mehrstufiges Z\u00e4hlen mit unserem benutzerfreundlichen Rechner. Entdecken Sie eine \u00fcbersichtliche Demo von Elfsight, um das leistungsstarke Widget zu erstellen.","breadcrumb":{"@id":"https:\/\/elfsight.com\/de\/calculator-form-widget\/magento\/#breadcrumb"},"inLanguage":"de","potentialAction":[{"@type":"ReadAction","target":["https:\/\/elfsight.com\/de\/calculator-form-widget\/magento\/"]}]},{"@type":"BreadcrumbList","@id":"https:\/\/elfsight.com\/de\/calculator-form-widget\/magento\/#breadcrumb","itemListElement":[{"@type":"ListItem","position":1,"name":"Home","item":"https:\/\/elfsight.com\/de\/"},{"@type":"ListItem","position":2,"name":"Calculator","item":"https:\/\/elfsight.com\/de\/calculator-form-widget\/"},{"@type":"ListItem","position":3,"name":"calculator &#8211; magento"}]},{"@type":"WebSite","@id":"https:\/\/elfsight.com\/de\/#website","url":"https:\/\/elfsight.com\/de\/","name":"Elfsight DE","description":"Just another Elfsight Sites site","potentialAction":[{"@type":"SearchAction","target":{"@type":"EntryPoint","urlTemplate":"https:\/\/elfsight.com\/de\/?s={search_term_string}"},"query-input":{"@type":"PropertyValueSpecification","valueRequired":true,"valueName":"search_term_string"}}],"inLanguage":"de"}]}},"meta_box":{"industry":"","seo_heading":"","heading":"","description":"","cta_heading":"","cta_description":"","application":"22559","h1":"Magento-Rechner-Erweiterung","h1_caption":"Stellen Sie Ihren Besuchern einen benutzerdefinierten Rechner zur Verf\u00fcgung, der m\u00fchelos schnelle L\u00f6sungen f\u00fcr Dinge wie Preise, Rabatte oder ROI-Berechnungen in Ihre Magento-Website einbindet.","application_category":[],"applications_title":"","applications_request_title":"","applications_request_button_text":"","hero_text":"","hero_video":"","hero_video_schema_markup":"","selling_points_title":"","selling_points_caption":"","selling_points":[],"selling_points_cta_text":"","features_title":"","features":"","ed_cta_examples_text":"","ed_cta_examples_hidden":"","ed_cta_demo_text":"","ed_cta_demo_hidden":"","why_caption":"","why_editor_title":"","why_editor_text":"","why_team_title":"","why_team_text":"","why_service_title":"","why_service_text":"","template_catalog_visible":"0","template_catalog_title":"","template_catalog_text":"","template_catalog_categories_visible":"","demo_title":"Erstellen Sie Ihre Rechnererweiterung","demo_caption":"Configure your Calculator and add it to your Magento website for free!","default_faq_hidden":"","app_template_category":[],"platform":"256","template_public_id":"","codecanyon_url":"","codecanyon_item_id":"","codecanyon_price":"","pricing_caption":"","pricing_elfsight_apps_hide_column":"","pricing_elfsight_apps_url":"","pricing_codecanyon_price_caption":"","integration_category":[],"integration_request_title":"","integration_request_cta":"","integration_platform":"","integrations":[],"platform_category":[],"video_schema_markup":"","price":"ab 0 $ \/ Monat","trial":"","benefits":[{"text":"Kostenloser Installationsservice"},{"text":"Kompetenter Kundenservice"},{"text":"14-t\u00e4gige Geld-zur\u00fcck-Garantie"},{"text":"Lebenslange kostenlose Verbesserungen"}],"button_url":"#demo","button_target_blank":"0","button_nofollow":"0","attributes":[{"name":"Installieren","content":"50,000 - 100,000"},{"name":"Reaktionsfreudig","content":"Ja"},{"name":"Kompatible Browser","content":"Firefox, Safari, Opera, Chrome, Edge"}],"tags":[],"tags_disable_links":"0","hide_more_platforms":"0","video_object":"","demo_hide_cta":"0","demo_hide_cloud_options":"0","pricing_title":"","pricing":[{"pricing_icon":"platform","pricing_title":"Elfsight Apps","pricing_title_caption":"Multiplattform-Version","pricing_price":"ab 0 $ \/ Monat","pricing_price_caption":"Beginnen Sie mit einem kostenlosen Plan","pricing_benefits":[{"text":"Unbegrenzte Domains"},{"text":"Premium-Support und gut dokumentiert"},{"text":"Kostenlose Installationsunterst\u00fctzung"},{"text":"Flexibles Design"}],"pricing_button_text":"Zur Website hinzuf\u00fcgen","pricing_button_url":"#demo"}],"related_apps_title":"","related_apps_hidden":"0","author":"","image":[],"title":"","job":"","social_networks":[]},"_links":{"self":[{"href":"https:\/\/elfsight.com\/de\/wp-json\/wp\/v2\/pages\/23171","targetHints":{"allow":["GET"]}}],"collection":[{"href":"https:\/\/elfsight.com\/de\/wp-json\/wp\/v2\/pages"}],"about":[{"href":"https:\/\/elfsight.com\/de\/wp-json\/wp\/v2\/types\/page"}],"author":[{"embeddable":true,"href":"https:\/\/elfsight.com\/de\/wp-json\/wp\/v2\/users\/9"}],"replies":[{"embeddable":true,"href":"https:\/\/elfsight.com\/de\/wp-json\/wp\/v2\/comments?post=23171"}],"version-history":[{"count":2,"href":"https:\/\/elfsight.com\/de\/wp-json\/wp\/v2\/pages\/23171\/revisions"}],"predecessor-version":[{"id":24455,"href":"https:\/\/elfsight.com\/de\/wp-json\/wp\/v2\/pages\/23171\/revisions\/24455"}],"up":[{"embeddable":true,"href":"https:\/\/elfsight.com\/de\/wp-json\/wp\/v2\/pages\/22566"}],"wp:attachment":[{"href":"https:\/\/elfsight.com\/de\/wp-json\/wp\/v2\/media?parent=23171"}],"curies":[{"name":"wp","href":"https:\/\/api.w.org\/{rel}","templated":true}]}}