{"id":23164,"date":"2024-09-30T18:27:29","date_gmt":"2024-09-30T18:27:29","guid":{"rendered":"https:\/\/elfsight.com\/de\/?page_id=23164"},"modified":"2025-07-08T10:23:02","modified_gmt":"2025-07-08T10:23:02","slug":"opencart","status":"publish","type":"page","link":"https:\/\/elfsight.com\/de\/calculator-form-widget\/opencart\/","title":{"rendered":"calculator &#8211; opencart"},"content":{"rendered":"<div class=\"application-platform-content-item-description application-platform-content-item\" id=\"description\" data-nav-section=\"description\"> <h2>Rechner mit einer Elfsight-Erweiterung in OpenCart einbetten<\/h2> <p>Das Rechner-Widget gibt Ihren Website-Benutzern die M\u00f6glichkeit, ihre Ausgaben zu planen, Reiserouten, Kochproportionen und vieles mehr, abh\u00e4ngig von Ihrem Gesch\u00e4ftsfeld. Sie k\u00f6nnen diesem eingebetteten Widget erforderliche Felder und n\u00fctzliche Optionen hinzuf\u00fcgen, sodass die Kunden die Vorteile analysieren k\u00f6nnen, ohne die Website-Seite zu verlassen. Mit der bedingten Logikfunktion k\u00f6nnen Sie universelle Muster f\u00fcr jedes Szenario und jeden Kunden erstellen.<\/p><p>Variable Elemente wie Kontrollk\u00e4stchen, Schieberegler und Dropdown-Listen erm\u00f6glichen es Ihnen, beliebige Preismuster f\u00fcr verschiedene Angebote einzubeziehen. Beispielsweise kann man Kredite mit einem angegebenen Zinssatz f\u00fcr einen bestimmten Zeitraum berechnen. Sie k\u00f6nnen einen Mietwagen mit vielen zus\u00e4tzlichen Optionen zur Auswahl anbieten. Au\u00dferdem ist der Rechner in der Lage, die Reise Ihrer Tr\u00e4ume zu planen, sofern Transfer, Aufenthaltsort und die besten Aktivit\u00e4ten berechnet werden. <\/p><p><b>Ihre Kunden werden das benutzerfreundliche Berechnungserlebnis durch die Integration des leistungsstarken Z\u00e4hl-Widgets zu sch\u00e4tzen wissen! <\/b><\/p><\/div> <div class=\"application-platform-content-item-features application-platform-content-item\" id=\"features\" data-nav-section=\"features\"> <h2>Zu den wertvollsten Widget-Funktionen geh\u00f6rt<\/h2> <ul><li>L\u00f6sung mit \u00fcbersichtlicher Schnittstelle, die alle Vorg\u00e4nge erm\u00f6glicht<\/li><li>Zahlreiche Berechnungsfeldtypen f\u00fcr Ihre Anforderungen<\/li><li>Bedingte Logik, um auch mit detaillierten Berechnungen zu arbeiten<\/li><li>Vorgefertigte Vorlagen f\u00fcr den m\u00fchelosen Start<\/li><li>Integriertes Tool f\u00fcr Erh\u00f6hen Sie die Entscheidungsfindung<\/li><\/ul><p><a href=\"#demo\">Sie k\u00f6nnen herausfinden, ob das Widget f\u00fcr Sie geeignet ist, indem Sie die Demo ausprobieren<\/a><\/p><\/div> <div class=\"application-platform-content-item-installation application-platform-content-item\" id=\"installation\" data-nav-section=\"installation\"> <h2>Wie bette ich Calculator in meine OpenCart-Website ein?<\/h2> <p>F\u00fchren Sie einfach die folgenden Richtlinien aus, um das Plugin zu integrieren.<\/p> <ol><li><b>Durchf\u00fchren Besuchen Sie unsere kostenlose Demo und beginnen Sie mit dem Bau Ihres individuellen Instruments. <\/b><br> Geben Sie das ausgew\u00e4hlte Layout und die Optionen des Plugins an und speichern Sie die Korrekturen. <\/li> <li><b>Sie erhalten den eindeutigen Code, der in der Box auf Elfsight Apps angezeigt wird. <\/b><br> Sobald die Generierung Ihres pers\u00f6nlichen Tools abgeschlossen ist, kopieren Sie den pers\u00f6nlichen Code aus dem angezeigten Popup und bewahren Sie ihn f\u00fcr einen sp\u00e4teren Bedarf auf. <\/li> <li><b>Initiieren Sie den Einsatz des Tools auf Ihrer OpenCart-Website. <\/b><br> F\u00fcgen Sie den zuvor gespeicherten Code in Ihre Website ein und wenden Sie die Verbesserungen an. <\/li> <li><b>Das Setup wurde erfolgreich abgeschlossen. <\/b><br> Besuchen Sie Ihre Seite, um zu sehen, wie das Plugin funktioniert. <\/li><\/ol> <p>Bei Fragen oder Problemen k\u00f6nnen Sie sich jederzeit an unser Support-Team wenden. Unsere Spezialisten l\u00f6sen gerne alle Probleme, die Sie mit dem Tool haben k\u00f6nnten. <\/p><\/div> ","protected":false},"excerpt":{"rendered":"","protected":false},"author":9,"featured_media":0,"parent":22566,"menu_order":0,"comment_status":"closed","ping_status":"closed","template":"templates\/template-application-platform.php","meta":{"publish_to_discourse":"","publish_post_category":"","wpdc_auto_publish_overridden":"","wpdc_topic_tags":"","wpdc_pin_topic":"","wpdc_pin_until":"","discourse_post_id":"","discourse_permalink":"","wpdc_publishing_response":"","wpdc_publishing_error":"","footnotes":""},"class_list":["post-23164","page","type-page","status-publish","hentry"],"yoast_head":"<!-- This site is optimized with the Yoast SEO plugin v25.3.1 - https:\/\/yoast.com\/wordpress\/plugins\/seo\/ -->\n<title>Rechner in OpenCart einbetten \u2013 Berechnungen auf der Website verbessern<\/title>\n<meta name=\"description\" content=\"Vereinfachen Sie selbst mehrstufige Berechnungen mit unserem benutzerfreundlichen Rechner. Profitieren Sie von einer praktischen Demo von Elfsight, um ein ansprechendes Widget zu erstellen.\" \/>\n<meta name=\"robots\" content=\"index, follow, max-snippet:-1, max-image-preview:large, max-video-preview:-1\" \/>\n<link rel=\"canonical\" href=\"https:\/\/elfsight.com\/de\/calculator-form-widget\/opencart\/\" \/>\n<meta property=\"og:locale\" content=\"de_DE\" \/>\n<meta property=\"og:type\" content=\"article\" \/>\n<meta property=\"og:title\" content=\"Rechner in OpenCart einbetten \u2013 Berechnungen auf der Website verbessern\" \/>\n<meta property=\"og:description\" content=\"Vereinfachen Sie selbst mehrstufige Berechnungen mit unserem benutzerfreundlichen Rechner. Profitieren Sie von einer praktischen Demo von Elfsight, um ein ansprechendes Widget zu erstellen.\" \/>\n<meta property=\"og:url\" content=\"https:\/\/elfsight.com\/de\/calculator-form-widget\/opencart\/\" \/>\n<meta property=\"og:site_name\" content=\"Elfsight DE\" \/>\n<meta property=\"article:modified_time\" content=\"2025-07-08T10:23:02+00:00\" \/>\n<meta name=\"twitter:card\" content=\"summary_large_image\" \/>\n<meta name=\"twitter:label1\" content=\"Gesch\u00e4tzte Lesezeit\" \/>\n\t<meta name=\"twitter:data1\" content=\"2\u00a0Minuten\" \/>\n<!-- \/ Yoast SEO plugin. -->","yoast_head_json":{"title":"Rechner in OpenCart einbetten \u2013 Berechnungen auf der Website verbessern","description":"Vereinfachen Sie selbst mehrstufige Berechnungen mit unserem benutzerfreundlichen Rechner. Profitieren Sie von einer praktischen Demo von Elfsight, um ein ansprechendes Widget zu erstellen.","robots":{"index":"index","follow":"follow","max-snippet":"max-snippet:-1","max-image-preview":"max-image-preview:large","max-video-preview":"max-video-preview:-1"},"canonical":"https:\/\/elfsight.com\/de\/calculator-form-widget\/opencart\/","og_locale":"de_DE","og_type":"article","og_title":"Rechner in OpenCart einbetten \u2013 Berechnungen auf der Website verbessern","og_description":"Vereinfachen Sie selbst mehrstufige Berechnungen mit unserem benutzerfreundlichen Rechner. Profitieren Sie von einer praktischen Demo von Elfsight, um ein ansprechendes Widget zu erstellen.","og_url":"https:\/\/elfsight.com\/de\/calculator-form-widget\/opencart\/","og_site_name":"Elfsight DE","article_modified_time":"2025-07-08T10:23:02+00:00","twitter_card":"summary_large_image","twitter_misc":{"Gesch\u00e4tzte Lesezeit":"2\u00a0Minuten"},"schema":{"@context":"https:\/\/schema.org","@graph":[{"@type":"WebPage","@id":"https:\/\/elfsight.com\/de\/calculator-form-widget\/opencart\/","url":"https:\/\/elfsight.com\/de\/calculator-form-widget\/opencart\/","name":"Rechner in OpenCart einbetten \u2013 Berechnungen auf der Website verbessern","isPartOf":{"@id":"https:\/\/elfsight.com\/de\/#website"},"datePublished":"2024-09-30T18:27:29+00:00","dateModified":"2025-07-08T10:23:02+00:00","description":"Vereinfachen Sie selbst mehrstufige Berechnungen mit unserem benutzerfreundlichen Rechner. Profitieren Sie von einer praktischen Demo von Elfsight, um ein ansprechendes Widget zu erstellen.","breadcrumb":{"@id":"https:\/\/elfsight.com\/de\/calculator-form-widget\/opencart\/#breadcrumb"},"inLanguage":"de","potentialAction":[{"@type":"ReadAction","target":["https:\/\/elfsight.com\/de\/calculator-form-widget\/opencart\/"]}]},{"@type":"BreadcrumbList","@id":"https:\/\/elfsight.com\/de\/calculator-form-widget\/opencart\/#breadcrumb","itemListElement":[{"@type":"ListItem","position":1,"name":"Home","item":"https:\/\/elfsight.com\/de\/"},{"@type":"ListItem","position":2,"name":"Calculator","item":"https:\/\/elfsight.com\/de\/calculator-form-widget\/"},{"@type":"ListItem","position":3,"name":"calculator &#8211; opencart"}]},{"@type":"WebSite","@id":"https:\/\/elfsight.com\/de\/#website","url":"https:\/\/elfsight.com\/de\/","name":"Elfsight DE","description":"Just another Elfsight Sites site","potentialAction":[{"@type":"SearchAction","target":{"@type":"EntryPoint","urlTemplate":"https:\/\/elfsight.com\/de\/?s={search_term_string}"},"query-input":{"@type":"PropertyValueSpecification","valueRequired":true,"valueName":"search_term_string"}}],"inLanguage":"de"}]}},"meta_box":{"industry":"","seo_heading":"","heading":"","description":"","cta_heading":"","cta_description":"","application":"22559","h1":"OpenCart Calculator-Erweiterung","h1_caption":"Stellen Sie Ihren Besuchern einen benutzerdefinierten Rechner zur Verf\u00fcgung, der m\u00fchelos schnelle L\u00f6sungen f\u00fcr Dinge wie Preise, Rabatte oder ROI-Berechnungen auf Ihrer Opencart-Website bietet.","application_category":[],"applications_title":"","applications_request_title":"","applications_request_button_text":"","hero_text":"","hero_video":"","hero_video_schema_markup":"","selling_points_title":"","selling_points_caption":"","selling_points":[],"selling_points_cta_text":"","features_title":"","features":"","ed_cta_examples_text":"","ed_cta_examples_hidden":"","ed_cta_demo_text":"","ed_cta_demo_hidden":"","why_caption":"","why_editor_title":"","why_editor_text":"","why_team_title":"","why_team_text":"","why_service_title":"","why_service_text":"","template_catalog_visible":"0","template_catalog_title":"","template_catalog_text":"","template_catalog_categories_visible":"","demo_title":"Erstellen Sie Ihre Rechnererweiterung","demo_caption":"Configure your Calculator and add it to your OpenCart website for free!","default_faq_hidden":"","app_template_category":[],"platform":"254","template_public_id":"","codecanyon_url":"","codecanyon_item_id":"","codecanyon_price":"","pricing_caption":"","pricing_elfsight_apps_hide_column":"","pricing_elfsight_apps_url":"","pricing_codecanyon_price_caption":"","integration_category":[],"integration_request_title":"","integration_request_cta":"","integration_platform":"","integrations":[],"platform_category":[],"video_schema_markup":"","price":"ab 0 $ \/ Monat","trial":"","benefits":[{"text":"Kostenloser Installationsservice"},{"text":"Professioneller Kundenservice"},{"text":"14-t\u00e4gige R\u00fcckerstattungsgarantie"},{"text":"Regelm\u00e4\u00dfige kostenlose Verbesserungen"}],"button_url":"#demo","button_target_blank":"","button_nofollow":"","attributes":[{"name":"Installieren","content":"50,000 - 100,000"},{"name":"Reaktionsfreudig","content":"Ja"},{"name":"Kompatible Browser","content":"Firefox, Safari, Opera, Chrome, Edge"}],"tags":[],"tags_disable_links":"","hide_more_platforms":"","video_object":"","demo_hide_cta":"","demo_hide_cloud_options":"","pricing_title":"","pricing":[{"pricing_icon":"platform","pricing_title":"Elfsight Apps","pricing_title_caption":"Plattform\u00fcbergreifende Software, die f\u00fcr jede Website geeignet ist","pricing_price":"ab 0 $ \/ Monat","pricing_price_caption":"Beginnen Sie mit einem kostenlosen Plan","pricing_benefits":[{"text":"Unbegrenzte Websites"},{"text":"Engagierter Kundensupport und gut dokumentiert"},{"text":"Kostenloser Installationssupport"},{"text":"Flexibles Design"}],"pricing_button_text":"Zur Website hinzuf\u00fcgen","pricing_button_url":"#demo"}],"related_apps_title":"","related_apps_hidden":"","author":"","image":[],"title":"","job":"","social_networks":[]},"_links":{"self":[{"href":"https:\/\/elfsight.com\/de\/wp-json\/wp\/v2\/pages\/23164","targetHints":{"allow":["GET"]}}],"collection":[{"href":"https:\/\/elfsight.com\/de\/wp-json\/wp\/v2\/pages"}],"about":[{"href":"https:\/\/elfsight.com\/de\/wp-json\/wp\/v2\/types\/page"}],"author":[{"embeddable":true,"href":"https:\/\/elfsight.com\/de\/wp-json\/wp\/v2\/users\/9"}],"replies":[{"embeddable":true,"href":"https:\/\/elfsight.com\/de\/wp-json\/wp\/v2\/comments?post=23164"}],"version-history":[{"count":1,"href":"https:\/\/elfsight.com\/de\/wp-json\/wp\/v2\/pages\/23164\/revisions"}],"predecessor-version":[{"id":23168,"href":"https:\/\/elfsight.com\/de\/wp-json\/wp\/v2\/pages\/23164\/revisions\/23168"}],"up":[{"embeddable":true,"href":"https:\/\/elfsight.com\/de\/wp-json\/wp\/v2\/pages\/22566"}],"wp:attachment":[{"href":"https:\/\/elfsight.com\/de\/wp-json\/wp\/v2\/media?parent=23164"}],"curies":[{"name":"wp","href":"https:\/\/api.w.org\/{rel}","templated":true}]}}